{"id":2218,"date":"2016-01-15T01:27:08","date_gmt":"2016-01-15T00:27:08","guid":{"rendered":"http:\/\/preview.eurotrail.info\/wp\/de\/over-ons\/"},"modified":"2025-02-10T15:23:44","modified_gmt":"2025-02-10T14:23:44","slug":"uber-uns","status":"publish","type":"page","link":"https:\/\/eurotrail.info\/de\/uber-uns\/","title":{"rendered":"\u00dcber uns"},"content":{"rendered":"<p><strong>Willkommen bei Eurotrail, der Marke f\u00fcr den Camper! <\/strong><\/p>\n<p>Bei Eurotrail geht es uns darum, Camping komfortabel und unbeschwert zu machen. Als f\u00fchrende Marke bieten wir hochwertige Campingprodukte f\u00fcr abenteuerlustige Reisende und Familien.<\/p>\n<p>Unsere umfangreiche Kollektion umfasst Bus- und Wohnmobilzelte, Dachzelte, Familienzelte, Campingm\u00f6bel und praktische Haushaltsgegenst\u00e4nde wie Beleuchtung, Geschirr und Glaswaren. Dar\u00fcber hinaus bietet<br \/>\nEurotrail eine gro\u00dfe Auswahl an Wohnwagen- und Wohnmobilzubeh\u00f6r, darunter Markisen und Markisenzelte.<\/p>\n<p>Mit Eurotrail sind Ihnen Qualit\u00e4t, Bequemlichkeit und Komfort garantiert \u2013 egal, wohin Ihre Reise Sie f\u00fchrt.<\/p>\n<p><em>PS Wir arbeiten st\u00e4ndig daran, die Website so benutzerfreundlich und vollst\u00e4ndig wie m\u00f6glich zu halten, und wenn Sie Kommentare oder Anmerkungen haben, lassen Sie es uns bitte wissen. Tipps zur Seite sind immer willkommen!<\/em><\/p>\n","protected":false},"excerpt":{"rendered":"<p>Willkommen bei Eurotrail, der Marke f\u00fcr den Camper! Bei Eurotrail geht es uns darum, Camping komfortabel und unbeschwert zu machen. Als f\u00fchrende Marke bieten wir&hellip;<\/p>\n","protected":false},"author":6,"featured_media":0,"parent":0,"menu_order":0,"comment_status":"closed","ping_status":"closed","template":"","meta":{"_acf_changed":false,"footnotes":""},"class_list":["post-2218","page","type-page","status-publish","hentry"],"acf":[],"yoast_head":"<!-- This site is optimized with the Yoast SEO plugin v27.3 - https:\/\/yoast.com\/product\/yoast-seo-wordpress\/ -->\n<title>\u00dcber uns - Eurotrail<\/title>\n<meta name=\"robots\" content=\"index, follow, max-snippet:-1, max-image-preview:large, max-video-preview:-1\" \/>\n<link rel=\"canonical\" href=\"https:\/\/eurotrail.info\/de\/uber-uns\/\" \/>\n<meta property=\"og:locale\" content=\"de_DE\" \/>\n<meta property=\"og:type\" content=\"article\" \/>\n<meta property=\"og:title\" content=\"\u00dcber uns - Eurotrail\" \/>\n<meta property=\"og:description\" content=\"Willkommen bei Eurotrail, der Marke f\u00fcr den Camper! Bei Eurotrail geht es uns darum, Camping komfortabel und unbeschwert zu machen. Als f\u00fchrende Marke bieten wir&hellip;\" \/>\n<meta property=\"og:url\" content=\"https:\/\/eurotrail.info\/de\/uber-uns\/\" \/>\n<meta property=\"og:site_name\" content=\"Eurotrail\" \/>\n<meta property=\"article:modified_time\" content=\"2025-02-10T14:23:44+00:00\" \/>\n<meta name=\"twitter:card\" content=\"summary_large_image\" \/>\n<meta name=\"twitter:label1\" content=\"Gesch\u00e4tzte Lesezeit\" \/>\n\t<meta name=\"twitter:data1\" content=\"1\u00a0Minute\" \/>\n<script type=\"application\/ld+json\" class=\"yoast-schema-graph\">{\"@context\":\"https:\\\/\\\/schema.org\",\"@graph\":[{\"@type\":\"WebPage\",\"@id\":\"https:\\\/\\\/eurotrail.info\\\/de\\\/uber-uns\\\/\",\"url\":\"https:\\\/\\\/eurotrail.info\\\/de\\\/uber-uns\\\/\",\"name\":\"\u00dcber uns - Eurotrail\",\"isPartOf\":{\"@id\":\"https:\\\/\\\/eurotrail.info\\\/#website\"},\"datePublished\":\"2016-01-15T00:27:08+00:00\",\"dateModified\":\"2025-02-10T14:23:44+00:00\",\"breadcrumb\":{\"@id\":\"https:\\\/\\\/eurotrail.info\\\/de\\\/uber-uns\\\/#breadcrumb\"},\"inLanguage\":\"de\",\"potentialAction\":[{\"@type\":\"ReadAction\",\"target\":[\"https:\\\/\\\/eurotrail.info\\\/de\\\/uber-uns\\\/\"]}]},{\"@type\":\"BreadcrumbList\",\"@id\":\"https:\\\/\\\/eurotrail.info\\\/de\\\/uber-uns\\\/#breadcrumb\",\"itemListElement\":[{\"@type\":\"ListItem\",\"position\":1,\"name\":\"Home\",\"item\":\"https:\\\/\\\/eurotrail.info\\\/de\\\/\"},{\"@type\":\"ListItem\",\"position\":2,\"name\":\"\u00dcber uns\"}]},{\"@type\":\"WebSite\",\"@id\":\"https:\\\/\\\/eurotrail.info\\\/#website\",\"url\":\"https:\\\/\\\/eurotrail.info\\\/\",\"name\":\"Eurotrail\",\"description\":\"\",\"publisher\":{\"@id\":\"https:\\\/\\\/eurotrail.info\\\/#organization\"},\"potentialAction\":[{\"@type\":\"SearchAction\",\"target\":{\"@type\":\"EntryPoint\",\"urlTemplate\":\"https:\\\/\\\/eurotrail.info\\\/?s={search_term_string}\"},\"query-input\":{\"@type\":\"PropertyValueSpecification\",\"valueRequired\":true,\"valueName\":\"search_term_string\"}}],\"inLanguage\":\"de\"},{\"@type\":\"Organization\",\"@id\":\"https:\\\/\\\/eurotrail.info\\\/#organization\",\"name\":\"Eurotrail\",\"url\":\"https:\\\/\\\/eurotrail.info\\\/\",\"logo\":{\"@type\":\"ImageObject\",\"inLanguage\":\"de\",\"@id\":\"https:\\\/\\\/eurotrail.info\\\/#\\\/schema\\\/logo\\\/image\\\/\",\"url\":\"https:\\\/\\\/eurotrail.info\\\/wp\\\/wp-content\\\/uploads\\\/2023\\\/07\\\/ET-logo-quote_NL-scaled.jpg\",\"contentUrl\":\"https:\\\/\\\/eurotrail.info\\\/wp\\\/wp-content\\\/uploads\\\/2023\\\/07\\\/ET-logo-quote_NL-scaled.jpg\",\"width\":2560,\"height\":675,\"caption\":\"Eurotrail\"},\"image\":{\"@id\":\"https:\\\/\\\/eurotrail.info\\\/#\\\/schema\\\/logo\\\/image\\\/\"}}]}<\/script>\n<!-- \/ Yoast SEO plugin. -->","yoast_head_json":{"title":"\u00dcber uns - Eurotrail","robots":{"index":"index","follow":"follow","max-snippet":"max-snippet:-1","max-image-preview":"max-image-preview:large","max-video-preview":"max-video-preview:-1"},"canonical":"https:\/\/eurotrail.info\/de\/uber-uns\/","og_locale":"de_DE","og_type":"article","og_title":"\u00dcber uns - Eurotrail","og_description":"Willkommen bei Eurotrail, der Marke f\u00fcr den Camper! Bei Eurotrail geht es uns darum, Camping komfortabel und unbeschwert zu machen. Als f\u00fchrende Marke bieten wir&hellip;","og_url":"https:\/\/eurotrail.info\/de\/uber-uns\/","og_site_name":"Eurotrail","article_modified_time":"2025-02-10T14:23:44+00:00","twitter_card":"summary_large_image","twitter_misc":{"Gesch\u00e4tzte Lesezeit":"1\u00a0Minute"},"schema":{"@context":"https:\/\/schema.org","@graph":[{"@type":"WebPage","@id":"https:\/\/eurotrail.info\/de\/uber-uns\/","url":"https:\/\/eurotrail.info\/de\/uber-uns\/","name":"\u00dcber uns - Eurotrail","isPartOf":{"@id":"https:\/\/eurotrail.info\/#website"},"datePublished":"2016-01-15T00:27:08+00:00","dateModified":"2025-02-10T14:23:44+00:00","breadcrumb":{"@id":"https:\/\/eurotrail.info\/de\/uber-uns\/#breadcrumb"},"inLanguage":"de","potentialAction":[{"@type":"ReadAction","target":["https:\/\/eurotrail.info\/de\/uber-uns\/"]}]},{"@type":"BreadcrumbList","@id":"https:\/\/eurotrail.info\/de\/uber-uns\/#breadcrumb","itemListElement":[{"@type":"ListItem","position":1,"name":"Home","item":"https:\/\/eurotrail.info\/de\/"},{"@type":"ListItem","position":2,"name":"\u00dcber uns"}]},{"@type":"WebSite","@id":"https:\/\/eurotrail.info\/#website","url":"https:\/\/eurotrail.info\/","name":"Eurotrail","description":"","publisher":{"@id":"https:\/\/eurotrail.info\/#organization"},"potentialAction":[{"@type":"SearchAction","target":{"@type":"EntryPoint","urlTemplate":"https:\/\/eurotrail.info\/?s={search_term_string}"},"query-input":{"@type":"PropertyValueSpecification","valueRequired":true,"valueName":"search_term_string"}}],"inLanguage":"de"},{"@type":"Organization","@id":"https:\/\/eurotrail.info\/#organization","name":"Eurotrail","url":"https:\/\/eurotrail.info\/","logo":{"@type":"ImageObject","inLanguage":"de","@id":"https:\/\/eurotrail.info\/#\/schema\/logo\/image\/","url":"https:\/\/eurotrail.info\/wp\/wp-content\/uploads\/2023\/07\/ET-logo-quote_NL-scaled.jpg","contentUrl":"https:\/\/eurotrail.info\/wp\/wp-content\/uploads\/2023\/07\/ET-logo-quote_NL-scaled.jpg","width":2560,"height":675,"caption":"Eurotrail"},"image":{"@id":"https:\/\/eurotrail.info\/#\/schema\/logo\/image\/"}}]}},"_links":{"self":[{"href":"https:\/\/eurotrail.info\/de\/wp-json\/wp\/v2\/pages\/2218","targetHints":{"allow":["GET"]}}],"collection":[{"href":"https:\/\/eurotrail.info\/de\/wp-json\/wp\/v2\/pages"}],"about":[{"href":"https:\/\/eurotrail.info\/de\/wp-json\/wp\/v2\/types\/page"}],"author":[{"embeddable":true,"href":"https:\/\/eurotrail.info\/de\/wp-json\/wp\/v2\/users\/6"}],"replies":[{"embeddable":true,"href":"https:\/\/eurotrail.info\/de\/wp-json\/wp\/v2\/comments?post=2218"}],"version-history":[{"count":24,"href":"https:\/\/eurotrail.info\/de\/wp-json\/wp\/v2\/pages\/2218\/revisions"}],"predecessor-version":[{"id":23087,"href":"https:\/\/eurotrail.info\/de\/wp-json\/wp\/v2\/pages\/2218\/revisions\/23087"}],"wp:attachment":[{"href":"https:\/\/eurotrail.info\/de\/wp-json\/wp\/v2\/media?parent=2218"}],"curies":[{"name":"wp","href":"https:\/\/api.w.org\/{rel}","templated":true}]}}