{"id":10839,"date":"2020-11-20T10:01:08","date_gmt":"2020-11-20T09:01:08","guid":{"rendered":"https:\/\/eurotrail.info\/producten\/eagle-rock-poly\/"},"modified":"2022-08-17T15:37:04","modified_gmt":"2022-08-17T14:37:04","slug":"eagle-rock-poly","status":"publish","type":"product","link":"https:\/\/eurotrail.info\/de\/producten\/zelte\/zelte-de\/eagle-rock-poly\/","title":{"rendered":"Eagle Rock Poly"},"content":{"rendered":"<p><span lang=\"DE\">Das Eagle Rock Poly ist ein neues 3-Personen-Zelt. Die W\u00e4nde sind aus einem Polyestertuch und Dach aus robustem 210D-Rip-Stop-Polyester. Dieses Material hat eine Hochwassers\u00e4ule von&gt; 5000 mm und einen erh\u00f6hten UV-Schutz. Es ist widerstandsf\u00e4higer gegen starken Regen und Sonnenstrahlen als gew\u00f6hnliches 185T-Polyestergewebe. Das Zelt l\u00e4sst sich schnell und einfach mit stabilen Aluminiumbogenstangen aufbauen. Das Innenzelt bietet Platz f\u00fcr 3 Personen und ist mit praktischen Ablagef\u00e4chern ausgestattet. Der Wohnraum befindet sich in Stehh\u00f6he und hat ringsum gro\u00dfe abschlie\u00dfbare Fenster. Neben dem Haupteingang befindet sich auch eine Seitent\u00fcr mit einer zus\u00e4tzlichen Moskitonetzt\u00fcr. <\/span>Das feste Boden h\u00e4lt Wasser und Ungeziefer fern.<\/p>\n<p><span lang=\"FR\">Dach: 210D Ripstop Polyester Pu Beschichtung&gt; 5000 mm<br \/>\nW\u00e4nde: 185T Polyester, pu beschichtet&gt; 3000mm<br \/>\nInnenzelt: 100% Polyester mit Polyesterboden<br \/>\nBodenplatte: Polyester \/ Oxford&gt; 5000 mm<br \/>\nStangen: Aluminium \u00d8 13mm<br \/>\nGewicht: 11,5 kg.<br \/>\nAbmessungen verpackt: 70x20x20cm<\/span><\/p>\n","protected":false},"excerpt":{"rendered":"<p>Das Eagle Rock Poly ist ein neues 3-Personen-Zelt. Die W\u00e4nde sind aus einem Polyestertuch und Dach aus robustem 210D-Rip-Stop-Polyester. Dieses Material hat eine Hochwassers\u00e4ule von&gt;&hellip;<\/p>\n","protected":false},"featured_media":10826,"comment_status":"open","ping_status":"closed","template":"","meta":{"_acf_changed":false},"product_brand":[],"product_cat":[101,98],"product_tag":[],"class_list":{"0":"post-10839","1":"product","2":"type-product","3":"status-publish","4":"has-post-thumbnail","6":"product_cat-zelte-de","7":"product_cat-zelte","9":"first","10":"instock","11":"shipping-taxable","12":"product-type-simple"},"acf":[],"yoast_head":"<!-- This site is optimized with the Yoast SEO plugin v27.4 - https:\/\/yoast.com\/product\/yoast-seo-wordpress\/ -->\n<title>Eagle Rock Poly - Eurotrail<\/title>\n<meta name=\"robots\" content=\"index, follow, max-snippet:-1, max-image-preview:large, max-video-preview:-1\" \/>\n<link rel=\"canonical\" href=\"https:\/\/eurotrail.info\/de\/producten\/zelte\/zelte-de\/eagle-rock-poly\/\" \/>\n<meta property=\"og:locale\" content=\"de_DE\" \/>\n<meta property=\"og:type\" content=\"article\" \/>\n<meta property=\"og:title\" content=\"Eagle Rock Poly - Eurotrail\" \/>\n<meta property=\"og:description\" content=\"Das Eagle Rock Poly ist ein neues 3-Personen-Zelt. Die W\u00e4nde sind aus einem Polyestertuch und Dach aus robustem 210D-Rip-Stop-Polyester. Dieses Material hat eine Hochwassers\u00e4ule von&gt;&hellip;\" \/>\n<meta property=\"og:url\" content=\"https:\/\/eurotrail.info\/de\/producten\/zelte\/zelte-de\/eagle-rock-poly\/\" \/>\n<meta property=\"og:site_name\" content=\"Eurotrail\" \/>\n<meta property=\"article:modified_time\" content=\"2022-08-17T14:37:04+00:00\" \/>\n<meta property=\"og:image\" content=\"https:\/\/eurotrail.info\/wp\/wp-content\/uploads\/2020\/11\/ETTE1102-Eagle-Rock-Poly-21-1280x830.jpg\" \/>\n\t<meta property=\"og:image:width\" content=\"1280\" \/>\n\t<meta property=\"og:image:height\" content=\"830\" \/>\n\t<meta property=\"og:image:type\" content=\"image\/jpeg\" \/>\n<meta name=\"twitter:card\" content=\"summary_large_image\" \/>\n<meta name=\"twitter:label1\" content=\"Gesch\u00e4tzte Lesezeit\" \/>\n\t<meta name=\"twitter:data1\" content=\"1\u00a0Minute\" \/>\n<script type=\"application\/ld+json\" class=\"yoast-schema-graph\">{\"@context\":\"https:\\\/\\\/schema.org\",\"@graph\":[{\"@type\":\"WebPage\",\"@id\":\"https:\\\/\\\/eurotrail.info\\\/de\\\/producten\\\/zelte\\\/zelte-de\\\/eagle-rock-poly\\\/\",\"url\":\"https:\\\/\\\/eurotrail.info\\\/de\\\/producten\\\/zelte\\\/zelte-de\\\/eagle-rock-poly\\\/\",\"name\":\"Eagle Rock Poly - Eurotrail\",\"isPartOf\":{\"@id\":\"https:\\\/\\\/eurotrail.info\\\/#website\"},\"primaryImageOfPage\":{\"@id\":\"https:\\\/\\\/eurotrail.info\\\/de\\\/producten\\\/zelte\\\/zelte-de\\\/eagle-rock-poly\\\/#primaryimage\"},\"image\":{\"@id\":\"https:\\\/\\\/eurotrail.info\\\/de\\\/producten\\\/zelte\\\/zelte-de\\\/eagle-rock-poly\\\/#primaryimage\"},\"thumbnailUrl\":\"https:\\\/\\\/eurotrail.info\\\/wp\\\/wp-content\\\/uploads\\\/2020\\\/11\\\/ETTE1102-Eagle-Rock-Poly-21.jpg\",\"datePublished\":\"2020-11-20T09:01:08+00:00\",\"dateModified\":\"2022-08-17T14:37:04+00:00\",\"breadcrumb\":{\"@id\":\"https:\\\/\\\/eurotrail.info\\\/de\\\/producten\\\/zelte\\\/zelte-de\\\/eagle-rock-poly\\\/#breadcrumb\"},\"inLanguage\":\"de\",\"potentialAction\":[{\"@type\":\"ReadAction\",\"target\":[\"https:\\\/\\\/eurotrail.info\\\/de\\\/producten\\\/zelte\\\/zelte-de\\\/eagle-rock-poly\\\/\"]}]},{\"@type\":\"ImageObject\",\"inLanguage\":\"de\",\"@id\":\"https:\\\/\\\/eurotrail.info\\\/de\\\/producten\\\/zelte\\\/zelte-de\\\/eagle-rock-poly\\\/#primaryimage\",\"url\":\"https:\\\/\\\/eurotrail.info\\\/wp\\\/wp-content\\\/uploads\\\/2020\\\/11\\\/ETTE1102-Eagle-Rock-Poly-21.jpg\",\"contentUrl\":\"https:\\\/\\\/eurotrail.info\\\/wp\\\/wp-content\\\/uploads\\\/2020\\\/11\\\/ETTE1102-Eagle-Rock-Poly-21.jpg\",\"width\":1772,\"height\":1149,\"caption\":\"Eurotrail Eagle Rock Poly\"},{\"@type\":\"BreadcrumbList\",\"@id\":\"https:\\\/\\\/eurotrail.info\\\/de\\\/producten\\\/zelte\\\/zelte-de\\\/eagle-rock-poly\\\/#breadcrumb\",\"itemListElement\":[{\"@type\":\"ListItem\",\"position\":1,\"name\":\"Home\",\"item\":\"https:\\\/\\\/eurotrail.info\\\/de\\\/\"},{\"@type\":\"ListItem\",\"position\":2,\"name\":\"Produkte\",\"item\":\"https:\\\/\\\/eurotrail.info\\\/de\\\/produkte\\\/\"},{\"@type\":\"ListItem\",\"position\":3,\"name\":\"Eagle Rock Poly\"}]},{\"@type\":\"WebSite\",\"@id\":\"https:\\\/\\\/eurotrail.info\\\/#website\",\"url\":\"https:\\\/\\\/eurotrail.info\\\/\",\"name\":\"Eurotrail\",\"description\":\"\",\"publisher\":{\"@id\":\"https:\\\/\\\/eurotrail.info\\\/#organization\"},\"potentialAction\":[{\"@type\":\"SearchAction\",\"target\":{\"@type\":\"EntryPoint\",\"urlTemplate\":\"https:\\\/\\\/eurotrail.info\\\/?s={search_term_string}\"},\"query-input\":{\"@type\":\"PropertyValueSpecification\",\"valueRequired\":true,\"valueName\":\"search_term_string\"}}],\"inLanguage\":\"de\"},{\"@type\":\"Organization\",\"@id\":\"https:\\\/\\\/eurotrail.info\\\/#organization\",\"name\":\"Eurotrail\",\"url\":\"https:\\\/\\\/eurotrail.info\\\/\",\"logo\":{\"@type\":\"ImageObject\",\"inLanguage\":\"de\",\"@id\":\"https:\\\/\\\/eurotrail.info\\\/#\\\/schema\\\/logo\\\/image\\\/\",\"url\":\"https:\\\/\\\/eurotrail.info\\\/wp\\\/wp-content\\\/uploads\\\/2023\\\/07\\\/ET-logo-quote_NL-scaled.jpg\",\"contentUrl\":\"https:\\\/\\\/eurotrail.info\\\/wp\\\/wp-content\\\/uploads\\\/2023\\\/07\\\/ET-logo-quote_NL-scaled.jpg\",\"width\":2560,\"height\":675,\"caption\":\"Eurotrail\"},\"image\":{\"@id\":\"https:\\\/\\\/eurotrail.info\\\/#\\\/schema\\\/logo\\\/image\\\/\"}}]}<\/script>\n<!-- \/ Yoast SEO plugin. -->","yoast_head_json":{"title":"Eagle Rock Poly - Eurotrail","robots":{"index":"index","follow":"follow","max-snippet":"max-snippet:-1","max-image-preview":"max-image-preview:large","max-video-preview":"max-video-preview:-1"},"canonical":"https:\/\/eurotrail.info\/de\/producten\/zelte\/zelte-de\/eagle-rock-poly\/","og_locale":"de_DE","og_type":"article","og_title":"Eagle Rock Poly - Eurotrail","og_description":"Das Eagle Rock Poly ist ein neues 3-Personen-Zelt. Die W\u00e4nde sind aus einem Polyestertuch und Dach aus robustem 210D-Rip-Stop-Polyester. Dieses Material hat eine Hochwassers\u00e4ule von&gt;&hellip;","og_url":"https:\/\/eurotrail.info\/de\/producten\/zelte\/zelte-de\/eagle-rock-poly\/","og_site_name":"Eurotrail","article_modified_time":"2022-08-17T14:37:04+00:00","og_image":[{"width":1280,"height":830,"url":"https:\/\/eurotrail.info\/wp\/wp-content\/uploads\/2020\/11\/ETTE1102-Eagle-Rock-Poly-21-1280x830.jpg","type":"image\/jpeg"}],"twitter_card":"summary_large_image","twitter_misc":{"Gesch\u00e4tzte Lesezeit":"1\u00a0Minute"},"schema":{"@context":"https:\/\/schema.org","@graph":[{"@type":"WebPage","@id":"https:\/\/eurotrail.info\/de\/producten\/zelte\/zelte-de\/eagle-rock-poly\/","url":"https:\/\/eurotrail.info\/de\/producten\/zelte\/zelte-de\/eagle-rock-poly\/","name":"Eagle Rock Poly - Eurotrail","isPartOf":{"@id":"https:\/\/eurotrail.info\/#website"},"primaryImageOfPage":{"@id":"https:\/\/eurotrail.info\/de\/producten\/zelte\/zelte-de\/eagle-rock-poly\/#primaryimage"},"image":{"@id":"https:\/\/eurotrail.info\/de\/producten\/zelte\/zelte-de\/eagle-rock-poly\/#primaryimage"},"thumbnailUrl":"https:\/\/eurotrail.info\/wp\/wp-content\/uploads\/2020\/11\/ETTE1102-Eagle-Rock-Poly-21.jpg","datePublished":"2020-11-20T09:01:08+00:00","dateModified":"2022-08-17T14:37:04+00:00","breadcrumb":{"@id":"https:\/\/eurotrail.info\/de\/producten\/zelte\/zelte-de\/eagle-rock-poly\/#breadcrumb"},"inLanguage":"de","potentialAction":[{"@type":"ReadAction","target":["https:\/\/eurotrail.info\/de\/producten\/zelte\/zelte-de\/eagle-rock-poly\/"]}]},{"@type":"ImageObject","inLanguage":"de","@id":"https:\/\/eurotrail.info\/de\/producten\/zelte\/zelte-de\/eagle-rock-poly\/#primaryimage","url":"https:\/\/eurotrail.info\/wp\/wp-content\/uploads\/2020\/11\/ETTE1102-Eagle-Rock-Poly-21.jpg","contentUrl":"https:\/\/eurotrail.info\/wp\/wp-content\/uploads\/2020\/11\/ETTE1102-Eagle-Rock-Poly-21.jpg","width":1772,"height":1149,"caption":"Eurotrail Eagle Rock Poly"},{"@type":"BreadcrumbList","@id":"https:\/\/eurotrail.info\/de\/producten\/zelte\/zelte-de\/eagle-rock-poly\/#breadcrumb","itemListElement":[{"@type":"ListItem","position":1,"name":"Home","item":"https:\/\/eurotrail.info\/de\/"},{"@type":"ListItem","position":2,"name":"Produkte","item":"https:\/\/eurotrail.info\/de\/produkte\/"},{"@type":"ListItem","position":3,"name":"Eagle Rock Poly"}]},{"@type":"WebSite","@id":"https:\/\/eurotrail.info\/#website","url":"https:\/\/eurotrail.info\/","name":"Eurotrail","description":"","publisher":{"@id":"https:\/\/eurotrail.info\/#organization"},"potentialAction":[{"@type":"SearchAction","target":{"@type":"EntryPoint","urlTemplate":"https:\/\/eurotrail.info\/?s={search_term_string}"},"query-input":{"@type":"PropertyValueSpecification","valueRequired":true,"valueName":"search_term_string"}}],"inLanguage":"de"},{"@type":"Organization","@id":"https:\/\/eurotrail.info\/#organization","name":"Eurotrail","url":"https:\/\/eurotrail.info\/","logo":{"@type":"ImageObject","inLanguage":"de","@id":"https:\/\/eurotrail.info\/#\/schema\/logo\/image\/","url":"https:\/\/eurotrail.info\/wp\/wp-content\/uploads\/2023\/07\/ET-logo-quote_NL-scaled.jpg","contentUrl":"https:\/\/eurotrail.info\/wp\/wp-content\/uploads\/2023\/07\/ET-logo-quote_NL-scaled.jpg","width":2560,"height":675,"caption":"Eurotrail"},"image":{"@id":"https:\/\/eurotrail.info\/#\/schema\/logo\/image\/"}}]}},"_links":{"self":[{"href":"https:\/\/eurotrail.info\/de\/wp-json\/wp\/v2\/product\/10839","targetHints":{"allow":["GET"]}}],"collection":[{"href":"https:\/\/eurotrail.info\/de\/wp-json\/wp\/v2\/product"}],"about":[{"href":"https:\/\/eurotrail.info\/de\/wp-json\/wp\/v2\/types\/product"}],"replies":[{"embeddable":true,"href":"https:\/\/eurotrail.info\/de\/wp-json\/wp\/v2\/comments?post=10839"}],"wp:featuredmedia":[{"embeddable":true,"href":"https:\/\/eurotrail.info\/de\/wp-json\/wp\/v2\/media\/10826"}],"wp:attachment":[{"href":"https:\/\/eurotrail.info\/de\/wp-json\/wp\/v2\/media?parent=10839"}],"wp:term":[{"taxonomy":"product_brand","embeddable":true,"href":"https:\/\/eurotrail.info\/de\/wp-json\/wp\/v2\/product_brand?post=10839"},{"taxonomy":"product_cat","embeddable":true,"href":"https:\/\/eurotrail.info\/de\/wp-json\/wp\/v2\/product_cat?post=10839"},{"taxonomy":"product_tag","embeddable":true,"href":"https:\/\/eurotrail.info\/de\/wp-json\/wp\/v2\/product_tag?post=10839"}],"curies":[{"name":"wp","href":"https:\/\/api.w.org\/{rel}","templated":true}]}}