{"id":10871,"date":"2020-11-20T10:15:44","date_gmt":"2020-11-20T09:15:44","guid":{"rendered":"https:\/\/eurotrail.info\/producten\/alabama-poly\/"},"modified":"2022-08-17T15:44:29","modified_gmt":"2022-08-17T14:44:29","slug":"alabama-poly","status":"publish","type":"product","link":"https:\/\/eurotrail.info\/de\/producten\/zelte\/zelte-de\/alabama-poly\/","title":{"rendered":"Alabama Poly"},"content":{"rendered":"<p><span lang=\"DE\">Das Alabama ist eines der beliebtesten Modelle in der Kollektion und ist jetzt auch erh\u00e4ltlich in Polyester. Die W\u00e4nde bestehen aus einem Polyestertuch und das Dach aus einem stabilen 210D-Rip-Stop-Polyester. Dieses Material hat eine Hochwassers\u00e4ule von &gt; 5000 mm und einen erh\u00f6hten UV-Schutz. Es ist widerstandsf\u00e4higer gegen starken Regen und UV-Strahlen als gew\u00f6hnliches Zeltgewebe aus 185T Polyester. Geeignet f\u00fcr 4 bis 5 Personen, Wohnraum mit gro\u00dfen durchsichtigen abschlie\u00dfbaren Fenstern. Seitent\u00fcr mit Regenschutz und Netzt\u00fcr. Die Vorderwand mit T\u00fcr und hat gro\u00dfe klare Fenster. Feste Markise repariert. Das Zelt hat eine vollst\u00e4ndig eingen\u00e4hte Bodenplatte. Innenzelt mit Trennwand und praktischem Organizer an der Vorderwand und Netztaschen an der Innenseite.<\/span><\/p>\n<p>Dach: 210D Ripstop Polyester Pu Beschichtung\u00a0\u00a0&gt; 5000 mm<br \/>\nW\u00e4nde: 185T Polyester, pu beschichtet\u00a0\u00a0&gt; 3000mm<br \/>\nBoden: 100% Polyester \/ Oxford\u00a0\u00a0&gt; 5000 mm<br \/>\nGest\u00e4nge: Aluminium \u00d8 13mm<br \/>\nGewicht: 14,5\u00a0kg.<br \/>\nPackma\u00df:\u00a080x25x25cm<\/p>\n","protected":false},"excerpt":{"rendered":"<p>Das Alabama ist eines der beliebtesten Modelle in der Kollektion und ist jetzt auch erh\u00e4ltlich in Polyester. Die W\u00e4nde bestehen aus einem Polyestertuch und das&hellip;<\/p>\n","protected":false},"featured_media":10866,"comment_status":"open","ping_status":"closed","template":"","meta":{"_acf_changed":false},"product_brand":[],"product_cat":[101,98],"product_tag":[],"class_list":{"0":"post-10871","1":"product","2":"type-product","3":"status-publish","4":"has-post-thumbnail","6":"product_cat-zelte-de","7":"product_cat-zelte","9":"first","10":"instock","11":"shipping-taxable","12":"product-type-simple"},"acf":[],"yoast_head":"<!-- This site is optimized with the Yoast SEO plugin v27.4 - https:\/\/yoast.com\/product\/yoast-seo-wordpress\/ -->\n<title>Alabama Poly - Eurotrail<\/title>\n<meta name=\"robots\" content=\"index, follow, max-snippet:-1, max-image-preview:large, max-video-preview:-1\" \/>\n<link rel=\"canonical\" href=\"https:\/\/eurotrail.info\/de\/producten\/zelte\/zelte-de\/alabama-poly\/\" \/>\n<meta property=\"og:locale\" content=\"de_DE\" \/>\n<meta property=\"og:type\" content=\"article\" \/>\n<meta property=\"og:title\" content=\"Alabama Poly - Eurotrail\" \/>\n<meta property=\"og:description\" content=\"Das Alabama ist eines der beliebtesten Modelle in der Kollektion und ist jetzt auch erh\u00e4ltlich in Polyester. Die W\u00e4nde bestehen aus einem Polyestertuch und das&hellip;\" \/>\n<meta property=\"og:url\" content=\"https:\/\/eurotrail.info\/de\/producten\/zelte\/zelte-de\/alabama-poly\/\" \/>\n<meta property=\"og:site_name\" content=\"Eurotrail\" \/>\n<meta property=\"article:modified_time\" content=\"2022-08-17T14:44:29+00:00\" \/>\n<meta property=\"og:image\" content=\"https:\/\/eurotrail.info\/wp\/wp-content\/uploads\/2020\/11\/ETTE0890-Alabama-Poly-Open-vrijst.-21.jpg\" \/>\n\t<meta property=\"og:image:width\" content=\"1772\" \/>\n\t<meta property=\"og:image:height\" content=\"981\" \/>\n\t<meta property=\"og:image:type\" content=\"image\/jpeg\" \/>\n<meta name=\"twitter:card\" content=\"summary_large_image\" \/>\n<meta name=\"twitter:label1\" content=\"Gesch\u00e4tzte Lesezeit\" \/>\n\t<meta name=\"twitter:data1\" content=\"1\u00a0Minute\" \/>\n<script type=\"application\/ld+json\" class=\"yoast-schema-graph\">{\"@context\":\"https:\\\/\\\/schema.org\",\"@graph\":[{\"@type\":\"WebPage\",\"@id\":\"https:\\\/\\\/eurotrail.info\\\/de\\\/producten\\\/zelte\\\/zelte-de\\\/alabama-poly\\\/\",\"url\":\"https:\\\/\\\/eurotrail.info\\\/de\\\/producten\\\/zelte\\\/zelte-de\\\/alabama-poly\\\/\",\"name\":\"Alabama Poly - Eurotrail\",\"isPartOf\":{\"@id\":\"https:\\\/\\\/eurotrail.info\\\/#website\"},\"primaryImageOfPage\":{\"@id\":\"https:\\\/\\\/eurotrail.info\\\/de\\\/producten\\\/zelte\\\/zelte-de\\\/alabama-poly\\\/#primaryimage\"},\"image\":{\"@id\":\"https:\\\/\\\/eurotrail.info\\\/de\\\/producten\\\/zelte\\\/zelte-de\\\/alabama-poly\\\/#primaryimage\"},\"thumbnailUrl\":\"https:\\\/\\\/eurotrail.info\\\/wp\\\/wp-content\\\/uploads\\\/2020\\\/11\\\/ETTE0890-Alabama-Poly-Open-vrijst.-21.jpg\",\"datePublished\":\"2020-11-20T09:15:44+00:00\",\"dateModified\":\"2022-08-17T14:44:29+00:00\",\"breadcrumb\":{\"@id\":\"https:\\\/\\\/eurotrail.info\\\/de\\\/producten\\\/zelte\\\/zelte-de\\\/alabama-poly\\\/#breadcrumb\"},\"inLanguage\":\"de\",\"potentialAction\":[{\"@type\":\"ReadAction\",\"target\":[\"https:\\\/\\\/eurotrail.info\\\/de\\\/producten\\\/zelte\\\/zelte-de\\\/alabama-poly\\\/\"]}]},{\"@type\":\"ImageObject\",\"inLanguage\":\"de\",\"@id\":\"https:\\\/\\\/eurotrail.info\\\/de\\\/producten\\\/zelte\\\/zelte-de\\\/alabama-poly\\\/#primaryimage\",\"url\":\"https:\\\/\\\/eurotrail.info\\\/wp\\\/wp-content\\\/uploads\\\/2020\\\/11\\\/ETTE0890-Alabama-Poly-Open-vrijst.-21.jpg\",\"contentUrl\":\"https:\\\/\\\/eurotrail.info\\\/wp\\\/wp-content\\\/uploads\\\/2020\\\/11\\\/ETTE0890-Alabama-Poly-Open-vrijst.-21.jpg\",\"width\":1772,\"height\":981,\"caption\":\"Eurotrail Alabama Poly\"},{\"@type\":\"BreadcrumbList\",\"@id\":\"https:\\\/\\\/eurotrail.info\\\/de\\\/producten\\\/zelte\\\/zelte-de\\\/alabama-poly\\\/#breadcrumb\",\"itemListElement\":[{\"@type\":\"ListItem\",\"position\":1,\"name\":\"Home\",\"item\":\"https:\\\/\\\/eurotrail.info\\\/de\\\/\"},{\"@type\":\"ListItem\",\"position\":2,\"name\":\"Produkte\",\"item\":\"https:\\\/\\\/eurotrail.info\\\/de\\\/produkte\\\/\"},{\"@type\":\"ListItem\",\"position\":3,\"name\":\"Alabama Poly\"}]},{\"@type\":\"WebSite\",\"@id\":\"https:\\\/\\\/eurotrail.info\\\/#website\",\"url\":\"https:\\\/\\\/eurotrail.info\\\/\",\"name\":\"Eurotrail\",\"description\":\"\",\"publisher\":{\"@id\":\"https:\\\/\\\/eurotrail.info\\\/#organization\"},\"potentialAction\":[{\"@type\":\"SearchAction\",\"target\":{\"@type\":\"EntryPoint\",\"urlTemplate\":\"https:\\\/\\\/eurotrail.info\\\/?s={search_term_string}\"},\"query-input\":{\"@type\":\"PropertyValueSpecification\",\"valueRequired\":true,\"valueName\":\"search_term_string\"}}],\"inLanguage\":\"de\"},{\"@type\":\"Organization\",\"@id\":\"https:\\\/\\\/eurotrail.info\\\/#organization\",\"name\":\"Eurotrail\",\"url\":\"https:\\\/\\\/eurotrail.info\\\/\",\"logo\":{\"@type\":\"ImageObject\",\"inLanguage\":\"de\",\"@id\":\"https:\\\/\\\/eurotrail.info\\\/#\\\/schema\\\/logo\\\/image\\\/\",\"url\":\"https:\\\/\\\/eurotrail.info\\\/wp\\\/wp-content\\\/uploads\\\/2023\\\/07\\\/ET-logo-quote_NL-scaled.jpg\",\"contentUrl\":\"https:\\\/\\\/eurotrail.info\\\/wp\\\/wp-content\\\/uploads\\\/2023\\\/07\\\/ET-logo-quote_NL-scaled.jpg\",\"width\":2560,\"height\":675,\"caption\":\"Eurotrail\"},\"image\":{\"@id\":\"https:\\\/\\\/eurotrail.info\\\/#\\\/schema\\\/logo\\\/image\\\/\"}}]}<\/script>\n<!-- \/ Yoast SEO plugin. -->","yoast_head_json":{"title":"Alabama Poly - Eurotrail","robots":{"index":"index","follow":"follow","max-snippet":"max-snippet:-1","max-image-preview":"max-image-preview:large","max-video-preview":"max-video-preview:-1"},"canonical":"https:\/\/eurotrail.info\/de\/producten\/zelte\/zelte-de\/alabama-poly\/","og_locale":"de_DE","og_type":"article","og_title":"Alabama Poly - Eurotrail","og_description":"Das Alabama ist eines der beliebtesten Modelle in der Kollektion und ist jetzt auch erh\u00e4ltlich in Polyester. Die W\u00e4nde bestehen aus einem Polyestertuch und das&hellip;","og_url":"https:\/\/eurotrail.info\/de\/producten\/zelte\/zelte-de\/alabama-poly\/","og_site_name":"Eurotrail","article_modified_time":"2022-08-17T14:44:29+00:00","og_image":[{"width":1772,"height":981,"url":"https:\/\/eurotrail.info\/wp\/wp-content\/uploads\/2020\/11\/ETTE0890-Alabama-Poly-Open-vrijst.-21.jpg","type":"image\/jpeg"}],"twitter_card":"summary_large_image","twitter_misc":{"Gesch\u00e4tzte Lesezeit":"1\u00a0Minute"},"schema":{"@context":"https:\/\/schema.org","@graph":[{"@type":"WebPage","@id":"https:\/\/eurotrail.info\/de\/producten\/zelte\/zelte-de\/alabama-poly\/","url":"https:\/\/eurotrail.info\/de\/producten\/zelte\/zelte-de\/alabama-poly\/","name":"Alabama Poly - Eurotrail","isPartOf":{"@id":"https:\/\/eurotrail.info\/#website"},"primaryImageOfPage":{"@id":"https:\/\/eurotrail.info\/de\/producten\/zelte\/zelte-de\/alabama-poly\/#primaryimage"},"image":{"@id":"https:\/\/eurotrail.info\/de\/producten\/zelte\/zelte-de\/alabama-poly\/#primaryimage"},"thumbnailUrl":"https:\/\/eurotrail.info\/wp\/wp-content\/uploads\/2020\/11\/ETTE0890-Alabama-Poly-Open-vrijst.-21.jpg","datePublished":"2020-11-20T09:15:44+00:00","dateModified":"2022-08-17T14:44:29+00:00","breadcrumb":{"@id":"https:\/\/eurotrail.info\/de\/producten\/zelte\/zelte-de\/alabama-poly\/#breadcrumb"},"inLanguage":"de","potentialAction":[{"@type":"ReadAction","target":["https:\/\/eurotrail.info\/de\/producten\/zelte\/zelte-de\/alabama-poly\/"]}]},{"@type":"ImageObject","inLanguage":"de","@id":"https:\/\/eurotrail.info\/de\/producten\/zelte\/zelte-de\/alabama-poly\/#primaryimage","url":"https:\/\/eurotrail.info\/wp\/wp-content\/uploads\/2020\/11\/ETTE0890-Alabama-Poly-Open-vrijst.-21.jpg","contentUrl":"https:\/\/eurotrail.info\/wp\/wp-content\/uploads\/2020\/11\/ETTE0890-Alabama-Poly-Open-vrijst.-21.jpg","width":1772,"height":981,"caption":"Eurotrail Alabama Poly"},{"@type":"BreadcrumbList","@id":"https:\/\/eurotrail.info\/de\/producten\/zelte\/zelte-de\/alabama-poly\/#breadcrumb","itemListElement":[{"@type":"ListItem","position":1,"name":"Home","item":"https:\/\/eurotrail.info\/de\/"},{"@type":"ListItem","position":2,"name":"Produkte","item":"https:\/\/eurotrail.info\/de\/produkte\/"},{"@type":"ListItem","position":3,"name":"Alabama Poly"}]},{"@type":"WebSite","@id":"https:\/\/eurotrail.info\/#website","url":"https:\/\/eurotrail.info\/","name":"Eurotrail","description":"","publisher":{"@id":"https:\/\/eurotrail.info\/#organization"},"potentialAction":[{"@type":"SearchAction","target":{"@type":"EntryPoint","urlTemplate":"https:\/\/eurotrail.info\/?s={search_term_string}"},"query-input":{"@type":"PropertyValueSpecification","valueRequired":true,"valueName":"search_term_string"}}],"inLanguage":"de"},{"@type":"Organization","@id":"https:\/\/eurotrail.info\/#organization","name":"Eurotrail","url":"https:\/\/eurotrail.info\/","logo":{"@type":"ImageObject","inLanguage":"de","@id":"https:\/\/eurotrail.info\/#\/schema\/logo\/image\/","url":"https:\/\/eurotrail.info\/wp\/wp-content\/uploads\/2023\/07\/ET-logo-quote_NL-scaled.jpg","contentUrl":"https:\/\/eurotrail.info\/wp\/wp-content\/uploads\/2023\/07\/ET-logo-quote_NL-scaled.jpg","width":2560,"height":675,"caption":"Eurotrail"},"image":{"@id":"https:\/\/eurotrail.info\/#\/schema\/logo\/image\/"}}]}},"_links":{"self":[{"href":"https:\/\/eurotrail.info\/de\/wp-json\/wp\/v2\/product\/10871","targetHints":{"allow":["GET"]}}],"collection":[{"href":"https:\/\/eurotrail.info\/de\/wp-json\/wp\/v2\/product"}],"about":[{"href":"https:\/\/eurotrail.info\/de\/wp-json\/wp\/v2\/types\/product"}],"replies":[{"embeddable":true,"href":"https:\/\/eurotrail.info\/de\/wp-json\/wp\/v2\/comments?post=10871"}],"wp:featuredmedia":[{"embeddable":true,"href":"https:\/\/eurotrail.info\/de\/wp-json\/wp\/v2\/media\/10866"}],"wp:attachment":[{"href":"https:\/\/eurotrail.info\/de\/wp-json\/wp\/v2\/media?parent=10871"}],"wp:term":[{"taxonomy":"product_brand","embeddable":true,"href":"https:\/\/eurotrail.info\/de\/wp-json\/wp\/v2\/product_brand?post=10871"},{"taxonomy":"product_cat","embeddable":true,"href":"https:\/\/eurotrail.info\/de\/wp-json\/wp\/v2\/product_cat?post=10871"},{"taxonomy":"product_tag","embeddable":true,"href":"https:\/\/eurotrail.info\/de\/wp-json\/wp\/v2\/product_tag?post=10871"}],"curies":[{"name":"wp","href":"https:\/\/api.w.org\/{rel}","templated":true}]}}