{"id":10903,"date":"2020-11-20T10:32:32","date_gmt":"2020-11-20T09:32:32","guid":{"rendered":"https:\/\/eurotrail.info\/producten\/georgia-poly\/"},"modified":"2020-11-20T10:32:32","modified_gmt":"2020-11-20T09:32:32","slug":"georgia-poly","status":"publish","type":"product","link":"https:\/\/eurotrail.info\/de\/producten\/zelte\/zelte-de\/georgia-poly\/","title":{"rendered":"Georgia Poly"},"content":{"rendered":"<p><span lang=\"DE\">Familienzelt aus leichtem Polyesterzelt und geeignet f\u00fcr 4\/5 Personen. Die Zeltw\u00e4nde bestehen aus 185T Polyestergewebe und das Dachteil aus einem speziellen 210D Rip Stop Polyester, das besser UV-best\u00e4ndig ist und eine erh\u00f6hte Wassers\u00e4ule von bis zu 5000 mm aufweist! Ger\u00e4umiger Wohnbereich mit viel Platz f\u00fcr Tisch und St\u00fchle, gro\u00dfe klare Fenster. Seitent\u00fcr mit Regenschutz und Netzt\u00fcr. Frontplatte mit gro\u00dfen Fenstern und einer zus\u00e4tzlichen Netzt\u00fcr. Die gro\u00dfe Markise mit Fenstern auf beiden Seiten bietet einen entspannten, sonnengesch\u00fctzten Platz f\u00fcr Tisch und St\u00fchle. Innenzelt mit Rei\u00dfverschluss-Teiler, kann als gro\u00dfe Schlafkabine von 280&#215;220 cm oder in 2 kleineren Schlafkabinen von 140 x 220 cm verwendet werden. Das Zelt hat eine vollst\u00e4ndig eingen\u00e4hte Bodenplatte, die Wasser und Schmutz fernh\u00e4lt<\/span><\/p>\n<p>Dach: 210D Ripstop Polyester Pu Beschichtung\u00a0\u00a0&gt; 5000 mm<br \/>\nW\u00e4nde: 185T Polyester, pu beschichtet\u00a0\u00a0&gt; 3000mm<br \/>\nInnen Zelt: 100% Polyester mit Polyester Boden<br \/>\nBoden: 100% Polyester \/ Oxford\u00a0\u00a0&gt; 5000 mm<br \/>\nGest\u00e4nge: Aluminium \u00d8 13mm<br \/>\nGewicht: 17,6\u00a0kg.<br \/>\nPackma\u00df:\u00a070x29x29cm<\/p>\n","protected":false},"excerpt":{"rendered":"<p>Familienzelt aus leichtem Polyesterzelt und geeignet f\u00fcr 4\/5 Personen. Die Zeltw\u00e4nde bestehen aus 185T Polyestergewebe und das Dachteil aus einem speziellen 210D Rip Stop Polyester,&hellip;<\/p>\n","protected":false},"featured_media":10902,"comment_status":"open","ping_status":"closed","template":"","meta":{"_acf_changed":false},"product_brand":[],"product_cat":[101,98],"product_tag":[],"class_list":{"0":"post-10903","1":"product","2":"type-product","3":"status-publish","4":"has-post-thumbnail","6":"product_cat-zelte-de","7":"product_cat-zelte","9":"first","10":"instock","11":"shipping-taxable","12":"product-type-simple"},"acf":[],"yoast_head":"<!-- This site is optimized with the Yoast SEO plugin v27.4 - https:\/\/yoast.com\/product\/yoast-seo-wordpress\/ -->\n<title>Georgia Poly - Eurotrail<\/title>\n<meta name=\"robots\" content=\"index, follow, max-snippet:-1, max-image-preview:large, max-video-preview:-1\" \/>\n<link rel=\"canonical\" href=\"https:\/\/eurotrail.info\/de\/producten\/zelte\/zelte-de\/georgia-poly\/\" \/>\n<meta property=\"og:locale\" content=\"de_DE\" \/>\n<meta property=\"og:type\" content=\"article\" \/>\n<meta property=\"og:title\" content=\"Georgia Poly - Eurotrail\" \/>\n<meta property=\"og:description\" content=\"Familienzelt aus leichtem Polyesterzelt und geeignet f\u00fcr 4\/5 Personen. Die Zeltw\u00e4nde bestehen aus 185T Polyestergewebe und das Dachteil aus einem speziellen 210D Rip Stop Polyester,&hellip;\" \/>\n<meta property=\"og:url\" content=\"https:\/\/eurotrail.info\/de\/producten\/zelte\/zelte-de\/georgia-poly\/\" \/>\n<meta property=\"og:site_name\" content=\"Eurotrail\" \/>\n<meta property=\"og:image\" content=\"https:\/\/eurotrail.info\/wp\/wp-content\/uploads\/2020\/11\/ETTE0889-Georgia-Side1-vrijst.-21.jpg\" \/>\n\t<meta property=\"og:image:width\" content=\"1670\" \/>\n\t<meta property=\"og:image:height\" content=\"980\" \/>\n\t<meta property=\"og:image:type\" content=\"image\/jpeg\" \/>\n<meta name=\"twitter:card\" content=\"summary_large_image\" \/>\n<meta name=\"twitter:label1\" content=\"Gesch\u00e4tzte Lesezeit\" \/>\n\t<meta name=\"twitter:data1\" content=\"1\u00a0Minute\" \/>\n<script type=\"application\/ld+json\" class=\"yoast-schema-graph\">{\"@context\":\"https:\\\/\\\/schema.org\",\"@graph\":[{\"@type\":\"WebPage\",\"@id\":\"https:\\\/\\\/eurotrail.info\\\/de\\\/producten\\\/zelte\\\/zelte-de\\\/georgia-poly\\\/\",\"url\":\"https:\\\/\\\/eurotrail.info\\\/de\\\/producten\\\/zelte\\\/zelte-de\\\/georgia-poly\\\/\",\"name\":\"Georgia Poly - Eurotrail\",\"isPartOf\":{\"@id\":\"https:\\\/\\\/eurotrail.info\\\/#website\"},\"primaryImageOfPage\":{\"@id\":\"https:\\\/\\\/eurotrail.info\\\/de\\\/producten\\\/zelte\\\/zelte-de\\\/georgia-poly\\\/#primaryimage\"},\"image\":{\"@id\":\"https:\\\/\\\/eurotrail.info\\\/de\\\/producten\\\/zelte\\\/zelte-de\\\/georgia-poly\\\/#primaryimage\"},\"thumbnailUrl\":\"https:\\\/\\\/eurotrail.info\\\/wp\\\/wp-content\\\/uploads\\\/2020\\\/11\\\/ETTE0889-Georgia-Side1-vrijst.-21.jpg\",\"datePublished\":\"2020-11-20T09:32:32+00:00\",\"breadcrumb\":{\"@id\":\"https:\\\/\\\/eurotrail.info\\\/de\\\/producten\\\/zelte\\\/zelte-de\\\/georgia-poly\\\/#breadcrumb\"},\"inLanguage\":\"de\",\"potentialAction\":[{\"@type\":\"ReadAction\",\"target\":[\"https:\\\/\\\/eurotrail.info\\\/de\\\/producten\\\/zelte\\\/zelte-de\\\/georgia-poly\\\/\"]}]},{\"@type\":\"ImageObject\",\"inLanguage\":\"de\",\"@id\":\"https:\\\/\\\/eurotrail.info\\\/de\\\/producten\\\/zelte\\\/zelte-de\\\/georgia-poly\\\/#primaryimage\",\"url\":\"https:\\\/\\\/eurotrail.info\\\/wp\\\/wp-content\\\/uploads\\\/2020\\\/11\\\/ETTE0889-Georgia-Side1-vrijst.-21.jpg\",\"contentUrl\":\"https:\\\/\\\/eurotrail.info\\\/wp\\\/wp-content\\\/uploads\\\/2020\\\/11\\\/ETTE0889-Georgia-Side1-vrijst.-21.jpg\",\"width\":1670,\"height\":980,\"caption\":\"Eurotrail Georgia Poly\"},{\"@type\":\"BreadcrumbList\",\"@id\":\"https:\\\/\\\/eurotrail.info\\\/de\\\/producten\\\/zelte\\\/zelte-de\\\/georgia-poly\\\/#breadcrumb\",\"itemListElement\":[{\"@type\":\"ListItem\",\"position\":1,\"name\":\"Home\",\"item\":\"https:\\\/\\\/eurotrail.info\\\/de\\\/\"},{\"@type\":\"ListItem\",\"position\":2,\"name\":\"Produkte\",\"item\":\"https:\\\/\\\/eurotrail.info\\\/de\\\/produkte\\\/\"},{\"@type\":\"ListItem\",\"position\":3,\"name\":\"Georgia Poly\"}]},{\"@type\":\"WebSite\",\"@id\":\"https:\\\/\\\/eurotrail.info\\\/#website\",\"url\":\"https:\\\/\\\/eurotrail.info\\\/\",\"name\":\"Eurotrail\",\"description\":\"\",\"publisher\":{\"@id\":\"https:\\\/\\\/eurotrail.info\\\/#organization\"},\"potentialAction\":[{\"@type\":\"SearchAction\",\"target\":{\"@type\":\"EntryPoint\",\"urlTemplate\":\"https:\\\/\\\/eurotrail.info\\\/?s={search_term_string}\"},\"query-input\":{\"@type\":\"PropertyValueSpecification\",\"valueRequired\":true,\"valueName\":\"search_term_string\"}}],\"inLanguage\":\"de\"},{\"@type\":\"Organization\",\"@id\":\"https:\\\/\\\/eurotrail.info\\\/#organization\",\"name\":\"Eurotrail\",\"url\":\"https:\\\/\\\/eurotrail.info\\\/\",\"logo\":{\"@type\":\"ImageObject\",\"inLanguage\":\"de\",\"@id\":\"https:\\\/\\\/eurotrail.info\\\/#\\\/schema\\\/logo\\\/image\\\/\",\"url\":\"https:\\\/\\\/eurotrail.info\\\/wp\\\/wp-content\\\/uploads\\\/2023\\\/07\\\/ET-logo-quote_NL-scaled.jpg\",\"contentUrl\":\"https:\\\/\\\/eurotrail.info\\\/wp\\\/wp-content\\\/uploads\\\/2023\\\/07\\\/ET-logo-quote_NL-scaled.jpg\",\"width\":2560,\"height\":675,\"caption\":\"Eurotrail\"},\"image\":{\"@id\":\"https:\\\/\\\/eurotrail.info\\\/#\\\/schema\\\/logo\\\/image\\\/\"}}]}<\/script>\n<!-- \/ Yoast SEO plugin. -->","yoast_head_json":{"title":"Georgia Poly - Eurotrail","robots":{"index":"index","follow":"follow","max-snippet":"max-snippet:-1","max-image-preview":"max-image-preview:large","max-video-preview":"max-video-preview:-1"},"canonical":"https:\/\/eurotrail.info\/de\/producten\/zelte\/zelte-de\/georgia-poly\/","og_locale":"de_DE","og_type":"article","og_title":"Georgia Poly - Eurotrail","og_description":"Familienzelt aus leichtem Polyesterzelt und geeignet f\u00fcr 4\/5 Personen. Die Zeltw\u00e4nde bestehen aus 185T Polyestergewebe und das Dachteil aus einem speziellen 210D Rip Stop Polyester,&hellip;","og_url":"https:\/\/eurotrail.info\/de\/producten\/zelte\/zelte-de\/georgia-poly\/","og_site_name":"Eurotrail","og_image":[{"width":1670,"height":980,"url":"https:\/\/eurotrail.info\/wp\/wp-content\/uploads\/2020\/11\/ETTE0889-Georgia-Side1-vrijst.-21.jpg","type":"image\/jpeg"}],"twitter_card":"summary_large_image","twitter_misc":{"Gesch\u00e4tzte Lesezeit":"1\u00a0Minute"},"schema":{"@context":"https:\/\/schema.org","@graph":[{"@type":"WebPage","@id":"https:\/\/eurotrail.info\/de\/producten\/zelte\/zelte-de\/georgia-poly\/","url":"https:\/\/eurotrail.info\/de\/producten\/zelte\/zelte-de\/georgia-poly\/","name":"Georgia Poly - Eurotrail","isPartOf":{"@id":"https:\/\/eurotrail.info\/#website"},"primaryImageOfPage":{"@id":"https:\/\/eurotrail.info\/de\/producten\/zelte\/zelte-de\/georgia-poly\/#primaryimage"},"image":{"@id":"https:\/\/eurotrail.info\/de\/producten\/zelte\/zelte-de\/georgia-poly\/#primaryimage"},"thumbnailUrl":"https:\/\/eurotrail.info\/wp\/wp-content\/uploads\/2020\/11\/ETTE0889-Georgia-Side1-vrijst.-21.jpg","datePublished":"2020-11-20T09:32:32+00:00","breadcrumb":{"@id":"https:\/\/eurotrail.info\/de\/producten\/zelte\/zelte-de\/georgia-poly\/#breadcrumb"},"inLanguage":"de","potentialAction":[{"@type":"ReadAction","target":["https:\/\/eurotrail.info\/de\/producten\/zelte\/zelte-de\/georgia-poly\/"]}]},{"@type":"ImageObject","inLanguage":"de","@id":"https:\/\/eurotrail.info\/de\/producten\/zelte\/zelte-de\/georgia-poly\/#primaryimage","url":"https:\/\/eurotrail.info\/wp\/wp-content\/uploads\/2020\/11\/ETTE0889-Georgia-Side1-vrijst.-21.jpg","contentUrl":"https:\/\/eurotrail.info\/wp\/wp-content\/uploads\/2020\/11\/ETTE0889-Georgia-Side1-vrijst.-21.jpg","width":1670,"height":980,"caption":"Eurotrail Georgia Poly"},{"@type":"BreadcrumbList","@id":"https:\/\/eurotrail.info\/de\/producten\/zelte\/zelte-de\/georgia-poly\/#breadcrumb","itemListElement":[{"@type":"ListItem","position":1,"name":"Home","item":"https:\/\/eurotrail.info\/de\/"},{"@type":"ListItem","position":2,"name":"Produkte","item":"https:\/\/eurotrail.info\/de\/produkte\/"},{"@type":"ListItem","position":3,"name":"Georgia Poly"}]},{"@type":"WebSite","@id":"https:\/\/eurotrail.info\/#website","url":"https:\/\/eurotrail.info\/","name":"Eurotrail","description":"","publisher":{"@id":"https:\/\/eurotrail.info\/#organization"},"potentialAction":[{"@type":"SearchAction","target":{"@type":"EntryPoint","urlTemplate":"https:\/\/eurotrail.info\/?s={search_term_string}"},"query-input":{"@type":"PropertyValueSpecification","valueRequired":true,"valueName":"search_term_string"}}],"inLanguage":"de"},{"@type":"Organization","@id":"https:\/\/eurotrail.info\/#organization","name":"Eurotrail","url":"https:\/\/eurotrail.info\/","logo":{"@type":"ImageObject","inLanguage":"de","@id":"https:\/\/eurotrail.info\/#\/schema\/logo\/image\/","url":"https:\/\/eurotrail.info\/wp\/wp-content\/uploads\/2023\/07\/ET-logo-quote_NL-scaled.jpg","contentUrl":"https:\/\/eurotrail.info\/wp\/wp-content\/uploads\/2023\/07\/ET-logo-quote_NL-scaled.jpg","width":2560,"height":675,"caption":"Eurotrail"},"image":{"@id":"https:\/\/eurotrail.info\/#\/schema\/logo\/image\/"}}]}},"_links":{"self":[{"href":"https:\/\/eurotrail.info\/de\/wp-json\/wp\/v2\/product\/10903","targetHints":{"allow":["GET"]}}],"collection":[{"href":"https:\/\/eurotrail.info\/de\/wp-json\/wp\/v2\/product"}],"about":[{"href":"https:\/\/eurotrail.info\/de\/wp-json\/wp\/v2\/types\/product"}],"replies":[{"embeddable":true,"href":"https:\/\/eurotrail.info\/de\/wp-json\/wp\/v2\/comments?post=10903"}],"wp:featuredmedia":[{"embeddable":true,"href":"https:\/\/eurotrail.info\/de\/wp-json\/wp\/v2\/media\/10902"}],"wp:attachment":[{"href":"https:\/\/eurotrail.info\/de\/wp-json\/wp\/v2\/media?parent=10903"}],"wp:term":[{"taxonomy":"product_brand","embeddable":true,"href":"https:\/\/eurotrail.info\/de\/wp-json\/wp\/v2\/product_brand?post=10903"},{"taxonomy":"product_cat","embeddable":true,"href":"https:\/\/eurotrail.info\/de\/wp-json\/wp\/v2\/product_cat?post=10903"},{"taxonomy":"product_tag","embeddable":true,"href":"https:\/\/eurotrail.info\/de\/wp-json\/wp\/v2\/product_tag?post=10903"}],"curies":[{"name":"wp","href":"https:\/\/api.w.org\/{rel}","templated":true}]}}