{"id":11166,"date":"2020-11-20T15:26:01","date_gmt":"2020-11-20T14:26:01","guid":{"rendered":"https:\/\/eurotrail.info\/producten\/tischgeschirr-rock-16-teilig\/"},"modified":"2020-11-20T15:26:01","modified_gmt":"2020-11-20T14:26:01","slug":"tischgeschirr-rock-16-teilig","status":"publish","type":"product","link":"https:\/\/eurotrail.info\/de\/producten\/haushaltartikel\/haushalt-geschirr\/tischgeschirr-rock-16-teilig\/","title":{"rendered":"Tischgeschirr Rock &#8211; 16 Teilig"},"content":{"rendered":"<p>16-teiliger Tischsgeschirr\u00a0mit originellem und trendigem Design. Das Geschirr besteht aus einem robusten Melamin, das f\u00fcr den Geschirrsp\u00fcler geeignet ist.\u00a0Die Trinkbecher k\u00f6nnen durch den offenen Griff gestapelt werden, so dass sie wenig Platz beanspruchen.<\/p>\n<p>4x Teller \u00d8 26,5&#215;2,3 cm, 295 gr.<br \/>\n4x Fr\u00fchst\u00fccksteller \u00d8 21,8 x 2,0 cm, 220 gr.<br \/>\n4x Suppenteller \u00d8 21,0 x 4,0 cm, 180 gr.<br \/>\n4x Henkelbecher 11,5&#215;8,8&#215;9,9 cm, 300 ml, 108 gr.<\/p>\n<p>Material: 100% Melamin<\/p>\n","protected":false},"excerpt":{"rendered":"<p>16-teiliger Tischsgeschirr\u00a0mit originellem und trendigem Design. Das Geschirr besteht aus einem robusten Melamin, das f\u00fcr den Geschirrsp\u00fcler geeignet ist.\u00a0Die Trinkbecher k\u00f6nnen durch den offenen Griff&hellip;<\/p>\n","protected":false},"featured_media":22837,"comment_status":"open","ping_status":"closed","template":"","meta":{"_acf_changed":false},"product_brand":[],"product_cat":[81,78],"product_tag":[],"class_list":{"0":"post-11166","1":"product","2":"type-product","3":"status-publish","4":"has-post-thumbnail","6":"product_cat-haushalt-geschirr","7":"product_cat-haushaltartikel","9":"first","10":"instock","11":"shipping-taxable","12":"product-type-simple"},"acf":[],"yoast_head":"<!-- This site is optimized with the Yoast SEO plugin v27.4 - https:\/\/yoast.com\/product\/yoast-seo-wordpress\/ -->\n<title>Tischgeschirr Rock - 16 Teilig - Eurotrail<\/title>\n<meta name=\"robots\" content=\"index, follow, max-snippet:-1, max-image-preview:large, max-video-preview:-1\" \/>\n<link rel=\"canonical\" href=\"https:\/\/eurotrail.info\/de\/producten\/haushaltartikel\/haushalt-geschirr\/tischgeschirr-rock-16-teilig\/\" \/>\n<meta property=\"og:locale\" content=\"de_DE\" \/>\n<meta property=\"og:type\" content=\"article\" \/>\n<meta property=\"og:title\" content=\"Tischgeschirr Rock - 16 Teilig - Eurotrail\" \/>\n<meta property=\"og:description\" content=\"16-teiliger Tischsgeschirr\u00a0mit originellem und trendigem Design. Das Geschirr besteht aus einem robusten Melamin, das f\u00fcr den Geschirrsp\u00fcler geeignet ist.\u00a0Die Trinkbecher k\u00f6nnen durch den offenen Griff&hellip;\" \/>\n<meta property=\"og:url\" content=\"https:\/\/eurotrail.info\/de\/producten\/haushaltartikel\/haushalt-geschirr\/tischgeschirr-rock-16-teilig\/\" \/>\n<meta property=\"og:site_name\" content=\"Eurotrail\" \/>\n<meta property=\"og:image\" content=\"https:\/\/eurotrail.info\/wp\/wp-content\/uploads\/2020\/11\/ETKW2041.0402-Rock-neue-Farbe-3-scaled.jpg\" \/>\n\t<meta property=\"og:image:width\" content=\"2543\" \/>\n\t<meta property=\"og:image:height\" content=\"2560\" \/>\n\t<meta property=\"og:image:type\" content=\"image\/jpeg\" \/>\n<meta name=\"twitter:card\" content=\"summary_large_image\" \/>\n<script type=\"application\/ld+json\" class=\"yoast-schema-graph\">{\"@context\":\"https:\\\/\\\/schema.org\",\"@graph\":[{\"@type\":\"WebPage\",\"@id\":\"https:\\\/\\\/eurotrail.info\\\/de\\\/producten\\\/haushaltartikel\\\/haushalt-geschirr\\\/tischgeschirr-rock-16-teilig\\\/\",\"url\":\"https:\\\/\\\/eurotrail.info\\\/de\\\/producten\\\/haushaltartikel\\\/haushalt-geschirr\\\/tischgeschirr-rock-16-teilig\\\/\",\"name\":\"Tischgeschirr Rock - 16 Teilig - Eurotrail\",\"isPartOf\":{\"@id\":\"https:\\\/\\\/eurotrail.info\\\/#website\"},\"primaryImageOfPage\":{\"@id\":\"https:\\\/\\\/eurotrail.info\\\/de\\\/producten\\\/haushaltartikel\\\/haushalt-geschirr\\\/tischgeschirr-rock-16-teilig\\\/#primaryimage\"},\"image\":{\"@id\":\"https:\\\/\\\/eurotrail.info\\\/de\\\/producten\\\/haushaltartikel\\\/haushalt-geschirr\\\/tischgeschirr-rock-16-teilig\\\/#primaryimage\"},\"thumbnailUrl\":\"https:\\\/\\\/eurotrail.info\\\/wp\\\/wp-content\\\/uploads\\\/2020\\\/11\\\/ETKW2041.0402-Rock-neue-Farbe-3-scaled.jpg\",\"datePublished\":\"2020-11-20T14:26:01+00:00\",\"breadcrumb\":{\"@id\":\"https:\\\/\\\/eurotrail.info\\\/de\\\/producten\\\/haushaltartikel\\\/haushalt-geschirr\\\/tischgeschirr-rock-16-teilig\\\/#breadcrumb\"},\"inLanguage\":\"de\",\"potentialAction\":[{\"@type\":\"ReadAction\",\"target\":[\"https:\\\/\\\/eurotrail.info\\\/de\\\/producten\\\/haushaltartikel\\\/haushalt-geschirr\\\/tischgeschirr-rock-16-teilig\\\/\"]}]},{\"@type\":\"ImageObject\",\"inLanguage\":\"de\",\"@id\":\"https:\\\/\\\/eurotrail.info\\\/de\\\/producten\\\/haushaltartikel\\\/haushalt-geschirr\\\/tischgeschirr-rock-16-teilig\\\/#primaryimage\",\"url\":\"https:\\\/\\\/eurotrail.info\\\/wp\\\/wp-content\\\/uploads\\\/2020\\\/11\\\/ETKW2041.0402-Rock-neue-Farbe-3-scaled.jpg\",\"contentUrl\":\"https:\\\/\\\/eurotrail.info\\\/wp\\\/wp-content\\\/uploads\\\/2020\\\/11\\\/ETKW2041.0402-Rock-neue-Farbe-3-scaled.jpg\",\"width\":2543,\"height\":2560,\"caption\":\"Eurotrail Rock tafelservies\"},{\"@type\":\"BreadcrumbList\",\"@id\":\"https:\\\/\\\/eurotrail.info\\\/de\\\/producten\\\/haushaltartikel\\\/haushalt-geschirr\\\/tischgeschirr-rock-16-teilig\\\/#breadcrumb\",\"itemListElement\":[{\"@type\":\"ListItem\",\"position\":1,\"name\":\"Home\",\"item\":\"https:\\\/\\\/eurotrail.info\\\/de\\\/\"},{\"@type\":\"ListItem\",\"position\":2,\"name\":\"Produkte\",\"item\":\"https:\\\/\\\/eurotrail.info\\\/de\\\/produkte\\\/\"},{\"@type\":\"ListItem\",\"position\":3,\"name\":\"Tischgeschirr Rock &#8211; 16 Teilig\"}]},{\"@type\":\"WebSite\",\"@id\":\"https:\\\/\\\/eurotrail.info\\\/#website\",\"url\":\"https:\\\/\\\/eurotrail.info\\\/\",\"name\":\"Eurotrail\",\"description\":\"\",\"publisher\":{\"@id\":\"https:\\\/\\\/eurotrail.info\\\/#organization\"},\"potentialAction\":[{\"@type\":\"SearchAction\",\"target\":{\"@type\":\"EntryPoint\",\"urlTemplate\":\"https:\\\/\\\/eurotrail.info\\\/?s={search_term_string}\"},\"query-input\":{\"@type\":\"PropertyValueSpecification\",\"valueRequired\":true,\"valueName\":\"search_term_string\"}}],\"inLanguage\":\"de\"},{\"@type\":\"Organization\",\"@id\":\"https:\\\/\\\/eurotrail.info\\\/#organization\",\"name\":\"Eurotrail\",\"url\":\"https:\\\/\\\/eurotrail.info\\\/\",\"logo\":{\"@type\":\"ImageObject\",\"inLanguage\":\"de\",\"@id\":\"https:\\\/\\\/eurotrail.info\\\/#\\\/schema\\\/logo\\\/image\\\/\",\"url\":\"https:\\\/\\\/eurotrail.info\\\/wp\\\/wp-content\\\/uploads\\\/2023\\\/07\\\/ET-logo-quote_NL-scaled.jpg\",\"contentUrl\":\"https:\\\/\\\/eurotrail.info\\\/wp\\\/wp-content\\\/uploads\\\/2023\\\/07\\\/ET-logo-quote_NL-scaled.jpg\",\"width\":2560,\"height\":675,\"caption\":\"Eurotrail\"},\"image\":{\"@id\":\"https:\\\/\\\/eurotrail.info\\\/#\\\/schema\\\/logo\\\/image\\\/\"}}]}<\/script>\n<!-- \/ Yoast SEO plugin. -->","yoast_head_json":{"title":"Tischgeschirr Rock - 16 Teilig - Eurotrail","robots":{"index":"index","follow":"follow","max-snippet":"max-snippet:-1","max-image-preview":"max-image-preview:large","max-video-preview":"max-video-preview:-1"},"canonical":"https:\/\/eurotrail.info\/de\/producten\/haushaltartikel\/haushalt-geschirr\/tischgeschirr-rock-16-teilig\/","og_locale":"de_DE","og_type":"article","og_title":"Tischgeschirr Rock - 16 Teilig - Eurotrail","og_description":"16-teiliger Tischsgeschirr\u00a0mit originellem und trendigem Design. Das Geschirr besteht aus einem robusten Melamin, das f\u00fcr den Geschirrsp\u00fcler geeignet ist.\u00a0Die Trinkbecher k\u00f6nnen durch den offenen Griff&hellip;","og_url":"https:\/\/eurotrail.info\/de\/producten\/haushaltartikel\/haushalt-geschirr\/tischgeschirr-rock-16-teilig\/","og_site_name":"Eurotrail","og_image":[{"width":2543,"height":2560,"url":"https:\/\/eurotrail.info\/wp\/wp-content\/uploads\/2020\/11\/ETKW2041.0402-Rock-neue-Farbe-3-scaled.jpg","type":"image\/jpeg"}],"twitter_card":"summary_large_image","schema":{"@context":"https:\/\/schema.org","@graph":[{"@type":"WebPage","@id":"https:\/\/eurotrail.info\/de\/producten\/haushaltartikel\/haushalt-geschirr\/tischgeschirr-rock-16-teilig\/","url":"https:\/\/eurotrail.info\/de\/producten\/haushaltartikel\/haushalt-geschirr\/tischgeschirr-rock-16-teilig\/","name":"Tischgeschirr Rock - 16 Teilig - Eurotrail","isPartOf":{"@id":"https:\/\/eurotrail.info\/#website"},"primaryImageOfPage":{"@id":"https:\/\/eurotrail.info\/de\/producten\/haushaltartikel\/haushalt-geschirr\/tischgeschirr-rock-16-teilig\/#primaryimage"},"image":{"@id":"https:\/\/eurotrail.info\/de\/producten\/haushaltartikel\/haushalt-geschirr\/tischgeschirr-rock-16-teilig\/#primaryimage"},"thumbnailUrl":"https:\/\/eurotrail.info\/wp\/wp-content\/uploads\/2020\/11\/ETKW2041.0402-Rock-neue-Farbe-3-scaled.jpg","datePublished":"2020-11-20T14:26:01+00:00","breadcrumb":{"@id":"https:\/\/eurotrail.info\/de\/producten\/haushaltartikel\/haushalt-geschirr\/tischgeschirr-rock-16-teilig\/#breadcrumb"},"inLanguage":"de","potentialAction":[{"@type":"ReadAction","target":["https:\/\/eurotrail.info\/de\/producten\/haushaltartikel\/haushalt-geschirr\/tischgeschirr-rock-16-teilig\/"]}]},{"@type":"ImageObject","inLanguage":"de","@id":"https:\/\/eurotrail.info\/de\/producten\/haushaltartikel\/haushalt-geschirr\/tischgeschirr-rock-16-teilig\/#primaryimage","url":"https:\/\/eurotrail.info\/wp\/wp-content\/uploads\/2020\/11\/ETKW2041.0402-Rock-neue-Farbe-3-scaled.jpg","contentUrl":"https:\/\/eurotrail.info\/wp\/wp-content\/uploads\/2020\/11\/ETKW2041.0402-Rock-neue-Farbe-3-scaled.jpg","width":2543,"height":2560,"caption":"Eurotrail Rock tafelservies"},{"@type":"BreadcrumbList","@id":"https:\/\/eurotrail.info\/de\/producten\/haushaltartikel\/haushalt-geschirr\/tischgeschirr-rock-16-teilig\/#breadcrumb","itemListElement":[{"@type":"ListItem","position":1,"name":"Home","item":"https:\/\/eurotrail.info\/de\/"},{"@type":"ListItem","position":2,"name":"Produkte","item":"https:\/\/eurotrail.info\/de\/produkte\/"},{"@type":"ListItem","position":3,"name":"Tischgeschirr Rock &#8211; 16 Teilig"}]},{"@type":"WebSite","@id":"https:\/\/eurotrail.info\/#website","url":"https:\/\/eurotrail.info\/","name":"Eurotrail","description":"","publisher":{"@id":"https:\/\/eurotrail.info\/#organization"},"potentialAction":[{"@type":"SearchAction","target":{"@type":"EntryPoint","urlTemplate":"https:\/\/eurotrail.info\/?s={search_term_string}"},"query-input":{"@type":"PropertyValueSpecification","valueRequired":true,"valueName":"search_term_string"}}],"inLanguage":"de"},{"@type":"Organization","@id":"https:\/\/eurotrail.info\/#organization","name":"Eurotrail","url":"https:\/\/eurotrail.info\/","logo":{"@type":"ImageObject","inLanguage":"de","@id":"https:\/\/eurotrail.info\/#\/schema\/logo\/image\/","url":"https:\/\/eurotrail.info\/wp\/wp-content\/uploads\/2023\/07\/ET-logo-quote_NL-scaled.jpg","contentUrl":"https:\/\/eurotrail.info\/wp\/wp-content\/uploads\/2023\/07\/ET-logo-quote_NL-scaled.jpg","width":2560,"height":675,"caption":"Eurotrail"},"image":{"@id":"https:\/\/eurotrail.info\/#\/schema\/logo\/image\/"}}]}},"_links":{"self":[{"href":"https:\/\/eurotrail.info\/de\/wp-json\/wp\/v2\/product\/11166","targetHints":{"allow":["GET"]}}],"collection":[{"href":"https:\/\/eurotrail.info\/de\/wp-json\/wp\/v2\/product"}],"about":[{"href":"https:\/\/eurotrail.info\/de\/wp-json\/wp\/v2\/types\/product"}],"replies":[{"embeddable":true,"href":"https:\/\/eurotrail.info\/de\/wp-json\/wp\/v2\/comments?post=11166"}],"wp:featuredmedia":[{"embeddable":true,"href":"https:\/\/eurotrail.info\/de\/wp-json\/wp\/v2\/media\/22837"}],"wp:attachment":[{"href":"https:\/\/eurotrail.info\/de\/wp-json\/wp\/v2\/media?parent=11166"}],"wp:term":[{"taxonomy":"product_brand","embeddable":true,"href":"https:\/\/eurotrail.info\/de\/wp-json\/wp\/v2\/product_brand?post=11166"},{"taxonomy":"product_cat","embeddable":true,"href":"https:\/\/eurotrail.info\/de\/wp-json\/wp\/v2\/product_cat?post=11166"},{"taxonomy":"product_tag","embeddable":true,"href":"https:\/\/eurotrail.info\/de\/wp-json\/wp\/v2\/product_tag?post=11166"}],"curies":[{"name":"wp","href":"https:\/\/api.w.org\/{rel}","templated":true}]}}