{"id":11531,"date":"2020-11-24T14:45:17","date_gmt":"2020-11-24T13:45:17","guid":{"rendered":"https:\/\/eurotrail.info\/producten\/universelles-innenzelt-schlafkabine\/"},"modified":"2021-02-17T17:08:25","modified_gmt":"2021-02-17T16:08:25","slug":"universelles-innenzelt-schlafkabine","status":"publish","type":"product","link":"https:\/\/eurotrail.info\/de\/producten\/wohnwagenwohnmobilebus\/schlafkabinen-fuer-vorzelt\/universelles-innenzelt-schlafkabine\/","title":{"rendered":"Universelles Innenzelt \/ Schlafkabine"},"content":{"rendered":"<p>Dieses 2-Personen-Innenzelt kann \u00fcberall als Schlafkabine genutzt werden. Im Vorzelt als zus\u00e4tzlicher Schlafplatz, in einem Reisezelt oder auch in einem Buszelt. Es ist freistehend und passt fast \u00fcberall hinein. Der Boden besteht aus stabilem PE-Material. Die W\u00e4nde und das Dach sind aus atmungsaktivem Nylon. Die gro\u00dfe \u00d6ffnung erm\u00f6glicht einen einfachen Zugang. Kleines Packma\u00df, inkl. Aufbewahrungstasche.<\/p>\n<p>Material: atmungsaktives Nylon<br \/>\nUnten: PE-Blatt<br \/>\nGest\u00e4nge: Fiberglass \u00d8 7.9mm<br \/>\nGr\u00f6\u00dfe: 210 x 145 x 145 (L x B x H)<br \/>\nPackma\u03b2: 60 x \u00d8 10 cm<br \/>\nGewicht: 1950 gr.<\/p>\n","protected":false},"excerpt":{"rendered":"<p>Dieses 2-Personen-Innenzelt kann \u00fcberall als Schlafkabine genutzt werden. Im Vorzelt als zus\u00e4tzlicher Schlafplatz, in einem Reisezelt oder auch in einem Buszelt. Es ist freistehend und&hellip;<\/p>\n","protected":false},"featured_media":11522,"comment_status":"open","ping_status":"closed","template":"","meta":{"_acf_changed":false},"product_brand":[],"product_cat":[76,71],"product_tag":[],"class_list":{"0":"post-11531","1":"product","2":"type-product","3":"status-publish","4":"has-post-thumbnail","6":"product_cat-schlafkabinen-fuer-vorzelt","7":"product_cat-wohnwagenwohnmobilebus","9":"first","10":"instock","11":"shipping-taxable","12":"product-type-simple"},"acf":[],"yoast_head":"<!-- This site is optimized with the Yoast SEO plugin v27.4 - https:\/\/yoast.com\/product\/yoast-seo-wordpress\/ -->\n<title>Universelles Innenzelt \/ Schlafkabine - Eurotrail<\/title>\n<meta name=\"robots\" content=\"index, follow, max-snippet:-1, max-image-preview:large, max-video-preview:-1\" \/>\n<link rel=\"canonical\" href=\"https:\/\/eurotrail.info\/de\/producten\/wohnwagenwohnmobilebus\/schlafkabinen-fuer-vorzelt\/universelles-innenzelt-schlafkabine\/\" \/>\n<meta property=\"og:locale\" content=\"de_DE\" \/>\n<meta property=\"og:type\" content=\"article\" \/>\n<meta property=\"og:title\" content=\"Universelles Innenzelt \/ Schlafkabine - Eurotrail\" \/>\n<meta property=\"og:description\" content=\"Dieses 2-Personen-Innenzelt kann \u00fcberall als Schlafkabine genutzt werden. Im Vorzelt als zus\u00e4tzlicher Schlafplatz, in einem Reisezelt oder auch in einem Buszelt. Es ist freistehend und&hellip;\" \/>\n<meta property=\"og:url\" content=\"https:\/\/eurotrail.info\/de\/producten\/wohnwagenwohnmobilebus\/schlafkabinen-fuer-vorzelt\/universelles-innenzelt-schlafkabine\/\" \/>\n<meta property=\"og:site_name\" content=\"Eurotrail\" \/>\n<meta property=\"article:modified_time\" content=\"2021-02-17T16:08:25+00:00\" \/>\n<meta property=\"og:image\" content=\"https:\/\/eurotrail.info\/wp\/wp-content\/uploads\/2020\/11\/ETCT0096-Freestanding-Innertent-21.jpg\" \/>\n\t<meta property=\"og:image:width\" content=\"1772\" \/>\n\t<meta property=\"og:image:height\" content=\"1501\" \/>\n\t<meta property=\"og:image:type\" content=\"image\/jpeg\" \/>\n<meta name=\"twitter:card\" content=\"summary_large_image\" \/>\n<script type=\"application\/ld+json\" class=\"yoast-schema-graph\">{\"@context\":\"https:\\\/\\\/schema.org\",\"@graph\":[{\"@type\":\"WebPage\",\"@id\":\"https:\\\/\\\/eurotrail.info\\\/de\\\/producten\\\/wohnwagenwohnmobilebus\\\/schlafkabinen-fuer-vorzelt\\\/universelles-innenzelt-schlafkabine\\\/\",\"url\":\"https:\\\/\\\/eurotrail.info\\\/de\\\/producten\\\/wohnwagenwohnmobilebus\\\/schlafkabinen-fuer-vorzelt\\\/universelles-innenzelt-schlafkabine\\\/\",\"name\":\"Universelles Innenzelt \\\/ Schlafkabine - Eurotrail\",\"isPartOf\":{\"@id\":\"https:\\\/\\\/eurotrail.info\\\/#website\"},\"primaryImageOfPage\":{\"@id\":\"https:\\\/\\\/eurotrail.info\\\/de\\\/producten\\\/wohnwagenwohnmobilebus\\\/schlafkabinen-fuer-vorzelt\\\/universelles-innenzelt-schlafkabine\\\/#primaryimage\"},\"image\":{\"@id\":\"https:\\\/\\\/eurotrail.info\\\/de\\\/producten\\\/wohnwagenwohnmobilebus\\\/schlafkabinen-fuer-vorzelt\\\/universelles-innenzelt-schlafkabine\\\/#primaryimage\"},\"thumbnailUrl\":\"https:\\\/\\\/eurotrail.info\\\/wp\\\/wp-content\\\/uploads\\\/2020\\\/11\\\/ETCT0096-Freestanding-Innertent-21.jpg\",\"datePublished\":\"2020-11-24T13:45:17+00:00\",\"dateModified\":\"2021-02-17T16:08:25+00:00\",\"breadcrumb\":{\"@id\":\"https:\\\/\\\/eurotrail.info\\\/de\\\/producten\\\/wohnwagenwohnmobilebus\\\/schlafkabinen-fuer-vorzelt\\\/universelles-innenzelt-schlafkabine\\\/#breadcrumb\"},\"inLanguage\":\"de\",\"potentialAction\":[{\"@type\":\"ReadAction\",\"target\":[\"https:\\\/\\\/eurotrail.info\\\/de\\\/producten\\\/wohnwagenwohnmobilebus\\\/schlafkabinen-fuer-vorzelt\\\/universelles-innenzelt-schlafkabine\\\/\"]}]},{\"@type\":\"ImageObject\",\"inLanguage\":\"de\",\"@id\":\"https:\\\/\\\/eurotrail.info\\\/de\\\/producten\\\/wohnwagenwohnmobilebus\\\/schlafkabinen-fuer-vorzelt\\\/universelles-innenzelt-schlafkabine\\\/#primaryimage\",\"url\":\"https:\\\/\\\/eurotrail.info\\\/wp\\\/wp-content\\\/uploads\\\/2020\\\/11\\\/ETCT0096-Freestanding-Innertent-21.jpg\",\"contentUrl\":\"https:\\\/\\\/eurotrail.info\\\/wp\\\/wp-content\\\/uploads\\\/2020\\\/11\\\/ETCT0096-Freestanding-Innertent-21.jpg\",\"width\":1772,\"height\":1501,\"caption\":\"eUROTRAIL binnentent\\\/slaapcabine\"},{\"@type\":\"BreadcrumbList\",\"@id\":\"https:\\\/\\\/eurotrail.info\\\/de\\\/producten\\\/wohnwagenwohnmobilebus\\\/schlafkabinen-fuer-vorzelt\\\/universelles-innenzelt-schlafkabine\\\/#breadcrumb\",\"itemListElement\":[{\"@type\":\"ListItem\",\"position\":1,\"name\":\"Home\",\"item\":\"https:\\\/\\\/eurotrail.info\\\/de\\\/\"},{\"@type\":\"ListItem\",\"position\":2,\"name\":\"Produkte\",\"item\":\"https:\\\/\\\/eurotrail.info\\\/de\\\/produkte\\\/\"},{\"@type\":\"ListItem\",\"position\":3,\"name\":\"Universelles Innenzelt \\\/ Schlafkabine\"}]},{\"@type\":\"WebSite\",\"@id\":\"https:\\\/\\\/eurotrail.info\\\/#website\",\"url\":\"https:\\\/\\\/eurotrail.info\\\/\",\"name\":\"Eurotrail\",\"description\":\"\",\"publisher\":{\"@id\":\"https:\\\/\\\/eurotrail.info\\\/#organization\"},\"potentialAction\":[{\"@type\":\"SearchAction\",\"target\":{\"@type\":\"EntryPoint\",\"urlTemplate\":\"https:\\\/\\\/eurotrail.info\\\/?s={search_term_string}\"},\"query-input\":{\"@type\":\"PropertyValueSpecification\",\"valueRequired\":true,\"valueName\":\"search_term_string\"}}],\"inLanguage\":\"de\"},{\"@type\":\"Organization\",\"@id\":\"https:\\\/\\\/eurotrail.info\\\/#organization\",\"name\":\"Eurotrail\",\"url\":\"https:\\\/\\\/eurotrail.info\\\/\",\"logo\":{\"@type\":\"ImageObject\",\"inLanguage\":\"de\",\"@id\":\"https:\\\/\\\/eurotrail.info\\\/#\\\/schema\\\/logo\\\/image\\\/\",\"url\":\"https:\\\/\\\/eurotrail.info\\\/wp\\\/wp-content\\\/uploads\\\/2023\\\/07\\\/ET-logo-quote_NL-scaled.jpg\",\"contentUrl\":\"https:\\\/\\\/eurotrail.info\\\/wp\\\/wp-content\\\/uploads\\\/2023\\\/07\\\/ET-logo-quote_NL-scaled.jpg\",\"width\":2560,\"height\":675,\"caption\":\"Eurotrail\"},\"image\":{\"@id\":\"https:\\\/\\\/eurotrail.info\\\/#\\\/schema\\\/logo\\\/image\\\/\"}}]}<\/script>\n<!-- \/ Yoast SEO plugin. -->","yoast_head_json":{"title":"Universelles Innenzelt \/ Schlafkabine - Eurotrail","robots":{"index":"index","follow":"follow","max-snippet":"max-snippet:-1","max-image-preview":"max-image-preview:large","max-video-preview":"max-video-preview:-1"},"canonical":"https:\/\/eurotrail.info\/de\/producten\/wohnwagenwohnmobilebus\/schlafkabinen-fuer-vorzelt\/universelles-innenzelt-schlafkabine\/","og_locale":"de_DE","og_type":"article","og_title":"Universelles Innenzelt \/ Schlafkabine - Eurotrail","og_description":"Dieses 2-Personen-Innenzelt kann \u00fcberall als Schlafkabine genutzt werden. Im Vorzelt als zus\u00e4tzlicher Schlafplatz, in einem Reisezelt oder auch in einem Buszelt. Es ist freistehend und&hellip;","og_url":"https:\/\/eurotrail.info\/de\/producten\/wohnwagenwohnmobilebus\/schlafkabinen-fuer-vorzelt\/universelles-innenzelt-schlafkabine\/","og_site_name":"Eurotrail","article_modified_time":"2021-02-17T16:08:25+00:00","og_image":[{"width":1772,"height":1501,"url":"https:\/\/eurotrail.info\/wp\/wp-content\/uploads\/2020\/11\/ETCT0096-Freestanding-Innertent-21.jpg","type":"image\/jpeg"}],"twitter_card":"summary_large_image","schema":{"@context":"https:\/\/schema.org","@graph":[{"@type":"WebPage","@id":"https:\/\/eurotrail.info\/de\/producten\/wohnwagenwohnmobilebus\/schlafkabinen-fuer-vorzelt\/universelles-innenzelt-schlafkabine\/","url":"https:\/\/eurotrail.info\/de\/producten\/wohnwagenwohnmobilebus\/schlafkabinen-fuer-vorzelt\/universelles-innenzelt-schlafkabine\/","name":"Universelles Innenzelt \/ Schlafkabine - Eurotrail","isPartOf":{"@id":"https:\/\/eurotrail.info\/#website"},"primaryImageOfPage":{"@id":"https:\/\/eurotrail.info\/de\/producten\/wohnwagenwohnmobilebus\/schlafkabinen-fuer-vorzelt\/universelles-innenzelt-schlafkabine\/#primaryimage"},"image":{"@id":"https:\/\/eurotrail.info\/de\/producten\/wohnwagenwohnmobilebus\/schlafkabinen-fuer-vorzelt\/universelles-innenzelt-schlafkabine\/#primaryimage"},"thumbnailUrl":"https:\/\/eurotrail.info\/wp\/wp-content\/uploads\/2020\/11\/ETCT0096-Freestanding-Innertent-21.jpg","datePublished":"2020-11-24T13:45:17+00:00","dateModified":"2021-02-17T16:08:25+00:00","breadcrumb":{"@id":"https:\/\/eurotrail.info\/de\/producten\/wohnwagenwohnmobilebus\/schlafkabinen-fuer-vorzelt\/universelles-innenzelt-schlafkabine\/#breadcrumb"},"inLanguage":"de","potentialAction":[{"@type":"ReadAction","target":["https:\/\/eurotrail.info\/de\/producten\/wohnwagenwohnmobilebus\/schlafkabinen-fuer-vorzelt\/universelles-innenzelt-schlafkabine\/"]}]},{"@type":"ImageObject","inLanguage":"de","@id":"https:\/\/eurotrail.info\/de\/producten\/wohnwagenwohnmobilebus\/schlafkabinen-fuer-vorzelt\/universelles-innenzelt-schlafkabine\/#primaryimage","url":"https:\/\/eurotrail.info\/wp\/wp-content\/uploads\/2020\/11\/ETCT0096-Freestanding-Innertent-21.jpg","contentUrl":"https:\/\/eurotrail.info\/wp\/wp-content\/uploads\/2020\/11\/ETCT0096-Freestanding-Innertent-21.jpg","width":1772,"height":1501,"caption":"eUROTRAIL binnentent\/slaapcabine"},{"@type":"BreadcrumbList","@id":"https:\/\/eurotrail.info\/de\/producten\/wohnwagenwohnmobilebus\/schlafkabinen-fuer-vorzelt\/universelles-innenzelt-schlafkabine\/#breadcrumb","itemListElement":[{"@type":"ListItem","position":1,"name":"Home","item":"https:\/\/eurotrail.info\/de\/"},{"@type":"ListItem","position":2,"name":"Produkte","item":"https:\/\/eurotrail.info\/de\/produkte\/"},{"@type":"ListItem","position":3,"name":"Universelles Innenzelt \/ Schlafkabine"}]},{"@type":"WebSite","@id":"https:\/\/eurotrail.info\/#website","url":"https:\/\/eurotrail.info\/","name":"Eurotrail","description":"","publisher":{"@id":"https:\/\/eurotrail.info\/#organization"},"potentialAction":[{"@type":"SearchAction","target":{"@type":"EntryPoint","urlTemplate":"https:\/\/eurotrail.info\/?s={search_term_string}"},"query-input":{"@type":"PropertyValueSpecification","valueRequired":true,"valueName":"search_term_string"}}],"inLanguage":"de"},{"@type":"Organization","@id":"https:\/\/eurotrail.info\/#organization","name":"Eurotrail","url":"https:\/\/eurotrail.info\/","logo":{"@type":"ImageObject","inLanguage":"de","@id":"https:\/\/eurotrail.info\/#\/schema\/logo\/image\/","url":"https:\/\/eurotrail.info\/wp\/wp-content\/uploads\/2023\/07\/ET-logo-quote_NL-scaled.jpg","contentUrl":"https:\/\/eurotrail.info\/wp\/wp-content\/uploads\/2023\/07\/ET-logo-quote_NL-scaled.jpg","width":2560,"height":675,"caption":"Eurotrail"},"image":{"@id":"https:\/\/eurotrail.info\/#\/schema\/logo\/image\/"}}]}},"_links":{"self":[{"href":"https:\/\/eurotrail.info\/de\/wp-json\/wp\/v2\/product\/11531","targetHints":{"allow":["GET"]}}],"collection":[{"href":"https:\/\/eurotrail.info\/de\/wp-json\/wp\/v2\/product"}],"about":[{"href":"https:\/\/eurotrail.info\/de\/wp-json\/wp\/v2\/types\/product"}],"replies":[{"embeddable":true,"href":"https:\/\/eurotrail.info\/de\/wp-json\/wp\/v2\/comments?post=11531"}],"wp:featuredmedia":[{"embeddable":true,"href":"https:\/\/eurotrail.info\/de\/wp-json\/wp\/v2\/media\/11522"}],"wp:attachment":[{"href":"https:\/\/eurotrail.info\/de\/wp-json\/wp\/v2\/media?parent=11531"}],"wp:term":[{"taxonomy":"product_brand","embeddable":true,"href":"https:\/\/eurotrail.info\/de\/wp-json\/wp\/v2\/product_brand?post=11531"},{"taxonomy":"product_cat","embeddable":true,"href":"https:\/\/eurotrail.info\/de\/wp-json\/wp\/v2\/product_cat?post=11531"},{"taxonomy":"product_tag","embeddable":true,"href":"https:\/\/eurotrail.info\/de\/wp-json\/wp\/v2\/product_tag?post=11531"}],"curies":[{"name":"wp","href":"https:\/\/api.w.org\/{rel}","templated":true}]}}