{"id":11563,"date":"2020-11-24T14:53:37","date_gmt":"2020-11-24T13:53:37","guid":{"rendered":"https:\/\/eurotrail.info\/producten\/blue-creek-toilettenzelt-douchezelt\/"},"modified":"2022-02-07T17:00:00","modified_gmt":"2022-02-07T16:00:00","slug":"blue-creek-toilettenzelt-douchezelt","status":"publish","type":"product","link":"https:\/\/eurotrail.info\/de\/producten\/zelte\/geraeterzelte\/blue-creek-toilettenzelt-douchezelt\/","title":{"rendered":"Blue Creek &#8211; Toilettenzelt\/Douchezelt"},"content":{"rendered":"<p>Ger\u00e4umiges Toilettenzelt auch als Duschzelt geeignet. Schnell einzurichten und mit gro\u00dfer Eingangst\u00fcr.<\/p>\n<p>2 abschlie\u00dfbare Netzfenster, 2 Utensilientasche f\u00fcr Toilettenartikel und ein Nylonband zum Aufh\u00e4ngen des Toilettenhandtuchs.<\/p>\n<p>Gr\u00f6\u00dfe: 130x130x210cm<br \/>\nMaterial: 100% Polyester 190T<br \/>\nGest\u00e1nge: \u00d8 8,5 Firberglasstangen.<br \/>\nPackma\u03b2: 55x15x13cm<br \/>\nGewicht: 2450 gr.<\/p>\n","protected":false},"excerpt":{"rendered":"<p>Ger\u00e4umiges Toilettenzelt auch als Duschzelt geeignet. Schnell einzurichten und mit gro\u00dfer Eingangst\u00fcr. 2 abschlie\u00dfbare Netzfenster, 2 Utensilientasche f\u00fcr Toilettenartikel und ein Nylonband zum Aufh\u00e4ngen des&hellip;<\/p>\n","protected":false},"featured_media":11562,"comment_status":"open","ping_status":"closed","template":"","meta":{"_acf_changed":false},"product_brand":[],"product_cat":[100,98],"product_tag":[],"class_list":{"0":"post-11563","1":"product","2":"type-product","3":"status-publish","4":"has-post-thumbnail","6":"product_cat-geraeterzelte","7":"product_cat-zelte","9":"first","10":"instock","11":"shipping-taxable","12":"product-type-simple"},"acf":[],"yoast_head":"<!-- This site is optimized with the Yoast SEO plugin v27.4 - https:\/\/yoast.com\/product\/yoast-seo-wordpress\/ -->\n<title>Blue Creek - Toilettenzelt\/Douchezelt - Eurotrail<\/title>\n<meta name=\"description\" content=\"Toilettenzelt \/Duschzelt. Schnell einzurichten und mit gro\u00dfer Eingangst\u00fcr. 2 abschlie\u00dfbare Netzfenster, 2 Utensilientasche.\" \/>\n<meta name=\"robots\" content=\"index, follow, max-snippet:-1, max-image-preview:large, max-video-preview:-1\" \/>\n<link rel=\"canonical\" href=\"https:\/\/eurotrail.info\/de\/producten\/zelte\/geraeterzelte\/blue-creek-toilettenzelt-douchezelt\/\" \/>\n<meta property=\"og:locale\" content=\"de_DE\" \/>\n<meta property=\"og:type\" content=\"article\" \/>\n<meta property=\"og:title\" content=\"Blue Creek - Toilettenzelt\/Douchezelt - Eurotrail\" \/>\n<meta property=\"og:description\" content=\"Toilettenzelt \/Duschzelt. Schnell einzurichten und mit gro\u00dfer Eingangst\u00fcr. 2 abschlie\u00dfbare Netzfenster, 2 Utensilientasche.\" \/>\n<meta property=\"og:url\" content=\"https:\/\/eurotrail.info\/de\/producten\/zelte\/geraeterzelte\/blue-creek-toilettenzelt-douchezelt\/\" \/>\n<meta property=\"og:site_name\" content=\"Eurotrail\" \/>\n<meta property=\"article:modified_time\" content=\"2022-02-07T16:00:00+00:00\" \/>\n<meta property=\"og:image\" content=\"https:\/\/eurotrail.info\/wp\/wp-content\/uploads\/2020\/11\/ETTE0076-Blue-Creek-Open-21.jpg\" \/>\n\t<meta property=\"og:image:width\" content=\"1243\" \/>\n\t<meta property=\"og:image:height\" content=\"1772\" \/>\n\t<meta property=\"og:image:type\" content=\"image\/jpeg\" \/>\n<meta name=\"twitter:card\" content=\"summary_large_image\" \/>\n<script type=\"application\/ld+json\" class=\"yoast-schema-graph\">{\"@context\":\"https:\\\/\\\/schema.org\",\"@graph\":[{\"@type\":\"WebPage\",\"@id\":\"https:\\\/\\\/eurotrail.info\\\/de\\\/producten\\\/zelte\\\/geraeterzelte\\\/blue-creek-toilettenzelt-douchezelt\\\/\",\"url\":\"https:\\\/\\\/eurotrail.info\\\/de\\\/producten\\\/zelte\\\/geraeterzelte\\\/blue-creek-toilettenzelt-douchezelt\\\/\",\"name\":\"Blue Creek - Toilettenzelt\\\/Douchezelt - Eurotrail\",\"isPartOf\":{\"@id\":\"https:\\\/\\\/eurotrail.info\\\/#website\"},\"primaryImageOfPage\":{\"@id\":\"https:\\\/\\\/eurotrail.info\\\/de\\\/producten\\\/zelte\\\/geraeterzelte\\\/blue-creek-toilettenzelt-douchezelt\\\/#primaryimage\"},\"image\":{\"@id\":\"https:\\\/\\\/eurotrail.info\\\/de\\\/producten\\\/zelte\\\/geraeterzelte\\\/blue-creek-toilettenzelt-douchezelt\\\/#primaryimage\"},\"thumbnailUrl\":\"https:\\\/\\\/eurotrail.info\\\/wp\\\/wp-content\\\/uploads\\\/2020\\\/11\\\/ETTE0076-Blue-Creek-Open-21.jpg\",\"datePublished\":\"2020-11-24T13:53:37+00:00\",\"dateModified\":\"2022-02-07T16:00:00+00:00\",\"description\":\"Toilettenzelt \\\/Duschzelt. Schnell einzurichten und mit gro\u00dfer Eingangst\u00fcr. 2 abschlie\u00dfbare Netzfenster, 2 Utensilientasche.\",\"breadcrumb\":{\"@id\":\"https:\\\/\\\/eurotrail.info\\\/de\\\/producten\\\/zelte\\\/geraeterzelte\\\/blue-creek-toilettenzelt-douchezelt\\\/#breadcrumb\"},\"inLanguage\":\"de\",\"potentialAction\":[{\"@type\":\"ReadAction\",\"target\":[\"https:\\\/\\\/eurotrail.info\\\/de\\\/producten\\\/zelte\\\/geraeterzelte\\\/blue-creek-toilettenzelt-douchezelt\\\/\"]}]},{\"@type\":\"ImageObject\",\"inLanguage\":\"de\",\"@id\":\"https:\\\/\\\/eurotrail.info\\\/de\\\/producten\\\/zelte\\\/geraeterzelte\\\/blue-creek-toilettenzelt-douchezelt\\\/#primaryimage\",\"url\":\"https:\\\/\\\/eurotrail.info\\\/wp\\\/wp-content\\\/uploads\\\/2020\\\/11\\\/ETTE0076-Blue-Creek-Open-21.jpg\",\"contentUrl\":\"https:\\\/\\\/eurotrail.info\\\/wp\\\/wp-content\\\/uploads\\\/2020\\\/11\\\/ETTE0076-Blue-Creek-Open-21.jpg\",\"width\":1243,\"height\":1772,\"caption\":\"Eurotrail douche \\\/ toilettent\"},{\"@type\":\"BreadcrumbList\",\"@id\":\"https:\\\/\\\/eurotrail.info\\\/de\\\/producten\\\/zelte\\\/geraeterzelte\\\/blue-creek-toilettenzelt-douchezelt\\\/#breadcrumb\",\"itemListElement\":[{\"@type\":\"ListItem\",\"position\":1,\"name\":\"Home\",\"item\":\"https:\\\/\\\/eurotrail.info\\\/de\\\/\"},{\"@type\":\"ListItem\",\"position\":2,\"name\":\"Produkte\",\"item\":\"https:\\\/\\\/eurotrail.info\\\/de\\\/produkte\\\/\"},{\"@type\":\"ListItem\",\"position\":3,\"name\":\"Blue Creek &#8211; Toilettenzelt\\\/Douchezelt\"}]},{\"@type\":\"WebSite\",\"@id\":\"https:\\\/\\\/eurotrail.info\\\/#website\",\"url\":\"https:\\\/\\\/eurotrail.info\\\/\",\"name\":\"Eurotrail\",\"description\":\"\",\"publisher\":{\"@id\":\"https:\\\/\\\/eurotrail.info\\\/#organization\"},\"potentialAction\":[{\"@type\":\"SearchAction\",\"target\":{\"@type\":\"EntryPoint\",\"urlTemplate\":\"https:\\\/\\\/eurotrail.info\\\/?s={search_term_string}\"},\"query-input\":{\"@type\":\"PropertyValueSpecification\",\"valueRequired\":true,\"valueName\":\"search_term_string\"}}],\"inLanguage\":\"de\"},{\"@type\":\"Organization\",\"@id\":\"https:\\\/\\\/eurotrail.info\\\/#organization\",\"name\":\"Eurotrail\",\"url\":\"https:\\\/\\\/eurotrail.info\\\/\",\"logo\":{\"@type\":\"ImageObject\",\"inLanguage\":\"de\",\"@id\":\"https:\\\/\\\/eurotrail.info\\\/#\\\/schema\\\/logo\\\/image\\\/\",\"url\":\"https:\\\/\\\/eurotrail.info\\\/wp\\\/wp-content\\\/uploads\\\/2023\\\/07\\\/ET-logo-quote_NL-scaled.jpg\",\"contentUrl\":\"https:\\\/\\\/eurotrail.info\\\/wp\\\/wp-content\\\/uploads\\\/2023\\\/07\\\/ET-logo-quote_NL-scaled.jpg\",\"width\":2560,\"height\":675,\"caption\":\"Eurotrail\"},\"image\":{\"@id\":\"https:\\\/\\\/eurotrail.info\\\/#\\\/schema\\\/logo\\\/image\\\/\"}}]}<\/script>\n<!-- \/ Yoast SEO plugin. -->","yoast_head_json":{"title":"Blue Creek - Toilettenzelt\/Douchezelt - Eurotrail","description":"Toilettenzelt \/Duschzelt. Schnell einzurichten und mit gro\u00dfer Eingangst\u00fcr. 2 abschlie\u00dfbare Netzfenster, 2 Utensilientasche.","robots":{"index":"index","follow":"follow","max-snippet":"max-snippet:-1","max-image-preview":"max-image-preview:large","max-video-preview":"max-video-preview:-1"},"canonical":"https:\/\/eurotrail.info\/de\/producten\/zelte\/geraeterzelte\/blue-creek-toilettenzelt-douchezelt\/","og_locale":"de_DE","og_type":"article","og_title":"Blue Creek - Toilettenzelt\/Douchezelt - Eurotrail","og_description":"Toilettenzelt \/Duschzelt. Schnell einzurichten und mit gro\u00dfer Eingangst\u00fcr. 2 abschlie\u00dfbare Netzfenster, 2 Utensilientasche.","og_url":"https:\/\/eurotrail.info\/de\/producten\/zelte\/geraeterzelte\/blue-creek-toilettenzelt-douchezelt\/","og_site_name":"Eurotrail","article_modified_time":"2022-02-07T16:00:00+00:00","og_image":[{"width":1243,"height":1772,"url":"https:\/\/eurotrail.info\/wp\/wp-content\/uploads\/2020\/11\/ETTE0076-Blue-Creek-Open-21.jpg","type":"image\/jpeg"}],"twitter_card":"summary_large_image","schema":{"@context":"https:\/\/schema.org","@graph":[{"@type":"WebPage","@id":"https:\/\/eurotrail.info\/de\/producten\/zelte\/geraeterzelte\/blue-creek-toilettenzelt-douchezelt\/","url":"https:\/\/eurotrail.info\/de\/producten\/zelte\/geraeterzelte\/blue-creek-toilettenzelt-douchezelt\/","name":"Blue Creek - Toilettenzelt\/Douchezelt - Eurotrail","isPartOf":{"@id":"https:\/\/eurotrail.info\/#website"},"primaryImageOfPage":{"@id":"https:\/\/eurotrail.info\/de\/producten\/zelte\/geraeterzelte\/blue-creek-toilettenzelt-douchezelt\/#primaryimage"},"image":{"@id":"https:\/\/eurotrail.info\/de\/producten\/zelte\/geraeterzelte\/blue-creek-toilettenzelt-douchezelt\/#primaryimage"},"thumbnailUrl":"https:\/\/eurotrail.info\/wp\/wp-content\/uploads\/2020\/11\/ETTE0076-Blue-Creek-Open-21.jpg","datePublished":"2020-11-24T13:53:37+00:00","dateModified":"2022-02-07T16:00:00+00:00","description":"Toilettenzelt \/Duschzelt. Schnell einzurichten und mit gro\u00dfer Eingangst\u00fcr. 2 abschlie\u00dfbare Netzfenster, 2 Utensilientasche.","breadcrumb":{"@id":"https:\/\/eurotrail.info\/de\/producten\/zelte\/geraeterzelte\/blue-creek-toilettenzelt-douchezelt\/#breadcrumb"},"inLanguage":"de","potentialAction":[{"@type":"ReadAction","target":["https:\/\/eurotrail.info\/de\/producten\/zelte\/geraeterzelte\/blue-creek-toilettenzelt-douchezelt\/"]}]},{"@type":"ImageObject","inLanguage":"de","@id":"https:\/\/eurotrail.info\/de\/producten\/zelte\/geraeterzelte\/blue-creek-toilettenzelt-douchezelt\/#primaryimage","url":"https:\/\/eurotrail.info\/wp\/wp-content\/uploads\/2020\/11\/ETTE0076-Blue-Creek-Open-21.jpg","contentUrl":"https:\/\/eurotrail.info\/wp\/wp-content\/uploads\/2020\/11\/ETTE0076-Blue-Creek-Open-21.jpg","width":1243,"height":1772,"caption":"Eurotrail douche \/ toilettent"},{"@type":"BreadcrumbList","@id":"https:\/\/eurotrail.info\/de\/producten\/zelte\/geraeterzelte\/blue-creek-toilettenzelt-douchezelt\/#breadcrumb","itemListElement":[{"@type":"ListItem","position":1,"name":"Home","item":"https:\/\/eurotrail.info\/de\/"},{"@type":"ListItem","position":2,"name":"Produkte","item":"https:\/\/eurotrail.info\/de\/produkte\/"},{"@type":"ListItem","position":3,"name":"Blue Creek &#8211; Toilettenzelt\/Douchezelt"}]},{"@type":"WebSite","@id":"https:\/\/eurotrail.info\/#website","url":"https:\/\/eurotrail.info\/","name":"Eurotrail","description":"","publisher":{"@id":"https:\/\/eurotrail.info\/#organization"},"potentialAction":[{"@type":"SearchAction","target":{"@type":"EntryPoint","urlTemplate":"https:\/\/eurotrail.info\/?s={search_term_string}"},"query-input":{"@type":"PropertyValueSpecification","valueRequired":true,"valueName":"search_term_string"}}],"inLanguage":"de"},{"@type":"Organization","@id":"https:\/\/eurotrail.info\/#organization","name":"Eurotrail","url":"https:\/\/eurotrail.info\/","logo":{"@type":"ImageObject","inLanguage":"de","@id":"https:\/\/eurotrail.info\/#\/schema\/logo\/image\/","url":"https:\/\/eurotrail.info\/wp\/wp-content\/uploads\/2023\/07\/ET-logo-quote_NL-scaled.jpg","contentUrl":"https:\/\/eurotrail.info\/wp\/wp-content\/uploads\/2023\/07\/ET-logo-quote_NL-scaled.jpg","width":2560,"height":675,"caption":"Eurotrail"},"image":{"@id":"https:\/\/eurotrail.info\/#\/schema\/logo\/image\/"}}]}},"_links":{"self":[{"href":"https:\/\/eurotrail.info\/de\/wp-json\/wp\/v2\/product\/11563","targetHints":{"allow":["GET"]}}],"collection":[{"href":"https:\/\/eurotrail.info\/de\/wp-json\/wp\/v2\/product"}],"about":[{"href":"https:\/\/eurotrail.info\/de\/wp-json\/wp\/v2\/types\/product"}],"replies":[{"embeddable":true,"href":"https:\/\/eurotrail.info\/de\/wp-json\/wp\/v2\/comments?post=11563"}],"wp:featuredmedia":[{"embeddable":true,"href":"https:\/\/eurotrail.info\/de\/wp-json\/wp\/v2\/media\/11562"}],"wp:attachment":[{"href":"https:\/\/eurotrail.info\/de\/wp-json\/wp\/v2\/media?parent=11563"}],"wp:term":[{"taxonomy":"product_brand","embeddable":true,"href":"https:\/\/eurotrail.info\/de\/wp-json\/wp\/v2\/product_brand?post=11563"},{"taxonomy":"product_cat","embeddable":true,"href":"https:\/\/eurotrail.info\/de\/wp-json\/wp\/v2\/product_cat?post=11563"},{"taxonomy":"product_tag","embeddable":true,"href":"https:\/\/eurotrail.info\/de\/wp-json\/wp\/v2\/product_tag?post=11563"}],"curies":[{"name":"wp","href":"https:\/\/api.w.org\/{rel}","templated":true}]}}