{"id":11593,"date":"2020-11-24T15:17:42","date_gmt":"2020-11-24T14:17:42","guid":{"rendered":"https:\/\/eurotrail.info\/producten\/kendal-camping-stuhl\/"},"modified":"2026-03-05T15:30:41","modified_gmt":"2026-03-05T14:30:41","slug":"kendal-camping-stuhl","status":"publish","type":"product","link":"https:\/\/eurotrail.info\/de\/producten\/campingmoebel\/campingstuhlen-relaxstuhlen-eurotrail\/kendal-camping-stuhl\/","title":{"rendered":"Kendal &#8211; Camping Stuhl"},"content":{"rendered":"<h5>Verstellbarer Campingstuhl mit hoher R\u00fcckenlehne und extra Komfort<\/h5>\n<p>Der Kendal Campingstuhl bietet die perfekte Kombination aus Komfort, Stabilit\u00e4t und Benutzerfreundlichkeit. Dank der hohen R\u00fcckenlehne und der integrierten Kopfst\u00fctze k\u00f6nnen Sie sich jederzeit entspannt zur\u00fccklehnen \u2013 egal ob auf dem Campingplatz, im Garten oder unterwegs mit Ihrem Wohnwagen oder Wohnmobil.<\/p>\n<p>Der Stuhl ist mit weichem, gepolstertem Air-Mesh-Material bezogen, das nicht nur bequem, sondern auch gut bel\u00fcftet ist. So bleibt der Stuhl auch an hei\u00dfen Sommertagen angenehm.<\/p>\n<p>Das robuste und leichte Aluminium-D-Gestell sorgt f\u00fcr Stabilit\u00e4t und erm\u00f6glicht ein einfaches Umstellen des Stuhls. Die R\u00fcckenlehne ist in 7 Positionen verstellbar, sodass Sie immer die passende Sitzposition finden \u2013 vom aktiven Sitzen bis zum entspannten Zur\u00fccklehnen. Breite, bequeme Armlehnen runden das Angebot ab.<\/p>\n<p>Nach Gebrauch l\u00e4sst sich der Kendal Campingstuhl einfach zusammenklappen und ben\u00f6tigt so wenig Platz beim Transport oder der Lagerung.<\/p>\n<p>F\u00fcr zus\u00e4tzlichen Komfort ist optional eine passende Fu\u00dfst\u00fctze erh\u00e4ltlich, mit der Sie den Stuhl im Handumdrehen in einen bequemen Liegestuhl verwandeln k\u00f6nnen.<\/p>\n<p>Eigenschaften:<br \/>\n* Komfortabler Campingstuhl mit hoher R\u00fcckenlehne<br \/>\n* R\u00fcckenlehne mehrfach verstellbar<br \/>\n* Integrierte Kopfst\u00fctze f\u00fcr zus\u00e4tzlichen Halt<br \/>\n* Bezug aus atmungsaktivem Mesh-Gewebe<br \/>\n* Robustes und leichtes Aluminium-D-Gestell<br \/>\n* Kompakt, faltbar und leicht zu transportieren<br \/>\n* Optionale Fu\u00dfst\u00fctze f\u00fcr mehr Komfort<\/p>\n<p>Der Kendal ist ein idealer, verstellbarer Campingstuhl.<\/p>\n<p>Material: 100% Polyester Air Mesh + 600gr Textilene R\u00fccken, 2 cm Schaumstoffpolsterung.<br \/>\nRahmen: Aluminium D-Rahmen<br \/>\nGr\u00f6\u00dfe: 47x44x120cm<br \/>\nGefaltet: 101x60x11cm<br \/>\nGewicht: 4,6 kg.<br \/>\nMax. Belastung: 120 kg.<\/p>\n","protected":false},"excerpt":{"rendered":"<p>Verstellbarer Campingstuhl mit hoher R\u00fcckenlehne und extra Komfort Der Kendal Campingstuhl bietet die perfekte Kombination aus Komfort, Stabilit\u00e4t und Benutzerfreundlichkeit. Dank der hohen R\u00fcckenlehne und&hellip;<\/p>\n","protected":false},"featured_media":30221,"comment_status":"open","ping_status":"closed","template":"","meta":{"_acf_changed":false},"product_brand":[],"product_cat":[82,84],"product_tag":[],"class_list":{"0":"post-11593","1":"product","2":"type-product","3":"status-publish","4":"has-post-thumbnail","6":"product_cat-campingmoebel","7":"product_cat-campingstuhlen-relaxstuhlen-eurotrail","9":"first","10":"instock","11":"shipping-taxable","12":"product-type-simple"},"acf":[],"yoast_head":"<!-- This site is optimized with the Yoast SEO plugin v27.4 - https:\/\/yoast.com\/product\/yoast-seo-wordpress\/ -->\n<title>Kendal - Camping Stuhl - Eurotrail<\/title>\n<meta name=\"robots\" content=\"index, follow, max-snippet:-1, max-image-preview:large, max-video-preview:-1\" \/>\n<link rel=\"canonical\" href=\"https:\/\/eurotrail.info\/de\/producten\/campingmoebel\/campingstuhlen-relaxstuhlen-eurotrail\/kendal-camping-stuhl\/\" \/>\n<meta property=\"og:locale\" content=\"de_DE\" \/>\n<meta property=\"og:type\" content=\"article\" \/>\n<meta property=\"og:title\" content=\"Kendal - Camping Stuhl - Eurotrail\" \/>\n<meta property=\"og:description\" content=\"Verstellbarer Campingstuhl mit hoher R\u00fcckenlehne und extra Komfort Der Kendal Campingstuhl bietet die perfekte Kombination aus Komfort, Stabilit\u00e4t und Benutzerfreundlichkeit. Dank der hohen R\u00fcckenlehne und&hellip;\" \/>\n<meta property=\"og:url\" content=\"https:\/\/eurotrail.info\/de\/producten\/campingmoebel\/campingstuhlen-relaxstuhlen-eurotrail\/kendal-camping-stuhl\/\" \/>\n<meta property=\"og:site_name\" content=\"Eurotrail\" \/>\n<meta property=\"article:modified_time\" content=\"2026-03-05T14:30:41+00:00\" \/>\n<meta property=\"og:image\" content=\"https:\/\/eurotrail.info\/wp\/wp-content\/uploads\/2020\/11\/ETCF1446-b-scaled.jpg\" \/>\n\t<meta property=\"og:image:width\" content=\"1574\" \/>\n\t<meta property=\"og:image:height\" content=\"2560\" \/>\n\t<meta property=\"og:image:type\" content=\"image\/jpeg\" \/>\n<meta name=\"twitter:card\" content=\"summary_large_image\" \/>\n<meta name=\"twitter:label1\" content=\"Gesch\u00e4tzte Lesezeit\" \/>\n\t<meta name=\"twitter:data1\" content=\"2\u00a0Minuten\" \/>\n<script type=\"application\/ld+json\" class=\"yoast-schema-graph\">{\"@context\":\"https:\\\/\\\/schema.org\",\"@graph\":[{\"@type\":\"WebPage\",\"@id\":\"https:\\\/\\\/eurotrail.info\\\/de\\\/producten\\\/campingmoebel\\\/campingstuhlen-relaxstuhlen-eurotrail\\\/kendal-camping-stuhl\\\/\",\"url\":\"https:\\\/\\\/eurotrail.info\\\/de\\\/producten\\\/campingmoebel\\\/campingstuhlen-relaxstuhlen-eurotrail\\\/kendal-camping-stuhl\\\/\",\"name\":\"Kendal - Camping Stuhl - Eurotrail\",\"isPartOf\":{\"@id\":\"https:\\\/\\\/eurotrail.info\\\/#website\"},\"primaryImageOfPage\":{\"@id\":\"https:\\\/\\\/eurotrail.info\\\/de\\\/producten\\\/campingmoebel\\\/campingstuhlen-relaxstuhlen-eurotrail\\\/kendal-camping-stuhl\\\/#primaryimage\"},\"image\":{\"@id\":\"https:\\\/\\\/eurotrail.info\\\/de\\\/producten\\\/campingmoebel\\\/campingstuhlen-relaxstuhlen-eurotrail\\\/kendal-camping-stuhl\\\/#primaryimage\"},\"thumbnailUrl\":\"https:\\\/\\\/eurotrail.info\\\/wp\\\/wp-content\\\/uploads\\\/2020\\\/11\\\/ETCF1446-b-scaled.jpg\",\"datePublished\":\"2020-11-24T14:17:42+00:00\",\"dateModified\":\"2026-03-05T14:30:41+00:00\",\"breadcrumb\":{\"@id\":\"https:\\\/\\\/eurotrail.info\\\/de\\\/producten\\\/campingmoebel\\\/campingstuhlen-relaxstuhlen-eurotrail\\\/kendal-camping-stuhl\\\/#breadcrumb\"},\"inLanguage\":\"de\",\"potentialAction\":[{\"@type\":\"ReadAction\",\"target\":[\"https:\\\/\\\/eurotrail.info\\\/de\\\/producten\\\/campingmoebel\\\/campingstuhlen-relaxstuhlen-eurotrail\\\/kendal-camping-stuhl\\\/\"]}]},{\"@type\":\"ImageObject\",\"inLanguage\":\"de\",\"@id\":\"https:\\\/\\\/eurotrail.info\\\/de\\\/producten\\\/campingmoebel\\\/campingstuhlen-relaxstuhlen-eurotrail\\\/kendal-camping-stuhl\\\/#primaryimage\",\"url\":\"https:\\\/\\\/eurotrail.info\\\/wp\\\/wp-content\\\/uploads\\\/2020\\\/11\\\/ETCF1446-b-scaled.jpg\",\"contentUrl\":\"https:\\\/\\\/eurotrail.info\\\/wp\\\/wp-content\\\/uploads\\\/2020\\\/11\\\/ETCF1446-b-scaled.jpg\",\"width\":1574,\"height\":2560},{\"@type\":\"BreadcrumbList\",\"@id\":\"https:\\\/\\\/eurotrail.info\\\/de\\\/producten\\\/campingmoebel\\\/campingstuhlen-relaxstuhlen-eurotrail\\\/kendal-camping-stuhl\\\/#breadcrumb\",\"itemListElement\":[{\"@type\":\"ListItem\",\"position\":1,\"name\":\"Home\",\"item\":\"https:\\\/\\\/eurotrail.info\\\/de\\\/\"},{\"@type\":\"ListItem\",\"position\":2,\"name\":\"Produkte\",\"item\":\"https:\\\/\\\/eurotrail.info\\\/de\\\/produkte\\\/\"},{\"@type\":\"ListItem\",\"position\":3,\"name\":\"Kendal &#8211; Camping Stuhl\"}]},{\"@type\":\"WebSite\",\"@id\":\"https:\\\/\\\/eurotrail.info\\\/#website\",\"url\":\"https:\\\/\\\/eurotrail.info\\\/\",\"name\":\"Eurotrail\",\"description\":\"\",\"publisher\":{\"@id\":\"https:\\\/\\\/eurotrail.info\\\/#organization\"},\"potentialAction\":[{\"@type\":\"SearchAction\",\"target\":{\"@type\":\"EntryPoint\",\"urlTemplate\":\"https:\\\/\\\/eurotrail.info\\\/?s={search_term_string}\"},\"query-input\":{\"@type\":\"PropertyValueSpecification\",\"valueRequired\":true,\"valueName\":\"search_term_string\"}}],\"inLanguage\":\"de\"},{\"@type\":\"Organization\",\"@id\":\"https:\\\/\\\/eurotrail.info\\\/#organization\",\"name\":\"Eurotrail\",\"url\":\"https:\\\/\\\/eurotrail.info\\\/\",\"logo\":{\"@type\":\"ImageObject\",\"inLanguage\":\"de\",\"@id\":\"https:\\\/\\\/eurotrail.info\\\/#\\\/schema\\\/logo\\\/image\\\/\",\"url\":\"https:\\\/\\\/eurotrail.info\\\/wp\\\/wp-content\\\/uploads\\\/2023\\\/07\\\/ET-logo-quote_NL-scaled.jpg\",\"contentUrl\":\"https:\\\/\\\/eurotrail.info\\\/wp\\\/wp-content\\\/uploads\\\/2023\\\/07\\\/ET-logo-quote_NL-scaled.jpg\",\"width\":2560,\"height\":675,\"caption\":\"Eurotrail\"},\"image\":{\"@id\":\"https:\\\/\\\/eurotrail.info\\\/#\\\/schema\\\/logo\\\/image\\\/\"}}]}<\/script>\n<!-- \/ Yoast SEO plugin. -->","yoast_head_json":{"title":"Kendal - Camping Stuhl - Eurotrail","robots":{"index":"index","follow":"follow","max-snippet":"max-snippet:-1","max-image-preview":"max-image-preview:large","max-video-preview":"max-video-preview:-1"},"canonical":"https:\/\/eurotrail.info\/de\/producten\/campingmoebel\/campingstuhlen-relaxstuhlen-eurotrail\/kendal-camping-stuhl\/","og_locale":"de_DE","og_type":"article","og_title":"Kendal - Camping Stuhl - Eurotrail","og_description":"Verstellbarer Campingstuhl mit hoher R\u00fcckenlehne und extra Komfort Der Kendal Campingstuhl bietet die perfekte Kombination aus Komfort, Stabilit\u00e4t und Benutzerfreundlichkeit. Dank der hohen R\u00fcckenlehne und&hellip;","og_url":"https:\/\/eurotrail.info\/de\/producten\/campingmoebel\/campingstuhlen-relaxstuhlen-eurotrail\/kendal-camping-stuhl\/","og_site_name":"Eurotrail","article_modified_time":"2026-03-05T14:30:41+00:00","og_image":[{"width":1574,"height":2560,"url":"https:\/\/eurotrail.info\/wp\/wp-content\/uploads\/2020\/11\/ETCF1446-b-scaled.jpg","type":"image\/jpeg"}],"twitter_card":"summary_large_image","twitter_misc":{"Gesch\u00e4tzte Lesezeit":"2\u00a0Minuten"},"schema":{"@context":"https:\/\/schema.org","@graph":[{"@type":"WebPage","@id":"https:\/\/eurotrail.info\/de\/producten\/campingmoebel\/campingstuhlen-relaxstuhlen-eurotrail\/kendal-camping-stuhl\/","url":"https:\/\/eurotrail.info\/de\/producten\/campingmoebel\/campingstuhlen-relaxstuhlen-eurotrail\/kendal-camping-stuhl\/","name":"Kendal - Camping Stuhl - Eurotrail","isPartOf":{"@id":"https:\/\/eurotrail.info\/#website"},"primaryImageOfPage":{"@id":"https:\/\/eurotrail.info\/de\/producten\/campingmoebel\/campingstuhlen-relaxstuhlen-eurotrail\/kendal-camping-stuhl\/#primaryimage"},"image":{"@id":"https:\/\/eurotrail.info\/de\/producten\/campingmoebel\/campingstuhlen-relaxstuhlen-eurotrail\/kendal-camping-stuhl\/#primaryimage"},"thumbnailUrl":"https:\/\/eurotrail.info\/wp\/wp-content\/uploads\/2020\/11\/ETCF1446-b-scaled.jpg","datePublished":"2020-11-24T14:17:42+00:00","dateModified":"2026-03-05T14:30:41+00:00","breadcrumb":{"@id":"https:\/\/eurotrail.info\/de\/producten\/campingmoebel\/campingstuhlen-relaxstuhlen-eurotrail\/kendal-camping-stuhl\/#breadcrumb"},"inLanguage":"de","potentialAction":[{"@type":"ReadAction","target":["https:\/\/eurotrail.info\/de\/producten\/campingmoebel\/campingstuhlen-relaxstuhlen-eurotrail\/kendal-camping-stuhl\/"]}]},{"@type":"ImageObject","inLanguage":"de","@id":"https:\/\/eurotrail.info\/de\/producten\/campingmoebel\/campingstuhlen-relaxstuhlen-eurotrail\/kendal-camping-stuhl\/#primaryimage","url":"https:\/\/eurotrail.info\/wp\/wp-content\/uploads\/2020\/11\/ETCF1446-b-scaled.jpg","contentUrl":"https:\/\/eurotrail.info\/wp\/wp-content\/uploads\/2020\/11\/ETCF1446-b-scaled.jpg","width":1574,"height":2560},{"@type":"BreadcrumbList","@id":"https:\/\/eurotrail.info\/de\/producten\/campingmoebel\/campingstuhlen-relaxstuhlen-eurotrail\/kendal-camping-stuhl\/#breadcrumb","itemListElement":[{"@type":"ListItem","position":1,"name":"Home","item":"https:\/\/eurotrail.info\/de\/"},{"@type":"ListItem","position":2,"name":"Produkte","item":"https:\/\/eurotrail.info\/de\/produkte\/"},{"@type":"ListItem","position":3,"name":"Kendal &#8211; Camping Stuhl"}]},{"@type":"WebSite","@id":"https:\/\/eurotrail.info\/#website","url":"https:\/\/eurotrail.info\/","name":"Eurotrail","description":"","publisher":{"@id":"https:\/\/eurotrail.info\/#organization"},"potentialAction":[{"@type":"SearchAction","target":{"@type":"EntryPoint","urlTemplate":"https:\/\/eurotrail.info\/?s={search_term_string}"},"query-input":{"@type":"PropertyValueSpecification","valueRequired":true,"valueName":"search_term_string"}}],"inLanguage":"de"},{"@type":"Organization","@id":"https:\/\/eurotrail.info\/#organization","name":"Eurotrail","url":"https:\/\/eurotrail.info\/","logo":{"@type":"ImageObject","inLanguage":"de","@id":"https:\/\/eurotrail.info\/#\/schema\/logo\/image\/","url":"https:\/\/eurotrail.info\/wp\/wp-content\/uploads\/2023\/07\/ET-logo-quote_NL-scaled.jpg","contentUrl":"https:\/\/eurotrail.info\/wp\/wp-content\/uploads\/2023\/07\/ET-logo-quote_NL-scaled.jpg","width":2560,"height":675,"caption":"Eurotrail"},"image":{"@id":"https:\/\/eurotrail.info\/#\/schema\/logo\/image\/"}}]}},"_links":{"self":[{"href":"https:\/\/eurotrail.info\/de\/wp-json\/wp\/v2\/product\/11593","targetHints":{"allow":["GET"]}}],"collection":[{"href":"https:\/\/eurotrail.info\/de\/wp-json\/wp\/v2\/product"}],"about":[{"href":"https:\/\/eurotrail.info\/de\/wp-json\/wp\/v2\/types\/product"}],"replies":[{"embeddable":true,"href":"https:\/\/eurotrail.info\/de\/wp-json\/wp\/v2\/comments?post=11593"}],"wp:featuredmedia":[{"embeddable":true,"href":"https:\/\/eurotrail.info\/de\/wp-json\/wp\/v2\/media\/30221"}],"wp:attachment":[{"href":"https:\/\/eurotrail.info\/de\/wp-json\/wp\/v2\/media?parent=11593"}],"wp:term":[{"taxonomy":"product_brand","embeddable":true,"href":"https:\/\/eurotrail.info\/de\/wp-json\/wp\/v2\/product_brand?post=11593"},{"taxonomy":"product_cat","embeddable":true,"href":"https:\/\/eurotrail.info\/de\/wp-json\/wp\/v2\/product_cat?post=11593"},{"taxonomy":"product_tag","embeddable":true,"href":"https:\/\/eurotrail.info\/de\/wp-json\/wp\/v2\/product_tag?post=11593"}],"curies":[{"name":"wp","href":"https:\/\/api.w.org\/{rel}","templated":true}]}}