{"id":11750,"date":"2020-11-25T13:35:23","date_gmt":"2020-11-25T12:35:23","guid":{"rendered":"https:\/\/eurotrail.info\/producten\/wasserkocher-230v\/"},"modified":"2023-02-13T16:37:28","modified_gmt":"2023-02-13T15:37:28","slug":"wasserkocher-230v","status":"publish","type":"product","link":"https:\/\/eurotrail.info\/de\/producten\/haushaltartikel\/elektrische-kuechengeraete\/wasserkocher-230v\/","title":{"rendered":"Wasserkocher 1.5 ltr. &#8211; 230V"},"content":{"rendered":"<p>Der Eurotrail Wasserkocher ist kompakt und einfach zu bedienen. Mit einem Inhalt von 1,5 Litern hat der Wasserkocher ein sehr gro\u00dfes Volumen, w\u00e4hrend die 900-W-Leistung daf\u00fcr sorgt, dass Sie nicht lange auf das Kochen des Wassers warten m\u00fcssen, und ihn somit f\u00fcr Campingzwecke geeignet macht.<\/p>\n<p>Bedienung<br \/>\nDer Wasserkocher ist von der Basisstation abnehmbar und daher praktisch zu bedienen. Die transparten Anzeige f\u00fcr den Wasserstand und die Anzeige f\u00fcr den maximalen Wassergehalt geben an, wie viel Wasser Sie in den Wasserkocher geben k\u00f6nnen. Er ist einfach \u00fcber den Ein \/ Aus-Schalter zu bedienen und dank der LED-Leuchte k\u00f6nnen Sie sofort erkennen, ob der Wasserkocher eingeschaltet ist. Sobald das Wasser kocht, schaltet sich der Wasserkocher automatisch aus.<\/p>\n<p>Sicher zu benutzen<br \/>\nDer Eurotrail-Wasserkocher ist aus einem Geh\u00e4use mit integriertem Griff und besteht aus BPA-freiem Material. Der Kochschutz sorgt daf\u00fcr, dass sich der Wasserkocher abschaltet, sofern sich kein Wasser mehr darin befindet. Dank des Kabelaufbewahrungssystems k\u00f6nnen Sie das Kabel problemlos zusammenrollen.<\/p>\n<p>Einzelheiten:<br \/>\n\u2022\u00a0\u00a0 \u00a0praktischer Wasserkocher mit Kunststoffgeh\u00e4use und einem Inhalt von 1,5 Litern<br \/>\n\u2022\u00a0\u00a0 \u00a0Leistung 220-240 V, 800-900 W.<br \/>\n\u2022\u00a0\u00a0 \u00a0Ausgestattet mit Ein \/ Aus-Schalter und automatischer Abschaltung<br \/>\n\u2022\u00a0\u00a0 \u00a0Trockenschutz<br \/>\n\u2022\u00a0\u00a0 \u00a0Grundplatte<br \/>\n\u2022\u00a0\u00a0 \u00a0Mit Kabelspule<br \/>\n\u2022\u00a0\u00a0 \u00a0Gr\u00f6\u00dfe: 21 x 16 x 21 cm<br \/>\n\u2022\u00a0\u00a0 \u00a0Gewicht: 723 gr.<\/p>\n","protected":false},"excerpt":{"rendered":"<p>Der Eurotrail Wasserkocher ist kompakt und einfach zu bedienen. Mit einem Inhalt von 1,5 Litern hat der Wasserkocher ein sehr gro\u00dfes Volumen, w\u00e4hrend die 900-W-Leistung&hellip;<\/p>\n","protected":false},"featured_media":11737,"comment_status":"open","ping_status":"closed","template":"","meta":{"_acf_changed":false},"product_brand":[],"product_cat":[288,78],"product_tag":[],"class_list":{"0":"post-11750","1":"product","2":"type-product","3":"status-publish","4":"has-post-thumbnail","6":"product_cat-elektrische-kuechengeraete","7":"product_cat-haushaltartikel","9":"first","10":"instock","11":"shipping-taxable","12":"product-type-simple"},"acf":[],"yoast_head":"<!-- This site is optimized with the Yoast SEO plugin v27.4 - https:\/\/yoast.com\/product\/yoast-seo-wordpress\/ -->\n<title>Wasserkocher 1.5 ltr. - 230V - Eurotrail<\/title>\n<meta name=\"robots\" content=\"index, follow, max-snippet:-1, max-image-preview:large, max-video-preview:-1\" \/>\n<link rel=\"canonical\" href=\"https:\/\/eurotrail.info\/de\/producten\/haushaltartikel\/elektrische-kuechengeraete\/wasserkocher-230v\/\" \/>\n<meta property=\"og:locale\" content=\"de_DE\" \/>\n<meta property=\"og:type\" content=\"article\" \/>\n<meta property=\"og:title\" content=\"Wasserkocher 1.5 ltr. - 230V - Eurotrail\" \/>\n<meta property=\"og:description\" content=\"Der Eurotrail Wasserkocher ist kompakt und einfach zu bedienen. Mit einem Inhalt von 1,5 Litern hat der Wasserkocher ein sehr gro\u00dfes Volumen, w\u00e4hrend die 900-W-Leistung&hellip;\" \/>\n<meta property=\"og:url\" content=\"https:\/\/eurotrail.info\/de\/producten\/haushaltartikel\/elektrische-kuechengeraete\/wasserkocher-230v\/\" \/>\n<meta property=\"og:site_name\" content=\"Eurotrail\" \/>\n<meta property=\"article:modified_time\" content=\"2023-02-13T15:37:28+00:00\" \/>\n<meta property=\"og:image\" content=\"https:\/\/eurotrail.info\/wp\/wp-content\/uploads\/2020\/11\/ETKW6016-Kettle-21.jpg\" \/>\n\t<meta property=\"og:image:width\" content=\"1628\" \/>\n\t<meta property=\"og:image:height\" content=\"1772\" \/>\n\t<meta property=\"og:image:type\" content=\"image\/jpeg\" \/>\n<meta name=\"twitter:card\" content=\"summary_large_image\" \/>\n<meta name=\"twitter:label1\" content=\"Gesch\u00e4tzte Lesezeit\" \/>\n\t<meta name=\"twitter:data1\" content=\"2\u00a0Minuten\" \/>\n<script type=\"application\/ld+json\" class=\"yoast-schema-graph\">{\"@context\":\"https:\\\/\\\/schema.org\",\"@graph\":[{\"@type\":\"WebPage\",\"@id\":\"https:\\\/\\\/eurotrail.info\\\/de\\\/producten\\\/haushaltartikel\\\/elektrische-kuechengeraete\\\/wasserkocher-230v\\\/\",\"url\":\"https:\\\/\\\/eurotrail.info\\\/de\\\/producten\\\/haushaltartikel\\\/elektrische-kuechengeraete\\\/wasserkocher-230v\\\/\",\"name\":\"Wasserkocher 1.5 ltr. - 230V - Eurotrail\",\"isPartOf\":{\"@id\":\"https:\\\/\\\/eurotrail.info\\\/#website\"},\"primaryImageOfPage\":{\"@id\":\"https:\\\/\\\/eurotrail.info\\\/de\\\/producten\\\/haushaltartikel\\\/elektrische-kuechengeraete\\\/wasserkocher-230v\\\/#primaryimage\"},\"image\":{\"@id\":\"https:\\\/\\\/eurotrail.info\\\/de\\\/producten\\\/haushaltartikel\\\/elektrische-kuechengeraete\\\/wasserkocher-230v\\\/#primaryimage\"},\"thumbnailUrl\":\"https:\\\/\\\/eurotrail.info\\\/wp\\\/wp-content\\\/uploads\\\/2020\\\/11\\\/ETKW6016-Kettle-21.jpg\",\"datePublished\":\"2020-11-25T12:35:23+00:00\",\"dateModified\":\"2023-02-13T15:37:28+00:00\",\"breadcrumb\":{\"@id\":\"https:\\\/\\\/eurotrail.info\\\/de\\\/producten\\\/haushaltartikel\\\/elektrische-kuechengeraete\\\/wasserkocher-230v\\\/#breadcrumb\"},\"inLanguage\":\"de\",\"potentialAction\":[{\"@type\":\"ReadAction\",\"target\":[\"https:\\\/\\\/eurotrail.info\\\/de\\\/producten\\\/haushaltartikel\\\/elektrische-kuechengeraete\\\/wasserkocher-230v\\\/\"]}]},{\"@type\":\"ImageObject\",\"inLanguage\":\"de\",\"@id\":\"https:\\\/\\\/eurotrail.info\\\/de\\\/producten\\\/haushaltartikel\\\/elektrische-kuechengeraete\\\/wasserkocher-230v\\\/#primaryimage\",\"url\":\"https:\\\/\\\/eurotrail.info\\\/wp\\\/wp-content\\\/uploads\\\/2020\\\/11\\\/ETKW6016-Kettle-21.jpg\",\"contentUrl\":\"https:\\\/\\\/eurotrail.info\\\/wp\\\/wp-content\\\/uploads\\\/2020\\\/11\\\/ETKW6016-Kettle-21.jpg\",\"width\":1628,\"height\":1772,\"caption\":\"Eurotrail waterkoker 230V\"},{\"@type\":\"BreadcrumbList\",\"@id\":\"https:\\\/\\\/eurotrail.info\\\/de\\\/producten\\\/haushaltartikel\\\/elektrische-kuechengeraete\\\/wasserkocher-230v\\\/#breadcrumb\",\"itemListElement\":[{\"@type\":\"ListItem\",\"position\":1,\"name\":\"Home\",\"item\":\"https:\\\/\\\/eurotrail.info\\\/de\\\/\"},{\"@type\":\"ListItem\",\"position\":2,\"name\":\"Produkte\",\"item\":\"https:\\\/\\\/eurotrail.info\\\/de\\\/produkte\\\/\"},{\"@type\":\"ListItem\",\"position\":3,\"name\":\"Wasserkocher 1.5 ltr. &#8211; 230V\"}]},{\"@type\":\"WebSite\",\"@id\":\"https:\\\/\\\/eurotrail.info\\\/#website\",\"url\":\"https:\\\/\\\/eurotrail.info\\\/\",\"name\":\"Eurotrail\",\"description\":\"\",\"publisher\":{\"@id\":\"https:\\\/\\\/eurotrail.info\\\/#organization\"},\"potentialAction\":[{\"@type\":\"SearchAction\",\"target\":{\"@type\":\"EntryPoint\",\"urlTemplate\":\"https:\\\/\\\/eurotrail.info\\\/?s={search_term_string}\"},\"query-input\":{\"@type\":\"PropertyValueSpecification\",\"valueRequired\":true,\"valueName\":\"search_term_string\"}}],\"inLanguage\":\"de\"},{\"@type\":\"Organization\",\"@id\":\"https:\\\/\\\/eurotrail.info\\\/#organization\",\"name\":\"Eurotrail\",\"url\":\"https:\\\/\\\/eurotrail.info\\\/\",\"logo\":{\"@type\":\"ImageObject\",\"inLanguage\":\"de\",\"@id\":\"https:\\\/\\\/eurotrail.info\\\/#\\\/schema\\\/logo\\\/image\\\/\",\"url\":\"https:\\\/\\\/eurotrail.info\\\/wp\\\/wp-content\\\/uploads\\\/2023\\\/07\\\/ET-logo-quote_NL-scaled.jpg\",\"contentUrl\":\"https:\\\/\\\/eurotrail.info\\\/wp\\\/wp-content\\\/uploads\\\/2023\\\/07\\\/ET-logo-quote_NL-scaled.jpg\",\"width\":2560,\"height\":675,\"caption\":\"Eurotrail\"},\"image\":{\"@id\":\"https:\\\/\\\/eurotrail.info\\\/#\\\/schema\\\/logo\\\/image\\\/\"}}]}<\/script>\n<!-- \/ Yoast SEO plugin. -->","yoast_head_json":{"title":"Wasserkocher 1.5 ltr. - 230V - Eurotrail","robots":{"index":"index","follow":"follow","max-snippet":"max-snippet:-1","max-image-preview":"max-image-preview:large","max-video-preview":"max-video-preview:-1"},"canonical":"https:\/\/eurotrail.info\/de\/producten\/haushaltartikel\/elektrische-kuechengeraete\/wasserkocher-230v\/","og_locale":"de_DE","og_type":"article","og_title":"Wasserkocher 1.5 ltr. - 230V - Eurotrail","og_description":"Der Eurotrail Wasserkocher ist kompakt und einfach zu bedienen. Mit einem Inhalt von 1,5 Litern hat der Wasserkocher ein sehr gro\u00dfes Volumen, w\u00e4hrend die 900-W-Leistung&hellip;","og_url":"https:\/\/eurotrail.info\/de\/producten\/haushaltartikel\/elektrische-kuechengeraete\/wasserkocher-230v\/","og_site_name":"Eurotrail","article_modified_time":"2023-02-13T15:37:28+00:00","og_image":[{"width":1628,"height":1772,"url":"https:\/\/eurotrail.info\/wp\/wp-content\/uploads\/2020\/11\/ETKW6016-Kettle-21.jpg","type":"image\/jpeg"}],"twitter_card":"summary_large_image","twitter_misc":{"Gesch\u00e4tzte Lesezeit":"2\u00a0Minuten"},"schema":{"@context":"https:\/\/schema.org","@graph":[{"@type":"WebPage","@id":"https:\/\/eurotrail.info\/de\/producten\/haushaltartikel\/elektrische-kuechengeraete\/wasserkocher-230v\/","url":"https:\/\/eurotrail.info\/de\/producten\/haushaltartikel\/elektrische-kuechengeraete\/wasserkocher-230v\/","name":"Wasserkocher 1.5 ltr. - 230V - Eurotrail","isPartOf":{"@id":"https:\/\/eurotrail.info\/#website"},"primaryImageOfPage":{"@id":"https:\/\/eurotrail.info\/de\/producten\/haushaltartikel\/elektrische-kuechengeraete\/wasserkocher-230v\/#primaryimage"},"image":{"@id":"https:\/\/eurotrail.info\/de\/producten\/haushaltartikel\/elektrische-kuechengeraete\/wasserkocher-230v\/#primaryimage"},"thumbnailUrl":"https:\/\/eurotrail.info\/wp\/wp-content\/uploads\/2020\/11\/ETKW6016-Kettle-21.jpg","datePublished":"2020-11-25T12:35:23+00:00","dateModified":"2023-02-13T15:37:28+00:00","breadcrumb":{"@id":"https:\/\/eurotrail.info\/de\/producten\/haushaltartikel\/elektrische-kuechengeraete\/wasserkocher-230v\/#breadcrumb"},"inLanguage":"de","potentialAction":[{"@type":"ReadAction","target":["https:\/\/eurotrail.info\/de\/producten\/haushaltartikel\/elektrische-kuechengeraete\/wasserkocher-230v\/"]}]},{"@type":"ImageObject","inLanguage":"de","@id":"https:\/\/eurotrail.info\/de\/producten\/haushaltartikel\/elektrische-kuechengeraete\/wasserkocher-230v\/#primaryimage","url":"https:\/\/eurotrail.info\/wp\/wp-content\/uploads\/2020\/11\/ETKW6016-Kettle-21.jpg","contentUrl":"https:\/\/eurotrail.info\/wp\/wp-content\/uploads\/2020\/11\/ETKW6016-Kettle-21.jpg","width":1628,"height":1772,"caption":"Eurotrail waterkoker 230V"},{"@type":"BreadcrumbList","@id":"https:\/\/eurotrail.info\/de\/producten\/haushaltartikel\/elektrische-kuechengeraete\/wasserkocher-230v\/#breadcrumb","itemListElement":[{"@type":"ListItem","position":1,"name":"Home","item":"https:\/\/eurotrail.info\/de\/"},{"@type":"ListItem","position":2,"name":"Produkte","item":"https:\/\/eurotrail.info\/de\/produkte\/"},{"@type":"ListItem","position":3,"name":"Wasserkocher 1.5 ltr. &#8211; 230V"}]},{"@type":"WebSite","@id":"https:\/\/eurotrail.info\/#website","url":"https:\/\/eurotrail.info\/","name":"Eurotrail","description":"","publisher":{"@id":"https:\/\/eurotrail.info\/#organization"},"potentialAction":[{"@type":"SearchAction","target":{"@type":"EntryPoint","urlTemplate":"https:\/\/eurotrail.info\/?s={search_term_string}"},"query-input":{"@type":"PropertyValueSpecification","valueRequired":true,"valueName":"search_term_string"}}],"inLanguage":"de"},{"@type":"Organization","@id":"https:\/\/eurotrail.info\/#organization","name":"Eurotrail","url":"https:\/\/eurotrail.info\/","logo":{"@type":"ImageObject","inLanguage":"de","@id":"https:\/\/eurotrail.info\/#\/schema\/logo\/image\/","url":"https:\/\/eurotrail.info\/wp\/wp-content\/uploads\/2023\/07\/ET-logo-quote_NL-scaled.jpg","contentUrl":"https:\/\/eurotrail.info\/wp\/wp-content\/uploads\/2023\/07\/ET-logo-quote_NL-scaled.jpg","width":2560,"height":675,"caption":"Eurotrail"},"image":{"@id":"https:\/\/eurotrail.info\/#\/schema\/logo\/image\/"}}]}},"_links":{"self":[{"href":"https:\/\/eurotrail.info\/de\/wp-json\/wp\/v2\/product\/11750","targetHints":{"allow":["GET"]}}],"collection":[{"href":"https:\/\/eurotrail.info\/de\/wp-json\/wp\/v2\/product"}],"about":[{"href":"https:\/\/eurotrail.info\/de\/wp-json\/wp\/v2\/types\/product"}],"replies":[{"embeddable":true,"href":"https:\/\/eurotrail.info\/de\/wp-json\/wp\/v2\/comments?post=11750"}],"wp:featuredmedia":[{"embeddable":true,"href":"https:\/\/eurotrail.info\/de\/wp-json\/wp\/v2\/media\/11737"}],"wp:attachment":[{"href":"https:\/\/eurotrail.info\/de\/wp-json\/wp\/v2\/media?parent=11750"}],"wp:term":[{"taxonomy":"product_brand","embeddable":true,"href":"https:\/\/eurotrail.info\/de\/wp-json\/wp\/v2\/product_brand?post=11750"},{"taxonomy":"product_cat","embeddable":true,"href":"https:\/\/eurotrail.info\/de\/wp-json\/wp\/v2\/product_cat?post=11750"},{"taxonomy":"product_tag","embeddable":true,"href":"https:\/\/eurotrail.info\/de\/wp-json\/wp\/v2\/product_tag?post=11750"}],"curies":[{"name":"wp","href":"https:\/\/api.w.org\/{rel}","templated":true}]}}