{"id":11834,"date":"2020-11-25T13:54:21","date_gmt":"2020-11-25T12:54:21","guid":{"rendered":"https:\/\/eurotrail.info\/producten\/organic-flammendes-licht\/"},"modified":"2021-04-22T11:58:58","modified_gmt":"2021-04-22T10:58:58","slug":"organic-flammendes-licht","status":"publish","type":"product","link":"https:\/\/eurotrail.info\/de\/producten\/campingleuchten\/organic-flammendes-licht\/","title":{"rendered":"Organic &#8211; flammendes Licht"},"content":{"rendered":"<p>Original Tischlampe aus mattwei\u00dfem ABS-Material. Durch Herausziehen der Lampe erhalten Sie ein helles wei\u00dfes Licht oder ein gem\u00fctliches flammendes warmes Licht. Durch Dr\u00fccken der Ein \/ Aus-Taste unten k\u00f6nnen Sie 4 weitere Hintergrundfarben ausw\u00e4hlen.<\/p>\n<p>Material: ABS Stein wei\u00dfer Kunststoff<br \/>\nLED: 12 superhelle LED, 12 Flammen-LED, 1 RGB-LED<br \/>\nLumen: 30 lm<br \/>\nBatterie: 3 x AA Batterie (nicht im Lieferumfang enthalten)<br \/>\nGr\u00f6\u00dfe: \u00d812x14cm<br \/>\nGewicht: 315 gr.<\/p>\n","protected":false},"excerpt":{"rendered":"<p>Original Tischlampe aus mattwei\u00dfem ABS-Material. Durch Herausziehen der Lampe erhalten Sie ein helles wei\u00dfes Licht oder ein gem\u00fctliches flammendes warmes Licht. Durch Dr\u00fccken der Ein&hellip;<\/p>\n","protected":false},"featured_media":11829,"comment_status":"open","ping_status":"closed","template":"","meta":{"_acf_changed":false},"product_brand":[],"product_cat":[102],"product_tag":[],"class_list":{"0":"post-11834","1":"product","2":"type-product","3":"status-publish","4":"has-post-thumbnail","6":"product_cat-campingleuchten","8":"first","9":"instock","10":"shipping-taxable","11":"product-type-simple"},"acf":[],"yoast_head":"<!-- This site is optimized with the Yoast SEO plugin v27.3 - https:\/\/yoast.com\/product\/yoast-seo-wordpress\/ -->\n<title>Organic - flammendes Licht - Eurotrail<\/title>\n<meta name=\"description\" content=\"Original Tischlampe aus mattwei\u00dfem ABS-Material. Durch Herausziehen der Lampe erhalten Sie ein helles wei\u00dfes Licht oder ein gem\u00fctliches flammendes warmes Licht.\" \/>\n<meta name=\"robots\" content=\"index, follow, max-snippet:-1, max-image-preview:large, max-video-preview:-1\" \/>\n<link rel=\"canonical\" href=\"https:\/\/eurotrail.info\/de\/producten\/campingleuchten\/organic-flammendes-licht\/\" \/>\n<meta property=\"og:locale\" content=\"de_DE\" \/>\n<meta property=\"og:type\" content=\"article\" \/>\n<meta property=\"og:title\" content=\"Organic - flammendes Licht - Eurotrail\" \/>\n<meta property=\"og:description\" content=\"Original Tischlampe aus mattwei\u00dfem ABS-Material. Durch Herausziehen der Lampe erhalten Sie ein helles wei\u00dfes Licht oder ein gem\u00fctliches flammendes warmes Licht.\" \/>\n<meta property=\"og:url\" content=\"https:\/\/eurotrail.info\/de\/producten\/campingleuchten\/organic-flammendes-licht\/\" \/>\n<meta property=\"og:site_name\" content=\"Eurotrail\" \/>\n<meta property=\"article:modified_time\" content=\"2021-04-22T10:58:58+00:00\" \/>\n<meta property=\"og:image\" content=\"https:\/\/eurotrail.info\/wp\/wp-content\/uploads\/2020\/11\/ETLT1206-Organic-Flame-Out-OnWarm-21.jpg\" \/>\n\t<meta property=\"og:image:width\" content=\"984\" \/>\n\t<meta property=\"og:image:height\" content=\"1772\" \/>\n\t<meta property=\"og:image:type\" content=\"image\/jpeg\" \/>\n<meta name=\"twitter:card\" content=\"summary_large_image\" \/>\n<script type=\"application\/ld+json\" class=\"yoast-schema-graph\">{\"@context\":\"https:\\\/\\\/schema.org\",\"@graph\":[{\"@type\":\"WebPage\",\"@id\":\"https:\\\/\\\/eurotrail.info\\\/de\\\/producten\\\/campingleuchten\\\/organic-flammendes-licht\\\/\",\"url\":\"https:\\\/\\\/eurotrail.info\\\/de\\\/producten\\\/campingleuchten\\\/organic-flammendes-licht\\\/\",\"name\":\"Organic - flammendes Licht - Eurotrail\",\"isPartOf\":{\"@id\":\"https:\\\/\\\/eurotrail.info\\\/#website\"},\"primaryImageOfPage\":{\"@id\":\"https:\\\/\\\/eurotrail.info\\\/de\\\/producten\\\/campingleuchten\\\/organic-flammendes-licht\\\/#primaryimage\"},\"image\":{\"@id\":\"https:\\\/\\\/eurotrail.info\\\/de\\\/producten\\\/campingleuchten\\\/organic-flammendes-licht\\\/#primaryimage\"},\"thumbnailUrl\":\"https:\\\/\\\/eurotrail.info\\\/wp\\\/wp-content\\\/uploads\\\/2020\\\/11\\\/ETLT1206-Organic-Flame-Out-OnWarm-21.jpg\",\"datePublished\":\"2020-11-25T12:54:21+00:00\",\"dateModified\":\"2021-04-22T10:58:58+00:00\",\"description\":\"Original Tischlampe aus mattwei\u00dfem ABS-Material. Durch Herausziehen der Lampe erhalten Sie ein helles wei\u00dfes Licht oder ein gem\u00fctliches flammendes warmes Licht.\",\"breadcrumb\":{\"@id\":\"https:\\\/\\\/eurotrail.info\\\/de\\\/producten\\\/campingleuchten\\\/organic-flammendes-licht\\\/#breadcrumb\"},\"inLanguage\":\"de\",\"potentialAction\":[{\"@type\":\"ReadAction\",\"target\":[\"https:\\\/\\\/eurotrail.info\\\/de\\\/producten\\\/campingleuchten\\\/organic-flammendes-licht\\\/\"]}]},{\"@type\":\"ImageObject\",\"inLanguage\":\"de\",\"@id\":\"https:\\\/\\\/eurotrail.info\\\/de\\\/producten\\\/campingleuchten\\\/organic-flammendes-licht\\\/#primaryimage\",\"url\":\"https:\\\/\\\/eurotrail.info\\\/wp\\\/wp-content\\\/uploads\\\/2020\\\/11\\\/ETLT1206-Organic-Flame-Out-OnWarm-21.jpg\",\"contentUrl\":\"https:\\\/\\\/eurotrail.info\\\/wp\\\/wp-content\\\/uploads\\\/2020\\\/11\\\/ETLT1206-Organic-Flame-Out-OnWarm-21.jpg\",\"width\":984,\"height\":1772,\"caption\":\"Eurotrail Organic vlammend licht\"},{\"@type\":\"BreadcrumbList\",\"@id\":\"https:\\\/\\\/eurotrail.info\\\/de\\\/producten\\\/campingleuchten\\\/organic-flammendes-licht\\\/#breadcrumb\",\"itemListElement\":[{\"@type\":\"ListItem\",\"position\":1,\"name\":\"Home\",\"item\":\"https:\\\/\\\/eurotrail.info\\\/de\\\/\"},{\"@type\":\"ListItem\",\"position\":2,\"name\":\"Produkte\",\"item\":\"https:\\\/\\\/eurotrail.info\\\/de\\\/produkte\\\/\"},{\"@type\":\"ListItem\",\"position\":3,\"name\":\"Organic &#8211; flammendes Licht\"}]},{\"@type\":\"WebSite\",\"@id\":\"https:\\\/\\\/eurotrail.info\\\/#website\",\"url\":\"https:\\\/\\\/eurotrail.info\\\/\",\"name\":\"Eurotrail\",\"description\":\"\",\"publisher\":{\"@id\":\"https:\\\/\\\/eurotrail.info\\\/#organization\"},\"potentialAction\":[{\"@type\":\"SearchAction\",\"target\":{\"@type\":\"EntryPoint\",\"urlTemplate\":\"https:\\\/\\\/eurotrail.info\\\/?s={search_term_string}\"},\"query-input\":{\"@type\":\"PropertyValueSpecification\",\"valueRequired\":true,\"valueName\":\"search_term_string\"}}],\"inLanguage\":\"de\"},{\"@type\":\"Organization\",\"@id\":\"https:\\\/\\\/eurotrail.info\\\/#organization\",\"name\":\"Eurotrail\",\"url\":\"https:\\\/\\\/eurotrail.info\\\/\",\"logo\":{\"@type\":\"ImageObject\",\"inLanguage\":\"de\",\"@id\":\"https:\\\/\\\/eurotrail.info\\\/#\\\/schema\\\/logo\\\/image\\\/\",\"url\":\"https:\\\/\\\/eurotrail.info\\\/wp\\\/wp-content\\\/uploads\\\/2023\\\/07\\\/ET-logo-quote_NL-scaled.jpg\",\"contentUrl\":\"https:\\\/\\\/eurotrail.info\\\/wp\\\/wp-content\\\/uploads\\\/2023\\\/07\\\/ET-logo-quote_NL-scaled.jpg\",\"width\":2560,\"height\":675,\"caption\":\"Eurotrail\"},\"image\":{\"@id\":\"https:\\\/\\\/eurotrail.info\\\/#\\\/schema\\\/logo\\\/image\\\/\"}}]}<\/script>\n<!-- \/ Yoast SEO plugin. -->","yoast_head_json":{"title":"Organic - flammendes Licht - Eurotrail","description":"Original Tischlampe aus mattwei\u00dfem ABS-Material. Durch Herausziehen der Lampe erhalten Sie ein helles wei\u00dfes Licht oder ein gem\u00fctliches flammendes warmes Licht.","robots":{"index":"index","follow":"follow","max-snippet":"max-snippet:-1","max-image-preview":"max-image-preview:large","max-video-preview":"max-video-preview:-1"},"canonical":"https:\/\/eurotrail.info\/de\/producten\/campingleuchten\/organic-flammendes-licht\/","og_locale":"de_DE","og_type":"article","og_title":"Organic - flammendes Licht - Eurotrail","og_description":"Original Tischlampe aus mattwei\u00dfem ABS-Material. Durch Herausziehen der Lampe erhalten Sie ein helles wei\u00dfes Licht oder ein gem\u00fctliches flammendes warmes Licht.","og_url":"https:\/\/eurotrail.info\/de\/producten\/campingleuchten\/organic-flammendes-licht\/","og_site_name":"Eurotrail","article_modified_time":"2021-04-22T10:58:58+00:00","og_image":[{"width":984,"height":1772,"url":"https:\/\/eurotrail.info\/wp\/wp-content\/uploads\/2020\/11\/ETLT1206-Organic-Flame-Out-OnWarm-21.jpg","type":"image\/jpeg"}],"twitter_card":"summary_large_image","schema":{"@context":"https:\/\/schema.org","@graph":[{"@type":"WebPage","@id":"https:\/\/eurotrail.info\/de\/producten\/campingleuchten\/organic-flammendes-licht\/","url":"https:\/\/eurotrail.info\/de\/producten\/campingleuchten\/organic-flammendes-licht\/","name":"Organic - flammendes Licht - Eurotrail","isPartOf":{"@id":"https:\/\/eurotrail.info\/#website"},"primaryImageOfPage":{"@id":"https:\/\/eurotrail.info\/de\/producten\/campingleuchten\/organic-flammendes-licht\/#primaryimage"},"image":{"@id":"https:\/\/eurotrail.info\/de\/producten\/campingleuchten\/organic-flammendes-licht\/#primaryimage"},"thumbnailUrl":"https:\/\/eurotrail.info\/wp\/wp-content\/uploads\/2020\/11\/ETLT1206-Organic-Flame-Out-OnWarm-21.jpg","datePublished":"2020-11-25T12:54:21+00:00","dateModified":"2021-04-22T10:58:58+00:00","description":"Original Tischlampe aus mattwei\u00dfem ABS-Material. Durch Herausziehen der Lampe erhalten Sie ein helles wei\u00dfes Licht oder ein gem\u00fctliches flammendes warmes Licht.","breadcrumb":{"@id":"https:\/\/eurotrail.info\/de\/producten\/campingleuchten\/organic-flammendes-licht\/#breadcrumb"},"inLanguage":"de","potentialAction":[{"@type":"ReadAction","target":["https:\/\/eurotrail.info\/de\/producten\/campingleuchten\/organic-flammendes-licht\/"]}]},{"@type":"ImageObject","inLanguage":"de","@id":"https:\/\/eurotrail.info\/de\/producten\/campingleuchten\/organic-flammendes-licht\/#primaryimage","url":"https:\/\/eurotrail.info\/wp\/wp-content\/uploads\/2020\/11\/ETLT1206-Organic-Flame-Out-OnWarm-21.jpg","contentUrl":"https:\/\/eurotrail.info\/wp\/wp-content\/uploads\/2020\/11\/ETLT1206-Organic-Flame-Out-OnWarm-21.jpg","width":984,"height":1772,"caption":"Eurotrail Organic vlammend licht"},{"@type":"BreadcrumbList","@id":"https:\/\/eurotrail.info\/de\/producten\/campingleuchten\/organic-flammendes-licht\/#breadcrumb","itemListElement":[{"@type":"ListItem","position":1,"name":"Home","item":"https:\/\/eurotrail.info\/de\/"},{"@type":"ListItem","position":2,"name":"Produkte","item":"https:\/\/eurotrail.info\/de\/produkte\/"},{"@type":"ListItem","position":3,"name":"Organic &#8211; flammendes Licht"}]},{"@type":"WebSite","@id":"https:\/\/eurotrail.info\/#website","url":"https:\/\/eurotrail.info\/","name":"Eurotrail","description":"","publisher":{"@id":"https:\/\/eurotrail.info\/#organization"},"potentialAction":[{"@type":"SearchAction","target":{"@type":"EntryPoint","urlTemplate":"https:\/\/eurotrail.info\/?s={search_term_string}"},"query-input":{"@type":"PropertyValueSpecification","valueRequired":true,"valueName":"search_term_string"}}],"inLanguage":"de"},{"@type":"Organization","@id":"https:\/\/eurotrail.info\/#organization","name":"Eurotrail","url":"https:\/\/eurotrail.info\/","logo":{"@type":"ImageObject","inLanguage":"de","@id":"https:\/\/eurotrail.info\/#\/schema\/logo\/image\/","url":"https:\/\/eurotrail.info\/wp\/wp-content\/uploads\/2023\/07\/ET-logo-quote_NL-scaled.jpg","contentUrl":"https:\/\/eurotrail.info\/wp\/wp-content\/uploads\/2023\/07\/ET-logo-quote_NL-scaled.jpg","width":2560,"height":675,"caption":"Eurotrail"},"image":{"@id":"https:\/\/eurotrail.info\/#\/schema\/logo\/image\/"}}]}},"_links":{"self":[{"href":"https:\/\/eurotrail.info\/de\/wp-json\/wp\/v2\/product\/11834","targetHints":{"allow":["GET"]}}],"collection":[{"href":"https:\/\/eurotrail.info\/de\/wp-json\/wp\/v2\/product"}],"about":[{"href":"https:\/\/eurotrail.info\/de\/wp-json\/wp\/v2\/types\/product"}],"replies":[{"embeddable":true,"href":"https:\/\/eurotrail.info\/de\/wp-json\/wp\/v2\/comments?post=11834"}],"wp:featuredmedia":[{"embeddable":true,"href":"https:\/\/eurotrail.info\/de\/wp-json\/wp\/v2\/media\/11829"}],"wp:attachment":[{"href":"https:\/\/eurotrail.info\/de\/wp-json\/wp\/v2\/media?parent=11834"}],"wp:term":[{"taxonomy":"product_brand","embeddable":true,"href":"https:\/\/eurotrail.info\/de\/wp-json\/wp\/v2\/product_brand?post=11834"},{"taxonomy":"product_cat","embeddable":true,"href":"https:\/\/eurotrail.info\/de\/wp-json\/wp\/v2\/product_cat?post=11834"},{"taxonomy":"product_tag","embeddable":true,"href":"https:\/\/eurotrail.info\/de\/wp-json\/wp\/v2\/product_tag?post=11834"}],"curies":[{"name":"wp","href":"https:\/\/api.w.org\/{rel}","templated":true}]}}