{"id":11866,"date":"2020-11-25T14:49:50","date_gmt":"2020-11-25T13:49:50","guid":{"rendered":"https:\/\/eurotrail.info\/producten\/sonnenschirm-oder-antennenmasthalter\/"},"modified":"2020-11-25T14:49:50","modified_gmt":"2020-11-25T13:49:50","slug":"sonnenschirm-oder-antennenmasthalter","status":"publish","type":"product","link":"https:\/\/eurotrail.info\/de\/producten\/sonnenschirm\/sonnenschirm-oder-antennenmasthalter\/","title":{"rendered":"Sonnenschirm oder Antennenmasthalter"},"content":{"rendered":"<p>Sonnenschirm oder Antennenmasthalter zur Verwendung auf dem Campingplatz oder am Strand. Die Schnecke hat 2 Klappgriffe, mit denen Sie den Stift leicht in den Boden bohren k\u00f6nnen. Mit dem Drehknopf k\u00f6nnen Sie jeden Sonnenschirm mit einem Durchmesser von 15 bis 35 mm befestigen.<\/p>\n<p>Gr\u00f6\u00dfe: 42x\u00d810cm<br \/>\nSchraubenl\u00e4nge: 24cm<br \/>\nDurchmesser: \u00d8 15 &#8211; 35 mm<br \/>\nMaterial: PP<br \/>\nGewicht: 285 gr<\/p>\n","protected":false},"excerpt":{"rendered":"<p>Sonnenschirm oder Antennenmasthalter zur Verwendung auf dem Campingplatz oder am Strand. Die Schnecke hat 2 Klappgriffe, mit denen Sie den Stift leicht in den Boden&hellip;<\/p>\n","protected":false},"featured_media":11861,"comment_status":"open","ping_status":"closed","template":"","meta":{"_acf_changed":false},"product_brand":[],"product_cat":[64],"product_tag":[],"class_list":{"0":"post-11866","1":"product","2":"type-product","3":"status-publish","4":"has-post-thumbnail","6":"product_cat-sonnenschirm","8":"first","9":"instock","10":"shipping-taxable","11":"product-type-simple"},"acf":[],"yoast_head":"<!-- This site is optimized with the Yoast SEO plugin v27.4 - https:\/\/yoast.com\/product\/yoast-seo-wordpress\/ -->\n<title>Sonnenschirm oder Antennenmasthalter - Eurotrail<\/title>\n<meta name=\"robots\" content=\"index, follow, max-snippet:-1, max-image-preview:large, max-video-preview:-1\" \/>\n<link rel=\"canonical\" href=\"https:\/\/eurotrail.info\/de\/producten\/sonnenschirm\/sonnenschirm-oder-antennenmasthalter\/\" \/>\n<meta property=\"og:locale\" content=\"de_DE\" \/>\n<meta property=\"og:type\" content=\"article\" \/>\n<meta property=\"og:title\" content=\"Sonnenschirm oder Antennenmasthalter - Eurotrail\" \/>\n<meta property=\"og:description\" content=\"Sonnenschirm oder Antennenmasthalter zur Verwendung auf dem Campingplatz oder am Strand. Die Schnecke hat 2 Klappgriffe, mit denen Sie den Stift leicht in den Boden&hellip;\" \/>\n<meta property=\"og:url\" content=\"https:\/\/eurotrail.info\/de\/producten\/sonnenschirm\/sonnenschirm-oder-antennenmasthalter\/\" \/>\n<meta property=\"og:site_name\" content=\"Eurotrail\" \/>\n<meta property=\"og:image\" content=\"https:\/\/eurotrail.info\/wp\/wp-content\/uploads\/2020\/11\/ETSP0210-Anchor-2-21.jpg\" \/>\n\t<meta property=\"og:image:width\" content=\"1166\" \/>\n\t<meta property=\"og:image:height\" content=\"1772\" \/>\n\t<meta property=\"og:image:type\" content=\"image\/jpeg\" \/>\n<meta name=\"twitter:card\" content=\"summary_large_image\" \/>\n<script type=\"application\/ld+json\" class=\"yoast-schema-graph\">{\"@context\":\"https:\\\/\\\/schema.org\",\"@graph\":[{\"@type\":\"WebPage\",\"@id\":\"https:\\\/\\\/eurotrail.info\\\/de\\\/producten\\\/sonnenschirm\\\/sonnenschirm-oder-antennenmasthalter\\\/\",\"url\":\"https:\\\/\\\/eurotrail.info\\\/de\\\/producten\\\/sonnenschirm\\\/sonnenschirm-oder-antennenmasthalter\\\/\",\"name\":\"Sonnenschirm oder Antennenmasthalter - Eurotrail\",\"isPartOf\":{\"@id\":\"https:\\\/\\\/eurotrail.info\\\/#website\"},\"primaryImageOfPage\":{\"@id\":\"https:\\\/\\\/eurotrail.info\\\/de\\\/producten\\\/sonnenschirm\\\/sonnenschirm-oder-antennenmasthalter\\\/#primaryimage\"},\"image\":{\"@id\":\"https:\\\/\\\/eurotrail.info\\\/de\\\/producten\\\/sonnenschirm\\\/sonnenschirm-oder-antennenmasthalter\\\/#primaryimage\"},\"thumbnailUrl\":\"https:\\\/\\\/eurotrail.info\\\/wp\\\/wp-content\\\/uploads\\\/2020\\\/11\\\/ETSP0210-Anchor-2-21.jpg\",\"datePublished\":\"2020-11-25T13:49:50+00:00\",\"breadcrumb\":{\"@id\":\"https:\\\/\\\/eurotrail.info\\\/de\\\/producten\\\/sonnenschirm\\\/sonnenschirm-oder-antennenmasthalter\\\/#breadcrumb\"},\"inLanguage\":\"de\",\"potentialAction\":[{\"@type\":\"ReadAction\",\"target\":[\"https:\\\/\\\/eurotrail.info\\\/de\\\/producten\\\/sonnenschirm\\\/sonnenschirm-oder-antennenmasthalter\\\/\"]}]},{\"@type\":\"ImageObject\",\"inLanguage\":\"de\",\"@id\":\"https:\\\/\\\/eurotrail.info\\\/de\\\/producten\\\/sonnenschirm\\\/sonnenschirm-oder-antennenmasthalter\\\/#primaryimage\",\"url\":\"https:\\\/\\\/eurotrail.info\\\/wp\\\/wp-content\\\/uploads\\\/2020\\\/11\\\/ETSP0210-Anchor-2-21.jpg\",\"contentUrl\":\"https:\\\/\\\/eurotrail.info\\\/wp\\\/wp-content\\\/uploads\\\/2020\\\/11\\\/ETSP0210-Anchor-2-21.jpg\",\"width\":1166,\"height\":1772,\"caption\":\"Eurotrail parasol houder\"},{\"@type\":\"BreadcrumbList\",\"@id\":\"https:\\\/\\\/eurotrail.info\\\/de\\\/producten\\\/sonnenschirm\\\/sonnenschirm-oder-antennenmasthalter\\\/#breadcrumb\",\"itemListElement\":[{\"@type\":\"ListItem\",\"position\":1,\"name\":\"Home\",\"item\":\"https:\\\/\\\/eurotrail.info\\\/de\\\/\"},{\"@type\":\"ListItem\",\"position\":2,\"name\":\"Produkte\",\"item\":\"https:\\\/\\\/eurotrail.info\\\/de\\\/produkte\\\/\"},{\"@type\":\"ListItem\",\"position\":3,\"name\":\"Sonnenschirm oder Antennenmasthalter\"}]},{\"@type\":\"WebSite\",\"@id\":\"https:\\\/\\\/eurotrail.info\\\/#website\",\"url\":\"https:\\\/\\\/eurotrail.info\\\/\",\"name\":\"Eurotrail\",\"description\":\"\",\"publisher\":{\"@id\":\"https:\\\/\\\/eurotrail.info\\\/#organization\"},\"potentialAction\":[{\"@type\":\"SearchAction\",\"target\":{\"@type\":\"EntryPoint\",\"urlTemplate\":\"https:\\\/\\\/eurotrail.info\\\/?s={search_term_string}\"},\"query-input\":{\"@type\":\"PropertyValueSpecification\",\"valueRequired\":true,\"valueName\":\"search_term_string\"}}],\"inLanguage\":\"de\"},{\"@type\":\"Organization\",\"@id\":\"https:\\\/\\\/eurotrail.info\\\/#organization\",\"name\":\"Eurotrail\",\"url\":\"https:\\\/\\\/eurotrail.info\\\/\",\"logo\":{\"@type\":\"ImageObject\",\"inLanguage\":\"de\",\"@id\":\"https:\\\/\\\/eurotrail.info\\\/#\\\/schema\\\/logo\\\/image\\\/\",\"url\":\"https:\\\/\\\/eurotrail.info\\\/wp\\\/wp-content\\\/uploads\\\/2023\\\/07\\\/ET-logo-quote_NL-scaled.jpg\",\"contentUrl\":\"https:\\\/\\\/eurotrail.info\\\/wp\\\/wp-content\\\/uploads\\\/2023\\\/07\\\/ET-logo-quote_NL-scaled.jpg\",\"width\":2560,\"height\":675,\"caption\":\"Eurotrail\"},\"image\":{\"@id\":\"https:\\\/\\\/eurotrail.info\\\/#\\\/schema\\\/logo\\\/image\\\/\"}}]}<\/script>\n<!-- \/ Yoast SEO plugin. -->","yoast_head_json":{"title":"Sonnenschirm oder Antennenmasthalter - Eurotrail","robots":{"index":"index","follow":"follow","max-snippet":"max-snippet:-1","max-image-preview":"max-image-preview:large","max-video-preview":"max-video-preview:-1"},"canonical":"https:\/\/eurotrail.info\/de\/producten\/sonnenschirm\/sonnenschirm-oder-antennenmasthalter\/","og_locale":"de_DE","og_type":"article","og_title":"Sonnenschirm oder Antennenmasthalter - Eurotrail","og_description":"Sonnenschirm oder Antennenmasthalter zur Verwendung auf dem Campingplatz oder am Strand. Die Schnecke hat 2 Klappgriffe, mit denen Sie den Stift leicht in den Boden&hellip;","og_url":"https:\/\/eurotrail.info\/de\/producten\/sonnenschirm\/sonnenschirm-oder-antennenmasthalter\/","og_site_name":"Eurotrail","og_image":[{"width":1166,"height":1772,"url":"https:\/\/eurotrail.info\/wp\/wp-content\/uploads\/2020\/11\/ETSP0210-Anchor-2-21.jpg","type":"image\/jpeg"}],"twitter_card":"summary_large_image","schema":{"@context":"https:\/\/schema.org","@graph":[{"@type":"WebPage","@id":"https:\/\/eurotrail.info\/de\/producten\/sonnenschirm\/sonnenschirm-oder-antennenmasthalter\/","url":"https:\/\/eurotrail.info\/de\/producten\/sonnenschirm\/sonnenschirm-oder-antennenmasthalter\/","name":"Sonnenschirm oder Antennenmasthalter - Eurotrail","isPartOf":{"@id":"https:\/\/eurotrail.info\/#website"},"primaryImageOfPage":{"@id":"https:\/\/eurotrail.info\/de\/producten\/sonnenschirm\/sonnenschirm-oder-antennenmasthalter\/#primaryimage"},"image":{"@id":"https:\/\/eurotrail.info\/de\/producten\/sonnenschirm\/sonnenschirm-oder-antennenmasthalter\/#primaryimage"},"thumbnailUrl":"https:\/\/eurotrail.info\/wp\/wp-content\/uploads\/2020\/11\/ETSP0210-Anchor-2-21.jpg","datePublished":"2020-11-25T13:49:50+00:00","breadcrumb":{"@id":"https:\/\/eurotrail.info\/de\/producten\/sonnenschirm\/sonnenschirm-oder-antennenmasthalter\/#breadcrumb"},"inLanguage":"de","potentialAction":[{"@type":"ReadAction","target":["https:\/\/eurotrail.info\/de\/producten\/sonnenschirm\/sonnenschirm-oder-antennenmasthalter\/"]}]},{"@type":"ImageObject","inLanguage":"de","@id":"https:\/\/eurotrail.info\/de\/producten\/sonnenschirm\/sonnenschirm-oder-antennenmasthalter\/#primaryimage","url":"https:\/\/eurotrail.info\/wp\/wp-content\/uploads\/2020\/11\/ETSP0210-Anchor-2-21.jpg","contentUrl":"https:\/\/eurotrail.info\/wp\/wp-content\/uploads\/2020\/11\/ETSP0210-Anchor-2-21.jpg","width":1166,"height":1772,"caption":"Eurotrail parasol houder"},{"@type":"BreadcrumbList","@id":"https:\/\/eurotrail.info\/de\/producten\/sonnenschirm\/sonnenschirm-oder-antennenmasthalter\/#breadcrumb","itemListElement":[{"@type":"ListItem","position":1,"name":"Home","item":"https:\/\/eurotrail.info\/de\/"},{"@type":"ListItem","position":2,"name":"Produkte","item":"https:\/\/eurotrail.info\/de\/produkte\/"},{"@type":"ListItem","position":3,"name":"Sonnenschirm oder Antennenmasthalter"}]},{"@type":"WebSite","@id":"https:\/\/eurotrail.info\/#website","url":"https:\/\/eurotrail.info\/","name":"Eurotrail","description":"","publisher":{"@id":"https:\/\/eurotrail.info\/#organization"},"potentialAction":[{"@type":"SearchAction","target":{"@type":"EntryPoint","urlTemplate":"https:\/\/eurotrail.info\/?s={search_term_string}"},"query-input":{"@type":"PropertyValueSpecification","valueRequired":true,"valueName":"search_term_string"}}],"inLanguage":"de"},{"@type":"Organization","@id":"https:\/\/eurotrail.info\/#organization","name":"Eurotrail","url":"https:\/\/eurotrail.info\/","logo":{"@type":"ImageObject","inLanguage":"de","@id":"https:\/\/eurotrail.info\/#\/schema\/logo\/image\/","url":"https:\/\/eurotrail.info\/wp\/wp-content\/uploads\/2023\/07\/ET-logo-quote_NL-scaled.jpg","contentUrl":"https:\/\/eurotrail.info\/wp\/wp-content\/uploads\/2023\/07\/ET-logo-quote_NL-scaled.jpg","width":2560,"height":675,"caption":"Eurotrail"},"image":{"@id":"https:\/\/eurotrail.info\/#\/schema\/logo\/image\/"}}]}},"_links":{"self":[{"href":"https:\/\/eurotrail.info\/de\/wp-json\/wp\/v2\/product\/11866","targetHints":{"allow":["GET"]}}],"collection":[{"href":"https:\/\/eurotrail.info\/de\/wp-json\/wp\/v2\/product"}],"about":[{"href":"https:\/\/eurotrail.info\/de\/wp-json\/wp\/v2\/types\/product"}],"replies":[{"embeddable":true,"href":"https:\/\/eurotrail.info\/de\/wp-json\/wp\/v2\/comments?post=11866"}],"wp:featuredmedia":[{"embeddable":true,"href":"https:\/\/eurotrail.info\/de\/wp-json\/wp\/v2\/media\/11861"}],"wp:attachment":[{"href":"https:\/\/eurotrail.info\/de\/wp-json\/wp\/v2\/media?parent=11866"}],"wp:term":[{"taxonomy":"product_brand","embeddable":true,"href":"https:\/\/eurotrail.info\/de\/wp-json\/wp\/v2\/product_brand?post=11866"},{"taxonomy":"product_cat","embeddable":true,"href":"https:\/\/eurotrail.info\/de\/wp-json\/wp\/v2\/product_cat?post=11866"},{"taxonomy":"product_tag","embeddable":true,"href":"https:\/\/eurotrail.info\/de\/wp-json\/wp\/v2\/product_tag?post=11866"}],"curies":[{"name":"wp","href":"https:\/\/api.w.org\/{rel}","templated":true}]}}