{"id":11882,"date":"2020-11-25T14:54:58","date_gmt":"2020-11-25T13:54:58","guid":{"rendered":"https:\/\/eurotrail.info\/producten\/strand-sonnenschirmhalter\/"},"modified":"2020-11-25T14:54:58","modified_gmt":"2020-11-25T13:54:58","slug":"strand-sonnenschirmhalter","status":"publish","type":"product","link":"https:\/\/eurotrail.info\/de\/producten\/sonnenschirm\/strand-sonnenschirmhalter\/","title":{"rendered":"Strand Sonnenschirmhalter"},"content":{"rendered":"<p>Strand Sonnenschirmhalter. Hergestellt aus stabilen Kunststoff und einfach zu bedienen. Die gro\u00dfen Fl\u00fcgel sorgen f\u00fcr optimalen Halt im Sand und verhindern, dass der Schirm von einem Windsto\u00df umgeweht wird. Ausgestattet mit Einstellschraube zur Befestigung der Schirmstange. Geeignet f\u00fcr Schirme von \u00d8 15 bis 40 mm.<\/p>\n<p>Abmessungen 34x6x10cm<br \/>\nDurchmesser: \u00d8 15 &#8211; 40 mm<br \/>\nMaterial: PP<br \/>\nGewicht: 205 gr<\/p>\n","protected":false},"excerpt":{"rendered":"<p>Strand Sonnenschirmhalter. Hergestellt aus stabilen Kunststoff und einfach zu bedienen. Die gro\u00dfen Fl\u00fcgel sorgen f\u00fcr optimalen Halt im Sand und verhindern, dass der Schirm von&hellip;<\/p>\n","protected":false},"featured_media":11873,"comment_status":"open","ping_status":"closed","template":"","meta":{"_acf_changed":false},"product_brand":[],"product_cat":[64],"product_tag":[],"class_list":{"0":"post-11882","1":"product","2":"type-product","3":"status-publish","4":"has-post-thumbnail","6":"product_cat-sonnenschirm","8":"first","9":"instock","10":"shipping-taxable","11":"product-type-simple"},"acf":[],"yoast_head":"<!-- This site is optimized with the Yoast SEO plugin v27.3 - https:\/\/yoast.com\/product\/yoast-seo-wordpress\/ -->\n<title>Strand Sonnenschirmhalter - Eurotrail<\/title>\n<meta name=\"robots\" content=\"index, follow, max-snippet:-1, max-image-preview:large, max-video-preview:-1\" \/>\n<link rel=\"canonical\" href=\"https:\/\/eurotrail.info\/de\/producten\/sonnenschirm\/strand-sonnenschirmhalter\/\" \/>\n<meta property=\"og:locale\" content=\"de_DE\" \/>\n<meta property=\"og:type\" content=\"article\" \/>\n<meta property=\"og:title\" content=\"Strand Sonnenschirmhalter - Eurotrail\" \/>\n<meta property=\"og:description\" content=\"Strand Sonnenschirmhalter. Hergestellt aus stabilen Kunststoff und einfach zu bedienen. Die gro\u00dfen Fl\u00fcgel sorgen f\u00fcr optimalen Halt im Sand und verhindern, dass der Schirm von&hellip;\" \/>\n<meta property=\"og:url\" content=\"https:\/\/eurotrail.info\/de\/producten\/sonnenschirm\/strand-sonnenschirmhalter\/\" \/>\n<meta property=\"og:site_name\" content=\"Eurotrail\" \/>\n<meta property=\"og:image\" content=\"https:\/\/eurotrail.info\/wp\/wp-content\/uploads\/2020\/11\/ETSP0211-Beach-Anchor-21.jpg\" \/>\n\t<meta property=\"og:image:width\" content=\"870\" \/>\n\t<meta property=\"og:image:height\" content=\"1772\" \/>\n\t<meta property=\"og:image:type\" content=\"image\/jpeg\" \/>\n<meta name=\"twitter:card\" content=\"summary_large_image\" \/>\n<script type=\"application\/ld+json\" class=\"yoast-schema-graph\">{\"@context\":\"https:\\\/\\\/schema.org\",\"@graph\":[{\"@type\":\"WebPage\",\"@id\":\"https:\\\/\\\/eurotrail.info\\\/de\\\/producten\\\/sonnenschirm\\\/strand-sonnenschirmhalter\\\/\",\"url\":\"https:\\\/\\\/eurotrail.info\\\/de\\\/producten\\\/sonnenschirm\\\/strand-sonnenschirmhalter\\\/\",\"name\":\"Strand Sonnenschirmhalter - Eurotrail\",\"isPartOf\":{\"@id\":\"https:\\\/\\\/eurotrail.info\\\/#website\"},\"primaryImageOfPage\":{\"@id\":\"https:\\\/\\\/eurotrail.info\\\/de\\\/producten\\\/sonnenschirm\\\/strand-sonnenschirmhalter\\\/#primaryimage\"},\"image\":{\"@id\":\"https:\\\/\\\/eurotrail.info\\\/de\\\/producten\\\/sonnenschirm\\\/strand-sonnenschirmhalter\\\/#primaryimage\"},\"thumbnailUrl\":\"https:\\\/\\\/eurotrail.info\\\/wp\\\/wp-content\\\/uploads\\\/2020\\\/11\\\/ETSP0211-Beach-Anchor-21.jpg\",\"datePublished\":\"2020-11-25T13:54:58+00:00\",\"breadcrumb\":{\"@id\":\"https:\\\/\\\/eurotrail.info\\\/de\\\/producten\\\/sonnenschirm\\\/strand-sonnenschirmhalter\\\/#breadcrumb\"},\"inLanguage\":\"de\",\"potentialAction\":[{\"@type\":\"ReadAction\",\"target\":[\"https:\\\/\\\/eurotrail.info\\\/de\\\/producten\\\/sonnenschirm\\\/strand-sonnenschirmhalter\\\/\"]}]},{\"@type\":\"ImageObject\",\"inLanguage\":\"de\",\"@id\":\"https:\\\/\\\/eurotrail.info\\\/de\\\/producten\\\/sonnenschirm\\\/strand-sonnenschirmhalter\\\/#primaryimage\",\"url\":\"https:\\\/\\\/eurotrail.info\\\/wp\\\/wp-content\\\/uploads\\\/2020\\\/11\\\/ETSP0211-Beach-Anchor-21.jpg\",\"contentUrl\":\"https:\\\/\\\/eurotrail.info\\\/wp\\\/wp-content\\\/uploads\\\/2020\\\/11\\\/ETSP0211-Beach-Anchor-21.jpg\",\"width\":870,\"height\":1772,\"caption\":\"Eurotrail Parasolhouder beach\"},{\"@type\":\"BreadcrumbList\",\"@id\":\"https:\\\/\\\/eurotrail.info\\\/de\\\/producten\\\/sonnenschirm\\\/strand-sonnenschirmhalter\\\/#breadcrumb\",\"itemListElement\":[{\"@type\":\"ListItem\",\"position\":1,\"name\":\"Home\",\"item\":\"https:\\\/\\\/eurotrail.info\\\/de\\\/\"},{\"@type\":\"ListItem\",\"position\":2,\"name\":\"Produkte\",\"item\":\"https:\\\/\\\/eurotrail.info\\\/de\\\/produkte\\\/\"},{\"@type\":\"ListItem\",\"position\":3,\"name\":\"Strand Sonnenschirmhalter\"}]},{\"@type\":\"WebSite\",\"@id\":\"https:\\\/\\\/eurotrail.info\\\/#website\",\"url\":\"https:\\\/\\\/eurotrail.info\\\/\",\"name\":\"Eurotrail\",\"description\":\"\",\"publisher\":{\"@id\":\"https:\\\/\\\/eurotrail.info\\\/#organization\"},\"potentialAction\":[{\"@type\":\"SearchAction\",\"target\":{\"@type\":\"EntryPoint\",\"urlTemplate\":\"https:\\\/\\\/eurotrail.info\\\/?s={search_term_string}\"},\"query-input\":{\"@type\":\"PropertyValueSpecification\",\"valueRequired\":true,\"valueName\":\"search_term_string\"}}],\"inLanguage\":\"de\"},{\"@type\":\"Organization\",\"@id\":\"https:\\\/\\\/eurotrail.info\\\/#organization\",\"name\":\"Eurotrail\",\"url\":\"https:\\\/\\\/eurotrail.info\\\/\",\"logo\":{\"@type\":\"ImageObject\",\"inLanguage\":\"de\",\"@id\":\"https:\\\/\\\/eurotrail.info\\\/#\\\/schema\\\/logo\\\/image\\\/\",\"url\":\"https:\\\/\\\/eurotrail.info\\\/wp\\\/wp-content\\\/uploads\\\/2023\\\/07\\\/ET-logo-quote_NL-scaled.jpg\",\"contentUrl\":\"https:\\\/\\\/eurotrail.info\\\/wp\\\/wp-content\\\/uploads\\\/2023\\\/07\\\/ET-logo-quote_NL-scaled.jpg\",\"width\":2560,\"height\":675,\"caption\":\"Eurotrail\"},\"image\":{\"@id\":\"https:\\\/\\\/eurotrail.info\\\/#\\\/schema\\\/logo\\\/image\\\/\"}}]}<\/script>\n<!-- \/ Yoast SEO plugin. -->","yoast_head_json":{"title":"Strand Sonnenschirmhalter - Eurotrail","robots":{"index":"index","follow":"follow","max-snippet":"max-snippet:-1","max-image-preview":"max-image-preview:large","max-video-preview":"max-video-preview:-1"},"canonical":"https:\/\/eurotrail.info\/de\/producten\/sonnenschirm\/strand-sonnenschirmhalter\/","og_locale":"de_DE","og_type":"article","og_title":"Strand Sonnenschirmhalter - Eurotrail","og_description":"Strand Sonnenschirmhalter. Hergestellt aus stabilen Kunststoff und einfach zu bedienen. Die gro\u00dfen Fl\u00fcgel sorgen f\u00fcr optimalen Halt im Sand und verhindern, dass der Schirm von&hellip;","og_url":"https:\/\/eurotrail.info\/de\/producten\/sonnenschirm\/strand-sonnenschirmhalter\/","og_site_name":"Eurotrail","og_image":[{"width":870,"height":1772,"url":"https:\/\/eurotrail.info\/wp\/wp-content\/uploads\/2020\/11\/ETSP0211-Beach-Anchor-21.jpg","type":"image\/jpeg"}],"twitter_card":"summary_large_image","schema":{"@context":"https:\/\/schema.org","@graph":[{"@type":"WebPage","@id":"https:\/\/eurotrail.info\/de\/producten\/sonnenschirm\/strand-sonnenschirmhalter\/","url":"https:\/\/eurotrail.info\/de\/producten\/sonnenschirm\/strand-sonnenschirmhalter\/","name":"Strand Sonnenschirmhalter - Eurotrail","isPartOf":{"@id":"https:\/\/eurotrail.info\/#website"},"primaryImageOfPage":{"@id":"https:\/\/eurotrail.info\/de\/producten\/sonnenschirm\/strand-sonnenschirmhalter\/#primaryimage"},"image":{"@id":"https:\/\/eurotrail.info\/de\/producten\/sonnenschirm\/strand-sonnenschirmhalter\/#primaryimage"},"thumbnailUrl":"https:\/\/eurotrail.info\/wp\/wp-content\/uploads\/2020\/11\/ETSP0211-Beach-Anchor-21.jpg","datePublished":"2020-11-25T13:54:58+00:00","breadcrumb":{"@id":"https:\/\/eurotrail.info\/de\/producten\/sonnenschirm\/strand-sonnenschirmhalter\/#breadcrumb"},"inLanguage":"de","potentialAction":[{"@type":"ReadAction","target":["https:\/\/eurotrail.info\/de\/producten\/sonnenschirm\/strand-sonnenschirmhalter\/"]}]},{"@type":"ImageObject","inLanguage":"de","@id":"https:\/\/eurotrail.info\/de\/producten\/sonnenschirm\/strand-sonnenschirmhalter\/#primaryimage","url":"https:\/\/eurotrail.info\/wp\/wp-content\/uploads\/2020\/11\/ETSP0211-Beach-Anchor-21.jpg","contentUrl":"https:\/\/eurotrail.info\/wp\/wp-content\/uploads\/2020\/11\/ETSP0211-Beach-Anchor-21.jpg","width":870,"height":1772,"caption":"Eurotrail Parasolhouder beach"},{"@type":"BreadcrumbList","@id":"https:\/\/eurotrail.info\/de\/producten\/sonnenschirm\/strand-sonnenschirmhalter\/#breadcrumb","itemListElement":[{"@type":"ListItem","position":1,"name":"Home","item":"https:\/\/eurotrail.info\/de\/"},{"@type":"ListItem","position":2,"name":"Produkte","item":"https:\/\/eurotrail.info\/de\/produkte\/"},{"@type":"ListItem","position":3,"name":"Strand Sonnenschirmhalter"}]},{"@type":"WebSite","@id":"https:\/\/eurotrail.info\/#website","url":"https:\/\/eurotrail.info\/","name":"Eurotrail","description":"","publisher":{"@id":"https:\/\/eurotrail.info\/#organization"},"potentialAction":[{"@type":"SearchAction","target":{"@type":"EntryPoint","urlTemplate":"https:\/\/eurotrail.info\/?s={search_term_string}"},"query-input":{"@type":"PropertyValueSpecification","valueRequired":true,"valueName":"search_term_string"}}],"inLanguage":"de"},{"@type":"Organization","@id":"https:\/\/eurotrail.info\/#organization","name":"Eurotrail","url":"https:\/\/eurotrail.info\/","logo":{"@type":"ImageObject","inLanguage":"de","@id":"https:\/\/eurotrail.info\/#\/schema\/logo\/image\/","url":"https:\/\/eurotrail.info\/wp\/wp-content\/uploads\/2023\/07\/ET-logo-quote_NL-scaled.jpg","contentUrl":"https:\/\/eurotrail.info\/wp\/wp-content\/uploads\/2023\/07\/ET-logo-quote_NL-scaled.jpg","width":2560,"height":675,"caption":"Eurotrail"},"image":{"@id":"https:\/\/eurotrail.info\/#\/schema\/logo\/image\/"}}]}},"_links":{"self":[{"href":"https:\/\/eurotrail.info\/de\/wp-json\/wp\/v2\/product\/11882","targetHints":{"allow":["GET"]}}],"collection":[{"href":"https:\/\/eurotrail.info\/de\/wp-json\/wp\/v2\/product"}],"about":[{"href":"https:\/\/eurotrail.info\/de\/wp-json\/wp\/v2\/types\/product"}],"replies":[{"embeddable":true,"href":"https:\/\/eurotrail.info\/de\/wp-json\/wp\/v2\/comments?post=11882"}],"wp:featuredmedia":[{"embeddable":true,"href":"https:\/\/eurotrail.info\/de\/wp-json\/wp\/v2\/media\/11873"}],"wp:attachment":[{"href":"https:\/\/eurotrail.info\/de\/wp-json\/wp\/v2\/media?parent=11882"}],"wp:term":[{"taxonomy":"product_brand","embeddable":true,"href":"https:\/\/eurotrail.info\/de\/wp-json\/wp\/v2\/product_brand?post=11882"},{"taxonomy":"product_cat","embeddable":true,"href":"https:\/\/eurotrail.info\/de\/wp-json\/wp\/v2\/product_cat?post=11882"},{"taxonomy":"product_tag","embeddable":true,"href":"https:\/\/eurotrail.info\/de\/wp-json\/wp\/v2\/product_tag?post=11882"}],"curies":[{"name":"wp","href":"https:\/\/api.w.org\/{rel}","templated":true}]}}