{"id":11894,"date":"2020-11-25T15:01:25","date_gmt":"2020-11-25T14:01:25","guid":{"rendered":"https:\/\/eurotrail.info\/producten\/waescheleine-mit-aufhaengeklammern\/"},"modified":"2020-11-25T15:01:25","modified_gmt":"2020-11-25T14:01:25","slug":"waescheleine-mit-aufhaengeklammern","status":"publish","type":"product","link":"https:\/\/eurotrail.info\/de\/producten\/zelte\/ersatzteile-zeltbogengestange\/waescheleine-mit-aufhaengeklammern\/","title":{"rendered":"W\u00e4scheleine mit Aufh\u00e4ngeklammern"},"content":{"rendered":"<p><span lang=\"DE\">Versenkbare W\u00e4scheleine mit Aufh\u00e4ngeklammern. Diese W\u00e4scheleine von 5,7 m. k\u00f6nnen sie fast \u00fcberall befestigen und einfach mit dem Retraktor aufspannen. <\/span>Inkl. 8 W\u00e4scheklammern.<\/p>\n<p>Material: ABS<br \/>\nGr\u00f6\u00dfe: 13&#215;3,5&#215;6,5 cm<\/p>\n","protected":false},"excerpt":{"rendered":"<p>Versenkbare W\u00e4scheleine mit Aufh\u00e4ngeklammern. Diese W\u00e4scheleine von 5,7 m. k\u00f6nnen sie fast \u00fcberall befestigen und einfach mit dem Retraktor aufspannen. Inkl. 8 W\u00e4scheklammern. Material: ABS&hellip;<\/p>\n","protected":false},"featured_media":11889,"comment_status":"open","ping_status":"closed","template":"","meta":{"_acf_changed":false},"product_brand":[],"product_cat":[164,68],"product_tag":[],"class_list":{"0":"post-11894","1":"product","2":"type-product","3":"status-publish","4":"has-post-thumbnail","6":"product_cat-ersatzteile-zeltbogengestange","7":"product_cat-waeschespinne","9":"first","10":"instock","11":"shipping-taxable","12":"product-type-simple"},"acf":[],"yoast_head":"<!-- This site is optimized with the Yoast SEO plugin v27.4 - https:\/\/yoast.com\/product\/yoast-seo-wordpress\/ -->\n<title>W\u00e4scheleine mit Aufh\u00e4ngeklammern - Eurotrail<\/title>\n<meta name=\"robots\" content=\"index, follow, max-snippet:-1, max-image-preview:large, max-video-preview:-1\" \/>\n<link rel=\"canonical\" href=\"https:\/\/eurotrail.info\/de\/producten\/zelte\/ersatzteile-zeltbogengestange\/waescheleine-mit-aufhaengeklammern\/\" \/>\n<meta property=\"og:locale\" content=\"de_DE\" \/>\n<meta property=\"og:type\" content=\"article\" \/>\n<meta property=\"og:title\" content=\"W\u00e4scheleine mit Aufh\u00e4ngeklammern - Eurotrail\" \/>\n<meta property=\"og:description\" content=\"Versenkbare W\u00e4scheleine mit Aufh\u00e4ngeklammern. Diese W\u00e4scheleine von 5,7 m. k\u00f6nnen sie fast \u00fcberall befestigen und einfach mit dem Retraktor aufspannen. Inkl. 8 W\u00e4scheklammern. Material: ABS&hellip;\" \/>\n<meta property=\"og:url\" content=\"https:\/\/eurotrail.info\/de\/producten\/zelte\/ersatzteile-zeltbogengestange\/waescheleine-mit-aufhaengeklammern\/\" \/>\n<meta property=\"og:site_name\" content=\"Eurotrail\" \/>\n<meta property=\"og:image\" content=\"https:\/\/eurotrail.info\/wp\/wp-content\/uploads\/2020\/11\/ETSP0342-Retractable-waslijn.jpg\" \/>\n\t<meta property=\"og:image:width\" content=\"687\" \/>\n\t<meta property=\"og:image:height\" content=\"493\" \/>\n\t<meta property=\"og:image:type\" content=\"image\/jpeg\" \/>\n<meta name=\"twitter:card\" content=\"summary_large_image\" \/>\n<script type=\"application\/ld+json\" class=\"yoast-schema-graph\">{\"@context\":\"https:\\\/\\\/schema.org\",\"@graph\":[{\"@type\":\"WebPage\",\"@id\":\"https:\\\/\\\/eurotrail.info\\\/de\\\/producten\\\/zelte\\\/ersatzteile-zeltbogengestange\\\/waescheleine-mit-aufhaengeklammern\\\/\",\"url\":\"https:\\\/\\\/eurotrail.info\\\/de\\\/producten\\\/zelte\\\/ersatzteile-zeltbogengestange\\\/waescheleine-mit-aufhaengeklammern\\\/\",\"name\":\"W\u00e4scheleine mit Aufh\u00e4ngeklammern - Eurotrail\",\"isPartOf\":{\"@id\":\"https:\\\/\\\/eurotrail.info\\\/#website\"},\"primaryImageOfPage\":{\"@id\":\"https:\\\/\\\/eurotrail.info\\\/de\\\/producten\\\/zelte\\\/ersatzteile-zeltbogengestange\\\/waescheleine-mit-aufhaengeklammern\\\/#primaryimage\"},\"image\":{\"@id\":\"https:\\\/\\\/eurotrail.info\\\/de\\\/producten\\\/zelte\\\/ersatzteile-zeltbogengestange\\\/waescheleine-mit-aufhaengeklammern\\\/#primaryimage\"},\"thumbnailUrl\":\"https:\\\/\\\/eurotrail.info\\\/wp\\\/wp-content\\\/uploads\\\/2020\\\/11\\\/ETSP0342-Retractable-waslijn.jpg\",\"datePublished\":\"2020-11-25T14:01:25+00:00\",\"breadcrumb\":{\"@id\":\"https:\\\/\\\/eurotrail.info\\\/de\\\/producten\\\/zelte\\\/ersatzteile-zeltbogengestange\\\/waescheleine-mit-aufhaengeklammern\\\/#breadcrumb\"},\"inLanguage\":\"de\",\"potentialAction\":[{\"@type\":\"ReadAction\",\"target\":[\"https:\\\/\\\/eurotrail.info\\\/de\\\/producten\\\/zelte\\\/ersatzteile-zeltbogengestange\\\/waescheleine-mit-aufhaengeklammern\\\/\"]}]},{\"@type\":\"ImageObject\",\"inLanguage\":\"de\",\"@id\":\"https:\\\/\\\/eurotrail.info\\\/de\\\/producten\\\/zelte\\\/ersatzteile-zeltbogengestange\\\/waescheleine-mit-aufhaengeklammern\\\/#primaryimage\",\"url\":\"https:\\\/\\\/eurotrail.info\\\/wp\\\/wp-content\\\/uploads\\\/2020\\\/11\\\/ETSP0342-Retractable-waslijn.jpg\",\"contentUrl\":\"https:\\\/\\\/eurotrail.info\\\/wp\\\/wp-content\\\/uploads\\\/2020\\\/11\\\/ETSP0342-Retractable-waslijn.jpg\",\"width\":687,\"height\":493,\"caption\":\"Eurotrail waslijn oprolbaar\"},{\"@type\":\"BreadcrumbList\",\"@id\":\"https:\\\/\\\/eurotrail.info\\\/de\\\/producten\\\/zelte\\\/ersatzteile-zeltbogengestange\\\/waescheleine-mit-aufhaengeklammern\\\/#breadcrumb\",\"itemListElement\":[{\"@type\":\"ListItem\",\"position\":1,\"name\":\"Home\",\"item\":\"https:\\\/\\\/eurotrail.info\\\/de\\\/\"},{\"@type\":\"ListItem\",\"position\":2,\"name\":\"Produkte\",\"item\":\"https:\\\/\\\/eurotrail.info\\\/de\\\/produkte\\\/\"},{\"@type\":\"ListItem\",\"position\":3,\"name\":\"W\u00e4scheleine mit Aufh\u00e4ngeklammern\"}]},{\"@type\":\"WebSite\",\"@id\":\"https:\\\/\\\/eurotrail.info\\\/#website\",\"url\":\"https:\\\/\\\/eurotrail.info\\\/\",\"name\":\"Eurotrail\",\"description\":\"\",\"publisher\":{\"@id\":\"https:\\\/\\\/eurotrail.info\\\/#organization\"},\"potentialAction\":[{\"@type\":\"SearchAction\",\"target\":{\"@type\":\"EntryPoint\",\"urlTemplate\":\"https:\\\/\\\/eurotrail.info\\\/?s={search_term_string}\"},\"query-input\":{\"@type\":\"PropertyValueSpecification\",\"valueRequired\":true,\"valueName\":\"search_term_string\"}}],\"inLanguage\":\"de\"},{\"@type\":\"Organization\",\"@id\":\"https:\\\/\\\/eurotrail.info\\\/#organization\",\"name\":\"Eurotrail\",\"url\":\"https:\\\/\\\/eurotrail.info\\\/\",\"logo\":{\"@type\":\"ImageObject\",\"inLanguage\":\"de\",\"@id\":\"https:\\\/\\\/eurotrail.info\\\/#\\\/schema\\\/logo\\\/image\\\/\",\"url\":\"https:\\\/\\\/eurotrail.info\\\/wp\\\/wp-content\\\/uploads\\\/2023\\\/07\\\/ET-logo-quote_NL-scaled.jpg\",\"contentUrl\":\"https:\\\/\\\/eurotrail.info\\\/wp\\\/wp-content\\\/uploads\\\/2023\\\/07\\\/ET-logo-quote_NL-scaled.jpg\",\"width\":2560,\"height\":675,\"caption\":\"Eurotrail\"},\"image\":{\"@id\":\"https:\\\/\\\/eurotrail.info\\\/#\\\/schema\\\/logo\\\/image\\\/\"}}]}<\/script>\n<!-- \/ Yoast SEO plugin. -->","yoast_head_json":{"title":"W\u00e4scheleine mit Aufh\u00e4ngeklammern - Eurotrail","robots":{"index":"index","follow":"follow","max-snippet":"max-snippet:-1","max-image-preview":"max-image-preview:large","max-video-preview":"max-video-preview:-1"},"canonical":"https:\/\/eurotrail.info\/de\/producten\/zelte\/ersatzteile-zeltbogengestange\/waescheleine-mit-aufhaengeklammern\/","og_locale":"de_DE","og_type":"article","og_title":"W\u00e4scheleine mit Aufh\u00e4ngeklammern - Eurotrail","og_description":"Versenkbare W\u00e4scheleine mit Aufh\u00e4ngeklammern. Diese W\u00e4scheleine von 5,7 m. k\u00f6nnen sie fast \u00fcberall befestigen und einfach mit dem Retraktor aufspannen. Inkl. 8 W\u00e4scheklammern. Material: ABS&hellip;","og_url":"https:\/\/eurotrail.info\/de\/producten\/zelte\/ersatzteile-zeltbogengestange\/waescheleine-mit-aufhaengeklammern\/","og_site_name":"Eurotrail","og_image":[{"width":687,"height":493,"url":"https:\/\/eurotrail.info\/wp\/wp-content\/uploads\/2020\/11\/ETSP0342-Retractable-waslijn.jpg","type":"image\/jpeg"}],"twitter_card":"summary_large_image","schema":{"@context":"https:\/\/schema.org","@graph":[{"@type":"WebPage","@id":"https:\/\/eurotrail.info\/de\/producten\/zelte\/ersatzteile-zeltbogengestange\/waescheleine-mit-aufhaengeklammern\/","url":"https:\/\/eurotrail.info\/de\/producten\/zelte\/ersatzteile-zeltbogengestange\/waescheleine-mit-aufhaengeklammern\/","name":"W\u00e4scheleine mit Aufh\u00e4ngeklammern - Eurotrail","isPartOf":{"@id":"https:\/\/eurotrail.info\/#website"},"primaryImageOfPage":{"@id":"https:\/\/eurotrail.info\/de\/producten\/zelte\/ersatzteile-zeltbogengestange\/waescheleine-mit-aufhaengeklammern\/#primaryimage"},"image":{"@id":"https:\/\/eurotrail.info\/de\/producten\/zelte\/ersatzteile-zeltbogengestange\/waescheleine-mit-aufhaengeklammern\/#primaryimage"},"thumbnailUrl":"https:\/\/eurotrail.info\/wp\/wp-content\/uploads\/2020\/11\/ETSP0342-Retractable-waslijn.jpg","datePublished":"2020-11-25T14:01:25+00:00","breadcrumb":{"@id":"https:\/\/eurotrail.info\/de\/producten\/zelte\/ersatzteile-zeltbogengestange\/waescheleine-mit-aufhaengeklammern\/#breadcrumb"},"inLanguage":"de","potentialAction":[{"@type":"ReadAction","target":["https:\/\/eurotrail.info\/de\/producten\/zelte\/ersatzteile-zeltbogengestange\/waescheleine-mit-aufhaengeklammern\/"]}]},{"@type":"ImageObject","inLanguage":"de","@id":"https:\/\/eurotrail.info\/de\/producten\/zelte\/ersatzteile-zeltbogengestange\/waescheleine-mit-aufhaengeklammern\/#primaryimage","url":"https:\/\/eurotrail.info\/wp\/wp-content\/uploads\/2020\/11\/ETSP0342-Retractable-waslijn.jpg","contentUrl":"https:\/\/eurotrail.info\/wp\/wp-content\/uploads\/2020\/11\/ETSP0342-Retractable-waslijn.jpg","width":687,"height":493,"caption":"Eurotrail waslijn oprolbaar"},{"@type":"BreadcrumbList","@id":"https:\/\/eurotrail.info\/de\/producten\/zelte\/ersatzteile-zeltbogengestange\/waescheleine-mit-aufhaengeklammern\/#breadcrumb","itemListElement":[{"@type":"ListItem","position":1,"name":"Home","item":"https:\/\/eurotrail.info\/de\/"},{"@type":"ListItem","position":2,"name":"Produkte","item":"https:\/\/eurotrail.info\/de\/produkte\/"},{"@type":"ListItem","position":3,"name":"W\u00e4scheleine mit Aufh\u00e4ngeklammern"}]},{"@type":"WebSite","@id":"https:\/\/eurotrail.info\/#website","url":"https:\/\/eurotrail.info\/","name":"Eurotrail","description":"","publisher":{"@id":"https:\/\/eurotrail.info\/#organization"},"potentialAction":[{"@type":"SearchAction","target":{"@type":"EntryPoint","urlTemplate":"https:\/\/eurotrail.info\/?s={search_term_string}"},"query-input":{"@type":"PropertyValueSpecification","valueRequired":true,"valueName":"search_term_string"}}],"inLanguage":"de"},{"@type":"Organization","@id":"https:\/\/eurotrail.info\/#organization","name":"Eurotrail","url":"https:\/\/eurotrail.info\/","logo":{"@type":"ImageObject","inLanguage":"de","@id":"https:\/\/eurotrail.info\/#\/schema\/logo\/image\/","url":"https:\/\/eurotrail.info\/wp\/wp-content\/uploads\/2023\/07\/ET-logo-quote_NL-scaled.jpg","contentUrl":"https:\/\/eurotrail.info\/wp\/wp-content\/uploads\/2023\/07\/ET-logo-quote_NL-scaled.jpg","width":2560,"height":675,"caption":"Eurotrail"},"image":{"@id":"https:\/\/eurotrail.info\/#\/schema\/logo\/image\/"}}]}},"_links":{"self":[{"href":"https:\/\/eurotrail.info\/de\/wp-json\/wp\/v2\/product\/11894","targetHints":{"allow":["GET"]}}],"collection":[{"href":"https:\/\/eurotrail.info\/de\/wp-json\/wp\/v2\/product"}],"about":[{"href":"https:\/\/eurotrail.info\/de\/wp-json\/wp\/v2\/types\/product"}],"replies":[{"embeddable":true,"href":"https:\/\/eurotrail.info\/de\/wp-json\/wp\/v2\/comments?post=11894"}],"wp:featuredmedia":[{"embeddable":true,"href":"https:\/\/eurotrail.info\/de\/wp-json\/wp\/v2\/media\/11889"}],"wp:attachment":[{"href":"https:\/\/eurotrail.info\/de\/wp-json\/wp\/v2\/media?parent=11894"}],"wp:term":[{"taxonomy":"product_brand","embeddable":true,"href":"https:\/\/eurotrail.info\/de\/wp-json\/wp\/v2\/product_brand?post=11894"},{"taxonomy":"product_cat","embeddable":true,"href":"https:\/\/eurotrail.info\/de\/wp-json\/wp\/v2\/product_cat?post=11894"},{"taxonomy":"product_tag","embeddable":true,"href":"https:\/\/eurotrail.info\/de\/wp-json\/wp\/v2\/product_tag?post=11894"}],"curies":[{"name":"wp","href":"https:\/\/api.w.org\/{rel}","templated":true}]}}