{"id":12131,"date":"2020-11-26T15:05:44","date_gmt":"2020-11-26T14:05:44","guid":{"rendered":"https:\/\/eurotrail.info\/producten\/universelles-pop-up-innenzelt\/"},"modified":"2020-11-26T15:05:44","modified_gmt":"2020-11-26T14:05:44","slug":"universelles-pop-up-innenzelt","status":"publish","type":"product","link":"https:\/\/eurotrail.info\/de\/producten\/wohnwagenwohnmobilebus\/schlafkabinen-fuer-vorzelt\/universelles-pop-up-innenzelt\/","title":{"rendered":"Universelles Pop-up-Innenzelt"},"content":{"rendered":"<p>Handliches freistehendes Innenzelt, das \u00fcberall verwendet werden kann. Das Pop-Out-System macht die Einrichtung sehr einfach und schnell.<br \/>\nDieses Innenzelt ist f\u00fcr 2 Personen mit Gep\u00e4ck geeignet und eignet sich ideal als zus\u00e4tzlicher Schlafplatz in Ihrem Zelt, Ihrer Markise oder Ihrem Buszelt. Hergestellt aus bel\u00fcftetem unbeschichtetem Polyester mit PE-best\u00e4ndigem Boden. Das dunkle Farbschema sorgt daf\u00fcr, dass es lange Zeit sch\u00f6n dunkel im Zelt bleibt. Kann f\u00fcr optimale Privatsph\u00e4re vollst\u00e4ndig geschlossen werden.<\/p>\n<p>Gr\u00f6\u00dfe: 205x140cm<br \/>\nGefaltet: \u00d8 75cm<br \/>\nMaterial: 100% Polyester<br \/>\nUnten: PE-Material<br \/>\nGewicht: 1,75 kg.<\/p>\n","protected":false},"excerpt":{"rendered":"<p>Handliches freistehendes Innenzelt, das \u00fcberall verwendet werden kann. Das Pop-Out-System macht die Einrichtung sehr einfach und schnell. Dieses Innenzelt ist f\u00fcr 2 Personen mit Gep\u00e4ck&hellip;<\/p>\n","protected":false},"featured_media":12113,"comment_status":"open","ping_status":"closed","template":"","meta":{"_acf_changed":false},"product_brand":[],"product_cat":[76,71],"product_tag":[],"class_list":{"0":"post-12131","1":"product","2":"type-product","3":"status-publish","4":"has-post-thumbnail","6":"product_cat-schlafkabinen-fuer-vorzelt","7":"product_cat-wohnwagenwohnmobilebus","9":"first","10":"instock","11":"shipping-taxable","12":"product-type-simple"},"acf":[],"yoast_head":"<!-- This site is optimized with the Yoast SEO plugin v27.3 - https:\/\/yoast.com\/product\/yoast-seo-wordpress\/ -->\n<title>Universelles Pop-up-Innenzelt - Eurotrail<\/title>\n<meta name=\"robots\" content=\"index, follow, max-snippet:-1, max-image-preview:large, max-video-preview:-1\" \/>\n<link rel=\"canonical\" href=\"https:\/\/eurotrail.info\/de\/producten\/wohnwagenwohnmobilebus\/schlafkabinen-fuer-vorzelt\/universelles-pop-up-innenzelt\/\" \/>\n<meta property=\"og:locale\" content=\"de_DE\" \/>\n<meta property=\"og:type\" content=\"article\" \/>\n<meta property=\"og:title\" content=\"Universelles Pop-up-Innenzelt - Eurotrail\" \/>\n<meta property=\"og:description\" content=\"Handliches freistehendes Innenzelt, das \u00fcberall verwendet werden kann. Das Pop-Out-System macht die Einrichtung sehr einfach und schnell. Dieses Innenzelt ist f\u00fcr 2 Personen mit Gep\u00e4ck&hellip;\" \/>\n<meta property=\"og:url\" content=\"https:\/\/eurotrail.info\/de\/producten\/wohnwagenwohnmobilebus\/schlafkabinen-fuer-vorzelt\/universelles-pop-up-innenzelt\/\" \/>\n<meta property=\"og:site_name\" content=\"Eurotrail\" \/>\n<meta property=\"og:image\" content=\"https:\/\/eurotrail.info\/wp\/wp-content\/uploads\/2020\/11\/ETCT0094_0400_2.jpg\" \/>\n\t<meta property=\"og:image:width\" content=\"1772\" \/>\n\t<meta property=\"og:image:height\" content=\"1652\" \/>\n\t<meta property=\"og:image:type\" content=\"image\/jpeg\" \/>\n<meta name=\"twitter:card\" content=\"summary_large_image\" \/>\n<script type=\"application\/ld+json\" class=\"yoast-schema-graph\">{\"@context\":\"https:\\\/\\\/schema.org\",\"@graph\":[{\"@type\":\"WebPage\",\"@id\":\"https:\\\/\\\/eurotrail.info\\\/de\\\/producten\\\/wohnwagenwohnmobilebus\\\/schlafkabinen-fuer-vorzelt\\\/universelles-pop-up-innenzelt\\\/\",\"url\":\"https:\\\/\\\/eurotrail.info\\\/de\\\/producten\\\/wohnwagenwohnmobilebus\\\/schlafkabinen-fuer-vorzelt\\\/universelles-pop-up-innenzelt\\\/\",\"name\":\"Universelles Pop-up-Innenzelt - Eurotrail\",\"isPartOf\":{\"@id\":\"https:\\\/\\\/eurotrail.info\\\/#website\"},\"primaryImageOfPage\":{\"@id\":\"https:\\\/\\\/eurotrail.info\\\/de\\\/producten\\\/wohnwagenwohnmobilebus\\\/schlafkabinen-fuer-vorzelt\\\/universelles-pop-up-innenzelt\\\/#primaryimage\"},\"image\":{\"@id\":\"https:\\\/\\\/eurotrail.info\\\/de\\\/producten\\\/wohnwagenwohnmobilebus\\\/schlafkabinen-fuer-vorzelt\\\/universelles-pop-up-innenzelt\\\/#primaryimage\"},\"thumbnailUrl\":\"https:\\\/\\\/eurotrail.info\\\/wp\\\/wp-content\\\/uploads\\\/2020\\\/11\\\/ETCT0094_0400_2.jpg\",\"datePublished\":\"2020-11-26T14:05:44+00:00\",\"breadcrumb\":{\"@id\":\"https:\\\/\\\/eurotrail.info\\\/de\\\/producten\\\/wohnwagenwohnmobilebus\\\/schlafkabinen-fuer-vorzelt\\\/universelles-pop-up-innenzelt\\\/#breadcrumb\"},\"inLanguage\":\"de\",\"potentialAction\":[{\"@type\":\"ReadAction\",\"target\":[\"https:\\\/\\\/eurotrail.info\\\/de\\\/producten\\\/wohnwagenwohnmobilebus\\\/schlafkabinen-fuer-vorzelt\\\/universelles-pop-up-innenzelt\\\/\"]}]},{\"@type\":\"ImageObject\",\"inLanguage\":\"de\",\"@id\":\"https:\\\/\\\/eurotrail.info\\\/de\\\/producten\\\/wohnwagenwohnmobilebus\\\/schlafkabinen-fuer-vorzelt\\\/universelles-pop-up-innenzelt\\\/#primaryimage\",\"url\":\"https:\\\/\\\/eurotrail.info\\\/wp\\\/wp-content\\\/uploads\\\/2020\\\/11\\\/ETCT0094_0400_2.jpg\",\"contentUrl\":\"https:\\\/\\\/eurotrail.info\\\/wp\\\/wp-content\\\/uploads\\\/2020\\\/11\\\/ETCT0094_0400_2.jpg\",\"width\":1772,\"height\":1652,\"caption\":\"Eurotrail pop out binnentent universeel\"},{\"@type\":\"BreadcrumbList\",\"@id\":\"https:\\\/\\\/eurotrail.info\\\/de\\\/producten\\\/wohnwagenwohnmobilebus\\\/schlafkabinen-fuer-vorzelt\\\/universelles-pop-up-innenzelt\\\/#breadcrumb\",\"itemListElement\":[{\"@type\":\"ListItem\",\"position\":1,\"name\":\"Home\",\"item\":\"https:\\\/\\\/eurotrail.info\\\/de\\\/\"},{\"@type\":\"ListItem\",\"position\":2,\"name\":\"Produkte\",\"item\":\"https:\\\/\\\/eurotrail.info\\\/de\\\/produkte\\\/\"},{\"@type\":\"ListItem\",\"position\":3,\"name\":\"Universelles Pop-up-Innenzelt\"}]},{\"@type\":\"WebSite\",\"@id\":\"https:\\\/\\\/eurotrail.info\\\/#website\",\"url\":\"https:\\\/\\\/eurotrail.info\\\/\",\"name\":\"Eurotrail\",\"description\":\"\",\"publisher\":{\"@id\":\"https:\\\/\\\/eurotrail.info\\\/#organization\"},\"potentialAction\":[{\"@type\":\"SearchAction\",\"target\":{\"@type\":\"EntryPoint\",\"urlTemplate\":\"https:\\\/\\\/eurotrail.info\\\/?s={search_term_string}\"},\"query-input\":{\"@type\":\"PropertyValueSpecification\",\"valueRequired\":true,\"valueName\":\"search_term_string\"}}],\"inLanguage\":\"de\"},{\"@type\":\"Organization\",\"@id\":\"https:\\\/\\\/eurotrail.info\\\/#organization\",\"name\":\"Eurotrail\",\"url\":\"https:\\\/\\\/eurotrail.info\\\/\",\"logo\":{\"@type\":\"ImageObject\",\"inLanguage\":\"de\",\"@id\":\"https:\\\/\\\/eurotrail.info\\\/#\\\/schema\\\/logo\\\/image\\\/\",\"url\":\"https:\\\/\\\/eurotrail.info\\\/wp\\\/wp-content\\\/uploads\\\/2023\\\/07\\\/ET-logo-quote_NL-scaled.jpg\",\"contentUrl\":\"https:\\\/\\\/eurotrail.info\\\/wp\\\/wp-content\\\/uploads\\\/2023\\\/07\\\/ET-logo-quote_NL-scaled.jpg\",\"width\":2560,\"height\":675,\"caption\":\"Eurotrail\"},\"image\":{\"@id\":\"https:\\\/\\\/eurotrail.info\\\/#\\\/schema\\\/logo\\\/image\\\/\"}}]}<\/script>\n<!-- \/ Yoast SEO plugin. -->","yoast_head_json":{"title":"Universelles Pop-up-Innenzelt - Eurotrail","robots":{"index":"index","follow":"follow","max-snippet":"max-snippet:-1","max-image-preview":"max-image-preview:large","max-video-preview":"max-video-preview:-1"},"canonical":"https:\/\/eurotrail.info\/de\/producten\/wohnwagenwohnmobilebus\/schlafkabinen-fuer-vorzelt\/universelles-pop-up-innenzelt\/","og_locale":"de_DE","og_type":"article","og_title":"Universelles Pop-up-Innenzelt - Eurotrail","og_description":"Handliches freistehendes Innenzelt, das \u00fcberall verwendet werden kann. Das Pop-Out-System macht die Einrichtung sehr einfach und schnell. Dieses Innenzelt ist f\u00fcr 2 Personen mit Gep\u00e4ck&hellip;","og_url":"https:\/\/eurotrail.info\/de\/producten\/wohnwagenwohnmobilebus\/schlafkabinen-fuer-vorzelt\/universelles-pop-up-innenzelt\/","og_site_name":"Eurotrail","og_image":[{"width":1772,"height":1652,"url":"https:\/\/eurotrail.info\/wp\/wp-content\/uploads\/2020\/11\/ETCT0094_0400_2.jpg","type":"image\/jpeg"}],"twitter_card":"summary_large_image","schema":{"@context":"https:\/\/schema.org","@graph":[{"@type":"WebPage","@id":"https:\/\/eurotrail.info\/de\/producten\/wohnwagenwohnmobilebus\/schlafkabinen-fuer-vorzelt\/universelles-pop-up-innenzelt\/","url":"https:\/\/eurotrail.info\/de\/producten\/wohnwagenwohnmobilebus\/schlafkabinen-fuer-vorzelt\/universelles-pop-up-innenzelt\/","name":"Universelles Pop-up-Innenzelt - Eurotrail","isPartOf":{"@id":"https:\/\/eurotrail.info\/#website"},"primaryImageOfPage":{"@id":"https:\/\/eurotrail.info\/de\/producten\/wohnwagenwohnmobilebus\/schlafkabinen-fuer-vorzelt\/universelles-pop-up-innenzelt\/#primaryimage"},"image":{"@id":"https:\/\/eurotrail.info\/de\/producten\/wohnwagenwohnmobilebus\/schlafkabinen-fuer-vorzelt\/universelles-pop-up-innenzelt\/#primaryimage"},"thumbnailUrl":"https:\/\/eurotrail.info\/wp\/wp-content\/uploads\/2020\/11\/ETCT0094_0400_2.jpg","datePublished":"2020-11-26T14:05:44+00:00","breadcrumb":{"@id":"https:\/\/eurotrail.info\/de\/producten\/wohnwagenwohnmobilebus\/schlafkabinen-fuer-vorzelt\/universelles-pop-up-innenzelt\/#breadcrumb"},"inLanguage":"de","potentialAction":[{"@type":"ReadAction","target":["https:\/\/eurotrail.info\/de\/producten\/wohnwagenwohnmobilebus\/schlafkabinen-fuer-vorzelt\/universelles-pop-up-innenzelt\/"]}]},{"@type":"ImageObject","inLanguage":"de","@id":"https:\/\/eurotrail.info\/de\/producten\/wohnwagenwohnmobilebus\/schlafkabinen-fuer-vorzelt\/universelles-pop-up-innenzelt\/#primaryimage","url":"https:\/\/eurotrail.info\/wp\/wp-content\/uploads\/2020\/11\/ETCT0094_0400_2.jpg","contentUrl":"https:\/\/eurotrail.info\/wp\/wp-content\/uploads\/2020\/11\/ETCT0094_0400_2.jpg","width":1772,"height":1652,"caption":"Eurotrail pop out binnentent universeel"},{"@type":"BreadcrumbList","@id":"https:\/\/eurotrail.info\/de\/producten\/wohnwagenwohnmobilebus\/schlafkabinen-fuer-vorzelt\/universelles-pop-up-innenzelt\/#breadcrumb","itemListElement":[{"@type":"ListItem","position":1,"name":"Home","item":"https:\/\/eurotrail.info\/de\/"},{"@type":"ListItem","position":2,"name":"Produkte","item":"https:\/\/eurotrail.info\/de\/produkte\/"},{"@type":"ListItem","position":3,"name":"Universelles Pop-up-Innenzelt"}]},{"@type":"WebSite","@id":"https:\/\/eurotrail.info\/#website","url":"https:\/\/eurotrail.info\/","name":"Eurotrail","description":"","publisher":{"@id":"https:\/\/eurotrail.info\/#organization"},"potentialAction":[{"@type":"SearchAction","target":{"@type":"EntryPoint","urlTemplate":"https:\/\/eurotrail.info\/?s={search_term_string}"},"query-input":{"@type":"PropertyValueSpecification","valueRequired":true,"valueName":"search_term_string"}}],"inLanguage":"de"},{"@type":"Organization","@id":"https:\/\/eurotrail.info\/#organization","name":"Eurotrail","url":"https:\/\/eurotrail.info\/","logo":{"@type":"ImageObject","inLanguage":"de","@id":"https:\/\/eurotrail.info\/#\/schema\/logo\/image\/","url":"https:\/\/eurotrail.info\/wp\/wp-content\/uploads\/2023\/07\/ET-logo-quote_NL-scaled.jpg","contentUrl":"https:\/\/eurotrail.info\/wp\/wp-content\/uploads\/2023\/07\/ET-logo-quote_NL-scaled.jpg","width":2560,"height":675,"caption":"Eurotrail"},"image":{"@id":"https:\/\/eurotrail.info\/#\/schema\/logo\/image\/"}}]}},"_links":{"self":[{"href":"https:\/\/eurotrail.info\/de\/wp-json\/wp\/v2\/product\/12131","targetHints":{"allow":["GET"]}}],"collection":[{"href":"https:\/\/eurotrail.info\/de\/wp-json\/wp\/v2\/product"}],"about":[{"href":"https:\/\/eurotrail.info\/de\/wp-json\/wp\/v2\/types\/product"}],"replies":[{"embeddable":true,"href":"https:\/\/eurotrail.info\/de\/wp-json\/wp\/v2\/comments?post=12131"}],"wp:featuredmedia":[{"embeddable":true,"href":"https:\/\/eurotrail.info\/de\/wp-json\/wp\/v2\/media\/12113"}],"wp:attachment":[{"href":"https:\/\/eurotrail.info\/de\/wp-json\/wp\/v2\/media?parent=12131"}],"wp:term":[{"taxonomy":"product_brand","embeddable":true,"href":"https:\/\/eurotrail.info\/de\/wp-json\/wp\/v2\/product_brand?post=12131"},{"taxonomy":"product_cat","embeddable":true,"href":"https:\/\/eurotrail.info\/de\/wp-json\/wp\/v2\/product_cat?post=12131"},{"taxonomy":"product_tag","embeddable":true,"href":"https:\/\/eurotrail.info\/de\/wp-json\/wp\/v2\/product_tag?post=12131"}],"curies":[{"name":"wp","href":"https:\/\/api.w.org\/{rel}","templated":true}]}}