{"id":12389,"date":"2020-12-01T09:02:27","date_gmt":"2020-12-01T08:02:27","guid":{"rendered":"https:\/\/eurotrail.info\/producten\/campingtisch-balazuc-bambus-klapptisch\/"},"modified":"2021-02-10T16:36:12","modified_gmt":"2021-02-10T15:36:12","slug":"campingtisch-balazuc-bambus-klapptisch","status":"publish","type":"product","link":"https:\/\/eurotrail.info\/de\/producten\/campingmoebel\/campingtische\/campingtisch-balazuc-bambus-klapptisch\/","title":{"rendered":"Campingtisch Balazuc &#8211; Bambus &#8211; Klapptisch"},"content":{"rendered":"<p><span lang=\"EN-GB\">Gro\u00dfer Aluminiumtisch mit wasserfester Bambusplatte. <\/span><span lang=\"DE\">Robuster und stabiler Aluminiumrahmen in 2 verschiedenen H\u00f6hen verstellbar. Verstellbare F\u00fc\u00dfe. Der Tisch kann in zwei H\u00e4lften gefaltet werden, wodurch ein handliches kleines Paket entsteht. Der Tisch ist f\u00fcr 4 bis 6 Personen geeignet.<\/span><\/p>\n<p>Gr\u00f6\u00dfe: 90x60x70 \/ 37cm<br \/>\nGefaltet: 90x30x8cm<br \/>\nGewicht: 5,5 kg.<br \/>\nMax. Belastung: 50 kg.<\/p>\n","protected":false},"excerpt":{"rendered":"<p>Gro\u00dfer Aluminiumtisch mit wasserfester Bambusplatte. Robuster und stabiler Aluminiumrahmen in 2 verschiedenen H\u00f6hen verstellbar. Verstellbare F\u00fc\u00dfe. Der Tisch kann in zwei H\u00e4lften gefaltet werden, wodurch&hellip;<\/p>\n","protected":false},"featured_media":12388,"comment_status":"open","ping_status":"closed","template":"","meta":{"_acf_changed":false},"product_brand":[],"product_cat":[82,85],"product_tag":[],"class_list":{"0":"post-12389","1":"product","2":"type-product","3":"status-publish","4":"has-post-thumbnail","6":"product_cat-campingmoebel","7":"product_cat-campingtische","9":"first","10":"instock","11":"shipping-taxable","12":"product-type-simple"},"acf":[],"yoast_head":"<!-- This site is optimized with the Yoast SEO plugin v27.4 - https:\/\/yoast.com\/product\/yoast-seo-wordpress\/ -->\n<title>Campingtisch Balazuc - Bambus - Klapptisch - Eurotrail<\/title>\n<meta name=\"robots\" content=\"index, follow, max-snippet:-1, max-image-preview:large, max-video-preview:-1\" \/>\n<link rel=\"canonical\" href=\"https:\/\/eurotrail.info\/de\/producten\/campingmoebel\/campingtische\/campingtisch-balazuc-bambus-klapptisch\/\" \/>\n<meta property=\"og:locale\" content=\"de_DE\" \/>\n<meta property=\"og:type\" content=\"article\" \/>\n<meta property=\"og:title\" content=\"Campingtisch Balazuc - Bambus - Klapptisch - Eurotrail\" \/>\n<meta property=\"og:description\" content=\"Gro\u00dfer Aluminiumtisch mit wasserfester Bambusplatte. Robuster und stabiler Aluminiumrahmen in 2 verschiedenen H\u00f6hen verstellbar. Verstellbare F\u00fc\u00dfe. Der Tisch kann in zwei H\u00e4lften gefaltet werden, wodurch&hellip;\" \/>\n<meta property=\"og:url\" content=\"https:\/\/eurotrail.info\/de\/producten\/campingmoebel\/campingtische\/campingtisch-balazuc-bambus-klapptisch\/\" \/>\n<meta property=\"og:site_name\" content=\"Eurotrail\" \/>\n<meta property=\"article:modified_time\" content=\"2021-02-10T15:36:12+00:00\" \/>\n<meta property=\"og:image\" content=\"https:\/\/eurotrail.info\/wp\/wp-content\/uploads\/2020\/12\/ETCF1476-Balazuc-set-21.jpg\" \/>\n\t<meta property=\"og:image:width\" content=\"1772\" \/>\n\t<meta property=\"og:image:height\" content=\"1836\" \/>\n\t<meta property=\"og:image:type\" content=\"image\/jpeg\" \/>\n<meta name=\"twitter:card\" content=\"summary_large_image\" \/>\n<script type=\"application\/ld+json\" class=\"yoast-schema-graph\">{\"@context\":\"https:\\\/\\\/schema.org\",\"@graph\":[{\"@type\":\"WebPage\",\"@id\":\"https:\\\/\\\/eurotrail.info\\\/de\\\/producten\\\/campingmoebel\\\/campingtische\\\/campingtisch-balazuc-bambus-klapptisch\\\/\",\"url\":\"https:\\\/\\\/eurotrail.info\\\/de\\\/producten\\\/campingmoebel\\\/campingtische\\\/campingtisch-balazuc-bambus-klapptisch\\\/\",\"name\":\"Campingtisch Balazuc - Bambus - Klapptisch - Eurotrail\",\"isPartOf\":{\"@id\":\"https:\\\/\\\/eurotrail.info\\\/#website\"},\"primaryImageOfPage\":{\"@id\":\"https:\\\/\\\/eurotrail.info\\\/de\\\/producten\\\/campingmoebel\\\/campingtische\\\/campingtisch-balazuc-bambus-klapptisch\\\/#primaryimage\"},\"image\":{\"@id\":\"https:\\\/\\\/eurotrail.info\\\/de\\\/producten\\\/campingmoebel\\\/campingtische\\\/campingtisch-balazuc-bambus-klapptisch\\\/#primaryimage\"},\"thumbnailUrl\":\"https:\\\/\\\/eurotrail.info\\\/wp\\\/wp-content\\\/uploads\\\/2020\\\/12\\\/ETCF1476-Balazuc-set-21.jpg\",\"datePublished\":\"2020-12-01T08:02:27+00:00\",\"dateModified\":\"2021-02-10T15:36:12+00:00\",\"breadcrumb\":{\"@id\":\"https:\\\/\\\/eurotrail.info\\\/de\\\/producten\\\/campingmoebel\\\/campingtische\\\/campingtisch-balazuc-bambus-klapptisch\\\/#breadcrumb\"},\"inLanguage\":\"de\",\"potentialAction\":[{\"@type\":\"ReadAction\",\"target\":[\"https:\\\/\\\/eurotrail.info\\\/de\\\/producten\\\/campingmoebel\\\/campingtische\\\/campingtisch-balazuc-bambus-klapptisch\\\/\"]}]},{\"@type\":\"ImageObject\",\"inLanguage\":\"de\",\"@id\":\"https:\\\/\\\/eurotrail.info\\\/de\\\/producten\\\/campingmoebel\\\/campingtische\\\/campingtisch-balazuc-bambus-klapptisch\\\/#primaryimage\",\"url\":\"https:\\\/\\\/eurotrail.info\\\/wp\\\/wp-content\\\/uploads\\\/2020\\\/12\\\/ETCF1476-Balazuc-set-21.jpg\",\"contentUrl\":\"https:\\\/\\\/eurotrail.info\\\/wp\\\/wp-content\\\/uploads\\\/2020\\\/12\\\/ETCF1476-Balazuc-set-21.jpg\",\"width\":1772,\"height\":1836,\"caption\":\"Eurotrail Balazuc Bamboe tafel\"},{\"@type\":\"BreadcrumbList\",\"@id\":\"https:\\\/\\\/eurotrail.info\\\/de\\\/producten\\\/campingmoebel\\\/campingtische\\\/campingtisch-balazuc-bambus-klapptisch\\\/#breadcrumb\",\"itemListElement\":[{\"@type\":\"ListItem\",\"position\":1,\"name\":\"Home\",\"item\":\"https:\\\/\\\/eurotrail.info\\\/de\\\/\"},{\"@type\":\"ListItem\",\"position\":2,\"name\":\"Produkte\",\"item\":\"https:\\\/\\\/eurotrail.info\\\/de\\\/produkte\\\/\"},{\"@type\":\"ListItem\",\"position\":3,\"name\":\"Campingtisch Balazuc &#8211; Bambus &#8211; Klapptisch\"}]},{\"@type\":\"WebSite\",\"@id\":\"https:\\\/\\\/eurotrail.info\\\/#website\",\"url\":\"https:\\\/\\\/eurotrail.info\\\/\",\"name\":\"Eurotrail\",\"description\":\"\",\"publisher\":{\"@id\":\"https:\\\/\\\/eurotrail.info\\\/#organization\"},\"potentialAction\":[{\"@type\":\"SearchAction\",\"target\":{\"@type\":\"EntryPoint\",\"urlTemplate\":\"https:\\\/\\\/eurotrail.info\\\/?s={search_term_string}\"},\"query-input\":{\"@type\":\"PropertyValueSpecification\",\"valueRequired\":true,\"valueName\":\"search_term_string\"}}],\"inLanguage\":\"de\"},{\"@type\":\"Organization\",\"@id\":\"https:\\\/\\\/eurotrail.info\\\/#organization\",\"name\":\"Eurotrail\",\"url\":\"https:\\\/\\\/eurotrail.info\\\/\",\"logo\":{\"@type\":\"ImageObject\",\"inLanguage\":\"de\",\"@id\":\"https:\\\/\\\/eurotrail.info\\\/#\\\/schema\\\/logo\\\/image\\\/\",\"url\":\"https:\\\/\\\/eurotrail.info\\\/wp\\\/wp-content\\\/uploads\\\/2023\\\/07\\\/ET-logo-quote_NL-scaled.jpg\",\"contentUrl\":\"https:\\\/\\\/eurotrail.info\\\/wp\\\/wp-content\\\/uploads\\\/2023\\\/07\\\/ET-logo-quote_NL-scaled.jpg\",\"width\":2560,\"height\":675,\"caption\":\"Eurotrail\"},\"image\":{\"@id\":\"https:\\\/\\\/eurotrail.info\\\/#\\\/schema\\\/logo\\\/image\\\/\"}}]}<\/script>\n<!-- \/ Yoast SEO plugin. -->","yoast_head_json":{"title":"Campingtisch Balazuc - Bambus - Klapptisch - Eurotrail","robots":{"index":"index","follow":"follow","max-snippet":"max-snippet:-1","max-image-preview":"max-image-preview:large","max-video-preview":"max-video-preview:-1"},"canonical":"https:\/\/eurotrail.info\/de\/producten\/campingmoebel\/campingtische\/campingtisch-balazuc-bambus-klapptisch\/","og_locale":"de_DE","og_type":"article","og_title":"Campingtisch Balazuc - Bambus - Klapptisch - Eurotrail","og_description":"Gro\u00dfer Aluminiumtisch mit wasserfester Bambusplatte. Robuster und stabiler Aluminiumrahmen in 2 verschiedenen H\u00f6hen verstellbar. Verstellbare F\u00fc\u00dfe. Der Tisch kann in zwei H\u00e4lften gefaltet werden, wodurch&hellip;","og_url":"https:\/\/eurotrail.info\/de\/producten\/campingmoebel\/campingtische\/campingtisch-balazuc-bambus-klapptisch\/","og_site_name":"Eurotrail","article_modified_time":"2021-02-10T15:36:12+00:00","og_image":[{"width":1772,"height":1836,"url":"https:\/\/eurotrail.info\/wp\/wp-content\/uploads\/2020\/12\/ETCF1476-Balazuc-set-21.jpg","type":"image\/jpeg"}],"twitter_card":"summary_large_image","schema":{"@context":"https:\/\/schema.org","@graph":[{"@type":"WebPage","@id":"https:\/\/eurotrail.info\/de\/producten\/campingmoebel\/campingtische\/campingtisch-balazuc-bambus-klapptisch\/","url":"https:\/\/eurotrail.info\/de\/producten\/campingmoebel\/campingtische\/campingtisch-balazuc-bambus-klapptisch\/","name":"Campingtisch Balazuc - Bambus - Klapptisch - Eurotrail","isPartOf":{"@id":"https:\/\/eurotrail.info\/#website"},"primaryImageOfPage":{"@id":"https:\/\/eurotrail.info\/de\/producten\/campingmoebel\/campingtische\/campingtisch-balazuc-bambus-klapptisch\/#primaryimage"},"image":{"@id":"https:\/\/eurotrail.info\/de\/producten\/campingmoebel\/campingtische\/campingtisch-balazuc-bambus-klapptisch\/#primaryimage"},"thumbnailUrl":"https:\/\/eurotrail.info\/wp\/wp-content\/uploads\/2020\/12\/ETCF1476-Balazuc-set-21.jpg","datePublished":"2020-12-01T08:02:27+00:00","dateModified":"2021-02-10T15:36:12+00:00","breadcrumb":{"@id":"https:\/\/eurotrail.info\/de\/producten\/campingmoebel\/campingtische\/campingtisch-balazuc-bambus-klapptisch\/#breadcrumb"},"inLanguage":"de","potentialAction":[{"@type":"ReadAction","target":["https:\/\/eurotrail.info\/de\/producten\/campingmoebel\/campingtische\/campingtisch-balazuc-bambus-klapptisch\/"]}]},{"@type":"ImageObject","inLanguage":"de","@id":"https:\/\/eurotrail.info\/de\/producten\/campingmoebel\/campingtische\/campingtisch-balazuc-bambus-klapptisch\/#primaryimage","url":"https:\/\/eurotrail.info\/wp\/wp-content\/uploads\/2020\/12\/ETCF1476-Balazuc-set-21.jpg","contentUrl":"https:\/\/eurotrail.info\/wp\/wp-content\/uploads\/2020\/12\/ETCF1476-Balazuc-set-21.jpg","width":1772,"height":1836,"caption":"Eurotrail Balazuc Bamboe tafel"},{"@type":"BreadcrumbList","@id":"https:\/\/eurotrail.info\/de\/producten\/campingmoebel\/campingtische\/campingtisch-balazuc-bambus-klapptisch\/#breadcrumb","itemListElement":[{"@type":"ListItem","position":1,"name":"Home","item":"https:\/\/eurotrail.info\/de\/"},{"@type":"ListItem","position":2,"name":"Produkte","item":"https:\/\/eurotrail.info\/de\/produkte\/"},{"@type":"ListItem","position":3,"name":"Campingtisch Balazuc &#8211; Bambus &#8211; Klapptisch"}]},{"@type":"WebSite","@id":"https:\/\/eurotrail.info\/#website","url":"https:\/\/eurotrail.info\/","name":"Eurotrail","description":"","publisher":{"@id":"https:\/\/eurotrail.info\/#organization"},"potentialAction":[{"@type":"SearchAction","target":{"@type":"EntryPoint","urlTemplate":"https:\/\/eurotrail.info\/?s={search_term_string}"},"query-input":{"@type":"PropertyValueSpecification","valueRequired":true,"valueName":"search_term_string"}}],"inLanguage":"de"},{"@type":"Organization","@id":"https:\/\/eurotrail.info\/#organization","name":"Eurotrail","url":"https:\/\/eurotrail.info\/","logo":{"@type":"ImageObject","inLanguage":"de","@id":"https:\/\/eurotrail.info\/#\/schema\/logo\/image\/","url":"https:\/\/eurotrail.info\/wp\/wp-content\/uploads\/2023\/07\/ET-logo-quote_NL-scaled.jpg","contentUrl":"https:\/\/eurotrail.info\/wp\/wp-content\/uploads\/2023\/07\/ET-logo-quote_NL-scaled.jpg","width":2560,"height":675,"caption":"Eurotrail"},"image":{"@id":"https:\/\/eurotrail.info\/#\/schema\/logo\/image\/"}}]}},"_links":{"self":[{"href":"https:\/\/eurotrail.info\/de\/wp-json\/wp\/v2\/product\/12389","targetHints":{"allow":["GET"]}}],"collection":[{"href":"https:\/\/eurotrail.info\/de\/wp-json\/wp\/v2\/product"}],"about":[{"href":"https:\/\/eurotrail.info\/de\/wp-json\/wp\/v2\/types\/product"}],"replies":[{"embeddable":true,"href":"https:\/\/eurotrail.info\/de\/wp-json\/wp\/v2\/comments?post=12389"}],"wp:featuredmedia":[{"embeddable":true,"href":"https:\/\/eurotrail.info\/de\/wp-json\/wp\/v2\/media\/12388"}],"wp:attachment":[{"href":"https:\/\/eurotrail.info\/de\/wp-json\/wp\/v2\/media?parent=12389"}],"wp:term":[{"taxonomy":"product_brand","embeddable":true,"href":"https:\/\/eurotrail.info\/de\/wp-json\/wp\/v2\/product_brand?post=12389"},{"taxonomy":"product_cat","embeddable":true,"href":"https:\/\/eurotrail.info\/de\/wp-json\/wp\/v2\/product_cat?post=12389"},{"taxonomy":"product_tag","embeddable":true,"href":"https:\/\/eurotrail.info\/de\/wp-json\/wp\/v2\/product_tag?post=12389"}],"curies":[{"name":"wp","href":"https:\/\/api.w.org\/{rel}","templated":true}]}}