{"id":12409,"date":"2020-12-01T13:14:49","date_gmt":"2020-12-01T12:14:49","guid":{"rendered":"https:\/\/eurotrail.info\/producten\/relax-si-schlafmatratze-2-pers\/"},"modified":"2023-05-05T08:33:07","modified_gmt":"2023-05-05T07:33:07","slug":"relax-si-schlafmatratze-2-pers","status":"publish","type":"product","link":"https:\/\/eurotrail.info\/de\/producten\/schlafmatten\/thermomatten-de\/relax-si-schlafmatratze-2-pers\/","title":{"rendered":"Relax SI Schlafmatratze 2 Pers."},"content":{"rendered":"<p>Schlafmatratze f\u00fcr 2 Personen mit weichem Stretchmaterial (30D) auf der Oberseite, das sich angenehm anf\u00fchlt. Die Matratze ist selbstaufblasend und dank der gro\u00dfen Ventile in Sekundenschnelle gef\u00fcllt und einsatzbereit. Die Matratze ist 10 cm dick und bietet Ihnen wunderbaren Schlafkomfort, genau wie zu Hause!<br \/>\nWenn Sie eine harte Matratze bevorzugen, k\u00f6nnen Sie die Matratze mit Hilfe einer Relax Si Pump ETIC0210 (nicht im Lieferumfang inbegriffen!) problemlos aufblasen.<\/p>\n<p>Material: 100 % 3D-Stretch-Polyester \/ Unterseite aus 150D Poly\/Oxford<br \/>\nGr\u00f6\u00dfe: 201 x 132 x 10 cm<br \/>\nVerpackt: \u00d830x65cm<br \/>\nGewicht: 6,5 kg.<br \/>\nIsolierung (R-Wert): 10,7<\/p>\n","protected":false},"excerpt":{"rendered":"<p>Schlafmatratze f\u00fcr 2 Personen mit weichem Stretchmaterial (30D) auf der Oberseite, das sich angenehm anf\u00fchlt. Die Matratze ist selbstaufblasend und dank der gro\u00dfen Ventile in&hellip;<\/p>\n","protected":false},"featured_media":23138,"comment_status":"open","ping_status":"closed","template":"","meta":{"_acf_changed":false},"product_brand":[],"product_cat":[111,95],"product_tag":[],"class_list":{"0":"post-12409","1":"product","2":"type-product","3":"status-publish","4":"has-post-thumbnail","6":"product_cat-schlafmatten","7":"product_cat-thermomatten-de","9":"first","10":"instock","11":"shipping-taxable","12":"product-type-simple"},"acf":[],"yoast_head":"<!-- This site is optimized with the Yoast SEO plugin v27.3 - https:\/\/yoast.com\/product\/yoast-seo-wordpress\/ -->\n<title>Relax SI Schlafmatratze 2 Pers. - Eurotrail<\/title>\n<meta name=\"robots\" content=\"index, follow, max-snippet:-1, max-image-preview:large, max-video-preview:-1\" \/>\n<link rel=\"canonical\" href=\"https:\/\/eurotrail.info\/de\/producten\/schlafmatten\/thermomatten-de\/relax-si-schlafmatratze-2-pers\/\" \/>\n<meta property=\"og:locale\" content=\"de_DE\" \/>\n<meta property=\"og:type\" content=\"article\" \/>\n<meta property=\"og:title\" content=\"Relax SI Schlafmatratze 2 Pers. - Eurotrail\" \/>\n<meta property=\"og:description\" content=\"Schlafmatratze f\u00fcr 2 Personen mit weichem Stretchmaterial (30D) auf der Oberseite, das sich angenehm anf\u00fchlt. Die Matratze ist selbstaufblasend und dank der gro\u00dfen Ventile in&hellip;\" \/>\n<meta property=\"og:url\" content=\"https:\/\/eurotrail.info\/de\/producten\/schlafmatten\/thermomatten-de\/relax-si-schlafmatratze-2-pers\/\" \/>\n<meta property=\"og:site_name\" content=\"Eurotrail\" \/>\n<meta property=\"article:modified_time\" content=\"2023-05-05T07:33:07+00:00\" \/>\n<meta property=\"og:image\" content=\"https:\/\/eurotrail.info\/wp\/wp-content\/uploads\/2020\/02\/ETIC0202_2701_1.jpg\" \/>\n\t<meta property=\"og:image:width\" content=\"567\" \/>\n\t<meta property=\"og:image:height\" content=\"517\" \/>\n\t<meta property=\"og:image:type\" content=\"image\/jpeg\" \/>\n<meta name=\"twitter:card\" content=\"summary_large_image\" \/>\n<meta name=\"twitter:label1\" content=\"Gesch\u00e4tzte Lesezeit\" \/>\n\t<meta name=\"twitter:data1\" content=\"1\u00a0Minute\" \/>\n<script type=\"application\/ld+json\" class=\"yoast-schema-graph\">{\"@context\":\"https:\\\/\\\/schema.org\",\"@graph\":[{\"@type\":\"WebPage\",\"@id\":\"https:\\\/\\\/eurotrail.info\\\/de\\\/producten\\\/schlafmatten\\\/thermomatten-de\\\/relax-si-schlafmatratze-2-pers\\\/\",\"url\":\"https:\\\/\\\/eurotrail.info\\\/de\\\/producten\\\/schlafmatten\\\/thermomatten-de\\\/relax-si-schlafmatratze-2-pers\\\/\",\"name\":\"Relax SI Schlafmatratze 2 Pers. - Eurotrail\",\"isPartOf\":{\"@id\":\"https:\\\/\\\/eurotrail.info\\\/#website\"},\"primaryImageOfPage\":{\"@id\":\"https:\\\/\\\/eurotrail.info\\\/de\\\/producten\\\/schlafmatten\\\/thermomatten-de\\\/relax-si-schlafmatratze-2-pers\\\/#primaryimage\"},\"image\":{\"@id\":\"https:\\\/\\\/eurotrail.info\\\/de\\\/producten\\\/schlafmatten\\\/thermomatten-de\\\/relax-si-schlafmatratze-2-pers\\\/#primaryimage\"},\"thumbnailUrl\":\"https:\\\/\\\/eurotrail.info\\\/wp\\\/wp-content\\\/uploads\\\/2020\\\/02\\\/ETIC0202_2701_1.jpg\",\"datePublished\":\"2020-12-01T12:14:49+00:00\",\"dateModified\":\"2023-05-05T07:33:07+00:00\",\"breadcrumb\":{\"@id\":\"https:\\\/\\\/eurotrail.info\\\/de\\\/producten\\\/schlafmatten\\\/thermomatten-de\\\/relax-si-schlafmatratze-2-pers\\\/#breadcrumb\"},\"inLanguage\":\"de\",\"potentialAction\":[{\"@type\":\"ReadAction\",\"target\":[\"https:\\\/\\\/eurotrail.info\\\/de\\\/producten\\\/schlafmatten\\\/thermomatten-de\\\/relax-si-schlafmatratze-2-pers\\\/\"]}]},{\"@type\":\"ImageObject\",\"inLanguage\":\"de\",\"@id\":\"https:\\\/\\\/eurotrail.info\\\/de\\\/producten\\\/schlafmatten\\\/thermomatten-de\\\/relax-si-schlafmatratze-2-pers\\\/#primaryimage\",\"url\":\"https:\\\/\\\/eurotrail.info\\\/wp\\\/wp-content\\\/uploads\\\/2020\\\/02\\\/ETIC0202_2701_1.jpg\",\"contentUrl\":\"https:\\\/\\\/eurotrail.info\\\/wp\\\/wp-content\\\/uploads\\\/2020\\\/02\\\/ETIC0202_2701_1.jpg\",\"width\":567,\"height\":517,\"caption\":\"De Relax mat is zelf-opblazend en door de 2 ventielen is de mat in een paar seconden gevuld en klaar voor gebruik.\"},{\"@type\":\"BreadcrumbList\",\"@id\":\"https:\\\/\\\/eurotrail.info\\\/de\\\/producten\\\/schlafmatten\\\/thermomatten-de\\\/relax-si-schlafmatratze-2-pers\\\/#breadcrumb\",\"itemListElement\":[{\"@type\":\"ListItem\",\"position\":1,\"name\":\"Home\",\"item\":\"https:\\\/\\\/eurotrail.info\\\/de\\\/\"},{\"@type\":\"ListItem\",\"position\":2,\"name\":\"Produkte\",\"item\":\"https:\\\/\\\/eurotrail.info\\\/de\\\/produkte\\\/\"},{\"@type\":\"ListItem\",\"position\":3,\"name\":\"Relax SI Schlafmatratze 2 Pers.\"}]},{\"@type\":\"WebSite\",\"@id\":\"https:\\\/\\\/eurotrail.info\\\/#website\",\"url\":\"https:\\\/\\\/eurotrail.info\\\/\",\"name\":\"Eurotrail\",\"description\":\"\",\"publisher\":{\"@id\":\"https:\\\/\\\/eurotrail.info\\\/#organization\"},\"potentialAction\":[{\"@type\":\"SearchAction\",\"target\":{\"@type\":\"EntryPoint\",\"urlTemplate\":\"https:\\\/\\\/eurotrail.info\\\/?s={search_term_string}\"},\"query-input\":{\"@type\":\"PropertyValueSpecification\",\"valueRequired\":true,\"valueName\":\"search_term_string\"}}],\"inLanguage\":\"de\"},{\"@type\":\"Organization\",\"@id\":\"https:\\\/\\\/eurotrail.info\\\/#organization\",\"name\":\"Eurotrail\",\"url\":\"https:\\\/\\\/eurotrail.info\\\/\",\"logo\":{\"@type\":\"ImageObject\",\"inLanguage\":\"de\",\"@id\":\"https:\\\/\\\/eurotrail.info\\\/#\\\/schema\\\/logo\\\/image\\\/\",\"url\":\"https:\\\/\\\/eurotrail.info\\\/wp\\\/wp-content\\\/uploads\\\/2023\\\/07\\\/ET-logo-quote_NL-scaled.jpg\",\"contentUrl\":\"https:\\\/\\\/eurotrail.info\\\/wp\\\/wp-content\\\/uploads\\\/2023\\\/07\\\/ET-logo-quote_NL-scaled.jpg\",\"width\":2560,\"height\":675,\"caption\":\"Eurotrail\"},\"image\":{\"@id\":\"https:\\\/\\\/eurotrail.info\\\/#\\\/schema\\\/logo\\\/image\\\/\"}}]}<\/script>\n<!-- \/ Yoast SEO plugin. -->","yoast_head_json":{"title":"Relax SI Schlafmatratze 2 Pers. - Eurotrail","robots":{"index":"index","follow":"follow","max-snippet":"max-snippet:-1","max-image-preview":"max-image-preview:large","max-video-preview":"max-video-preview:-1"},"canonical":"https:\/\/eurotrail.info\/de\/producten\/schlafmatten\/thermomatten-de\/relax-si-schlafmatratze-2-pers\/","og_locale":"de_DE","og_type":"article","og_title":"Relax SI Schlafmatratze 2 Pers. - Eurotrail","og_description":"Schlafmatratze f\u00fcr 2 Personen mit weichem Stretchmaterial (30D) auf der Oberseite, das sich angenehm anf\u00fchlt. Die Matratze ist selbstaufblasend und dank der gro\u00dfen Ventile in&hellip;","og_url":"https:\/\/eurotrail.info\/de\/producten\/schlafmatten\/thermomatten-de\/relax-si-schlafmatratze-2-pers\/","og_site_name":"Eurotrail","article_modified_time":"2023-05-05T07:33:07+00:00","og_image":[{"width":567,"height":517,"url":"https:\/\/eurotrail.info\/wp\/wp-content\/uploads\/2020\/02\/ETIC0202_2701_1.jpg","type":"image\/jpeg"}],"twitter_card":"summary_large_image","twitter_misc":{"Gesch\u00e4tzte Lesezeit":"1\u00a0Minute"},"schema":{"@context":"https:\/\/schema.org","@graph":[{"@type":"WebPage","@id":"https:\/\/eurotrail.info\/de\/producten\/schlafmatten\/thermomatten-de\/relax-si-schlafmatratze-2-pers\/","url":"https:\/\/eurotrail.info\/de\/producten\/schlafmatten\/thermomatten-de\/relax-si-schlafmatratze-2-pers\/","name":"Relax SI Schlafmatratze 2 Pers. - Eurotrail","isPartOf":{"@id":"https:\/\/eurotrail.info\/#website"},"primaryImageOfPage":{"@id":"https:\/\/eurotrail.info\/de\/producten\/schlafmatten\/thermomatten-de\/relax-si-schlafmatratze-2-pers\/#primaryimage"},"image":{"@id":"https:\/\/eurotrail.info\/de\/producten\/schlafmatten\/thermomatten-de\/relax-si-schlafmatratze-2-pers\/#primaryimage"},"thumbnailUrl":"https:\/\/eurotrail.info\/wp\/wp-content\/uploads\/2020\/02\/ETIC0202_2701_1.jpg","datePublished":"2020-12-01T12:14:49+00:00","dateModified":"2023-05-05T07:33:07+00:00","breadcrumb":{"@id":"https:\/\/eurotrail.info\/de\/producten\/schlafmatten\/thermomatten-de\/relax-si-schlafmatratze-2-pers\/#breadcrumb"},"inLanguage":"de","potentialAction":[{"@type":"ReadAction","target":["https:\/\/eurotrail.info\/de\/producten\/schlafmatten\/thermomatten-de\/relax-si-schlafmatratze-2-pers\/"]}]},{"@type":"ImageObject","inLanguage":"de","@id":"https:\/\/eurotrail.info\/de\/producten\/schlafmatten\/thermomatten-de\/relax-si-schlafmatratze-2-pers\/#primaryimage","url":"https:\/\/eurotrail.info\/wp\/wp-content\/uploads\/2020\/02\/ETIC0202_2701_1.jpg","contentUrl":"https:\/\/eurotrail.info\/wp\/wp-content\/uploads\/2020\/02\/ETIC0202_2701_1.jpg","width":567,"height":517,"caption":"De Relax mat is zelf-opblazend en door de 2 ventielen is de mat in een paar seconden gevuld en klaar voor gebruik."},{"@type":"BreadcrumbList","@id":"https:\/\/eurotrail.info\/de\/producten\/schlafmatten\/thermomatten-de\/relax-si-schlafmatratze-2-pers\/#breadcrumb","itemListElement":[{"@type":"ListItem","position":1,"name":"Home","item":"https:\/\/eurotrail.info\/de\/"},{"@type":"ListItem","position":2,"name":"Produkte","item":"https:\/\/eurotrail.info\/de\/produkte\/"},{"@type":"ListItem","position":3,"name":"Relax SI Schlafmatratze 2 Pers."}]},{"@type":"WebSite","@id":"https:\/\/eurotrail.info\/#website","url":"https:\/\/eurotrail.info\/","name":"Eurotrail","description":"","publisher":{"@id":"https:\/\/eurotrail.info\/#organization"},"potentialAction":[{"@type":"SearchAction","target":{"@type":"EntryPoint","urlTemplate":"https:\/\/eurotrail.info\/?s={search_term_string}"},"query-input":{"@type":"PropertyValueSpecification","valueRequired":true,"valueName":"search_term_string"}}],"inLanguage":"de"},{"@type":"Organization","@id":"https:\/\/eurotrail.info\/#organization","name":"Eurotrail","url":"https:\/\/eurotrail.info\/","logo":{"@type":"ImageObject","inLanguage":"de","@id":"https:\/\/eurotrail.info\/#\/schema\/logo\/image\/","url":"https:\/\/eurotrail.info\/wp\/wp-content\/uploads\/2023\/07\/ET-logo-quote_NL-scaled.jpg","contentUrl":"https:\/\/eurotrail.info\/wp\/wp-content\/uploads\/2023\/07\/ET-logo-quote_NL-scaled.jpg","width":2560,"height":675,"caption":"Eurotrail"},"image":{"@id":"https:\/\/eurotrail.info\/#\/schema\/logo\/image\/"}}]}},"_links":{"self":[{"href":"https:\/\/eurotrail.info\/de\/wp-json\/wp\/v2\/product\/12409","targetHints":{"allow":["GET"]}}],"collection":[{"href":"https:\/\/eurotrail.info\/de\/wp-json\/wp\/v2\/product"}],"about":[{"href":"https:\/\/eurotrail.info\/de\/wp-json\/wp\/v2\/types\/product"}],"replies":[{"embeddable":true,"href":"https:\/\/eurotrail.info\/de\/wp-json\/wp\/v2\/comments?post=12409"}],"wp:featuredmedia":[{"embeddable":true,"href":"https:\/\/eurotrail.info\/de\/wp-json\/wp\/v2\/media\/23138"}],"wp:attachment":[{"href":"https:\/\/eurotrail.info\/de\/wp-json\/wp\/v2\/media?parent=12409"}],"wp:term":[{"taxonomy":"product_brand","embeddable":true,"href":"https:\/\/eurotrail.info\/de\/wp-json\/wp\/v2\/product_brand?post=12409"},{"taxonomy":"product_cat","embeddable":true,"href":"https:\/\/eurotrail.info\/de\/wp-json\/wp\/v2\/product_cat?post=12409"},{"taxonomy":"product_tag","embeddable":true,"href":"https:\/\/eurotrail.info\/de\/wp-json\/wp\/v2\/product_tag?post=12409"}],"curies":[{"name":"wp","href":"https:\/\/api.w.org\/{rel}","templated":true}]}}