{"id":12433,"date":"2020-12-01T13:22:20","date_gmt":"2020-12-01T12:22:20","guid":{"rendered":"https:\/\/eurotrail.info\/producten\/relax-si-pumpe-fu%ce%b2pumpe\/"},"modified":"2020-12-01T13:22:20","modified_gmt":"2020-12-01T12:22:20","slug":"relax-si-pumpe-fu%ce%b2pumpe","status":"publish","type":"product","link":"https:\/\/eurotrail.info\/de\/producten\/schlafmatten\/thermomatten-de\/relax-si-pumpe-fu%ce%b2pumpe\/","title":{"rendered":"Relax SI Pumpe &#8211; Fu\u03b2pumpe"},"content":{"rendered":"<p><span lang=\"DE\">Ideales Zubeh\u00f6r f\u00fcr Ihre SI Relax Matratze. Mit dieser Pumpe k\u00f6nnen Sie problemlos Luft auf Ihre Schlafmatte pumpen, um die H\u00e4rte Ihrer Matratze einzustellen.<\/span><\/p>\n<p>Material: 100% Polyester<br \/>\nGr\u00f6\u00dfe: 42x10cm<br \/>\nVerpackt: \u00d8 9 x 10 cm<br \/>\nGewicht: 94 gr.<\/p>\n","protected":false},"excerpt":{"rendered":"<p>Ideales Zubeh\u00f6r f\u00fcr Ihre SI Relax Matratze. Mit dieser Pumpe k\u00f6nnen Sie problemlos Luft auf Ihre Schlafmatte pumpen, um die H\u00e4rte Ihrer Matratze einzustellen. Material:&hellip;<\/p>\n","protected":false},"featured_media":12432,"comment_status":"open","ping_status":"closed","template":"","meta":{"_acf_changed":false},"product_brand":[],"product_cat":[111,95],"product_tag":[],"class_list":{"0":"post-12433","1":"product","2":"type-product","3":"status-publish","4":"has-post-thumbnail","6":"product_cat-schlafmatten","7":"product_cat-thermomatten-de","9":"first","10":"instock","11":"shipping-taxable","12":"product-type-simple"},"acf":[],"yoast_head":"<!-- This site is optimized with the Yoast SEO plugin v27.4 - https:\/\/yoast.com\/product\/yoast-seo-wordpress\/ -->\n<title>Relax SI Pumpe - Fu\u03b2pumpe - Eurotrail<\/title>\n<meta name=\"robots\" content=\"index, follow, max-snippet:-1, max-image-preview:large, max-video-preview:-1\" \/>\n<link rel=\"canonical\" href=\"https:\/\/eurotrail.info\/de\/producten\/schlafmatten\/thermomatten-de\/relax-si-pumpe-fu\u03b2pumpe\/\" \/>\n<meta property=\"og:locale\" content=\"de_DE\" \/>\n<meta property=\"og:type\" content=\"article\" \/>\n<meta property=\"og:title\" content=\"Relax SI Pumpe - Fu\u03b2pumpe - Eurotrail\" \/>\n<meta property=\"og:description\" content=\"Ideales Zubeh\u00f6r f\u00fcr Ihre SI Relax Matratze. Mit dieser Pumpe k\u00f6nnen Sie problemlos Luft auf Ihre Schlafmatte pumpen, um die H\u00e4rte Ihrer Matratze einzustellen. Material:&hellip;\" \/>\n<meta property=\"og:url\" content=\"https:\/\/eurotrail.info\/de\/producten\/schlafmatten\/thermomatten-de\/relax-si-pumpe-fu\u03b2pumpe\/\" \/>\n<meta property=\"og:site_name\" content=\"Eurotrail\" \/>\n<meta property=\"og:image\" content=\"https:\/\/eurotrail.info\/wp\/wp-content\/uploads\/2020\/12\/ETIC0210-Pump-on-bed-21.jpg\" \/>\n\t<meta property=\"og:image:width\" content=\"1772\" \/>\n\t<meta property=\"og:image:height\" content=\"1153\" \/>\n\t<meta property=\"og:image:type\" content=\"image\/jpeg\" \/>\n<meta name=\"twitter:card\" content=\"summary_large_image\" \/>\n<script type=\"application\/ld+json\" class=\"yoast-schema-graph\">{\"@context\":\"https:\\\/\\\/schema.org\",\"@graph\":[{\"@type\":\"WebPage\",\"@id\":\"https:\\\/\\\/eurotrail.info\\\/de\\\/producten\\\/schlafmatten\\\/thermomatten-de\\\/relax-si-pumpe-fu%ce%b2pumpe\\\/\",\"url\":\"https:\\\/\\\/eurotrail.info\\\/de\\\/producten\\\/schlafmatten\\\/thermomatten-de\\\/relax-si-pumpe-fu%ce%b2pumpe\\\/\",\"name\":\"Relax SI Pumpe - Fu\u03b2pumpe - Eurotrail\",\"isPartOf\":{\"@id\":\"https:\\\/\\\/eurotrail.info\\\/#website\"},\"primaryImageOfPage\":{\"@id\":\"https:\\\/\\\/eurotrail.info\\\/de\\\/producten\\\/schlafmatten\\\/thermomatten-de\\\/relax-si-pumpe-fu%ce%b2pumpe\\\/#primaryimage\"},\"image\":{\"@id\":\"https:\\\/\\\/eurotrail.info\\\/de\\\/producten\\\/schlafmatten\\\/thermomatten-de\\\/relax-si-pumpe-fu%ce%b2pumpe\\\/#primaryimage\"},\"thumbnailUrl\":\"https:\\\/\\\/eurotrail.info\\\/wp\\\/wp-content\\\/uploads\\\/2020\\\/12\\\/ETIC0210-Pump-on-bed-21.jpg\",\"datePublished\":\"2020-12-01T12:22:20+00:00\",\"breadcrumb\":{\"@id\":\"https:\\\/\\\/eurotrail.info\\\/de\\\/producten\\\/schlafmatten\\\/thermomatten-de\\\/relax-si-pumpe-fu%ce%b2pumpe\\\/#breadcrumb\"},\"inLanguage\":\"de\",\"potentialAction\":[{\"@type\":\"ReadAction\",\"target\":[\"https:\\\/\\\/eurotrail.info\\\/de\\\/producten\\\/schlafmatten\\\/thermomatten-de\\\/relax-si-pumpe-fu%ce%b2pumpe\\\/\"]}]},{\"@type\":\"ImageObject\",\"inLanguage\":\"de\",\"@id\":\"https:\\\/\\\/eurotrail.info\\\/de\\\/producten\\\/schlafmatten\\\/thermomatten-de\\\/relax-si-pumpe-fu%ce%b2pumpe\\\/#primaryimage\",\"url\":\"https:\\\/\\\/eurotrail.info\\\/wp\\\/wp-content\\\/uploads\\\/2020\\\/12\\\/ETIC0210-Pump-on-bed-21.jpg\",\"contentUrl\":\"https:\\\/\\\/eurotrail.info\\\/wp\\\/wp-content\\\/uploads\\\/2020\\\/12\\\/ETIC0210-Pump-on-bed-21.jpg\",\"width\":1772,\"height\":1153,\"caption\":\"Eurotrail pomp voor relax si matrassen\"},{\"@type\":\"BreadcrumbList\",\"@id\":\"https:\\\/\\\/eurotrail.info\\\/de\\\/producten\\\/schlafmatten\\\/thermomatten-de\\\/relax-si-pumpe-fu%ce%b2pumpe\\\/#breadcrumb\",\"itemListElement\":[{\"@type\":\"ListItem\",\"position\":1,\"name\":\"Home\",\"item\":\"https:\\\/\\\/eurotrail.info\\\/de\\\/\"},{\"@type\":\"ListItem\",\"position\":2,\"name\":\"Produkte\",\"item\":\"https:\\\/\\\/eurotrail.info\\\/de\\\/produkte\\\/\"},{\"@type\":\"ListItem\",\"position\":3,\"name\":\"Relax SI Pumpe &#8211; Fu\u03b2pumpe\"}]},{\"@type\":\"WebSite\",\"@id\":\"https:\\\/\\\/eurotrail.info\\\/#website\",\"url\":\"https:\\\/\\\/eurotrail.info\\\/\",\"name\":\"Eurotrail\",\"description\":\"\",\"publisher\":{\"@id\":\"https:\\\/\\\/eurotrail.info\\\/#organization\"},\"potentialAction\":[{\"@type\":\"SearchAction\",\"target\":{\"@type\":\"EntryPoint\",\"urlTemplate\":\"https:\\\/\\\/eurotrail.info\\\/?s={search_term_string}\"},\"query-input\":{\"@type\":\"PropertyValueSpecification\",\"valueRequired\":true,\"valueName\":\"search_term_string\"}}],\"inLanguage\":\"de\"},{\"@type\":\"Organization\",\"@id\":\"https:\\\/\\\/eurotrail.info\\\/#organization\",\"name\":\"Eurotrail\",\"url\":\"https:\\\/\\\/eurotrail.info\\\/\",\"logo\":{\"@type\":\"ImageObject\",\"inLanguage\":\"de\",\"@id\":\"https:\\\/\\\/eurotrail.info\\\/#\\\/schema\\\/logo\\\/image\\\/\",\"url\":\"https:\\\/\\\/eurotrail.info\\\/wp\\\/wp-content\\\/uploads\\\/2023\\\/07\\\/ET-logo-quote_NL-scaled.jpg\",\"contentUrl\":\"https:\\\/\\\/eurotrail.info\\\/wp\\\/wp-content\\\/uploads\\\/2023\\\/07\\\/ET-logo-quote_NL-scaled.jpg\",\"width\":2560,\"height\":675,\"caption\":\"Eurotrail\"},\"image\":{\"@id\":\"https:\\\/\\\/eurotrail.info\\\/#\\\/schema\\\/logo\\\/image\\\/\"}}]}<\/script>\n<!-- \/ Yoast SEO plugin. -->","yoast_head_json":{"title":"Relax SI Pumpe - Fu\u03b2pumpe - Eurotrail","robots":{"index":"index","follow":"follow","max-snippet":"max-snippet:-1","max-image-preview":"max-image-preview:large","max-video-preview":"max-video-preview:-1"},"canonical":"https:\/\/eurotrail.info\/de\/producten\/schlafmatten\/thermomatten-de\/relax-si-pumpe-fu\u03b2pumpe\/","og_locale":"de_DE","og_type":"article","og_title":"Relax SI Pumpe - Fu\u03b2pumpe - Eurotrail","og_description":"Ideales Zubeh\u00f6r f\u00fcr Ihre SI Relax Matratze. Mit dieser Pumpe k\u00f6nnen Sie problemlos Luft auf Ihre Schlafmatte pumpen, um die H\u00e4rte Ihrer Matratze einzustellen. Material:&hellip;","og_url":"https:\/\/eurotrail.info\/de\/producten\/schlafmatten\/thermomatten-de\/relax-si-pumpe-fu\u03b2pumpe\/","og_site_name":"Eurotrail","og_image":[{"width":1772,"height":1153,"url":"https:\/\/eurotrail.info\/wp\/wp-content\/uploads\/2020\/12\/ETIC0210-Pump-on-bed-21.jpg","type":"image\/jpeg"}],"twitter_card":"summary_large_image","schema":{"@context":"https:\/\/schema.org","@graph":[{"@type":"WebPage","@id":"https:\/\/eurotrail.info\/de\/producten\/schlafmatten\/thermomatten-de\/relax-si-pumpe-fu%ce%b2pumpe\/","url":"https:\/\/eurotrail.info\/de\/producten\/schlafmatten\/thermomatten-de\/relax-si-pumpe-fu%ce%b2pumpe\/","name":"Relax SI Pumpe - Fu\u03b2pumpe - Eurotrail","isPartOf":{"@id":"https:\/\/eurotrail.info\/#website"},"primaryImageOfPage":{"@id":"https:\/\/eurotrail.info\/de\/producten\/schlafmatten\/thermomatten-de\/relax-si-pumpe-fu%ce%b2pumpe\/#primaryimage"},"image":{"@id":"https:\/\/eurotrail.info\/de\/producten\/schlafmatten\/thermomatten-de\/relax-si-pumpe-fu%ce%b2pumpe\/#primaryimage"},"thumbnailUrl":"https:\/\/eurotrail.info\/wp\/wp-content\/uploads\/2020\/12\/ETIC0210-Pump-on-bed-21.jpg","datePublished":"2020-12-01T12:22:20+00:00","breadcrumb":{"@id":"https:\/\/eurotrail.info\/de\/producten\/schlafmatten\/thermomatten-de\/relax-si-pumpe-fu%ce%b2pumpe\/#breadcrumb"},"inLanguage":"de","potentialAction":[{"@type":"ReadAction","target":["https:\/\/eurotrail.info\/de\/producten\/schlafmatten\/thermomatten-de\/relax-si-pumpe-fu%ce%b2pumpe\/"]}]},{"@type":"ImageObject","inLanguage":"de","@id":"https:\/\/eurotrail.info\/de\/producten\/schlafmatten\/thermomatten-de\/relax-si-pumpe-fu%ce%b2pumpe\/#primaryimage","url":"https:\/\/eurotrail.info\/wp\/wp-content\/uploads\/2020\/12\/ETIC0210-Pump-on-bed-21.jpg","contentUrl":"https:\/\/eurotrail.info\/wp\/wp-content\/uploads\/2020\/12\/ETIC0210-Pump-on-bed-21.jpg","width":1772,"height":1153,"caption":"Eurotrail pomp voor relax si matrassen"},{"@type":"BreadcrumbList","@id":"https:\/\/eurotrail.info\/de\/producten\/schlafmatten\/thermomatten-de\/relax-si-pumpe-fu%ce%b2pumpe\/#breadcrumb","itemListElement":[{"@type":"ListItem","position":1,"name":"Home","item":"https:\/\/eurotrail.info\/de\/"},{"@type":"ListItem","position":2,"name":"Produkte","item":"https:\/\/eurotrail.info\/de\/produkte\/"},{"@type":"ListItem","position":3,"name":"Relax SI Pumpe &#8211; Fu\u03b2pumpe"}]},{"@type":"WebSite","@id":"https:\/\/eurotrail.info\/#website","url":"https:\/\/eurotrail.info\/","name":"Eurotrail","description":"","publisher":{"@id":"https:\/\/eurotrail.info\/#organization"},"potentialAction":[{"@type":"SearchAction","target":{"@type":"EntryPoint","urlTemplate":"https:\/\/eurotrail.info\/?s={search_term_string}"},"query-input":{"@type":"PropertyValueSpecification","valueRequired":true,"valueName":"search_term_string"}}],"inLanguage":"de"},{"@type":"Organization","@id":"https:\/\/eurotrail.info\/#organization","name":"Eurotrail","url":"https:\/\/eurotrail.info\/","logo":{"@type":"ImageObject","inLanguage":"de","@id":"https:\/\/eurotrail.info\/#\/schema\/logo\/image\/","url":"https:\/\/eurotrail.info\/wp\/wp-content\/uploads\/2023\/07\/ET-logo-quote_NL-scaled.jpg","contentUrl":"https:\/\/eurotrail.info\/wp\/wp-content\/uploads\/2023\/07\/ET-logo-quote_NL-scaled.jpg","width":2560,"height":675,"caption":"Eurotrail"},"image":{"@id":"https:\/\/eurotrail.info\/#\/schema\/logo\/image\/"}}]}},"_links":{"self":[{"href":"https:\/\/eurotrail.info\/de\/wp-json\/wp\/v2\/product\/12433","targetHints":{"allow":["GET"]}}],"collection":[{"href":"https:\/\/eurotrail.info\/de\/wp-json\/wp\/v2\/product"}],"about":[{"href":"https:\/\/eurotrail.info\/de\/wp-json\/wp\/v2\/types\/product"}],"replies":[{"embeddable":true,"href":"https:\/\/eurotrail.info\/de\/wp-json\/wp\/v2\/comments?post=12433"}],"wp:featuredmedia":[{"embeddable":true,"href":"https:\/\/eurotrail.info\/de\/wp-json\/wp\/v2\/media\/12432"}],"wp:attachment":[{"href":"https:\/\/eurotrail.info\/de\/wp-json\/wp\/v2\/media?parent=12433"}],"wp:term":[{"taxonomy":"product_brand","embeddable":true,"href":"https:\/\/eurotrail.info\/de\/wp-json\/wp\/v2\/product_brand?post=12433"},{"taxonomy":"product_cat","embeddable":true,"href":"https:\/\/eurotrail.info\/de\/wp-json\/wp\/v2\/product_cat?post=12433"},{"taxonomy":"product_tag","embeddable":true,"href":"https:\/\/eurotrail.info\/de\/wp-json\/wp\/v2\/product_tag?post=12433"}],"curies":[{"name":"wp","href":"https:\/\/api.w.org\/{rel}","templated":true}]}}