{"id":12454,"date":"2020-12-01T14:15:16","date_gmt":"2020-12-01T13:15:16","guid":{"rendered":"https:\/\/eurotrail.info\/producten\/zeltunterlage-ldpe\/"},"modified":"2020-12-01T14:19:28","modified_gmt":"2020-12-01T13:19:28","slug":"zeltunterlage-ldpe","status":"publish","type":"product","link":"https:\/\/eurotrail.info\/de\/producten\/zeltteppich\/zeltunterlage-ldpe\/","title":{"rendered":"Zeltunterlage polyethylen LDPE"},"content":{"rendered":"<p>Eurotrail Zeltunterlage aus 0,03 mm dicken polyethylen (LDPE), erh\u00e4lt kein Weichmacher (damit die Beschichtung Ihres Zeltes nicht kaputt geht). Diese Zeltplane sorgt daf\u00fcr das Ihr Zeltboden nicht schmutzig wird und h\u00e4lt auch die Feuchtigkeit weg. Nicht nur auf dem Camping Platz sondern auch zuhause einsetzbar.<\/p>\n<p>Gr\u00f6\u00dfe: verschiedene Gr\u00f6sse<br \/>\nMaterial:\u00a0Zeltunterlage 0,03 mm Polyethylen (LDPE)<br \/>\nFarbe: Transparant<\/p>\n<p>In verschiedene Gr\u00f6\u00dfen erh\u00e4ltlich:<br \/>\n200 x 300 cm &#8211; ETGS2011<br \/>\n300 x 300 cm &#8211; ETGS2016<br \/>\n400 x 300 cm &#8211; ETGS2021<br \/>\n500 x 300 cm &#8211; ETGS2026<br \/>\n600 x 300 cm &#8211; ETGS2031<br \/>\n800 x 400 cm &#8211; ETGS2041<br \/>\n400 x 250 cm &#8211; ETGS2051<br \/>\n500 x 250 cm &#8211; ETGS2056<br \/>\n600 x 250 cm &#8211; ETGS2061<br \/>\n500 x 400 cm &#8211; ETGS2081<br \/>\n600 x 400 cm &#8211; ETGS2086<br \/>\n700 x 400 cm &#8211; ETGS2091<br \/>\n800 x 400 cm &#8211; ETGS2096<\/p>\n","protected":false},"excerpt":{"rendered":"<p>Eurotrail Zeltunterlage aus 0,03 mm dicken polyethylen (LDPE), erh\u00e4lt kein Weichmacher (damit die Beschichtung Ihres Zeltes nicht kaputt geht). Diese Zeltplane sorgt daf\u00fcr das Ihr&hellip;<\/p>\n","protected":false},"featured_media":12444,"comment_status":"open","ping_status":"closed","template":"","meta":{"_acf_changed":false},"product_brand":[],"product_cat":[70],"product_tag":[],"class_list":{"0":"post-12454","1":"product","2":"type-product","3":"status-publish","4":"has-post-thumbnail","6":"product_cat-zeltteppich","8":"first","9":"instock","10":"shipping-taxable","11":"product-type-simple"},"acf":[],"yoast_head":"<!-- This site is optimized with the Yoast SEO plugin v27.4 - https:\/\/yoast.com\/product\/yoast-seo-wordpress\/ -->\n<title>Zeltunterlage polyethylen LDPE - Eurotrail<\/title>\n<meta name=\"robots\" content=\"index, follow, max-snippet:-1, max-image-preview:large, max-video-preview:-1\" \/>\n<link rel=\"canonical\" href=\"https:\/\/eurotrail.info\/de\/producten\/zeltteppich\/zeltunterlage-ldpe\/\" \/>\n<meta property=\"og:locale\" content=\"de_DE\" \/>\n<meta property=\"og:type\" content=\"article\" \/>\n<meta property=\"og:title\" content=\"Zeltunterlage polyethylen LDPE - Eurotrail\" \/>\n<meta property=\"og:description\" content=\"Eurotrail Zeltunterlage aus 0,03 mm dicken polyethylen (LDPE), erh\u00e4lt kein Weichmacher (damit die Beschichtung Ihres Zeltes nicht kaputt geht). Diese Zeltplane sorgt daf\u00fcr das Ihr&hellip;\" \/>\n<meta property=\"og:url\" content=\"https:\/\/eurotrail.info\/de\/producten\/zeltteppich\/zeltunterlage-ldpe\/\" \/>\n<meta property=\"og:site_name\" content=\"Eurotrail\" \/>\n<meta property=\"article:modified_time\" content=\"2020-12-01T13:19:28+00:00\" \/>\n<meta property=\"og:image\" content=\"https:\/\/eurotrail.info\/wp\/wp-content\/uploads\/2020\/12\/ETGS2011_NVT_1.jpg\" \/>\n\t<meta property=\"og:image:width\" content=\"1772\" \/>\n\t<meta property=\"og:image:height\" content=\"1178\" \/>\n\t<meta property=\"og:image:type\" content=\"image\/jpeg\" \/>\n<meta name=\"twitter:card\" content=\"summary_large_image\" \/>\n<meta name=\"twitter:label1\" content=\"Gesch\u00e4tzte Lesezeit\" \/>\n\t<meta name=\"twitter:data1\" content=\"1\u00a0Minute\" \/>\n<script type=\"application\/ld+json\" class=\"yoast-schema-graph\">{\"@context\":\"https:\\\/\\\/schema.org\",\"@graph\":[{\"@type\":\"WebPage\",\"@id\":\"https:\\\/\\\/eurotrail.info\\\/de\\\/producten\\\/zeltteppich\\\/zeltunterlage-ldpe\\\/\",\"url\":\"https:\\\/\\\/eurotrail.info\\\/de\\\/producten\\\/zeltteppich\\\/zeltunterlage-ldpe\\\/\",\"name\":\"Zeltunterlage polyethylen LDPE - Eurotrail\",\"isPartOf\":{\"@id\":\"https:\\\/\\\/eurotrail.info\\\/#website\"},\"primaryImageOfPage\":{\"@id\":\"https:\\\/\\\/eurotrail.info\\\/de\\\/producten\\\/zeltteppich\\\/zeltunterlage-ldpe\\\/#primaryimage\"},\"image\":{\"@id\":\"https:\\\/\\\/eurotrail.info\\\/de\\\/producten\\\/zeltteppich\\\/zeltunterlage-ldpe\\\/#primaryimage\"},\"thumbnailUrl\":\"https:\\\/\\\/eurotrail.info\\\/wp\\\/wp-content\\\/uploads\\\/2020\\\/12\\\/ETGS2011_NVT_1.jpg\",\"datePublished\":\"2020-12-01T13:15:16+00:00\",\"dateModified\":\"2020-12-01T13:19:28+00:00\",\"breadcrumb\":{\"@id\":\"https:\\\/\\\/eurotrail.info\\\/de\\\/producten\\\/zeltteppich\\\/zeltunterlage-ldpe\\\/#breadcrumb\"},\"inLanguage\":\"de\",\"potentialAction\":[{\"@type\":\"ReadAction\",\"target\":[\"https:\\\/\\\/eurotrail.info\\\/de\\\/producten\\\/zeltteppich\\\/zeltunterlage-ldpe\\\/\"]}]},{\"@type\":\"ImageObject\",\"inLanguage\":\"de\",\"@id\":\"https:\\\/\\\/eurotrail.info\\\/de\\\/producten\\\/zeltteppich\\\/zeltunterlage-ldpe\\\/#primaryimage\",\"url\":\"https:\\\/\\\/eurotrail.info\\\/wp\\\/wp-content\\\/uploads\\\/2020\\\/12\\\/ETGS2011_NVT_1.jpg\",\"contentUrl\":\"https:\\\/\\\/eurotrail.info\\\/wp\\\/wp-content\\\/uploads\\\/2020\\\/12\\\/ETGS2011_NVT_1.jpg\",\"width\":1772,\"height\":1178,\"caption\":\"Eurotrail tent folie\"},{\"@type\":\"BreadcrumbList\",\"@id\":\"https:\\\/\\\/eurotrail.info\\\/de\\\/producten\\\/zeltteppich\\\/zeltunterlage-ldpe\\\/#breadcrumb\",\"itemListElement\":[{\"@type\":\"ListItem\",\"position\":1,\"name\":\"Home\",\"item\":\"https:\\\/\\\/eurotrail.info\\\/de\\\/\"},{\"@type\":\"ListItem\",\"position\":2,\"name\":\"Produkte\",\"item\":\"https:\\\/\\\/eurotrail.info\\\/de\\\/produkte\\\/\"},{\"@type\":\"ListItem\",\"position\":3,\"name\":\"Zeltunterlage polyethylen LDPE\"}]},{\"@type\":\"WebSite\",\"@id\":\"https:\\\/\\\/eurotrail.info\\\/#website\",\"url\":\"https:\\\/\\\/eurotrail.info\\\/\",\"name\":\"Eurotrail\",\"description\":\"\",\"publisher\":{\"@id\":\"https:\\\/\\\/eurotrail.info\\\/#organization\"},\"potentialAction\":[{\"@type\":\"SearchAction\",\"target\":{\"@type\":\"EntryPoint\",\"urlTemplate\":\"https:\\\/\\\/eurotrail.info\\\/?s={search_term_string}\"},\"query-input\":{\"@type\":\"PropertyValueSpecification\",\"valueRequired\":true,\"valueName\":\"search_term_string\"}}],\"inLanguage\":\"de\"},{\"@type\":\"Organization\",\"@id\":\"https:\\\/\\\/eurotrail.info\\\/#organization\",\"name\":\"Eurotrail\",\"url\":\"https:\\\/\\\/eurotrail.info\\\/\",\"logo\":{\"@type\":\"ImageObject\",\"inLanguage\":\"de\",\"@id\":\"https:\\\/\\\/eurotrail.info\\\/#\\\/schema\\\/logo\\\/image\\\/\",\"url\":\"https:\\\/\\\/eurotrail.info\\\/wp\\\/wp-content\\\/uploads\\\/2023\\\/07\\\/ET-logo-quote_NL-scaled.jpg\",\"contentUrl\":\"https:\\\/\\\/eurotrail.info\\\/wp\\\/wp-content\\\/uploads\\\/2023\\\/07\\\/ET-logo-quote_NL-scaled.jpg\",\"width\":2560,\"height\":675,\"caption\":\"Eurotrail\"},\"image\":{\"@id\":\"https:\\\/\\\/eurotrail.info\\\/#\\\/schema\\\/logo\\\/image\\\/\"}}]}<\/script>\n<!-- \/ Yoast SEO plugin. -->","yoast_head_json":{"title":"Zeltunterlage polyethylen LDPE - Eurotrail","robots":{"index":"index","follow":"follow","max-snippet":"max-snippet:-1","max-image-preview":"max-image-preview:large","max-video-preview":"max-video-preview:-1"},"canonical":"https:\/\/eurotrail.info\/de\/producten\/zeltteppich\/zeltunterlage-ldpe\/","og_locale":"de_DE","og_type":"article","og_title":"Zeltunterlage polyethylen LDPE - Eurotrail","og_description":"Eurotrail Zeltunterlage aus 0,03 mm dicken polyethylen (LDPE), erh\u00e4lt kein Weichmacher (damit die Beschichtung Ihres Zeltes nicht kaputt geht). Diese Zeltplane sorgt daf\u00fcr das Ihr&hellip;","og_url":"https:\/\/eurotrail.info\/de\/producten\/zeltteppich\/zeltunterlage-ldpe\/","og_site_name":"Eurotrail","article_modified_time":"2020-12-01T13:19:28+00:00","og_image":[{"width":1772,"height":1178,"url":"https:\/\/eurotrail.info\/wp\/wp-content\/uploads\/2020\/12\/ETGS2011_NVT_1.jpg","type":"image\/jpeg"}],"twitter_card":"summary_large_image","twitter_misc":{"Gesch\u00e4tzte Lesezeit":"1\u00a0Minute"},"schema":{"@context":"https:\/\/schema.org","@graph":[{"@type":"WebPage","@id":"https:\/\/eurotrail.info\/de\/producten\/zeltteppich\/zeltunterlage-ldpe\/","url":"https:\/\/eurotrail.info\/de\/producten\/zeltteppich\/zeltunterlage-ldpe\/","name":"Zeltunterlage polyethylen LDPE - Eurotrail","isPartOf":{"@id":"https:\/\/eurotrail.info\/#website"},"primaryImageOfPage":{"@id":"https:\/\/eurotrail.info\/de\/producten\/zeltteppich\/zeltunterlage-ldpe\/#primaryimage"},"image":{"@id":"https:\/\/eurotrail.info\/de\/producten\/zeltteppich\/zeltunterlage-ldpe\/#primaryimage"},"thumbnailUrl":"https:\/\/eurotrail.info\/wp\/wp-content\/uploads\/2020\/12\/ETGS2011_NVT_1.jpg","datePublished":"2020-12-01T13:15:16+00:00","dateModified":"2020-12-01T13:19:28+00:00","breadcrumb":{"@id":"https:\/\/eurotrail.info\/de\/producten\/zeltteppich\/zeltunterlage-ldpe\/#breadcrumb"},"inLanguage":"de","potentialAction":[{"@type":"ReadAction","target":["https:\/\/eurotrail.info\/de\/producten\/zeltteppich\/zeltunterlage-ldpe\/"]}]},{"@type":"ImageObject","inLanguage":"de","@id":"https:\/\/eurotrail.info\/de\/producten\/zeltteppich\/zeltunterlage-ldpe\/#primaryimage","url":"https:\/\/eurotrail.info\/wp\/wp-content\/uploads\/2020\/12\/ETGS2011_NVT_1.jpg","contentUrl":"https:\/\/eurotrail.info\/wp\/wp-content\/uploads\/2020\/12\/ETGS2011_NVT_1.jpg","width":1772,"height":1178,"caption":"Eurotrail tent folie"},{"@type":"BreadcrumbList","@id":"https:\/\/eurotrail.info\/de\/producten\/zeltteppich\/zeltunterlage-ldpe\/#breadcrumb","itemListElement":[{"@type":"ListItem","position":1,"name":"Home","item":"https:\/\/eurotrail.info\/de\/"},{"@type":"ListItem","position":2,"name":"Produkte","item":"https:\/\/eurotrail.info\/de\/produkte\/"},{"@type":"ListItem","position":3,"name":"Zeltunterlage polyethylen LDPE"}]},{"@type":"WebSite","@id":"https:\/\/eurotrail.info\/#website","url":"https:\/\/eurotrail.info\/","name":"Eurotrail","description":"","publisher":{"@id":"https:\/\/eurotrail.info\/#organization"},"potentialAction":[{"@type":"SearchAction","target":{"@type":"EntryPoint","urlTemplate":"https:\/\/eurotrail.info\/?s={search_term_string}"},"query-input":{"@type":"PropertyValueSpecification","valueRequired":true,"valueName":"search_term_string"}}],"inLanguage":"de"},{"@type":"Organization","@id":"https:\/\/eurotrail.info\/#organization","name":"Eurotrail","url":"https:\/\/eurotrail.info\/","logo":{"@type":"ImageObject","inLanguage":"de","@id":"https:\/\/eurotrail.info\/#\/schema\/logo\/image\/","url":"https:\/\/eurotrail.info\/wp\/wp-content\/uploads\/2023\/07\/ET-logo-quote_NL-scaled.jpg","contentUrl":"https:\/\/eurotrail.info\/wp\/wp-content\/uploads\/2023\/07\/ET-logo-quote_NL-scaled.jpg","width":2560,"height":675,"caption":"Eurotrail"},"image":{"@id":"https:\/\/eurotrail.info\/#\/schema\/logo\/image\/"}}]}},"_links":{"self":[{"href":"https:\/\/eurotrail.info\/de\/wp-json\/wp\/v2\/product\/12454","targetHints":{"allow":["GET"]}}],"collection":[{"href":"https:\/\/eurotrail.info\/de\/wp-json\/wp\/v2\/product"}],"about":[{"href":"https:\/\/eurotrail.info\/de\/wp-json\/wp\/v2\/types\/product"}],"replies":[{"embeddable":true,"href":"https:\/\/eurotrail.info\/de\/wp-json\/wp\/v2\/comments?post=12454"}],"wp:featuredmedia":[{"embeddable":true,"href":"https:\/\/eurotrail.info\/de\/wp-json\/wp\/v2\/media\/12444"}],"wp:attachment":[{"href":"https:\/\/eurotrail.info\/de\/wp-json\/wp\/v2\/media?parent=12454"}],"wp:term":[{"taxonomy":"product_brand","embeddable":true,"href":"https:\/\/eurotrail.info\/de\/wp-json\/wp\/v2\/product_brand?post=12454"},{"taxonomy":"product_cat","embeddable":true,"href":"https:\/\/eurotrail.info\/de\/wp-json\/wp\/v2\/product_cat?post=12454"},{"taxonomy":"product_tag","embeddable":true,"href":"https:\/\/eurotrail.info\/de\/wp-json\/wp\/v2\/product_tag?post=12454"}],"curies":[{"name":"wp","href":"https:\/\/api.w.org\/{rel}","templated":true}]}}