{"id":12850,"date":"2021-01-05T11:25:30","date_gmt":"2021-01-05T10:25:30","guid":{"rendered":"https:\/\/eurotrail.info\/producten\/cruiser-air-autozelt\/"},"modified":"2026-01-19T17:33:04","modified_gmt":"2026-01-19T16:33:04","slug":"cruiser-air-autozelt","status":"publish","type":"product","link":"https:\/\/eurotrail.info\/de\/producten\/wohnwagenwohnmobilebus\/busvorzelt-air\/cruiser-air-autozelt\/","title":{"rendered":"Cruiser SUV Air Autozelt"},"content":{"rendered":"<p>Freistehendes aufblasbares Autozelt f\u00fcr fast alle Kombis, SUVs oder Mini-Vans wie der Citroen Berlingo, Peugeot Kangoo oder VW Cargo.\u00a0Der Cruiser Air ausgestattet mit dem AirTube Luftkan\u00e4len System f\u00fcr schnelle und einfache Aufbau. Bestehend aus 2 Hauptrohren und einem Sturm-Rohr.\u00a0 Das Zelt kann leicht vom Auto getrennt werden, ohne das Zelt abzubauen. So k\u00f6nnen Sie losfahren und alles im Zelt hinterlassen. Der Wohnraum ist f\u00fcr 4 Personen geeignet und verf\u00fcgt \u00fcber ein gro\u00dfes abschlie\u00dfbares Netzfenster f\u00fcr optimale Bel\u00fcftung. Auf beiden Seiten befindet sich eine Netzt\u00fcr. Die eingen\u00e4hte Bodenplatte sorgt daf\u00fcr, dass Wasser und Schmutz drau\u00dfen bleiben. Das Cruiser Air ist das ideale Zelt f\u00fcr Wochenenden oder Kurzurlaube. Inkl. Pumpe, Heringe, Abspannseile und Aufbewahrungstasche.<\/p>\n<p><a href=\"https:\/\/youtu.be\/g86U2ydxcEA\">YouTube Aufbauanleitung Cruiser Air<\/a><\/p>\n<p>Gr\u00f6\u00dfe: 230 x 280 x 205 cm (B-L-H)<br \/>\nMaterial: 150D Oxford PU 3000 mm mit UPF 50+ abgeklebte N\u00e4hte.<br \/>\nAirTubes: \u00d8 10 cm (0,6-0,8 bar)<br \/>\nVordachstange: Fiberglas 9,5 mm<br \/>\nGroundsheet: PE-Material<br \/>\nPackungsgr\u00f6\u00dfe: 75x35x35cm<br \/>\nGewicht: 11 kg.<\/p>\n","protected":false},"excerpt":{"rendered":"<p>Freistehendes aufblasbares Autozelt f\u00fcr fast alle Kombis, SUVs oder Mini-Vans wie der Citroen Berlingo, Peugeot Kangoo oder VW Cargo.\u00a0Der Cruiser Air ausgestattet mit dem AirTube&hellip;<\/p>\n","protected":false},"featured_media":12840,"comment_status":"open","ping_status":"closed","template":"","meta":{"_acf_changed":false},"product_brand":[],"product_cat":[74,71],"product_tag":[],"class_list":{"0":"post-12850","1":"product","2":"type-product","3":"status-publish","4":"has-post-thumbnail","6":"product_cat-busvorzelt-air","7":"product_cat-wohnwagenwohnmobilebus","9":"first","10":"instock","11":"shipping-taxable","12":"product-type-simple"},"acf":[],"yoast_head":"<!-- This site is optimized with the Yoast SEO plugin v27.4 - https:\/\/yoast.com\/product\/yoast-seo-wordpress\/ -->\n<title>Cruiser SUV Air Autozelt - Eurotrail<\/title>\n<meta name=\"description\" content=\"Freistehendes aufblasbares Auto Zelt f\u00fcr Citroen Berlingo, Peugeot Kangoo oder VW Cargo. Mit AirTube Luftkan\u00e4len f\u00fcr schnelle Aufbau.\" \/>\n<meta name=\"robots\" content=\"index, follow, max-snippet:-1, max-image-preview:large, max-video-preview:-1\" \/>\n<link rel=\"canonical\" href=\"https:\/\/eurotrail.info\/de\/producten\/wohnwagenwohnmobilebus\/busvorzelt-air\/cruiser-air-autozelt\/\" \/>\n<meta property=\"og:locale\" content=\"de_DE\" \/>\n<meta property=\"og:type\" content=\"article\" \/>\n<meta property=\"og:title\" content=\"Cruiser SUV Air Autozelt - Eurotrail\" \/>\n<meta property=\"og:description\" content=\"Freistehendes aufblasbares Auto Zelt f\u00fcr Citroen Berlingo, Peugeot Kangoo oder VW Cargo. Mit AirTube Luftkan\u00e4len f\u00fcr schnelle Aufbau.\" \/>\n<meta property=\"og:url\" content=\"https:\/\/eurotrail.info\/de\/producten\/wohnwagenwohnmobilebus\/busvorzelt-air\/cruiser-air-autozelt\/\" \/>\n<meta property=\"og:site_name\" content=\"Eurotrail\" \/>\n<meta property=\"article:modified_time\" content=\"2026-01-19T16:33:04+00:00\" \/>\n<meta property=\"og:image\" content=\"https:\/\/eurotrail.info\/wp\/wp-content\/uploads\/2021\/01\/ETCT0186-Cruiser-SUV-Air-02-1280x979.jpg\" \/>\n\t<meta property=\"og:image:width\" content=\"1280\" \/>\n\t<meta property=\"og:image:height\" content=\"979\" \/>\n\t<meta property=\"og:image:type\" content=\"image\/jpeg\" \/>\n<meta name=\"twitter:card\" content=\"summary_large_image\" \/>\n<meta name=\"twitter:label1\" content=\"Gesch\u00e4tzte Lesezeit\" \/>\n\t<meta name=\"twitter:data1\" content=\"1\u00a0Minute\" \/>\n<script type=\"application\/ld+json\" class=\"yoast-schema-graph\">{\"@context\":\"https:\\\/\\\/schema.org\",\"@graph\":[{\"@type\":\"WebPage\",\"@id\":\"https:\\\/\\\/eurotrail.info\\\/de\\\/producten\\\/wohnwagenwohnmobilebus\\\/busvorzelt-air\\\/cruiser-air-autozelt\\\/\",\"url\":\"https:\\\/\\\/eurotrail.info\\\/de\\\/producten\\\/wohnwagenwohnmobilebus\\\/busvorzelt-air\\\/cruiser-air-autozelt\\\/\",\"name\":\"Cruiser SUV Air Autozelt - Eurotrail\",\"isPartOf\":{\"@id\":\"https:\\\/\\\/eurotrail.info\\\/#website\"},\"primaryImageOfPage\":{\"@id\":\"https:\\\/\\\/eurotrail.info\\\/de\\\/producten\\\/wohnwagenwohnmobilebus\\\/busvorzelt-air\\\/cruiser-air-autozelt\\\/#primaryimage\"},\"image\":{\"@id\":\"https:\\\/\\\/eurotrail.info\\\/de\\\/producten\\\/wohnwagenwohnmobilebus\\\/busvorzelt-air\\\/cruiser-air-autozelt\\\/#primaryimage\"},\"thumbnailUrl\":\"https:\\\/\\\/eurotrail.info\\\/wp\\\/wp-content\\\/uploads\\\/2021\\\/01\\\/ETCT0186-Cruiser-SUV-Air-02.jpg\",\"datePublished\":\"2021-01-05T10:25:30+00:00\",\"dateModified\":\"2026-01-19T16:33:04+00:00\",\"description\":\"Freistehendes aufblasbares Auto Zelt f\u00fcr Citroen Berlingo, Peugeot Kangoo oder VW Cargo. Mit AirTube Luftkan\u00e4len f\u00fcr schnelle Aufbau.\",\"breadcrumb\":{\"@id\":\"https:\\\/\\\/eurotrail.info\\\/de\\\/producten\\\/wohnwagenwohnmobilebus\\\/busvorzelt-air\\\/cruiser-air-autozelt\\\/#breadcrumb\"},\"inLanguage\":\"de\",\"potentialAction\":[{\"@type\":\"ReadAction\",\"target\":[\"https:\\\/\\\/eurotrail.info\\\/de\\\/producten\\\/wohnwagenwohnmobilebus\\\/busvorzelt-air\\\/cruiser-air-autozelt\\\/\"]}]},{\"@type\":\"ImageObject\",\"inLanguage\":\"de\",\"@id\":\"https:\\\/\\\/eurotrail.info\\\/de\\\/producten\\\/wohnwagenwohnmobilebus\\\/busvorzelt-air\\\/cruiser-air-autozelt\\\/#primaryimage\",\"url\":\"https:\\\/\\\/eurotrail.info\\\/wp\\\/wp-content\\\/uploads\\\/2021\\\/01\\\/ETCT0186-Cruiser-SUV-Air-02.jpg\",\"contentUrl\":\"https:\\\/\\\/eurotrail.info\\\/wp\\\/wp-content\\\/uploads\\\/2021\\\/01\\\/ETCT0186-Cruiser-SUV-Air-02.jpg\",\"width\":1772,\"height\":1355,\"caption\":\"Eurotrail Cruiser Air MPV tent\"},{\"@type\":\"BreadcrumbList\",\"@id\":\"https:\\\/\\\/eurotrail.info\\\/de\\\/producten\\\/wohnwagenwohnmobilebus\\\/busvorzelt-air\\\/cruiser-air-autozelt\\\/#breadcrumb\",\"itemListElement\":[{\"@type\":\"ListItem\",\"position\":1,\"name\":\"Home\",\"item\":\"https:\\\/\\\/eurotrail.info\\\/de\\\/\"},{\"@type\":\"ListItem\",\"position\":2,\"name\":\"Produkte\",\"item\":\"https:\\\/\\\/eurotrail.info\\\/de\\\/produkte\\\/\"},{\"@type\":\"ListItem\",\"position\":3,\"name\":\"Cruiser SUV Air Autozelt\"}]},{\"@type\":\"WebSite\",\"@id\":\"https:\\\/\\\/eurotrail.info\\\/#website\",\"url\":\"https:\\\/\\\/eurotrail.info\\\/\",\"name\":\"Eurotrail\",\"description\":\"\",\"publisher\":{\"@id\":\"https:\\\/\\\/eurotrail.info\\\/#organization\"},\"potentialAction\":[{\"@type\":\"SearchAction\",\"target\":{\"@type\":\"EntryPoint\",\"urlTemplate\":\"https:\\\/\\\/eurotrail.info\\\/?s={search_term_string}\"},\"query-input\":{\"@type\":\"PropertyValueSpecification\",\"valueRequired\":true,\"valueName\":\"search_term_string\"}}],\"inLanguage\":\"de\"},{\"@type\":\"Organization\",\"@id\":\"https:\\\/\\\/eurotrail.info\\\/#organization\",\"name\":\"Eurotrail\",\"url\":\"https:\\\/\\\/eurotrail.info\\\/\",\"logo\":{\"@type\":\"ImageObject\",\"inLanguage\":\"de\",\"@id\":\"https:\\\/\\\/eurotrail.info\\\/#\\\/schema\\\/logo\\\/image\\\/\",\"url\":\"https:\\\/\\\/eurotrail.info\\\/wp\\\/wp-content\\\/uploads\\\/2023\\\/07\\\/ET-logo-quote_NL-scaled.jpg\",\"contentUrl\":\"https:\\\/\\\/eurotrail.info\\\/wp\\\/wp-content\\\/uploads\\\/2023\\\/07\\\/ET-logo-quote_NL-scaled.jpg\",\"width\":2560,\"height\":675,\"caption\":\"Eurotrail\"},\"image\":{\"@id\":\"https:\\\/\\\/eurotrail.info\\\/#\\\/schema\\\/logo\\\/image\\\/\"}}]}<\/script>\n<!-- \/ Yoast SEO plugin. -->","yoast_head_json":{"title":"Cruiser SUV Air Autozelt - Eurotrail","description":"Freistehendes aufblasbares Auto Zelt f\u00fcr Citroen Berlingo, Peugeot Kangoo oder VW Cargo. Mit AirTube Luftkan\u00e4len f\u00fcr schnelle Aufbau.","robots":{"index":"index","follow":"follow","max-snippet":"max-snippet:-1","max-image-preview":"max-image-preview:large","max-video-preview":"max-video-preview:-1"},"canonical":"https:\/\/eurotrail.info\/de\/producten\/wohnwagenwohnmobilebus\/busvorzelt-air\/cruiser-air-autozelt\/","og_locale":"de_DE","og_type":"article","og_title":"Cruiser SUV Air Autozelt - Eurotrail","og_description":"Freistehendes aufblasbares Auto Zelt f\u00fcr Citroen Berlingo, Peugeot Kangoo oder VW Cargo. Mit AirTube Luftkan\u00e4len f\u00fcr schnelle Aufbau.","og_url":"https:\/\/eurotrail.info\/de\/producten\/wohnwagenwohnmobilebus\/busvorzelt-air\/cruiser-air-autozelt\/","og_site_name":"Eurotrail","article_modified_time":"2026-01-19T16:33:04+00:00","og_image":[{"width":1280,"height":979,"url":"https:\/\/eurotrail.info\/wp\/wp-content\/uploads\/2021\/01\/ETCT0186-Cruiser-SUV-Air-02-1280x979.jpg","type":"image\/jpeg"}],"twitter_card":"summary_large_image","twitter_misc":{"Gesch\u00e4tzte Lesezeit":"1\u00a0Minute"},"schema":{"@context":"https:\/\/schema.org","@graph":[{"@type":"WebPage","@id":"https:\/\/eurotrail.info\/de\/producten\/wohnwagenwohnmobilebus\/busvorzelt-air\/cruiser-air-autozelt\/","url":"https:\/\/eurotrail.info\/de\/producten\/wohnwagenwohnmobilebus\/busvorzelt-air\/cruiser-air-autozelt\/","name":"Cruiser SUV Air Autozelt - Eurotrail","isPartOf":{"@id":"https:\/\/eurotrail.info\/#website"},"primaryImageOfPage":{"@id":"https:\/\/eurotrail.info\/de\/producten\/wohnwagenwohnmobilebus\/busvorzelt-air\/cruiser-air-autozelt\/#primaryimage"},"image":{"@id":"https:\/\/eurotrail.info\/de\/producten\/wohnwagenwohnmobilebus\/busvorzelt-air\/cruiser-air-autozelt\/#primaryimage"},"thumbnailUrl":"https:\/\/eurotrail.info\/wp\/wp-content\/uploads\/2021\/01\/ETCT0186-Cruiser-SUV-Air-02.jpg","datePublished":"2021-01-05T10:25:30+00:00","dateModified":"2026-01-19T16:33:04+00:00","description":"Freistehendes aufblasbares Auto Zelt f\u00fcr Citroen Berlingo, Peugeot Kangoo oder VW Cargo. Mit AirTube Luftkan\u00e4len f\u00fcr schnelle Aufbau.","breadcrumb":{"@id":"https:\/\/eurotrail.info\/de\/producten\/wohnwagenwohnmobilebus\/busvorzelt-air\/cruiser-air-autozelt\/#breadcrumb"},"inLanguage":"de","potentialAction":[{"@type":"ReadAction","target":["https:\/\/eurotrail.info\/de\/producten\/wohnwagenwohnmobilebus\/busvorzelt-air\/cruiser-air-autozelt\/"]}]},{"@type":"ImageObject","inLanguage":"de","@id":"https:\/\/eurotrail.info\/de\/producten\/wohnwagenwohnmobilebus\/busvorzelt-air\/cruiser-air-autozelt\/#primaryimage","url":"https:\/\/eurotrail.info\/wp\/wp-content\/uploads\/2021\/01\/ETCT0186-Cruiser-SUV-Air-02.jpg","contentUrl":"https:\/\/eurotrail.info\/wp\/wp-content\/uploads\/2021\/01\/ETCT0186-Cruiser-SUV-Air-02.jpg","width":1772,"height":1355,"caption":"Eurotrail Cruiser Air MPV tent"},{"@type":"BreadcrumbList","@id":"https:\/\/eurotrail.info\/de\/producten\/wohnwagenwohnmobilebus\/busvorzelt-air\/cruiser-air-autozelt\/#breadcrumb","itemListElement":[{"@type":"ListItem","position":1,"name":"Home","item":"https:\/\/eurotrail.info\/de\/"},{"@type":"ListItem","position":2,"name":"Produkte","item":"https:\/\/eurotrail.info\/de\/produkte\/"},{"@type":"ListItem","position":3,"name":"Cruiser SUV Air Autozelt"}]},{"@type":"WebSite","@id":"https:\/\/eurotrail.info\/#website","url":"https:\/\/eurotrail.info\/","name":"Eurotrail","description":"","publisher":{"@id":"https:\/\/eurotrail.info\/#organization"},"potentialAction":[{"@type":"SearchAction","target":{"@type":"EntryPoint","urlTemplate":"https:\/\/eurotrail.info\/?s={search_term_string}"},"query-input":{"@type":"PropertyValueSpecification","valueRequired":true,"valueName":"search_term_string"}}],"inLanguage":"de"},{"@type":"Organization","@id":"https:\/\/eurotrail.info\/#organization","name":"Eurotrail","url":"https:\/\/eurotrail.info\/","logo":{"@type":"ImageObject","inLanguage":"de","@id":"https:\/\/eurotrail.info\/#\/schema\/logo\/image\/","url":"https:\/\/eurotrail.info\/wp\/wp-content\/uploads\/2023\/07\/ET-logo-quote_NL-scaled.jpg","contentUrl":"https:\/\/eurotrail.info\/wp\/wp-content\/uploads\/2023\/07\/ET-logo-quote_NL-scaled.jpg","width":2560,"height":675,"caption":"Eurotrail"},"image":{"@id":"https:\/\/eurotrail.info\/#\/schema\/logo\/image\/"}}]}},"_links":{"self":[{"href":"https:\/\/eurotrail.info\/de\/wp-json\/wp\/v2\/product\/12850","targetHints":{"allow":["GET"]}}],"collection":[{"href":"https:\/\/eurotrail.info\/de\/wp-json\/wp\/v2\/product"}],"about":[{"href":"https:\/\/eurotrail.info\/de\/wp-json\/wp\/v2\/types\/product"}],"replies":[{"embeddable":true,"href":"https:\/\/eurotrail.info\/de\/wp-json\/wp\/v2\/comments?post=12850"}],"wp:featuredmedia":[{"embeddable":true,"href":"https:\/\/eurotrail.info\/de\/wp-json\/wp\/v2\/media\/12840"}],"wp:attachment":[{"href":"https:\/\/eurotrail.info\/de\/wp-json\/wp\/v2\/media?parent=12850"}],"wp:term":[{"taxonomy":"product_brand","embeddable":true,"href":"https:\/\/eurotrail.info\/de\/wp-json\/wp\/v2\/product_brand?post=12850"},{"taxonomy":"product_cat","embeddable":true,"href":"https:\/\/eurotrail.info\/de\/wp-json\/wp\/v2\/product_cat?post=12850"},{"taxonomy":"product_tag","embeddable":true,"href":"https:\/\/eurotrail.info\/de\/wp-json\/wp\/v2\/product_tag?post=12850"}],"curies":[{"name":"wp","href":"https:\/\/api.w.org\/{rel}","templated":true}]}}