{"id":13101,"date":"2021-10-27T13:45:53","date_gmt":"2021-10-27T12:45:53","guid":{"rendered":"https:\/\/eurotrail.info\/producten\/grand-cafe-6-kaffeemaschine\/"},"modified":"2021-10-27T13:45:53","modified_gmt":"2021-10-27T12:45:53","slug":"grand-cafe-6-kaffeemaschine","status":"publish","type":"product","link":"https:\/\/eurotrail.info\/de\/producten\/haushaltartikel\/elektrische-kuechengeraete\/grand-cafe-6-kaffeemaschine\/","title":{"rendered":"GRAND CAF\u00c9 6 KAFFEEMASCHINE"},"content":{"rendered":"<p>Die Eurotrail-Kaffeemaschine Grand Cafe 6 eignet sich f\u00fcr die Zubereitung von bis zu 6 Tassen gleichzeitig. Aufgrund des kompakten Designs nimmt die Kaffeemaschine wenig Platz in Ihrer K\u00fcche ein. Die geringe Leistung macht die Kaffeemaschine auch geeignet f\u00fcr Einsatz auf dem Campingplatz. Ausgestattet mit einer Warmhaltefunktion, die sich nach 40 Minuten automatisch abschaltet. Mit Tropfstopp und rutschfesten F\u00fc\u00dfen.<\/p>\n<p>Frischer Kaffee<br \/>\nDie Kaffeemaschine ist sehr einfach zu bedienen. Der Wasserstand wird durch eine Anzeige angezeigt. Die Kaffeemaschine wird mit einem herausnehmbaren Filter mit Griff geliefert und leicht zu reinigen ist, sodass keine Papierkaffeefilter verwendet werden m\u00fcssen. Der Tropfstopp stellt sicher, dass die Kaffeemaschine beim Herausnehmen des Glaskanne nicht ausl\u00e4uft. <\/p>\n<p>Einfach zu verwenden<br \/>\nDie Kaffeemaschine ist dank der LED-Anzeige des Ein- \/ Ausschalters sehr bequem zu bedienen, sodass Sie leicht erkennen k\u00f6nnen, ob die Kaffeemaschine eingeschaltet ist. Es ist mit einer Warmhaltefunktion f\u00fcr die Glaskanne ausgestattet. Diese Funktion schaltet sich nach 40 Minuten automatisch aus, sodass Sie sich keine Sorgen machen m\u00fcssen, es eingeschaltet zu lassen.<\/p>\n<p>Kompaktes Design<br \/>\nDie Eurotrail Kaffeemaschine mit 0,65 ltr. Volumen mit dem Sie bis zu 6 Tassen Kaffee machen k\u00f6nnen. Die Kaffeemaschine hat einen geringen Strombedarf von 650 W und ist daher auch f\u00fcr Campingzwecke geeignet. Die rutschfesten F\u00fc\u00dfe sorgen daf\u00fcr, dass die Kaffeemaschine stabil auf der Arbeitsplatte steht.<\/p>\n<p>Im Lieferumfang einbegriffen:<br \/>\nKaffeemaschine, Glaskanne, herausnehmbarer Filter, Kaffeel\u00f6ffel, Handbuch<\/p>\n<p>Stilvolles Design mit schwarzem Finish, Edelstahldetails und einem Glaskanne<\/p>\n<p>Eigenschaften<br \/>\nKompakte Kaffeemaschine<br \/>\nETKW7001 0.65 Ltr. geeignet f\u00fcr bis zu 6 Tassen, 650W Leistung<\/p>\n","protected":false},"excerpt":{"rendered":"<p>Die Eurotrail-Kaffeemaschine Grand Cafe 6 eignet sich f\u00fcr die Zubereitung von bis zu 6 Tassen gleichzeitig. Aufgrund des kompakten Designs nimmt die Kaffeemaschine wenig Platz&hellip;<\/p>\n","protected":false},"featured_media":13024,"comment_status":"open","ping_status":"closed","template":"","meta":{"_acf_changed":false},"product_brand":[],"product_cat":[288,78],"product_tag":[],"class_list":{"0":"post-13101","1":"product","2":"type-product","3":"status-publish","4":"has-post-thumbnail","6":"product_cat-elektrische-kuechengeraete","7":"product_cat-haushaltartikel","9":"first","10":"instock","11":"shipping-taxable","12":"product-type-simple"},"acf":[],"yoast_head":"<!-- This site is optimized with the Yoast SEO plugin v27.4 - https:\/\/yoast.com\/product\/yoast-seo-wordpress\/ -->\n<title>GRAND CAF\u00c9 6 KAFFEEMASCHINE - Eurotrail<\/title>\n<meta name=\"robots\" content=\"index, follow, max-snippet:-1, max-image-preview:large, max-video-preview:-1\" \/>\n<link rel=\"canonical\" href=\"https:\/\/eurotrail.info\/de\/producten\/haushaltartikel\/elektrische-kuechengeraete\/grand-cafe-6-kaffeemaschine\/\" \/>\n<meta property=\"og:locale\" content=\"de_DE\" \/>\n<meta property=\"og:type\" content=\"article\" \/>\n<meta property=\"og:title\" content=\"GRAND CAF\u00c9 6 KAFFEEMASCHINE - Eurotrail\" \/>\n<meta property=\"og:description\" content=\"Die Eurotrail-Kaffeemaschine Grand Cafe 6 eignet sich f\u00fcr die Zubereitung von bis zu 6 Tassen gleichzeitig. Aufgrund des kompakten Designs nimmt die Kaffeemaschine wenig Platz&hellip;\" \/>\n<meta property=\"og:url\" content=\"https:\/\/eurotrail.info\/de\/producten\/haushaltartikel\/elektrische-kuechengeraete\/grand-cafe-6-kaffeemaschine\/\" \/>\n<meta property=\"og:site_name\" content=\"Eurotrail\" \/>\n<meta property=\"og:image\" content=\"https:\/\/eurotrail.info\/wp\/wp-content\/uploads\/2021\/10\/koffie-A-1-scaled.jpg\" \/>\n\t<meta property=\"og:image:width\" content=\"2388\" \/>\n\t<meta property=\"og:image:height\" content=\"2560\" \/>\n\t<meta property=\"og:image:type\" content=\"image\/jpeg\" \/>\n<meta name=\"twitter:card\" content=\"summary_large_image\" \/>\n<meta name=\"twitter:label1\" content=\"Gesch\u00e4tzte Lesezeit\" \/>\n\t<meta name=\"twitter:data1\" content=\"1\u00a0Minute\" \/>\n<script type=\"application\/ld+json\" class=\"yoast-schema-graph\">{\"@context\":\"https:\\\/\\\/schema.org\",\"@graph\":[{\"@type\":\"WebPage\",\"@id\":\"https:\\\/\\\/eurotrail.info\\\/de\\\/producten\\\/haushaltartikel\\\/elektrische-kuechengeraete\\\/grand-cafe-6-kaffeemaschine\\\/\",\"url\":\"https:\\\/\\\/eurotrail.info\\\/de\\\/producten\\\/haushaltartikel\\\/elektrische-kuechengeraete\\\/grand-cafe-6-kaffeemaschine\\\/\",\"name\":\"GRAND CAF\u00c9 6 KAFFEEMASCHINE - Eurotrail\",\"isPartOf\":{\"@id\":\"https:\\\/\\\/eurotrail.info\\\/#website\"},\"primaryImageOfPage\":{\"@id\":\"https:\\\/\\\/eurotrail.info\\\/de\\\/producten\\\/haushaltartikel\\\/elektrische-kuechengeraete\\\/grand-cafe-6-kaffeemaschine\\\/#primaryimage\"},\"image\":{\"@id\":\"https:\\\/\\\/eurotrail.info\\\/de\\\/producten\\\/haushaltartikel\\\/elektrische-kuechengeraete\\\/grand-cafe-6-kaffeemaschine\\\/#primaryimage\"},\"thumbnailUrl\":\"https:\\\/\\\/eurotrail.info\\\/wp\\\/wp-content\\\/uploads\\\/2021\\\/10\\\/koffie-A-1-scaled.jpg\",\"datePublished\":\"2021-10-27T12:45:53+00:00\",\"breadcrumb\":{\"@id\":\"https:\\\/\\\/eurotrail.info\\\/de\\\/producten\\\/haushaltartikel\\\/elektrische-kuechengeraete\\\/grand-cafe-6-kaffeemaschine\\\/#breadcrumb\"},\"inLanguage\":\"de\",\"potentialAction\":[{\"@type\":\"ReadAction\",\"target\":[\"https:\\\/\\\/eurotrail.info\\\/de\\\/producten\\\/haushaltartikel\\\/elektrische-kuechengeraete\\\/grand-cafe-6-kaffeemaschine\\\/\"]}]},{\"@type\":\"ImageObject\",\"inLanguage\":\"de\",\"@id\":\"https:\\\/\\\/eurotrail.info\\\/de\\\/producten\\\/haushaltartikel\\\/elektrische-kuechengeraete\\\/grand-cafe-6-kaffeemaschine\\\/#primaryimage\",\"url\":\"https:\\\/\\\/eurotrail.info\\\/wp\\\/wp-content\\\/uploads\\\/2021\\\/10\\\/koffie-A-1-scaled.jpg\",\"contentUrl\":\"https:\\\/\\\/eurotrail.info\\\/wp\\\/wp-content\\\/uploads\\\/2021\\\/10\\\/koffie-A-1-scaled.jpg\",\"width\":2388,\"height\":2560,\"caption\":\"Koffieapparaat geschikt voor 6 kopjes\"},{\"@type\":\"BreadcrumbList\",\"@id\":\"https:\\\/\\\/eurotrail.info\\\/de\\\/producten\\\/haushaltartikel\\\/elektrische-kuechengeraete\\\/grand-cafe-6-kaffeemaschine\\\/#breadcrumb\",\"itemListElement\":[{\"@type\":\"ListItem\",\"position\":1,\"name\":\"Home\",\"item\":\"https:\\\/\\\/eurotrail.info\\\/de\\\/\"},{\"@type\":\"ListItem\",\"position\":2,\"name\":\"Produkte\",\"item\":\"https:\\\/\\\/eurotrail.info\\\/de\\\/produkte\\\/\"},{\"@type\":\"ListItem\",\"position\":3,\"name\":\"GRAND CAF\u00c9 6 KAFFEEMASCHINE\"}]},{\"@type\":\"WebSite\",\"@id\":\"https:\\\/\\\/eurotrail.info\\\/#website\",\"url\":\"https:\\\/\\\/eurotrail.info\\\/\",\"name\":\"Eurotrail\",\"description\":\"\",\"publisher\":{\"@id\":\"https:\\\/\\\/eurotrail.info\\\/#organization\"},\"potentialAction\":[{\"@type\":\"SearchAction\",\"target\":{\"@type\":\"EntryPoint\",\"urlTemplate\":\"https:\\\/\\\/eurotrail.info\\\/?s={search_term_string}\"},\"query-input\":{\"@type\":\"PropertyValueSpecification\",\"valueRequired\":true,\"valueName\":\"search_term_string\"}}],\"inLanguage\":\"de\"},{\"@type\":\"Organization\",\"@id\":\"https:\\\/\\\/eurotrail.info\\\/#organization\",\"name\":\"Eurotrail\",\"url\":\"https:\\\/\\\/eurotrail.info\\\/\",\"logo\":{\"@type\":\"ImageObject\",\"inLanguage\":\"de\",\"@id\":\"https:\\\/\\\/eurotrail.info\\\/#\\\/schema\\\/logo\\\/image\\\/\",\"url\":\"https:\\\/\\\/eurotrail.info\\\/wp\\\/wp-content\\\/uploads\\\/2023\\\/07\\\/ET-logo-quote_NL-scaled.jpg\",\"contentUrl\":\"https:\\\/\\\/eurotrail.info\\\/wp\\\/wp-content\\\/uploads\\\/2023\\\/07\\\/ET-logo-quote_NL-scaled.jpg\",\"width\":2560,\"height\":675,\"caption\":\"Eurotrail\"},\"image\":{\"@id\":\"https:\\\/\\\/eurotrail.info\\\/#\\\/schema\\\/logo\\\/image\\\/\"}}]}<\/script>\n<!-- \/ Yoast SEO plugin. -->","yoast_head_json":{"title":"GRAND CAF\u00c9 6 KAFFEEMASCHINE - Eurotrail","robots":{"index":"index","follow":"follow","max-snippet":"max-snippet:-1","max-image-preview":"max-image-preview:large","max-video-preview":"max-video-preview:-1"},"canonical":"https:\/\/eurotrail.info\/de\/producten\/haushaltartikel\/elektrische-kuechengeraete\/grand-cafe-6-kaffeemaschine\/","og_locale":"de_DE","og_type":"article","og_title":"GRAND CAF\u00c9 6 KAFFEEMASCHINE - Eurotrail","og_description":"Die Eurotrail-Kaffeemaschine Grand Cafe 6 eignet sich f\u00fcr die Zubereitung von bis zu 6 Tassen gleichzeitig. Aufgrund des kompakten Designs nimmt die Kaffeemaschine wenig Platz&hellip;","og_url":"https:\/\/eurotrail.info\/de\/producten\/haushaltartikel\/elektrische-kuechengeraete\/grand-cafe-6-kaffeemaschine\/","og_site_name":"Eurotrail","og_image":[{"width":2388,"height":2560,"url":"https:\/\/eurotrail.info\/wp\/wp-content\/uploads\/2021\/10\/koffie-A-1-scaled.jpg","type":"image\/jpeg"}],"twitter_card":"summary_large_image","twitter_misc":{"Gesch\u00e4tzte Lesezeit":"1\u00a0Minute"},"schema":{"@context":"https:\/\/schema.org","@graph":[{"@type":"WebPage","@id":"https:\/\/eurotrail.info\/de\/producten\/haushaltartikel\/elektrische-kuechengeraete\/grand-cafe-6-kaffeemaschine\/","url":"https:\/\/eurotrail.info\/de\/producten\/haushaltartikel\/elektrische-kuechengeraete\/grand-cafe-6-kaffeemaschine\/","name":"GRAND CAF\u00c9 6 KAFFEEMASCHINE - Eurotrail","isPartOf":{"@id":"https:\/\/eurotrail.info\/#website"},"primaryImageOfPage":{"@id":"https:\/\/eurotrail.info\/de\/producten\/haushaltartikel\/elektrische-kuechengeraete\/grand-cafe-6-kaffeemaschine\/#primaryimage"},"image":{"@id":"https:\/\/eurotrail.info\/de\/producten\/haushaltartikel\/elektrische-kuechengeraete\/grand-cafe-6-kaffeemaschine\/#primaryimage"},"thumbnailUrl":"https:\/\/eurotrail.info\/wp\/wp-content\/uploads\/2021\/10\/koffie-A-1-scaled.jpg","datePublished":"2021-10-27T12:45:53+00:00","breadcrumb":{"@id":"https:\/\/eurotrail.info\/de\/producten\/haushaltartikel\/elektrische-kuechengeraete\/grand-cafe-6-kaffeemaschine\/#breadcrumb"},"inLanguage":"de","potentialAction":[{"@type":"ReadAction","target":["https:\/\/eurotrail.info\/de\/producten\/haushaltartikel\/elektrische-kuechengeraete\/grand-cafe-6-kaffeemaschine\/"]}]},{"@type":"ImageObject","inLanguage":"de","@id":"https:\/\/eurotrail.info\/de\/producten\/haushaltartikel\/elektrische-kuechengeraete\/grand-cafe-6-kaffeemaschine\/#primaryimage","url":"https:\/\/eurotrail.info\/wp\/wp-content\/uploads\/2021\/10\/koffie-A-1-scaled.jpg","contentUrl":"https:\/\/eurotrail.info\/wp\/wp-content\/uploads\/2021\/10\/koffie-A-1-scaled.jpg","width":2388,"height":2560,"caption":"Koffieapparaat geschikt voor 6 kopjes"},{"@type":"BreadcrumbList","@id":"https:\/\/eurotrail.info\/de\/producten\/haushaltartikel\/elektrische-kuechengeraete\/grand-cafe-6-kaffeemaschine\/#breadcrumb","itemListElement":[{"@type":"ListItem","position":1,"name":"Home","item":"https:\/\/eurotrail.info\/de\/"},{"@type":"ListItem","position":2,"name":"Produkte","item":"https:\/\/eurotrail.info\/de\/produkte\/"},{"@type":"ListItem","position":3,"name":"GRAND CAF\u00c9 6 KAFFEEMASCHINE"}]},{"@type":"WebSite","@id":"https:\/\/eurotrail.info\/#website","url":"https:\/\/eurotrail.info\/","name":"Eurotrail","description":"","publisher":{"@id":"https:\/\/eurotrail.info\/#organization"},"potentialAction":[{"@type":"SearchAction","target":{"@type":"EntryPoint","urlTemplate":"https:\/\/eurotrail.info\/?s={search_term_string}"},"query-input":{"@type":"PropertyValueSpecification","valueRequired":true,"valueName":"search_term_string"}}],"inLanguage":"de"},{"@type":"Organization","@id":"https:\/\/eurotrail.info\/#organization","name":"Eurotrail","url":"https:\/\/eurotrail.info\/","logo":{"@type":"ImageObject","inLanguage":"de","@id":"https:\/\/eurotrail.info\/#\/schema\/logo\/image\/","url":"https:\/\/eurotrail.info\/wp\/wp-content\/uploads\/2023\/07\/ET-logo-quote_NL-scaled.jpg","contentUrl":"https:\/\/eurotrail.info\/wp\/wp-content\/uploads\/2023\/07\/ET-logo-quote_NL-scaled.jpg","width":2560,"height":675,"caption":"Eurotrail"},"image":{"@id":"https:\/\/eurotrail.info\/#\/schema\/logo\/image\/"}}]}},"_links":{"self":[{"href":"https:\/\/eurotrail.info\/de\/wp-json\/wp\/v2\/product\/13101","targetHints":{"allow":["GET"]}}],"collection":[{"href":"https:\/\/eurotrail.info\/de\/wp-json\/wp\/v2\/product"}],"about":[{"href":"https:\/\/eurotrail.info\/de\/wp-json\/wp\/v2\/types\/product"}],"replies":[{"embeddable":true,"href":"https:\/\/eurotrail.info\/de\/wp-json\/wp\/v2\/comments?post=13101"}],"wp:featuredmedia":[{"embeddable":true,"href":"https:\/\/eurotrail.info\/de\/wp-json\/wp\/v2\/media\/13024"}],"wp:attachment":[{"href":"https:\/\/eurotrail.info\/de\/wp-json\/wp\/v2\/media?parent=13101"}],"wp:term":[{"taxonomy":"product_brand","embeddable":true,"href":"https:\/\/eurotrail.info\/de\/wp-json\/wp\/v2\/product_brand?post=13101"},{"taxonomy":"product_cat","embeddable":true,"href":"https:\/\/eurotrail.info\/de\/wp-json\/wp\/v2\/product_cat?post=13101"},{"taxonomy":"product_tag","embeddable":true,"href":"https:\/\/eurotrail.info\/de\/wp-json\/wp\/v2\/product_tag?post=13101"}],"curies":[{"name":"wp","href":"https:\/\/api.w.org\/{rel}","templated":true}]}}