{"id":13280,"date":"2021-11-19T14:34:07","date_gmt":"2021-11-19T13:34:07","guid":{"rendered":"https:\/\/eurotrail.info\/producten\/glossy-wiederaufladbare-tischlampe-solar\/"},"modified":"2022-02-22T15:28:03","modified_gmt":"2022-02-22T14:28:03","slug":"glossy-wiederaufladbare-tischlampe-solar","status":"publish","type":"product","link":"https:\/\/eurotrail.info\/de\/producten\/campingleuchten\/glossy-wiederaufladbare-tischlampe-solar\/","title":{"rendered":"Glossy Wiederaufladbare Tischlampe &#8211; solar"},"content":{"rendered":"<p>Wiederaufladbare Tischlampe mit Silikon-Gripf. Wiederaufladbar \u00fcber USB-Kabel oder Solarpanel, Ber\u00fchrungsschalter oben.<\/p>\n<p>Die Lampe gibt eine sch\u00f6nes warmes Atmosph\u00e4renlicht oder ein helles wei\u00dfes Licht, perfekt zum Lesen eines Buches. Ideal f\u00fcr den Einsatz auf dem Campingplatz oder zu Hause im Garten!<\/p>\n<p>Material: ABS, PS, Silikon, IP44<br \/>\nLED: 6 St\u00fcck 2835 SMD-LED<br \/>\nLichtmodus: EIN \/ AUS-Touch-Schalter, warmes Licht und wei\u00dfes Licht.<br \/>\nLumen: 40 Lumen<br \/>\nBatterie: 18650 1200mAh wiederaufladbare Lithiumbatterie<br \/>\nSonnenkollektor: 130Ma, 0.7W<br \/>\nWasserdicht: IP44<br \/>\nArbeitszeit: ca. 5 Stunden<br \/>\nLadezeit: USB 2,5-3 Std., per Solar ca. 10 Stunden Ladezeit<br \/>\nGr\u00f6\u00dfe: \u00d811,5x19cm<br \/>\nGewicht: 264gr.<\/p>\n","protected":false},"excerpt":{"rendered":"<p>Wiederaufladbare Tischlampe mit Silikon-Gripf. Wiederaufladbar \u00fcber USB-Kabel oder Solarpanel, Ber\u00fchrungsschalter oben. Die Lampe gibt eine sch\u00f6nes warmes Atmosph\u00e4renlicht oder ein helles wei\u00dfes Licht, perfekt zum&hellip;<\/p>\n","protected":false},"featured_media":13257,"comment_status":"open","ping_status":"closed","template":"","meta":{"_acf_changed":false},"product_brand":[],"product_cat":[102],"product_tag":[],"class_list":{"0":"post-13280","1":"product","2":"type-product","3":"status-publish","4":"has-post-thumbnail","6":"product_cat-campingleuchten","8":"first","9":"instock","10":"shipping-taxable","11":"product-type-simple"},"acf":[],"yoast_head":"<!-- This site is optimized with the Yoast SEO plugin v27.3 - https:\/\/yoast.com\/product\/yoast-seo-wordpress\/ -->\n<title>Glossy Wiederaufladbare Tischlampe - solar - Eurotrail<\/title>\n<meta name=\"description\" content=\"Wiederaufladbare Tischlampe mit Silikon-Gripf. Wiederaufladbar \u00fcber USB-Kabel oder Solarpanel, Ber\u00fchrungsschalter oben.\" \/>\n<meta name=\"robots\" content=\"index, follow, max-snippet:-1, max-image-preview:large, max-video-preview:-1\" \/>\n<link rel=\"canonical\" href=\"https:\/\/eurotrail.info\/de\/producten\/campingleuchten\/glossy-wiederaufladbare-tischlampe-solar\/\" \/>\n<meta property=\"og:locale\" content=\"de_DE\" \/>\n<meta property=\"og:type\" content=\"article\" \/>\n<meta property=\"og:title\" content=\"Glossy Wiederaufladbare Tischlampe - solar - Eurotrail\" \/>\n<meta property=\"og:description\" content=\"Wiederaufladbare Tischlampe mit Silikon-Gripf. Wiederaufladbar \u00fcber USB-Kabel oder Solarpanel, Ber\u00fchrungsschalter oben.\" \/>\n<meta property=\"og:url\" content=\"https:\/\/eurotrail.info\/de\/producten\/campingleuchten\/glossy-wiederaufladbare-tischlampe-solar\/\" \/>\n<meta property=\"og:site_name\" content=\"Eurotrail\" \/>\n<meta property=\"article:modified_time\" content=\"2022-02-22T14:28:03+00:00\" \/>\n<meta property=\"og:image\" content=\"https:\/\/eurotrail.info\/wp\/wp-content\/uploads\/2021\/11\/lamp-rubber-2-scaled.jpg\" \/>\n\t<meta property=\"og:image:width\" content=\"1255\" \/>\n\t<meta property=\"og:image:height\" content=\"2560\" \/>\n\t<meta property=\"og:image:type\" content=\"image\/jpeg\" \/>\n<meta name=\"twitter:card\" content=\"summary_large_image\" \/>\n<script type=\"application\/ld+json\" class=\"yoast-schema-graph\">{\"@context\":\"https:\\\/\\\/schema.org\",\"@graph\":[{\"@type\":\"WebPage\",\"@id\":\"https:\\\/\\\/eurotrail.info\\\/de\\\/producten\\\/campingleuchten\\\/glossy-wiederaufladbare-tischlampe-solar\\\/\",\"url\":\"https:\\\/\\\/eurotrail.info\\\/de\\\/producten\\\/campingleuchten\\\/glossy-wiederaufladbare-tischlampe-solar\\\/\",\"name\":\"Glossy Wiederaufladbare Tischlampe - solar - Eurotrail\",\"isPartOf\":{\"@id\":\"https:\\\/\\\/eurotrail.info\\\/#website\"},\"primaryImageOfPage\":{\"@id\":\"https:\\\/\\\/eurotrail.info\\\/de\\\/producten\\\/campingleuchten\\\/glossy-wiederaufladbare-tischlampe-solar\\\/#primaryimage\"},\"image\":{\"@id\":\"https:\\\/\\\/eurotrail.info\\\/de\\\/producten\\\/campingleuchten\\\/glossy-wiederaufladbare-tischlampe-solar\\\/#primaryimage\"},\"thumbnailUrl\":\"https:\\\/\\\/eurotrail.info\\\/wp\\\/wp-content\\\/uploads\\\/2021\\\/11\\\/lamp-rubber-2-scaled.jpg\",\"datePublished\":\"2021-11-19T13:34:07+00:00\",\"dateModified\":\"2022-02-22T14:28:03+00:00\",\"description\":\"Wiederaufladbare Tischlampe mit Silikon-Gripf. Wiederaufladbar \u00fcber USB-Kabel oder Solarpanel, Ber\u00fchrungsschalter oben.\",\"breadcrumb\":{\"@id\":\"https:\\\/\\\/eurotrail.info\\\/de\\\/producten\\\/campingleuchten\\\/glossy-wiederaufladbare-tischlampe-solar\\\/#breadcrumb\"},\"inLanguage\":\"de\",\"potentialAction\":[{\"@type\":\"ReadAction\",\"target\":[\"https:\\\/\\\/eurotrail.info\\\/de\\\/producten\\\/campingleuchten\\\/glossy-wiederaufladbare-tischlampe-solar\\\/\"]}]},{\"@type\":\"ImageObject\",\"inLanguage\":\"de\",\"@id\":\"https:\\\/\\\/eurotrail.info\\\/de\\\/producten\\\/campingleuchten\\\/glossy-wiederaufladbare-tischlampe-solar\\\/#primaryimage\",\"url\":\"https:\\\/\\\/eurotrail.info\\\/wp\\\/wp-content\\\/uploads\\\/2021\\\/11\\\/lamp-rubber-2-scaled.jpg\",\"contentUrl\":\"https:\\\/\\\/eurotrail.info\\\/wp\\\/wp-content\\\/uploads\\\/2021\\\/11\\\/lamp-rubber-2-scaled.jpg\",\"width\":1255,\"height\":2560,\"caption\":\"Oplaadbare tafel lamp voorzien van opvallende draagband\"},{\"@type\":\"BreadcrumbList\",\"@id\":\"https:\\\/\\\/eurotrail.info\\\/de\\\/producten\\\/campingleuchten\\\/glossy-wiederaufladbare-tischlampe-solar\\\/#breadcrumb\",\"itemListElement\":[{\"@type\":\"ListItem\",\"position\":1,\"name\":\"Home\",\"item\":\"https:\\\/\\\/eurotrail.info\\\/de\\\/\"},{\"@type\":\"ListItem\",\"position\":2,\"name\":\"Produkte\",\"item\":\"https:\\\/\\\/eurotrail.info\\\/de\\\/produkte\\\/\"},{\"@type\":\"ListItem\",\"position\":3,\"name\":\"Glossy Wiederaufladbare Tischlampe &#8211; solar\"}]},{\"@type\":\"WebSite\",\"@id\":\"https:\\\/\\\/eurotrail.info\\\/#website\",\"url\":\"https:\\\/\\\/eurotrail.info\\\/\",\"name\":\"Eurotrail\",\"description\":\"\",\"publisher\":{\"@id\":\"https:\\\/\\\/eurotrail.info\\\/#organization\"},\"potentialAction\":[{\"@type\":\"SearchAction\",\"target\":{\"@type\":\"EntryPoint\",\"urlTemplate\":\"https:\\\/\\\/eurotrail.info\\\/?s={search_term_string}\"},\"query-input\":{\"@type\":\"PropertyValueSpecification\",\"valueRequired\":true,\"valueName\":\"search_term_string\"}}],\"inLanguage\":\"de\"},{\"@type\":\"Organization\",\"@id\":\"https:\\\/\\\/eurotrail.info\\\/#organization\",\"name\":\"Eurotrail\",\"url\":\"https:\\\/\\\/eurotrail.info\\\/\",\"logo\":{\"@type\":\"ImageObject\",\"inLanguage\":\"de\",\"@id\":\"https:\\\/\\\/eurotrail.info\\\/#\\\/schema\\\/logo\\\/image\\\/\",\"url\":\"https:\\\/\\\/eurotrail.info\\\/wp\\\/wp-content\\\/uploads\\\/2023\\\/07\\\/ET-logo-quote_NL-scaled.jpg\",\"contentUrl\":\"https:\\\/\\\/eurotrail.info\\\/wp\\\/wp-content\\\/uploads\\\/2023\\\/07\\\/ET-logo-quote_NL-scaled.jpg\",\"width\":2560,\"height\":675,\"caption\":\"Eurotrail\"},\"image\":{\"@id\":\"https:\\\/\\\/eurotrail.info\\\/#\\\/schema\\\/logo\\\/image\\\/\"}}]}<\/script>\n<!-- \/ Yoast SEO plugin. -->","yoast_head_json":{"title":"Glossy Wiederaufladbare Tischlampe - solar - Eurotrail","description":"Wiederaufladbare Tischlampe mit Silikon-Gripf. Wiederaufladbar \u00fcber USB-Kabel oder Solarpanel, Ber\u00fchrungsschalter oben.","robots":{"index":"index","follow":"follow","max-snippet":"max-snippet:-1","max-image-preview":"max-image-preview:large","max-video-preview":"max-video-preview:-1"},"canonical":"https:\/\/eurotrail.info\/de\/producten\/campingleuchten\/glossy-wiederaufladbare-tischlampe-solar\/","og_locale":"de_DE","og_type":"article","og_title":"Glossy Wiederaufladbare Tischlampe - solar - Eurotrail","og_description":"Wiederaufladbare Tischlampe mit Silikon-Gripf. Wiederaufladbar \u00fcber USB-Kabel oder Solarpanel, Ber\u00fchrungsschalter oben.","og_url":"https:\/\/eurotrail.info\/de\/producten\/campingleuchten\/glossy-wiederaufladbare-tischlampe-solar\/","og_site_name":"Eurotrail","article_modified_time":"2022-02-22T14:28:03+00:00","og_image":[{"width":1255,"height":2560,"url":"https:\/\/eurotrail.info\/wp\/wp-content\/uploads\/2021\/11\/lamp-rubber-2-scaled.jpg","type":"image\/jpeg"}],"twitter_card":"summary_large_image","schema":{"@context":"https:\/\/schema.org","@graph":[{"@type":"WebPage","@id":"https:\/\/eurotrail.info\/de\/producten\/campingleuchten\/glossy-wiederaufladbare-tischlampe-solar\/","url":"https:\/\/eurotrail.info\/de\/producten\/campingleuchten\/glossy-wiederaufladbare-tischlampe-solar\/","name":"Glossy Wiederaufladbare Tischlampe - solar - Eurotrail","isPartOf":{"@id":"https:\/\/eurotrail.info\/#website"},"primaryImageOfPage":{"@id":"https:\/\/eurotrail.info\/de\/producten\/campingleuchten\/glossy-wiederaufladbare-tischlampe-solar\/#primaryimage"},"image":{"@id":"https:\/\/eurotrail.info\/de\/producten\/campingleuchten\/glossy-wiederaufladbare-tischlampe-solar\/#primaryimage"},"thumbnailUrl":"https:\/\/eurotrail.info\/wp\/wp-content\/uploads\/2021\/11\/lamp-rubber-2-scaled.jpg","datePublished":"2021-11-19T13:34:07+00:00","dateModified":"2022-02-22T14:28:03+00:00","description":"Wiederaufladbare Tischlampe mit Silikon-Gripf. Wiederaufladbar \u00fcber USB-Kabel oder Solarpanel, Ber\u00fchrungsschalter oben.","breadcrumb":{"@id":"https:\/\/eurotrail.info\/de\/producten\/campingleuchten\/glossy-wiederaufladbare-tischlampe-solar\/#breadcrumb"},"inLanguage":"de","potentialAction":[{"@type":"ReadAction","target":["https:\/\/eurotrail.info\/de\/producten\/campingleuchten\/glossy-wiederaufladbare-tischlampe-solar\/"]}]},{"@type":"ImageObject","inLanguage":"de","@id":"https:\/\/eurotrail.info\/de\/producten\/campingleuchten\/glossy-wiederaufladbare-tischlampe-solar\/#primaryimage","url":"https:\/\/eurotrail.info\/wp\/wp-content\/uploads\/2021\/11\/lamp-rubber-2-scaled.jpg","contentUrl":"https:\/\/eurotrail.info\/wp\/wp-content\/uploads\/2021\/11\/lamp-rubber-2-scaled.jpg","width":1255,"height":2560,"caption":"Oplaadbare tafel lamp voorzien van opvallende draagband"},{"@type":"BreadcrumbList","@id":"https:\/\/eurotrail.info\/de\/producten\/campingleuchten\/glossy-wiederaufladbare-tischlampe-solar\/#breadcrumb","itemListElement":[{"@type":"ListItem","position":1,"name":"Home","item":"https:\/\/eurotrail.info\/de\/"},{"@type":"ListItem","position":2,"name":"Produkte","item":"https:\/\/eurotrail.info\/de\/produkte\/"},{"@type":"ListItem","position":3,"name":"Glossy Wiederaufladbare Tischlampe &#8211; solar"}]},{"@type":"WebSite","@id":"https:\/\/eurotrail.info\/#website","url":"https:\/\/eurotrail.info\/","name":"Eurotrail","description":"","publisher":{"@id":"https:\/\/eurotrail.info\/#organization"},"potentialAction":[{"@type":"SearchAction","target":{"@type":"EntryPoint","urlTemplate":"https:\/\/eurotrail.info\/?s={search_term_string}"},"query-input":{"@type":"PropertyValueSpecification","valueRequired":true,"valueName":"search_term_string"}}],"inLanguage":"de"},{"@type":"Organization","@id":"https:\/\/eurotrail.info\/#organization","name":"Eurotrail","url":"https:\/\/eurotrail.info\/","logo":{"@type":"ImageObject","inLanguage":"de","@id":"https:\/\/eurotrail.info\/#\/schema\/logo\/image\/","url":"https:\/\/eurotrail.info\/wp\/wp-content\/uploads\/2023\/07\/ET-logo-quote_NL-scaled.jpg","contentUrl":"https:\/\/eurotrail.info\/wp\/wp-content\/uploads\/2023\/07\/ET-logo-quote_NL-scaled.jpg","width":2560,"height":675,"caption":"Eurotrail"},"image":{"@id":"https:\/\/eurotrail.info\/#\/schema\/logo\/image\/"}}]}},"_links":{"self":[{"href":"https:\/\/eurotrail.info\/de\/wp-json\/wp\/v2\/product\/13280","targetHints":{"allow":["GET"]}}],"collection":[{"href":"https:\/\/eurotrail.info\/de\/wp-json\/wp\/v2\/product"}],"about":[{"href":"https:\/\/eurotrail.info\/de\/wp-json\/wp\/v2\/types\/product"}],"replies":[{"embeddable":true,"href":"https:\/\/eurotrail.info\/de\/wp-json\/wp\/v2\/comments?post=13280"}],"wp:featuredmedia":[{"embeddable":true,"href":"https:\/\/eurotrail.info\/de\/wp-json\/wp\/v2\/media\/13257"}],"wp:attachment":[{"href":"https:\/\/eurotrail.info\/de\/wp-json\/wp\/v2\/media?parent=13280"}],"wp:term":[{"taxonomy":"product_brand","embeddable":true,"href":"https:\/\/eurotrail.info\/de\/wp-json\/wp\/v2\/product_brand?post=13280"},{"taxonomy":"product_cat","embeddable":true,"href":"https:\/\/eurotrail.info\/de\/wp-json\/wp\/v2\/product_cat?post=13280"},{"taxonomy":"product_tag","embeddable":true,"href":"https:\/\/eurotrail.info\/de\/wp-json\/wp\/v2\/product_tag?post=13280"}],"curies":[{"name":"wp","href":"https:\/\/api.w.org\/{rel}","templated":true}]}}