{"id":13286,"date":"2021-11-19T14:10:31","date_gmt":"2021-11-19T13:10:31","guid":{"rendered":"https:\/\/eurotrail.info\/producten\/storm-wiederaufladbare-led-tischlampe\/"},"modified":"2022-02-22T15:45:24","modified_gmt":"2022-02-22T14:45:24","slug":"storm-wiederaufladbare-led-tischlampe","status":"publish","type":"product","link":"https:\/\/eurotrail.info\/de\/producten\/garten\/garten-terrassenbeleuchtung\/storm-wiederaufladbare-led-tischlampe\/","title":{"rendered":"STORM Wiederaufladbare LED Tischlampe"},"content":{"rendered":"<p>Original Modell Tischlampe mit warmem Licht mit Dimmer. Mit dem Dimmer k\u00f6nnen Sie das Licht auf die gew\u00fcnschte Intensit\u00e4t einstellen. Die Leuchte hat einen traditionellen Seiltragegriff und wird durch ein Eisengitter gesch\u00fctzt. Der Bambusfu\u00df verleiht der Leuchte ein luxuri\u00f6ses und exklusives Aussehen. Die Lithium-Akkus sind mit dem USB-Kabel wiederaufladbar und dienen gleichzeitig als Powerbank zum Aufladen Ihres Handys.<\/p>\n<p>Leistung: 6W<br \/>\nUSB-Ausgang\/Eingang: 5V\/1A<br \/>\nLumen: 10-370 Lm<br \/>\nLED: EPISTAR SMD 2835<br \/>\nAkku: 3,7 V\/5200 mAh Lithium-Akkus 2&#215;18650<br \/>\nFeatures: Dimmer, Powerbank-Funktion<br \/>\nLadezeit: 7 Std.<br \/>\nArbeitszeit: 8-75 Std.<br \/>\nMaterial: PP-Kunststoff, Metall, Bambus, Seil<br \/>\nGr\u00f6\u00dfe: \u00d8 24 x 12.5cm<br \/>\nGewicht: 600gr.<br \/>\nIP-Bewertung: IPX4<\/p>\n","protected":false},"excerpt":{"rendered":"<p>Original Modell Tischlampe mit warmem Licht mit Dimmer. Mit dem Dimmer k\u00f6nnen Sie das Licht auf die gew\u00fcnschte Intensit\u00e4t einstellen. Die Leuchte hat einen traditionellen&hellip;<\/p>\n","protected":false},"featured_media":13226,"comment_status":"open","ping_status":"closed","template":"","meta":{"_acf_changed":false},"product_brand":[],"product_cat":[102,304],"product_tag":[],"class_list":{"0":"post-13286","1":"product","2":"type-product","3":"status-publish","4":"has-post-thumbnail","6":"product_cat-campingleuchten","7":"product_cat-garten-terrassenbeleuchtung","9":"first","10":"instock","11":"shipping-taxable","12":"product-type-simple"},"acf":[],"yoast_head":"<!-- This site is optimized with the Yoast SEO plugin v27.3 - https:\/\/yoast.com\/product\/yoast-seo-wordpress\/ -->\n<title>STORM Wiederaufladbare LED Tischlampe - Eurotrail<\/title>\n<meta name=\"description\" content=\"Tischlampe mit warmem Licht und Dimmer. Lichtintensit\u00e4t auf die gew\u00fcnschte Intensit\u00e4t einstellbar. Mit Seilgriff und Eisengitterwerk.\" \/>\n<meta name=\"robots\" content=\"index, follow, max-snippet:-1, max-image-preview:large, max-video-preview:-1\" \/>\n<link rel=\"canonical\" href=\"https:\/\/eurotrail.info\/de\/producten\/garten\/garten-terrassenbeleuchtung\/storm-wiederaufladbare-led-tischlampe\/\" \/>\n<meta property=\"og:locale\" content=\"de_DE\" \/>\n<meta property=\"og:type\" content=\"article\" \/>\n<meta property=\"og:title\" content=\"STORM Wiederaufladbare LED Tischlampe - Eurotrail\" \/>\n<meta property=\"og:description\" content=\"Tischlampe mit warmem Licht und Dimmer. Lichtintensit\u00e4t auf die gew\u00fcnschte Intensit\u00e4t einstellbar. Mit Seilgriff und Eisengitterwerk.\" \/>\n<meta property=\"og:url\" content=\"https:\/\/eurotrail.info\/de\/producten\/garten\/garten-terrassenbeleuchtung\/storm-wiederaufladbare-led-tischlampe\/\" \/>\n<meta property=\"og:site_name\" content=\"Eurotrail\" \/>\n<meta property=\"article:modified_time\" content=\"2022-02-22T14:45:24+00:00\" \/>\n<meta property=\"og:image\" content=\"https:\/\/eurotrail.info\/wp\/wp-content\/uploads\/2021\/11\/storm-1-scaled.jpg\" \/>\n\t<meta property=\"og:image:width\" content=\"1385\" \/>\n\t<meta property=\"og:image:height\" content=\"2560\" \/>\n\t<meta property=\"og:image:type\" content=\"image\/jpeg\" \/>\n<meta name=\"twitter:card\" content=\"summary_large_image\" \/>\n<meta name=\"twitter:label1\" content=\"Gesch\u00e4tzte Lesezeit\" \/>\n\t<meta name=\"twitter:data1\" content=\"1\u00a0Minute\" \/>\n<script type=\"application\/ld+json\" class=\"yoast-schema-graph\">{\"@context\":\"https:\\\/\\\/schema.org\",\"@graph\":[{\"@type\":\"WebPage\",\"@id\":\"https:\\\/\\\/eurotrail.info\\\/de\\\/producten\\\/garten\\\/garten-terrassenbeleuchtung\\\/storm-wiederaufladbare-led-tischlampe\\\/\",\"url\":\"https:\\\/\\\/eurotrail.info\\\/de\\\/producten\\\/garten\\\/garten-terrassenbeleuchtung\\\/storm-wiederaufladbare-led-tischlampe\\\/\",\"name\":\"STORM Wiederaufladbare LED Tischlampe - Eurotrail\",\"isPartOf\":{\"@id\":\"https:\\\/\\\/eurotrail.info\\\/#website\"},\"primaryImageOfPage\":{\"@id\":\"https:\\\/\\\/eurotrail.info\\\/de\\\/producten\\\/garten\\\/garten-terrassenbeleuchtung\\\/storm-wiederaufladbare-led-tischlampe\\\/#primaryimage\"},\"image\":{\"@id\":\"https:\\\/\\\/eurotrail.info\\\/de\\\/producten\\\/garten\\\/garten-terrassenbeleuchtung\\\/storm-wiederaufladbare-led-tischlampe\\\/#primaryimage\"},\"thumbnailUrl\":\"https:\\\/\\\/eurotrail.info\\\/wp\\\/wp-content\\\/uploads\\\/2021\\\/11\\\/storm-1-scaled.jpg\",\"datePublished\":\"2021-11-19T13:10:31+00:00\",\"dateModified\":\"2022-02-22T14:45:24+00:00\",\"description\":\"Tischlampe mit warmem Licht und Dimmer. Lichtintensit\u00e4t auf die gew\u00fcnschte Intensit\u00e4t einstellbar. Mit Seilgriff und Eisengitterwerk.\",\"breadcrumb\":{\"@id\":\"https:\\\/\\\/eurotrail.info\\\/de\\\/producten\\\/garten\\\/garten-terrassenbeleuchtung\\\/storm-wiederaufladbare-led-tischlampe\\\/#breadcrumb\"},\"inLanguage\":\"de\",\"potentialAction\":[{\"@type\":\"ReadAction\",\"target\":[\"https:\\\/\\\/eurotrail.info\\\/de\\\/producten\\\/garten\\\/garten-terrassenbeleuchtung\\\/storm-wiederaufladbare-led-tischlampe\\\/\"]}]},{\"@type\":\"ImageObject\",\"inLanguage\":\"de\",\"@id\":\"https:\\\/\\\/eurotrail.info\\\/de\\\/producten\\\/garten\\\/garten-terrassenbeleuchtung\\\/storm-wiederaufladbare-led-tischlampe\\\/#primaryimage\",\"url\":\"https:\\\/\\\/eurotrail.info\\\/wp\\\/wp-content\\\/uploads\\\/2021\\\/11\\\/storm-1-scaled.jpg\",\"contentUrl\":\"https:\\\/\\\/eurotrail.info\\\/wp\\\/wp-content\\\/uploads\\\/2021\\\/11\\\/storm-1-scaled.jpg\",\"width\":1385,\"height\":2560,\"caption\":\"Origineel model tafellamp met warm licht voorzien van een dimmer\"},{\"@type\":\"BreadcrumbList\",\"@id\":\"https:\\\/\\\/eurotrail.info\\\/de\\\/producten\\\/garten\\\/garten-terrassenbeleuchtung\\\/storm-wiederaufladbare-led-tischlampe\\\/#breadcrumb\",\"itemListElement\":[{\"@type\":\"ListItem\",\"position\":1,\"name\":\"Home\",\"item\":\"https:\\\/\\\/eurotrail.info\\\/de\\\/\"},{\"@type\":\"ListItem\",\"position\":2,\"name\":\"Produkte\",\"item\":\"https:\\\/\\\/eurotrail.info\\\/de\\\/produkte\\\/\"},{\"@type\":\"ListItem\",\"position\":3,\"name\":\"STORM Wiederaufladbare LED Tischlampe\"}]},{\"@type\":\"WebSite\",\"@id\":\"https:\\\/\\\/eurotrail.info\\\/#website\",\"url\":\"https:\\\/\\\/eurotrail.info\\\/\",\"name\":\"Eurotrail\",\"description\":\"\",\"publisher\":{\"@id\":\"https:\\\/\\\/eurotrail.info\\\/#organization\"},\"potentialAction\":[{\"@type\":\"SearchAction\",\"target\":{\"@type\":\"EntryPoint\",\"urlTemplate\":\"https:\\\/\\\/eurotrail.info\\\/?s={search_term_string}\"},\"query-input\":{\"@type\":\"PropertyValueSpecification\",\"valueRequired\":true,\"valueName\":\"search_term_string\"}}],\"inLanguage\":\"de\"},{\"@type\":\"Organization\",\"@id\":\"https:\\\/\\\/eurotrail.info\\\/#organization\",\"name\":\"Eurotrail\",\"url\":\"https:\\\/\\\/eurotrail.info\\\/\",\"logo\":{\"@type\":\"ImageObject\",\"inLanguage\":\"de\",\"@id\":\"https:\\\/\\\/eurotrail.info\\\/#\\\/schema\\\/logo\\\/image\\\/\",\"url\":\"https:\\\/\\\/eurotrail.info\\\/wp\\\/wp-content\\\/uploads\\\/2023\\\/07\\\/ET-logo-quote_NL-scaled.jpg\",\"contentUrl\":\"https:\\\/\\\/eurotrail.info\\\/wp\\\/wp-content\\\/uploads\\\/2023\\\/07\\\/ET-logo-quote_NL-scaled.jpg\",\"width\":2560,\"height\":675,\"caption\":\"Eurotrail\"},\"image\":{\"@id\":\"https:\\\/\\\/eurotrail.info\\\/#\\\/schema\\\/logo\\\/image\\\/\"}}]}<\/script>\n<!-- \/ Yoast SEO plugin. -->","yoast_head_json":{"title":"STORM Wiederaufladbare LED Tischlampe - Eurotrail","description":"Tischlampe mit warmem Licht und Dimmer. Lichtintensit\u00e4t auf die gew\u00fcnschte Intensit\u00e4t einstellbar. Mit Seilgriff und Eisengitterwerk.","robots":{"index":"index","follow":"follow","max-snippet":"max-snippet:-1","max-image-preview":"max-image-preview:large","max-video-preview":"max-video-preview:-1"},"canonical":"https:\/\/eurotrail.info\/de\/producten\/garten\/garten-terrassenbeleuchtung\/storm-wiederaufladbare-led-tischlampe\/","og_locale":"de_DE","og_type":"article","og_title":"STORM Wiederaufladbare LED Tischlampe - Eurotrail","og_description":"Tischlampe mit warmem Licht und Dimmer. Lichtintensit\u00e4t auf die gew\u00fcnschte Intensit\u00e4t einstellbar. Mit Seilgriff und Eisengitterwerk.","og_url":"https:\/\/eurotrail.info\/de\/producten\/garten\/garten-terrassenbeleuchtung\/storm-wiederaufladbare-led-tischlampe\/","og_site_name":"Eurotrail","article_modified_time":"2022-02-22T14:45:24+00:00","og_image":[{"width":1385,"height":2560,"url":"https:\/\/eurotrail.info\/wp\/wp-content\/uploads\/2021\/11\/storm-1-scaled.jpg","type":"image\/jpeg"}],"twitter_card":"summary_large_image","twitter_misc":{"Gesch\u00e4tzte Lesezeit":"1\u00a0Minute"},"schema":{"@context":"https:\/\/schema.org","@graph":[{"@type":"WebPage","@id":"https:\/\/eurotrail.info\/de\/producten\/garten\/garten-terrassenbeleuchtung\/storm-wiederaufladbare-led-tischlampe\/","url":"https:\/\/eurotrail.info\/de\/producten\/garten\/garten-terrassenbeleuchtung\/storm-wiederaufladbare-led-tischlampe\/","name":"STORM Wiederaufladbare LED Tischlampe - Eurotrail","isPartOf":{"@id":"https:\/\/eurotrail.info\/#website"},"primaryImageOfPage":{"@id":"https:\/\/eurotrail.info\/de\/producten\/garten\/garten-terrassenbeleuchtung\/storm-wiederaufladbare-led-tischlampe\/#primaryimage"},"image":{"@id":"https:\/\/eurotrail.info\/de\/producten\/garten\/garten-terrassenbeleuchtung\/storm-wiederaufladbare-led-tischlampe\/#primaryimage"},"thumbnailUrl":"https:\/\/eurotrail.info\/wp\/wp-content\/uploads\/2021\/11\/storm-1-scaled.jpg","datePublished":"2021-11-19T13:10:31+00:00","dateModified":"2022-02-22T14:45:24+00:00","description":"Tischlampe mit warmem Licht und Dimmer. Lichtintensit\u00e4t auf die gew\u00fcnschte Intensit\u00e4t einstellbar. Mit Seilgriff und Eisengitterwerk.","breadcrumb":{"@id":"https:\/\/eurotrail.info\/de\/producten\/garten\/garten-terrassenbeleuchtung\/storm-wiederaufladbare-led-tischlampe\/#breadcrumb"},"inLanguage":"de","potentialAction":[{"@type":"ReadAction","target":["https:\/\/eurotrail.info\/de\/producten\/garten\/garten-terrassenbeleuchtung\/storm-wiederaufladbare-led-tischlampe\/"]}]},{"@type":"ImageObject","inLanguage":"de","@id":"https:\/\/eurotrail.info\/de\/producten\/garten\/garten-terrassenbeleuchtung\/storm-wiederaufladbare-led-tischlampe\/#primaryimage","url":"https:\/\/eurotrail.info\/wp\/wp-content\/uploads\/2021\/11\/storm-1-scaled.jpg","contentUrl":"https:\/\/eurotrail.info\/wp\/wp-content\/uploads\/2021\/11\/storm-1-scaled.jpg","width":1385,"height":2560,"caption":"Origineel model tafellamp met warm licht voorzien van een dimmer"},{"@type":"BreadcrumbList","@id":"https:\/\/eurotrail.info\/de\/producten\/garten\/garten-terrassenbeleuchtung\/storm-wiederaufladbare-led-tischlampe\/#breadcrumb","itemListElement":[{"@type":"ListItem","position":1,"name":"Home","item":"https:\/\/eurotrail.info\/de\/"},{"@type":"ListItem","position":2,"name":"Produkte","item":"https:\/\/eurotrail.info\/de\/produkte\/"},{"@type":"ListItem","position":3,"name":"STORM Wiederaufladbare LED Tischlampe"}]},{"@type":"WebSite","@id":"https:\/\/eurotrail.info\/#website","url":"https:\/\/eurotrail.info\/","name":"Eurotrail","description":"","publisher":{"@id":"https:\/\/eurotrail.info\/#organization"},"potentialAction":[{"@type":"SearchAction","target":{"@type":"EntryPoint","urlTemplate":"https:\/\/eurotrail.info\/?s={search_term_string}"},"query-input":{"@type":"PropertyValueSpecification","valueRequired":true,"valueName":"search_term_string"}}],"inLanguage":"de"},{"@type":"Organization","@id":"https:\/\/eurotrail.info\/#organization","name":"Eurotrail","url":"https:\/\/eurotrail.info\/","logo":{"@type":"ImageObject","inLanguage":"de","@id":"https:\/\/eurotrail.info\/#\/schema\/logo\/image\/","url":"https:\/\/eurotrail.info\/wp\/wp-content\/uploads\/2023\/07\/ET-logo-quote_NL-scaled.jpg","contentUrl":"https:\/\/eurotrail.info\/wp\/wp-content\/uploads\/2023\/07\/ET-logo-quote_NL-scaled.jpg","width":2560,"height":675,"caption":"Eurotrail"},"image":{"@id":"https:\/\/eurotrail.info\/#\/schema\/logo\/image\/"}}]}},"_links":{"self":[{"href":"https:\/\/eurotrail.info\/de\/wp-json\/wp\/v2\/product\/13286","targetHints":{"allow":["GET"]}}],"collection":[{"href":"https:\/\/eurotrail.info\/de\/wp-json\/wp\/v2\/product"}],"about":[{"href":"https:\/\/eurotrail.info\/de\/wp-json\/wp\/v2\/types\/product"}],"replies":[{"embeddable":true,"href":"https:\/\/eurotrail.info\/de\/wp-json\/wp\/v2\/comments?post=13286"}],"wp:featuredmedia":[{"embeddable":true,"href":"https:\/\/eurotrail.info\/de\/wp-json\/wp\/v2\/media\/13226"}],"wp:attachment":[{"href":"https:\/\/eurotrail.info\/de\/wp-json\/wp\/v2\/media?parent=13286"}],"wp:term":[{"taxonomy":"product_brand","embeddable":true,"href":"https:\/\/eurotrail.info\/de\/wp-json\/wp\/v2\/product_brand?post=13286"},{"taxonomy":"product_cat","embeddable":true,"href":"https:\/\/eurotrail.info\/de\/wp-json\/wp\/v2\/product_cat?post=13286"},{"taxonomy":"product_tag","embeddable":true,"href":"https:\/\/eurotrail.info\/de\/wp-json\/wp\/v2\/product_tag?post=13286"}],"curies":[{"name":"wp","href":"https:\/\/api.w.org\/{rel}","templated":true}]}}