{"id":13289,"date":"2021-11-19T14:15:39","date_gmt":"2021-11-19T13:15:39","guid":{"rendered":"https:\/\/eurotrail.info\/producten\/wind-wiederaufladbare-led-lampe-dimmer\/"},"modified":"2022-02-22T15:35:12","modified_gmt":"2022-02-22T14:35:12","slug":"wind-wiederaufladbare-led-lampe-dimmer","status":"publish","type":"product","link":"https:\/\/eurotrail.info\/de\/producten\/garten\/garten-terrassenbeleuchtung\/wind-wiederaufladbare-led-lampe-dimmer\/","title":{"rendered":"WIND Wiederaufladbare LED-Lampe Dimmer"},"content":{"rendered":"<p>Die WIND ist die klassische Leuchte der Vergangenheit, aber in einer modernen Version. Einstellbares wei\u00dfes Licht\/warmes Licht und sogar ein flammendes Stimmungslicht. Mit dem Dimmer lassen sich Lichtintensit\u00e4t und -farbe so einstellen, dass Sie f\u00fcr jeden Moment die richtige Beleuchtung haben. Die Lampe ist mit dem mitgelieferten USB-Kabel wiederaufladbar und verf\u00fcgt \u00fcber eine Powerbank-Funktion, mit der beispielsweise Ihr Handy aufgeladen werden kann.<\/p>\n<p>Leistung: 3.2W<br \/>\nUSB-Ausgang\/Eingang: 5V\/1A<br \/>\nLED: EPISTAR SMD 2835<br \/>\nLumen: 20-250 Lm<br \/>\nAkku: 3,7 V\/5200 mAh Lithium-Akkus 2&#215;18650<br \/>\nFeatures: Dimmer, Powerbank-Funktion<br \/>\nLadezeit: 7 Std.<br \/>\nArbeitszeit: 8-75 Stunden.<br \/>\nMaterial: Kunststoff, Eisen, Glas und Bambus<br \/>\nGr\u00f6\u00dfe: \u00d8 12,5x28cm<br \/>\nGewicht: 600gr.<br \/>\nIP-Einstufung: IPX4<\/p>\n","protected":false},"excerpt":{"rendered":"<p>Die WIND ist die klassische Leuchte der Vergangenheit, aber in einer modernen Version. Einstellbares wei\u00dfes Licht\/warmes Licht und sogar ein flammendes Stimmungslicht. Mit dem Dimmer&hellip;<\/p>\n","protected":false},"featured_media":13190,"comment_status":"open","ping_status":"closed","template":"","meta":{"_acf_changed":false},"product_brand":[],"product_cat":[102,304],"product_tag":[],"class_list":{"0":"post-13289","1":"product","2":"type-product","3":"status-publish","4":"has-post-thumbnail","6":"product_cat-campingleuchten","7":"product_cat-garten-terrassenbeleuchtung","9":"first","10":"instock","11":"shipping-taxable","12":"product-type-simple"},"acf":[],"yoast_head":"<!-- This site is optimized with the Yoast SEO plugin v27.3 - https:\/\/yoast.com\/product\/yoast-seo-wordpress\/ -->\n<title>WIND Wiederaufladbare LED-Lampe Dimmer - Eurotrail<\/title>\n<meta name=\"description\" content=\"Klassische Leuchte der Vergangenheit, aber in einer modernen Version. Einstellbares wei\u00dfes Licht\/warmes Licht und flammendes Stimmungslicht.\" \/>\n<meta name=\"robots\" content=\"index, follow, max-snippet:-1, max-image-preview:large, max-video-preview:-1\" \/>\n<link rel=\"canonical\" href=\"https:\/\/eurotrail.info\/de\/producten\/garten\/garten-terrassenbeleuchtung\/wind-wiederaufladbare-led-lampe-dimmer\/\" \/>\n<meta property=\"og:locale\" content=\"de_DE\" \/>\n<meta property=\"og:type\" content=\"article\" \/>\n<meta property=\"og:title\" content=\"WIND Wiederaufladbare LED-Lampe Dimmer - Eurotrail\" \/>\n<meta property=\"og:description\" content=\"Klassische Leuchte der Vergangenheit, aber in einer modernen Version. Einstellbares wei\u00dfes Licht\/warmes Licht und flammendes Stimmungslicht.\" \/>\n<meta property=\"og:url\" content=\"https:\/\/eurotrail.info\/de\/producten\/garten\/garten-terrassenbeleuchtung\/wind-wiederaufladbare-led-lampe-dimmer\/\" \/>\n<meta property=\"og:site_name\" content=\"Eurotrail\" \/>\n<meta property=\"article:modified_time\" content=\"2022-02-22T14:35:12+00:00\" \/>\n<meta property=\"og:image\" content=\"https:\/\/eurotrail.info\/wp\/wp-content\/uploads\/2021\/11\/Wind-2-scaled.jpg\" \/>\n\t<meta property=\"og:image:width\" content=\"1178\" \/>\n\t<meta property=\"og:image:height\" content=\"2560\" \/>\n\t<meta property=\"og:image:type\" content=\"image\/jpeg\" \/>\n<meta name=\"twitter:card\" content=\"summary_large_image\" \/>\n<meta name=\"twitter:label1\" content=\"Gesch\u00e4tzte Lesezeit\" \/>\n\t<meta name=\"twitter:data1\" content=\"1\u00a0Minute\" \/>\n<script type=\"application\/ld+json\" class=\"yoast-schema-graph\">{\"@context\":\"https:\\\/\\\/schema.org\",\"@graph\":[{\"@type\":\"WebPage\",\"@id\":\"https:\\\/\\\/eurotrail.info\\\/de\\\/producten\\\/garten\\\/garten-terrassenbeleuchtung\\\/wind-wiederaufladbare-led-lampe-dimmer\\\/\",\"url\":\"https:\\\/\\\/eurotrail.info\\\/de\\\/producten\\\/garten\\\/garten-terrassenbeleuchtung\\\/wind-wiederaufladbare-led-lampe-dimmer\\\/\",\"name\":\"WIND Wiederaufladbare LED-Lampe Dimmer - Eurotrail\",\"isPartOf\":{\"@id\":\"https:\\\/\\\/eurotrail.info\\\/#website\"},\"primaryImageOfPage\":{\"@id\":\"https:\\\/\\\/eurotrail.info\\\/de\\\/producten\\\/garten\\\/garten-terrassenbeleuchtung\\\/wind-wiederaufladbare-led-lampe-dimmer\\\/#primaryimage\"},\"image\":{\"@id\":\"https:\\\/\\\/eurotrail.info\\\/de\\\/producten\\\/garten\\\/garten-terrassenbeleuchtung\\\/wind-wiederaufladbare-led-lampe-dimmer\\\/#primaryimage\"},\"thumbnailUrl\":\"https:\\\/\\\/eurotrail.info\\\/wp\\\/wp-content\\\/uploads\\\/2021\\\/11\\\/Wind-2-scaled.jpg\",\"datePublished\":\"2021-11-19T13:15:39+00:00\",\"dateModified\":\"2022-02-22T14:35:12+00:00\",\"description\":\"Klassische Leuchte der Vergangenheit, aber in einer modernen Version. Einstellbares wei\u00dfes Licht\\\/warmes Licht und flammendes Stimmungslicht.\",\"breadcrumb\":{\"@id\":\"https:\\\/\\\/eurotrail.info\\\/de\\\/producten\\\/garten\\\/garten-terrassenbeleuchtung\\\/wind-wiederaufladbare-led-lampe-dimmer\\\/#breadcrumb\"},\"inLanguage\":\"de\",\"potentialAction\":[{\"@type\":\"ReadAction\",\"target\":[\"https:\\\/\\\/eurotrail.info\\\/de\\\/producten\\\/garten\\\/garten-terrassenbeleuchtung\\\/wind-wiederaufladbare-led-lampe-dimmer\\\/\"]}]},{\"@type\":\"ImageObject\",\"inLanguage\":\"de\",\"@id\":\"https:\\\/\\\/eurotrail.info\\\/de\\\/producten\\\/garten\\\/garten-terrassenbeleuchtung\\\/wind-wiederaufladbare-led-lampe-dimmer\\\/#primaryimage\",\"url\":\"https:\\\/\\\/eurotrail.info\\\/wp\\\/wp-content\\\/uploads\\\/2021\\\/11\\\/Wind-2-scaled.jpg\",\"contentUrl\":\"https:\\\/\\\/eurotrail.info\\\/wp\\\/wp-content\\\/uploads\\\/2021\\\/11\\\/Wind-2-scaled.jpg\",\"width\":1178,\"height\":2560,\"caption\":\"Origineel model tafellamp met warm licht voorzien van een dimmer\"},{\"@type\":\"BreadcrumbList\",\"@id\":\"https:\\\/\\\/eurotrail.info\\\/de\\\/producten\\\/garten\\\/garten-terrassenbeleuchtung\\\/wind-wiederaufladbare-led-lampe-dimmer\\\/#breadcrumb\",\"itemListElement\":[{\"@type\":\"ListItem\",\"position\":1,\"name\":\"Home\",\"item\":\"https:\\\/\\\/eurotrail.info\\\/de\\\/\"},{\"@type\":\"ListItem\",\"position\":2,\"name\":\"Produkte\",\"item\":\"https:\\\/\\\/eurotrail.info\\\/de\\\/produkte\\\/\"},{\"@type\":\"ListItem\",\"position\":3,\"name\":\"WIND Wiederaufladbare LED-Lampe Dimmer\"}]},{\"@type\":\"WebSite\",\"@id\":\"https:\\\/\\\/eurotrail.info\\\/#website\",\"url\":\"https:\\\/\\\/eurotrail.info\\\/\",\"name\":\"Eurotrail\",\"description\":\"\",\"publisher\":{\"@id\":\"https:\\\/\\\/eurotrail.info\\\/#organization\"},\"potentialAction\":[{\"@type\":\"SearchAction\",\"target\":{\"@type\":\"EntryPoint\",\"urlTemplate\":\"https:\\\/\\\/eurotrail.info\\\/?s={search_term_string}\"},\"query-input\":{\"@type\":\"PropertyValueSpecification\",\"valueRequired\":true,\"valueName\":\"search_term_string\"}}],\"inLanguage\":\"de\"},{\"@type\":\"Organization\",\"@id\":\"https:\\\/\\\/eurotrail.info\\\/#organization\",\"name\":\"Eurotrail\",\"url\":\"https:\\\/\\\/eurotrail.info\\\/\",\"logo\":{\"@type\":\"ImageObject\",\"inLanguage\":\"de\",\"@id\":\"https:\\\/\\\/eurotrail.info\\\/#\\\/schema\\\/logo\\\/image\\\/\",\"url\":\"https:\\\/\\\/eurotrail.info\\\/wp\\\/wp-content\\\/uploads\\\/2023\\\/07\\\/ET-logo-quote_NL-scaled.jpg\",\"contentUrl\":\"https:\\\/\\\/eurotrail.info\\\/wp\\\/wp-content\\\/uploads\\\/2023\\\/07\\\/ET-logo-quote_NL-scaled.jpg\",\"width\":2560,\"height\":675,\"caption\":\"Eurotrail\"},\"image\":{\"@id\":\"https:\\\/\\\/eurotrail.info\\\/#\\\/schema\\\/logo\\\/image\\\/\"}}]}<\/script>\n<!-- \/ Yoast SEO plugin. -->","yoast_head_json":{"title":"WIND Wiederaufladbare LED-Lampe Dimmer - Eurotrail","description":"Klassische Leuchte der Vergangenheit, aber in einer modernen Version. Einstellbares wei\u00dfes Licht\/warmes Licht und flammendes Stimmungslicht.","robots":{"index":"index","follow":"follow","max-snippet":"max-snippet:-1","max-image-preview":"max-image-preview:large","max-video-preview":"max-video-preview:-1"},"canonical":"https:\/\/eurotrail.info\/de\/producten\/garten\/garten-terrassenbeleuchtung\/wind-wiederaufladbare-led-lampe-dimmer\/","og_locale":"de_DE","og_type":"article","og_title":"WIND Wiederaufladbare LED-Lampe Dimmer - Eurotrail","og_description":"Klassische Leuchte der Vergangenheit, aber in einer modernen Version. Einstellbares wei\u00dfes Licht\/warmes Licht und flammendes Stimmungslicht.","og_url":"https:\/\/eurotrail.info\/de\/producten\/garten\/garten-terrassenbeleuchtung\/wind-wiederaufladbare-led-lampe-dimmer\/","og_site_name":"Eurotrail","article_modified_time":"2022-02-22T14:35:12+00:00","og_image":[{"width":1178,"height":2560,"url":"https:\/\/eurotrail.info\/wp\/wp-content\/uploads\/2021\/11\/Wind-2-scaled.jpg","type":"image\/jpeg"}],"twitter_card":"summary_large_image","twitter_misc":{"Gesch\u00e4tzte Lesezeit":"1\u00a0Minute"},"schema":{"@context":"https:\/\/schema.org","@graph":[{"@type":"WebPage","@id":"https:\/\/eurotrail.info\/de\/producten\/garten\/garten-terrassenbeleuchtung\/wind-wiederaufladbare-led-lampe-dimmer\/","url":"https:\/\/eurotrail.info\/de\/producten\/garten\/garten-terrassenbeleuchtung\/wind-wiederaufladbare-led-lampe-dimmer\/","name":"WIND Wiederaufladbare LED-Lampe Dimmer - Eurotrail","isPartOf":{"@id":"https:\/\/eurotrail.info\/#website"},"primaryImageOfPage":{"@id":"https:\/\/eurotrail.info\/de\/producten\/garten\/garten-terrassenbeleuchtung\/wind-wiederaufladbare-led-lampe-dimmer\/#primaryimage"},"image":{"@id":"https:\/\/eurotrail.info\/de\/producten\/garten\/garten-terrassenbeleuchtung\/wind-wiederaufladbare-led-lampe-dimmer\/#primaryimage"},"thumbnailUrl":"https:\/\/eurotrail.info\/wp\/wp-content\/uploads\/2021\/11\/Wind-2-scaled.jpg","datePublished":"2021-11-19T13:15:39+00:00","dateModified":"2022-02-22T14:35:12+00:00","description":"Klassische Leuchte der Vergangenheit, aber in einer modernen Version. Einstellbares wei\u00dfes Licht\/warmes Licht und flammendes Stimmungslicht.","breadcrumb":{"@id":"https:\/\/eurotrail.info\/de\/producten\/garten\/garten-terrassenbeleuchtung\/wind-wiederaufladbare-led-lampe-dimmer\/#breadcrumb"},"inLanguage":"de","potentialAction":[{"@type":"ReadAction","target":["https:\/\/eurotrail.info\/de\/producten\/garten\/garten-terrassenbeleuchtung\/wind-wiederaufladbare-led-lampe-dimmer\/"]}]},{"@type":"ImageObject","inLanguage":"de","@id":"https:\/\/eurotrail.info\/de\/producten\/garten\/garten-terrassenbeleuchtung\/wind-wiederaufladbare-led-lampe-dimmer\/#primaryimage","url":"https:\/\/eurotrail.info\/wp\/wp-content\/uploads\/2021\/11\/Wind-2-scaled.jpg","contentUrl":"https:\/\/eurotrail.info\/wp\/wp-content\/uploads\/2021\/11\/Wind-2-scaled.jpg","width":1178,"height":2560,"caption":"Origineel model tafellamp met warm licht voorzien van een dimmer"},{"@type":"BreadcrumbList","@id":"https:\/\/eurotrail.info\/de\/producten\/garten\/garten-terrassenbeleuchtung\/wind-wiederaufladbare-led-lampe-dimmer\/#breadcrumb","itemListElement":[{"@type":"ListItem","position":1,"name":"Home","item":"https:\/\/eurotrail.info\/de\/"},{"@type":"ListItem","position":2,"name":"Produkte","item":"https:\/\/eurotrail.info\/de\/produkte\/"},{"@type":"ListItem","position":3,"name":"WIND Wiederaufladbare LED-Lampe Dimmer"}]},{"@type":"WebSite","@id":"https:\/\/eurotrail.info\/#website","url":"https:\/\/eurotrail.info\/","name":"Eurotrail","description":"","publisher":{"@id":"https:\/\/eurotrail.info\/#organization"},"potentialAction":[{"@type":"SearchAction","target":{"@type":"EntryPoint","urlTemplate":"https:\/\/eurotrail.info\/?s={search_term_string}"},"query-input":{"@type":"PropertyValueSpecification","valueRequired":true,"valueName":"search_term_string"}}],"inLanguage":"de"},{"@type":"Organization","@id":"https:\/\/eurotrail.info\/#organization","name":"Eurotrail","url":"https:\/\/eurotrail.info\/","logo":{"@type":"ImageObject","inLanguage":"de","@id":"https:\/\/eurotrail.info\/#\/schema\/logo\/image\/","url":"https:\/\/eurotrail.info\/wp\/wp-content\/uploads\/2023\/07\/ET-logo-quote_NL-scaled.jpg","contentUrl":"https:\/\/eurotrail.info\/wp\/wp-content\/uploads\/2023\/07\/ET-logo-quote_NL-scaled.jpg","width":2560,"height":675,"caption":"Eurotrail"},"image":{"@id":"https:\/\/eurotrail.info\/#\/schema\/logo\/image\/"}}]}},"_links":{"self":[{"href":"https:\/\/eurotrail.info\/de\/wp-json\/wp\/v2\/product\/13289","targetHints":{"allow":["GET"]}}],"collection":[{"href":"https:\/\/eurotrail.info\/de\/wp-json\/wp\/v2\/product"}],"about":[{"href":"https:\/\/eurotrail.info\/de\/wp-json\/wp\/v2\/types\/product"}],"replies":[{"embeddable":true,"href":"https:\/\/eurotrail.info\/de\/wp-json\/wp\/v2\/comments?post=13289"}],"wp:featuredmedia":[{"embeddable":true,"href":"https:\/\/eurotrail.info\/de\/wp-json\/wp\/v2\/media\/13190"}],"wp:attachment":[{"href":"https:\/\/eurotrail.info\/de\/wp-json\/wp\/v2\/media?parent=13289"}],"wp:term":[{"taxonomy":"product_brand","embeddable":true,"href":"https:\/\/eurotrail.info\/de\/wp-json\/wp\/v2\/product_brand?post=13289"},{"taxonomy":"product_cat","embeddable":true,"href":"https:\/\/eurotrail.info\/de\/wp-json\/wp\/v2\/product_cat?post=13289"},{"taxonomy":"product_tag","embeddable":true,"href":"https:\/\/eurotrail.info\/de\/wp-json\/wp\/v2\/product_tag?post=13289"}],"curies":[{"name":"wp","href":"https:\/\/api.w.org\/{rel}","templated":true}]}}