{"id":13368,"date":"2021-11-01T16:58:23","date_gmt":"2021-11-01T15:58:23","guid":{"rendered":"https:\/\/eurotrail.info\/producten\/nova-atina-relax-stuhl\/"},"modified":"2022-02-22T16:29:40","modified_gmt":"2022-02-22T15:29:40","slug":"nova-atina-relax-stuhl","status":"publish","type":"product","link":"https:\/\/eurotrail.info\/de\/producten\/campingmoebel\/campingstuhlen-relaxstuhlen-eurotrail\/nova-atina-relax-stuhl\/","title":{"rendered":"Nova Atina Relax Stuhl"},"content":{"rendered":"<p>Die Nova-Serie ist eine neue Kollektion komfortabler High-End-St\u00fchle von Eurotrail, hergestellt aus dem neuen Nova Cantonic 600D Polyester. Dies ist ein speziell behandeltes Polyestergewebe mit einer h\u00f6heren Festigkeit, ist dehnbarer und hat einen weichen, baumwoll\u00e4hnlichen \u201eTouch\u201c. Der graumelierte Stoff ist viel widerstandsf\u00e4higer gegen UV-Strahlung und beh\u00e4lt so seine Farbe und seine technischen Eigenschaften besser.<\/p>\n<p>Der Nova Relax Stuhl hat eine reich gepolsterte Sitzfl\u00e4che, die das Sitzen sehr angenehm macht.<\/p>\n<p>Die hohe R\u00fcckwand ist stufenlos verstellbar und arretierbar f\u00fcr einen angenehmen Sitzkomfort. Einfach zur\u00fccklehnen und die Liege hebt das Beinteil an. Die R\u00fcckwand kann in jeder gew\u00fcnschten Position arretiert werden, wodurch ein bequemer Relaxsessel entsteht. Die gepolsterte Sitzfl\u00e4che besteht aus Nova Cantonic 600 Material und wird mit speziellen Rahmenclips und einem Gummiband am R\u00fccken befestigt. Dadurch kann der Sitz vom Stuhl abgenommen werden, sodass Sie ihn bei Bedarf leicht reinigen k\u00f6nnen. Die mitgelieferte Kopfst\u00fctze ist h\u00f6henverstellbar und kann in jede gew\u00fcnschte Position gebracht werden und kann auch als Lordosenst\u00fctze verwendet werden. Der Relaxsessel mit dem neuen Nova Cantonic Stoff hat eine sehr luxuri\u00f6se und bequeme Optik und ist perfekt f\u00fcr den Einsatz im Garten oder sogar auf dem Campingplatz!<\/p>\n<p>Material: 100% Nova Cantonic 600D Polyester.<br \/>\nGestell: Stahl Rundrohr \u00d819mm<br \/>\nGr\u00f6sse: 95x72x120cm<br \/>\nGefaltet: 98x72x12cm<br \/>\nGewicht: 9.9 kg<br \/>\nMax. Belastung: 140 kg<\/p>\n","protected":false},"excerpt":{"rendered":"<p>Die Nova-Serie ist eine neue Kollektion komfortabler High-End-St\u00fchle von Eurotrail, hergestellt aus dem neuen Nova Cantonic 600D Polyester. Dies ist ein speziell behandeltes Polyestergewebe mit&hellip;<\/p>\n","protected":false},"featured_media":13109,"comment_status":"open","ping_status":"closed","template":"","meta":{"_acf_changed":false},"product_brand":[],"product_cat":[82,84],"product_tag":[],"class_list":{"0":"post-13368","1":"product","2":"type-product","3":"status-publish","4":"has-post-thumbnail","6":"product_cat-campingmoebel","7":"product_cat-campingstuhlen-relaxstuhlen-eurotrail","9":"first","10":"instock","11":"shipping-taxable","12":"product-type-simple"},"acf":[],"yoast_head":"<!-- This site is optimized with the Yoast SEO plugin v27.3 - https:\/\/yoast.com\/product\/yoast-seo-wordpress\/ -->\n<title>Nova Atina Relax Stuhl - Eurotrail<\/title>\n<meta name=\"description\" content=\"Die Nova-Serie ist eine neue Kollektion komfortabler High-End-St\u00fchle von Eurotrail, hergestellt aus dem neuen Nova Cantonic 600D Polyester.\" \/>\n<meta name=\"robots\" content=\"index, follow, max-snippet:-1, max-image-preview:large, max-video-preview:-1\" \/>\n<link rel=\"canonical\" href=\"https:\/\/eurotrail.info\/de\/producten\/campingmoebel\/campingstuhlen-relaxstuhlen-eurotrail\/nova-atina-relax-stuhl\/\" \/>\n<meta property=\"og:locale\" content=\"de_DE\" \/>\n<meta property=\"og:type\" content=\"article\" \/>\n<meta property=\"og:title\" content=\"Nova Atina Relax Stuhl - Eurotrail\" \/>\n<meta property=\"og:description\" content=\"Die Nova-Serie ist eine neue Kollektion komfortabler High-End-St\u00fchle von Eurotrail, hergestellt aus dem neuen Nova Cantonic 600D Polyester.\" \/>\n<meta property=\"og:url\" content=\"https:\/\/eurotrail.info\/de\/producten\/campingmoebel\/campingstuhlen-relaxstuhlen-eurotrail\/nova-atina-relax-stuhl\/\" \/>\n<meta property=\"og:site_name\" content=\"Eurotrail\" \/>\n<meta property=\"article:modified_time\" content=\"2022-02-22T15:29:40+00:00\" \/>\n<meta property=\"og:image\" content=\"https:\/\/eurotrail.info\/wp\/wp-content\/uploads\/2021\/11\/nova-relax-2kopie-scaled.jpg\" \/>\n\t<meta property=\"og:image:width\" content=\"1785\" \/>\n\t<meta property=\"og:image:height\" content=\"2560\" \/>\n\t<meta property=\"og:image:type\" content=\"image\/jpeg\" \/>\n<meta name=\"twitter:card\" content=\"summary_large_image\" \/>\n<meta name=\"twitter:label1\" content=\"Gesch\u00e4tzte Lesezeit\" \/>\n\t<meta name=\"twitter:data1\" content=\"1\u00a0Minute\" \/>\n<script type=\"application\/ld+json\" class=\"yoast-schema-graph\">{\"@context\":\"https:\\\/\\\/schema.org\",\"@graph\":[{\"@type\":\"WebPage\",\"@id\":\"https:\\\/\\\/eurotrail.info\\\/de\\\/producten\\\/campingmoebel\\\/campingstuhlen-relaxstuhlen-eurotrail\\\/nova-atina-relax-stuhl\\\/\",\"url\":\"https:\\\/\\\/eurotrail.info\\\/de\\\/producten\\\/campingmoebel\\\/campingstuhlen-relaxstuhlen-eurotrail\\\/nova-atina-relax-stuhl\\\/\",\"name\":\"Nova Atina Relax Stuhl - Eurotrail\",\"isPartOf\":{\"@id\":\"https:\\\/\\\/eurotrail.info\\\/#website\"},\"primaryImageOfPage\":{\"@id\":\"https:\\\/\\\/eurotrail.info\\\/de\\\/producten\\\/campingmoebel\\\/campingstuhlen-relaxstuhlen-eurotrail\\\/nova-atina-relax-stuhl\\\/#primaryimage\"},\"image\":{\"@id\":\"https:\\\/\\\/eurotrail.info\\\/de\\\/producten\\\/campingmoebel\\\/campingstuhlen-relaxstuhlen-eurotrail\\\/nova-atina-relax-stuhl\\\/#primaryimage\"},\"thumbnailUrl\":\"https:\\\/\\\/eurotrail.info\\\/wp\\\/wp-content\\\/uploads\\\/2021\\\/11\\\/nova-relax-2kopie-scaled.jpg\",\"datePublished\":\"2021-11-01T15:58:23+00:00\",\"dateModified\":\"2022-02-22T15:29:40+00:00\",\"description\":\"Die Nova-Serie ist eine neue Kollektion komfortabler High-End-St\u00fchle von Eurotrail, hergestellt aus dem neuen Nova Cantonic 600D Polyester.\",\"breadcrumb\":{\"@id\":\"https:\\\/\\\/eurotrail.info\\\/de\\\/producten\\\/campingmoebel\\\/campingstuhlen-relaxstuhlen-eurotrail\\\/nova-atina-relax-stuhl\\\/#breadcrumb\"},\"inLanguage\":\"de\",\"potentialAction\":[{\"@type\":\"ReadAction\",\"target\":[\"https:\\\/\\\/eurotrail.info\\\/de\\\/producten\\\/campingmoebel\\\/campingstuhlen-relaxstuhlen-eurotrail\\\/nova-atina-relax-stuhl\\\/\"]}]},{\"@type\":\"ImageObject\",\"inLanguage\":\"de\",\"@id\":\"https:\\\/\\\/eurotrail.info\\\/de\\\/producten\\\/campingmoebel\\\/campingstuhlen-relaxstuhlen-eurotrail\\\/nova-atina-relax-stuhl\\\/#primaryimage\",\"url\":\"https:\\\/\\\/eurotrail.info\\\/wp\\\/wp-content\\\/uploads\\\/2021\\\/11\\\/nova-relax-2kopie-scaled.jpg\",\"contentUrl\":\"https:\\\/\\\/eurotrail.info\\\/wp\\\/wp-content\\\/uploads\\\/2021\\\/11\\\/nova-relax-2kopie-scaled.jpg\",\"width\":1785,\"height\":2560,\"caption\":\"vervaardigd met het nieuwe Nova Cantonic 600D Polyester.\"},{\"@type\":\"BreadcrumbList\",\"@id\":\"https:\\\/\\\/eurotrail.info\\\/de\\\/producten\\\/campingmoebel\\\/campingstuhlen-relaxstuhlen-eurotrail\\\/nova-atina-relax-stuhl\\\/#breadcrumb\",\"itemListElement\":[{\"@type\":\"ListItem\",\"position\":1,\"name\":\"Home\",\"item\":\"https:\\\/\\\/eurotrail.info\\\/de\\\/\"},{\"@type\":\"ListItem\",\"position\":2,\"name\":\"Produkte\",\"item\":\"https:\\\/\\\/eurotrail.info\\\/de\\\/produkte\\\/\"},{\"@type\":\"ListItem\",\"position\":3,\"name\":\"Nova Atina Relax Stuhl\"}]},{\"@type\":\"WebSite\",\"@id\":\"https:\\\/\\\/eurotrail.info\\\/#website\",\"url\":\"https:\\\/\\\/eurotrail.info\\\/\",\"name\":\"Eurotrail\",\"description\":\"\",\"publisher\":{\"@id\":\"https:\\\/\\\/eurotrail.info\\\/#organization\"},\"potentialAction\":[{\"@type\":\"SearchAction\",\"target\":{\"@type\":\"EntryPoint\",\"urlTemplate\":\"https:\\\/\\\/eurotrail.info\\\/?s={search_term_string}\"},\"query-input\":{\"@type\":\"PropertyValueSpecification\",\"valueRequired\":true,\"valueName\":\"search_term_string\"}}],\"inLanguage\":\"de\"},{\"@type\":\"Organization\",\"@id\":\"https:\\\/\\\/eurotrail.info\\\/#organization\",\"name\":\"Eurotrail\",\"url\":\"https:\\\/\\\/eurotrail.info\\\/\",\"logo\":{\"@type\":\"ImageObject\",\"inLanguage\":\"de\",\"@id\":\"https:\\\/\\\/eurotrail.info\\\/#\\\/schema\\\/logo\\\/image\\\/\",\"url\":\"https:\\\/\\\/eurotrail.info\\\/wp\\\/wp-content\\\/uploads\\\/2023\\\/07\\\/ET-logo-quote_NL-scaled.jpg\",\"contentUrl\":\"https:\\\/\\\/eurotrail.info\\\/wp\\\/wp-content\\\/uploads\\\/2023\\\/07\\\/ET-logo-quote_NL-scaled.jpg\",\"width\":2560,\"height\":675,\"caption\":\"Eurotrail\"},\"image\":{\"@id\":\"https:\\\/\\\/eurotrail.info\\\/#\\\/schema\\\/logo\\\/image\\\/\"}}]}<\/script>\n<!-- \/ Yoast SEO plugin. -->","yoast_head_json":{"title":"Nova Atina Relax Stuhl - Eurotrail","description":"Die Nova-Serie ist eine neue Kollektion komfortabler High-End-St\u00fchle von Eurotrail, hergestellt aus dem neuen Nova Cantonic 600D Polyester.","robots":{"index":"index","follow":"follow","max-snippet":"max-snippet:-1","max-image-preview":"max-image-preview:large","max-video-preview":"max-video-preview:-1"},"canonical":"https:\/\/eurotrail.info\/de\/producten\/campingmoebel\/campingstuhlen-relaxstuhlen-eurotrail\/nova-atina-relax-stuhl\/","og_locale":"de_DE","og_type":"article","og_title":"Nova Atina Relax Stuhl - Eurotrail","og_description":"Die Nova-Serie ist eine neue Kollektion komfortabler High-End-St\u00fchle von Eurotrail, hergestellt aus dem neuen Nova Cantonic 600D Polyester.","og_url":"https:\/\/eurotrail.info\/de\/producten\/campingmoebel\/campingstuhlen-relaxstuhlen-eurotrail\/nova-atina-relax-stuhl\/","og_site_name":"Eurotrail","article_modified_time":"2022-02-22T15:29:40+00:00","og_image":[{"width":1785,"height":2560,"url":"https:\/\/eurotrail.info\/wp\/wp-content\/uploads\/2021\/11\/nova-relax-2kopie-scaled.jpg","type":"image\/jpeg"}],"twitter_card":"summary_large_image","twitter_misc":{"Gesch\u00e4tzte Lesezeit":"1\u00a0Minute"},"schema":{"@context":"https:\/\/schema.org","@graph":[{"@type":"WebPage","@id":"https:\/\/eurotrail.info\/de\/producten\/campingmoebel\/campingstuhlen-relaxstuhlen-eurotrail\/nova-atina-relax-stuhl\/","url":"https:\/\/eurotrail.info\/de\/producten\/campingmoebel\/campingstuhlen-relaxstuhlen-eurotrail\/nova-atina-relax-stuhl\/","name":"Nova Atina Relax Stuhl - Eurotrail","isPartOf":{"@id":"https:\/\/eurotrail.info\/#website"},"primaryImageOfPage":{"@id":"https:\/\/eurotrail.info\/de\/producten\/campingmoebel\/campingstuhlen-relaxstuhlen-eurotrail\/nova-atina-relax-stuhl\/#primaryimage"},"image":{"@id":"https:\/\/eurotrail.info\/de\/producten\/campingmoebel\/campingstuhlen-relaxstuhlen-eurotrail\/nova-atina-relax-stuhl\/#primaryimage"},"thumbnailUrl":"https:\/\/eurotrail.info\/wp\/wp-content\/uploads\/2021\/11\/nova-relax-2kopie-scaled.jpg","datePublished":"2021-11-01T15:58:23+00:00","dateModified":"2022-02-22T15:29:40+00:00","description":"Die Nova-Serie ist eine neue Kollektion komfortabler High-End-St\u00fchle von Eurotrail, hergestellt aus dem neuen Nova Cantonic 600D Polyester.","breadcrumb":{"@id":"https:\/\/eurotrail.info\/de\/producten\/campingmoebel\/campingstuhlen-relaxstuhlen-eurotrail\/nova-atina-relax-stuhl\/#breadcrumb"},"inLanguage":"de","potentialAction":[{"@type":"ReadAction","target":["https:\/\/eurotrail.info\/de\/producten\/campingmoebel\/campingstuhlen-relaxstuhlen-eurotrail\/nova-atina-relax-stuhl\/"]}]},{"@type":"ImageObject","inLanguage":"de","@id":"https:\/\/eurotrail.info\/de\/producten\/campingmoebel\/campingstuhlen-relaxstuhlen-eurotrail\/nova-atina-relax-stuhl\/#primaryimage","url":"https:\/\/eurotrail.info\/wp\/wp-content\/uploads\/2021\/11\/nova-relax-2kopie-scaled.jpg","contentUrl":"https:\/\/eurotrail.info\/wp\/wp-content\/uploads\/2021\/11\/nova-relax-2kopie-scaled.jpg","width":1785,"height":2560,"caption":"vervaardigd met het nieuwe Nova Cantonic 600D Polyester."},{"@type":"BreadcrumbList","@id":"https:\/\/eurotrail.info\/de\/producten\/campingmoebel\/campingstuhlen-relaxstuhlen-eurotrail\/nova-atina-relax-stuhl\/#breadcrumb","itemListElement":[{"@type":"ListItem","position":1,"name":"Home","item":"https:\/\/eurotrail.info\/de\/"},{"@type":"ListItem","position":2,"name":"Produkte","item":"https:\/\/eurotrail.info\/de\/produkte\/"},{"@type":"ListItem","position":3,"name":"Nova Atina Relax Stuhl"}]},{"@type":"WebSite","@id":"https:\/\/eurotrail.info\/#website","url":"https:\/\/eurotrail.info\/","name":"Eurotrail","description":"","publisher":{"@id":"https:\/\/eurotrail.info\/#organization"},"potentialAction":[{"@type":"SearchAction","target":{"@type":"EntryPoint","urlTemplate":"https:\/\/eurotrail.info\/?s={search_term_string}"},"query-input":{"@type":"PropertyValueSpecification","valueRequired":true,"valueName":"search_term_string"}}],"inLanguage":"de"},{"@type":"Organization","@id":"https:\/\/eurotrail.info\/#organization","name":"Eurotrail","url":"https:\/\/eurotrail.info\/","logo":{"@type":"ImageObject","inLanguage":"de","@id":"https:\/\/eurotrail.info\/#\/schema\/logo\/image\/","url":"https:\/\/eurotrail.info\/wp\/wp-content\/uploads\/2023\/07\/ET-logo-quote_NL-scaled.jpg","contentUrl":"https:\/\/eurotrail.info\/wp\/wp-content\/uploads\/2023\/07\/ET-logo-quote_NL-scaled.jpg","width":2560,"height":675,"caption":"Eurotrail"},"image":{"@id":"https:\/\/eurotrail.info\/#\/schema\/logo\/image\/"}}]}},"_links":{"self":[{"href":"https:\/\/eurotrail.info\/de\/wp-json\/wp\/v2\/product\/13368","targetHints":{"allow":["GET"]}}],"collection":[{"href":"https:\/\/eurotrail.info\/de\/wp-json\/wp\/v2\/product"}],"about":[{"href":"https:\/\/eurotrail.info\/de\/wp-json\/wp\/v2\/types\/product"}],"replies":[{"embeddable":true,"href":"https:\/\/eurotrail.info\/de\/wp-json\/wp\/v2\/comments?post=13368"}],"wp:featuredmedia":[{"embeddable":true,"href":"https:\/\/eurotrail.info\/de\/wp-json\/wp\/v2\/media\/13109"}],"wp:attachment":[{"href":"https:\/\/eurotrail.info\/de\/wp-json\/wp\/v2\/media?parent=13368"}],"wp:term":[{"taxonomy":"product_brand","embeddable":true,"href":"https:\/\/eurotrail.info\/de\/wp-json\/wp\/v2\/product_brand?post=13368"},{"taxonomy":"product_cat","embeddable":true,"href":"https:\/\/eurotrail.info\/de\/wp-json\/wp\/v2\/product_cat?post=13368"},{"taxonomy":"product_tag","embeddable":true,"href":"https:\/\/eurotrail.info\/de\/wp-json\/wp\/v2\/product_tag?post=13368"}],"curies":[{"name":"wp","href":"https:\/\/api.w.org\/{rel}","templated":true}]}}