{"id":13371,"date":"2021-11-01T17:08:47","date_gmt":"2021-11-01T16:08:47","guid":{"rendered":"https:\/\/eurotrail.info\/producten\/majestic-relax-stuhl-3d-mesh\/"},"modified":"2022-02-22T14:55:42","modified_gmt":"2022-02-22T13:55:42","slug":"majestic-relax-stuhl-3d-mesh","status":"publish","type":"product","link":"https:\/\/eurotrail.info\/de\/producten\/campingmoebel\/campingstuhlen-relaxstuhlen-eurotrail\/majestic-relax-stuhl-3d-mesh\/","title":{"rendered":"Majestic Relax Stuhl 3D Mesh"},"content":{"rendered":"<p>Dieser Relaxsessel ist ideal f\u00fcr einen Tag am Strand oder beim Camping, aber auch perfekt f\u00fcr den Einsatz im Garten, auf dem Balkon oder auf der Terrasse. Die breiten Armlehnen in Holzoptik machen den Stuhl besonders bequem und luxuri\u00f6s.<\/p>\n<p>Lehnen Sie sich einfach zur\u00fcck und die Liege hebt das Fu\u03b2teil an, um eine bequeme Entspannungsposition zu schaffen. Mit der manuellen Verriegelung k\u00f6nnen Sie den Stuhl in jeder gew\u00fcnschten Relaxposition verriegeln. Die mitgelieferte Kopfst\u00fctze ist h\u00f6henverstellbar, l\u00e4sst sich in jede gew\u00fcnschte Position bringen und kann auch als Lordosenst\u00fctze verwendet werden. Der Sitz besteht aus einem gepolsterten, wasserdurchl\u00e4ssigen und atmungsaktiven 3-D-Airmesh, das an hei\u00dfen Tagen bel\u00fcften kann und sich sehr angenehm anf\u00fchlt. Zwei stark elastische, langlebige und sehr stabile Schn\u00fcre und ein Stahlgestell machen den Stuhl f\u00fcr bis zu 140 kg Belastung geeignet! Der Stuhl ist mit einem praktischen Klapptisch ausgestattet, damit Ihr Getr\u00e4nk oder Telefon immer griffbereit ist.<\/p>\n<p>Material: 100% Polyester Air Mesh &#8211; 600 gr Textilene R\u00fcckseite, 2 cm Schaumstoffpolsterung<br \/>\nRahmen: Stahl \u00d819mm<br \/>\nGr\u00f6\u00dfe: 100x94x113cm<br \/>\nGefaltet: 94x78x14cm<br \/>\nGewicht: 8,9 kg<br \/>\nmax. Belastung: 140 k<\/p>\n","protected":false},"excerpt":{"rendered":"<p>Dieser Relaxsessel ist ideal f\u00fcr einen Tag am Strand oder beim Camping, aber auch perfekt f\u00fcr den Einsatz im Garten, auf dem Balkon oder auf&hellip;<\/p>\n","protected":false},"featured_media":13147,"comment_status":"open","ping_status":"closed","template":"","meta":{"_acf_changed":false},"product_brand":[],"product_cat":[82,84],"product_tag":[],"class_list":{"0":"post-13371","1":"product","2":"type-product","3":"status-publish","4":"has-post-thumbnail","6":"product_cat-campingmoebel","7":"product_cat-campingstuhlen-relaxstuhlen-eurotrail","9":"first","10":"instock","11":"shipping-taxable","12":"product-type-simple"},"acf":[],"yoast_head":"<!-- This site is optimized with the Yoast SEO plugin v27.4 - https:\/\/yoast.com\/product\/yoast-seo-wordpress\/ -->\n<title>Majestic Relax Stuhl 3D Mesh - Eurotrail<\/title>\n<meta name=\"description\" content=\"Relaxsessel ist ideal f\u00fcr einen Tag am Strand, beim Camping, aber auch perfekt f\u00fcr den Einsatz im Garten, auf dem Balkon oder auf der Terrasse\" \/>\n<meta name=\"robots\" content=\"index, follow, max-snippet:-1, max-image-preview:large, max-video-preview:-1\" \/>\n<link rel=\"canonical\" href=\"https:\/\/eurotrail.info\/de\/producten\/campingmoebel\/campingstuhlen-relaxstuhlen-eurotrail\/majestic-relax-stuhl-3d-mesh\/\" \/>\n<meta property=\"og:locale\" content=\"de_DE\" \/>\n<meta property=\"og:type\" content=\"article\" \/>\n<meta property=\"og:title\" content=\"Majestic Relax Stuhl 3D Mesh - Eurotrail\" \/>\n<meta property=\"og:description\" content=\"Relaxsessel ist ideal f\u00fcr einen Tag am Strand, beim Camping, aber auch perfekt f\u00fcr den Einsatz im Garten, auf dem Balkon oder auf der Terrasse\" \/>\n<meta property=\"og:url\" content=\"https:\/\/eurotrail.info\/de\/producten\/campingmoebel\/campingstuhlen-relaxstuhlen-eurotrail\/majestic-relax-stuhl-3d-mesh\/\" \/>\n<meta property=\"og:site_name\" content=\"Eurotrail\" \/>\n<meta property=\"article:modified_time\" content=\"2022-02-22T13:55:42+00:00\" \/>\n<meta property=\"og:image\" content=\"https:\/\/eurotrail.info\/wp\/wp-content\/uploads\/2021\/11\/relax-exclusive-2-scaled.jpg\" \/>\n\t<meta property=\"og:image:width\" content=\"1833\" \/>\n\t<meta property=\"og:image:height\" content=\"2560\" \/>\n\t<meta property=\"og:image:type\" content=\"image\/jpeg\" \/>\n<meta name=\"twitter:card\" content=\"summary_large_image\" \/>\n<meta name=\"twitter:label1\" content=\"Gesch\u00e4tzte Lesezeit\" \/>\n\t<meta name=\"twitter:data1\" content=\"1\u00a0Minute\" \/>\n<script type=\"application\/ld+json\" class=\"yoast-schema-graph\">{\"@context\":\"https:\\\/\\\/schema.org\",\"@graph\":[{\"@type\":\"WebPage\",\"@id\":\"https:\\\/\\\/eurotrail.info\\\/de\\\/producten\\\/campingmoebel\\\/campingstuhlen-relaxstuhlen-eurotrail\\\/majestic-relax-stuhl-3d-mesh\\\/\",\"url\":\"https:\\\/\\\/eurotrail.info\\\/de\\\/producten\\\/campingmoebel\\\/campingstuhlen-relaxstuhlen-eurotrail\\\/majestic-relax-stuhl-3d-mesh\\\/\",\"name\":\"Majestic Relax Stuhl 3D Mesh - Eurotrail\",\"isPartOf\":{\"@id\":\"https:\\\/\\\/eurotrail.info\\\/#website\"},\"primaryImageOfPage\":{\"@id\":\"https:\\\/\\\/eurotrail.info\\\/de\\\/producten\\\/campingmoebel\\\/campingstuhlen-relaxstuhlen-eurotrail\\\/majestic-relax-stuhl-3d-mesh\\\/#primaryimage\"},\"image\":{\"@id\":\"https:\\\/\\\/eurotrail.info\\\/de\\\/producten\\\/campingmoebel\\\/campingstuhlen-relaxstuhlen-eurotrail\\\/majestic-relax-stuhl-3d-mesh\\\/#primaryimage\"},\"thumbnailUrl\":\"https:\\\/\\\/eurotrail.info\\\/wp\\\/wp-content\\\/uploads\\\/2021\\\/11\\\/relax-exclusive-2-scaled.jpg\",\"datePublished\":\"2021-11-01T16:08:47+00:00\",\"dateModified\":\"2022-02-22T13:55:42+00:00\",\"description\":\"Relaxsessel ist ideal f\u00fcr einen Tag am Strand, beim Camping, aber auch perfekt f\u00fcr den Einsatz im Garten, auf dem Balkon oder auf der Terrasse\",\"breadcrumb\":{\"@id\":\"https:\\\/\\\/eurotrail.info\\\/de\\\/producten\\\/campingmoebel\\\/campingstuhlen-relaxstuhlen-eurotrail\\\/majestic-relax-stuhl-3d-mesh\\\/#breadcrumb\"},\"inLanguage\":\"de\",\"potentialAction\":[{\"@type\":\"ReadAction\",\"target\":[\"https:\\\/\\\/eurotrail.info\\\/de\\\/producten\\\/campingmoebel\\\/campingstuhlen-relaxstuhlen-eurotrail\\\/majestic-relax-stuhl-3d-mesh\\\/\"]}]},{\"@type\":\"ImageObject\",\"inLanguage\":\"de\",\"@id\":\"https:\\\/\\\/eurotrail.info\\\/de\\\/producten\\\/campingmoebel\\\/campingstuhlen-relaxstuhlen-eurotrail\\\/majestic-relax-stuhl-3d-mesh\\\/#primaryimage\",\"url\":\"https:\\\/\\\/eurotrail.info\\\/wp\\\/wp-content\\\/uploads\\\/2021\\\/11\\\/relax-exclusive-2-scaled.jpg\",\"contentUrl\":\"https:\\\/\\\/eurotrail.info\\\/wp\\\/wp-content\\\/uploads\\\/2021\\\/11\\\/relax-exclusive-2-scaled.jpg\",\"width\":1833,\"height\":2560,\"caption\":\"Relax stoel 3D mesh, houtlook afgewerkte brede armsteunen, extra comfortabel en luxe. Ideaal voor op de camping, strand of in de tuin.\"},{\"@type\":\"BreadcrumbList\",\"@id\":\"https:\\\/\\\/eurotrail.info\\\/de\\\/producten\\\/campingmoebel\\\/campingstuhlen-relaxstuhlen-eurotrail\\\/majestic-relax-stuhl-3d-mesh\\\/#breadcrumb\",\"itemListElement\":[{\"@type\":\"ListItem\",\"position\":1,\"name\":\"Home\",\"item\":\"https:\\\/\\\/eurotrail.info\\\/de\\\/\"},{\"@type\":\"ListItem\",\"position\":2,\"name\":\"Produkte\",\"item\":\"https:\\\/\\\/eurotrail.info\\\/de\\\/produkte\\\/\"},{\"@type\":\"ListItem\",\"position\":3,\"name\":\"Majestic Relax Stuhl 3D Mesh\"}]},{\"@type\":\"WebSite\",\"@id\":\"https:\\\/\\\/eurotrail.info\\\/#website\",\"url\":\"https:\\\/\\\/eurotrail.info\\\/\",\"name\":\"Eurotrail\",\"description\":\"\",\"publisher\":{\"@id\":\"https:\\\/\\\/eurotrail.info\\\/#organization\"},\"potentialAction\":[{\"@type\":\"SearchAction\",\"target\":{\"@type\":\"EntryPoint\",\"urlTemplate\":\"https:\\\/\\\/eurotrail.info\\\/?s={search_term_string}\"},\"query-input\":{\"@type\":\"PropertyValueSpecification\",\"valueRequired\":true,\"valueName\":\"search_term_string\"}}],\"inLanguage\":\"de\"},{\"@type\":\"Organization\",\"@id\":\"https:\\\/\\\/eurotrail.info\\\/#organization\",\"name\":\"Eurotrail\",\"url\":\"https:\\\/\\\/eurotrail.info\\\/\",\"logo\":{\"@type\":\"ImageObject\",\"inLanguage\":\"de\",\"@id\":\"https:\\\/\\\/eurotrail.info\\\/#\\\/schema\\\/logo\\\/image\\\/\",\"url\":\"https:\\\/\\\/eurotrail.info\\\/wp\\\/wp-content\\\/uploads\\\/2023\\\/07\\\/ET-logo-quote_NL-scaled.jpg\",\"contentUrl\":\"https:\\\/\\\/eurotrail.info\\\/wp\\\/wp-content\\\/uploads\\\/2023\\\/07\\\/ET-logo-quote_NL-scaled.jpg\",\"width\":2560,\"height\":675,\"caption\":\"Eurotrail\"},\"image\":{\"@id\":\"https:\\\/\\\/eurotrail.info\\\/#\\\/schema\\\/logo\\\/image\\\/\"}}]}<\/script>\n<!-- \/ Yoast SEO plugin. -->","yoast_head_json":{"title":"Majestic Relax Stuhl 3D Mesh - Eurotrail","description":"Relaxsessel ist ideal f\u00fcr einen Tag am Strand, beim Camping, aber auch perfekt f\u00fcr den Einsatz im Garten, auf dem Balkon oder auf der Terrasse","robots":{"index":"index","follow":"follow","max-snippet":"max-snippet:-1","max-image-preview":"max-image-preview:large","max-video-preview":"max-video-preview:-1"},"canonical":"https:\/\/eurotrail.info\/de\/producten\/campingmoebel\/campingstuhlen-relaxstuhlen-eurotrail\/majestic-relax-stuhl-3d-mesh\/","og_locale":"de_DE","og_type":"article","og_title":"Majestic Relax Stuhl 3D Mesh - Eurotrail","og_description":"Relaxsessel ist ideal f\u00fcr einen Tag am Strand, beim Camping, aber auch perfekt f\u00fcr den Einsatz im Garten, auf dem Balkon oder auf der Terrasse","og_url":"https:\/\/eurotrail.info\/de\/producten\/campingmoebel\/campingstuhlen-relaxstuhlen-eurotrail\/majestic-relax-stuhl-3d-mesh\/","og_site_name":"Eurotrail","article_modified_time":"2022-02-22T13:55:42+00:00","og_image":[{"width":1833,"height":2560,"url":"https:\/\/eurotrail.info\/wp\/wp-content\/uploads\/2021\/11\/relax-exclusive-2-scaled.jpg","type":"image\/jpeg"}],"twitter_card":"summary_large_image","twitter_misc":{"Gesch\u00e4tzte Lesezeit":"1\u00a0Minute"},"schema":{"@context":"https:\/\/schema.org","@graph":[{"@type":"WebPage","@id":"https:\/\/eurotrail.info\/de\/producten\/campingmoebel\/campingstuhlen-relaxstuhlen-eurotrail\/majestic-relax-stuhl-3d-mesh\/","url":"https:\/\/eurotrail.info\/de\/producten\/campingmoebel\/campingstuhlen-relaxstuhlen-eurotrail\/majestic-relax-stuhl-3d-mesh\/","name":"Majestic Relax Stuhl 3D Mesh - Eurotrail","isPartOf":{"@id":"https:\/\/eurotrail.info\/#website"},"primaryImageOfPage":{"@id":"https:\/\/eurotrail.info\/de\/producten\/campingmoebel\/campingstuhlen-relaxstuhlen-eurotrail\/majestic-relax-stuhl-3d-mesh\/#primaryimage"},"image":{"@id":"https:\/\/eurotrail.info\/de\/producten\/campingmoebel\/campingstuhlen-relaxstuhlen-eurotrail\/majestic-relax-stuhl-3d-mesh\/#primaryimage"},"thumbnailUrl":"https:\/\/eurotrail.info\/wp\/wp-content\/uploads\/2021\/11\/relax-exclusive-2-scaled.jpg","datePublished":"2021-11-01T16:08:47+00:00","dateModified":"2022-02-22T13:55:42+00:00","description":"Relaxsessel ist ideal f\u00fcr einen Tag am Strand, beim Camping, aber auch perfekt f\u00fcr den Einsatz im Garten, auf dem Balkon oder auf der Terrasse","breadcrumb":{"@id":"https:\/\/eurotrail.info\/de\/producten\/campingmoebel\/campingstuhlen-relaxstuhlen-eurotrail\/majestic-relax-stuhl-3d-mesh\/#breadcrumb"},"inLanguage":"de","potentialAction":[{"@type":"ReadAction","target":["https:\/\/eurotrail.info\/de\/producten\/campingmoebel\/campingstuhlen-relaxstuhlen-eurotrail\/majestic-relax-stuhl-3d-mesh\/"]}]},{"@type":"ImageObject","inLanguage":"de","@id":"https:\/\/eurotrail.info\/de\/producten\/campingmoebel\/campingstuhlen-relaxstuhlen-eurotrail\/majestic-relax-stuhl-3d-mesh\/#primaryimage","url":"https:\/\/eurotrail.info\/wp\/wp-content\/uploads\/2021\/11\/relax-exclusive-2-scaled.jpg","contentUrl":"https:\/\/eurotrail.info\/wp\/wp-content\/uploads\/2021\/11\/relax-exclusive-2-scaled.jpg","width":1833,"height":2560,"caption":"Relax stoel 3D mesh, houtlook afgewerkte brede armsteunen, extra comfortabel en luxe. Ideaal voor op de camping, strand of in de tuin."},{"@type":"BreadcrumbList","@id":"https:\/\/eurotrail.info\/de\/producten\/campingmoebel\/campingstuhlen-relaxstuhlen-eurotrail\/majestic-relax-stuhl-3d-mesh\/#breadcrumb","itemListElement":[{"@type":"ListItem","position":1,"name":"Home","item":"https:\/\/eurotrail.info\/de\/"},{"@type":"ListItem","position":2,"name":"Produkte","item":"https:\/\/eurotrail.info\/de\/produkte\/"},{"@type":"ListItem","position":3,"name":"Majestic Relax Stuhl 3D Mesh"}]},{"@type":"WebSite","@id":"https:\/\/eurotrail.info\/#website","url":"https:\/\/eurotrail.info\/","name":"Eurotrail","description":"","publisher":{"@id":"https:\/\/eurotrail.info\/#organization"},"potentialAction":[{"@type":"SearchAction","target":{"@type":"EntryPoint","urlTemplate":"https:\/\/eurotrail.info\/?s={search_term_string}"},"query-input":{"@type":"PropertyValueSpecification","valueRequired":true,"valueName":"search_term_string"}}],"inLanguage":"de"},{"@type":"Organization","@id":"https:\/\/eurotrail.info\/#organization","name":"Eurotrail","url":"https:\/\/eurotrail.info\/","logo":{"@type":"ImageObject","inLanguage":"de","@id":"https:\/\/eurotrail.info\/#\/schema\/logo\/image\/","url":"https:\/\/eurotrail.info\/wp\/wp-content\/uploads\/2023\/07\/ET-logo-quote_NL-scaled.jpg","contentUrl":"https:\/\/eurotrail.info\/wp\/wp-content\/uploads\/2023\/07\/ET-logo-quote_NL-scaled.jpg","width":2560,"height":675,"caption":"Eurotrail"},"image":{"@id":"https:\/\/eurotrail.info\/#\/schema\/logo\/image\/"}}]}},"_links":{"self":[{"href":"https:\/\/eurotrail.info\/de\/wp-json\/wp\/v2\/product\/13371","targetHints":{"allow":["GET"]}}],"collection":[{"href":"https:\/\/eurotrail.info\/de\/wp-json\/wp\/v2\/product"}],"about":[{"href":"https:\/\/eurotrail.info\/de\/wp-json\/wp\/v2\/types\/product"}],"replies":[{"embeddable":true,"href":"https:\/\/eurotrail.info\/de\/wp-json\/wp\/v2\/comments?post=13371"}],"wp:featuredmedia":[{"embeddable":true,"href":"https:\/\/eurotrail.info\/de\/wp-json\/wp\/v2\/media\/13147"}],"wp:attachment":[{"href":"https:\/\/eurotrail.info\/de\/wp-json\/wp\/v2\/media?parent=13371"}],"wp:term":[{"taxonomy":"product_brand","embeddable":true,"href":"https:\/\/eurotrail.info\/de\/wp-json\/wp\/v2\/product_brand?post=13371"},{"taxonomy":"product_cat","embeddable":true,"href":"https:\/\/eurotrail.info\/de\/wp-json\/wp\/v2\/product_cat?post=13371"},{"taxonomy":"product_tag","embeddable":true,"href":"https:\/\/eurotrail.info\/de\/wp-json\/wp\/v2\/product_tag?post=13371"}],"curies":[{"name":"wp","href":"https:\/\/api.w.org\/{rel}","templated":true}]}}