{"id":13554,"date":"2021-11-22T12:25:00","date_gmt":"2021-11-22T11:25:00","guid":{"rendered":"https:\/\/eurotrail.info\/producten\/latina-3d-mesh-klappstuhl\/"},"modified":"2026-02-11T16:48:05","modified_gmt":"2026-02-11T15:48:05","slug":"latina-3d-mesh-klappstuhl","status":"publish","type":"product","link":"https:\/\/eurotrail.info\/de\/producten\/campingmoebel\/faltmoebel\/latina-3d-mesh-klappstuhl\/","title":{"rendered":"Latina 3D Mesh Klappstuhl"},"content":{"rendered":"<p>Klappstuhl mit verstellbarer (3x) R\u00fcckwand; Aufrecht sitzen oder sich entspannt zur\u00fccklehnen. Der Stahlrahmen bietet viel Stabilit\u00e4t und l\u00e4sst sich leicht zusammen falten. Der Stoff besteht aus einem angenehm gepolsterten Air-Mesh Material. Der Stuhl wird mit einem Sicherheitsschloss und einem Getr\u00e4nkehalter geliefert. inkl. Tragetasche.<\/p>\n<p>Material: 100% Polyester Air Mesh + 600gr Textilene R\u00fcckseite, 2cm Schaumstoffpolsterung.<br \/>\nRahmen: Stahlrohrrahmen<br \/>\nAbmessungen: 85x58x100cm<br \/>\nGefaltet: 94x24x16cm<br \/>\nGewicht: 5,3 kg.<br \/>\nmax. Belastung: 120kg.<\/p>\n","protected":false},"excerpt":{"rendered":"[embed]https:\/\/youtu.be\/RbDBY-iSveI[\/embed]\n","protected":false},"featured_media":13523,"comment_status":"open","ping_status":"closed","template":"","meta":{"_acf_changed":false},"product_brand":[],"product_cat":[82,89],"product_tag":[],"class_list":{"0":"post-13554","1":"product","2":"type-product","3":"status-publish","4":"has-post-thumbnail","6":"product_cat-campingmoebel","7":"product_cat-faltmoebel","9":"first","10":"instock","11":"shipping-taxable","12":"product-type-simple"},"acf":[],"yoast_head":"<!-- This site is optimized with the Yoast SEO plugin v27.4 - https:\/\/yoast.com\/product\/yoast-seo-wordpress\/ -->\n<title>Latina 3D Mesh Klappstuhl - Eurotrail<\/title>\n<meta name=\"description\" content=\"Klappstuhl mit verstellbarer R\u00fccken; Aufrecht oder sich entspannt zur\u00fccklehnen. Rahmen bietet viel Stabilit\u00e4t und ist leicht zusammen falten.\" \/>\n<meta name=\"robots\" content=\"index, follow, max-snippet:-1, max-image-preview:large, max-video-preview:-1\" \/>\n<link rel=\"canonical\" href=\"https:\/\/eurotrail.info\/de\/producten\/campingmoebel\/faltmoebel\/latina-3d-mesh-klappstuhl\/\" \/>\n<meta property=\"og:locale\" content=\"de_DE\" \/>\n<meta property=\"og:type\" content=\"article\" \/>\n<meta property=\"og:title\" content=\"Latina 3D Mesh Klappstuhl - Eurotrail\" \/>\n<meta property=\"og:description\" content=\"Klappstuhl mit verstellbarer R\u00fccken; Aufrecht oder sich entspannt zur\u00fccklehnen. Rahmen bietet viel Stabilit\u00e4t und ist leicht zusammen falten.\" \/>\n<meta property=\"og:url\" content=\"https:\/\/eurotrail.info\/de\/producten\/campingmoebel\/faltmoebel\/latina-3d-mesh-klappstuhl\/\" \/>\n<meta property=\"og:site_name\" content=\"Eurotrail\" \/>\n<meta property=\"article:modified_time\" content=\"2026-02-11T15:48:05+00:00\" \/>\n<meta property=\"og:image\" content=\"https:\/\/eurotrail.info\/wp\/wp-content\/uploads\/2021\/11\/latina-NW-2-scaled.jpg\" \/>\n\t<meta property=\"og:image:width\" content=\"1971\" \/>\n\t<meta property=\"og:image:height\" content=\"2560\" \/>\n\t<meta property=\"og:image:type\" content=\"image\/jpeg\" \/>\n<meta name=\"twitter:card\" content=\"summary_large_image\" \/>\n<meta name=\"twitter:label1\" content=\"Gesch\u00e4tzte Lesezeit\" \/>\n\t<meta name=\"twitter:data1\" content=\"1\u00a0Minute\" \/>\n<script type=\"application\/ld+json\" class=\"yoast-schema-graph\">{\"@context\":\"https:\\\/\\\/schema.org\",\"@graph\":[{\"@type\":\"WebPage\",\"@id\":\"https:\\\/\\\/eurotrail.info\\\/de\\\/producten\\\/campingmoebel\\\/faltmoebel\\\/latina-3d-mesh-klappstuhl\\\/\",\"url\":\"https:\\\/\\\/eurotrail.info\\\/de\\\/producten\\\/campingmoebel\\\/faltmoebel\\\/latina-3d-mesh-klappstuhl\\\/\",\"name\":\"Latina 3D Mesh Klappstuhl - Eurotrail\",\"isPartOf\":{\"@id\":\"https:\\\/\\\/eurotrail.info\\\/#website\"},\"primaryImageOfPage\":{\"@id\":\"https:\\\/\\\/eurotrail.info\\\/de\\\/producten\\\/campingmoebel\\\/faltmoebel\\\/latina-3d-mesh-klappstuhl\\\/#primaryimage\"},\"image\":{\"@id\":\"https:\\\/\\\/eurotrail.info\\\/de\\\/producten\\\/campingmoebel\\\/faltmoebel\\\/latina-3d-mesh-klappstuhl\\\/#primaryimage\"},\"thumbnailUrl\":\"https:\\\/\\\/eurotrail.info\\\/wp\\\/wp-content\\\/uploads\\\/2021\\\/11\\\/latina-NW-2-scaled.jpg\",\"datePublished\":\"2021-11-22T11:25:00+00:00\",\"dateModified\":\"2026-02-11T15:48:05+00:00\",\"description\":\"Klappstuhl mit verstellbarer R\u00fccken; Aufrecht oder sich entspannt zur\u00fccklehnen. Rahmen bietet viel Stabilit\u00e4t und ist leicht zusammen falten.\",\"breadcrumb\":{\"@id\":\"https:\\\/\\\/eurotrail.info\\\/de\\\/producten\\\/campingmoebel\\\/faltmoebel\\\/latina-3d-mesh-klappstuhl\\\/#breadcrumb\"},\"inLanguage\":\"de\",\"potentialAction\":[{\"@type\":\"ReadAction\",\"target\":[\"https:\\\/\\\/eurotrail.info\\\/de\\\/producten\\\/campingmoebel\\\/faltmoebel\\\/latina-3d-mesh-klappstuhl\\\/\"]}]},{\"@type\":\"ImageObject\",\"inLanguage\":\"de\",\"@id\":\"https:\\\/\\\/eurotrail.info\\\/de\\\/producten\\\/campingmoebel\\\/faltmoebel\\\/latina-3d-mesh-klappstuhl\\\/#primaryimage\",\"url\":\"https:\\\/\\\/eurotrail.info\\\/wp\\\/wp-content\\\/uploads\\\/2021\\\/11\\\/latina-NW-2-scaled.jpg\",\"contentUrl\":\"https:\\\/\\\/eurotrail.info\\\/wp\\\/wp-content\\\/uploads\\\/2021\\\/11\\\/latina-NW-2-scaled.jpg\",\"width\":1971,\"height\":2560,\"caption\":\"Vouwstoel met een verstelbaar (3x) rugpaneel; comfortabel rechtop zitten of relaxed achterover leunen.\"},{\"@type\":\"BreadcrumbList\",\"@id\":\"https:\\\/\\\/eurotrail.info\\\/de\\\/producten\\\/campingmoebel\\\/faltmoebel\\\/latina-3d-mesh-klappstuhl\\\/#breadcrumb\",\"itemListElement\":[{\"@type\":\"ListItem\",\"position\":1,\"name\":\"Home\",\"item\":\"https:\\\/\\\/eurotrail.info\\\/de\\\/\"},{\"@type\":\"ListItem\",\"position\":2,\"name\":\"Produkte\",\"item\":\"https:\\\/\\\/eurotrail.info\\\/de\\\/produkte\\\/\"},{\"@type\":\"ListItem\",\"position\":3,\"name\":\"Latina 3D Mesh Klappstuhl\"}]},{\"@type\":\"WebSite\",\"@id\":\"https:\\\/\\\/eurotrail.info\\\/#website\",\"url\":\"https:\\\/\\\/eurotrail.info\\\/\",\"name\":\"Eurotrail\",\"description\":\"\",\"publisher\":{\"@id\":\"https:\\\/\\\/eurotrail.info\\\/#organization\"},\"potentialAction\":[{\"@type\":\"SearchAction\",\"target\":{\"@type\":\"EntryPoint\",\"urlTemplate\":\"https:\\\/\\\/eurotrail.info\\\/?s={search_term_string}\"},\"query-input\":{\"@type\":\"PropertyValueSpecification\",\"valueRequired\":true,\"valueName\":\"search_term_string\"}}],\"inLanguage\":\"de\"},{\"@type\":\"Organization\",\"@id\":\"https:\\\/\\\/eurotrail.info\\\/#organization\",\"name\":\"Eurotrail\",\"url\":\"https:\\\/\\\/eurotrail.info\\\/\",\"logo\":{\"@type\":\"ImageObject\",\"inLanguage\":\"de\",\"@id\":\"https:\\\/\\\/eurotrail.info\\\/#\\\/schema\\\/logo\\\/image\\\/\",\"url\":\"https:\\\/\\\/eurotrail.info\\\/wp\\\/wp-content\\\/uploads\\\/2023\\\/07\\\/ET-logo-quote_NL-scaled.jpg\",\"contentUrl\":\"https:\\\/\\\/eurotrail.info\\\/wp\\\/wp-content\\\/uploads\\\/2023\\\/07\\\/ET-logo-quote_NL-scaled.jpg\",\"width\":2560,\"height\":675,\"caption\":\"Eurotrail\"},\"image\":{\"@id\":\"https:\\\/\\\/eurotrail.info\\\/#\\\/schema\\\/logo\\\/image\\\/\"}}]}<\/script>\n<!-- \/ Yoast SEO plugin. -->","yoast_head_json":{"title":"Latina 3D Mesh Klappstuhl - Eurotrail","description":"Klappstuhl mit verstellbarer R\u00fccken; Aufrecht oder sich entspannt zur\u00fccklehnen. Rahmen bietet viel Stabilit\u00e4t und ist leicht zusammen falten.","robots":{"index":"index","follow":"follow","max-snippet":"max-snippet:-1","max-image-preview":"max-image-preview:large","max-video-preview":"max-video-preview:-1"},"canonical":"https:\/\/eurotrail.info\/de\/producten\/campingmoebel\/faltmoebel\/latina-3d-mesh-klappstuhl\/","og_locale":"de_DE","og_type":"article","og_title":"Latina 3D Mesh Klappstuhl - Eurotrail","og_description":"Klappstuhl mit verstellbarer R\u00fccken; Aufrecht oder sich entspannt zur\u00fccklehnen. Rahmen bietet viel Stabilit\u00e4t und ist leicht zusammen falten.","og_url":"https:\/\/eurotrail.info\/de\/producten\/campingmoebel\/faltmoebel\/latina-3d-mesh-klappstuhl\/","og_site_name":"Eurotrail","article_modified_time":"2026-02-11T15:48:05+00:00","og_image":[{"width":1971,"height":2560,"url":"https:\/\/eurotrail.info\/wp\/wp-content\/uploads\/2021\/11\/latina-NW-2-scaled.jpg","type":"image\/jpeg"}],"twitter_card":"summary_large_image","twitter_misc":{"Gesch\u00e4tzte Lesezeit":"1\u00a0Minute"},"schema":{"@context":"https:\/\/schema.org","@graph":[{"@type":"WebPage","@id":"https:\/\/eurotrail.info\/de\/producten\/campingmoebel\/faltmoebel\/latina-3d-mesh-klappstuhl\/","url":"https:\/\/eurotrail.info\/de\/producten\/campingmoebel\/faltmoebel\/latina-3d-mesh-klappstuhl\/","name":"Latina 3D Mesh Klappstuhl - Eurotrail","isPartOf":{"@id":"https:\/\/eurotrail.info\/#website"},"primaryImageOfPage":{"@id":"https:\/\/eurotrail.info\/de\/producten\/campingmoebel\/faltmoebel\/latina-3d-mesh-klappstuhl\/#primaryimage"},"image":{"@id":"https:\/\/eurotrail.info\/de\/producten\/campingmoebel\/faltmoebel\/latina-3d-mesh-klappstuhl\/#primaryimage"},"thumbnailUrl":"https:\/\/eurotrail.info\/wp\/wp-content\/uploads\/2021\/11\/latina-NW-2-scaled.jpg","datePublished":"2021-11-22T11:25:00+00:00","dateModified":"2026-02-11T15:48:05+00:00","description":"Klappstuhl mit verstellbarer R\u00fccken; Aufrecht oder sich entspannt zur\u00fccklehnen. Rahmen bietet viel Stabilit\u00e4t und ist leicht zusammen falten.","breadcrumb":{"@id":"https:\/\/eurotrail.info\/de\/producten\/campingmoebel\/faltmoebel\/latina-3d-mesh-klappstuhl\/#breadcrumb"},"inLanguage":"de","potentialAction":[{"@type":"ReadAction","target":["https:\/\/eurotrail.info\/de\/producten\/campingmoebel\/faltmoebel\/latina-3d-mesh-klappstuhl\/"]}]},{"@type":"ImageObject","inLanguage":"de","@id":"https:\/\/eurotrail.info\/de\/producten\/campingmoebel\/faltmoebel\/latina-3d-mesh-klappstuhl\/#primaryimage","url":"https:\/\/eurotrail.info\/wp\/wp-content\/uploads\/2021\/11\/latina-NW-2-scaled.jpg","contentUrl":"https:\/\/eurotrail.info\/wp\/wp-content\/uploads\/2021\/11\/latina-NW-2-scaled.jpg","width":1971,"height":2560,"caption":"Vouwstoel met een verstelbaar (3x) rugpaneel; comfortabel rechtop zitten of relaxed achterover leunen."},{"@type":"BreadcrumbList","@id":"https:\/\/eurotrail.info\/de\/producten\/campingmoebel\/faltmoebel\/latina-3d-mesh-klappstuhl\/#breadcrumb","itemListElement":[{"@type":"ListItem","position":1,"name":"Home","item":"https:\/\/eurotrail.info\/de\/"},{"@type":"ListItem","position":2,"name":"Produkte","item":"https:\/\/eurotrail.info\/de\/produkte\/"},{"@type":"ListItem","position":3,"name":"Latina 3D Mesh Klappstuhl"}]},{"@type":"WebSite","@id":"https:\/\/eurotrail.info\/#website","url":"https:\/\/eurotrail.info\/","name":"Eurotrail","description":"","publisher":{"@id":"https:\/\/eurotrail.info\/#organization"},"potentialAction":[{"@type":"SearchAction","target":{"@type":"EntryPoint","urlTemplate":"https:\/\/eurotrail.info\/?s={search_term_string}"},"query-input":{"@type":"PropertyValueSpecification","valueRequired":true,"valueName":"search_term_string"}}],"inLanguage":"de"},{"@type":"Organization","@id":"https:\/\/eurotrail.info\/#organization","name":"Eurotrail","url":"https:\/\/eurotrail.info\/","logo":{"@type":"ImageObject","inLanguage":"de","@id":"https:\/\/eurotrail.info\/#\/schema\/logo\/image\/","url":"https:\/\/eurotrail.info\/wp\/wp-content\/uploads\/2023\/07\/ET-logo-quote_NL-scaled.jpg","contentUrl":"https:\/\/eurotrail.info\/wp\/wp-content\/uploads\/2023\/07\/ET-logo-quote_NL-scaled.jpg","width":2560,"height":675,"caption":"Eurotrail"},"image":{"@id":"https:\/\/eurotrail.info\/#\/schema\/logo\/image\/"}}]}},"_links":{"self":[{"href":"https:\/\/eurotrail.info\/de\/wp-json\/wp\/v2\/product\/13554","targetHints":{"allow":["GET"]}}],"collection":[{"href":"https:\/\/eurotrail.info\/de\/wp-json\/wp\/v2\/product"}],"about":[{"href":"https:\/\/eurotrail.info\/de\/wp-json\/wp\/v2\/types\/product"}],"replies":[{"embeddable":true,"href":"https:\/\/eurotrail.info\/de\/wp-json\/wp\/v2\/comments?post=13554"}],"wp:featuredmedia":[{"embeddable":true,"href":"https:\/\/eurotrail.info\/de\/wp-json\/wp\/v2\/media\/13523"}],"wp:attachment":[{"href":"https:\/\/eurotrail.info\/de\/wp-json\/wp\/v2\/media?parent=13554"}],"wp:term":[{"taxonomy":"product_brand","embeddable":true,"href":"https:\/\/eurotrail.info\/de\/wp-json\/wp\/v2\/product_brand?post=13554"},{"taxonomy":"product_cat","embeddable":true,"href":"https:\/\/eurotrail.info\/de\/wp-json\/wp\/v2\/product_cat?post=13554"},{"taxonomy":"product_tag","embeddable":true,"href":"https:\/\/eurotrail.info\/de\/wp-json\/wp\/v2\/product_tag?post=13554"}],"curies":[{"name":"wp","href":"https:\/\/api.w.org\/{rel}","templated":true}]}}