{"id":13622,"date":"2021-11-22T13:37:20","date_gmt":"2021-11-22T12:37:20","guid":{"rendered":"https:\/\/eurotrail.info\/producten\/sevilla-3-d-mesh-liege\/"},"modified":"2021-11-22T13:37:20","modified_gmt":"2021-11-22T12:37:20","slug":"sevilla-3-d-mesh-liege","status":"publish","type":"product","link":"https:\/\/eurotrail.info\/de\/producten\/campingmoebel\/campngbett\/sevilla-3-d-mesh-liege\/","title":{"rendered":"Sevilla 3-D Mesh Liege"},"content":{"rendered":"<p>Liege aus einem stabilen Aluminiumrahmen und ausgestattet mit dem gepolsterten 3-D Mesh. Das Bettgestell ist 2 Meter lang und hat eine extra hohe Sitzh\u00f6he von 45 cm, was das Aufstehen erheblich erleichtert. Der R\u00fccken ist in 6 Positionen verstellbar, so dass Sie ihn ganz flach oder nach oben einstellen k\u00f6nnen, damit Sie aufrecht ein Buch lesen k\u00f6nnen. Das 3D-Mesh ist wasserdurchl\u00e4ssig und atmungsaktiv und bietet Ihnen an hei\u00dfen Tagen wunderbaren Liegekomfort. Ausgestattet mit einem abnehmbaren Kissen mit Gummiband, das Sie auf jede gew\u00fcnschte H\u00f6he einstellen k\u00f6nnen. Das Bett kann zu einem praktischen und kompakten Paket zusammengeklappt werden.<\/p>\n<p>Material: 100% 3D-Airmesh-Polyester<br \/>\nRahmen: Aluminium<br \/>\nAbmessungen: 227x64x45cm<br \/>\nGefaltet: 100x64x15cm<br \/>\nGewicht: 7kg<br \/>\nMax. Belastung: 140 kg<\/p>\n","protected":false},"excerpt":{"rendered":"<p>Liege aus einem stabilen Aluminiumrahmen und ausgestattet mit dem gepolsterten 3-D Mesh. Das Bettgestell ist 2 Meter lang und hat eine extra hohe Sitzh\u00f6he von&hellip;<\/p>\n","protected":false},"featured_media":13615,"comment_status":"open","ping_status":"closed","template":"","meta":{"_acf_changed":false},"product_brand":[],"product_cat":[87,82],"product_tag":[],"class_list":{"0":"post-13622","1":"product","2":"type-product","3":"status-publish","4":"has-post-thumbnail","6":"product_cat-campngbett","7":"product_cat-campingmoebel","9":"first","10":"instock","11":"shipping-taxable","12":"product-type-simple"},"acf":[],"yoast_head":"<!-- This site is optimized with the Yoast SEO plugin v27.3 - https:\/\/yoast.com\/product\/yoast-seo-wordpress\/ -->\n<title>Sevilla 3-D Mesh Liege - Eurotrail<\/title>\n<meta name=\"robots\" content=\"index, follow, max-snippet:-1, max-image-preview:large, max-video-preview:-1\" \/>\n<link rel=\"canonical\" href=\"https:\/\/eurotrail.info\/producten\/kampeermeubelen-campingmeubelen\/ligbedden-veldbedden-logeerbed-camping\/sevilla-3d-mesh-ligbed\/\" \/>\n<meta property=\"og:locale\" content=\"de_DE\" \/>\n<meta property=\"og:type\" content=\"article\" \/>\n<meta property=\"og:title\" content=\"Sevilla 3-D Mesh Liege - Eurotrail\" \/>\n<meta property=\"og:description\" content=\"Liege aus einem stabilen Aluminiumrahmen und ausgestattet mit dem gepolsterten 3-D Mesh. Das Bettgestell ist 2 Meter lang und hat eine extra hohe Sitzh\u00f6he von&hellip;\" \/>\n<meta property=\"og:url\" content=\"https:\/\/eurotrail.info\/producten\/kampeermeubelen-campingmeubelen\/ligbedden-veldbedden-logeerbed-camping\/sevilla-3d-mesh-ligbed\/\" \/>\n<meta property=\"og:site_name\" content=\"Eurotrail\" \/>\n<meta property=\"og:image\" content=\"https:\/\/eurotrail.info\/wp\/wp-content\/uploads\/2021\/11\/ETCF0467-Sevilla-21.jpg\" \/>\n\t<meta property=\"og:image:width\" content=\"1772\" \/>\n\t<meta property=\"og:image:height\" content=\"1447\" \/>\n\t<meta property=\"og:image:type\" content=\"image\/jpeg\" \/>\n<meta name=\"twitter:card\" content=\"summary_large_image\" \/>\n<meta name=\"twitter:label1\" content=\"Gesch\u00e4tzte Lesezeit\" \/>\n\t<meta name=\"twitter:data1\" content=\"1\u00a0Minute\" \/>\n<script type=\"application\/ld+json\" class=\"yoast-schema-graph\">{\"@context\":\"https:\\\/\\\/schema.org\",\"@graph\":[{\"@type\":\"WebPage\",\"@id\":\"https:\\\/\\\/eurotrail.info\\\/producten\\\/kampeermeubelen-campingmeubelen\\\/ligbedden-veldbedden-logeerbed-camping\\\/sevilla-3d-mesh-ligbed\\\/\",\"url\":\"https:\\\/\\\/eurotrail.info\\\/producten\\\/kampeermeubelen-campingmeubelen\\\/ligbedden-veldbedden-logeerbed-camping\\\/sevilla-3d-mesh-ligbed\\\/\",\"name\":\"Sevilla 3-D Mesh Liege - Eurotrail\",\"isPartOf\":{\"@id\":\"https:\\\/\\\/eurotrail.info\\\/#website\"},\"primaryImageOfPage\":{\"@id\":\"https:\\\/\\\/eurotrail.info\\\/producten\\\/kampeermeubelen-campingmeubelen\\\/ligbedden-veldbedden-logeerbed-camping\\\/sevilla-3d-mesh-ligbed\\\/#primaryimage\"},\"image\":{\"@id\":\"https:\\\/\\\/eurotrail.info\\\/producten\\\/kampeermeubelen-campingmeubelen\\\/ligbedden-veldbedden-logeerbed-camping\\\/sevilla-3d-mesh-ligbed\\\/#primaryimage\"},\"thumbnailUrl\":\"https:\\\/\\\/eurotrail.info\\\/wp\\\/wp-content\\\/uploads\\\/2021\\\/11\\\/ETCF0467-Sevilla-21.jpg\",\"datePublished\":\"2021-11-22T12:37:20+00:00\",\"breadcrumb\":{\"@id\":\"https:\\\/\\\/eurotrail.info\\\/producten\\\/kampeermeubelen-campingmeubelen\\\/ligbedden-veldbedden-logeerbed-camping\\\/sevilla-3d-mesh-ligbed\\\/#breadcrumb\"},\"inLanguage\":\"de\",\"potentialAction\":[{\"@type\":\"ReadAction\",\"target\":[\"https:\\\/\\\/eurotrail.info\\\/producten\\\/kampeermeubelen-campingmeubelen\\\/ligbedden-veldbedden-logeerbed-camping\\\/sevilla-3d-mesh-ligbed\\\/\"]}]},{\"@type\":\"ImageObject\",\"inLanguage\":\"de\",\"@id\":\"https:\\\/\\\/eurotrail.info\\\/producten\\\/kampeermeubelen-campingmeubelen\\\/ligbedden-veldbedden-logeerbed-camping\\\/sevilla-3d-mesh-ligbed\\\/#primaryimage\",\"url\":\"https:\\\/\\\/eurotrail.info\\\/wp\\\/wp-content\\\/uploads\\\/2021\\\/11\\\/ETCF0467-Sevilla-21.jpg\",\"contentUrl\":\"https:\\\/\\\/eurotrail.info\\\/wp\\\/wp-content\\\/uploads\\\/2021\\\/11\\\/ETCF0467-Sevilla-21.jpg\",\"width\":1772,\"height\":1447,\"caption\":\"Ligbed vervaardigd van een stevig aluminium frame en is voorzien van het gepolsterde 3-D Mesh.\"},{\"@type\":\"BreadcrumbList\",\"@id\":\"https:\\\/\\\/eurotrail.info\\\/producten\\\/kampeermeubelen-campingmeubelen\\\/ligbedden-veldbedden-logeerbed-camping\\\/sevilla-3d-mesh-ligbed\\\/#breadcrumb\",\"itemListElement\":[{\"@type\":\"ListItem\",\"position\":1,\"name\":\"Home\",\"item\":\"https:\\\/\\\/eurotrail.info\\\/de\\\/\"},{\"@type\":\"ListItem\",\"position\":2,\"name\":\"Produkte\",\"item\":\"https:\\\/\\\/eurotrail.info\\\/de\\\/produkte\\\/\"},{\"@type\":\"ListItem\",\"position\":3,\"name\":\"Sevilla 3-D Mesh Liege\"}]},{\"@type\":\"WebSite\",\"@id\":\"https:\\\/\\\/eurotrail.info\\\/#website\",\"url\":\"https:\\\/\\\/eurotrail.info\\\/\",\"name\":\"Eurotrail\",\"description\":\"\",\"publisher\":{\"@id\":\"https:\\\/\\\/eurotrail.info\\\/#organization\"},\"potentialAction\":[{\"@type\":\"SearchAction\",\"target\":{\"@type\":\"EntryPoint\",\"urlTemplate\":\"https:\\\/\\\/eurotrail.info\\\/?s={search_term_string}\"},\"query-input\":{\"@type\":\"PropertyValueSpecification\",\"valueRequired\":true,\"valueName\":\"search_term_string\"}}],\"inLanguage\":\"de\"},{\"@type\":\"Organization\",\"@id\":\"https:\\\/\\\/eurotrail.info\\\/#organization\",\"name\":\"Eurotrail\",\"url\":\"https:\\\/\\\/eurotrail.info\\\/\",\"logo\":{\"@type\":\"ImageObject\",\"inLanguage\":\"de\",\"@id\":\"https:\\\/\\\/eurotrail.info\\\/#\\\/schema\\\/logo\\\/image\\\/\",\"url\":\"https:\\\/\\\/eurotrail.info\\\/wp\\\/wp-content\\\/uploads\\\/2023\\\/07\\\/ET-logo-quote_NL-scaled.jpg\",\"contentUrl\":\"https:\\\/\\\/eurotrail.info\\\/wp\\\/wp-content\\\/uploads\\\/2023\\\/07\\\/ET-logo-quote_NL-scaled.jpg\",\"width\":2560,\"height\":675,\"caption\":\"Eurotrail\"},\"image\":{\"@id\":\"https:\\\/\\\/eurotrail.info\\\/#\\\/schema\\\/logo\\\/image\\\/\"}}]}<\/script>\n<!-- \/ Yoast SEO plugin. -->","yoast_head_json":{"title":"Sevilla 3-D Mesh Liege - Eurotrail","robots":{"index":"index","follow":"follow","max-snippet":"max-snippet:-1","max-image-preview":"max-image-preview:large","max-video-preview":"max-video-preview:-1"},"canonical":"https:\/\/eurotrail.info\/producten\/kampeermeubelen-campingmeubelen\/ligbedden-veldbedden-logeerbed-camping\/sevilla-3d-mesh-ligbed\/","og_locale":"de_DE","og_type":"article","og_title":"Sevilla 3-D Mesh Liege - Eurotrail","og_description":"Liege aus einem stabilen Aluminiumrahmen und ausgestattet mit dem gepolsterten 3-D Mesh. Das Bettgestell ist 2 Meter lang und hat eine extra hohe Sitzh\u00f6he von&hellip;","og_url":"https:\/\/eurotrail.info\/producten\/kampeermeubelen-campingmeubelen\/ligbedden-veldbedden-logeerbed-camping\/sevilla-3d-mesh-ligbed\/","og_site_name":"Eurotrail","og_image":[{"width":1772,"height":1447,"url":"https:\/\/eurotrail.info\/wp\/wp-content\/uploads\/2021\/11\/ETCF0467-Sevilla-21.jpg","type":"image\/jpeg"}],"twitter_card":"summary_large_image","twitter_misc":{"Gesch\u00e4tzte Lesezeit":"1\u00a0Minute"},"schema":{"@context":"https:\/\/schema.org","@graph":[{"@type":"WebPage","@id":"https:\/\/eurotrail.info\/producten\/kampeermeubelen-campingmeubelen\/ligbedden-veldbedden-logeerbed-camping\/sevilla-3d-mesh-ligbed\/","url":"https:\/\/eurotrail.info\/producten\/kampeermeubelen-campingmeubelen\/ligbedden-veldbedden-logeerbed-camping\/sevilla-3d-mesh-ligbed\/","name":"Sevilla 3-D Mesh Liege - Eurotrail","isPartOf":{"@id":"https:\/\/eurotrail.info\/#website"},"primaryImageOfPage":{"@id":"https:\/\/eurotrail.info\/producten\/kampeermeubelen-campingmeubelen\/ligbedden-veldbedden-logeerbed-camping\/sevilla-3d-mesh-ligbed\/#primaryimage"},"image":{"@id":"https:\/\/eurotrail.info\/producten\/kampeermeubelen-campingmeubelen\/ligbedden-veldbedden-logeerbed-camping\/sevilla-3d-mesh-ligbed\/#primaryimage"},"thumbnailUrl":"https:\/\/eurotrail.info\/wp\/wp-content\/uploads\/2021\/11\/ETCF0467-Sevilla-21.jpg","datePublished":"2021-11-22T12:37:20+00:00","breadcrumb":{"@id":"https:\/\/eurotrail.info\/producten\/kampeermeubelen-campingmeubelen\/ligbedden-veldbedden-logeerbed-camping\/sevilla-3d-mesh-ligbed\/#breadcrumb"},"inLanguage":"de","potentialAction":[{"@type":"ReadAction","target":["https:\/\/eurotrail.info\/producten\/kampeermeubelen-campingmeubelen\/ligbedden-veldbedden-logeerbed-camping\/sevilla-3d-mesh-ligbed\/"]}]},{"@type":"ImageObject","inLanguage":"de","@id":"https:\/\/eurotrail.info\/producten\/kampeermeubelen-campingmeubelen\/ligbedden-veldbedden-logeerbed-camping\/sevilla-3d-mesh-ligbed\/#primaryimage","url":"https:\/\/eurotrail.info\/wp\/wp-content\/uploads\/2021\/11\/ETCF0467-Sevilla-21.jpg","contentUrl":"https:\/\/eurotrail.info\/wp\/wp-content\/uploads\/2021\/11\/ETCF0467-Sevilla-21.jpg","width":1772,"height":1447,"caption":"Ligbed vervaardigd van een stevig aluminium frame en is voorzien van het gepolsterde 3-D Mesh."},{"@type":"BreadcrumbList","@id":"https:\/\/eurotrail.info\/producten\/kampeermeubelen-campingmeubelen\/ligbedden-veldbedden-logeerbed-camping\/sevilla-3d-mesh-ligbed\/#breadcrumb","itemListElement":[{"@type":"ListItem","position":1,"name":"Home","item":"https:\/\/eurotrail.info\/de\/"},{"@type":"ListItem","position":2,"name":"Produkte","item":"https:\/\/eurotrail.info\/de\/produkte\/"},{"@type":"ListItem","position":3,"name":"Sevilla 3-D Mesh Liege"}]},{"@type":"WebSite","@id":"https:\/\/eurotrail.info\/#website","url":"https:\/\/eurotrail.info\/","name":"Eurotrail","description":"","publisher":{"@id":"https:\/\/eurotrail.info\/#organization"},"potentialAction":[{"@type":"SearchAction","target":{"@type":"EntryPoint","urlTemplate":"https:\/\/eurotrail.info\/?s={search_term_string}"},"query-input":{"@type":"PropertyValueSpecification","valueRequired":true,"valueName":"search_term_string"}}],"inLanguage":"de"},{"@type":"Organization","@id":"https:\/\/eurotrail.info\/#organization","name":"Eurotrail","url":"https:\/\/eurotrail.info\/","logo":{"@type":"ImageObject","inLanguage":"de","@id":"https:\/\/eurotrail.info\/#\/schema\/logo\/image\/","url":"https:\/\/eurotrail.info\/wp\/wp-content\/uploads\/2023\/07\/ET-logo-quote_NL-scaled.jpg","contentUrl":"https:\/\/eurotrail.info\/wp\/wp-content\/uploads\/2023\/07\/ET-logo-quote_NL-scaled.jpg","width":2560,"height":675,"caption":"Eurotrail"},"image":{"@id":"https:\/\/eurotrail.info\/#\/schema\/logo\/image\/"}}]}},"_links":{"self":[{"href":"https:\/\/eurotrail.info\/de\/wp-json\/wp\/v2\/product\/13622","targetHints":{"allow":["GET"]}}],"collection":[{"href":"https:\/\/eurotrail.info\/de\/wp-json\/wp\/v2\/product"}],"about":[{"href":"https:\/\/eurotrail.info\/de\/wp-json\/wp\/v2\/types\/product"}],"replies":[{"embeddable":true,"href":"https:\/\/eurotrail.info\/de\/wp-json\/wp\/v2\/comments?post=13622"}],"wp:featuredmedia":[{"embeddable":true,"href":"https:\/\/eurotrail.info\/de\/wp-json\/wp\/v2\/media\/13615"}],"wp:attachment":[{"href":"https:\/\/eurotrail.info\/de\/wp-json\/wp\/v2\/media?parent=13622"}],"wp:term":[{"taxonomy":"product_brand","embeddable":true,"href":"https:\/\/eurotrail.info\/de\/wp-json\/wp\/v2\/product_brand?post=13622"},{"taxonomy":"product_cat","embeddable":true,"href":"https:\/\/eurotrail.info\/de\/wp-json\/wp\/v2\/product_cat?post=13622"},{"taxonomy":"product_tag","embeddable":true,"href":"https:\/\/eurotrail.info\/de\/wp-json\/wp\/v2\/product_tag?post=13622"}],"curies":[{"name":"wp","href":"https:\/\/api.w.org\/{rel}","templated":true}]}}