{"id":13678,"date":"2021-11-22T14:38:01","date_gmt":"2021-11-22T13:38:01","guid":{"rendered":"https:\/\/eurotrail.info\/producten\/nova-venossa-klappschrank\/"},"modified":"2022-04-13T09:19:29","modified_gmt":"2022-04-13T08:19:29","slug":"nova-venossa-klappschrank","status":"publish","type":"product","link":"https:\/\/eurotrail.info\/de\/producten\/campingmoebel\/campingschraenke\/nova-venossa-klappschrank\/","title":{"rendered":"Nova Venossa Klappschrank"},"content":{"rendered":"<p>Einfach und schnell aufzubauender Klappschrank. Der Nova Venossa besteht aus Polyester und wird mit Bambusregalen geliefert. Verstellbare F\u00fc\u00dfe und praktische Aufbewahrungstasche. Die perfekte Gr\u00f6\u00dfe, um kleine Gegenst\u00e4nde aufzubewahren und als Beistelltisch neben Ihrem Stuhl zu verwenden.<\/p>\n<p>Abmessungen: 60x45x64cm<br \/>\nGefaltet: 60x45x10,5cm<br \/>\nMaterial: 100% Polyester \/ Bambus<br \/>\nRahmen: Aluminium<br \/>\nDeckplatte: MDF<br \/>\nmax. Belastung: 25kg.<br \/>\nGewicht: 7,4 kg.<\/p>\n","protected":false},"excerpt":{"rendered":"<p>Einfach und schnell aufzubauender Klappschrank. Der Nova Venossa besteht aus Polyester und wird mit Bambusregalen geliefert. Verstellbare F\u00fc\u00dfe und praktische Aufbewahrungstasche. Die perfekte Gr\u00f6\u00dfe, um&hellip;<\/p>\n","protected":false},"featured_media":15255,"comment_status":"open","ping_status":"closed","template":"","meta":{"_acf_changed":false},"product_brand":[],"product_cat":[82,83],"product_tag":[],"class_list":{"0":"post-13678","1":"product","2":"type-product","3":"status-publish","4":"has-post-thumbnail","6":"product_cat-campingmoebel","7":"product_cat-campingschraenke","9":"first","10":"instock","11":"shipping-taxable","12":"product-type-simple"},"acf":[],"yoast_head":"<!-- This site is optimized with the Yoast SEO plugin v27.3 - https:\/\/yoast.com\/product\/yoast-seo-wordpress\/ -->\n<title>Nova Venossa Klappschrank - Eurotrail<\/title>\n<meta name=\"description\" content=\"Einfach und schnell aufzubauender Klappschrank. Der Nova Venossa besteht aus Polyester und wird mit Bambusregalen geliefert.\" \/>\n<meta name=\"robots\" content=\"index, follow, max-snippet:-1, max-image-preview:large, max-video-preview:-1\" \/>\n<link rel=\"canonical\" href=\"https:\/\/eurotrail.info\/de\/producten\/campingmoebel\/campingschraenke\/nova-venossa-klappschrank\/\" \/>\n<meta property=\"og:locale\" content=\"de_DE\" \/>\n<meta property=\"og:type\" content=\"article\" \/>\n<meta property=\"og:title\" content=\"Nova Venossa Klappschrank - Eurotrail\" \/>\n<meta property=\"og:description\" content=\"Einfach und schnell aufzubauender Klappschrank. Der Nova Venossa besteht aus Polyester und wird mit Bambusregalen geliefert.\" \/>\n<meta property=\"og:url\" content=\"https:\/\/eurotrail.info\/de\/producten\/campingmoebel\/campingschraenke\/nova-venossa-klappschrank\/\" \/>\n<meta property=\"og:site_name\" content=\"Eurotrail\" \/>\n<meta property=\"article:modified_time\" content=\"2022-04-13T08:19:29+00:00\" \/>\n<meta property=\"og:image\" content=\"https:\/\/eurotrail.info\/wp\/wp-content\/uploads\/2021\/11\/ETCF2036-Nova-Venossa-Set-23-1.jpg\" \/>\n\t<meta property=\"og:image:width\" content=\"1766\" \/>\n\t<meta property=\"og:image:height\" content=\"2376\" \/>\n\t<meta property=\"og:image:type\" content=\"image\/jpeg\" \/>\n<meta name=\"twitter:card\" content=\"summary_large_image\" \/>\n<script type=\"application\/ld+json\" class=\"yoast-schema-graph\">{\"@context\":\"https:\\\/\\\/schema.org\",\"@graph\":[{\"@type\":\"WebPage\",\"@id\":\"https:\\\/\\\/eurotrail.info\\\/de\\\/producten\\\/campingmoebel\\\/campingschraenke\\\/nova-venossa-klappschrank\\\/\",\"url\":\"https:\\\/\\\/eurotrail.info\\\/de\\\/producten\\\/campingmoebel\\\/campingschraenke\\\/nova-venossa-klappschrank\\\/\",\"name\":\"Nova Venossa Klappschrank - Eurotrail\",\"isPartOf\":{\"@id\":\"https:\\\/\\\/eurotrail.info\\\/#website\"},\"primaryImageOfPage\":{\"@id\":\"https:\\\/\\\/eurotrail.info\\\/de\\\/producten\\\/campingmoebel\\\/campingschraenke\\\/nova-venossa-klappschrank\\\/#primaryimage\"},\"image\":{\"@id\":\"https:\\\/\\\/eurotrail.info\\\/de\\\/producten\\\/campingmoebel\\\/campingschraenke\\\/nova-venossa-klappschrank\\\/#primaryimage\"},\"thumbnailUrl\":\"https:\\\/\\\/eurotrail.info\\\/wp\\\/wp-content\\\/uploads\\\/2021\\\/11\\\/ETCF2036-Nova-Venossa-Set-23-1.jpg\",\"datePublished\":\"2021-11-22T13:38:01+00:00\",\"dateModified\":\"2022-04-13T08:19:29+00:00\",\"description\":\"Einfach und schnell aufzubauender Klappschrank. Der Nova Venossa besteht aus Polyester und wird mit Bambusregalen geliefert.\",\"breadcrumb\":{\"@id\":\"https:\\\/\\\/eurotrail.info\\\/de\\\/producten\\\/campingmoebel\\\/campingschraenke\\\/nova-venossa-klappschrank\\\/#breadcrumb\"},\"inLanguage\":\"de\",\"potentialAction\":[{\"@type\":\"ReadAction\",\"target\":[\"https:\\\/\\\/eurotrail.info\\\/de\\\/producten\\\/campingmoebel\\\/campingschraenke\\\/nova-venossa-klappschrank\\\/\"]}]},{\"@type\":\"ImageObject\",\"inLanguage\":\"de\",\"@id\":\"https:\\\/\\\/eurotrail.info\\\/de\\\/producten\\\/campingmoebel\\\/campingschraenke\\\/nova-venossa-klappschrank\\\/#primaryimage\",\"url\":\"https:\\\/\\\/eurotrail.info\\\/wp\\\/wp-content\\\/uploads\\\/2021\\\/11\\\/ETCF2036-Nova-Venossa-Set-23-1.jpg\",\"contentUrl\":\"https:\\\/\\\/eurotrail.info\\\/wp\\\/wp-content\\\/uploads\\\/2021\\\/11\\\/ETCF2036-Nova-Venossa-Set-23-1.jpg\",\"width\":1766,\"height\":2376,\"caption\":\"Eurotrail Venossa campingkast\"},{\"@type\":\"BreadcrumbList\",\"@id\":\"https:\\\/\\\/eurotrail.info\\\/de\\\/producten\\\/campingmoebel\\\/campingschraenke\\\/nova-venossa-klappschrank\\\/#breadcrumb\",\"itemListElement\":[{\"@type\":\"ListItem\",\"position\":1,\"name\":\"Home\",\"item\":\"https:\\\/\\\/eurotrail.info\\\/de\\\/\"},{\"@type\":\"ListItem\",\"position\":2,\"name\":\"Produkte\",\"item\":\"https:\\\/\\\/eurotrail.info\\\/de\\\/produkte\\\/\"},{\"@type\":\"ListItem\",\"position\":3,\"name\":\"Nova Venossa Klappschrank\"}]},{\"@type\":\"WebSite\",\"@id\":\"https:\\\/\\\/eurotrail.info\\\/#website\",\"url\":\"https:\\\/\\\/eurotrail.info\\\/\",\"name\":\"Eurotrail\",\"description\":\"\",\"publisher\":{\"@id\":\"https:\\\/\\\/eurotrail.info\\\/#organization\"},\"potentialAction\":[{\"@type\":\"SearchAction\",\"target\":{\"@type\":\"EntryPoint\",\"urlTemplate\":\"https:\\\/\\\/eurotrail.info\\\/?s={search_term_string}\"},\"query-input\":{\"@type\":\"PropertyValueSpecification\",\"valueRequired\":true,\"valueName\":\"search_term_string\"}}],\"inLanguage\":\"de\"},{\"@type\":\"Organization\",\"@id\":\"https:\\\/\\\/eurotrail.info\\\/#organization\",\"name\":\"Eurotrail\",\"url\":\"https:\\\/\\\/eurotrail.info\\\/\",\"logo\":{\"@type\":\"ImageObject\",\"inLanguage\":\"de\",\"@id\":\"https:\\\/\\\/eurotrail.info\\\/#\\\/schema\\\/logo\\\/image\\\/\",\"url\":\"https:\\\/\\\/eurotrail.info\\\/wp\\\/wp-content\\\/uploads\\\/2023\\\/07\\\/ET-logo-quote_NL-scaled.jpg\",\"contentUrl\":\"https:\\\/\\\/eurotrail.info\\\/wp\\\/wp-content\\\/uploads\\\/2023\\\/07\\\/ET-logo-quote_NL-scaled.jpg\",\"width\":2560,\"height\":675,\"caption\":\"Eurotrail\"},\"image\":{\"@id\":\"https:\\\/\\\/eurotrail.info\\\/#\\\/schema\\\/logo\\\/image\\\/\"}}]}<\/script>\n<!-- \/ Yoast SEO plugin. -->","yoast_head_json":{"title":"Nova Venossa Klappschrank - Eurotrail","description":"Einfach und schnell aufzubauender Klappschrank. Der Nova Venossa besteht aus Polyester und wird mit Bambusregalen geliefert.","robots":{"index":"index","follow":"follow","max-snippet":"max-snippet:-1","max-image-preview":"max-image-preview:large","max-video-preview":"max-video-preview:-1"},"canonical":"https:\/\/eurotrail.info\/de\/producten\/campingmoebel\/campingschraenke\/nova-venossa-klappschrank\/","og_locale":"de_DE","og_type":"article","og_title":"Nova Venossa Klappschrank - Eurotrail","og_description":"Einfach und schnell aufzubauender Klappschrank. Der Nova Venossa besteht aus Polyester und wird mit Bambusregalen geliefert.","og_url":"https:\/\/eurotrail.info\/de\/producten\/campingmoebel\/campingschraenke\/nova-venossa-klappschrank\/","og_site_name":"Eurotrail","article_modified_time":"2022-04-13T08:19:29+00:00","og_image":[{"width":1766,"height":2376,"url":"https:\/\/eurotrail.info\/wp\/wp-content\/uploads\/2021\/11\/ETCF2036-Nova-Venossa-Set-23-1.jpg","type":"image\/jpeg"}],"twitter_card":"summary_large_image","schema":{"@context":"https:\/\/schema.org","@graph":[{"@type":"WebPage","@id":"https:\/\/eurotrail.info\/de\/producten\/campingmoebel\/campingschraenke\/nova-venossa-klappschrank\/","url":"https:\/\/eurotrail.info\/de\/producten\/campingmoebel\/campingschraenke\/nova-venossa-klappschrank\/","name":"Nova Venossa Klappschrank - Eurotrail","isPartOf":{"@id":"https:\/\/eurotrail.info\/#website"},"primaryImageOfPage":{"@id":"https:\/\/eurotrail.info\/de\/producten\/campingmoebel\/campingschraenke\/nova-venossa-klappschrank\/#primaryimage"},"image":{"@id":"https:\/\/eurotrail.info\/de\/producten\/campingmoebel\/campingschraenke\/nova-venossa-klappschrank\/#primaryimage"},"thumbnailUrl":"https:\/\/eurotrail.info\/wp\/wp-content\/uploads\/2021\/11\/ETCF2036-Nova-Venossa-Set-23-1.jpg","datePublished":"2021-11-22T13:38:01+00:00","dateModified":"2022-04-13T08:19:29+00:00","description":"Einfach und schnell aufzubauender Klappschrank. Der Nova Venossa besteht aus Polyester und wird mit Bambusregalen geliefert.","breadcrumb":{"@id":"https:\/\/eurotrail.info\/de\/producten\/campingmoebel\/campingschraenke\/nova-venossa-klappschrank\/#breadcrumb"},"inLanguage":"de","potentialAction":[{"@type":"ReadAction","target":["https:\/\/eurotrail.info\/de\/producten\/campingmoebel\/campingschraenke\/nova-venossa-klappschrank\/"]}]},{"@type":"ImageObject","inLanguage":"de","@id":"https:\/\/eurotrail.info\/de\/producten\/campingmoebel\/campingschraenke\/nova-venossa-klappschrank\/#primaryimage","url":"https:\/\/eurotrail.info\/wp\/wp-content\/uploads\/2021\/11\/ETCF2036-Nova-Venossa-Set-23-1.jpg","contentUrl":"https:\/\/eurotrail.info\/wp\/wp-content\/uploads\/2021\/11\/ETCF2036-Nova-Venossa-Set-23-1.jpg","width":1766,"height":2376,"caption":"Eurotrail Venossa campingkast"},{"@type":"BreadcrumbList","@id":"https:\/\/eurotrail.info\/de\/producten\/campingmoebel\/campingschraenke\/nova-venossa-klappschrank\/#breadcrumb","itemListElement":[{"@type":"ListItem","position":1,"name":"Home","item":"https:\/\/eurotrail.info\/de\/"},{"@type":"ListItem","position":2,"name":"Produkte","item":"https:\/\/eurotrail.info\/de\/produkte\/"},{"@type":"ListItem","position":3,"name":"Nova Venossa Klappschrank"}]},{"@type":"WebSite","@id":"https:\/\/eurotrail.info\/#website","url":"https:\/\/eurotrail.info\/","name":"Eurotrail","description":"","publisher":{"@id":"https:\/\/eurotrail.info\/#organization"},"potentialAction":[{"@type":"SearchAction","target":{"@type":"EntryPoint","urlTemplate":"https:\/\/eurotrail.info\/?s={search_term_string}"},"query-input":{"@type":"PropertyValueSpecification","valueRequired":true,"valueName":"search_term_string"}}],"inLanguage":"de"},{"@type":"Organization","@id":"https:\/\/eurotrail.info\/#organization","name":"Eurotrail","url":"https:\/\/eurotrail.info\/","logo":{"@type":"ImageObject","inLanguage":"de","@id":"https:\/\/eurotrail.info\/#\/schema\/logo\/image\/","url":"https:\/\/eurotrail.info\/wp\/wp-content\/uploads\/2023\/07\/ET-logo-quote_NL-scaled.jpg","contentUrl":"https:\/\/eurotrail.info\/wp\/wp-content\/uploads\/2023\/07\/ET-logo-quote_NL-scaled.jpg","width":2560,"height":675,"caption":"Eurotrail"},"image":{"@id":"https:\/\/eurotrail.info\/#\/schema\/logo\/image\/"}}]}},"_links":{"self":[{"href":"https:\/\/eurotrail.info\/de\/wp-json\/wp\/v2\/product\/13678","targetHints":{"allow":["GET"]}}],"collection":[{"href":"https:\/\/eurotrail.info\/de\/wp-json\/wp\/v2\/product"}],"about":[{"href":"https:\/\/eurotrail.info\/de\/wp-json\/wp\/v2\/types\/product"}],"replies":[{"embeddable":true,"href":"https:\/\/eurotrail.info\/de\/wp-json\/wp\/v2\/comments?post=13678"}],"wp:featuredmedia":[{"embeddable":true,"href":"https:\/\/eurotrail.info\/de\/wp-json\/wp\/v2\/media\/15255"}],"wp:attachment":[{"href":"https:\/\/eurotrail.info\/de\/wp-json\/wp\/v2\/media?parent=13678"}],"wp:term":[{"taxonomy":"product_brand","embeddable":true,"href":"https:\/\/eurotrail.info\/de\/wp-json\/wp\/v2\/product_brand?post=13678"},{"taxonomy":"product_cat","embeddable":true,"href":"https:\/\/eurotrail.info\/de\/wp-json\/wp\/v2\/product_cat?post=13678"},{"taxonomy":"product_tag","embeddable":true,"href":"https:\/\/eurotrail.info\/de\/wp-json\/wp\/v2\/product_tag?post=13678"}],"curies":[{"name":"wp","href":"https:\/\/api.w.org\/{rel}","templated":true}]}}