{"id":13779,"date":"2021-11-22T15:40:01","date_gmt":"2021-11-22T14:40:01","guid":{"rendered":"https:\/\/eurotrail.info\/producten\/etna-keramikheizung\/"},"modified":"2021-11-22T15:40:01","modified_gmt":"2021-11-22T14:40:01","slug":"etna-keramikheizung","status":"publish","type":"product","link":"https:\/\/eurotrail.info\/de\/producten\/haushaltartikel\/heizgeraeten\/etna-keramikheizung\/","title":{"rendered":"ETNA Keramikheizung"},"content":{"rendered":"<p>Original runde Keramikheizung, mit der Sie das perfekte Klima in Ihrem Wohnmobil oder Wohnwagen schaffen k\u00f6nnen. Die Heizung sorgt f\u00fcr eine konstante und angenehme Temperatur. Ideal f\u00fcr den Einsatz in der Fr\u00fch- oder Sp\u00e4tsaison!<\/p>\n<p>Diese Keramikheizung ist mit einem Thermostat ausgestattet, der eine konstante und angenehme Temperatur gew\u00e4hrleistet. Sie k\u00f6nnen es mit 2 Heizstufen von 750 W &#8211; 1500 W nach Ihren W\u00fcnschen einstellen.<\/p>\n<p>Oszillation: Auf der R\u00fcckseite befindet sich ein Ein \/ Aus-Schalter. Beim Einschalten dreht sich die Heizung um 45 Grad und verteilt angenehm warme Luft in den Raum.<\/p>\n<p>Schalten Sie an hei\u00dfen Sommertagen den L\u00fcfter im separaten Modus ein und Sie erhalten einen angenehm frischen Luftstrom.<\/p>\n<p>Dreifache Sicherheit: Ein \u00dcberhitzungsschutz, der Kipp- \/ Ber\u00fchrungsschutz und der W\u00e4rmeschutz sorgen daf\u00fcr, dass das Ger\u00e4t vor unvorhergesehenen Situationen gesch\u00fctzt ist.<\/p>\n<p>Der integrierte Griff erleichtert und sicher das Aufnehmen und Bewegen des Ofens. Die Heizung schaltet sich sofort aus, wenn sie angehoben wird.<\/p>\n<p>Eurotrail-Keramik-Heizungen sind von hoher Qualit\u00e4t, kompakt, sicher und einfach zu bedienen und bieten optimale Benutzerfreundlichkeit. Ideal f\u00fcr den Einsatz an kalten Tagen auf dem Campingplatz oder sogar zu Hause!<\/p>\n<p>Model: ETHT0001 Keramikheizung<br \/>\nMax. 750-1500W<br \/>\nStrom: 220-240V<br \/>\nAbmessung: 14x14x12cm<br \/>\nGewicht: 1.2kg<\/p>\n","protected":false},"excerpt":{"rendered":"<p>Original runde Keramikheizung, mit der Sie das perfekte Klima in Ihrem Wohnmobil oder Wohnwagen schaffen k\u00f6nnen. Die Heizung sorgt f\u00fcr eine konstante und angenehme Temperatur.&hellip;<\/p>\n","protected":false},"featured_media":13777,"comment_status":"open","ping_status":"closed","template":"","meta":{"_acf_changed":false},"product_brand":[],"product_cat":[78,294],"product_tag":[],"class_list":{"0":"post-13779","1":"product","2":"type-product","3":"status-publish","4":"has-post-thumbnail","6":"product_cat-haushaltartikel","7":"product_cat-heizgeraeten","9":"first","10":"instock","11":"shipping-taxable","12":"product-type-simple"},"acf":[],"yoast_head":"<!-- This site is optimized with the Yoast SEO plugin v27.3 - https:\/\/yoast.com\/product\/yoast-seo-wordpress\/ -->\n<title>ETNA Keramikheizung - Eurotrail<\/title>\n<meta name=\"robots\" content=\"index, follow, max-snippet:-1, max-image-preview:large, max-video-preview:-1\" \/>\n<link rel=\"canonical\" href=\"https:\/\/eurotrail.info\/de\/producten\/haushaltartikel\/heizgeraeten\/etna-keramikheizung\/\" \/>\n<meta property=\"og:locale\" content=\"de_DE\" \/>\n<meta property=\"og:type\" content=\"article\" \/>\n<meta property=\"og:title\" content=\"ETNA Keramikheizung - Eurotrail\" \/>\n<meta property=\"og:description\" content=\"Original runde Keramikheizung, mit der Sie das perfekte Klima in Ihrem Wohnmobil oder Wohnwagen schaffen k\u00f6nnen. Die Heizung sorgt f\u00fcr eine konstante und angenehme Temperatur.&hellip;\" \/>\n<meta property=\"og:url\" content=\"https:\/\/eurotrail.info\/de\/producten\/haushaltartikel\/heizgeraeten\/etna-keramikheizung\/\" \/>\n<meta property=\"og:site_name\" content=\"Eurotrail\" \/>\n<meta property=\"og:image\" content=\"https:\/\/eurotrail.info\/wp\/wp-content\/uploads\/2021\/11\/ETHT0001_0100_1.jpg\" \/>\n\t<meta property=\"og:image:width\" content=\"1536\" \/>\n\t<meta property=\"og:image:height\" content=\"1772\" \/>\n\t<meta property=\"og:image:type\" content=\"image\/jpeg\" \/>\n<meta name=\"twitter:card\" content=\"summary_large_image\" \/>\n<meta name=\"twitter:label1\" content=\"Gesch\u00e4tzte Lesezeit\" \/>\n\t<meta name=\"twitter:data1\" content=\"1\u00a0Minute\" \/>\n<script type=\"application\/ld+json\" class=\"yoast-schema-graph\">{\"@context\":\"https:\\\/\\\/schema.org\",\"@graph\":[{\"@type\":\"WebPage\",\"@id\":\"https:\\\/\\\/eurotrail.info\\\/de\\\/producten\\\/haushaltartikel\\\/heizgeraeten\\\/etna-keramikheizung\\\/\",\"url\":\"https:\\\/\\\/eurotrail.info\\\/de\\\/producten\\\/haushaltartikel\\\/heizgeraeten\\\/etna-keramikheizung\\\/\",\"name\":\"ETNA Keramikheizung - Eurotrail\",\"isPartOf\":{\"@id\":\"https:\\\/\\\/eurotrail.info\\\/#website\"},\"primaryImageOfPage\":{\"@id\":\"https:\\\/\\\/eurotrail.info\\\/de\\\/producten\\\/haushaltartikel\\\/heizgeraeten\\\/etna-keramikheizung\\\/#primaryimage\"},\"image\":{\"@id\":\"https:\\\/\\\/eurotrail.info\\\/de\\\/producten\\\/haushaltartikel\\\/heizgeraeten\\\/etna-keramikheizung\\\/#primaryimage\"},\"thumbnailUrl\":\"https:\\\/\\\/eurotrail.info\\\/wp\\\/wp-content\\\/uploads\\\/2021\\\/11\\\/ETHT0001_0100_1.jpg\",\"datePublished\":\"2021-11-22T14:40:01+00:00\",\"breadcrumb\":{\"@id\":\"https:\\\/\\\/eurotrail.info\\\/de\\\/producten\\\/haushaltartikel\\\/heizgeraeten\\\/etna-keramikheizung\\\/#breadcrumb\"},\"inLanguage\":\"de\",\"potentialAction\":[{\"@type\":\"ReadAction\",\"target\":[\"https:\\\/\\\/eurotrail.info\\\/de\\\/producten\\\/haushaltartikel\\\/heizgeraeten\\\/etna-keramikheizung\\\/\"]}]},{\"@type\":\"ImageObject\",\"inLanguage\":\"de\",\"@id\":\"https:\\\/\\\/eurotrail.info\\\/de\\\/producten\\\/haushaltartikel\\\/heizgeraeten\\\/etna-keramikheizung\\\/#primaryimage\",\"url\":\"https:\\\/\\\/eurotrail.info\\\/wp\\\/wp-content\\\/uploads\\\/2021\\\/11\\\/ETHT0001_0100_1.jpg\",\"contentUrl\":\"https:\\\/\\\/eurotrail.info\\\/wp\\\/wp-content\\\/uploads\\\/2021\\\/11\\\/ETHT0001_0100_1.jpg\",\"width\":1536,\"height\":1772,\"caption\":\"Originele ronde keramische kachel met oscillatie waarmee u het perfecte klimaat kunt cre\u00ebren in uw camper of caravan\"},{\"@type\":\"BreadcrumbList\",\"@id\":\"https:\\\/\\\/eurotrail.info\\\/de\\\/producten\\\/haushaltartikel\\\/heizgeraeten\\\/etna-keramikheizung\\\/#breadcrumb\",\"itemListElement\":[{\"@type\":\"ListItem\",\"position\":1,\"name\":\"Home\",\"item\":\"https:\\\/\\\/eurotrail.info\\\/de\\\/\"},{\"@type\":\"ListItem\",\"position\":2,\"name\":\"Produkte\",\"item\":\"https:\\\/\\\/eurotrail.info\\\/de\\\/produkte\\\/\"},{\"@type\":\"ListItem\",\"position\":3,\"name\":\"ETNA Keramikheizung\"}]},{\"@type\":\"WebSite\",\"@id\":\"https:\\\/\\\/eurotrail.info\\\/#website\",\"url\":\"https:\\\/\\\/eurotrail.info\\\/\",\"name\":\"Eurotrail\",\"description\":\"\",\"publisher\":{\"@id\":\"https:\\\/\\\/eurotrail.info\\\/#organization\"},\"potentialAction\":[{\"@type\":\"SearchAction\",\"target\":{\"@type\":\"EntryPoint\",\"urlTemplate\":\"https:\\\/\\\/eurotrail.info\\\/?s={search_term_string}\"},\"query-input\":{\"@type\":\"PropertyValueSpecification\",\"valueRequired\":true,\"valueName\":\"search_term_string\"}}],\"inLanguage\":\"de\"},{\"@type\":\"Organization\",\"@id\":\"https:\\\/\\\/eurotrail.info\\\/#organization\",\"name\":\"Eurotrail\",\"url\":\"https:\\\/\\\/eurotrail.info\\\/\",\"logo\":{\"@type\":\"ImageObject\",\"inLanguage\":\"de\",\"@id\":\"https:\\\/\\\/eurotrail.info\\\/#\\\/schema\\\/logo\\\/image\\\/\",\"url\":\"https:\\\/\\\/eurotrail.info\\\/wp\\\/wp-content\\\/uploads\\\/2023\\\/07\\\/ET-logo-quote_NL-scaled.jpg\",\"contentUrl\":\"https:\\\/\\\/eurotrail.info\\\/wp\\\/wp-content\\\/uploads\\\/2023\\\/07\\\/ET-logo-quote_NL-scaled.jpg\",\"width\":2560,\"height\":675,\"caption\":\"Eurotrail\"},\"image\":{\"@id\":\"https:\\\/\\\/eurotrail.info\\\/#\\\/schema\\\/logo\\\/image\\\/\"}}]}<\/script>\n<!-- \/ Yoast SEO plugin. -->","yoast_head_json":{"title":"ETNA Keramikheizung - Eurotrail","robots":{"index":"index","follow":"follow","max-snippet":"max-snippet:-1","max-image-preview":"max-image-preview:large","max-video-preview":"max-video-preview:-1"},"canonical":"https:\/\/eurotrail.info\/de\/producten\/haushaltartikel\/heizgeraeten\/etna-keramikheizung\/","og_locale":"de_DE","og_type":"article","og_title":"ETNA Keramikheizung - Eurotrail","og_description":"Original runde Keramikheizung, mit der Sie das perfekte Klima in Ihrem Wohnmobil oder Wohnwagen schaffen k\u00f6nnen. Die Heizung sorgt f\u00fcr eine konstante und angenehme Temperatur.&hellip;","og_url":"https:\/\/eurotrail.info\/de\/producten\/haushaltartikel\/heizgeraeten\/etna-keramikheizung\/","og_site_name":"Eurotrail","og_image":[{"width":1536,"height":1772,"url":"https:\/\/eurotrail.info\/wp\/wp-content\/uploads\/2021\/11\/ETHT0001_0100_1.jpg","type":"image\/jpeg"}],"twitter_card":"summary_large_image","twitter_misc":{"Gesch\u00e4tzte Lesezeit":"1\u00a0Minute"},"schema":{"@context":"https:\/\/schema.org","@graph":[{"@type":"WebPage","@id":"https:\/\/eurotrail.info\/de\/producten\/haushaltartikel\/heizgeraeten\/etna-keramikheizung\/","url":"https:\/\/eurotrail.info\/de\/producten\/haushaltartikel\/heizgeraeten\/etna-keramikheizung\/","name":"ETNA Keramikheizung - Eurotrail","isPartOf":{"@id":"https:\/\/eurotrail.info\/#website"},"primaryImageOfPage":{"@id":"https:\/\/eurotrail.info\/de\/producten\/haushaltartikel\/heizgeraeten\/etna-keramikheizung\/#primaryimage"},"image":{"@id":"https:\/\/eurotrail.info\/de\/producten\/haushaltartikel\/heizgeraeten\/etna-keramikheizung\/#primaryimage"},"thumbnailUrl":"https:\/\/eurotrail.info\/wp\/wp-content\/uploads\/2021\/11\/ETHT0001_0100_1.jpg","datePublished":"2021-11-22T14:40:01+00:00","breadcrumb":{"@id":"https:\/\/eurotrail.info\/de\/producten\/haushaltartikel\/heizgeraeten\/etna-keramikheizung\/#breadcrumb"},"inLanguage":"de","potentialAction":[{"@type":"ReadAction","target":["https:\/\/eurotrail.info\/de\/producten\/haushaltartikel\/heizgeraeten\/etna-keramikheizung\/"]}]},{"@type":"ImageObject","inLanguage":"de","@id":"https:\/\/eurotrail.info\/de\/producten\/haushaltartikel\/heizgeraeten\/etna-keramikheizung\/#primaryimage","url":"https:\/\/eurotrail.info\/wp\/wp-content\/uploads\/2021\/11\/ETHT0001_0100_1.jpg","contentUrl":"https:\/\/eurotrail.info\/wp\/wp-content\/uploads\/2021\/11\/ETHT0001_0100_1.jpg","width":1536,"height":1772,"caption":"Originele ronde keramische kachel met oscillatie waarmee u het perfecte klimaat kunt cre\u00ebren in uw camper of caravan"},{"@type":"BreadcrumbList","@id":"https:\/\/eurotrail.info\/de\/producten\/haushaltartikel\/heizgeraeten\/etna-keramikheizung\/#breadcrumb","itemListElement":[{"@type":"ListItem","position":1,"name":"Home","item":"https:\/\/eurotrail.info\/de\/"},{"@type":"ListItem","position":2,"name":"Produkte","item":"https:\/\/eurotrail.info\/de\/produkte\/"},{"@type":"ListItem","position":3,"name":"ETNA Keramikheizung"}]},{"@type":"WebSite","@id":"https:\/\/eurotrail.info\/#website","url":"https:\/\/eurotrail.info\/","name":"Eurotrail","description":"","publisher":{"@id":"https:\/\/eurotrail.info\/#organization"},"potentialAction":[{"@type":"SearchAction","target":{"@type":"EntryPoint","urlTemplate":"https:\/\/eurotrail.info\/?s={search_term_string}"},"query-input":{"@type":"PropertyValueSpecification","valueRequired":true,"valueName":"search_term_string"}}],"inLanguage":"de"},{"@type":"Organization","@id":"https:\/\/eurotrail.info\/#organization","name":"Eurotrail","url":"https:\/\/eurotrail.info\/","logo":{"@type":"ImageObject","inLanguage":"de","@id":"https:\/\/eurotrail.info\/#\/schema\/logo\/image\/","url":"https:\/\/eurotrail.info\/wp\/wp-content\/uploads\/2023\/07\/ET-logo-quote_NL-scaled.jpg","contentUrl":"https:\/\/eurotrail.info\/wp\/wp-content\/uploads\/2023\/07\/ET-logo-quote_NL-scaled.jpg","width":2560,"height":675,"caption":"Eurotrail"},"image":{"@id":"https:\/\/eurotrail.info\/#\/schema\/logo\/image\/"}}]}},"_links":{"self":[{"href":"https:\/\/eurotrail.info\/de\/wp-json\/wp\/v2\/product\/13779","targetHints":{"allow":["GET"]}}],"collection":[{"href":"https:\/\/eurotrail.info\/de\/wp-json\/wp\/v2\/product"}],"about":[{"href":"https:\/\/eurotrail.info\/de\/wp-json\/wp\/v2\/types\/product"}],"replies":[{"embeddable":true,"href":"https:\/\/eurotrail.info\/de\/wp-json\/wp\/v2\/comments?post=13779"}],"wp:featuredmedia":[{"embeddable":true,"href":"https:\/\/eurotrail.info\/de\/wp-json\/wp\/v2\/media\/13777"}],"wp:attachment":[{"href":"https:\/\/eurotrail.info\/de\/wp-json\/wp\/v2\/media?parent=13779"}],"wp:term":[{"taxonomy":"product_brand","embeddable":true,"href":"https:\/\/eurotrail.info\/de\/wp-json\/wp\/v2\/product_brand?post=13779"},{"taxonomy":"product_cat","embeddable":true,"href":"https:\/\/eurotrail.info\/de\/wp-json\/wp\/v2\/product_cat?post=13779"},{"taxonomy":"product_tag","embeddable":true,"href":"https:\/\/eurotrail.info\/de\/wp-json\/wp\/v2\/product_tag?post=13779"}],"curies":[{"name":"wp","href":"https:\/\/api.w.org\/{rel}","templated":true}]}}