{"id":13815,"date":"2021-11-22T15:54:41","date_gmt":"2021-11-22T14:54:41","guid":{"rendered":"https:\/\/eurotrail.info\/producten\/mauna-keramikheizung\/"},"modified":"2023-12-05T11:58:57","modified_gmt":"2023-12-05T10:58:57","slug":"mauna-keramikheizung","status":"publish","type":"product","link":"https:\/\/eurotrail.info\/de\/producten\/haushaltartikel\/heizgeraeten\/mauna-keramikheizung\/","title":{"rendered":"MAUNA Keramikheizung"},"content":{"rendered":"<p>Keramikheizung, mit der Sie das perfekte Klima in Ihrem Wohnmobil oder Wohnwagen schaffen k\u00f6nnen. Der Ofen sorgt f\u00fcr eine konstante und angenehme Temperatur, so dass Sie immer sch\u00f6n warm sind. Ideal f\u00fcr den Einsatz in der Fr\u00fch- oder Sp\u00e4tsaison!<\/p>\n<p>Diese Keramikheizung ist mit einem Thermostat ausgestattet, der eine konstante und angenehme Temperatur gew\u00e4hrleistet. Sie k\u00f6nnen es mit 2 Heizstufen von 1000 W bis 1500 W nach Ihren W\u00fcnschen einstellen.<\/p>\n<p>Schwingung: In Leistungsstufe 3 k\u00f6nnen Sie eine Schwingung einschalten. Beim Einschalten dreht sich die Heizung um 45 Grad und verteilt dann angenehm warme Luft in den Raum.<\/p>\n<p>Schalten Sie an hei\u00dfen Sommertagen den L\u00fcfter im separaten Modus ein, um einen angenehm frischen Luftstrom zu erzielen.<\/p>\n<p>Dreifache Sicherheit: Ein \u00dcberhitzungsschutz, der Kipp- \/ Ber\u00fchrungsschutz und der W\u00e4rmeschutz sorgen daf\u00fcr, dass das Ger\u00e4t vor unvorhergesehenen Situationen gesch\u00fctzt ist.<\/p>\n<p>Der integrierte Griff sorgt daf\u00fcr, dass Sie den Ofen einfach und sicher aufnehmen und bewegen k\u00f6nnen. Beim Anheben schaltet sich die Heizung sofort aus.<\/p>\n<p>Eurotrail-\u00d6fen sind von hoher Qualit\u00e4t, kompakt, sicher und einfach zu bedienen und bieten optimale Benutzerfreundlichkeit. Ideal f\u00fcr den Einsatz an kalten Tagen auf dem Campingplatz oder sogar zu Hause!<\/p>\n<p>Modell: Keramikheizung ETHT0006<br \/>\nHeizleistung: max. 1500W<br \/>\nStromversorgung: 220-240V<br \/>\nStromaufnahme: 6,5A<br \/>\nOfenabmessungen: 16x12x14,5 cm<br \/>\nGewicht: 1,2 kg<\/p>\n","protected":false},"excerpt":{"rendered":"<p>Keramikheizung, mit der Sie das perfekte Klima in Ihrem Wohnmobil oder Wohnwagen schaffen k\u00f6nnen. Der Ofen sorgt f\u00fcr eine konstante und angenehme Temperatur, so dass&hellip;<\/p>\n","protected":false},"featured_media":13841,"comment_status":"open","ping_status":"closed","template":"","meta":{"_acf_changed":false},"product_brand":[],"product_cat":[78,294],"product_tag":[],"class_list":{"0":"post-13815","1":"product","2":"type-product","3":"status-publish","4":"has-post-thumbnail","6":"product_cat-haushaltartikel","7":"product_cat-heizgeraeten","9":"first","10":"instock","11":"shipping-taxable","12":"product-type-simple"},"acf":[],"yoast_head":"<!-- This site is optimized with the Yoast SEO plugin v27.4 - https:\/\/yoast.com\/product\/yoast-seo-wordpress\/ -->\n<title>MAUNA Keramikheizung - Eurotrail<\/title>\n<meta name=\"robots\" content=\"index, follow, max-snippet:-1, max-image-preview:large, max-video-preview:-1\" \/>\n<link rel=\"canonical\" href=\"https:\/\/eurotrail.info\/de\/producten\/haushaltartikel\/heizgeraeten\/mauna-keramikheizung\/\" \/>\n<meta property=\"og:locale\" content=\"de_DE\" \/>\n<meta property=\"og:type\" content=\"article\" \/>\n<meta property=\"og:title\" content=\"MAUNA Keramikheizung - Eurotrail\" \/>\n<meta property=\"og:description\" content=\"Keramikheizung, mit der Sie das perfekte Klima in Ihrem Wohnmobil oder Wohnwagen schaffen k\u00f6nnen. Der Ofen sorgt f\u00fcr eine konstante und angenehme Temperatur, so dass&hellip;\" \/>\n<meta property=\"og:url\" content=\"https:\/\/eurotrail.info\/de\/producten\/haushaltartikel\/heizgeraeten\/mauna-keramikheizung\/\" \/>\n<meta property=\"og:site_name\" content=\"Eurotrail\" \/>\n<meta property=\"article:modified_time\" content=\"2023-12-05T10:58:57+00:00\" \/>\n<meta property=\"og:image\" content=\"https:\/\/eurotrail.info\/wp\/wp-content\/uploads\/2021\/11\/ETHT0006_0126_1.jpg\" \/>\n\t<meta property=\"og:image:width\" content=\"1266\" \/>\n\t<meta property=\"og:image:height\" content=\"1772\" \/>\n\t<meta property=\"og:image:type\" content=\"image\/jpeg\" \/>\n<meta name=\"twitter:card\" content=\"summary_large_image\" \/>\n<meta name=\"twitter:label1\" content=\"Gesch\u00e4tzte Lesezeit\" \/>\n\t<meta name=\"twitter:data1\" content=\"2\u00a0Minuten\" \/>\n<script type=\"application\/ld+json\" class=\"yoast-schema-graph\">{\"@context\":\"https:\\\/\\\/schema.org\",\"@graph\":[{\"@type\":\"WebPage\",\"@id\":\"https:\\\/\\\/eurotrail.info\\\/de\\\/producten\\\/haushaltartikel\\\/heizgeraeten\\\/mauna-keramikheizung\\\/\",\"url\":\"https:\\\/\\\/eurotrail.info\\\/de\\\/producten\\\/haushaltartikel\\\/heizgeraeten\\\/mauna-keramikheizung\\\/\",\"name\":\"MAUNA Keramikheizung - Eurotrail\",\"isPartOf\":{\"@id\":\"https:\\\/\\\/eurotrail.info\\\/#website\"},\"primaryImageOfPage\":{\"@id\":\"https:\\\/\\\/eurotrail.info\\\/de\\\/producten\\\/haushaltartikel\\\/heizgeraeten\\\/mauna-keramikheizung\\\/#primaryimage\"},\"image\":{\"@id\":\"https:\\\/\\\/eurotrail.info\\\/de\\\/producten\\\/haushaltartikel\\\/heizgeraeten\\\/mauna-keramikheizung\\\/#primaryimage\"},\"thumbnailUrl\":\"https:\\\/\\\/eurotrail.info\\\/wp\\\/wp-content\\\/uploads\\\/2021\\\/11\\\/ETHT0006_0126_1.jpg\",\"datePublished\":\"2021-11-22T14:54:41+00:00\",\"dateModified\":\"2023-12-05T10:58:57+00:00\",\"breadcrumb\":{\"@id\":\"https:\\\/\\\/eurotrail.info\\\/de\\\/producten\\\/haushaltartikel\\\/heizgeraeten\\\/mauna-keramikheizung\\\/#breadcrumb\"},\"inLanguage\":\"de\",\"potentialAction\":[{\"@type\":\"ReadAction\",\"target\":[\"https:\\\/\\\/eurotrail.info\\\/de\\\/producten\\\/haushaltartikel\\\/heizgeraeten\\\/mauna-keramikheizung\\\/\"]}]},{\"@type\":\"ImageObject\",\"inLanguage\":\"de\",\"@id\":\"https:\\\/\\\/eurotrail.info\\\/de\\\/producten\\\/haushaltartikel\\\/heizgeraeten\\\/mauna-keramikheizung\\\/#primaryimage\",\"url\":\"https:\\\/\\\/eurotrail.info\\\/wp\\\/wp-content\\\/uploads\\\/2021\\\/11\\\/ETHT0006_0126_1.jpg\",\"contentUrl\":\"https:\\\/\\\/eurotrail.info\\\/wp\\\/wp-content\\\/uploads\\\/2021\\\/11\\\/ETHT0006_0126_1.jpg\",\"width\":1266,\"height\":1772,\"caption\":\"Keramische kachel met oscillatie functie waarmee u het perfecte klimaat kunt cre\u00ebren in uw camper of caravan.\"},{\"@type\":\"BreadcrumbList\",\"@id\":\"https:\\\/\\\/eurotrail.info\\\/de\\\/producten\\\/haushaltartikel\\\/heizgeraeten\\\/mauna-keramikheizung\\\/#breadcrumb\",\"itemListElement\":[{\"@type\":\"ListItem\",\"position\":1,\"name\":\"Home\",\"item\":\"https:\\\/\\\/eurotrail.info\\\/de\\\/\"},{\"@type\":\"ListItem\",\"position\":2,\"name\":\"Produkte\",\"item\":\"https:\\\/\\\/eurotrail.info\\\/de\\\/produkte\\\/\"},{\"@type\":\"ListItem\",\"position\":3,\"name\":\"MAUNA Keramikheizung\"}]},{\"@type\":\"WebSite\",\"@id\":\"https:\\\/\\\/eurotrail.info\\\/#website\",\"url\":\"https:\\\/\\\/eurotrail.info\\\/\",\"name\":\"Eurotrail\",\"description\":\"\",\"publisher\":{\"@id\":\"https:\\\/\\\/eurotrail.info\\\/#organization\"},\"potentialAction\":[{\"@type\":\"SearchAction\",\"target\":{\"@type\":\"EntryPoint\",\"urlTemplate\":\"https:\\\/\\\/eurotrail.info\\\/?s={search_term_string}\"},\"query-input\":{\"@type\":\"PropertyValueSpecification\",\"valueRequired\":true,\"valueName\":\"search_term_string\"}}],\"inLanguage\":\"de\"},{\"@type\":\"Organization\",\"@id\":\"https:\\\/\\\/eurotrail.info\\\/#organization\",\"name\":\"Eurotrail\",\"url\":\"https:\\\/\\\/eurotrail.info\\\/\",\"logo\":{\"@type\":\"ImageObject\",\"inLanguage\":\"de\",\"@id\":\"https:\\\/\\\/eurotrail.info\\\/#\\\/schema\\\/logo\\\/image\\\/\",\"url\":\"https:\\\/\\\/eurotrail.info\\\/wp\\\/wp-content\\\/uploads\\\/2023\\\/07\\\/ET-logo-quote_NL-scaled.jpg\",\"contentUrl\":\"https:\\\/\\\/eurotrail.info\\\/wp\\\/wp-content\\\/uploads\\\/2023\\\/07\\\/ET-logo-quote_NL-scaled.jpg\",\"width\":2560,\"height\":675,\"caption\":\"Eurotrail\"},\"image\":{\"@id\":\"https:\\\/\\\/eurotrail.info\\\/#\\\/schema\\\/logo\\\/image\\\/\"}}]}<\/script>\n<!-- \/ Yoast SEO plugin. -->","yoast_head_json":{"title":"MAUNA Keramikheizung - Eurotrail","robots":{"index":"index","follow":"follow","max-snippet":"max-snippet:-1","max-image-preview":"max-image-preview:large","max-video-preview":"max-video-preview:-1"},"canonical":"https:\/\/eurotrail.info\/de\/producten\/haushaltartikel\/heizgeraeten\/mauna-keramikheizung\/","og_locale":"de_DE","og_type":"article","og_title":"MAUNA Keramikheizung - Eurotrail","og_description":"Keramikheizung, mit der Sie das perfekte Klima in Ihrem Wohnmobil oder Wohnwagen schaffen k\u00f6nnen. Der Ofen sorgt f\u00fcr eine konstante und angenehme Temperatur, so dass&hellip;","og_url":"https:\/\/eurotrail.info\/de\/producten\/haushaltartikel\/heizgeraeten\/mauna-keramikheizung\/","og_site_name":"Eurotrail","article_modified_time":"2023-12-05T10:58:57+00:00","og_image":[{"width":1266,"height":1772,"url":"https:\/\/eurotrail.info\/wp\/wp-content\/uploads\/2021\/11\/ETHT0006_0126_1.jpg","type":"image\/jpeg"}],"twitter_card":"summary_large_image","twitter_misc":{"Gesch\u00e4tzte Lesezeit":"2\u00a0Minuten"},"schema":{"@context":"https:\/\/schema.org","@graph":[{"@type":"WebPage","@id":"https:\/\/eurotrail.info\/de\/producten\/haushaltartikel\/heizgeraeten\/mauna-keramikheizung\/","url":"https:\/\/eurotrail.info\/de\/producten\/haushaltartikel\/heizgeraeten\/mauna-keramikheizung\/","name":"MAUNA Keramikheizung - Eurotrail","isPartOf":{"@id":"https:\/\/eurotrail.info\/#website"},"primaryImageOfPage":{"@id":"https:\/\/eurotrail.info\/de\/producten\/haushaltartikel\/heizgeraeten\/mauna-keramikheizung\/#primaryimage"},"image":{"@id":"https:\/\/eurotrail.info\/de\/producten\/haushaltartikel\/heizgeraeten\/mauna-keramikheizung\/#primaryimage"},"thumbnailUrl":"https:\/\/eurotrail.info\/wp\/wp-content\/uploads\/2021\/11\/ETHT0006_0126_1.jpg","datePublished":"2021-11-22T14:54:41+00:00","dateModified":"2023-12-05T10:58:57+00:00","breadcrumb":{"@id":"https:\/\/eurotrail.info\/de\/producten\/haushaltartikel\/heizgeraeten\/mauna-keramikheizung\/#breadcrumb"},"inLanguage":"de","potentialAction":[{"@type":"ReadAction","target":["https:\/\/eurotrail.info\/de\/producten\/haushaltartikel\/heizgeraeten\/mauna-keramikheizung\/"]}]},{"@type":"ImageObject","inLanguage":"de","@id":"https:\/\/eurotrail.info\/de\/producten\/haushaltartikel\/heizgeraeten\/mauna-keramikheizung\/#primaryimage","url":"https:\/\/eurotrail.info\/wp\/wp-content\/uploads\/2021\/11\/ETHT0006_0126_1.jpg","contentUrl":"https:\/\/eurotrail.info\/wp\/wp-content\/uploads\/2021\/11\/ETHT0006_0126_1.jpg","width":1266,"height":1772,"caption":"Keramische kachel met oscillatie functie waarmee u het perfecte klimaat kunt cre\u00ebren in uw camper of caravan."},{"@type":"BreadcrumbList","@id":"https:\/\/eurotrail.info\/de\/producten\/haushaltartikel\/heizgeraeten\/mauna-keramikheizung\/#breadcrumb","itemListElement":[{"@type":"ListItem","position":1,"name":"Home","item":"https:\/\/eurotrail.info\/de\/"},{"@type":"ListItem","position":2,"name":"Produkte","item":"https:\/\/eurotrail.info\/de\/produkte\/"},{"@type":"ListItem","position":3,"name":"MAUNA Keramikheizung"}]},{"@type":"WebSite","@id":"https:\/\/eurotrail.info\/#website","url":"https:\/\/eurotrail.info\/","name":"Eurotrail","description":"","publisher":{"@id":"https:\/\/eurotrail.info\/#organization"},"potentialAction":[{"@type":"SearchAction","target":{"@type":"EntryPoint","urlTemplate":"https:\/\/eurotrail.info\/?s={search_term_string}"},"query-input":{"@type":"PropertyValueSpecification","valueRequired":true,"valueName":"search_term_string"}}],"inLanguage":"de"},{"@type":"Organization","@id":"https:\/\/eurotrail.info\/#organization","name":"Eurotrail","url":"https:\/\/eurotrail.info\/","logo":{"@type":"ImageObject","inLanguage":"de","@id":"https:\/\/eurotrail.info\/#\/schema\/logo\/image\/","url":"https:\/\/eurotrail.info\/wp\/wp-content\/uploads\/2023\/07\/ET-logo-quote_NL-scaled.jpg","contentUrl":"https:\/\/eurotrail.info\/wp\/wp-content\/uploads\/2023\/07\/ET-logo-quote_NL-scaled.jpg","width":2560,"height":675,"caption":"Eurotrail"},"image":{"@id":"https:\/\/eurotrail.info\/#\/schema\/logo\/image\/"}}]}},"_links":{"self":[{"href":"https:\/\/eurotrail.info\/de\/wp-json\/wp\/v2\/product\/13815","targetHints":{"allow":["GET"]}}],"collection":[{"href":"https:\/\/eurotrail.info\/de\/wp-json\/wp\/v2\/product"}],"about":[{"href":"https:\/\/eurotrail.info\/de\/wp-json\/wp\/v2\/types\/product"}],"replies":[{"embeddable":true,"href":"https:\/\/eurotrail.info\/de\/wp-json\/wp\/v2\/comments?post=13815"}],"wp:featuredmedia":[{"embeddable":true,"href":"https:\/\/eurotrail.info\/de\/wp-json\/wp\/v2\/media\/13841"}],"wp:attachment":[{"href":"https:\/\/eurotrail.info\/de\/wp-json\/wp\/v2\/media?parent=13815"}],"wp:term":[{"taxonomy":"product_brand","embeddable":true,"href":"https:\/\/eurotrail.info\/de\/wp-json\/wp\/v2\/product_brand?post=13815"},{"taxonomy":"product_cat","embeddable":true,"href":"https:\/\/eurotrail.info\/de\/wp-json\/wp\/v2\/product_cat?post=13815"},{"taxonomy":"product_tag","embeddable":true,"href":"https:\/\/eurotrail.info\/de\/wp-json\/wp\/v2\/product_tag?post=13815"}],"curies":[{"name":"wp","href":"https:\/\/api.w.org\/{rel}","templated":true}]}}