{"id":14066,"date":"2018-01-12T15:06:09","date_gmt":"2018-01-12T14:06:09","guid":{"rendered":"https:\/\/eurotrail.info\/producten\/gartenmobel-hulle\/"},"modified":"2021-11-30T12:42:49","modified_gmt":"2021-11-30T11:42:49","slug":"gartenmobel-hulle","status":"publish","type":"product","link":"https:\/\/eurotrail.info\/de\/producten\/garten\/moebelhuelle\/gartenmobel-hulle\/","title":{"rendered":"Gartenm\u00f6bel H\u00fclle"},"content":{"rendered":"<p>Eurotrail bietet f\u00fcr fast jedes Gartenm\u00f6bel-Set eine Schutzh\u00fclle.<\/p>\n<p>Hergestellt aus 100 % Polyester\/Oxford oder aus atmungsaktivem SFS-Material.<\/p>\n<p>\u00dcber diesen Link k\u00f6nnen Sie den speziellen Gartenm\u00f6belbezugsordner herunterladen und den passenden Bezug f\u00fcr Ihr Set ausw\u00e4hlen.<\/p>\n<p><a href=\"https:\/\/eurotrail.info\/wp\/wp-content\/uploads\/2018\/01\/ET-WB21-Tuincentra-Collectie-S-gecomprimeerd.pdf\">Gartenm\u00f6belh\u00fclle 2021<\/a><\/p>\n","protected":false},"excerpt":{"rendered":"<p>Eurotrail bietet f\u00fcr fast jedes Gartenm\u00f6bel-Set eine Schutzh\u00fclle. Hergestellt aus 100 % Polyester\/Oxford oder aus atmungsaktivem SFS-Material. \u00dcber diesen Link k\u00f6nnen Sie den speziellen Gartenm\u00f6belbezugsordner&hellip;<\/p>\n","protected":false},"featured_media":12888,"comment_status":"open","ping_status":"closed","template":"","meta":{"_acf_changed":false},"product_brand":[],"product_cat":[299,298],"product_tag":[],"class_list":{"0":"post-14066","1":"product","2":"type-product","3":"status-publish","4":"has-post-thumbnail","6":"product_cat-garten","7":"product_cat-moebelhuelle","9":"first","10":"instock","11":"shipping-taxable","12":"product-type-simple"},"acf":[],"yoast_head":"<!-- This site is optimized with the Yoast SEO plugin v27.3 - https:\/\/yoast.com\/product\/yoast-seo-wordpress\/ -->\n<title>Gartenm\u00f6bel H\u00fclle - Eurotrail<\/title>\n<meta name=\"robots\" content=\"index, follow, max-snippet:-1, max-image-preview:large, max-video-preview:-1\" \/>\n<link rel=\"canonical\" href=\"https:\/\/eurotrail.info\/de\/producten\/garten\/moebelhuelle\/gartenmobel-hulle\/\" \/>\n<meta property=\"og:locale\" content=\"de_DE\" \/>\n<meta property=\"og:type\" content=\"article\" \/>\n<meta property=\"og:title\" content=\"Gartenm\u00f6bel H\u00fclle - Eurotrail\" \/>\n<meta property=\"og:description\" content=\"Eurotrail bietet f\u00fcr fast jedes Gartenm\u00f6bel-Set eine Schutzh\u00fclle. Hergestellt aus 100 % Polyester\/Oxford oder aus atmungsaktivem SFS-Material. \u00dcber diesen Link k\u00f6nnen Sie den speziellen Gartenm\u00f6belbezugsordner&hellip;\" \/>\n<meta property=\"og:url\" content=\"https:\/\/eurotrail.info\/de\/producten\/garten\/moebelhuelle\/gartenmobel-hulle\/\" \/>\n<meta property=\"og:site_name\" content=\"Eurotrail\" \/>\n<meta property=\"article:modified_time\" content=\"2021-11-30T11:42:49+00:00\" \/>\n<meta property=\"og:image\" content=\"https:\/\/eurotrail.info\/wp\/wp-content\/uploads\/2018\/01\/Schermafbeelding-2021-02-22-151058-1.jpg\" \/>\n\t<meta property=\"og:image:width\" content=\"616\" \/>\n\t<meta property=\"og:image:height\" content=\"877\" \/>\n\t<meta property=\"og:image:type\" content=\"image\/jpeg\" \/>\n<meta name=\"twitter:card\" content=\"summary_large_image\" \/>\n<meta name=\"twitter:label1\" content=\"Gesch\u00e4tzte Lesezeit\" \/>\n\t<meta name=\"twitter:data1\" content=\"1\u00a0Minute\" \/>\n<script type=\"application\/ld+json\" class=\"yoast-schema-graph\">{\"@context\":\"https:\\\/\\\/schema.org\",\"@graph\":[{\"@type\":\"WebPage\",\"@id\":\"https:\\\/\\\/eurotrail.info\\\/de\\\/producten\\\/garten\\\/moebelhuelle\\\/gartenmobel-hulle\\\/\",\"url\":\"https:\\\/\\\/eurotrail.info\\\/de\\\/producten\\\/garten\\\/moebelhuelle\\\/gartenmobel-hulle\\\/\",\"name\":\"Gartenm\u00f6bel H\u00fclle - Eurotrail\",\"isPartOf\":{\"@id\":\"https:\\\/\\\/eurotrail.info\\\/#website\"},\"primaryImageOfPage\":{\"@id\":\"https:\\\/\\\/eurotrail.info\\\/de\\\/producten\\\/garten\\\/moebelhuelle\\\/gartenmobel-hulle\\\/#primaryimage\"},\"image\":{\"@id\":\"https:\\\/\\\/eurotrail.info\\\/de\\\/producten\\\/garten\\\/moebelhuelle\\\/gartenmobel-hulle\\\/#primaryimage\"},\"thumbnailUrl\":\"https:\\\/\\\/eurotrail.info\\\/wp\\\/wp-content\\\/uploads\\\/2018\\\/01\\\/Schermafbeelding-2021-02-22-151058-1.jpg\",\"datePublished\":\"2018-01-12T14:06:09+00:00\",\"dateModified\":\"2021-11-30T11:42:49+00:00\",\"breadcrumb\":{\"@id\":\"https:\\\/\\\/eurotrail.info\\\/de\\\/producten\\\/garten\\\/moebelhuelle\\\/gartenmobel-hulle\\\/#breadcrumb\"},\"inLanguage\":\"de\",\"potentialAction\":[{\"@type\":\"ReadAction\",\"target\":[\"https:\\\/\\\/eurotrail.info\\\/de\\\/producten\\\/garten\\\/moebelhuelle\\\/gartenmobel-hulle\\\/\"]}]},{\"@type\":\"ImageObject\",\"inLanguage\":\"de\",\"@id\":\"https:\\\/\\\/eurotrail.info\\\/de\\\/producten\\\/garten\\\/moebelhuelle\\\/gartenmobel-hulle\\\/#primaryimage\",\"url\":\"https:\\\/\\\/eurotrail.info\\\/wp\\\/wp-content\\\/uploads\\\/2018\\\/01\\\/Schermafbeelding-2021-02-22-151058-1.jpg\",\"contentUrl\":\"https:\\\/\\\/eurotrail.info\\\/wp\\\/wp-content\\\/uploads\\\/2018\\\/01\\\/Schermafbeelding-2021-02-22-151058-1.jpg\",\"width\":616,\"height\":877},{\"@type\":\"BreadcrumbList\",\"@id\":\"https:\\\/\\\/eurotrail.info\\\/de\\\/producten\\\/garten\\\/moebelhuelle\\\/gartenmobel-hulle\\\/#breadcrumb\",\"itemListElement\":[{\"@type\":\"ListItem\",\"position\":1,\"name\":\"Home\",\"item\":\"https:\\\/\\\/eurotrail.info\\\/de\\\/\"},{\"@type\":\"ListItem\",\"position\":2,\"name\":\"Produkte\",\"item\":\"https:\\\/\\\/eurotrail.info\\\/de\\\/produkte\\\/\"},{\"@type\":\"ListItem\",\"position\":3,\"name\":\"Gartenm\u00f6bel H\u00fclle\"}]},{\"@type\":\"WebSite\",\"@id\":\"https:\\\/\\\/eurotrail.info\\\/#website\",\"url\":\"https:\\\/\\\/eurotrail.info\\\/\",\"name\":\"Eurotrail\",\"description\":\"\",\"publisher\":{\"@id\":\"https:\\\/\\\/eurotrail.info\\\/#organization\"},\"potentialAction\":[{\"@type\":\"SearchAction\",\"target\":{\"@type\":\"EntryPoint\",\"urlTemplate\":\"https:\\\/\\\/eurotrail.info\\\/?s={search_term_string}\"},\"query-input\":{\"@type\":\"PropertyValueSpecification\",\"valueRequired\":true,\"valueName\":\"search_term_string\"}}],\"inLanguage\":\"de\"},{\"@type\":\"Organization\",\"@id\":\"https:\\\/\\\/eurotrail.info\\\/#organization\",\"name\":\"Eurotrail\",\"url\":\"https:\\\/\\\/eurotrail.info\\\/\",\"logo\":{\"@type\":\"ImageObject\",\"inLanguage\":\"de\",\"@id\":\"https:\\\/\\\/eurotrail.info\\\/#\\\/schema\\\/logo\\\/image\\\/\",\"url\":\"https:\\\/\\\/eurotrail.info\\\/wp\\\/wp-content\\\/uploads\\\/2023\\\/07\\\/ET-logo-quote_NL-scaled.jpg\",\"contentUrl\":\"https:\\\/\\\/eurotrail.info\\\/wp\\\/wp-content\\\/uploads\\\/2023\\\/07\\\/ET-logo-quote_NL-scaled.jpg\",\"width\":2560,\"height\":675,\"caption\":\"Eurotrail\"},\"image\":{\"@id\":\"https:\\\/\\\/eurotrail.info\\\/#\\\/schema\\\/logo\\\/image\\\/\"}}]}<\/script>\n<!-- \/ Yoast SEO plugin. -->","yoast_head_json":{"title":"Gartenm\u00f6bel H\u00fclle - Eurotrail","robots":{"index":"index","follow":"follow","max-snippet":"max-snippet:-1","max-image-preview":"max-image-preview:large","max-video-preview":"max-video-preview:-1"},"canonical":"https:\/\/eurotrail.info\/de\/producten\/garten\/moebelhuelle\/gartenmobel-hulle\/","og_locale":"de_DE","og_type":"article","og_title":"Gartenm\u00f6bel H\u00fclle - Eurotrail","og_description":"Eurotrail bietet f\u00fcr fast jedes Gartenm\u00f6bel-Set eine Schutzh\u00fclle. Hergestellt aus 100 % Polyester\/Oxford oder aus atmungsaktivem SFS-Material. \u00dcber diesen Link k\u00f6nnen Sie den speziellen Gartenm\u00f6belbezugsordner&hellip;","og_url":"https:\/\/eurotrail.info\/de\/producten\/garten\/moebelhuelle\/gartenmobel-hulle\/","og_site_name":"Eurotrail","article_modified_time":"2021-11-30T11:42:49+00:00","og_image":[{"width":616,"height":877,"url":"https:\/\/eurotrail.info\/wp\/wp-content\/uploads\/2018\/01\/Schermafbeelding-2021-02-22-151058-1.jpg","type":"image\/jpeg"}],"twitter_card":"summary_large_image","twitter_misc":{"Gesch\u00e4tzte Lesezeit":"1\u00a0Minute"},"schema":{"@context":"https:\/\/schema.org","@graph":[{"@type":"WebPage","@id":"https:\/\/eurotrail.info\/de\/producten\/garten\/moebelhuelle\/gartenmobel-hulle\/","url":"https:\/\/eurotrail.info\/de\/producten\/garten\/moebelhuelle\/gartenmobel-hulle\/","name":"Gartenm\u00f6bel H\u00fclle - Eurotrail","isPartOf":{"@id":"https:\/\/eurotrail.info\/#website"},"primaryImageOfPage":{"@id":"https:\/\/eurotrail.info\/de\/producten\/garten\/moebelhuelle\/gartenmobel-hulle\/#primaryimage"},"image":{"@id":"https:\/\/eurotrail.info\/de\/producten\/garten\/moebelhuelle\/gartenmobel-hulle\/#primaryimage"},"thumbnailUrl":"https:\/\/eurotrail.info\/wp\/wp-content\/uploads\/2018\/01\/Schermafbeelding-2021-02-22-151058-1.jpg","datePublished":"2018-01-12T14:06:09+00:00","dateModified":"2021-11-30T11:42:49+00:00","breadcrumb":{"@id":"https:\/\/eurotrail.info\/de\/producten\/garten\/moebelhuelle\/gartenmobel-hulle\/#breadcrumb"},"inLanguage":"de","potentialAction":[{"@type":"ReadAction","target":["https:\/\/eurotrail.info\/de\/producten\/garten\/moebelhuelle\/gartenmobel-hulle\/"]}]},{"@type":"ImageObject","inLanguage":"de","@id":"https:\/\/eurotrail.info\/de\/producten\/garten\/moebelhuelle\/gartenmobel-hulle\/#primaryimage","url":"https:\/\/eurotrail.info\/wp\/wp-content\/uploads\/2018\/01\/Schermafbeelding-2021-02-22-151058-1.jpg","contentUrl":"https:\/\/eurotrail.info\/wp\/wp-content\/uploads\/2018\/01\/Schermafbeelding-2021-02-22-151058-1.jpg","width":616,"height":877},{"@type":"BreadcrumbList","@id":"https:\/\/eurotrail.info\/de\/producten\/garten\/moebelhuelle\/gartenmobel-hulle\/#breadcrumb","itemListElement":[{"@type":"ListItem","position":1,"name":"Home","item":"https:\/\/eurotrail.info\/de\/"},{"@type":"ListItem","position":2,"name":"Produkte","item":"https:\/\/eurotrail.info\/de\/produkte\/"},{"@type":"ListItem","position":3,"name":"Gartenm\u00f6bel H\u00fclle"}]},{"@type":"WebSite","@id":"https:\/\/eurotrail.info\/#website","url":"https:\/\/eurotrail.info\/","name":"Eurotrail","description":"","publisher":{"@id":"https:\/\/eurotrail.info\/#organization"},"potentialAction":[{"@type":"SearchAction","target":{"@type":"EntryPoint","urlTemplate":"https:\/\/eurotrail.info\/?s={search_term_string}"},"query-input":{"@type":"PropertyValueSpecification","valueRequired":true,"valueName":"search_term_string"}}],"inLanguage":"de"},{"@type":"Organization","@id":"https:\/\/eurotrail.info\/#organization","name":"Eurotrail","url":"https:\/\/eurotrail.info\/","logo":{"@type":"ImageObject","inLanguage":"de","@id":"https:\/\/eurotrail.info\/#\/schema\/logo\/image\/","url":"https:\/\/eurotrail.info\/wp\/wp-content\/uploads\/2023\/07\/ET-logo-quote_NL-scaled.jpg","contentUrl":"https:\/\/eurotrail.info\/wp\/wp-content\/uploads\/2023\/07\/ET-logo-quote_NL-scaled.jpg","width":2560,"height":675,"caption":"Eurotrail"},"image":{"@id":"https:\/\/eurotrail.info\/#\/schema\/logo\/image\/"}}]}},"_links":{"self":[{"href":"https:\/\/eurotrail.info\/de\/wp-json\/wp\/v2\/product\/14066","targetHints":{"allow":["GET"]}}],"collection":[{"href":"https:\/\/eurotrail.info\/de\/wp-json\/wp\/v2\/product"}],"about":[{"href":"https:\/\/eurotrail.info\/de\/wp-json\/wp\/v2\/types\/product"}],"replies":[{"embeddable":true,"href":"https:\/\/eurotrail.info\/de\/wp-json\/wp\/v2\/comments?post=14066"}],"wp:featuredmedia":[{"embeddable":true,"href":"https:\/\/eurotrail.info\/de\/wp-json\/wp\/v2\/media\/12888"}],"wp:attachment":[{"href":"https:\/\/eurotrail.info\/de\/wp-json\/wp\/v2\/media?parent=14066"}],"wp:term":[{"taxonomy":"product_brand","embeddable":true,"href":"https:\/\/eurotrail.info\/de\/wp-json\/wp\/v2\/product_brand?post=14066"},{"taxonomy":"product_cat","embeddable":true,"href":"https:\/\/eurotrail.info\/de\/wp-json\/wp\/v2\/product_cat?post=14066"},{"taxonomy":"product_tag","embeddable":true,"href":"https:\/\/eurotrail.info\/de\/wp-json\/wp\/v2\/product_tag?post=14066"}],"curies":[{"name":"wp","href":"https:\/\/api.w.org\/{rel}","templated":true}]}}