{"id":14878,"date":"2022-02-07T16:17:12","date_gmt":"2022-02-07T15:21:12","guid":{"rendered":"https:\/\/eurotrail.info\/?post_type=product&#038;p=14878"},"modified":"2022-02-07T16:21:12","modified_gmt":"2022-02-07T15:21:12","slug":"druck-dusche-mit-fusspumpe","status":"publish","type":"product","link":"https:\/\/eurotrail.info\/de\/producten\/zubehoer\/druck-dusche-mit-fusspumpe\/","title":{"rendered":"Druck-Dusche mit Fu\u00dfpumpe."},"content":{"rendered":"<p>Druck-Dusche mit Fu\u00dfpumpe ist leicht und flexibel. Ideal zum Campen, nach einer Wanderung, nach dem Schnorcheln oder Tauchen!<br \/>\nEinfach und schnell einzurichten. F\u00fcllen Sie den Wasserbeutel mit Wasser und stellen Sie ihn auf den Boden, pumpen Sie ein paar Mal und genie\u00dfen Sie die Dusche. Warmwasser durch Sonneneinstrahlung, 11 Liter Fassungsverm\u00f6gen mit gro\u00dfer \u00d6ffnung zum einfachen Bef\u00fcllen. Langer Brauseschlauch von 200 cm mit Brausekopf. Inklusive Aufbewahrungstasche. Ideal auch zum Sp\u00fclen von Fahrrad oder Hund.<\/p>\n<p>Material: 500D Hochleistungs-PVC<br \/>\nInhalt: 11ltr.<br \/>\nMa\u00dfe: \u00d8 20x40cm<br \/>\nGewicht: 800 gr.<\/p>\n","protected":false},"excerpt":{"rendered":"<p>Druck-Dusche mit Fu\u00dfpumpe ist leicht und flexibel. Ideal zum Campen, nach einer Wanderung, nach dem Schnorcheln oder Tauchen! Einfach und schnell einzurichten. F\u00fcllen Sie den&hellip;<\/p>\n","protected":false},"featured_media":14872,"comment_status":"open","ping_status":"closed","template":"","meta":{"_acf_changed":false},"product_brand":[],"product_cat":[67,66],"product_tag":[],"class_list":{"0":"post-14878","1":"product","2":"type-product","3":"status-publish","4":"has-post-thumbnail","6":"product_cat-badezimmerkuechen-zubehoer","7":"product_cat-zubehoer","9":"first","10":"instock","11":"shipping-taxable","12":"product-type-simple"},"acf":[],"yoast_head":"<!-- This site is optimized with the Yoast SEO plugin v27.4 - https:\/\/yoast.com\/product\/yoast-seo-wordpress\/ -->\n<title>Druck-Dusche mit Fu\u00dfpumpe. - Eurotrail<\/title>\n<meta name=\"description\" content=\"Druck-Dusche mit Fu\u00dfpumpe ist einfach und schnell aufgebaut. Ideal beim Camping, nach der Wandertour, nach dem Schnorcheln oder Tauchen!\" \/>\n<meta name=\"robots\" content=\"index, follow, max-snippet:-1, max-image-preview:large, max-video-preview:-1\" \/>\n<link rel=\"canonical\" href=\"https:\/\/eurotrail.info\/de\/producten\/zubehoer\/druck-dusche-mit-fusspumpe\/\" \/>\n<meta property=\"og:locale\" content=\"de_DE\" \/>\n<meta property=\"og:type\" content=\"article\" \/>\n<meta property=\"og:title\" content=\"Druck-Dusche mit Fu\u00dfpumpe. - Eurotrail\" \/>\n<meta property=\"og:description\" content=\"Druck-Dusche mit Fu\u00dfpumpe ist einfach und schnell aufgebaut. Ideal beim Camping, nach der Wandertour, nach dem Schnorcheln oder Tauchen!\" \/>\n<meta property=\"og:url\" content=\"https:\/\/eurotrail.info\/de\/producten\/zubehoer\/druck-dusche-mit-fusspumpe\/\" \/>\n<meta property=\"og:site_name\" content=\"Eurotrail\" \/>\n<meta property=\"og:image\" content=\"https:\/\/eurotrail.info\/wp\/wp-content\/uploads\/2022\/02\/ETAC1051-Camping-shower.jpg\" \/>\n\t<meta property=\"og:image:width\" content=\"850\" \/>\n\t<meta property=\"og:image:height\" content=\"945\" \/>\n\t<meta property=\"og:image:type\" content=\"image\/jpeg\" \/>\n<meta name=\"twitter:card\" content=\"summary_large_image\" \/>\n<script type=\"application\/ld+json\" class=\"yoast-schema-graph\">{\"@context\":\"https:\\\/\\\/schema.org\",\"@graph\":[{\"@type\":\"WebPage\",\"@id\":\"https:\\\/\\\/eurotrail.info\\\/de\\\/producten\\\/zubehoer\\\/druck-dusche-mit-fusspumpe\\\/\",\"url\":\"https:\\\/\\\/eurotrail.info\\\/de\\\/producten\\\/zubehoer\\\/druck-dusche-mit-fusspumpe\\\/\",\"name\":\"Druck-Dusche mit Fu\u00dfpumpe. - Eurotrail\",\"isPartOf\":{\"@id\":\"https:\\\/\\\/eurotrail.info\\\/#website\"},\"primaryImageOfPage\":{\"@id\":\"https:\\\/\\\/eurotrail.info\\\/de\\\/producten\\\/zubehoer\\\/druck-dusche-mit-fusspumpe\\\/#primaryimage\"},\"image\":{\"@id\":\"https:\\\/\\\/eurotrail.info\\\/de\\\/producten\\\/zubehoer\\\/druck-dusche-mit-fusspumpe\\\/#primaryimage\"},\"thumbnailUrl\":\"https:\\\/\\\/eurotrail.info\\\/wp\\\/wp-content\\\/uploads\\\/2022\\\/02\\\/ETAC1051-Camping-shower.jpg\",\"datePublished\":\"2022-02-07T15:21:12+00:00\",\"description\":\"Druck-Dusche mit Fu\u00dfpumpe ist einfach und schnell aufgebaut. Ideal beim Camping, nach der Wandertour, nach dem Schnorcheln oder Tauchen!\",\"breadcrumb\":{\"@id\":\"https:\\\/\\\/eurotrail.info\\\/de\\\/producten\\\/zubehoer\\\/druck-dusche-mit-fusspumpe\\\/#breadcrumb\"},\"inLanguage\":\"de\",\"potentialAction\":[{\"@type\":\"ReadAction\",\"target\":[\"https:\\\/\\\/eurotrail.info\\\/de\\\/producten\\\/zubehoer\\\/druck-dusche-mit-fusspumpe\\\/\"]}]},{\"@type\":\"ImageObject\",\"inLanguage\":\"de\",\"@id\":\"https:\\\/\\\/eurotrail.info\\\/de\\\/producten\\\/zubehoer\\\/druck-dusche-mit-fusspumpe\\\/#primaryimage\",\"url\":\"https:\\\/\\\/eurotrail.info\\\/wp\\\/wp-content\\\/uploads\\\/2022\\\/02\\\/ETAC1051-Camping-shower.jpg\",\"contentUrl\":\"https:\\\/\\\/eurotrail.info\\\/wp\\\/wp-content\\\/uploads\\\/2022\\\/02\\\/ETAC1051-Camping-shower.jpg\",\"width\":850,\"height\":945,\"caption\":\"De drukdouche met voetpomp is licht en flexibel. Ideaal voor op de camping, na een wandeltocht, na het snorkelen of duiken!\"},{\"@type\":\"BreadcrumbList\",\"@id\":\"https:\\\/\\\/eurotrail.info\\\/de\\\/producten\\\/zubehoer\\\/druck-dusche-mit-fusspumpe\\\/#breadcrumb\",\"itemListElement\":[{\"@type\":\"ListItem\",\"position\":1,\"name\":\"Home\",\"item\":\"https:\\\/\\\/eurotrail.info\\\/de\\\/\"},{\"@type\":\"ListItem\",\"position\":2,\"name\":\"Produkte\",\"item\":\"https:\\\/\\\/eurotrail.info\\\/de\\\/produkte\\\/\"},{\"@type\":\"ListItem\",\"position\":3,\"name\":\"Druck-Dusche mit Fu\u00dfpumpe.\"}]},{\"@type\":\"WebSite\",\"@id\":\"https:\\\/\\\/eurotrail.info\\\/#website\",\"url\":\"https:\\\/\\\/eurotrail.info\\\/\",\"name\":\"Eurotrail\",\"description\":\"\",\"publisher\":{\"@id\":\"https:\\\/\\\/eurotrail.info\\\/#organization\"},\"potentialAction\":[{\"@type\":\"SearchAction\",\"target\":{\"@type\":\"EntryPoint\",\"urlTemplate\":\"https:\\\/\\\/eurotrail.info\\\/?s={search_term_string}\"},\"query-input\":{\"@type\":\"PropertyValueSpecification\",\"valueRequired\":true,\"valueName\":\"search_term_string\"}}],\"inLanguage\":\"de\"},{\"@type\":\"Organization\",\"@id\":\"https:\\\/\\\/eurotrail.info\\\/#organization\",\"name\":\"Eurotrail\",\"url\":\"https:\\\/\\\/eurotrail.info\\\/\",\"logo\":{\"@type\":\"ImageObject\",\"inLanguage\":\"de\",\"@id\":\"https:\\\/\\\/eurotrail.info\\\/#\\\/schema\\\/logo\\\/image\\\/\",\"url\":\"https:\\\/\\\/eurotrail.info\\\/wp\\\/wp-content\\\/uploads\\\/2023\\\/07\\\/ET-logo-quote_NL-scaled.jpg\",\"contentUrl\":\"https:\\\/\\\/eurotrail.info\\\/wp\\\/wp-content\\\/uploads\\\/2023\\\/07\\\/ET-logo-quote_NL-scaled.jpg\",\"width\":2560,\"height\":675,\"caption\":\"Eurotrail\"},\"image\":{\"@id\":\"https:\\\/\\\/eurotrail.info\\\/#\\\/schema\\\/logo\\\/image\\\/\"}}]}<\/script>\n<!-- \/ Yoast SEO plugin. -->","yoast_head_json":{"title":"Druck-Dusche mit Fu\u00dfpumpe. - Eurotrail","description":"Druck-Dusche mit Fu\u00dfpumpe ist einfach und schnell aufgebaut. Ideal beim Camping, nach der Wandertour, nach dem Schnorcheln oder Tauchen!","robots":{"index":"index","follow":"follow","max-snippet":"max-snippet:-1","max-image-preview":"max-image-preview:large","max-video-preview":"max-video-preview:-1"},"canonical":"https:\/\/eurotrail.info\/de\/producten\/zubehoer\/druck-dusche-mit-fusspumpe\/","og_locale":"de_DE","og_type":"article","og_title":"Druck-Dusche mit Fu\u00dfpumpe. - Eurotrail","og_description":"Druck-Dusche mit Fu\u00dfpumpe ist einfach und schnell aufgebaut. Ideal beim Camping, nach der Wandertour, nach dem Schnorcheln oder Tauchen!","og_url":"https:\/\/eurotrail.info\/de\/producten\/zubehoer\/druck-dusche-mit-fusspumpe\/","og_site_name":"Eurotrail","og_image":[{"width":850,"height":945,"url":"https:\/\/eurotrail.info\/wp\/wp-content\/uploads\/2022\/02\/ETAC1051-Camping-shower.jpg","type":"image\/jpeg"}],"twitter_card":"summary_large_image","schema":{"@context":"https:\/\/schema.org","@graph":[{"@type":"WebPage","@id":"https:\/\/eurotrail.info\/de\/producten\/zubehoer\/druck-dusche-mit-fusspumpe\/","url":"https:\/\/eurotrail.info\/de\/producten\/zubehoer\/druck-dusche-mit-fusspumpe\/","name":"Druck-Dusche mit Fu\u00dfpumpe. - Eurotrail","isPartOf":{"@id":"https:\/\/eurotrail.info\/#website"},"primaryImageOfPage":{"@id":"https:\/\/eurotrail.info\/de\/producten\/zubehoer\/druck-dusche-mit-fusspumpe\/#primaryimage"},"image":{"@id":"https:\/\/eurotrail.info\/de\/producten\/zubehoer\/druck-dusche-mit-fusspumpe\/#primaryimage"},"thumbnailUrl":"https:\/\/eurotrail.info\/wp\/wp-content\/uploads\/2022\/02\/ETAC1051-Camping-shower.jpg","datePublished":"2022-02-07T15:21:12+00:00","description":"Druck-Dusche mit Fu\u00dfpumpe ist einfach und schnell aufgebaut. Ideal beim Camping, nach der Wandertour, nach dem Schnorcheln oder Tauchen!","breadcrumb":{"@id":"https:\/\/eurotrail.info\/de\/producten\/zubehoer\/druck-dusche-mit-fusspumpe\/#breadcrumb"},"inLanguage":"de","potentialAction":[{"@type":"ReadAction","target":["https:\/\/eurotrail.info\/de\/producten\/zubehoer\/druck-dusche-mit-fusspumpe\/"]}]},{"@type":"ImageObject","inLanguage":"de","@id":"https:\/\/eurotrail.info\/de\/producten\/zubehoer\/druck-dusche-mit-fusspumpe\/#primaryimage","url":"https:\/\/eurotrail.info\/wp\/wp-content\/uploads\/2022\/02\/ETAC1051-Camping-shower.jpg","contentUrl":"https:\/\/eurotrail.info\/wp\/wp-content\/uploads\/2022\/02\/ETAC1051-Camping-shower.jpg","width":850,"height":945,"caption":"De drukdouche met voetpomp is licht en flexibel. Ideaal voor op de camping, na een wandeltocht, na het snorkelen of duiken!"},{"@type":"BreadcrumbList","@id":"https:\/\/eurotrail.info\/de\/producten\/zubehoer\/druck-dusche-mit-fusspumpe\/#breadcrumb","itemListElement":[{"@type":"ListItem","position":1,"name":"Home","item":"https:\/\/eurotrail.info\/de\/"},{"@type":"ListItem","position":2,"name":"Produkte","item":"https:\/\/eurotrail.info\/de\/produkte\/"},{"@type":"ListItem","position":3,"name":"Druck-Dusche mit Fu\u00dfpumpe."}]},{"@type":"WebSite","@id":"https:\/\/eurotrail.info\/#website","url":"https:\/\/eurotrail.info\/","name":"Eurotrail","description":"","publisher":{"@id":"https:\/\/eurotrail.info\/#organization"},"potentialAction":[{"@type":"SearchAction","target":{"@type":"EntryPoint","urlTemplate":"https:\/\/eurotrail.info\/?s={search_term_string}"},"query-input":{"@type":"PropertyValueSpecification","valueRequired":true,"valueName":"search_term_string"}}],"inLanguage":"de"},{"@type":"Organization","@id":"https:\/\/eurotrail.info\/#organization","name":"Eurotrail","url":"https:\/\/eurotrail.info\/","logo":{"@type":"ImageObject","inLanguage":"de","@id":"https:\/\/eurotrail.info\/#\/schema\/logo\/image\/","url":"https:\/\/eurotrail.info\/wp\/wp-content\/uploads\/2023\/07\/ET-logo-quote_NL-scaled.jpg","contentUrl":"https:\/\/eurotrail.info\/wp\/wp-content\/uploads\/2023\/07\/ET-logo-quote_NL-scaled.jpg","width":2560,"height":675,"caption":"Eurotrail"},"image":{"@id":"https:\/\/eurotrail.info\/#\/schema\/logo\/image\/"}}]}},"_links":{"self":[{"href":"https:\/\/eurotrail.info\/de\/wp-json\/wp\/v2\/product\/14878","targetHints":{"allow":["GET"]}}],"collection":[{"href":"https:\/\/eurotrail.info\/de\/wp-json\/wp\/v2\/product"}],"about":[{"href":"https:\/\/eurotrail.info\/de\/wp-json\/wp\/v2\/types\/product"}],"replies":[{"embeddable":true,"href":"https:\/\/eurotrail.info\/de\/wp-json\/wp\/v2\/comments?post=14878"}],"wp:featuredmedia":[{"embeddable":true,"href":"https:\/\/eurotrail.info\/de\/wp-json\/wp\/v2\/media\/14872"}],"wp:attachment":[{"href":"https:\/\/eurotrail.info\/de\/wp-json\/wp\/v2\/media?parent=14878"}],"wp:term":[{"taxonomy":"product_brand","embeddable":true,"href":"https:\/\/eurotrail.info\/de\/wp-json\/wp\/v2\/product_brand?post=14878"},{"taxonomy":"product_cat","embeddable":true,"href":"https:\/\/eurotrail.info\/de\/wp-json\/wp\/v2\/product_cat?post=14878"},{"taxonomy":"product_tag","embeddable":true,"href":"https:\/\/eurotrail.info\/de\/wp-json\/wp\/v2\/product_tag?post=14878"}],"curies":[{"name":"wp","href":"https:\/\/api.w.org\/{rel}","templated":true}]}}