{"id":15522,"date":"2022-10-10T12:15:22","date_gmt":"2022-10-10T11:15:22","guid":{"rendered":"https:\/\/eurotrail.info\/?post_type=product&#038;p=15522"},"modified":"2025-11-04T16:38:18","modified_gmt":"2025-11-04T15:38:18","slug":"palermo-air-vorzelt-hymer-eriba","status":"publish","type":"product","link":"https:\/\/eurotrail.info\/de\/producten\/wohnwagenwohnmobilebus\/wohnwagen-reisemobilvorzelte\/palermo-air-vorzelt-hymer-eriba\/","title":{"rendered":"Palermo Air Vorzelt (Hymer Eriba)"},"content":{"rendered":"<p>Palermo Air aufblasbare Wohnwagenzelt speziell f\u00fcr Wohnwagen mit Hubdach entwickelt wie der Hymer Eriba Touring-Modelle (au\u00dfer Modell Puk) und mit einer Anschlussh\u00f6he von 187-220 cm. Das Zelt ist mit dem aufblasbaren AirTube-System ausgestattet und schnell und einfach aufzubauen.<\/p>\n<p>Der Wohnraum bietet viel Platz f\u00fcr Tisch und St\u00fchle und andere Campingausr\u00fcstung. Die mitgelieferten Stabilisierungsschlauche werden gegen die Decke eingelegt und sorgen f\u00fcr eine straffe \u00dcberdachung und zus\u00e4tzliche Windstabilit\u00e4t. Die Vorderwand hat gro\u00dfe Fenster mit Abdeckungen, Sie k\u00f6nnen die Vorderwand von der linken oder rechten Seite \u00f6ffnen, um sie als Eingangst\u00fcr zu verwenden. Die Vorderwand l\u00e4sst sich mit einen RV komplett herausnehmen und hat eine zus\u00e4tzliche Netzt\u00fcr zur Bel\u00fcftung und zum Schutz vor Insekten. Unter dem Vordach sich 2 verschlie\u00dfbaren Mesh-L\u00fcftungsfenster f\u00fcr permanente Bel\u00fcftung. Das Vordach bietet zus\u00e4tzlichen Schatten und sch\u00fctzt Sie beim Betreten vor Regen. Das Zelt hat auf beiden Seiten eine extra Eingangst\u00fcr mit gro\u00dfen Fenstern mit Abdeckungen. Im Lieferumfang einbegriffen: Stabilisierungsrohre, St\u00fctzstangen, Pumpe, Heringe und Windblende.<\/p>\n<p>Das Palermo Air ist ein praktisches und benutzerfreundliches Zelt, schnell und einfach aufzubauen und bietet Ihnen einen komfortablen Raum, ideal f\u00fcr den Aufenthalt bei schlechtem Wetter.<\/p>\n<p><a href=\"https:\/\/youtu.be\/vY76h64ch9Q\">Aufbauanleitung Palermo Air<\/a><\/p>\n<p>TIPP: Mit dem Eurotrail freistehenden Innenzelt (ETCT0096, optional) schaffen Sie einen zus\u00e4tzlichen Schlafplatz f\u00fcr 2 Personen im Vorzelt!<\/p>\n<p>Dachmaterial: 210D Ripstop-Oxford-Polyester &gt;5000 mm<br \/>\nWandmaterial: 210D Ripstop-Polyester &gt;3000 mm<br \/>\nAbmessungen: 270 x 380 x 230 cm<br \/>\nSehne: \u00d8 7,0 mm, 350 cm lang<br \/>\nLuftschlauch:<br \/>\nHauptrohre: \u00d8 12 cm TPU<br \/>\nStabilisierungsrohre: \u00d8 10cm TPU<br \/>\nStangen: \u00d8 11 mm Fiberglas-Vorzeltstange, \u00d8 16\/19 mm St\u00fctzstangen<br \/>\nVerpackt: 85x35x45cm<br \/>\nGewicht: 22,6 kg.<\/p>\n","protected":false},"excerpt":{"rendered":"<p>Palermo Air aufblasbare Wohnwagenzelt speziell f\u00fcr Wohnwagen mit Hubdach entwickelt wie der Hymer Eriba Touring-Modelle (au\u00dfer Modell Puk) und mit einer Anschlussh\u00f6he von 187-220 cm.&hellip;<\/p>\n","protected":false},"featured_media":15480,"comment_status":"open","ping_status":"closed","template":"","meta":{"_acf_changed":false},"product_brand":[],"product_cat":[105],"product_tag":[],"class_list":{"0":"post-15522","1":"product","2":"type-product","3":"status-publish","4":"has-post-thumbnail","6":"product_cat-wohnwagen-reisemobilvorzelte","8":"first","9":"instock","10":"shipping-taxable","11":"product-type-simple"},"acf":[],"yoast_head":"<!-- This site is optimized with the Yoast SEO plugin v27.4 - https:\/\/yoast.com\/product\/yoast-seo-wordpress\/ -->\n<title>Palermo Air Vorzelt (Hymer Eriba) - Eurotrail<\/title>\n<meta name=\"description\" content=\"Aufblasbare Wohnwagenzelt f\u00fcr Wohnwagen mit Hubdach wie der Hymer Eriba Touring-Modelle (au\u00dfer Modell Puk) und mit einer Anschlussh\u00f6he von 180-220 cm.\" \/>\n<meta name=\"robots\" content=\"index, follow, max-snippet:-1, max-image-preview:large, max-video-preview:-1\" \/>\n<link rel=\"canonical\" href=\"https:\/\/eurotrail.info\/de\/producten\/wohnwagenwohnmobilebus\/wohnwagen-reisemobilvorzelte\/palermo-air-vorzelt-hymer-eriba\/\" \/>\n<meta property=\"og:locale\" content=\"de_DE\" \/>\n<meta property=\"og:type\" content=\"article\" \/>\n<meta property=\"og:title\" content=\"Palermo Air Vorzelt (Hymer Eriba) - Eurotrail\" \/>\n<meta property=\"og:description\" content=\"Aufblasbare Wohnwagenzelt f\u00fcr Wohnwagen mit Hubdach wie der Hymer Eriba Touring-Modelle (au\u00dfer Modell Puk) und mit einer Anschlussh\u00f6he von 180-220 cm.\" \/>\n<meta property=\"og:url\" content=\"https:\/\/eurotrail.info\/de\/producten\/wohnwagenwohnmobilebus\/wohnwagen-reisemobilvorzelte\/palermo-air-vorzelt-hymer-eriba\/\" \/>\n<meta property=\"og:site_name\" content=\"Eurotrail\" \/>\n<meta property=\"article:modified_time\" content=\"2025-11-04T15:38:18+00:00\" \/>\n<meta property=\"og:image\" content=\"https:\/\/eurotrail.info\/wp\/wp-content\/uploads\/2022\/10\/ETCT0191-Palermo-Air_half_closed-KLEIN-scaled.jpg\" \/>\n\t<meta property=\"og:image:width\" content=\"2560\" \/>\n\t<meta property=\"og:image:height\" content=\"1707\" \/>\n\t<meta property=\"og:image:type\" content=\"image\/jpeg\" \/>\n<meta name=\"twitter:card\" content=\"summary_large_image\" \/>\n<meta name=\"twitter:label1\" content=\"Gesch\u00e4tzte Lesezeit\" \/>\n\t<meta name=\"twitter:data1\" content=\"2\u00a0Minuten\" \/>\n<script type=\"application\/ld+json\" class=\"yoast-schema-graph\">{\"@context\":\"https:\\\/\\\/schema.org\",\"@graph\":[{\"@type\":\"WebPage\",\"@id\":\"https:\\\/\\\/eurotrail.info\\\/de\\\/producten\\\/wohnwagenwohnmobilebus\\\/wohnwagen-reisemobilvorzelte\\\/palermo-air-vorzelt-hymer-eriba\\\/\",\"url\":\"https:\\\/\\\/eurotrail.info\\\/de\\\/producten\\\/wohnwagenwohnmobilebus\\\/wohnwagen-reisemobilvorzelte\\\/palermo-air-vorzelt-hymer-eriba\\\/\",\"name\":\"Palermo Air Vorzelt (Hymer Eriba) - Eurotrail\",\"isPartOf\":{\"@id\":\"https:\\\/\\\/eurotrail.info\\\/#website\"},\"primaryImageOfPage\":{\"@id\":\"https:\\\/\\\/eurotrail.info\\\/de\\\/producten\\\/wohnwagenwohnmobilebus\\\/wohnwagen-reisemobilvorzelte\\\/palermo-air-vorzelt-hymer-eriba\\\/#primaryimage\"},\"image\":{\"@id\":\"https:\\\/\\\/eurotrail.info\\\/de\\\/producten\\\/wohnwagenwohnmobilebus\\\/wohnwagen-reisemobilvorzelte\\\/palermo-air-vorzelt-hymer-eriba\\\/#primaryimage\"},\"thumbnailUrl\":\"https:\\\/\\\/eurotrail.info\\\/wp\\\/wp-content\\\/uploads\\\/2022\\\/10\\\/ETCT0191-Palermo-Air_half_closed-KLEIN-scaled.jpg\",\"datePublished\":\"2022-10-10T11:15:22+00:00\",\"dateModified\":\"2025-11-04T15:38:18+00:00\",\"description\":\"Aufblasbare Wohnwagenzelt f\u00fcr Wohnwagen mit Hubdach wie der Hymer Eriba Touring-Modelle (au\u00dfer Modell Puk) und mit einer Anschlussh\u00f6he von 180-220 cm.\",\"breadcrumb\":{\"@id\":\"https:\\\/\\\/eurotrail.info\\\/de\\\/producten\\\/wohnwagenwohnmobilebus\\\/wohnwagen-reisemobilvorzelte\\\/palermo-air-vorzelt-hymer-eriba\\\/#breadcrumb\"},\"inLanguage\":\"de\",\"potentialAction\":[{\"@type\":\"ReadAction\",\"target\":[\"https:\\\/\\\/eurotrail.info\\\/de\\\/producten\\\/wohnwagenwohnmobilebus\\\/wohnwagen-reisemobilvorzelte\\\/palermo-air-vorzelt-hymer-eriba\\\/\"]}]},{\"@type\":\"ImageObject\",\"inLanguage\":\"de\",\"@id\":\"https:\\\/\\\/eurotrail.info\\\/de\\\/producten\\\/wohnwagenwohnmobilebus\\\/wohnwagen-reisemobilvorzelte\\\/palermo-air-vorzelt-hymer-eriba\\\/#primaryimage\",\"url\":\"https:\\\/\\\/eurotrail.info\\\/wp\\\/wp-content\\\/uploads\\\/2022\\\/10\\\/ETCT0191-Palermo-Air_half_closed-KLEIN-scaled.jpg\",\"contentUrl\":\"https:\\\/\\\/eurotrail.info\\\/wp\\\/wp-content\\\/uploads\\\/2022\\\/10\\\/ETCT0191-Palermo-Air_half_closed-KLEIN-scaled.jpg\",\"width\":2560,\"height\":1707,\"caption\":\"Opblaasbare caravan tent is speciaal ontwikkeld voor caravans met een hefdak o.a. Hymer Eriba Touring\"},{\"@type\":\"BreadcrumbList\",\"@id\":\"https:\\\/\\\/eurotrail.info\\\/de\\\/producten\\\/wohnwagenwohnmobilebus\\\/wohnwagen-reisemobilvorzelte\\\/palermo-air-vorzelt-hymer-eriba\\\/#breadcrumb\",\"itemListElement\":[{\"@type\":\"ListItem\",\"position\":1,\"name\":\"Home\",\"item\":\"https:\\\/\\\/eurotrail.info\\\/de\\\/\"},{\"@type\":\"ListItem\",\"position\":2,\"name\":\"Produkte\",\"item\":\"https:\\\/\\\/eurotrail.info\\\/de\\\/produkte\\\/\"},{\"@type\":\"ListItem\",\"position\":3,\"name\":\"Palermo Air Vorzelt (Hymer Eriba)\"}]},{\"@type\":\"WebSite\",\"@id\":\"https:\\\/\\\/eurotrail.info\\\/#website\",\"url\":\"https:\\\/\\\/eurotrail.info\\\/\",\"name\":\"Eurotrail\",\"description\":\"\",\"publisher\":{\"@id\":\"https:\\\/\\\/eurotrail.info\\\/#organization\"},\"potentialAction\":[{\"@type\":\"SearchAction\",\"target\":{\"@type\":\"EntryPoint\",\"urlTemplate\":\"https:\\\/\\\/eurotrail.info\\\/?s={search_term_string}\"},\"query-input\":{\"@type\":\"PropertyValueSpecification\",\"valueRequired\":true,\"valueName\":\"search_term_string\"}}],\"inLanguage\":\"de\"},{\"@type\":\"Organization\",\"@id\":\"https:\\\/\\\/eurotrail.info\\\/#organization\",\"name\":\"Eurotrail\",\"url\":\"https:\\\/\\\/eurotrail.info\\\/\",\"logo\":{\"@type\":\"ImageObject\",\"inLanguage\":\"de\",\"@id\":\"https:\\\/\\\/eurotrail.info\\\/#\\\/schema\\\/logo\\\/image\\\/\",\"url\":\"https:\\\/\\\/eurotrail.info\\\/wp\\\/wp-content\\\/uploads\\\/2023\\\/07\\\/ET-logo-quote_NL-scaled.jpg\",\"contentUrl\":\"https:\\\/\\\/eurotrail.info\\\/wp\\\/wp-content\\\/uploads\\\/2023\\\/07\\\/ET-logo-quote_NL-scaled.jpg\",\"width\":2560,\"height\":675,\"caption\":\"Eurotrail\"},\"image\":{\"@id\":\"https:\\\/\\\/eurotrail.info\\\/#\\\/schema\\\/logo\\\/image\\\/\"}}]}<\/script>\n<!-- \/ Yoast SEO plugin. -->","yoast_head_json":{"title":"Palermo Air Vorzelt (Hymer Eriba) - Eurotrail","description":"Aufblasbare Wohnwagenzelt f\u00fcr Wohnwagen mit Hubdach wie der Hymer Eriba Touring-Modelle (au\u00dfer Modell Puk) und mit einer Anschlussh\u00f6he von 180-220 cm.","robots":{"index":"index","follow":"follow","max-snippet":"max-snippet:-1","max-image-preview":"max-image-preview:large","max-video-preview":"max-video-preview:-1"},"canonical":"https:\/\/eurotrail.info\/de\/producten\/wohnwagenwohnmobilebus\/wohnwagen-reisemobilvorzelte\/palermo-air-vorzelt-hymer-eriba\/","og_locale":"de_DE","og_type":"article","og_title":"Palermo Air Vorzelt (Hymer Eriba) - Eurotrail","og_description":"Aufblasbare Wohnwagenzelt f\u00fcr Wohnwagen mit Hubdach wie der Hymer Eriba Touring-Modelle (au\u00dfer Modell Puk) und mit einer Anschlussh\u00f6he von 180-220 cm.","og_url":"https:\/\/eurotrail.info\/de\/producten\/wohnwagenwohnmobilebus\/wohnwagen-reisemobilvorzelte\/palermo-air-vorzelt-hymer-eriba\/","og_site_name":"Eurotrail","article_modified_time":"2025-11-04T15:38:18+00:00","og_image":[{"width":2560,"height":1707,"url":"https:\/\/eurotrail.info\/wp\/wp-content\/uploads\/2022\/10\/ETCT0191-Palermo-Air_half_closed-KLEIN-scaled.jpg","type":"image\/jpeg"}],"twitter_card":"summary_large_image","twitter_misc":{"Gesch\u00e4tzte Lesezeit":"2\u00a0Minuten"},"schema":{"@context":"https:\/\/schema.org","@graph":[{"@type":"WebPage","@id":"https:\/\/eurotrail.info\/de\/producten\/wohnwagenwohnmobilebus\/wohnwagen-reisemobilvorzelte\/palermo-air-vorzelt-hymer-eriba\/","url":"https:\/\/eurotrail.info\/de\/producten\/wohnwagenwohnmobilebus\/wohnwagen-reisemobilvorzelte\/palermo-air-vorzelt-hymer-eriba\/","name":"Palermo Air Vorzelt (Hymer Eriba) - Eurotrail","isPartOf":{"@id":"https:\/\/eurotrail.info\/#website"},"primaryImageOfPage":{"@id":"https:\/\/eurotrail.info\/de\/producten\/wohnwagenwohnmobilebus\/wohnwagen-reisemobilvorzelte\/palermo-air-vorzelt-hymer-eriba\/#primaryimage"},"image":{"@id":"https:\/\/eurotrail.info\/de\/producten\/wohnwagenwohnmobilebus\/wohnwagen-reisemobilvorzelte\/palermo-air-vorzelt-hymer-eriba\/#primaryimage"},"thumbnailUrl":"https:\/\/eurotrail.info\/wp\/wp-content\/uploads\/2022\/10\/ETCT0191-Palermo-Air_half_closed-KLEIN-scaled.jpg","datePublished":"2022-10-10T11:15:22+00:00","dateModified":"2025-11-04T15:38:18+00:00","description":"Aufblasbare Wohnwagenzelt f\u00fcr Wohnwagen mit Hubdach wie der Hymer Eriba Touring-Modelle (au\u00dfer Modell Puk) und mit einer Anschlussh\u00f6he von 180-220 cm.","breadcrumb":{"@id":"https:\/\/eurotrail.info\/de\/producten\/wohnwagenwohnmobilebus\/wohnwagen-reisemobilvorzelte\/palermo-air-vorzelt-hymer-eriba\/#breadcrumb"},"inLanguage":"de","potentialAction":[{"@type":"ReadAction","target":["https:\/\/eurotrail.info\/de\/producten\/wohnwagenwohnmobilebus\/wohnwagen-reisemobilvorzelte\/palermo-air-vorzelt-hymer-eriba\/"]}]},{"@type":"ImageObject","inLanguage":"de","@id":"https:\/\/eurotrail.info\/de\/producten\/wohnwagenwohnmobilebus\/wohnwagen-reisemobilvorzelte\/palermo-air-vorzelt-hymer-eriba\/#primaryimage","url":"https:\/\/eurotrail.info\/wp\/wp-content\/uploads\/2022\/10\/ETCT0191-Palermo-Air_half_closed-KLEIN-scaled.jpg","contentUrl":"https:\/\/eurotrail.info\/wp\/wp-content\/uploads\/2022\/10\/ETCT0191-Palermo-Air_half_closed-KLEIN-scaled.jpg","width":2560,"height":1707,"caption":"Opblaasbare caravan tent is speciaal ontwikkeld voor caravans met een hefdak o.a. Hymer Eriba Touring"},{"@type":"BreadcrumbList","@id":"https:\/\/eurotrail.info\/de\/producten\/wohnwagenwohnmobilebus\/wohnwagen-reisemobilvorzelte\/palermo-air-vorzelt-hymer-eriba\/#breadcrumb","itemListElement":[{"@type":"ListItem","position":1,"name":"Home","item":"https:\/\/eurotrail.info\/de\/"},{"@type":"ListItem","position":2,"name":"Produkte","item":"https:\/\/eurotrail.info\/de\/produkte\/"},{"@type":"ListItem","position":3,"name":"Palermo Air Vorzelt (Hymer Eriba)"}]},{"@type":"WebSite","@id":"https:\/\/eurotrail.info\/#website","url":"https:\/\/eurotrail.info\/","name":"Eurotrail","description":"","publisher":{"@id":"https:\/\/eurotrail.info\/#organization"},"potentialAction":[{"@type":"SearchAction","target":{"@type":"EntryPoint","urlTemplate":"https:\/\/eurotrail.info\/?s={search_term_string}"},"query-input":{"@type":"PropertyValueSpecification","valueRequired":true,"valueName":"search_term_string"}}],"inLanguage":"de"},{"@type":"Organization","@id":"https:\/\/eurotrail.info\/#organization","name":"Eurotrail","url":"https:\/\/eurotrail.info\/","logo":{"@type":"ImageObject","inLanguage":"de","@id":"https:\/\/eurotrail.info\/#\/schema\/logo\/image\/","url":"https:\/\/eurotrail.info\/wp\/wp-content\/uploads\/2023\/07\/ET-logo-quote_NL-scaled.jpg","contentUrl":"https:\/\/eurotrail.info\/wp\/wp-content\/uploads\/2023\/07\/ET-logo-quote_NL-scaled.jpg","width":2560,"height":675,"caption":"Eurotrail"},"image":{"@id":"https:\/\/eurotrail.info\/#\/schema\/logo\/image\/"}}]}},"_links":{"self":[{"href":"https:\/\/eurotrail.info\/de\/wp-json\/wp\/v2\/product\/15522","targetHints":{"allow":["GET"]}}],"collection":[{"href":"https:\/\/eurotrail.info\/de\/wp-json\/wp\/v2\/product"}],"about":[{"href":"https:\/\/eurotrail.info\/de\/wp-json\/wp\/v2\/types\/product"}],"replies":[{"embeddable":true,"href":"https:\/\/eurotrail.info\/de\/wp-json\/wp\/v2\/comments?post=15522"}],"wp:featuredmedia":[{"embeddable":true,"href":"https:\/\/eurotrail.info\/de\/wp-json\/wp\/v2\/media\/15480"}],"wp:attachment":[{"href":"https:\/\/eurotrail.info\/de\/wp-json\/wp\/v2\/media?parent=15522"}],"wp:term":[{"taxonomy":"product_brand","embeddable":true,"href":"https:\/\/eurotrail.info\/de\/wp-json\/wp\/v2\/product_brand?post=15522"},{"taxonomy":"product_cat","embeddable":true,"href":"https:\/\/eurotrail.info\/de\/wp-json\/wp\/v2\/product_cat?post=15522"},{"taxonomy":"product_tag","embeddable":true,"href":"https:\/\/eurotrail.info\/de\/wp-json\/wp\/v2\/product_tag?post=15522"}],"curies":[{"name":"wp","href":"https:\/\/api.w.org\/{rel}","templated":true}]}}