{"id":19931,"date":"2022-10-31T14:08:26","date_gmt":"2022-10-31T13:13:30","guid":{"rendered":"https:\/\/eurotrail.info\/?post_type=product&#038;p=19931"},"modified":"2023-03-09T17:24:26","modified_gmt":"2023-03-09T16:24:26","slug":"buszelt-oak-creek-400-air","status":"publish","type":"product","link":"https:\/\/eurotrail.info\/de\/producten\/wohnwagenwohnmobilebus\/busvorzelt-air\/buszelt-oak-creek-400-air\/","title":{"rendered":"Buszelt Oak Creek 400 AIR"},"content":{"rendered":"<p>Ger\u00e4umiges aufblasbares Tunnelzelt, das parallel zum Bus aufgebaut wird. Das Zelt hat einen gro\u00dfen Wohnbereich mit fester Bodenplane und ist inkl. 2 Pers. Innenzelt von 140x290cm geliefert. Ideal als zus\u00e4tzlicher Schlafplatz f\u00fcr 2 Personen oder zus\u00e4tzlicher Stauraum.<br \/>\nDas Dach besteht aus einem robusten 210D Ripstop Oxford mit einer extra hohen Wassers\u00e4ule von &gt; 5000 mm. Dieses Material ist best\u00e4ndig gegen UV-Strahlen, aber auch gegen starken Regen.<br \/>\nDas Wohnzimmer hat gro\u00dfe abschlie\u00dfbare Fenster und bietet ausreichend Platz f\u00fcr einen Tisch, St\u00fchle und andere Campingausr\u00fcstung. Der vordere Eingang und die Seitent\u00fcr haben auch ein Moskitonetz, um Insekten fernzuhalten.<br \/>\nDer Verbindungstunnel hat auf beiden Seiten eine T\u00fcr, so dass Sie bequem in das Zelt eintreten und durch diese T\u00fcr bequem das Heck des Busses erreichen k\u00f6nnen. Der Platz dazwischen ist ideal zum Abstellen von Fahrr\u00e4dern, Toilette oder anderen Campingutensilien.<br \/>\nDas Zelt kann auf verschiedene Arten am Bus befestigt werden: mit einer l\u00f6sbaren Doppelsehne 7,5 + 4mm, mit dem Dachtr\u00e4ger oder mit Klettverschluss an der Dachreling. Anschlussh\u00f6he 180-210 cm. inkl. Pumpe, Innenzelt und Heringe.<\/p>\n<p><a href=\"https:\/\/youtu.be\/ChYUCfcAtac\">Aufbauanleitung Oak Creek 400 AIR<\/a><\/p>\n<p>Gr\u00f6\u00dfe: 400 x 310 x 210 cm<br \/>\nMaterial Oberstoff:<br \/>\nDach: 210D Oxford Rip Stop, PU &gt; 5.000 mm Wassers\u00e4ule<br \/>\nW\u00e4nde: 190T Polyester PU &gt; 3000mm Wassers\u00e4ule<br \/>\nBodenplane: 130 gr. PE-Folie<br \/>\nInnenzelt: 230x140x190cm<br \/>\nMaterial: 190T Polyester, Unterseite: 190T Polyester PU<br \/>\nLuftschl\u00e4uche: \u00d810cm<br \/>\nSehne: 7,5 + 4 mm, 265 L\u00e4nge<br \/>\nBaldachinstange: 16 mm Aluminium<br \/>\nVerpackt: 80x35x35cm<br \/>\nGewicht: 21 kg.<\/p>\n","protected":false},"excerpt":{"rendered":"<p>Ger\u00e4umiges aufblasbares Tunnelzelt, das parallel zum Bus aufgebaut wird. Das Zelt hat einen gro\u00dfen Wohnbereich mit fester Bodenplane und ist inkl. 2 Pers. Innenzelt von&hellip;<\/p>\n","protected":false},"featured_media":19909,"comment_status":"open","ping_status":"closed","template":"","meta":{"_acf_changed":false},"product_brand":[],"product_cat":[74,71],"product_tag":[],"class_list":{"0":"post-19931","1":"product","2":"type-product","3":"status-publish","4":"has-post-thumbnail","6":"product_cat-busvorzelt-air","7":"product_cat-wohnwagenwohnmobilebus","9":"first","10":"instock","11":"shipping-taxable","12":"product-type-simple"},"acf":[],"yoast_head":"<!-- This site is optimized with the Yoast SEO plugin v27.4 - https:\/\/yoast.com\/product\/yoast-seo-wordpress\/ -->\n<title>Buszelt Oak Creek 400 AIR - Eurotrail<\/title>\n<meta name=\"description\" content=\"Ger\u00e4umiges aufblasbares Tunnelzelt, das parallel zum Bus aufgebaut wird. Das Zelt hat einen gro\u00dfen Wohnbereich mit fester Bodenplane und ist inkl. 2 Pers. Innenzelt\" \/>\n<meta name=\"robots\" content=\"index, follow, max-snippet:-1, max-image-preview:large, max-video-preview:-1\" \/>\n<link rel=\"canonical\" href=\"https:\/\/eurotrail.info\/de\/producten\/wohnwagenwohnmobilebus\/busvorzelt-air\/buszelt-oak-creek-400-air\/\" \/>\n<meta property=\"og:locale\" content=\"de_DE\" \/>\n<meta property=\"og:type\" content=\"article\" \/>\n<meta property=\"og:title\" content=\"Buszelt Oak Creek 400 AIR - Eurotrail\" \/>\n<meta property=\"og:description\" content=\"Ger\u00e4umiges aufblasbares Tunnelzelt, das parallel zum Bus aufgebaut wird. Das Zelt hat einen gro\u00dfen Wohnbereich mit fester Bodenplane und ist inkl. 2 Pers. Innenzelt\" \/>\n<meta property=\"og:url\" content=\"https:\/\/eurotrail.info\/de\/producten\/wohnwagenwohnmobilebus\/busvorzelt-air\/buszelt-oak-creek-400-air\/\" \/>\n<meta property=\"og:site_name\" content=\"Eurotrail\" \/>\n<meta property=\"article:modified_time\" content=\"2023-03-09T16:24:26+00:00\" \/>\n<meta property=\"og:image\" content=\"https:\/\/eurotrail.info\/wp\/wp-content\/uploads\/2022\/10\/ETCT0193-Oak-Creek-Air-400_open_2-KLEIN.jpg\" \/>\n\t<meta property=\"og:image:width\" content=\"2504\" \/>\n\t<meta property=\"og:image:height\" content=\"1600\" \/>\n\t<meta property=\"og:image:type\" content=\"image\/jpeg\" \/>\n<meta name=\"twitter:card\" content=\"summary_large_image\" \/>\n<meta name=\"twitter:label1\" content=\"Gesch\u00e4tzte Lesezeit\" \/>\n\t<meta name=\"twitter:data1\" content=\"2\u00a0Minuten\" \/>\n<script type=\"application\/ld+json\" class=\"yoast-schema-graph\">{\"@context\":\"https:\\\/\\\/schema.org\",\"@graph\":[{\"@type\":\"WebPage\",\"@id\":\"https:\\\/\\\/eurotrail.info\\\/de\\\/producten\\\/wohnwagenwohnmobilebus\\\/busvorzelt-air\\\/buszelt-oak-creek-400-air\\\/\",\"url\":\"https:\\\/\\\/eurotrail.info\\\/de\\\/producten\\\/wohnwagenwohnmobilebus\\\/busvorzelt-air\\\/buszelt-oak-creek-400-air\\\/\",\"name\":\"Buszelt Oak Creek 400 AIR - Eurotrail\",\"isPartOf\":{\"@id\":\"https:\\\/\\\/eurotrail.info\\\/#website\"},\"primaryImageOfPage\":{\"@id\":\"https:\\\/\\\/eurotrail.info\\\/de\\\/producten\\\/wohnwagenwohnmobilebus\\\/busvorzelt-air\\\/buszelt-oak-creek-400-air\\\/#primaryimage\"},\"image\":{\"@id\":\"https:\\\/\\\/eurotrail.info\\\/de\\\/producten\\\/wohnwagenwohnmobilebus\\\/busvorzelt-air\\\/buszelt-oak-creek-400-air\\\/#primaryimage\"},\"thumbnailUrl\":\"https:\\\/\\\/eurotrail.info\\\/wp\\\/wp-content\\\/uploads\\\/2022\\\/10\\\/ETCT0193-Oak-Creek-Air-400_open_2-KLEIN.jpg\",\"datePublished\":\"2022-10-31T13:13:30+00:00\",\"dateModified\":\"2023-03-09T16:24:26+00:00\",\"description\":\"Ger\u00e4umiges aufblasbares Tunnelzelt, das parallel zum Bus aufgebaut wird. Das Zelt hat einen gro\u00dfen Wohnbereich mit fester Bodenplane und ist inkl. 2 Pers. Innenzelt\",\"breadcrumb\":{\"@id\":\"https:\\\/\\\/eurotrail.info\\\/de\\\/producten\\\/wohnwagenwohnmobilebus\\\/busvorzelt-air\\\/buszelt-oak-creek-400-air\\\/#breadcrumb\"},\"inLanguage\":\"de\",\"potentialAction\":[{\"@type\":\"ReadAction\",\"target\":[\"https:\\\/\\\/eurotrail.info\\\/de\\\/producten\\\/wohnwagenwohnmobilebus\\\/busvorzelt-air\\\/buszelt-oak-creek-400-air\\\/\"]}]},{\"@type\":\"ImageObject\",\"inLanguage\":\"de\",\"@id\":\"https:\\\/\\\/eurotrail.info\\\/de\\\/producten\\\/wohnwagenwohnmobilebus\\\/busvorzelt-air\\\/buszelt-oak-creek-400-air\\\/#primaryimage\",\"url\":\"https:\\\/\\\/eurotrail.info\\\/wp\\\/wp-content\\\/uploads\\\/2022\\\/10\\\/ETCT0193-Oak-Creek-Air-400_open_2-KLEIN.jpg\",\"contentUrl\":\"https:\\\/\\\/eurotrail.info\\\/wp\\\/wp-content\\\/uploads\\\/2022\\\/10\\\/ETCT0193-Oak-Creek-Air-400_open_2-KLEIN.jpg\",\"width\":2504,\"height\":1600,\"caption\":\"Eurotrail Oak Creek 400 AIR\"},{\"@type\":\"BreadcrumbList\",\"@id\":\"https:\\\/\\\/eurotrail.info\\\/de\\\/producten\\\/wohnwagenwohnmobilebus\\\/busvorzelt-air\\\/buszelt-oak-creek-400-air\\\/#breadcrumb\",\"itemListElement\":[{\"@type\":\"ListItem\",\"position\":1,\"name\":\"Home\",\"item\":\"https:\\\/\\\/eurotrail.info\\\/de\\\/\"},{\"@type\":\"ListItem\",\"position\":2,\"name\":\"Produkte\",\"item\":\"https:\\\/\\\/eurotrail.info\\\/de\\\/produkte\\\/\"},{\"@type\":\"ListItem\",\"position\":3,\"name\":\"Buszelt Oak Creek 400 AIR\"}]},{\"@type\":\"WebSite\",\"@id\":\"https:\\\/\\\/eurotrail.info\\\/#website\",\"url\":\"https:\\\/\\\/eurotrail.info\\\/\",\"name\":\"Eurotrail\",\"description\":\"\",\"publisher\":{\"@id\":\"https:\\\/\\\/eurotrail.info\\\/#organization\"},\"potentialAction\":[{\"@type\":\"SearchAction\",\"target\":{\"@type\":\"EntryPoint\",\"urlTemplate\":\"https:\\\/\\\/eurotrail.info\\\/?s={search_term_string}\"},\"query-input\":{\"@type\":\"PropertyValueSpecification\",\"valueRequired\":true,\"valueName\":\"search_term_string\"}}],\"inLanguage\":\"de\"},{\"@type\":\"Organization\",\"@id\":\"https:\\\/\\\/eurotrail.info\\\/#organization\",\"name\":\"Eurotrail\",\"url\":\"https:\\\/\\\/eurotrail.info\\\/\",\"logo\":{\"@type\":\"ImageObject\",\"inLanguage\":\"de\",\"@id\":\"https:\\\/\\\/eurotrail.info\\\/#\\\/schema\\\/logo\\\/image\\\/\",\"url\":\"https:\\\/\\\/eurotrail.info\\\/wp\\\/wp-content\\\/uploads\\\/2023\\\/07\\\/ET-logo-quote_NL-scaled.jpg\",\"contentUrl\":\"https:\\\/\\\/eurotrail.info\\\/wp\\\/wp-content\\\/uploads\\\/2023\\\/07\\\/ET-logo-quote_NL-scaled.jpg\",\"width\":2560,\"height\":675,\"caption\":\"Eurotrail\"},\"image\":{\"@id\":\"https:\\\/\\\/eurotrail.info\\\/#\\\/schema\\\/logo\\\/image\\\/\"}}]}<\/script>\n<!-- \/ Yoast SEO plugin. -->","yoast_head_json":{"title":"Buszelt Oak Creek 400 AIR - Eurotrail","description":"Ger\u00e4umiges aufblasbares Tunnelzelt, das parallel zum Bus aufgebaut wird. Das Zelt hat einen gro\u00dfen Wohnbereich mit fester Bodenplane und ist inkl. 2 Pers. Innenzelt","robots":{"index":"index","follow":"follow","max-snippet":"max-snippet:-1","max-image-preview":"max-image-preview:large","max-video-preview":"max-video-preview:-1"},"canonical":"https:\/\/eurotrail.info\/de\/producten\/wohnwagenwohnmobilebus\/busvorzelt-air\/buszelt-oak-creek-400-air\/","og_locale":"de_DE","og_type":"article","og_title":"Buszelt Oak Creek 400 AIR - Eurotrail","og_description":"Ger\u00e4umiges aufblasbares Tunnelzelt, das parallel zum Bus aufgebaut wird. Das Zelt hat einen gro\u00dfen Wohnbereich mit fester Bodenplane und ist inkl. 2 Pers. Innenzelt","og_url":"https:\/\/eurotrail.info\/de\/producten\/wohnwagenwohnmobilebus\/busvorzelt-air\/buszelt-oak-creek-400-air\/","og_site_name":"Eurotrail","article_modified_time":"2023-03-09T16:24:26+00:00","og_image":[{"width":2504,"height":1600,"url":"https:\/\/eurotrail.info\/wp\/wp-content\/uploads\/2022\/10\/ETCT0193-Oak-Creek-Air-400_open_2-KLEIN.jpg","type":"image\/jpeg"}],"twitter_card":"summary_large_image","twitter_misc":{"Gesch\u00e4tzte Lesezeit":"2\u00a0Minuten"},"schema":{"@context":"https:\/\/schema.org","@graph":[{"@type":"WebPage","@id":"https:\/\/eurotrail.info\/de\/producten\/wohnwagenwohnmobilebus\/busvorzelt-air\/buszelt-oak-creek-400-air\/","url":"https:\/\/eurotrail.info\/de\/producten\/wohnwagenwohnmobilebus\/busvorzelt-air\/buszelt-oak-creek-400-air\/","name":"Buszelt Oak Creek 400 AIR - Eurotrail","isPartOf":{"@id":"https:\/\/eurotrail.info\/#website"},"primaryImageOfPage":{"@id":"https:\/\/eurotrail.info\/de\/producten\/wohnwagenwohnmobilebus\/busvorzelt-air\/buszelt-oak-creek-400-air\/#primaryimage"},"image":{"@id":"https:\/\/eurotrail.info\/de\/producten\/wohnwagenwohnmobilebus\/busvorzelt-air\/buszelt-oak-creek-400-air\/#primaryimage"},"thumbnailUrl":"https:\/\/eurotrail.info\/wp\/wp-content\/uploads\/2022\/10\/ETCT0193-Oak-Creek-Air-400_open_2-KLEIN.jpg","datePublished":"2022-10-31T13:13:30+00:00","dateModified":"2023-03-09T16:24:26+00:00","description":"Ger\u00e4umiges aufblasbares Tunnelzelt, das parallel zum Bus aufgebaut wird. Das Zelt hat einen gro\u00dfen Wohnbereich mit fester Bodenplane und ist inkl. 2 Pers. Innenzelt","breadcrumb":{"@id":"https:\/\/eurotrail.info\/de\/producten\/wohnwagenwohnmobilebus\/busvorzelt-air\/buszelt-oak-creek-400-air\/#breadcrumb"},"inLanguage":"de","potentialAction":[{"@type":"ReadAction","target":["https:\/\/eurotrail.info\/de\/producten\/wohnwagenwohnmobilebus\/busvorzelt-air\/buszelt-oak-creek-400-air\/"]}]},{"@type":"ImageObject","inLanguage":"de","@id":"https:\/\/eurotrail.info\/de\/producten\/wohnwagenwohnmobilebus\/busvorzelt-air\/buszelt-oak-creek-400-air\/#primaryimage","url":"https:\/\/eurotrail.info\/wp\/wp-content\/uploads\/2022\/10\/ETCT0193-Oak-Creek-Air-400_open_2-KLEIN.jpg","contentUrl":"https:\/\/eurotrail.info\/wp\/wp-content\/uploads\/2022\/10\/ETCT0193-Oak-Creek-Air-400_open_2-KLEIN.jpg","width":2504,"height":1600,"caption":"Eurotrail Oak Creek 400 AIR"},{"@type":"BreadcrumbList","@id":"https:\/\/eurotrail.info\/de\/producten\/wohnwagenwohnmobilebus\/busvorzelt-air\/buszelt-oak-creek-400-air\/#breadcrumb","itemListElement":[{"@type":"ListItem","position":1,"name":"Home","item":"https:\/\/eurotrail.info\/de\/"},{"@type":"ListItem","position":2,"name":"Produkte","item":"https:\/\/eurotrail.info\/de\/produkte\/"},{"@type":"ListItem","position":3,"name":"Buszelt Oak Creek 400 AIR"}]},{"@type":"WebSite","@id":"https:\/\/eurotrail.info\/#website","url":"https:\/\/eurotrail.info\/","name":"Eurotrail","description":"","publisher":{"@id":"https:\/\/eurotrail.info\/#organization"},"potentialAction":[{"@type":"SearchAction","target":{"@type":"EntryPoint","urlTemplate":"https:\/\/eurotrail.info\/?s={search_term_string}"},"query-input":{"@type":"PropertyValueSpecification","valueRequired":true,"valueName":"search_term_string"}}],"inLanguage":"de"},{"@type":"Organization","@id":"https:\/\/eurotrail.info\/#organization","name":"Eurotrail","url":"https:\/\/eurotrail.info\/","logo":{"@type":"ImageObject","inLanguage":"de","@id":"https:\/\/eurotrail.info\/#\/schema\/logo\/image\/","url":"https:\/\/eurotrail.info\/wp\/wp-content\/uploads\/2023\/07\/ET-logo-quote_NL-scaled.jpg","contentUrl":"https:\/\/eurotrail.info\/wp\/wp-content\/uploads\/2023\/07\/ET-logo-quote_NL-scaled.jpg","width":2560,"height":675,"caption":"Eurotrail"},"image":{"@id":"https:\/\/eurotrail.info\/#\/schema\/logo\/image\/"}}]}},"_links":{"self":[{"href":"https:\/\/eurotrail.info\/de\/wp-json\/wp\/v2\/product\/19931","targetHints":{"allow":["GET"]}}],"collection":[{"href":"https:\/\/eurotrail.info\/de\/wp-json\/wp\/v2\/product"}],"about":[{"href":"https:\/\/eurotrail.info\/de\/wp-json\/wp\/v2\/types\/product"}],"replies":[{"embeddable":true,"href":"https:\/\/eurotrail.info\/de\/wp-json\/wp\/v2\/comments?post=19931"}],"wp:featuredmedia":[{"embeddable":true,"href":"https:\/\/eurotrail.info\/de\/wp-json\/wp\/v2\/media\/19909"}],"wp:attachment":[{"href":"https:\/\/eurotrail.info\/de\/wp-json\/wp\/v2\/media?parent=19931"}],"wp:term":[{"taxonomy":"product_brand","embeddable":true,"href":"https:\/\/eurotrail.info\/de\/wp-json\/wp\/v2\/product_brand?post=19931"},{"taxonomy":"product_cat","embeddable":true,"href":"https:\/\/eurotrail.info\/de\/wp-json\/wp\/v2\/product_cat?post=19931"},{"taxonomy":"product_tag","embeddable":true,"href":"https:\/\/eurotrail.info\/de\/wp-json\/wp\/v2\/product_tag?post=19931"}],"curies":[{"name":"wp","href":"https:\/\/api.w.org\/{rel}","templated":true}]}}