{"id":19991,"date":"2022-10-31T14:23:44","date_gmt":"2022-10-31T13:25:07","guid":{"rendered":"https:\/\/eurotrail.info\/?post_type=product&#038;p=19991"},"modified":"2023-06-02T13:59:46","modified_gmt":"2023-06-02T12:59:46","slug":"oak-creek-500-air-buszelt","status":"publish","type":"product","link":"https:\/\/eurotrail.info\/de\/producten\/wohnwagenwohnmobilebus\/busvorzelt-air\/oak-creek-500-air-buszelt\/","title":{"rendered":"Oak Creek 500 AIR Buszelt"},"content":{"rendered":"<p>Ger\u00e4umiges aufblasbares Tunnelzelt, das parallel zum Bus aufgebaut wird. Das Zelt hat einen gro\u00dfen Wohnbereich mit fester Bodenplane und wird mit einem ger\u00e4umigen Innenzelt von 290 x 310 cm geliefert. Ideal als zus\u00e4tzlicher Schlafplatz f\u00fcr bis zu 4 Personen oder Stauraum.<br \/>\nDas tiefe Vordach mit gro\u00dfen Fenstern auf beiden Seiten bietet viel Platz, wo Sie vor Sonne, Regen oder Wind gesch\u00fctzt sitzen k\u00f6nnen.<br \/>\nWird ein gro\u00dfer Innenraum gew\u00fcnscht, z.B. Bei Regen k\u00f6nnen Sie die Vorderwand nach vorne stellen, so dass Sie einen Innenraum von bis zu 300 x 310 cm haben! Viel Platz f\u00fcr einen Tisch, St\u00fchle und andere Campingausr\u00fcstung. Die mitgelieferte Zeltbodenplane sorgt daf\u00fcr, dass auch dieser Bereich einen gesch\u00fctzten Boden hat.<br \/>\nDas Zelt hat gro\u00dfe Fenster mit Abdeckung und die Vorder- und Seitent\u00fcr haben auch Moskitonetze, um Insekten fernzuhalten.<br \/>\nDer Verbindungstunnel hat auf beiden Seiten eine T\u00fcr und kann auf verschiedene Arten am Bus befestigt werden: abnehmbarer Keder 7,5 + 4 mm, mit Dachstange oder mit Klettverschluss an der Dachreling. Anschlussh\u00f6he 180-210 cm. Inkl. Pumpe, Innenzelt, Zeltboden und Heringe.<\/p>\n<p><a href=\"https:\/\/youtu.be\/RKLwXG1yEmM\">Aufbaufilme Oak Creek 500 AIR<\/a><\/p>\n<p>Material:<br \/>\nDach: 210D Oxford Rip Stop, PU &gt; 5.000 mm Wassers\u00e4ule, UV<br \/>\nW\u00e4nde: 190T Polyester PU &gt; 3000mm Wassers\u00e4ule, UV<br \/>\nBodenplane: 130 gr. PE-Folie<br \/>\nInnenzelt: 290x210x200cm<br \/>\nMaterial: 190T Polyester, Unterseite: 190T Polyester PU<br \/>\nLuftschl\u00e4uche: \u00d810cm<br \/>\nSehne: 7,5 + 4 mm, 265 L\u00e4nge<br \/>\nBaldachinstange: 16 mm Aluminium<br \/>\nAbmessungen: 540 x 310 x 210 cm<br \/>\nVerpackt: 80x40x40cm<br \/>\nGewicht: 25,5 kg.<\/p>\n","protected":false},"excerpt":{"rendered":"<p>Ger\u00e4umiges aufblasbares Tunnelzelt, das parallel zum Bus aufgebaut wird. Das Zelt hat einen gro\u00dfen Wohnbereich mit fester Bodenplane und wird mit einem ger\u00e4umigen Innenzelt von&hellip;<\/p>\n","protected":false},"featured_media":19979,"comment_status":"open","ping_status":"closed","template":"","meta":{"_acf_changed":false},"product_brand":[],"product_cat":[74,71],"product_tag":[],"class_list":{"0":"post-19991","1":"product","2":"type-product","3":"status-publish","4":"has-post-thumbnail","6":"product_cat-busvorzelt-air","7":"product_cat-wohnwagenwohnmobilebus","9":"first","10":"instock","11":"shipping-taxable","12":"product-type-simple"},"acf":[],"yoast_head":"<!-- This site is optimized with the Yoast SEO plugin v27.4 - https:\/\/yoast.com\/product\/yoast-seo-wordpress\/ -->\n<title>Oak Creek 500 AIR Buszelt - Eurotrail<\/title>\n<meta name=\"description\" content=\"Ger\u00e4umiges aufblasbares Tunnelzelt, das parallel zum Bus aufgebaut wird. Das Zelt hat einen gro\u00dfen Wohnbereich mit fester Bodenplane und wird mit einem ger\u00e4umigen Innenzelt von 290 x 310 cm geliefert.\" \/>\n<meta name=\"robots\" content=\"index, follow, max-snippet:-1, max-image-preview:large, max-video-preview:-1\" \/>\n<link rel=\"canonical\" href=\"https:\/\/eurotrail.info\/de\/producten\/wohnwagenwohnmobilebus\/busvorzelt-air\/oak-creek-500-air-buszelt\/\" \/>\n<meta property=\"og:locale\" content=\"de_DE\" \/>\n<meta property=\"og:type\" content=\"article\" \/>\n<meta property=\"og:title\" content=\"Oak Creek 500 AIR Buszelt - Eurotrail\" \/>\n<meta property=\"og:description\" content=\"Ger\u00e4umiges aufblasbares Tunnelzelt, das parallel zum Bus aufgebaut wird. Das Zelt hat einen gro\u00dfen Wohnbereich mit fester Bodenplane und wird mit einem ger\u00e4umigen Innenzelt von 290 x 310 cm geliefert.\" \/>\n<meta property=\"og:url\" content=\"https:\/\/eurotrail.info\/de\/producten\/wohnwagenwohnmobilebus\/busvorzelt-air\/oak-creek-500-air-buszelt\/\" \/>\n<meta property=\"og:site_name\" content=\"Eurotrail\" \/>\n<meta property=\"article:modified_time\" content=\"2023-06-02T12:59:46+00:00\" \/>\n<meta property=\"og:image\" content=\"https:\/\/eurotrail.info\/wp\/wp-content\/uploads\/2022\/10\/IMG_1335-KLEIN.jpg\" \/>\n\t<meta property=\"og:image:width\" content=\"2394\" \/>\n\t<meta property=\"og:image:height\" content=\"1623\" \/>\n\t<meta property=\"og:image:type\" content=\"image\/jpeg\" \/>\n<meta name=\"twitter:card\" content=\"summary_large_image\" \/>\n<meta name=\"twitter:label1\" content=\"Gesch\u00e4tzte Lesezeit\" \/>\n\t<meta name=\"twitter:data1\" content=\"2\u00a0Minuten\" \/>\n<script type=\"application\/ld+json\" class=\"yoast-schema-graph\">{\"@context\":\"https:\\\/\\\/schema.org\",\"@graph\":[{\"@type\":\"WebPage\",\"@id\":\"https:\\\/\\\/eurotrail.info\\\/de\\\/producten\\\/wohnwagenwohnmobilebus\\\/busvorzelt-air\\\/oak-creek-500-air-buszelt\\\/\",\"url\":\"https:\\\/\\\/eurotrail.info\\\/de\\\/producten\\\/wohnwagenwohnmobilebus\\\/busvorzelt-air\\\/oak-creek-500-air-buszelt\\\/\",\"name\":\"Oak Creek 500 AIR Buszelt - Eurotrail\",\"isPartOf\":{\"@id\":\"https:\\\/\\\/eurotrail.info\\\/#website\"},\"primaryImageOfPage\":{\"@id\":\"https:\\\/\\\/eurotrail.info\\\/de\\\/producten\\\/wohnwagenwohnmobilebus\\\/busvorzelt-air\\\/oak-creek-500-air-buszelt\\\/#primaryimage\"},\"image\":{\"@id\":\"https:\\\/\\\/eurotrail.info\\\/de\\\/producten\\\/wohnwagenwohnmobilebus\\\/busvorzelt-air\\\/oak-creek-500-air-buszelt\\\/#primaryimage\"},\"thumbnailUrl\":\"https:\\\/\\\/eurotrail.info\\\/wp\\\/wp-content\\\/uploads\\\/2022\\\/10\\\/IMG_1335-KLEIN.jpg\",\"datePublished\":\"2022-10-31T13:25:07+00:00\",\"dateModified\":\"2023-06-02T12:59:46+00:00\",\"description\":\"Ger\u00e4umiges aufblasbares Tunnelzelt, das parallel zum Bus aufgebaut wird. Das Zelt hat einen gro\u00dfen Wohnbereich mit fester Bodenplane und wird mit einem ger\u00e4umigen Innenzelt von 290 x 310 cm geliefert.\",\"breadcrumb\":{\"@id\":\"https:\\\/\\\/eurotrail.info\\\/de\\\/producten\\\/wohnwagenwohnmobilebus\\\/busvorzelt-air\\\/oak-creek-500-air-buszelt\\\/#breadcrumb\"},\"inLanguage\":\"de\",\"potentialAction\":[{\"@type\":\"ReadAction\",\"target\":[\"https:\\\/\\\/eurotrail.info\\\/de\\\/producten\\\/wohnwagenwohnmobilebus\\\/busvorzelt-air\\\/oak-creek-500-air-buszelt\\\/\"]}]},{\"@type\":\"ImageObject\",\"inLanguage\":\"de\",\"@id\":\"https:\\\/\\\/eurotrail.info\\\/de\\\/producten\\\/wohnwagenwohnmobilebus\\\/busvorzelt-air\\\/oak-creek-500-air-buszelt\\\/#primaryimage\",\"url\":\"https:\\\/\\\/eurotrail.info\\\/wp\\\/wp-content\\\/uploads\\\/2022\\\/10\\\/IMG_1335-KLEIN.jpg\",\"contentUrl\":\"https:\\\/\\\/eurotrail.info\\\/wp\\\/wp-content\\\/uploads\\\/2022\\\/10\\\/IMG_1335-KLEIN.jpg\",\"width\":2394,\"height\":1623,\"caption\":\"Eurotrail Oak Creek 500 AIR\"},{\"@type\":\"BreadcrumbList\",\"@id\":\"https:\\\/\\\/eurotrail.info\\\/de\\\/producten\\\/wohnwagenwohnmobilebus\\\/busvorzelt-air\\\/oak-creek-500-air-buszelt\\\/#breadcrumb\",\"itemListElement\":[{\"@type\":\"ListItem\",\"position\":1,\"name\":\"Home\",\"item\":\"https:\\\/\\\/eurotrail.info\\\/de\\\/\"},{\"@type\":\"ListItem\",\"position\":2,\"name\":\"Produkte\",\"item\":\"https:\\\/\\\/eurotrail.info\\\/de\\\/produkte\\\/\"},{\"@type\":\"ListItem\",\"position\":3,\"name\":\"Oak Creek 500 AIR Buszelt\"}]},{\"@type\":\"WebSite\",\"@id\":\"https:\\\/\\\/eurotrail.info\\\/#website\",\"url\":\"https:\\\/\\\/eurotrail.info\\\/\",\"name\":\"Eurotrail\",\"description\":\"\",\"publisher\":{\"@id\":\"https:\\\/\\\/eurotrail.info\\\/#organization\"},\"potentialAction\":[{\"@type\":\"SearchAction\",\"target\":{\"@type\":\"EntryPoint\",\"urlTemplate\":\"https:\\\/\\\/eurotrail.info\\\/?s={search_term_string}\"},\"query-input\":{\"@type\":\"PropertyValueSpecification\",\"valueRequired\":true,\"valueName\":\"search_term_string\"}}],\"inLanguage\":\"de\"},{\"@type\":\"Organization\",\"@id\":\"https:\\\/\\\/eurotrail.info\\\/#organization\",\"name\":\"Eurotrail\",\"url\":\"https:\\\/\\\/eurotrail.info\\\/\",\"logo\":{\"@type\":\"ImageObject\",\"inLanguage\":\"de\",\"@id\":\"https:\\\/\\\/eurotrail.info\\\/#\\\/schema\\\/logo\\\/image\\\/\",\"url\":\"https:\\\/\\\/eurotrail.info\\\/wp\\\/wp-content\\\/uploads\\\/2023\\\/07\\\/ET-logo-quote_NL-scaled.jpg\",\"contentUrl\":\"https:\\\/\\\/eurotrail.info\\\/wp\\\/wp-content\\\/uploads\\\/2023\\\/07\\\/ET-logo-quote_NL-scaled.jpg\",\"width\":2560,\"height\":675,\"caption\":\"Eurotrail\"},\"image\":{\"@id\":\"https:\\\/\\\/eurotrail.info\\\/#\\\/schema\\\/logo\\\/image\\\/\"}}]}<\/script>\n<!-- \/ Yoast SEO plugin. -->","yoast_head_json":{"title":"Oak Creek 500 AIR Buszelt - Eurotrail","description":"Ger\u00e4umiges aufblasbares Tunnelzelt, das parallel zum Bus aufgebaut wird. Das Zelt hat einen gro\u00dfen Wohnbereich mit fester Bodenplane und wird mit einem ger\u00e4umigen Innenzelt von 290 x 310 cm geliefert.","robots":{"index":"index","follow":"follow","max-snippet":"max-snippet:-1","max-image-preview":"max-image-preview:large","max-video-preview":"max-video-preview:-1"},"canonical":"https:\/\/eurotrail.info\/de\/producten\/wohnwagenwohnmobilebus\/busvorzelt-air\/oak-creek-500-air-buszelt\/","og_locale":"de_DE","og_type":"article","og_title":"Oak Creek 500 AIR Buszelt - Eurotrail","og_description":"Ger\u00e4umiges aufblasbares Tunnelzelt, das parallel zum Bus aufgebaut wird. Das Zelt hat einen gro\u00dfen Wohnbereich mit fester Bodenplane und wird mit einem ger\u00e4umigen Innenzelt von 290 x 310 cm geliefert.","og_url":"https:\/\/eurotrail.info\/de\/producten\/wohnwagenwohnmobilebus\/busvorzelt-air\/oak-creek-500-air-buszelt\/","og_site_name":"Eurotrail","article_modified_time":"2023-06-02T12:59:46+00:00","og_image":[{"width":2394,"height":1623,"url":"https:\/\/eurotrail.info\/wp\/wp-content\/uploads\/2022\/10\/IMG_1335-KLEIN.jpg","type":"image\/jpeg"}],"twitter_card":"summary_large_image","twitter_misc":{"Gesch\u00e4tzte Lesezeit":"2\u00a0Minuten"},"schema":{"@context":"https:\/\/schema.org","@graph":[{"@type":"WebPage","@id":"https:\/\/eurotrail.info\/de\/producten\/wohnwagenwohnmobilebus\/busvorzelt-air\/oak-creek-500-air-buszelt\/","url":"https:\/\/eurotrail.info\/de\/producten\/wohnwagenwohnmobilebus\/busvorzelt-air\/oak-creek-500-air-buszelt\/","name":"Oak Creek 500 AIR Buszelt - Eurotrail","isPartOf":{"@id":"https:\/\/eurotrail.info\/#website"},"primaryImageOfPage":{"@id":"https:\/\/eurotrail.info\/de\/producten\/wohnwagenwohnmobilebus\/busvorzelt-air\/oak-creek-500-air-buszelt\/#primaryimage"},"image":{"@id":"https:\/\/eurotrail.info\/de\/producten\/wohnwagenwohnmobilebus\/busvorzelt-air\/oak-creek-500-air-buszelt\/#primaryimage"},"thumbnailUrl":"https:\/\/eurotrail.info\/wp\/wp-content\/uploads\/2022\/10\/IMG_1335-KLEIN.jpg","datePublished":"2022-10-31T13:25:07+00:00","dateModified":"2023-06-02T12:59:46+00:00","description":"Ger\u00e4umiges aufblasbares Tunnelzelt, das parallel zum Bus aufgebaut wird. Das Zelt hat einen gro\u00dfen Wohnbereich mit fester Bodenplane und wird mit einem ger\u00e4umigen Innenzelt von 290 x 310 cm geliefert.","breadcrumb":{"@id":"https:\/\/eurotrail.info\/de\/producten\/wohnwagenwohnmobilebus\/busvorzelt-air\/oak-creek-500-air-buszelt\/#breadcrumb"},"inLanguage":"de","potentialAction":[{"@type":"ReadAction","target":["https:\/\/eurotrail.info\/de\/producten\/wohnwagenwohnmobilebus\/busvorzelt-air\/oak-creek-500-air-buszelt\/"]}]},{"@type":"ImageObject","inLanguage":"de","@id":"https:\/\/eurotrail.info\/de\/producten\/wohnwagenwohnmobilebus\/busvorzelt-air\/oak-creek-500-air-buszelt\/#primaryimage","url":"https:\/\/eurotrail.info\/wp\/wp-content\/uploads\/2022\/10\/IMG_1335-KLEIN.jpg","contentUrl":"https:\/\/eurotrail.info\/wp\/wp-content\/uploads\/2022\/10\/IMG_1335-KLEIN.jpg","width":2394,"height":1623,"caption":"Eurotrail Oak Creek 500 AIR"},{"@type":"BreadcrumbList","@id":"https:\/\/eurotrail.info\/de\/producten\/wohnwagenwohnmobilebus\/busvorzelt-air\/oak-creek-500-air-buszelt\/#breadcrumb","itemListElement":[{"@type":"ListItem","position":1,"name":"Home","item":"https:\/\/eurotrail.info\/de\/"},{"@type":"ListItem","position":2,"name":"Produkte","item":"https:\/\/eurotrail.info\/de\/produkte\/"},{"@type":"ListItem","position":3,"name":"Oak Creek 500 AIR Buszelt"}]},{"@type":"WebSite","@id":"https:\/\/eurotrail.info\/#website","url":"https:\/\/eurotrail.info\/","name":"Eurotrail","description":"","publisher":{"@id":"https:\/\/eurotrail.info\/#organization"},"potentialAction":[{"@type":"SearchAction","target":{"@type":"EntryPoint","urlTemplate":"https:\/\/eurotrail.info\/?s={search_term_string}"},"query-input":{"@type":"PropertyValueSpecification","valueRequired":true,"valueName":"search_term_string"}}],"inLanguage":"de"},{"@type":"Organization","@id":"https:\/\/eurotrail.info\/#organization","name":"Eurotrail","url":"https:\/\/eurotrail.info\/","logo":{"@type":"ImageObject","inLanguage":"de","@id":"https:\/\/eurotrail.info\/#\/schema\/logo\/image\/","url":"https:\/\/eurotrail.info\/wp\/wp-content\/uploads\/2023\/07\/ET-logo-quote_NL-scaled.jpg","contentUrl":"https:\/\/eurotrail.info\/wp\/wp-content\/uploads\/2023\/07\/ET-logo-quote_NL-scaled.jpg","width":2560,"height":675,"caption":"Eurotrail"},"image":{"@id":"https:\/\/eurotrail.info\/#\/schema\/logo\/image\/"}}]}},"_links":{"self":[{"href":"https:\/\/eurotrail.info\/de\/wp-json\/wp\/v2\/product\/19991","targetHints":{"allow":["GET"]}}],"collection":[{"href":"https:\/\/eurotrail.info\/de\/wp-json\/wp\/v2\/product"}],"about":[{"href":"https:\/\/eurotrail.info\/de\/wp-json\/wp\/v2\/types\/product"}],"replies":[{"embeddable":true,"href":"https:\/\/eurotrail.info\/de\/wp-json\/wp\/v2\/comments?post=19991"}],"wp:featuredmedia":[{"embeddable":true,"href":"https:\/\/eurotrail.info\/de\/wp-json\/wp\/v2\/media\/19979"}],"wp:attachment":[{"href":"https:\/\/eurotrail.info\/de\/wp-json\/wp\/v2\/media?parent=19991"}],"wp:term":[{"taxonomy":"product_brand","embeddable":true,"href":"https:\/\/eurotrail.info\/de\/wp-json\/wp\/v2\/product_brand?post=19991"},{"taxonomy":"product_cat","embeddable":true,"href":"https:\/\/eurotrail.info\/de\/wp-json\/wp\/v2\/product_cat?post=19991"},{"taxonomy":"product_tag","embeddable":true,"href":"https:\/\/eurotrail.info\/de\/wp-json\/wp\/v2\/product_tag?post=19991"}],"curies":[{"name":"wp","href":"https:\/\/api.w.org\/{rel}","templated":true}]}}