{"id":20046,"date":"2022-10-31T14:37:08","date_gmt":"2022-10-31T13:37:08","guid":{"rendered":"https:\/\/eurotrail.info\/?post_type=product&#038;p=20046"},"modified":"2026-02-11T17:18:23","modified_gmt":"2026-02-11T16:18:23","slug":"sprak-tischleuchte-wiederaufladbar","status":"publish","type":"product","link":"https:\/\/eurotrail.info\/de\/producten\/campingleuchten\/sprak-tischleuchte-wiederaufladbar\/","title":{"rendered":"Spark Tischleuchte wiederaufladbar"},"content":{"rendered":"<p>Tischleuchte Spark \u2013 Klein, aber gross in gem\u00fctlichkeit! \u2728<\/p>\n<p>Verleihen Sie Ihrem Zuhause mit der Tischleuchte Spark im Handumdrehen W\u00e4rme und Stil. Die elegant designte Leuchte steht fest auf ihrem stabilen Eisenfu\u00df und passt m\u00fchelos auf jeden Tisch, Nachttisch oder Schreibtisch.<\/p>\n<p>Spark passt sich perfekt Ihren Bed\u00fcrfnissen an: W\u00e4hlen Sie helles Wei\u00dflicht zum Lesen, warmes Licht f\u00fcr einen entspannten Abend oder eine der verschiedenen Stimmungsfarben, um die gew\u00fcnschte Atmosph\u00e4re zu schaffen. Von ruhig und romantisch bis verspielt und modern \u2013 Spark bietet f\u00fcr jeden Anlass das Richtige.<\/p>\n<p>Dank des integrierten, wiederaufladbaren Lithium-Akkus k\u00f6nnen Sie die Leuchte \u00fcberall im Haus mitnehmen. Das Aufladen mit dem mitgelieferten USB-Kabel ist schnell und einfach, sodass Sie nie lange ohne Licht auskommen m\u00fcssen.<\/p>\n<p>Mit ihrer klassischen Silhouette und den modernen Lichtoptionen ist die Spark ein echtes Multitalent: perfekt f\u00fcr jeden Anlass und jedes Interieur.<\/p>\n<p>Material: PP-Kunststoff, Metallsockel<br \/>\nAbmessungen: \u00d815x26cm<br \/>\nLED: 4 x RGB-LED + 9 x warmwei\u00dfe LED<br \/>\nWasserdicht: IP44 spritzwassergesch\u00fctzt<br \/>\nLumen: 140 Lumen<br \/>\nBatterie: 3,7 V 1800 mAh Li-Ion<br \/>\nLadezeit: \u00b1 4-5 Stunden<br \/>\nArbeitszeit: \u00b1 5-6 Stunden<br \/>\nGewicht: 0,66 kg.<\/p>\n","protected":false},"excerpt":{"rendered":"<p>Tischleuchte Spark \u2013 Klein, aber gross in gem\u00fctlichkeit! \u2728 Verleihen Sie Ihrem Zuhause mit der Tischleuchte Spark im Handumdrehen W\u00e4rme und Stil. Die elegant designte&hellip;<\/p>\n","protected":false},"featured_media":20014,"comment_status":"open","ping_status":"closed","template":"","meta":{"_acf_changed":false},"product_brand":[],"product_cat":[102],"product_tag":[],"class_list":{"0":"post-20046","1":"product","2":"type-product","3":"status-publish","4":"has-post-thumbnail","6":"product_cat-campingleuchten","8":"first","9":"instock","10":"shipping-taxable","11":"product-type-simple"},"acf":[],"yoast_head":"<!-- This site is optimized with the Yoast SEO plugin v27.3 - https:\/\/yoast.com\/product\/yoast-seo-wordpress\/ -->\n<title>Spark Tischleuchte wiederaufladbar - Eurotrail<\/title>\n<meta name=\"description\" content=\"Tischleuchte mit stabilem Eisenfu\u00df. Lampe gibt hellwei\u00dfes oder warmes Licht und ist auch in verschiedenen Stimmungsfarben einstellbar.\" \/>\n<meta name=\"robots\" content=\"index, follow, max-snippet:-1, max-image-preview:large, max-video-preview:-1\" \/>\n<link rel=\"canonical\" href=\"https:\/\/eurotrail.info\/de\/producten\/campingleuchten\/sprak-tischleuchte-wiederaufladbar\/\" \/>\n<meta property=\"og:locale\" content=\"de_DE\" \/>\n<meta property=\"og:type\" content=\"article\" \/>\n<meta property=\"og:title\" content=\"Spark Tischleuchte wiederaufladbar - Eurotrail\" \/>\n<meta property=\"og:description\" content=\"Tischleuchte mit stabilem Eisenfu\u00df. Lampe gibt hellwei\u00dfes oder warmes Licht und ist auch in verschiedenen Stimmungsfarben einstellbar.\" \/>\n<meta property=\"og:url\" content=\"https:\/\/eurotrail.info\/de\/producten\/campingleuchten\/sprak-tischleuchte-wiederaufladbar\/\" \/>\n<meta property=\"og:site_name\" content=\"Eurotrail\" \/>\n<meta property=\"article:modified_time\" content=\"2026-02-11T16:18:23+00:00\" \/>\n<meta property=\"og:image\" content=\"https:\/\/eurotrail.info\/wp\/wp-content\/uploads\/2022\/10\/tafellampje-1a.jpg\" \/>\n\t<meta property=\"og:image:width\" content=\"1416\" \/>\n\t<meta property=\"og:image:height\" content=\"2553\" \/>\n\t<meta property=\"og:image:type\" content=\"image\/jpeg\" \/>\n<meta name=\"twitter:card\" content=\"summary_large_image\" \/>\n<meta name=\"twitter:label1\" content=\"Gesch\u00e4tzte Lesezeit\" \/>\n\t<meta name=\"twitter:data1\" content=\"2\u00a0Minuten\" \/>\n<script type=\"application\/ld+json\" class=\"yoast-schema-graph\">{\"@context\":\"https:\\\/\\\/schema.org\",\"@graph\":[{\"@type\":\"WebPage\",\"@id\":\"https:\\\/\\\/eurotrail.info\\\/de\\\/producten\\\/campingleuchten\\\/sprak-tischleuchte-wiederaufladbar\\\/\",\"url\":\"https:\\\/\\\/eurotrail.info\\\/de\\\/producten\\\/campingleuchten\\\/sprak-tischleuchte-wiederaufladbar\\\/\",\"name\":\"Spark Tischleuchte wiederaufladbar - Eurotrail\",\"isPartOf\":{\"@id\":\"https:\\\/\\\/eurotrail.info\\\/#website\"},\"primaryImageOfPage\":{\"@id\":\"https:\\\/\\\/eurotrail.info\\\/de\\\/producten\\\/campingleuchten\\\/sprak-tischleuchte-wiederaufladbar\\\/#primaryimage\"},\"image\":{\"@id\":\"https:\\\/\\\/eurotrail.info\\\/de\\\/producten\\\/campingleuchten\\\/sprak-tischleuchte-wiederaufladbar\\\/#primaryimage\"},\"thumbnailUrl\":\"https:\\\/\\\/eurotrail.info\\\/wp\\\/wp-content\\\/uploads\\\/2022\\\/10\\\/tafellampje-1a.jpg\",\"datePublished\":\"2022-10-31T13:37:08+00:00\",\"dateModified\":\"2026-02-11T16:18:23+00:00\",\"description\":\"Tischleuchte mit stabilem Eisenfu\u00df. Lampe gibt hellwei\u00dfes oder warmes Licht und ist auch in verschiedenen Stimmungsfarben einstellbar.\",\"breadcrumb\":{\"@id\":\"https:\\\/\\\/eurotrail.info\\\/de\\\/producten\\\/campingleuchten\\\/sprak-tischleuchte-wiederaufladbar\\\/#breadcrumb\"},\"inLanguage\":\"de\",\"potentialAction\":[{\"@type\":\"ReadAction\",\"target\":[\"https:\\\/\\\/eurotrail.info\\\/de\\\/producten\\\/campingleuchten\\\/sprak-tischleuchte-wiederaufladbar\\\/\"]}]},{\"@type\":\"ImageObject\",\"inLanguage\":\"de\",\"@id\":\"https:\\\/\\\/eurotrail.info\\\/de\\\/producten\\\/campingleuchten\\\/sprak-tischleuchte-wiederaufladbar\\\/#primaryimage\",\"url\":\"https:\\\/\\\/eurotrail.info\\\/wp\\\/wp-content\\\/uploads\\\/2022\\\/10\\\/tafellampje-1a.jpg\",\"contentUrl\":\"https:\\\/\\\/eurotrail.info\\\/wp\\\/wp-content\\\/uploads\\\/2022\\\/10\\\/tafellampje-1a.jpg\",\"width\":1416,\"height\":2553,\"caption\":\"Eurotrail tafellamp Spark\"},{\"@type\":\"BreadcrumbList\",\"@id\":\"https:\\\/\\\/eurotrail.info\\\/de\\\/producten\\\/campingleuchten\\\/sprak-tischleuchte-wiederaufladbar\\\/#breadcrumb\",\"itemListElement\":[{\"@type\":\"ListItem\",\"position\":1,\"name\":\"Home\",\"item\":\"https:\\\/\\\/eurotrail.info\\\/de\\\/\"},{\"@type\":\"ListItem\",\"position\":2,\"name\":\"Produkte\",\"item\":\"https:\\\/\\\/eurotrail.info\\\/de\\\/produkte\\\/\"},{\"@type\":\"ListItem\",\"position\":3,\"name\":\"Spark Tischleuchte wiederaufladbar\"}]},{\"@type\":\"WebSite\",\"@id\":\"https:\\\/\\\/eurotrail.info\\\/#website\",\"url\":\"https:\\\/\\\/eurotrail.info\\\/\",\"name\":\"Eurotrail\",\"description\":\"\",\"publisher\":{\"@id\":\"https:\\\/\\\/eurotrail.info\\\/#organization\"},\"potentialAction\":[{\"@type\":\"SearchAction\",\"target\":{\"@type\":\"EntryPoint\",\"urlTemplate\":\"https:\\\/\\\/eurotrail.info\\\/?s={search_term_string}\"},\"query-input\":{\"@type\":\"PropertyValueSpecification\",\"valueRequired\":true,\"valueName\":\"search_term_string\"}}],\"inLanguage\":\"de\"},{\"@type\":\"Organization\",\"@id\":\"https:\\\/\\\/eurotrail.info\\\/#organization\",\"name\":\"Eurotrail\",\"url\":\"https:\\\/\\\/eurotrail.info\\\/\",\"logo\":{\"@type\":\"ImageObject\",\"inLanguage\":\"de\",\"@id\":\"https:\\\/\\\/eurotrail.info\\\/#\\\/schema\\\/logo\\\/image\\\/\",\"url\":\"https:\\\/\\\/eurotrail.info\\\/wp\\\/wp-content\\\/uploads\\\/2023\\\/07\\\/ET-logo-quote_NL-scaled.jpg\",\"contentUrl\":\"https:\\\/\\\/eurotrail.info\\\/wp\\\/wp-content\\\/uploads\\\/2023\\\/07\\\/ET-logo-quote_NL-scaled.jpg\",\"width\":2560,\"height\":675,\"caption\":\"Eurotrail\"},\"image\":{\"@id\":\"https:\\\/\\\/eurotrail.info\\\/#\\\/schema\\\/logo\\\/image\\\/\"}}]}<\/script>\n<!-- \/ Yoast SEO plugin. -->","yoast_head_json":{"title":"Spark Tischleuchte wiederaufladbar - Eurotrail","description":"Tischleuchte mit stabilem Eisenfu\u00df. Lampe gibt hellwei\u00dfes oder warmes Licht und ist auch in verschiedenen Stimmungsfarben einstellbar.","robots":{"index":"index","follow":"follow","max-snippet":"max-snippet:-1","max-image-preview":"max-image-preview:large","max-video-preview":"max-video-preview:-1"},"canonical":"https:\/\/eurotrail.info\/de\/producten\/campingleuchten\/sprak-tischleuchte-wiederaufladbar\/","og_locale":"de_DE","og_type":"article","og_title":"Spark Tischleuchte wiederaufladbar - Eurotrail","og_description":"Tischleuchte mit stabilem Eisenfu\u00df. Lampe gibt hellwei\u00dfes oder warmes Licht und ist auch in verschiedenen Stimmungsfarben einstellbar.","og_url":"https:\/\/eurotrail.info\/de\/producten\/campingleuchten\/sprak-tischleuchte-wiederaufladbar\/","og_site_name":"Eurotrail","article_modified_time":"2026-02-11T16:18:23+00:00","og_image":[{"width":1416,"height":2553,"url":"https:\/\/eurotrail.info\/wp\/wp-content\/uploads\/2022\/10\/tafellampje-1a.jpg","type":"image\/jpeg"}],"twitter_card":"summary_large_image","twitter_misc":{"Gesch\u00e4tzte Lesezeit":"2\u00a0Minuten"},"schema":{"@context":"https:\/\/schema.org","@graph":[{"@type":"WebPage","@id":"https:\/\/eurotrail.info\/de\/producten\/campingleuchten\/sprak-tischleuchte-wiederaufladbar\/","url":"https:\/\/eurotrail.info\/de\/producten\/campingleuchten\/sprak-tischleuchte-wiederaufladbar\/","name":"Spark Tischleuchte wiederaufladbar - Eurotrail","isPartOf":{"@id":"https:\/\/eurotrail.info\/#website"},"primaryImageOfPage":{"@id":"https:\/\/eurotrail.info\/de\/producten\/campingleuchten\/sprak-tischleuchte-wiederaufladbar\/#primaryimage"},"image":{"@id":"https:\/\/eurotrail.info\/de\/producten\/campingleuchten\/sprak-tischleuchte-wiederaufladbar\/#primaryimage"},"thumbnailUrl":"https:\/\/eurotrail.info\/wp\/wp-content\/uploads\/2022\/10\/tafellampje-1a.jpg","datePublished":"2022-10-31T13:37:08+00:00","dateModified":"2026-02-11T16:18:23+00:00","description":"Tischleuchte mit stabilem Eisenfu\u00df. Lampe gibt hellwei\u00dfes oder warmes Licht und ist auch in verschiedenen Stimmungsfarben einstellbar.","breadcrumb":{"@id":"https:\/\/eurotrail.info\/de\/producten\/campingleuchten\/sprak-tischleuchte-wiederaufladbar\/#breadcrumb"},"inLanguage":"de","potentialAction":[{"@type":"ReadAction","target":["https:\/\/eurotrail.info\/de\/producten\/campingleuchten\/sprak-tischleuchte-wiederaufladbar\/"]}]},{"@type":"ImageObject","inLanguage":"de","@id":"https:\/\/eurotrail.info\/de\/producten\/campingleuchten\/sprak-tischleuchte-wiederaufladbar\/#primaryimage","url":"https:\/\/eurotrail.info\/wp\/wp-content\/uploads\/2022\/10\/tafellampje-1a.jpg","contentUrl":"https:\/\/eurotrail.info\/wp\/wp-content\/uploads\/2022\/10\/tafellampje-1a.jpg","width":1416,"height":2553,"caption":"Eurotrail tafellamp Spark"},{"@type":"BreadcrumbList","@id":"https:\/\/eurotrail.info\/de\/producten\/campingleuchten\/sprak-tischleuchte-wiederaufladbar\/#breadcrumb","itemListElement":[{"@type":"ListItem","position":1,"name":"Home","item":"https:\/\/eurotrail.info\/de\/"},{"@type":"ListItem","position":2,"name":"Produkte","item":"https:\/\/eurotrail.info\/de\/produkte\/"},{"@type":"ListItem","position":3,"name":"Spark Tischleuchte wiederaufladbar"}]},{"@type":"WebSite","@id":"https:\/\/eurotrail.info\/#website","url":"https:\/\/eurotrail.info\/","name":"Eurotrail","description":"","publisher":{"@id":"https:\/\/eurotrail.info\/#organization"},"potentialAction":[{"@type":"SearchAction","target":{"@type":"EntryPoint","urlTemplate":"https:\/\/eurotrail.info\/?s={search_term_string}"},"query-input":{"@type":"PropertyValueSpecification","valueRequired":true,"valueName":"search_term_string"}}],"inLanguage":"de"},{"@type":"Organization","@id":"https:\/\/eurotrail.info\/#organization","name":"Eurotrail","url":"https:\/\/eurotrail.info\/","logo":{"@type":"ImageObject","inLanguage":"de","@id":"https:\/\/eurotrail.info\/#\/schema\/logo\/image\/","url":"https:\/\/eurotrail.info\/wp\/wp-content\/uploads\/2023\/07\/ET-logo-quote_NL-scaled.jpg","contentUrl":"https:\/\/eurotrail.info\/wp\/wp-content\/uploads\/2023\/07\/ET-logo-quote_NL-scaled.jpg","width":2560,"height":675,"caption":"Eurotrail"},"image":{"@id":"https:\/\/eurotrail.info\/#\/schema\/logo\/image\/"}}]}},"_links":{"self":[{"href":"https:\/\/eurotrail.info\/de\/wp-json\/wp\/v2\/product\/20046","targetHints":{"allow":["GET"]}}],"collection":[{"href":"https:\/\/eurotrail.info\/de\/wp-json\/wp\/v2\/product"}],"about":[{"href":"https:\/\/eurotrail.info\/de\/wp-json\/wp\/v2\/types\/product"}],"replies":[{"embeddable":true,"href":"https:\/\/eurotrail.info\/de\/wp-json\/wp\/v2\/comments?post=20046"}],"wp:featuredmedia":[{"embeddable":true,"href":"https:\/\/eurotrail.info\/de\/wp-json\/wp\/v2\/media\/20014"}],"wp:attachment":[{"href":"https:\/\/eurotrail.info\/de\/wp-json\/wp\/v2\/media?parent=20046"}],"wp:term":[{"taxonomy":"product_brand","embeddable":true,"href":"https:\/\/eurotrail.info\/de\/wp-json\/wp\/v2\/product_brand?post=20046"},{"taxonomy":"product_cat","embeddable":true,"href":"https:\/\/eurotrail.info\/de\/wp-json\/wp\/v2\/product_cat?post=20046"},{"taxonomy":"product_tag","embeddable":true,"href":"https:\/\/eurotrail.info\/de\/wp-json\/wp\/v2\/product_tag?post=20046"}],"curies":[{"name":"wp","href":"https:\/\/api.w.org\/{rel}","templated":true}]}}