{"id":20076,"date":"2022-10-31T14:50:39","date_gmt":"2022-10-31T13:51:52","guid":{"rendered":"https:\/\/eurotrail.info\/?post_type=product&#038;p=20076"},"modified":"2023-04-06T14:09:29","modified_gmt":"2023-04-06T13:09:29","slug":"annecy-m-premium-kochtopfset","status":"publish","type":"product","link":"https:\/\/eurotrail.info\/de\/producten\/haushaltartikel\/rvs-topsets\/annecy-m-premium-kochtopfset\/","title":{"rendered":"Annecy M  Premium Kochtopfset"},"content":{"rendered":"<p>Luxuri\u00f6ses Kochtopfset aus Edelstahl mit Silikonkanten Glasdeckel. Die T\u00f6pfe sind ineinander stapelbar und mit einem abnehmbaren Griff ausgestattet, sodass sie fast \u00fcberall aufbewahrt werden k\u00f6nnen. Der spezielle Griff l\u00e4sst sich durch ein einzigartiges Klicksystem einfach abnehmen und sorgt f\u00fcr einen stabilen Halt der Pfannen. Durch den abnehmbaren Griff sind die Pfannen auch f\u00fcr den Backofen geeignet! Auf der Innenseite der Pfannen befindet sich eine praktische Graduierung, damit Sie die Menge genau sehen k\u00f6nnen. Der Deckel besteht aus geh\u00e4rtetem Glas mit Silikonrand und -knopf. Die Pfannen passen ineinander und nehmen daher wenig Platz ein. Durch den Kapselboden sind die T\u00f6pfe f\u00fcr alle W\u00e4rmequellen wie Gas, Elektrik, Keramik oder Induktion geeignet.<\/p>\n<p>\u00d8 16x8cm, 1.25 ltr., 630 gr.<br \/>\n\u00d8 18x9cm, 1.5 ltr., 800 gr.<\/p>\n","protected":false},"excerpt":{"rendered":"<p>Luxuri\u00f6ses Kochtopfset aus Edelstahl mit Silikonkanten Glasdeckel. Die T\u00f6pfe sind ineinander stapelbar und mit einem abnehmbaren Griff ausgestattet, sodass sie fast \u00fcberall aufbewahrt werden k\u00f6nnen.&hellip;<\/p>\n","protected":false},"featured_media":20054,"comment_status":"open","ping_status":"closed","template":"","meta":{"_acf_changed":false},"product_brand":[],"product_cat":[184],"product_tag":[],"class_list":{"0":"post-20076","1":"product","2":"type-product","3":"status-publish","4":"has-post-thumbnail","6":"product_cat-rvs-topsets","8":"first","9":"instock","10":"shipping-taxable","11":"product-type-simple"},"acf":[],"yoast_head":"<!-- This site is optimized with the Yoast SEO plugin v27.3 - https:\/\/yoast.com\/product\/yoast-seo-wordpress\/ -->\n<title>Annecy M Premium Kochtopfset - Eurotrail<\/title>\n<meta name=\"description\" content=\"Luxuri\u00f6ses Kochtopfset aus Edelstahl mit Silikonkanten Glasdeckel. Die T\u00f6pfe sind ineinander stapelbar und mit einem abnehmbaren Griff ausgestattet, sodass sie fast \u00fcberall aufbewahrt werden k\u00f6nnen.\" \/>\n<meta name=\"robots\" content=\"index, follow, max-snippet:-1, max-image-preview:large, max-video-preview:-1\" \/>\n<link rel=\"canonical\" href=\"https:\/\/eurotrail.info\/de\/producten\/haushaltartikel\/rvs-topsets\/annecy-m-premium-kochtopfset\/\" \/>\n<meta property=\"og:locale\" content=\"de_DE\" \/>\n<meta property=\"og:type\" content=\"article\" \/>\n<meta property=\"og:title\" content=\"Annecy M Premium Kochtopfset - Eurotrail\" \/>\n<meta property=\"og:description\" content=\"Luxuri\u00f6ses Kochtopfset aus Edelstahl mit Silikonkanten Glasdeckel. Die T\u00f6pfe sind ineinander stapelbar und mit einem abnehmbaren Griff ausgestattet, sodass sie fast \u00fcberall aufbewahrt werden k\u00f6nnen.\" \/>\n<meta property=\"og:url\" content=\"https:\/\/eurotrail.info\/de\/producten\/haushaltartikel\/rvs-topsets\/annecy-m-premium-kochtopfset\/\" \/>\n<meta property=\"og:site_name\" content=\"Eurotrail\" \/>\n<meta property=\"article:modified_time\" content=\"2023-04-06T13:09:29+00:00\" \/>\n<meta property=\"og:image\" content=\"https:\/\/eurotrail.info\/wp\/wp-content\/uploads\/2022\/10\/Annecy-M-L-Premium--scaled.jpg\" \/>\n\t<meta property=\"og:image:width\" content=\"2560\" \/>\n\t<meta property=\"og:image:height\" content=\"1807\" \/>\n\t<meta property=\"og:image:type\" content=\"image\/jpeg\" \/>\n<meta name=\"twitter:card\" content=\"summary_large_image\" \/>\n<meta name=\"twitter:label1\" content=\"Gesch\u00e4tzte Lesezeit\" \/>\n\t<meta name=\"twitter:data1\" content=\"1\u00a0Minute\" \/>\n<script type=\"application\/ld+json\" class=\"yoast-schema-graph\">{\"@context\":\"https:\\\/\\\/schema.org\",\"@graph\":[{\"@type\":\"WebPage\",\"@id\":\"https:\\\/\\\/eurotrail.info\\\/de\\\/producten\\\/haushaltartikel\\\/rvs-topsets\\\/annecy-m-premium-kochtopfset\\\/\",\"url\":\"https:\\\/\\\/eurotrail.info\\\/de\\\/producten\\\/haushaltartikel\\\/rvs-topsets\\\/annecy-m-premium-kochtopfset\\\/\",\"name\":\"Annecy M Premium Kochtopfset - Eurotrail\",\"isPartOf\":{\"@id\":\"https:\\\/\\\/eurotrail.info\\\/#website\"},\"primaryImageOfPage\":{\"@id\":\"https:\\\/\\\/eurotrail.info\\\/de\\\/producten\\\/haushaltartikel\\\/rvs-topsets\\\/annecy-m-premium-kochtopfset\\\/#primaryimage\"},\"image\":{\"@id\":\"https:\\\/\\\/eurotrail.info\\\/de\\\/producten\\\/haushaltartikel\\\/rvs-topsets\\\/annecy-m-premium-kochtopfset\\\/#primaryimage\"},\"thumbnailUrl\":\"https:\\\/\\\/eurotrail.info\\\/wp\\\/wp-content\\\/uploads\\\/2022\\\/10\\\/Annecy-M-L-Premium--scaled.jpg\",\"datePublished\":\"2022-10-31T13:51:52+00:00\",\"dateModified\":\"2023-04-06T13:09:29+00:00\",\"description\":\"Luxuri\u00f6ses Kochtopfset aus Edelstahl mit Silikonkanten Glasdeckel. Die T\u00f6pfe sind ineinander stapelbar und mit einem abnehmbaren Griff ausgestattet, sodass sie fast \u00fcberall aufbewahrt werden k\u00f6nnen.\",\"breadcrumb\":{\"@id\":\"https:\\\/\\\/eurotrail.info\\\/de\\\/producten\\\/haushaltartikel\\\/rvs-topsets\\\/annecy-m-premium-kochtopfset\\\/#breadcrumb\"},\"inLanguage\":\"de\",\"potentialAction\":[{\"@type\":\"ReadAction\",\"target\":[\"https:\\\/\\\/eurotrail.info\\\/de\\\/producten\\\/haushaltartikel\\\/rvs-topsets\\\/annecy-m-premium-kochtopfset\\\/\"]}]},{\"@type\":\"ImageObject\",\"inLanguage\":\"de\",\"@id\":\"https:\\\/\\\/eurotrail.info\\\/de\\\/producten\\\/haushaltartikel\\\/rvs-topsets\\\/annecy-m-premium-kochtopfset\\\/#primaryimage\",\"url\":\"https:\\\/\\\/eurotrail.info\\\/wp\\\/wp-content\\\/uploads\\\/2022\\\/10\\\/Annecy-M-L-Premium--scaled.jpg\",\"contentUrl\":\"https:\\\/\\\/eurotrail.info\\\/wp\\\/wp-content\\\/uploads\\\/2022\\\/10\\\/Annecy-M-L-Premium--scaled.jpg\",\"width\":2560,\"height\":1807,\"caption\":\"Eurotrail Pannenset Annecy M\"},{\"@type\":\"BreadcrumbList\",\"@id\":\"https:\\\/\\\/eurotrail.info\\\/de\\\/producten\\\/haushaltartikel\\\/rvs-topsets\\\/annecy-m-premium-kochtopfset\\\/#breadcrumb\",\"itemListElement\":[{\"@type\":\"ListItem\",\"position\":1,\"name\":\"Home\",\"item\":\"https:\\\/\\\/eurotrail.info\\\/de\\\/\"},{\"@type\":\"ListItem\",\"position\":2,\"name\":\"Produkte\",\"item\":\"https:\\\/\\\/eurotrail.info\\\/de\\\/produkte\\\/\"},{\"@type\":\"ListItem\",\"position\":3,\"name\":\"Annecy M Premium Kochtopfset\"}]},{\"@type\":\"WebSite\",\"@id\":\"https:\\\/\\\/eurotrail.info\\\/#website\",\"url\":\"https:\\\/\\\/eurotrail.info\\\/\",\"name\":\"Eurotrail\",\"description\":\"\",\"publisher\":{\"@id\":\"https:\\\/\\\/eurotrail.info\\\/#organization\"},\"potentialAction\":[{\"@type\":\"SearchAction\",\"target\":{\"@type\":\"EntryPoint\",\"urlTemplate\":\"https:\\\/\\\/eurotrail.info\\\/?s={search_term_string}\"},\"query-input\":{\"@type\":\"PropertyValueSpecification\",\"valueRequired\":true,\"valueName\":\"search_term_string\"}}],\"inLanguage\":\"de\"},{\"@type\":\"Organization\",\"@id\":\"https:\\\/\\\/eurotrail.info\\\/#organization\",\"name\":\"Eurotrail\",\"url\":\"https:\\\/\\\/eurotrail.info\\\/\",\"logo\":{\"@type\":\"ImageObject\",\"inLanguage\":\"de\",\"@id\":\"https:\\\/\\\/eurotrail.info\\\/#\\\/schema\\\/logo\\\/image\\\/\",\"url\":\"https:\\\/\\\/eurotrail.info\\\/wp\\\/wp-content\\\/uploads\\\/2023\\\/07\\\/ET-logo-quote_NL-scaled.jpg\",\"contentUrl\":\"https:\\\/\\\/eurotrail.info\\\/wp\\\/wp-content\\\/uploads\\\/2023\\\/07\\\/ET-logo-quote_NL-scaled.jpg\",\"width\":2560,\"height\":675,\"caption\":\"Eurotrail\"},\"image\":{\"@id\":\"https:\\\/\\\/eurotrail.info\\\/#\\\/schema\\\/logo\\\/image\\\/\"}}]}<\/script>\n<!-- \/ Yoast SEO plugin. -->","yoast_head_json":{"title":"Annecy M Premium Kochtopfset - Eurotrail","description":"Luxuri\u00f6ses Kochtopfset aus Edelstahl mit Silikonkanten Glasdeckel. Die T\u00f6pfe sind ineinander stapelbar und mit einem abnehmbaren Griff ausgestattet, sodass sie fast \u00fcberall aufbewahrt werden k\u00f6nnen.","robots":{"index":"index","follow":"follow","max-snippet":"max-snippet:-1","max-image-preview":"max-image-preview:large","max-video-preview":"max-video-preview:-1"},"canonical":"https:\/\/eurotrail.info\/de\/producten\/haushaltartikel\/rvs-topsets\/annecy-m-premium-kochtopfset\/","og_locale":"de_DE","og_type":"article","og_title":"Annecy M Premium Kochtopfset - Eurotrail","og_description":"Luxuri\u00f6ses Kochtopfset aus Edelstahl mit Silikonkanten Glasdeckel. Die T\u00f6pfe sind ineinander stapelbar und mit einem abnehmbaren Griff ausgestattet, sodass sie fast \u00fcberall aufbewahrt werden k\u00f6nnen.","og_url":"https:\/\/eurotrail.info\/de\/producten\/haushaltartikel\/rvs-topsets\/annecy-m-premium-kochtopfset\/","og_site_name":"Eurotrail","article_modified_time":"2023-04-06T13:09:29+00:00","og_image":[{"width":2560,"height":1807,"url":"https:\/\/eurotrail.info\/wp\/wp-content\/uploads\/2022\/10\/Annecy-M-L-Premium--scaled.jpg","type":"image\/jpeg"}],"twitter_card":"summary_large_image","twitter_misc":{"Gesch\u00e4tzte Lesezeit":"1\u00a0Minute"},"schema":{"@context":"https:\/\/schema.org","@graph":[{"@type":"WebPage","@id":"https:\/\/eurotrail.info\/de\/producten\/haushaltartikel\/rvs-topsets\/annecy-m-premium-kochtopfset\/","url":"https:\/\/eurotrail.info\/de\/producten\/haushaltartikel\/rvs-topsets\/annecy-m-premium-kochtopfset\/","name":"Annecy M Premium Kochtopfset - Eurotrail","isPartOf":{"@id":"https:\/\/eurotrail.info\/#website"},"primaryImageOfPage":{"@id":"https:\/\/eurotrail.info\/de\/producten\/haushaltartikel\/rvs-topsets\/annecy-m-premium-kochtopfset\/#primaryimage"},"image":{"@id":"https:\/\/eurotrail.info\/de\/producten\/haushaltartikel\/rvs-topsets\/annecy-m-premium-kochtopfset\/#primaryimage"},"thumbnailUrl":"https:\/\/eurotrail.info\/wp\/wp-content\/uploads\/2022\/10\/Annecy-M-L-Premium--scaled.jpg","datePublished":"2022-10-31T13:51:52+00:00","dateModified":"2023-04-06T13:09:29+00:00","description":"Luxuri\u00f6ses Kochtopfset aus Edelstahl mit Silikonkanten Glasdeckel. Die T\u00f6pfe sind ineinander stapelbar und mit einem abnehmbaren Griff ausgestattet, sodass sie fast \u00fcberall aufbewahrt werden k\u00f6nnen.","breadcrumb":{"@id":"https:\/\/eurotrail.info\/de\/producten\/haushaltartikel\/rvs-topsets\/annecy-m-premium-kochtopfset\/#breadcrumb"},"inLanguage":"de","potentialAction":[{"@type":"ReadAction","target":["https:\/\/eurotrail.info\/de\/producten\/haushaltartikel\/rvs-topsets\/annecy-m-premium-kochtopfset\/"]}]},{"@type":"ImageObject","inLanguage":"de","@id":"https:\/\/eurotrail.info\/de\/producten\/haushaltartikel\/rvs-topsets\/annecy-m-premium-kochtopfset\/#primaryimage","url":"https:\/\/eurotrail.info\/wp\/wp-content\/uploads\/2022\/10\/Annecy-M-L-Premium--scaled.jpg","contentUrl":"https:\/\/eurotrail.info\/wp\/wp-content\/uploads\/2022\/10\/Annecy-M-L-Premium--scaled.jpg","width":2560,"height":1807,"caption":"Eurotrail Pannenset Annecy M"},{"@type":"BreadcrumbList","@id":"https:\/\/eurotrail.info\/de\/producten\/haushaltartikel\/rvs-topsets\/annecy-m-premium-kochtopfset\/#breadcrumb","itemListElement":[{"@type":"ListItem","position":1,"name":"Home","item":"https:\/\/eurotrail.info\/de\/"},{"@type":"ListItem","position":2,"name":"Produkte","item":"https:\/\/eurotrail.info\/de\/produkte\/"},{"@type":"ListItem","position":3,"name":"Annecy M Premium Kochtopfset"}]},{"@type":"WebSite","@id":"https:\/\/eurotrail.info\/#website","url":"https:\/\/eurotrail.info\/","name":"Eurotrail","description":"","publisher":{"@id":"https:\/\/eurotrail.info\/#organization"},"potentialAction":[{"@type":"SearchAction","target":{"@type":"EntryPoint","urlTemplate":"https:\/\/eurotrail.info\/?s={search_term_string}"},"query-input":{"@type":"PropertyValueSpecification","valueRequired":true,"valueName":"search_term_string"}}],"inLanguage":"de"},{"@type":"Organization","@id":"https:\/\/eurotrail.info\/#organization","name":"Eurotrail","url":"https:\/\/eurotrail.info\/","logo":{"@type":"ImageObject","inLanguage":"de","@id":"https:\/\/eurotrail.info\/#\/schema\/logo\/image\/","url":"https:\/\/eurotrail.info\/wp\/wp-content\/uploads\/2023\/07\/ET-logo-quote_NL-scaled.jpg","contentUrl":"https:\/\/eurotrail.info\/wp\/wp-content\/uploads\/2023\/07\/ET-logo-quote_NL-scaled.jpg","width":2560,"height":675,"caption":"Eurotrail"},"image":{"@id":"https:\/\/eurotrail.info\/#\/schema\/logo\/image\/"}}]}},"_links":{"self":[{"href":"https:\/\/eurotrail.info\/de\/wp-json\/wp\/v2\/product\/20076","targetHints":{"allow":["GET"]}}],"collection":[{"href":"https:\/\/eurotrail.info\/de\/wp-json\/wp\/v2\/product"}],"about":[{"href":"https:\/\/eurotrail.info\/de\/wp-json\/wp\/v2\/types\/product"}],"replies":[{"embeddable":true,"href":"https:\/\/eurotrail.info\/de\/wp-json\/wp\/v2\/comments?post=20076"}],"wp:featuredmedia":[{"embeddable":true,"href":"https:\/\/eurotrail.info\/de\/wp-json\/wp\/v2\/media\/20054"}],"wp:attachment":[{"href":"https:\/\/eurotrail.info\/de\/wp-json\/wp\/v2\/media?parent=20076"}],"wp:term":[{"taxonomy":"product_brand","embeddable":true,"href":"https:\/\/eurotrail.info\/de\/wp-json\/wp\/v2\/product_brand?post=20076"},{"taxonomy":"product_cat","embeddable":true,"href":"https:\/\/eurotrail.info\/de\/wp-json\/wp\/v2\/product_cat?post=20076"},{"taxonomy":"product_tag","embeddable":true,"href":"https:\/\/eurotrail.info\/de\/wp-json\/wp\/v2\/product_tag?post=20076"}],"curies":[{"name":"wp","href":"https:\/\/api.w.org\/{rel}","templated":true}]}}