{"id":20132,"date":"2022-10-31T17:04:59","date_gmt":"2022-10-31T16:06:05","guid":{"rendered":"https:\/\/eurotrail.info\/?post_type=product&#038;p=20132"},"modified":"2023-04-06T14:03:11","modified_gmt":"2023-04-06T13:03:11","slug":"annecy-oe-22-premium-topf","status":"publish","type":"product","link":"https:\/\/eurotrail.info\/de\/producten\/haushaltartikel\/rvs-topsets\/annecy-oe-22-premium-topf\/","title":{"rendered":"Annecy \u00d8 22 Premium Topf (exkl. Tragegriff!)"},"content":{"rendered":"<p>Luxuri\u00f6se Edelstahlpfanne mit Glasdeckel mit Silikonrand. Optional erh\u00e4ltlich ist ein abnehmbarer Tragegriff. Die Pfanne ist auch f\u00fcr den Backofen geeignet! Auf der Innenseite der Pfanne befindet sich eine praktische Skala, damit Sie den Inhalt der Pfanne genau sehen k\u00f6nnen! Durch den Kapselboden ist er f\u00fcr alle W\u00e4rmequellen wie Gas, Elektro, Ceran oder Induktion geeignet. (exkl. abnehmbarer Griff ETKW5546)<\/p>\n<p>\u00d8 22X11cm, 4,0 Ltr., 850 gr.<\/p>\n","protected":false},"excerpt":{"rendered":"<p>Luxuri\u00f6se Edelstahlpfanne mit Glasdeckel mit Silikonrand. Optional erh\u00e4ltlich ist ein abnehmbarer Tragegriff. Die Pfanne ist auch f\u00fcr den Backofen geeignet! Auf der Innenseite der Pfanne&hellip;<\/p>\n","protected":false},"featured_media":20115,"comment_status":"open","ping_status":"closed","template":"","meta":{"_acf_changed":false},"product_brand":[],"product_cat":[184,78],"product_tag":[],"class_list":{"0":"post-20132","1":"product","2":"type-product","3":"status-publish","4":"has-post-thumbnail","6":"product_cat-rvs-topsets","7":"product_cat-haushaltartikel","9":"first","10":"instock","11":"shipping-taxable","12":"product-type-simple"},"acf":[],"yoast_head":"<!-- This site is optimized with the Yoast SEO plugin v27.3 - https:\/\/yoast.com\/product\/yoast-seo-wordpress\/ -->\n<title>Annecy \u00d8 22 Premium Topf (exkl. Tragegriff!) - Eurotrail<\/title>\n<meta name=\"description\" content=\"Luxuri\u00f6se Edelstahlpfanne mit Glasdeckel mit Silikonrand. Optional erh\u00e4ltlich ist ein abnehmbarer Tragegriff. Die Pfanne ist auch f\u00fcr den Backofen geeignet!\" \/>\n<meta name=\"robots\" content=\"index, follow, max-snippet:-1, max-image-preview:large, max-video-preview:-1\" \/>\n<link rel=\"canonical\" href=\"https:\/\/eurotrail.info\/de\/producten\/haushaltartikel\/rvs-topsets\/annecy-oe-22-premium-topf\/\" \/>\n<meta property=\"og:locale\" content=\"de_DE\" \/>\n<meta property=\"og:type\" content=\"article\" \/>\n<meta property=\"og:title\" content=\"Annecy \u00d8 22 Premium Topf (exkl. Tragegriff!) - Eurotrail\" \/>\n<meta property=\"og:description\" content=\"Luxuri\u00f6se Edelstahlpfanne mit Glasdeckel mit Silikonrand. Optional erh\u00e4ltlich ist ein abnehmbarer Tragegriff. Die Pfanne ist auch f\u00fcr den Backofen geeignet!\" \/>\n<meta property=\"og:url\" content=\"https:\/\/eurotrail.info\/de\/producten\/haushaltartikel\/rvs-topsets\/annecy-oe-22-premium-topf\/\" \/>\n<meta property=\"og:site_name\" content=\"Eurotrail\" \/>\n<meta property=\"article:modified_time\" content=\"2023-04-06T13:03:11+00:00\" \/>\n<meta property=\"og:image\" content=\"https:\/\/eurotrail.info\/wp\/wp-content\/uploads\/2022\/10\/pan-los-Premium.jpg\" \/>\n\t<meta property=\"og:image:width\" content=\"2185\" \/>\n\t<meta property=\"og:image:height\" content=\"1831\" \/>\n\t<meta property=\"og:image:type\" content=\"image\/jpeg\" \/>\n<meta name=\"twitter:card\" content=\"summary_large_image\" \/>\n<meta name=\"twitter:label1\" content=\"Gesch\u00e4tzte Lesezeit\" \/>\n\t<meta name=\"twitter:data1\" content=\"1\u00a0Minute\" \/>\n<script type=\"application\/ld+json\" class=\"yoast-schema-graph\">{\"@context\":\"https:\\\/\\\/schema.org\",\"@graph\":[{\"@type\":\"WebPage\",\"@id\":\"https:\\\/\\\/eurotrail.info\\\/de\\\/producten\\\/haushaltartikel\\\/rvs-topsets\\\/annecy-oe-22-premium-topf\\\/\",\"url\":\"https:\\\/\\\/eurotrail.info\\\/de\\\/producten\\\/haushaltartikel\\\/rvs-topsets\\\/annecy-oe-22-premium-topf\\\/\",\"name\":\"Annecy \u00d8 22 Premium Topf (exkl. Tragegriff!) - Eurotrail\",\"isPartOf\":{\"@id\":\"https:\\\/\\\/eurotrail.info\\\/#website\"},\"primaryImageOfPage\":{\"@id\":\"https:\\\/\\\/eurotrail.info\\\/de\\\/producten\\\/haushaltartikel\\\/rvs-topsets\\\/annecy-oe-22-premium-topf\\\/#primaryimage\"},\"image\":{\"@id\":\"https:\\\/\\\/eurotrail.info\\\/de\\\/producten\\\/haushaltartikel\\\/rvs-topsets\\\/annecy-oe-22-premium-topf\\\/#primaryimage\"},\"thumbnailUrl\":\"https:\\\/\\\/eurotrail.info\\\/wp\\\/wp-content\\\/uploads\\\/2022\\\/10\\\/pan-los-Premium.jpg\",\"datePublished\":\"2022-10-31T16:06:05+00:00\",\"dateModified\":\"2023-04-06T13:03:11+00:00\",\"description\":\"Luxuri\u00f6se Edelstahlpfanne mit Glasdeckel mit Silikonrand. Optional erh\u00e4ltlich ist ein abnehmbarer Tragegriff. Die Pfanne ist auch f\u00fcr den Backofen geeignet!\",\"breadcrumb\":{\"@id\":\"https:\\\/\\\/eurotrail.info\\\/de\\\/producten\\\/haushaltartikel\\\/rvs-topsets\\\/annecy-oe-22-premium-topf\\\/#breadcrumb\"},\"inLanguage\":\"de\",\"potentialAction\":[{\"@type\":\"ReadAction\",\"target\":[\"https:\\\/\\\/eurotrail.info\\\/de\\\/producten\\\/haushaltartikel\\\/rvs-topsets\\\/annecy-oe-22-premium-topf\\\/\"]}]},{\"@type\":\"ImageObject\",\"inLanguage\":\"de\",\"@id\":\"https:\\\/\\\/eurotrail.info\\\/de\\\/producten\\\/haushaltartikel\\\/rvs-topsets\\\/annecy-oe-22-premium-topf\\\/#primaryimage\",\"url\":\"https:\\\/\\\/eurotrail.info\\\/wp\\\/wp-content\\\/uploads\\\/2022\\\/10\\\/pan-los-Premium.jpg\",\"contentUrl\":\"https:\\\/\\\/eurotrail.info\\\/wp\\\/wp-content\\\/uploads\\\/2022\\\/10\\\/pan-los-Premium.jpg\",\"width\":2185,\"height\":1831,\"caption\":\"Eurotrail Pan Annecy 22L\"},{\"@type\":\"BreadcrumbList\",\"@id\":\"https:\\\/\\\/eurotrail.info\\\/de\\\/producten\\\/haushaltartikel\\\/rvs-topsets\\\/annecy-oe-22-premium-topf\\\/#breadcrumb\",\"itemListElement\":[{\"@type\":\"ListItem\",\"position\":1,\"name\":\"Home\",\"item\":\"https:\\\/\\\/eurotrail.info\\\/de\\\/\"},{\"@type\":\"ListItem\",\"position\":2,\"name\":\"Produkte\",\"item\":\"https:\\\/\\\/eurotrail.info\\\/de\\\/produkte\\\/\"},{\"@type\":\"ListItem\",\"position\":3,\"name\":\"Annecy \u00d8 22 Premium Topf (exkl. Tragegriff!)\"}]},{\"@type\":\"WebSite\",\"@id\":\"https:\\\/\\\/eurotrail.info\\\/#website\",\"url\":\"https:\\\/\\\/eurotrail.info\\\/\",\"name\":\"Eurotrail\",\"description\":\"\",\"publisher\":{\"@id\":\"https:\\\/\\\/eurotrail.info\\\/#organization\"},\"potentialAction\":[{\"@type\":\"SearchAction\",\"target\":{\"@type\":\"EntryPoint\",\"urlTemplate\":\"https:\\\/\\\/eurotrail.info\\\/?s={search_term_string}\"},\"query-input\":{\"@type\":\"PropertyValueSpecification\",\"valueRequired\":true,\"valueName\":\"search_term_string\"}}],\"inLanguage\":\"de\"},{\"@type\":\"Organization\",\"@id\":\"https:\\\/\\\/eurotrail.info\\\/#organization\",\"name\":\"Eurotrail\",\"url\":\"https:\\\/\\\/eurotrail.info\\\/\",\"logo\":{\"@type\":\"ImageObject\",\"inLanguage\":\"de\",\"@id\":\"https:\\\/\\\/eurotrail.info\\\/#\\\/schema\\\/logo\\\/image\\\/\",\"url\":\"https:\\\/\\\/eurotrail.info\\\/wp\\\/wp-content\\\/uploads\\\/2023\\\/07\\\/ET-logo-quote_NL-scaled.jpg\",\"contentUrl\":\"https:\\\/\\\/eurotrail.info\\\/wp\\\/wp-content\\\/uploads\\\/2023\\\/07\\\/ET-logo-quote_NL-scaled.jpg\",\"width\":2560,\"height\":675,\"caption\":\"Eurotrail\"},\"image\":{\"@id\":\"https:\\\/\\\/eurotrail.info\\\/#\\\/schema\\\/logo\\\/image\\\/\"}}]}<\/script>\n<!-- \/ Yoast SEO plugin. -->","yoast_head_json":{"title":"Annecy \u00d8 22 Premium Topf (exkl. Tragegriff!) - Eurotrail","description":"Luxuri\u00f6se Edelstahlpfanne mit Glasdeckel mit Silikonrand. Optional erh\u00e4ltlich ist ein abnehmbarer Tragegriff. Die Pfanne ist auch f\u00fcr den Backofen geeignet!","robots":{"index":"index","follow":"follow","max-snippet":"max-snippet:-1","max-image-preview":"max-image-preview:large","max-video-preview":"max-video-preview:-1"},"canonical":"https:\/\/eurotrail.info\/de\/producten\/haushaltartikel\/rvs-topsets\/annecy-oe-22-premium-topf\/","og_locale":"de_DE","og_type":"article","og_title":"Annecy \u00d8 22 Premium Topf (exkl. Tragegriff!) - Eurotrail","og_description":"Luxuri\u00f6se Edelstahlpfanne mit Glasdeckel mit Silikonrand. Optional erh\u00e4ltlich ist ein abnehmbarer Tragegriff. Die Pfanne ist auch f\u00fcr den Backofen geeignet!","og_url":"https:\/\/eurotrail.info\/de\/producten\/haushaltartikel\/rvs-topsets\/annecy-oe-22-premium-topf\/","og_site_name":"Eurotrail","article_modified_time":"2023-04-06T13:03:11+00:00","og_image":[{"width":2185,"height":1831,"url":"https:\/\/eurotrail.info\/wp\/wp-content\/uploads\/2022\/10\/pan-los-Premium.jpg","type":"image\/jpeg"}],"twitter_card":"summary_large_image","twitter_misc":{"Gesch\u00e4tzte Lesezeit":"1\u00a0Minute"},"schema":{"@context":"https:\/\/schema.org","@graph":[{"@type":"WebPage","@id":"https:\/\/eurotrail.info\/de\/producten\/haushaltartikel\/rvs-topsets\/annecy-oe-22-premium-topf\/","url":"https:\/\/eurotrail.info\/de\/producten\/haushaltartikel\/rvs-topsets\/annecy-oe-22-premium-topf\/","name":"Annecy \u00d8 22 Premium Topf (exkl. Tragegriff!) - Eurotrail","isPartOf":{"@id":"https:\/\/eurotrail.info\/#website"},"primaryImageOfPage":{"@id":"https:\/\/eurotrail.info\/de\/producten\/haushaltartikel\/rvs-topsets\/annecy-oe-22-premium-topf\/#primaryimage"},"image":{"@id":"https:\/\/eurotrail.info\/de\/producten\/haushaltartikel\/rvs-topsets\/annecy-oe-22-premium-topf\/#primaryimage"},"thumbnailUrl":"https:\/\/eurotrail.info\/wp\/wp-content\/uploads\/2022\/10\/pan-los-Premium.jpg","datePublished":"2022-10-31T16:06:05+00:00","dateModified":"2023-04-06T13:03:11+00:00","description":"Luxuri\u00f6se Edelstahlpfanne mit Glasdeckel mit Silikonrand. Optional erh\u00e4ltlich ist ein abnehmbarer Tragegriff. Die Pfanne ist auch f\u00fcr den Backofen geeignet!","breadcrumb":{"@id":"https:\/\/eurotrail.info\/de\/producten\/haushaltartikel\/rvs-topsets\/annecy-oe-22-premium-topf\/#breadcrumb"},"inLanguage":"de","potentialAction":[{"@type":"ReadAction","target":["https:\/\/eurotrail.info\/de\/producten\/haushaltartikel\/rvs-topsets\/annecy-oe-22-premium-topf\/"]}]},{"@type":"ImageObject","inLanguage":"de","@id":"https:\/\/eurotrail.info\/de\/producten\/haushaltartikel\/rvs-topsets\/annecy-oe-22-premium-topf\/#primaryimage","url":"https:\/\/eurotrail.info\/wp\/wp-content\/uploads\/2022\/10\/pan-los-Premium.jpg","contentUrl":"https:\/\/eurotrail.info\/wp\/wp-content\/uploads\/2022\/10\/pan-los-Premium.jpg","width":2185,"height":1831,"caption":"Eurotrail Pan Annecy 22L"},{"@type":"BreadcrumbList","@id":"https:\/\/eurotrail.info\/de\/producten\/haushaltartikel\/rvs-topsets\/annecy-oe-22-premium-topf\/#breadcrumb","itemListElement":[{"@type":"ListItem","position":1,"name":"Home","item":"https:\/\/eurotrail.info\/de\/"},{"@type":"ListItem","position":2,"name":"Produkte","item":"https:\/\/eurotrail.info\/de\/produkte\/"},{"@type":"ListItem","position":3,"name":"Annecy \u00d8 22 Premium Topf (exkl. Tragegriff!)"}]},{"@type":"WebSite","@id":"https:\/\/eurotrail.info\/#website","url":"https:\/\/eurotrail.info\/","name":"Eurotrail","description":"","publisher":{"@id":"https:\/\/eurotrail.info\/#organization"},"potentialAction":[{"@type":"SearchAction","target":{"@type":"EntryPoint","urlTemplate":"https:\/\/eurotrail.info\/?s={search_term_string}"},"query-input":{"@type":"PropertyValueSpecification","valueRequired":true,"valueName":"search_term_string"}}],"inLanguage":"de"},{"@type":"Organization","@id":"https:\/\/eurotrail.info\/#organization","name":"Eurotrail","url":"https:\/\/eurotrail.info\/","logo":{"@type":"ImageObject","inLanguage":"de","@id":"https:\/\/eurotrail.info\/#\/schema\/logo\/image\/","url":"https:\/\/eurotrail.info\/wp\/wp-content\/uploads\/2023\/07\/ET-logo-quote_NL-scaled.jpg","contentUrl":"https:\/\/eurotrail.info\/wp\/wp-content\/uploads\/2023\/07\/ET-logo-quote_NL-scaled.jpg","width":2560,"height":675,"caption":"Eurotrail"},"image":{"@id":"https:\/\/eurotrail.info\/#\/schema\/logo\/image\/"}}]}},"_links":{"self":[{"href":"https:\/\/eurotrail.info\/de\/wp-json\/wp\/v2\/product\/20132","targetHints":{"allow":["GET"]}}],"collection":[{"href":"https:\/\/eurotrail.info\/de\/wp-json\/wp\/v2\/product"}],"about":[{"href":"https:\/\/eurotrail.info\/de\/wp-json\/wp\/v2\/types\/product"}],"replies":[{"embeddable":true,"href":"https:\/\/eurotrail.info\/de\/wp-json\/wp\/v2\/comments?post=20132"}],"wp:featuredmedia":[{"embeddable":true,"href":"https:\/\/eurotrail.info\/de\/wp-json\/wp\/v2\/media\/20115"}],"wp:attachment":[{"href":"https:\/\/eurotrail.info\/de\/wp-json\/wp\/v2\/media?parent=20132"}],"wp:term":[{"taxonomy":"product_brand","embeddable":true,"href":"https:\/\/eurotrail.info\/de\/wp-json\/wp\/v2\/product_brand?post=20132"},{"taxonomy":"product_cat","embeddable":true,"href":"https:\/\/eurotrail.info\/de\/wp-json\/wp\/v2\/product_cat?post=20132"},{"taxonomy":"product_tag","embeddable":true,"href":"https:\/\/eurotrail.info\/de\/wp-json\/wp\/v2\/product_tag?post=20132"}],"curies":[{"name":"wp","href":"https:\/\/api.w.org\/{rel}","templated":true}]}}