{"id":20163,"date":"2022-10-31T17:14:43","date_gmt":"2022-10-31T16:14:43","guid":{"rendered":"https:\/\/eurotrail.info\/?post_type=product&#038;p=20163"},"modified":"2023-04-06T14:06:38","modified_gmt":"2023-04-06T13:06:38","slug":"annecy-oe-24-premium-bratpfanne","status":"publish","type":"product","link":"https:\/\/eurotrail.info\/de\/producten\/haushaltartikel\/brat-und-wokpfanne\/annecy-oe-24-premium-bratpfanne\/","title":{"rendered":"Annecy \u00d8 24 Premium Bratpfanne (exkl. Tragegriff!)"},"content":{"rendered":"<p>Bratpfanne aus Edelstahl mit Keramikbeschichtung. Hochwertige Pfanne mit verschlei\u00dffester und praktischer Antihaftbeschichtung aus Keramik. Optional erh\u00e4ltlich ist ein abnehmbarer Tragegriff. Kapselboden macht Pfannen f\u00fcr alle Herdarten geeignet (Gas, Elektro, Ceran oder Induktion).\u00a0Exkl. abnehmbarer Griff ETKW5546.<\/p>\n<p>\u00d8 24x5cm, 850 gr.<\/p>\n","protected":false},"excerpt":{"rendered":"<p>Bratpfanne aus Edelstahl mit Keramikbeschichtung. Hochwertige Pfanne mit verschlei\u00dffester und praktischer Antihaftbeschichtung aus Keramik. Optional erh\u00e4ltlich ist ein abnehmbarer Tragegriff. Kapselboden macht Pfannen f\u00fcr alle&hellip;<\/p>\n","protected":false},"featured_media":20192,"comment_status":"open","ping_status":"closed","template":"","meta":{"_acf_changed":false},"product_brand":[],"product_cat":[202,78],"product_tag":[],"class_list":{"0":"post-20163","1":"product","2":"type-product","3":"status-publish","4":"has-post-thumbnail","6":"product_cat-brat-und-wokpfanne","7":"product_cat-haushaltartikel","9":"first","10":"instock","11":"shipping-taxable","12":"product-type-simple"},"acf":[],"yoast_head":"<!-- This site is optimized with the Yoast SEO plugin v27.3 - https:\/\/yoast.com\/product\/yoast-seo-wordpress\/ -->\n<title>Annecy \u00d8 24 Premium Bratpfanne (exkl. Tragegriff!) - Eurotrail<\/title>\n<meta name=\"description\" content=\"Edelstahl Bratpfanne mit Keramikbeschichtung. Hochwertige Pfanne mit verschlei\u00dffester Antihaftbeschichtung aus Keramik. Abnehmbarer Tragegriff optional erh\u00e4ltlich\" \/>\n<meta name=\"robots\" content=\"index, follow, max-snippet:-1, max-image-preview:large, max-video-preview:-1\" \/>\n<link rel=\"canonical\" href=\"https:\/\/eurotrail.info\/de\/producten\/haushaltartikel\/brat-und-wokpfanne\/annecy-oe-24-premium-bratpfanne\/\" \/>\n<meta property=\"og:locale\" content=\"de_DE\" \/>\n<meta property=\"og:type\" content=\"article\" \/>\n<meta property=\"og:title\" content=\"Annecy \u00d8 24 Premium Bratpfanne (exkl. Tragegriff!) - Eurotrail\" \/>\n<meta property=\"og:description\" content=\"Edelstahl Bratpfanne mit Keramikbeschichtung. Hochwertige Pfanne mit verschlei\u00dffester Antihaftbeschichtung aus Keramik. Abnehmbarer Tragegriff optional erh\u00e4ltlich\" \/>\n<meta property=\"og:url\" content=\"https:\/\/eurotrail.info\/de\/producten\/haushaltartikel\/brat-und-wokpfanne\/annecy-oe-24-premium-bratpfanne\/\" \/>\n<meta property=\"og:site_name\" content=\"Eurotrail\" \/>\n<meta property=\"article:modified_time\" content=\"2023-04-06T13:06:38+00:00\" \/>\n<meta property=\"og:image\" content=\"https:\/\/eurotrail.info\/wp\/wp-content\/uploads\/2022\/10\/ETKW5536-braadpan-trans.handle-scaled.jpg\" \/>\n\t<meta property=\"og:image:width\" content=\"2560\" \/>\n\t<meta property=\"og:image:height\" content=\"850\" \/>\n\t<meta property=\"og:image:type\" content=\"image\/jpeg\" \/>\n<meta name=\"twitter:card\" content=\"summary_large_image\" \/>\n<meta name=\"twitter:label1\" content=\"Gesch\u00e4tzte Lesezeit\" \/>\n\t<meta name=\"twitter:data1\" content=\"1\u00a0Minute\" \/>\n<script type=\"application\/ld+json\" class=\"yoast-schema-graph\">{\"@context\":\"https:\\\/\\\/schema.org\",\"@graph\":[{\"@type\":\"WebPage\",\"@id\":\"https:\\\/\\\/eurotrail.info\\\/de\\\/producten\\\/haushaltartikel\\\/brat-und-wokpfanne\\\/annecy-oe-24-premium-bratpfanne\\\/\",\"url\":\"https:\\\/\\\/eurotrail.info\\\/de\\\/producten\\\/haushaltartikel\\\/brat-und-wokpfanne\\\/annecy-oe-24-premium-bratpfanne\\\/\",\"name\":\"Annecy \u00d8 24 Premium Bratpfanne (exkl. Tragegriff!) - Eurotrail\",\"isPartOf\":{\"@id\":\"https:\\\/\\\/eurotrail.info\\\/#website\"},\"primaryImageOfPage\":{\"@id\":\"https:\\\/\\\/eurotrail.info\\\/de\\\/producten\\\/haushaltartikel\\\/brat-und-wokpfanne\\\/annecy-oe-24-premium-bratpfanne\\\/#primaryimage\"},\"image\":{\"@id\":\"https:\\\/\\\/eurotrail.info\\\/de\\\/producten\\\/haushaltartikel\\\/brat-und-wokpfanne\\\/annecy-oe-24-premium-bratpfanne\\\/#primaryimage\"},\"thumbnailUrl\":\"https:\\\/\\\/eurotrail.info\\\/wp\\\/wp-content\\\/uploads\\\/2022\\\/10\\\/ETKW5536-braadpan-trans.handle-scaled.jpg\",\"datePublished\":\"2022-10-31T16:14:43+00:00\",\"dateModified\":\"2023-04-06T13:06:38+00:00\",\"description\":\"Edelstahl Bratpfanne mit Keramikbeschichtung. Hochwertige Pfanne mit verschlei\u00dffester Antihaftbeschichtung aus Keramik. Abnehmbarer Tragegriff optional erh\u00e4ltlich\",\"breadcrumb\":{\"@id\":\"https:\\\/\\\/eurotrail.info\\\/de\\\/producten\\\/haushaltartikel\\\/brat-und-wokpfanne\\\/annecy-oe-24-premium-bratpfanne\\\/#breadcrumb\"},\"inLanguage\":\"de\",\"potentialAction\":[{\"@type\":\"ReadAction\",\"target\":[\"https:\\\/\\\/eurotrail.info\\\/de\\\/producten\\\/haushaltartikel\\\/brat-und-wokpfanne\\\/annecy-oe-24-premium-bratpfanne\\\/\"]}]},{\"@type\":\"ImageObject\",\"inLanguage\":\"de\",\"@id\":\"https:\\\/\\\/eurotrail.info\\\/de\\\/producten\\\/haushaltartikel\\\/brat-und-wokpfanne\\\/annecy-oe-24-premium-bratpfanne\\\/#primaryimage\",\"url\":\"https:\\\/\\\/eurotrail.info\\\/wp\\\/wp-content\\\/uploads\\\/2022\\\/10\\\/ETKW5536-braadpan-trans.handle-scaled.jpg\",\"contentUrl\":\"https:\\\/\\\/eurotrail.info\\\/wp\\\/wp-content\\\/uploads\\\/2022\\\/10\\\/ETKW5536-braadpan-trans.handle-scaled.jpg\",\"width\":2560,\"height\":850,\"caption\":\"Eurotrail Braadpan Annecy \u00d8 24\"},{\"@type\":\"BreadcrumbList\",\"@id\":\"https:\\\/\\\/eurotrail.info\\\/de\\\/producten\\\/haushaltartikel\\\/brat-und-wokpfanne\\\/annecy-oe-24-premium-bratpfanne\\\/#breadcrumb\",\"itemListElement\":[{\"@type\":\"ListItem\",\"position\":1,\"name\":\"Home\",\"item\":\"https:\\\/\\\/eurotrail.info\\\/de\\\/\"},{\"@type\":\"ListItem\",\"position\":2,\"name\":\"Produkte\",\"item\":\"https:\\\/\\\/eurotrail.info\\\/de\\\/produkte\\\/\"},{\"@type\":\"ListItem\",\"position\":3,\"name\":\"Annecy \u00d8 24 Premium Bratpfanne (exkl. Tragegriff!)\"}]},{\"@type\":\"WebSite\",\"@id\":\"https:\\\/\\\/eurotrail.info\\\/#website\",\"url\":\"https:\\\/\\\/eurotrail.info\\\/\",\"name\":\"Eurotrail\",\"description\":\"\",\"publisher\":{\"@id\":\"https:\\\/\\\/eurotrail.info\\\/#organization\"},\"potentialAction\":[{\"@type\":\"SearchAction\",\"target\":{\"@type\":\"EntryPoint\",\"urlTemplate\":\"https:\\\/\\\/eurotrail.info\\\/?s={search_term_string}\"},\"query-input\":{\"@type\":\"PropertyValueSpecification\",\"valueRequired\":true,\"valueName\":\"search_term_string\"}}],\"inLanguage\":\"de\"},{\"@type\":\"Organization\",\"@id\":\"https:\\\/\\\/eurotrail.info\\\/#organization\",\"name\":\"Eurotrail\",\"url\":\"https:\\\/\\\/eurotrail.info\\\/\",\"logo\":{\"@type\":\"ImageObject\",\"inLanguage\":\"de\",\"@id\":\"https:\\\/\\\/eurotrail.info\\\/#\\\/schema\\\/logo\\\/image\\\/\",\"url\":\"https:\\\/\\\/eurotrail.info\\\/wp\\\/wp-content\\\/uploads\\\/2023\\\/07\\\/ET-logo-quote_NL-scaled.jpg\",\"contentUrl\":\"https:\\\/\\\/eurotrail.info\\\/wp\\\/wp-content\\\/uploads\\\/2023\\\/07\\\/ET-logo-quote_NL-scaled.jpg\",\"width\":2560,\"height\":675,\"caption\":\"Eurotrail\"},\"image\":{\"@id\":\"https:\\\/\\\/eurotrail.info\\\/#\\\/schema\\\/logo\\\/image\\\/\"}}]}<\/script>\n<!-- \/ Yoast SEO plugin. -->","yoast_head_json":{"title":"Annecy \u00d8 24 Premium Bratpfanne (exkl. Tragegriff!) - Eurotrail","description":"Edelstahl Bratpfanne mit Keramikbeschichtung. Hochwertige Pfanne mit verschlei\u00dffester Antihaftbeschichtung aus Keramik. Abnehmbarer Tragegriff optional erh\u00e4ltlich","robots":{"index":"index","follow":"follow","max-snippet":"max-snippet:-1","max-image-preview":"max-image-preview:large","max-video-preview":"max-video-preview:-1"},"canonical":"https:\/\/eurotrail.info\/de\/producten\/haushaltartikel\/brat-und-wokpfanne\/annecy-oe-24-premium-bratpfanne\/","og_locale":"de_DE","og_type":"article","og_title":"Annecy \u00d8 24 Premium Bratpfanne (exkl. Tragegriff!) - Eurotrail","og_description":"Edelstahl Bratpfanne mit Keramikbeschichtung. Hochwertige Pfanne mit verschlei\u00dffester Antihaftbeschichtung aus Keramik. Abnehmbarer Tragegriff optional erh\u00e4ltlich","og_url":"https:\/\/eurotrail.info\/de\/producten\/haushaltartikel\/brat-und-wokpfanne\/annecy-oe-24-premium-bratpfanne\/","og_site_name":"Eurotrail","article_modified_time":"2023-04-06T13:06:38+00:00","og_image":[{"width":2560,"height":850,"url":"https:\/\/eurotrail.info\/wp\/wp-content\/uploads\/2022\/10\/ETKW5536-braadpan-trans.handle-scaled.jpg","type":"image\/jpeg"}],"twitter_card":"summary_large_image","twitter_misc":{"Gesch\u00e4tzte Lesezeit":"1\u00a0Minute"},"schema":{"@context":"https:\/\/schema.org","@graph":[{"@type":"WebPage","@id":"https:\/\/eurotrail.info\/de\/producten\/haushaltartikel\/brat-und-wokpfanne\/annecy-oe-24-premium-bratpfanne\/","url":"https:\/\/eurotrail.info\/de\/producten\/haushaltartikel\/brat-und-wokpfanne\/annecy-oe-24-premium-bratpfanne\/","name":"Annecy \u00d8 24 Premium Bratpfanne (exkl. Tragegriff!) - Eurotrail","isPartOf":{"@id":"https:\/\/eurotrail.info\/#website"},"primaryImageOfPage":{"@id":"https:\/\/eurotrail.info\/de\/producten\/haushaltartikel\/brat-und-wokpfanne\/annecy-oe-24-premium-bratpfanne\/#primaryimage"},"image":{"@id":"https:\/\/eurotrail.info\/de\/producten\/haushaltartikel\/brat-und-wokpfanne\/annecy-oe-24-premium-bratpfanne\/#primaryimage"},"thumbnailUrl":"https:\/\/eurotrail.info\/wp\/wp-content\/uploads\/2022\/10\/ETKW5536-braadpan-trans.handle-scaled.jpg","datePublished":"2022-10-31T16:14:43+00:00","dateModified":"2023-04-06T13:06:38+00:00","description":"Edelstahl Bratpfanne mit Keramikbeschichtung. Hochwertige Pfanne mit verschlei\u00dffester Antihaftbeschichtung aus Keramik. Abnehmbarer Tragegriff optional erh\u00e4ltlich","breadcrumb":{"@id":"https:\/\/eurotrail.info\/de\/producten\/haushaltartikel\/brat-und-wokpfanne\/annecy-oe-24-premium-bratpfanne\/#breadcrumb"},"inLanguage":"de","potentialAction":[{"@type":"ReadAction","target":["https:\/\/eurotrail.info\/de\/producten\/haushaltartikel\/brat-und-wokpfanne\/annecy-oe-24-premium-bratpfanne\/"]}]},{"@type":"ImageObject","inLanguage":"de","@id":"https:\/\/eurotrail.info\/de\/producten\/haushaltartikel\/brat-und-wokpfanne\/annecy-oe-24-premium-bratpfanne\/#primaryimage","url":"https:\/\/eurotrail.info\/wp\/wp-content\/uploads\/2022\/10\/ETKW5536-braadpan-trans.handle-scaled.jpg","contentUrl":"https:\/\/eurotrail.info\/wp\/wp-content\/uploads\/2022\/10\/ETKW5536-braadpan-trans.handle-scaled.jpg","width":2560,"height":850,"caption":"Eurotrail Braadpan Annecy \u00d8 24"},{"@type":"BreadcrumbList","@id":"https:\/\/eurotrail.info\/de\/producten\/haushaltartikel\/brat-und-wokpfanne\/annecy-oe-24-premium-bratpfanne\/#breadcrumb","itemListElement":[{"@type":"ListItem","position":1,"name":"Home","item":"https:\/\/eurotrail.info\/de\/"},{"@type":"ListItem","position":2,"name":"Produkte","item":"https:\/\/eurotrail.info\/de\/produkte\/"},{"@type":"ListItem","position":3,"name":"Annecy \u00d8 24 Premium Bratpfanne (exkl. Tragegriff!)"}]},{"@type":"WebSite","@id":"https:\/\/eurotrail.info\/#website","url":"https:\/\/eurotrail.info\/","name":"Eurotrail","description":"","publisher":{"@id":"https:\/\/eurotrail.info\/#organization"},"potentialAction":[{"@type":"SearchAction","target":{"@type":"EntryPoint","urlTemplate":"https:\/\/eurotrail.info\/?s={search_term_string}"},"query-input":{"@type":"PropertyValueSpecification","valueRequired":true,"valueName":"search_term_string"}}],"inLanguage":"de"},{"@type":"Organization","@id":"https:\/\/eurotrail.info\/#organization","name":"Eurotrail","url":"https:\/\/eurotrail.info\/","logo":{"@type":"ImageObject","inLanguage":"de","@id":"https:\/\/eurotrail.info\/#\/schema\/logo\/image\/","url":"https:\/\/eurotrail.info\/wp\/wp-content\/uploads\/2023\/07\/ET-logo-quote_NL-scaled.jpg","contentUrl":"https:\/\/eurotrail.info\/wp\/wp-content\/uploads\/2023\/07\/ET-logo-quote_NL-scaled.jpg","width":2560,"height":675,"caption":"Eurotrail"},"image":{"@id":"https:\/\/eurotrail.info\/#\/schema\/logo\/image\/"}}]}},"_links":{"self":[{"href":"https:\/\/eurotrail.info\/de\/wp-json\/wp\/v2\/product\/20163","targetHints":{"allow":["GET"]}}],"collection":[{"href":"https:\/\/eurotrail.info\/de\/wp-json\/wp\/v2\/product"}],"about":[{"href":"https:\/\/eurotrail.info\/de\/wp-json\/wp\/v2\/types\/product"}],"replies":[{"embeddable":true,"href":"https:\/\/eurotrail.info\/de\/wp-json\/wp\/v2\/comments?post=20163"}],"wp:featuredmedia":[{"embeddable":true,"href":"https:\/\/eurotrail.info\/de\/wp-json\/wp\/v2\/media\/20192"}],"wp:attachment":[{"href":"https:\/\/eurotrail.info\/de\/wp-json\/wp\/v2\/media?parent=20163"}],"wp:term":[{"taxonomy":"product_brand","embeddable":true,"href":"https:\/\/eurotrail.info\/de\/wp-json\/wp\/v2\/product_brand?post=20163"},{"taxonomy":"product_cat","embeddable":true,"href":"https:\/\/eurotrail.info\/de\/wp-json\/wp\/v2\/product_cat?post=20163"},{"taxonomy":"product_tag","embeddable":true,"href":"https:\/\/eurotrail.info\/de\/wp-json\/wp\/v2\/product_tag?post=20163"}],"curies":[{"name":"wp","href":"https:\/\/api.w.org\/{rel}","templated":true}]}}