{"id":20221,"date":"2022-11-01T16:49:02","date_gmt":"2022-11-01T15:52:28","guid":{"rendered":"https:\/\/eurotrail.info\/?post_type=product&#038;p=20221"},"modified":"2023-04-12T11:44:25","modified_gmt":"2023-04-12T10:44:25","slug":"melrose-edelstahl-kochtopfset","status":"publish","type":"product","link":"https:\/\/eurotrail.info\/de\/producten\/haushaltartikel\/rvs-topsets\/melrose-edelstahl-kochtopfset\/","title":{"rendered":"Melrose Edelstahl Kochtopfset"},"content":{"rendered":"<p>Edelstahl-Kochtopfset besteht aus 2 T\u00f6pfen mit Deckeln. Die Griffe der Pfannen \/ T\u00f6pfe und der des Deckels sind aus einem einem hitzebest\u00e4ndigen Silikon \u00fcberzogen. Durch die H\u00f6he der T\u00f6pfe eignen sich diese f\u00fcr kleinere Gasbrenner. Die Pfannen sind f\u00fcr Gas geeignet.<\/p>\n<p>\u00d8 18x17cm, 3.9 ltr., Gewicht 864 gr.<br \/>\n\u00d8 20x18cm, 4.7 ltr., Gewicht 995 gr.<\/p>\n","protected":false},"excerpt":{"rendered":"<p>Edelstahl-Kochtopfset besteht aus 2 T\u00f6pfen mit Deckeln. Die Griffe der Pfannen \/ T\u00f6pfe und der des Deckels sind aus einem einem hitzebest\u00e4ndigen Silikon \u00fcberzogen. Durch&hellip;<\/p>\n","protected":false},"featured_media":20213,"comment_status":"open","ping_status":"closed","template":"","meta":{"_acf_changed":false},"product_brand":[],"product_cat":[184],"product_tag":[],"class_list":{"0":"post-20221","1":"product","2":"type-product","3":"status-publish","4":"has-post-thumbnail","6":"product_cat-rvs-topsets","8":"first","9":"instock","10":"shipping-taxable","11":"product-type-simple"},"acf":[],"yoast_head":"<!-- This site is optimized with the Yoast SEO plugin v27.3 - https:\/\/yoast.com\/product\/yoast-seo-wordpress\/ -->\n<title>Melrose Edelstahl Kochtopfset - Eurotrail<\/title>\n<meta name=\"description\" content=\"Edelstahl-Kochtopfset besteht aus 2 T\u00f6pfen mit Deckeln. Griffe der Pfannen\/T\u00f6pfe und Deckels sind aus einem einem hitzebest\u00e4ndigen Silikon \u00fcberzogen.\" \/>\n<meta name=\"robots\" content=\"index, follow, max-snippet:-1, max-image-preview:large, max-video-preview:-1\" \/>\n<link rel=\"canonical\" href=\"https:\/\/eurotrail.info\/de\/producten\/haushaltartikel\/rvs-topsets\/melrose-edelstahl-kochtopfset\/\" \/>\n<meta property=\"og:locale\" content=\"de_DE\" \/>\n<meta property=\"og:type\" content=\"article\" \/>\n<meta property=\"og:title\" content=\"Melrose Edelstahl Kochtopfset - Eurotrail\" \/>\n<meta property=\"og:description\" content=\"Edelstahl-Kochtopfset besteht aus 2 T\u00f6pfen mit Deckeln. Griffe der Pfannen\/T\u00f6pfe und Deckels sind aus einem einem hitzebest\u00e4ndigen Silikon \u00fcberzogen.\" \/>\n<meta property=\"og:url\" content=\"https:\/\/eurotrail.info\/de\/producten\/haushaltartikel\/rvs-topsets\/melrose-edelstahl-kochtopfset\/\" \/>\n<meta property=\"og:site_name\" content=\"Eurotrail\" \/>\n<meta property=\"article:modified_time\" content=\"2023-04-12T10:44:25+00:00\" \/>\n<meta property=\"og:image\" content=\"https:\/\/eurotrail.info\/wp\/wp-content\/uploads\/2022\/11\/melrose-set-3-scaled.jpg\" \/>\n\t<meta property=\"og:image:width\" content=\"2560\" \/>\n\t<meta property=\"og:image:height\" content=\"1970\" \/>\n\t<meta property=\"og:image:type\" content=\"image\/jpeg\" \/>\n<meta name=\"twitter:card\" content=\"summary_large_image\" \/>\n<meta name=\"twitter:label1\" content=\"Gesch\u00e4tzte Lesezeit\" \/>\n\t<meta name=\"twitter:data1\" content=\"1\u00a0Minute\" \/>\n<script type=\"application\/ld+json\" class=\"yoast-schema-graph\">{\"@context\":\"https:\\\/\\\/schema.org\",\"@graph\":[{\"@type\":\"WebPage\",\"@id\":\"https:\\\/\\\/eurotrail.info\\\/de\\\/producten\\\/haushaltartikel\\\/rvs-topsets\\\/melrose-edelstahl-kochtopfset\\\/\",\"url\":\"https:\\\/\\\/eurotrail.info\\\/de\\\/producten\\\/haushaltartikel\\\/rvs-topsets\\\/melrose-edelstahl-kochtopfset\\\/\",\"name\":\"Melrose Edelstahl Kochtopfset - Eurotrail\",\"isPartOf\":{\"@id\":\"https:\\\/\\\/eurotrail.info\\\/#website\"},\"primaryImageOfPage\":{\"@id\":\"https:\\\/\\\/eurotrail.info\\\/de\\\/producten\\\/haushaltartikel\\\/rvs-topsets\\\/melrose-edelstahl-kochtopfset\\\/#primaryimage\"},\"image\":{\"@id\":\"https:\\\/\\\/eurotrail.info\\\/de\\\/producten\\\/haushaltartikel\\\/rvs-topsets\\\/melrose-edelstahl-kochtopfset\\\/#primaryimage\"},\"thumbnailUrl\":\"https:\\\/\\\/eurotrail.info\\\/wp\\\/wp-content\\\/uploads\\\/2022\\\/11\\\/melrose-set-3-scaled.jpg\",\"datePublished\":\"2022-11-01T15:52:28+00:00\",\"dateModified\":\"2023-04-12T10:44:25+00:00\",\"description\":\"Edelstahl-Kochtopfset besteht aus 2 T\u00f6pfen mit Deckeln. Griffe der Pfannen\\\/T\u00f6pfe und Deckels sind aus einem einem hitzebest\u00e4ndigen Silikon \u00fcberzogen.\",\"breadcrumb\":{\"@id\":\"https:\\\/\\\/eurotrail.info\\\/de\\\/producten\\\/haushaltartikel\\\/rvs-topsets\\\/melrose-edelstahl-kochtopfset\\\/#breadcrumb\"},\"inLanguage\":\"de\",\"potentialAction\":[{\"@type\":\"ReadAction\",\"target\":[\"https:\\\/\\\/eurotrail.info\\\/de\\\/producten\\\/haushaltartikel\\\/rvs-topsets\\\/melrose-edelstahl-kochtopfset\\\/\"]}]},{\"@type\":\"ImageObject\",\"inLanguage\":\"de\",\"@id\":\"https:\\\/\\\/eurotrail.info\\\/de\\\/producten\\\/haushaltartikel\\\/rvs-topsets\\\/melrose-edelstahl-kochtopfset\\\/#primaryimage\",\"url\":\"https:\\\/\\\/eurotrail.info\\\/wp\\\/wp-content\\\/uploads\\\/2022\\\/11\\\/melrose-set-3-scaled.jpg\",\"contentUrl\":\"https:\\\/\\\/eurotrail.info\\\/wp\\\/wp-content\\\/uploads\\\/2022\\\/11\\\/melrose-set-3-scaled.jpg\",\"width\":2560,\"height\":1970,\"caption\":\"Eurotrail Melrose RVS pannenset\"},{\"@type\":\"BreadcrumbList\",\"@id\":\"https:\\\/\\\/eurotrail.info\\\/de\\\/producten\\\/haushaltartikel\\\/rvs-topsets\\\/melrose-edelstahl-kochtopfset\\\/#breadcrumb\",\"itemListElement\":[{\"@type\":\"ListItem\",\"position\":1,\"name\":\"Home\",\"item\":\"https:\\\/\\\/eurotrail.info\\\/de\\\/\"},{\"@type\":\"ListItem\",\"position\":2,\"name\":\"Produkte\",\"item\":\"https:\\\/\\\/eurotrail.info\\\/de\\\/produkte\\\/\"},{\"@type\":\"ListItem\",\"position\":3,\"name\":\"Melrose Edelstahl Kochtopfset\"}]},{\"@type\":\"WebSite\",\"@id\":\"https:\\\/\\\/eurotrail.info\\\/#website\",\"url\":\"https:\\\/\\\/eurotrail.info\\\/\",\"name\":\"Eurotrail\",\"description\":\"\",\"publisher\":{\"@id\":\"https:\\\/\\\/eurotrail.info\\\/#organization\"},\"potentialAction\":[{\"@type\":\"SearchAction\",\"target\":{\"@type\":\"EntryPoint\",\"urlTemplate\":\"https:\\\/\\\/eurotrail.info\\\/?s={search_term_string}\"},\"query-input\":{\"@type\":\"PropertyValueSpecification\",\"valueRequired\":true,\"valueName\":\"search_term_string\"}}],\"inLanguage\":\"de\"},{\"@type\":\"Organization\",\"@id\":\"https:\\\/\\\/eurotrail.info\\\/#organization\",\"name\":\"Eurotrail\",\"url\":\"https:\\\/\\\/eurotrail.info\\\/\",\"logo\":{\"@type\":\"ImageObject\",\"inLanguage\":\"de\",\"@id\":\"https:\\\/\\\/eurotrail.info\\\/#\\\/schema\\\/logo\\\/image\\\/\",\"url\":\"https:\\\/\\\/eurotrail.info\\\/wp\\\/wp-content\\\/uploads\\\/2023\\\/07\\\/ET-logo-quote_NL-scaled.jpg\",\"contentUrl\":\"https:\\\/\\\/eurotrail.info\\\/wp\\\/wp-content\\\/uploads\\\/2023\\\/07\\\/ET-logo-quote_NL-scaled.jpg\",\"width\":2560,\"height\":675,\"caption\":\"Eurotrail\"},\"image\":{\"@id\":\"https:\\\/\\\/eurotrail.info\\\/#\\\/schema\\\/logo\\\/image\\\/\"}}]}<\/script>\n<!-- \/ Yoast SEO plugin. -->","yoast_head_json":{"title":"Melrose Edelstahl Kochtopfset - Eurotrail","description":"Edelstahl-Kochtopfset besteht aus 2 T\u00f6pfen mit Deckeln. Griffe der Pfannen\/T\u00f6pfe und Deckels sind aus einem einem hitzebest\u00e4ndigen Silikon \u00fcberzogen.","robots":{"index":"index","follow":"follow","max-snippet":"max-snippet:-1","max-image-preview":"max-image-preview:large","max-video-preview":"max-video-preview:-1"},"canonical":"https:\/\/eurotrail.info\/de\/producten\/haushaltartikel\/rvs-topsets\/melrose-edelstahl-kochtopfset\/","og_locale":"de_DE","og_type":"article","og_title":"Melrose Edelstahl Kochtopfset - Eurotrail","og_description":"Edelstahl-Kochtopfset besteht aus 2 T\u00f6pfen mit Deckeln. Griffe der Pfannen\/T\u00f6pfe und Deckels sind aus einem einem hitzebest\u00e4ndigen Silikon \u00fcberzogen.","og_url":"https:\/\/eurotrail.info\/de\/producten\/haushaltartikel\/rvs-topsets\/melrose-edelstahl-kochtopfset\/","og_site_name":"Eurotrail","article_modified_time":"2023-04-12T10:44:25+00:00","og_image":[{"width":2560,"height":1970,"url":"https:\/\/eurotrail.info\/wp\/wp-content\/uploads\/2022\/11\/melrose-set-3-scaled.jpg","type":"image\/jpeg"}],"twitter_card":"summary_large_image","twitter_misc":{"Gesch\u00e4tzte Lesezeit":"1\u00a0Minute"},"schema":{"@context":"https:\/\/schema.org","@graph":[{"@type":"WebPage","@id":"https:\/\/eurotrail.info\/de\/producten\/haushaltartikel\/rvs-topsets\/melrose-edelstahl-kochtopfset\/","url":"https:\/\/eurotrail.info\/de\/producten\/haushaltartikel\/rvs-topsets\/melrose-edelstahl-kochtopfset\/","name":"Melrose Edelstahl Kochtopfset - Eurotrail","isPartOf":{"@id":"https:\/\/eurotrail.info\/#website"},"primaryImageOfPage":{"@id":"https:\/\/eurotrail.info\/de\/producten\/haushaltartikel\/rvs-topsets\/melrose-edelstahl-kochtopfset\/#primaryimage"},"image":{"@id":"https:\/\/eurotrail.info\/de\/producten\/haushaltartikel\/rvs-topsets\/melrose-edelstahl-kochtopfset\/#primaryimage"},"thumbnailUrl":"https:\/\/eurotrail.info\/wp\/wp-content\/uploads\/2022\/11\/melrose-set-3-scaled.jpg","datePublished":"2022-11-01T15:52:28+00:00","dateModified":"2023-04-12T10:44:25+00:00","description":"Edelstahl-Kochtopfset besteht aus 2 T\u00f6pfen mit Deckeln. Griffe der Pfannen\/T\u00f6pfe und Deckels sind aus einem einem hitzebest\u00e4ndigen Silikon \u00fcberzogen.","breadcrumb":{"@id":"https:\/\/eurotrail.info\/de\/producten\/haushaltartikel\/rvs-topsets\/melrose-edelstahl-kochtopfset\/#breadcrumb"},"inLanguage":"de","potentialAction":[{"@type":"ReadAction","target":["https:\/\/eurotrail.info\/de\/producten\/haushaltartikel\/rvs-topsets\/melrose-edelstahl-kochtopfset\/"]}]},{"@type":"ImageObject","inLanguage":"de","@id":"https:\/\/eurotrail.info\/de\/producten\/haushaltartikel\/rvs-topsets\/melrose-edelstahl-kochtopfset\/#primaryimage","url":"https:\/\/eurotrail.info\/wp\/wp-content\/uploads\/2022\/11\/melrose-set-3-scaled.jpg","contentUrl":"https:\/\/eurotrail.info\/wp\/wp-content\/uploads\/2022\/11\/melrose-set-3-scaled.jpg","width":2560,"height":1970,"caption":"Eurotrail Melrose RVS pannenset"},{"@type":"BreadcrumbList","@id":"https:\/\/eurotrail.info\/de\/producten\/haushaltartikel\/rvs-topsets\/melrose-edelstahl-kochtopfset\/#breadcrumb","itemListElement":[{"@type":"ListItem","position":1,"name":"Home","item":"https:\/\/eurotrail.info\/de\/"},{"@type":"ListItem","position":2,"name":"Produkte","item":"https:\/\/eurotrail.info\/de\/produkte\/"},{"@type":"ListItem","position":3,"name":"Melrose Edelstahl Kochtopfset"}]},{"@type":"WebSite","@id":"https:\/\/eurotrail.info\/#website","url":"https:\/\/eurotrail.info\/","name":"Eurotrail","description":"","publisher":{"@id":"https:\/\/eurotrail.info\/#organization"},"potentialAction":[{"@type":"SearchAction","target":{"@type":"EntryPoint","urlTemplate":"https:\/\/eurotrail.info\/?s={search_term_string}"},"query-input":{"@type":"PropertyValueSpecification","valueRequired":true,"valueName":"search_term_string"}}],"inLanguage":"de"},{"@type":"Organization","@id":"https:\/\/eurotrail.info\/#organization","name":"Eurotrail","url":"https:\/\/eurotrail.info\/","logo":{"@type":"ImageObject","inLanguage":"de","@id":"https:\/\/eurotrail.info\/#\/schema\/logo\/image\/","url":"https:\/\/eurotrail.info\/wp\/wp-content\/uploads\/2023\/07\/ET-logo-quote_NL-scaled.jpg","contentUrl":"https:\/\/eurotrail.info\/wp\/wp-content\/uploads\/2023\/07\/ET-logo-quote_NL-scaled.jpg","width":2560,"height":675,"caption":"Eurotrail"},"image":{"@id":"https:\/\/eurotrail.info\/#\/schema\/logo\/image\/"}}]}},"_links":{"self":[{"href":"https:\/\/eurotrail.info\/de\/wp-json\/wp\/v2\/product\/20221","targetHints":{"allow":["GET"]}}],"collection":[{"href":"https:\/\/eurotrail.info\/de\/wp-json\/wp\/v2\/product"}],"about":[{"href":"https:\/\/eurotrail.info\/de\/wp-json\/wp\/v2\/types\/product"}],"replies":[{"embeddable":true,"href":"https:\/\/eurotrail.info\/de\/wp-json\/wp\/v2\/comments?post=20221"}],"wp:featuredmedia":[{"embeddable":true,"href":"https:\/\/eurotrail.info\/de\/wp-json\/wp\/v2\/media\/20213"}],"wp:attachment":[{"href":"https:\/\/eurotrail.info\/de\/wp-json\/wp\/v2\/media?parent=20221"}],"wp:term":[{"taxonomy":"product_brand","embeddable":true,"href":"https:\/\/eurotrail.info\/de\/wp-json\/wp\/v2\/product_brand?post=20221"},{"taxonomy":"product_cat","embeddable":true,"href":"https:\/\/eurotrail.info\/de\/wp-json\/wp\/v2\/product_cat?post=20221"},{"taxonomy":"product_tag","embeddable":true,"href":"https:\/\/eurotrail.info\/de\/wp-json\/wp\/v2\/product_tag?post=20221"}],"curies":[{"name":"wp","href":"https:\/\/api.w.org\/{rel}","templated":true}]}}