{"id":20246,"date":"2022-11-01T17:02:22","date_gmt":"2022-11-01T16:06:30","guid":{"rendered":"https:\/\/eurotrail.info\/?post_type=product&#038;p=20246"},"modified":"2023-04-06T15:20:58","modified_gmt":"2023-04-06T14:20:58","slug":"dunbar-edelstahl-kochtopfset-mit-sossenpfanne","status":"publish","type":"product","link":"https:\/\/eurotrail.info\/de\/producten\/haushaltartikel\/rvs-topsets\/dunbar-edelstahl-kochtopfset-mit-sossenpfanne\/","title":{"rendered":"Dunbar Edelstahl-Kochtopfset mit So\u00dfenpfanne"},"content":{"rendered":"<p>Edelstahl-Kochtopfset besteht aus 2 T\u00f6pfen mit Deckeln und So\u00dfenpfanne. Die Griffe der T\u00f6pfe und des Deckels sind aus einem hitzebest\u00e4ndigen Silikon \u00fcberzogen. Durch die H\u00f6he der T\u00f6pfe eignen sich diese f\u00fcr kleinere Gasbrenner. Die Pfannen haben einen Kapselboden und sind daher f\u00fcr alle W\u00e4rmequellen wie Gas, Elektrik, Keramik oder Induktion geeignet.<\/p>\n<p>\u00d8 16&#215;9.5cm, 1.5 ltr., 428 Gr. So\u00dfenpfanne<br \/>\n\u00d8 16x15cm, 2.7 ltr., 725 Gr.<br \/>\n\u00d8 18x17cm, 3.9 ltr., 864 Gr.<\/p>\n","protected":false},"excerpt":{"rendered":"<p>Edelstahl-Kochtopfset besteht aus 2 T\u00f6pfen mit Deckeln und So\u00dfenpfanne. Die Griffe der T\u00f6pfe und des Deckels sind aus einem hitzebest\u00e4ndigen Silikon \u00fcberzogen. Durch die H\u00f6he&hellip;<\/p>\n","protected":false},"featured_media":20243,"comment_status":"open","ping_status":"closed","template":"","meta":{"_acf_changed":false},"product_brand":[],"product_cat":[184,78],"product_tag":[],"class_list":{"0":"post-20246","1":"product","2":"type-product","3":"status-publish","4":"has-post-thumbnail","6":"product_cat-rvs-topsets","7":"product_cat-haushaltartikel","9":"first","10":"instock","11":"shipping-taxable","12":"product-type-simple"},"acf":[],"yoast_head":"<!-- This site is optimized with the Yoast SEO plugin v27.3 - https:\/\/yoast.com\/product\/yoast-seo-wordpress\/ -->\n<title>Dunbar Edelstahl-Kochtopfset mit So\u00dfenpfanne - Eurotrail<\/title>\n<meta name=\"description\" content=\"Kochtopfset besteht aus 2 T\u00f6pfen mit Deckeln und So\u00dfenpfanne. Die Griffe der T\u00f6pfe und des Deckels sind aus einem hitzebest\u00e4ndigen Silikon \u00fcberzogen.\" \/>\n<meta name=\"robots\" content=\"index, follow, max-snippet:-1, max-image-preview:large, max-video-preview:-1\" \/>\n<link rel=\"canonical\" href=\"https:\/\/eurotrail.info\/de\/producten\/haushaltartikel\/rvs-topsets\/dunbar-edelstahl-kochtopfset-mit-sossenpfanne\/\" \/>\n<meta property=\"og:locale\" content=\"de_DE\" \/>\n<meta property=\"og:type\" content=\"article\" \/>\n<meta property=\"og:title\" content=\"Dunbar Edelstahl-Kochtopfset mit So\u00dfenpfanne - Eurotrail\" \/>\n<meta property=\"og:description\" content=\"Kochtopfset besteht aus 2 T\u00f6pfen mit Deckeln und So\u00dfenpfanne. Die Griffe der T\u00f6pfe und des Deckels sind aus einem hitzebest\u00e4ndigen Silikon \u00fcberzogen.\" \/>\n<meta property=\"og:url\" content=\"https:\/\/eurotrail.info\/de\/producten\/haushaltartikel\/rvs-topsets\/dunbar-edelstahl-kochtopfset-mit-sossenpfanne\/\" \/>\n<meta property=\"og:site_name\" content=\"Eurotrail\" \/>\n<meta property=\"article:modified_time\" content=\"2023-04-06T14:20:58+00:00\" \/>\n<meta property=\"og:image\" content=\"https:\/\/eurotrail.info\/wp\/wp-content\/uploads\/2022\/11\/dunbar-set-2-KLEIN.jpg\" \/>\n\t<meta property=\"og:image:width\" content=\"1800\" \/>\n\t<meta property=\"og:image:height\" content=\"1519\" \/>\n\t<meta property=\"og:image:type\" content=\"image\/jpeg\" \/>\n<meta name=\"twitter:card\" content=\"summary_large_image\" \/>\n<meta name=\"twitter:label1\" content=\"Gesch\u00e4tzte Lesezeit\" \/>\n\t<meta name=\"twitter:data1\" content=\"1\u00a0Minute\" \/>\n<script type=\"application\/ld+json\" class=\"yoast-schema-graph\">{\"@context\":\"https:\\\/\\\/schema.org\",\"@graph\":[{\"@type\":\"WebPage\",\"@id\":\"https:\\\/\\\/eurotrail.info\\\/de\\\/producten\\\/haushaltartikel\\\/rvs-topsets\\\/dunbar-edelstahl-kochtopfset-mit-sossenpfanne\\\/\",\"url\":\"https:\\\/\\\/eurotrail.info\\\/de\\\/producten\\\/haushaltartikel\\\/rvs-topsets\\\/dunbar-edelstahl-kochtopfset-mit-sossenpfanne\\\/\",\"name\":\"Dunbar Edelstahl-Kochtopfset mit So\u00dfenpfanne - Eurotrail\",\"isPartOf\":{\"@id\":\"https:\\\/\\\/eurotrail.info\\\/#website\"},\"primaryImageOfPage\":{\"@id\":\"https:\\\/\\\/eurotrail.info\\\/de\\\/producten\\\/haushaltartikel\\\/rvs-topsets\\\/dunbar-edelstahl-kochtopfset-mit-sossenpfanne\\\/#primaryimage\"},\"image\":{\"@id\":\"https:\\\/\\\/eurotrail.info\\\/de\\\/producten\\\/haushaltartikel\\\/rvs-topsets\\\/dunbar-edelstahl-kochtopfset-mit-sossenpfanne\\\/#primaryimage\"},\"thumbnailUrl\":\"https:\\\/\\\/eurotrail.info\\\/wp\\\/wp-content\\\/uploads\\\/2022\\\/11\\\/dunbar-set-2-KLEIN.jpg\",\"datePublished\":\"2022-11-01T16:06:30+00:00\",\"dateModified\":\"2023-04-06T14:20:58+00:00\",\"description\":\"Kochtopfset besteht aus 2 T\u00f6pfen mit Deckeln und So\u00dfenpfanne. Die Griffe der T\u00f6pfe und des Deckels sind aus einem hitzebest\u00e4ndigen Silikon \u00fcberzogen.\",\"breadcrumb\":{\"@id\":\"https:\\\/\\\/eurotrail.info\\\/de\\\/producten\\\/haushaltartikel\\\/rvs-topsets\\\/dunbar-edelstahl-kochtopfset-mit-sossenpfanne\\\/#breadcrumb\"},\"inLanguage\":\"de\",\"potentialAction\":[{\"@type\":\"ReadAction\",\"target\":[\"https:\\\/\\\/eurotrail.info\\\/de\\\/producten\\\/haushaltartikel\\\/rvs-topsets\\\/dunbar-edelstahl-kochtopfset-mit-sossenpfanne\\\/\"]}]},{\"@type\":\"ImageObject\",\"inLanguage\":\"de\",\"@id\":\"https:\\\/\\\/eurotrail.info\\\/de\\\/producten\\\/haushaltartikel\\\/rvs-topsets\\\/dunbar-edelstahl-kochtopfset-mit-sossenpfanne\\\/#primaryimage\",\"url\":\"https:\\\/\\\/eurotrail.info\\\/wp\\\/wp-content\\\/uploads\\\/2022\\\/11\\\/dunbar-set-2-KLEIN.jpg\",\"contentUrl\":\"https:\\\/\\\/eurotrail.info\\\/wp\\\/wp-content\\\/uploads\\\/2022\\\/11\\\/dunbar-set-2-KLEIN.jpg\",\"width\":1800,\"height\":1519,\"caption\":\"Eurotrail Dunbar RVS pannenset\"},{\"@type\":\"BreadcrumbList\",\"@id\":\"https:\\\/\\\/eurotrail.info\\\/de\\\/producten\\\/haushaltartikel\\\/rvs-topsets\\\/dunbar-edelstahl-kochtopfset-mit-sossenpfanne\\\/#breadcrumb\",\"itemListElement\":[{\"@type\":\"ListItem\",\"position\":1,\"name\":\"Home\",\"item\":\"https:\\\/\\\/eurotrail.info\\\/de\\\/\"},{\"@type\":\"ListItem\",\"position\":2,\"name\":\"Produkte\",\"item\":\"https:\\\/\\\/eurotrail.info\\\/de\\\/produkte\\\/\"},{\"@type\":\"ListItem\",\"position\":3,\"name\":\"Dunbar Edelstahl-Kochtopfset mit So\u00dfenpfanne\"}]},{\"@type\":\"WebSite\",\"@id\":\"https:\\\/\\\/eurotrail.info\\\/#website\",\"url\":\"https:\\\/\\\/eurotrail.info\\\/\",\"name\":\"Eurotrail\",\"description\":\"\",\"publisher\":{\"@id\":\"https:\\\/\\\/eurotrail.info\\\/#organization\"},\"potentialAction\":[{\"@type\":\"SearchAction\",\"target\":{\"@type\":\"EntryPoint\",\"urlTemplate\":\"https:\\\/\\\/eurotrail.info\\\/?s={search_term_string}\"},\"query-input\":{\"@type\":\"PropertyValueSpecification\",\"valueRequired\":true,\"valueName\":\"search_term_string\"}}],\"inLanguage\":\"de\"},{\"@type\":\"Organization\",\"@id\":\"https:\\\/\\\/eurotrail.info\\\/#organization\",\"name\":\"Eurotrail\",\"url\":\"https:\\\/\\\/eurotrail.info\\\/\",\"logo\":{\"@type\":\"ImageObject\",\"inLanguage\":\"de\",\"@id\":\"https:\\\/\\\/eurotrail.info\\\/#\\\/schema\\\/logo\\\/image\\\/\",\"url\":\"https:\\\/\\\/eurotrail.info\\\/wp\\\/wp-content\\\/uploads\\\/2023\\\/07\\\/ET-logo-quote_NL-scaled.jpg\",\"contentUrl\":\"https:\\\/\\\/eurotrail.info\\\/wp\\\/wp-content\\\/uploads\\\/2023\\\/07\\\/ET-logo-quote_NL-scaled.jpg\",\"width\":2560,\"height\":675,\"caption\":\"Eurotrail\"},\"image\":{\"@id\":\"https:\\\/\\\/eurotrail.info\\\/#\\\/schema\\\/logo\\\/image\\\/\"}}]}<\/script>\n<!-- \/ Yoast SEO plugin. -->","yoast_head_json":{"title":"Dunbar Edelstahl-Kochtopfset mit So\u00dfenpfanne - Eurotrail","description":"Kochtopfset besteht aus 2 T\u00f6pfen mit Deckeln und So\u00dfenpfanne. Die Griffe der T\u00f6pfe und des Deckels sind aus einem hitzebest\u00e4ndigen Silikon \u00fcberzogen.","robots":{"index":"index","follow":"follow","max-snippet":"max-snippet:-1","max-image-preview":"max-image-preview:large","max-video-preview":"max-video-preview:-1"},"canonical":"https:\/\/eurotrail.info\/de\/producten\/haushaltartikel\/rvs-topsets\/dunbar-edelstahl-kochtopfset-mit-sossenpfanne\/","og_locale":"de_DE","og_type":"article","og_title":"Dunbar Edelstahl-Kochtopfset mit So\u00dfenpfanne - Eurotrail","og_description":"Kochtopfset besteht aus 2 T\u00f6pfen mit Deckeln und So\u00dfenpfanne. Die Griffe der T\u00f6pfe und des Deckels sind aus einem hitzebest\u00e4ndigen Silikon \u00fcberzogen.","og_url":"https:\/\/eurotrail.info\/de\/producten\/haushaltartikel\/rvs-topsets\/dunbar-edelstahl-kochtopfset-mit-sossenpfanne\/","og_site_name":"Eurotrail","article_modified_time":"2023-04-06T14:20:58+00:00","og_image":[{"width":1800,"height":1519,"url":"https:\/\/eurotrail.info\/wp\/wp-content\/uploads\/2022\/11\/dunbar-set-2-KLEIN.jpg","type":"image\/jpeg"}],"twitter_card":"summary_large_image","twitter_misc":{"Gesch\u00e4tzte Lesezeit":"1\u00a0Minute"},"schema":{"@context":"https:\/\/schema.org","@graph":[{"@type":"WebPage","@id":"https:\/\/eurotrail.info\/de\/producten\/haushaltartikel\/rvs-topsets\/dunbar-edelstahl-kochtopfset-mit-sossenpfanne\/","url":"https:\/\/eurotrail.info\/de\/producten\/haushaltartikel\/rvs-topsets\/dunbar-edelstahl-kochtopfset-mit-sossenpfanne\/","name":"Dunbar Edelstahl-Kochtopfset mit So\u00dfenpfanne - Eurotrail","isPartOf":{"@id":"https:\/\/eurotrail.info\/#website"},"primaryImageOfPage":{"@id":"https:\/\/eurotrail.info\/de\/producten\/haushaltartikel\/rvs-topsets\/dunbar-edelstahl-kochtopfset-mit-sossenpfanne\/#primaryimage"},"image":{"@id":"https:\/\/eurotrail.info\/de\/producten\/haushaltartikel\/rvs-topsets\/dunbar-edelstahl-kochtopfset-mit-sossenpfanne\/#primaryimage"},"thumbnailUrl":"https:\/\/eurotrail.info\/wp\/wp-content\/uploads\/2022\/11\/dunbar-set-2-KLEIN.jpg","datePublished":"2022-11-01T16:06:30+00:00","dateModified":"2023-04-06T14:20:58+00:00","description":"Kochtopfset besteht aus 2 T\u00f6pfen mit Deckeln und So\u00dfenpfanne. Die Griffe der T\u00f6pfe und des Deckels sind aus einem hitzebest\u00e4ndigen Silikon \u00fcberzogen.","breadcrumb":{"@id":"https:\/\/eurotrail.info\/de\/producten\/haushaltartikel\/rvs-topsets\/dunbar-edelstahl-kochtopfset-mit-sossenpfanne\/#breadcrumb"},"inLanguage":"de","potentialAction":[{"@type":"ReadAction","target":["https:\/\/eurotrail.info\/de\/producten\/haushaltartikel\/rvs-topsets\/dunbar-edelstahl-kochtopfset-mit-sossenpfanne\/"]}]},{"@type":"ImageObject","inLanguage":"de","@id":"https:\/\/eurotrail.info\/de\/producten\/haushaltartikel\/rvs-topsets\/dunbar-edelstahl-kochtopfset-mit-sossenpfanne\/#primaryimage","url":"https:\/\/eurotrail.info\/wp\/wp-content\/uploads\/2022\/11\/dunbar-set-2-KLEIN.jpg","contentUrl":"https:\/\/eurotrail.info\/wp\/wp-content\/uploads\/2022\/11\/dunbar-set-2-KLEIN.jpg","width":1800,"height":1519,"caption":"Eurotrail Dunbar RVS pannenset"},{"@type":"BreadcrumbList","@id":"https:\/\/eurotrail.info\/de\/producten\/haushaltartikel\/rvs-topsets\/dunbar-edelstahl-kochtopfset-mit-sossenpfanne\/#breadcrumb","itemListElement":[{"@type":"ListItem","position":1,"name":"Home","item":"https:\/\/eurotrail.info\/de\/"},{"@type":"ListItem","position":2,"name":"Produkte","item":"https:\/\/eurotrail.info\/de\/produkte\/"},{"@type":"ListItem","position":3,"name":"Dunbar Edelstahl-Kochtopfset mit So\u00dfenpfanne"}]},{"@type":"WebSite","@id":"https:\/\/eurotrail.info\/#website","url":"https:\/\/eurotrail.info\/","name":"Eurotrail","description":"","publisher":{"@id":"https:\/\/eurotrail.info\/#organization"},"potentialAction":[{"@type":"SearchAction","target":{"@type":"EntryPoint","urlTemplate":"https:\/\/eurotrail.info\/?s={search_term_string}"},"query-input":{"@type":"PropertyValueSpecification","valueRequired":true,"valueName":"search_term_string"}}],"inLanguage":"de"},{"@type":"Organization","@id":"https:\/\/eurotrail.info\/#organization","name":"Eurotrail","url":"https:\/\/eurotrail.info\/","logo":{"@type":"ImageObject","inLanguage":"de","@id":"https:\/\/eurotrail.info\/#\/schema\/logo\/image\/","url":"https:\/\/eurotrail.info\/wp\/wp-content\/uploads\/2023\/07\/ET-logo-quote_NL-scaled.jpg","contentUrl":"https:\/\/eurotrail.info\/wp\/wp-content\/uploads\/2023\/07\/ET-logo-quote_NL-scaled.jpg","width":2560,"height":675,"caption":"Eurotrail"},"image":{"@id":"https:\/\/eurotrail.info\/#\/schema\/logo\/image\/"}}]}},"_links":{"self":[{"href":"https:\/\/eurotrail.info\/de\/wp-json\/wp\/v2\/product\/20246","targetHints":{"allow":["GET"]}}],"collection":[{"href":"https:\/\/eurotrail.info\/de\/wp-json\/wp\/v2\/product"}],"about":[{"href":"https:\/\/eurotrail.info\/de\/wp-json\/wp\/v2\/types\/product"}],"replies":[{"embeddable":true,"href":"https:\/\/eurotrail.info\/de\/wp-json\/wp\/v2\/comments?post=20246"}],"wp:featuredmedia":[{"embeddable":true,"href":"https:\/\/eurotrail.info\/de\/wp-json\/wp\/v2\/media\/20243"}],"wp:attachment":[{"href":"https:\/\/eurotrail.info\/de\/wp-json\/wp\/v2\/media?parent=20246"}],"wp:term":[{"taxonomy":"product_brand","embeddable":true,"href":"https:\/\/eurotrail.info\/de\/wp-json\/wp\/v2\/product_brand?post=20246"},{"taxonomy":"product_cat","embeddable":true,"href":"https:\/\/eurotrail.info\/de\/wp-json\/wp\/v2\/product_cat?post=20246"},{"taxonomy":"product_tag","embeddable":true,"href":"https:\/\/eurotrail.info\/de\/wp-json\/wp\/v2\/product_tag?post=20246"}],"curies":[{"name":"wp","href":"https:\/\/api.w.org\/{rel}","templated":true}]}}