{"id":20287,"date":"2022-11-01T17:23:59","date_gmt":"2022-11-03T13:54:15","guid":{"rendered":"https:\/\/eurotrail.info\/?post_type=product&#038;p=20287"},"modified":"2023-05-04T07:46:11","modified_gmt":"2023-05-04T06:46:11","slug":"marmor-geschirr-set-16-tlg","status":"publish","type":"product","link":"https:\/\/eurotrail.info\/de\/producten\/haushaltartikel\/haushalt-geschirr\/marmor-geschirr-set-16-tlg\/","title":{"rendered":"Marmor Geschirr Set 16-Tlg"},"content":{"rendered":"<p>Geschirr-Set 16-tlg. aus 100 % Melamin mit originellem, trendigem Marmordruck.<br \/>\nDie stabile Melaminqualit\u00e4t, das originelle Marmordesign und die moderne Form der Teller verleihen dem Set ein hochwertiges Erscheinungsbild. Nicht nur zum Campen sondern auch im Garten geeignet!<br \/>\nSp\u00fclmaschinenfest (nicht f\u00fcr die Mikrowelle geeignet).<\/p>\n<p>4 x Speiseteller, \u00d827&#215;1,5cm, 292 gr.<br \/>\n4 x Fr\u00fchst\u00fccksteller, \u00d820&#215;1,5cm, 200 gr.<br \/>\n4 x Schale, \u00d814,5&#215;6,5cm, 175 gr.<br \/>\n4 x Tasse, \u00d88,5x9cm, 120 gr. \/ 300ml.<\/p>\n","protected":false},"excerpt":{"rendered":"<p>Geschirr-Set 16-tlg. aus 100 % Melamin mit originellem, trendigem Marmordruck. Die stabile Melaminqualit\u00e4t, das originelle Marmordesign und die moderne Form der Teller verleihen dem Set&hellip;<\/p>\n","protected":false},"featured_media":20273,"comment_status":"open","ping_status":"closed","template":"","meta":{"_acf_changed":false},"product_brand":[],"product_cat":[81,78],"product_tag":[],"class_list":{"0":"post-20287","1":"product","2":"type-product","3":"status-publish","4":"has-post-thumbnail","6":"product_cat-haushalt-geschirr","7":"product_cat-haushaltartikel","9":"first","10":"instock","11":"shipping-taxable","12":"product-type-simple"},"acf":[],"yoast_head":"<!-- This site is optimized with the Yoast SEO plugin v27.4 - https:\/\/yoast.com\/product\/yoast-seo-wordpress\/ -->\n<title>Marmor Geschirr Set 16-Tlg - Eurotrail<\/title>\n<meta name=\"description\" content=\"Geschirr-Set 16-tlg. aus 100 % Melamin mit originellem, trendigem Marmordruck.\" \/>\n<meta name=\"robots\" content=\"index, follow, max-snippet:-1, max-image-preview:large, max-video-preview:-1\" \/>\n<link rel=\"canonical\" href=\"https:\/\/eurotrail.info\/de\/producten\/haushaltartikel\/haushalt-geschirr\/marmor-geschirr-set-16-tlg\/\" \/>\n<meta property=\"og:locale\" content=\"de_DE\" \/>\n<meta property=\"og:type\" content=\"article\" \/>\n<meta property=\"og:title\" content=\"Marmor Geschirr Set 16-Tlg - Eurotrail\" \/>\n<meta property=\"og:description\" content=\"Geschirr-Set 16-tlg. aus 100 % Melamin mit originellem, trendigem Marmordruck.\" \/>\n<meta property=\"og:url\" content=\"https:\/\/eurotrail.info\/de\/producten\/haushaltartikel\/haushalt-geschirr\/marmor-geschirr-set-16-tlg\/\" \/>\n<meta property=\"og:site_name\" content=\"Eurotrail\" \/>\n<meta property=\"article:modified_time\" content=\"2023-05-04T06:46:11+00:00\" \/>\n<meta property=\"og:image\" content=\"https:\/\/eurotrail.info\/wp\/wp-content\/uploads\/2022\/11\/IMG_1121-scaled.jpg\" \/>\n\t<meta property=\"og:image:width\" content=\"2123\" \/>\n\t<meta property=\"og:image:height\" content=\"2560\" \/>\n\t<meta property=\"og:image:type\" content=\"image\/jpeg\" \/>\n<meta name=\"twitter:card\" content=\"summary_large_image\" \/>\n<meta name=\"twitter:label1\" content=\"Gesch\u00e4tzte Lesezeit\" \/>\n\t<meta name=\"twitter:data1\" content=\"1\u00a0Minute\" \/>\n<script type=\"application\/ld+json\" class=\"yoast-schema-graph\">{\"@context\":\"https:\\\/\\\/schema.org\",\"@graph\":[{\"@type\":\"WebPage\",\"@id\":\"https:\\\/\\\/eurotrail.info\\\/de\\\/producten\\\/haushaltartikel\\\/haushalt-geschirr\\\/marmor-geschirr-set-16-tlg\\\/\",\"url\":\"https:\\\/\\\/eurotrail.info\\\/de\\\/producten\\\/haushaltartikel\\\/haushalt-geschirr\\\/marmor-geschirr-set-16-tlg\\\/\",\"name\":\"Marmor Geschirr Set 16-Tlg - Eurotrail\",\"isPartOf\":{\"@id\":\"https:\\\/\\\/eurotrail.info\\\/#website\"},\"primaryImageOfPage\":{\"@id\":\"https:\\\/\\\/eurotrail.info\\\/de\\\/producten\\\/haushaltartikel\\\/haushalt-geschirr\\\/marmor-geschirr-set-16-tlg\\\/#primaryimage\"},\"image\":{\"@id\":\"https:\\\/\\\/eurotrail.info\\\/de\\\/producten\\\/haushaltartikel\\\/haushalt-geschirr\\\/marmor-geschirr-set-16-tlg\\\/#primaryimage\"},\"thumbnailUrl\":\"https:\\\/\\\/eurotrail.info\\\/wp\\\/wp-content\\\/uploads\\\/2022\\\/11\\\/IMG_1121-scaled.jpg\",\"datePublished\":\"2022-11-03T13:54:15+00:00\",\"dateModified\":\"2023-05-04T06:46:11+00:00\",\"description\":\"Geschirr-Set 16-tlg. aus 100 % Melamin mit originellem, trendigem Marmordruck.\",\"breadcrumb\":{\"@id\":\"https:\\\/\\\/eurotrail.info\\\/de\\\/producten\\\/haushaltartikel\\\/haushalt-geschirr\\\/marmor-geschirr-set-16-tlg\\\/#breadcrumb\"},\"inLanguage\":\"de\",\"potentialAction\":[{\"@type\":\"ReadAction\",\"target\":[\"https:\\\/\\\/eurotrail.info\\\/de\\\/producten\\\/haushaltartikel\\\/haushalt-geschirr\\\/marmor-geschirr-set-16-tlg\\\/\"]}]},{\"@type\":\"ImageObject\",\"inLanguage\":\"de\",\"@id\":\"https:\\\/\\\/eurotrail.info\\\/de\\\/producten\\\/haushaltartikel\\\/haushalt-geschirr\\\/marmor-geschirr-set-16-tlg\\\/#primaryimage\",\"url\":\"https:\\\/\\\/eurotrail.info\\\/wp\\\/wp-content\\\/uploads\\\/2022\\\/11\\\/IMG_1121-scaled.jpg\",\"contentUrl\":\"https:\\\/\\\/eurotrail.info\\\/wp\\\/wp-content\\\/uploads\\\/2022\\\/11\\\/IMG_1121-scaled.jpg\",\"width\":2123,\"height\":2560,\"caption\":\"Eurotrail Marble 16 dlg tafelservies\"},{\"@type\":\"BreadcrumbList\",\"@id\":\"https:\\\/\\\/eurotrail.info\\\/de\\\/producten\\\/haushaltartikel\\\/haushalt-geschirr\\\/marmor-geschirr-set-16-tlg\\\/#breadcrumb\",\"itemListElement\":[{\"@type\":\"ListItem\",\"position\":1,\"name\":\"Home\",\"item\":\"https:\\\/\\\/eurotrail.info\\\/de\\\/\"},{\"@type\":\"ListItem\",\"position\":2,\"name\":\"Produkte\",\"item\":\"https:\\\/\\\/eurotrail.info\\\/de\\\/produkte\\\/\"},{\"@type\":\"ListItem\",\"position\":3,\"name\":\"Marmor Geschirr Set 16-Tlg\"}]},{\"@type\":\"WebSite\",\"@id\":\"https:\\\/\\\/eurotrail.info\\\/#website\",\"url\":\"https:\\\/\\\/eurotrail.info\\\/\",\"name\":\"Eurotrail\",\"description\":\"\",\"publisher\":{\"@id\":\"https:\\\/\\\/eurotrail.info\\\/#organization\"},\"potentialAction\":[{\"@type\":\"SearchAction\",\"target\":{\"@type\":\"EntryPoint\",\"urlTemplate\":\"https:\\\/\\\/eurotrail.info\\\/?s={search_term_string}\"},\"query-input\":{\"@type\":\"PropertyValueSpecification\",\"valueRequired\":true,\"valueName\":\"search_term_string\"}}],\"inLanguage\":\"de\"},{\"@type\":\"Organization\",\"@id\":\"https:\\\/\\\/eurotrail.info\\\/#organization\",\"name\":\"Eurotrail\",\"url\":\"https:\\\/\\\/eurotrail.info\\\/\",\"logo\":{\"@type\":\"ImageObject\",\"inLanguage\":\"de\",\"@id\":\"https:\\\/\\\/eurotrail.info\\\/#\\\/schema\\\/logo\\\/image\\\/\",\"url\":\"https:\\\/\\\/eurotrail.info\\\/wp\\\/wp-content\\\/uploads\\\/2023\\\/07\\\/ET-logo-quote_NL-scaled.jpg\",\"contentUrl\":\"https:\\\/\\\/eurotrail.info\\\/wp\\\/wp-content\\\/uploads\\\/2023\\\/07\\\/ET-logo-quote_NL-scaled.jpg\",\"width\":2560,\"height\":675,\"caption\":\"Eurotrail\"},\"image\":{\"@id\":\"https:\\\/\\\/eurotrail.info\\\/#\\\/schema\\\/logo\\\/image\\\/\"}}]}<\/script>\n<!-- \/ Yoast SEO plugin. -->","yoast_head_json":{"title":"Marmor Geschirr Set 16-Tlg - Eurotrail","description":"Geschirr-Set 16-tlg. aus 100 % Melamin mit originellem, trendigem Marmordruck.","robots":{"index":"index","follow":"follow","max-snippet":"max-snippet:-1","max-image-preview":"max-image-preview:large","max-video-preview":"max-video-preview:-1"},"canonical":"https:\/\/eurotrail.info\/de\/producten\/haushaltartikel\/haushalt-geschirr\/marmor-geschirr-set-16-tlg\/","og_locale":"de_DE","og_type":"article","og_title":"Marmor Geschirr Set 16-Tlg - Eurotrail","og_description":"Geschirr-Set 16-tlg. aus 100 % Melamin mit originellem, trendigem Marmordruck.","og_url":"https:\/\/eurotrail.info\/de\/producten\/haushaltartikel\/haushalt-geschirr\/marmor-geschirr-set-16-tlg\/","og_site_name":"Eurotrail","article_modified_time":"2023-05-04T06:46:11+00:00","og_image":[{"width":2123,"height":2560,"url":"https:\/\/eurotrail.info\/wp\/wp-content\/uploads\/2022\/11\/IMG_1121-scaled.jpg","type":"image\/jpeg"}],"twitter_card":"summary_large_image","twitter_misc":{"Gesch\u00e4tzte Lesezeit":"1\u00a0Minute"},"schema":{"@context":"https:\/\/schema.org","@graph":[{"@type":"WebPage","@id":"https:\/\/eurotrail.info\/de\/producten\/haushaltartikel\/haushalt-geschirr\/marmor-geschirr-set-16-tlg\/","url":"https:\/\/eurotrail.info\/de\/producten\/haushaltartikel\/haushalt-geschirr\/marmor-geschirr-set-16-tlg\/","name":"Marmor Geschirr Set 16-Tlg - Eurotrail","isPartOf":{"@id":"https:\/\/eurotrail.info\/#website"},"primaryImageOfPage":{"@id":"https:\/\/eurotrail.info\/de\/producten\/haushaltartikel\/haushalt-geschirr\/marmor-geschirr-set-16-tlg\/#primaryimage"},"image":{"@id":"https:\/\/eurotrail.info\/de\/producten\/haushaltartikel\/haushalt-geschirr\/marmor-geschirr-set-16-tlg\/#primaryimage"},"thumbnailUrl":"https:\/\/eurotrail.info\/wp\/wp-content\/uploads\/2022\/11\/IMG_1121-scaled.jpg","datePublished":"2022-11-03T13:54:15+00:00","dateModified":"2023-05-04T06:46:11+00:00","description":"Geschirr-Set 16-tlg. aus 100 % Melamin mit originellem, trendigem Marmordruck.","breadcrumb":{"@id":"https:\/\/eurotrail.info\/de\/producten\/haushaltartikel\/haushalt-geschirr\/marmor-geschirr-set-16-tlg\/#breadcrumb"},"inLanguage":"de","potentialAction":[{"@type":"ReadAction","target":["https:\/\/eurotrail.info\/de\/producten\/haushaltartikel\/haushalt-geschirr\/marmor-geschirr-set-16-tlg\/"]}]},{"@type":"ImageObject","inLanguage":"de","@id":"https:\/\/eurotrail.info\/de\/producten\/haushaltartikel\/haushalt-geschirr\/marmor-geschirr-set-16-tlg\/#primaryimage","url":"https:\/\/eurotrail.info\/wp\/wp-content\/uploads\/2022\/11\/IMG_1121-scaled.jpg","contentUrl":"https:\/\/eurotrail.info\/wp\/wp-content\/uploads\/2022\/11\/IMG_1121-scaled.jpg","width":2123,"height":2560,"caption":"Eurotrail Marble 16 dlg tafelservies"},{"@type":"BreadcrumbList","@id":"https:\/\/eurotrail.info\/de\/producten\/haushaltartikel\/haushalt-geschirr\/marmor-geschirr-set-16-tlg\/#breadcrumb","itemListElement":[{"@type":"ListItem","position":1,"name":"Home","item":"https:\/\/eurotrail.info\/de\/"},{"@type":"ListItem","position":2,"name":"Produkte","item":"https:\/\/eurotrail.info\/de\/produkte\/"},{"@type":"ListItem","position":3,"name":"Marmor Geschirr Set 16-Tlg"}]},{"@type":"WebSite","@id":"https:\/\/eurotrail.info\/#website","url":"https:\/\/eurotrail.info\/","name":"Eurotrail","description":"","publisher":{"@id":"https:\/\/eurotrail.info\/#organization"},"potentialAction":[{"@type":"SearchAction","target":{"@type":"EntryPoint","urlTemplate":"https:\/\/eurotrail.info\/?s={search_term_string}"},"query-input":{"@type":"PropertyValueSpecification","valueRequired":true,"valueName":"search_term_string"}}],"inLanguage":"de"},{"@type":"Organization","@id":"https:\/\/eurotrail.info\/#organization","name":"Eurotrail","url":"https:\/\/eurotrail.info\/","logo":{"@type":"ImageObject","inLanguage":"de","@id":"https:\/\/eurotrail.info\/#\/schema\/logo\/image\/","url":"https:\/\/eurotrail.info\/wp\/wp-content\/uploads\/2023\/07\/ET-logo-quote_NL-scaled.jpg","contentUrl":"https:\/\/eurotrail.info\/wp\/wp-content\/uploads\/2023\/07\/ET-logo-quote_NL-scaled.jpg","width":2560,"height":675,"caption":"Eurotrail"},"image":{"@id":"https:\/\/eurotrail.info\/#\/schema\/logo\/image\/"}}]}},"_links":{"self":[{"href":"https:\/\/eurotrail.info\/de\/wp-json\/wp\/v2\/product\/20287","targetHints":{"allow":["GET"]}}],"collection":[{"href":"https:\/\/eurotrail.info\/de\/wp-json\/wp\/v2\/product"}],"about":[{"href":"https:\/\/eurotrail.info\/de\/wp-json\/wp\/v2\/types\/product"}],"replies":[{"embeddable":true,"href":"https:\/\/eurotrail.info\/de\/wp-json\/wp\/v2\/comments?post=20287"}],"wp:featuredmedia":[{"embeddable":true,"href":"https:\/\/eurotrail.info\/de\/wp-json\/wp\/v2\/media\/20273"}],"wp:attachment":[{"href":"https:\/\/eurotrail.info\/de\/wp-json\/wp\/v2\/media?parent=20287"}],"wp:term":[{"taxonomy":"product_brand","embeddable":true,"href":"https:\/\/eurotrail.info\/de\/wp-json\/wp\/v2\/product_brand?post=20287"},{"taxonomy":"product_cat","embeddable":true,"href":"https:\/\/eurotrail.info\/de\/wp-json\/wp\/v2\/product_cat?post=20287"},{"taxonomy":"product_tag","embeddable":true,"href":"https:\/\/eurotrail.info\/de\/wp-json\/wp\/v2\/product_tag?post=20287"}],"curies":[{"name":"wp","href":"https:\/\/api.w.org\/{rel}","templated":true}]}}