{"id":20360,"date":"2022-11-03T15:23:57","date_gmt":"2022-11-03T14:27:20","guid":{"rendered":"https:\/\/eurotrail.info\/?post_type=product&#038;p=20360"},"modified":"2023-04-06T15:27:14","modified_gmt":"2023-04-06T14:27:14","slug":"nebu-geschirrset-16-teilig","status":"publish","type":"product","link":"https:\/\/eurotrail.info\/de\/producten\/haushaltartikel\/haushalt-geschirr\/nebu-geschirrset-16-teilig\/","title":{"rendered":"Nebu Geschirrset 16 Teilig"},"content":{"rendered":"<p>16-teiliges Tafelservice aus Melamin mit Originaldruck! Der NEBU ist an der Unterseite mit einem Anti-Rutsch-Ring ausgestattet, um ein Verrutschen zu verhindern. Die Melaminqualit\u00e4t, das originelle Design und das trendige Design verleihen dem Service ein hochwertiges Erscheinungsbild.<br \/>\nNicht nur zum Campen sondern auch im Garten geeignet! Sp\u00fclmaschinenfest (nicht f\u00fcr die Mikrowelle geeignet).<\/p>\n<p>4 x Speiseteller, \u00d826&#215;1,6cm, 260 gr.<br \/>\n4 x Fr\u00fchst\u00fccksteller, \u00d822,8&#215;1,6cm, 205 gr.<br \/>\n4 x Sch\u00fcssel, \u00d817,8&#215;6,5cm, 260 gr.<br \/>\n4 x Tasse, \u00d88,4x10cm, 120 gr. 310ml.<\/p>\n","protected":false},"excerpt":{"rendered":"<p>16-teiliges Tafelservice aus Melamin mit Originaldruck! Der NEBU ist an der Unterseite mit einem Anti-Rutsch-Ring ausgestattet, um ein Verrutschen zu verhindern. Die Melaminqualit\u00e4t, das originelle&hellip;<\/p>\n","protected":false},"featured_media":20365,"comment_status":"open","ping_status":"closed","template":"","meta":{"_acf_changed":false},"product_brand":[],"product_cat":[81,78],"product_tag":[],"class_list":{"0":"post-20360","1":"product","2":"type-product","3":"status-publish","4":"has-post-thumbnail","6":"product_cat-haushalt-geschirr","7":"product_cat-haushaltartikel","9":"first","10":"instock","11":"shipping-taxable","12":"product-type-simple"},"acf":[],"yoast_head":"<!-- This site is optimized with the Yoast SEO plugin v27.4 - https:\/\/yoast.com\/product\/yoast-seo-wordpress\/ -->\n<title>Nebu Geschirrset 16 Teilig - Eurotrail<\/title>\n<meta name=\"description\" content=\"16-teiliges Tafelservice aus Melamin mit Originaldruck! Der NEBU ist an der Unterseite mit einem Anti-Rutsch-Ring ausgestattet, um ein Verrutschen zu verhindern.\" \/>\n<meta name=\"robots\" content=\"index, follow, max-snippet:-1, max-image-preview:large, max-video-preview:-1\" \/>\n<link rel=\"canonical\" href=\"https:\/\/eurotrail.info\/de\/producten\/haushaltartikel\/haushalt-geschirr\/nebu-geschirrset-16-teilig\/\" \/>\n<meta property=\"og:locale\" content=\"de_DE\" \/>\n<meta property=\"og:type\" content=\"article\" \/>\n<meta property=\"og:title\" content=\"Nebu Geschirrset 16 Teilig - Eurotrail\" \/>\n<meta property=\"og:description\" content=\"16-teiliges Tafelservice aus Melamin mit Originaldruck! Der NEBU ist an der Unterseite mit einem Anti-Rutsch-Ring ausgestattet, um ein Verrutschen zu verhindern.\" \/>\n<meta property=\"og:url\" content=\"https:\/\/eurotrail.info\/de\/producten\/haushaltartikel\/haushalt-geschirr\/nebu-geschirrset-16-teilig\/\" \/>\n<meta property=\"og:site_name\" content=\"Eurotrail\" \/>\n<meta property=\"article:modified_time\" content=\"2023-04-06T14:27:14+00:00\" \/>\n<meta property=\"og:image\" content=\"https:\/\/eurotrail.info\/wp\/wp-content\/uploads\/2022\/11\/Nebu-grey-2-KLEIN.jpg\" \/>\n\t<meta property=\"og:image:width\" content=\"1959\" \/>\n\t<meta property=\"og:image:height\" content=\"1884\" \/>\n\t<meta property=\"og:image:type\" content=\"image\/jpeg\" \/>\n<meta name=\"twitter:card\" content=\"summary_large_image\" \/>\n<meta name=\"twitter:label1\" content=\"Gesch\u00e4tzte Lesezeit\" \/>\n\t<meta name=\"twitter:data1\" content=\"1\u00a0Minute\" \/>\n<script type=\"application\/ld+json\" class=\"yoast-schema-graph\">{\"@context\":\"https:\\\/\\\/schema.org\",\"@graph\":[{\"@type\":\"WebPage\",\"@id\":\"https:\\\/\\\/eurotrail.info\\\/de\\\/producten\\\/haushaltartikel\\\/haushalt-geschirr\\\/nebu-geschirrset-16-teilig\\\/\",\"url\":\"https:\\\/\\\/eurotrail.info\\\/de\\\/producten\\\/haushaltartikel\\\/haushalt-geschirr\\\/nebu-geschirrset-16-teilig\\\/\",\"name\":\"Nebu Geschirrset 16 Teilig - Eurotrail\",\"isPartOf\":{\"@id\":\"https:\\\/\\\/eurotrail.info\\\/#website\"},\"primaryImageOfPage\":{\"@id\":\"https:\\\/\\\/eurotrail.info\\\/de\\\/producten\\\/haushaltartikel\\\/haushalt-geschirr\\\/nebu-geschirrset-16-teilig\\\/#primaryimage\"},\"image\":{\"@id\":\"https:\\\/\\\/eurotrail.info\\\/de\\\/producten\\\/haushaltartikel\\\/haushalt-geschirr\\\/nebu-geschirrset-16-teilig\\\/#primaryimage\"},\"thumbnailUrl\":\"https:\\\/\\\/eurotrail.info\\\/wp\\\/wp-content\\\/uploads\\\/2022\\\/11\\\/Nebu-grey-2-KLEIN.jpg\",\"datePublished\":\"2022-11-03T14:27:20+00:00\",\"dateModified\":\"2023-04-06T14:27:14+00:00\",\"description\":\"16-teiliges Tafelservice aus Melamin mit Originaldruck! Der NEBU ist an der Unterseite mit einem Anti-Rutsch-Ring ausgestattet, um ein Verrutschen zu verhindern.\",\"breadcrumb\":{\"@id\":\"https:\\\/\\\/eurotrail.info\\\/de\\\/producten\\\/haushaltartikel\\\/haushalt-geschirr\\\/nebu-geschirrset-16-teilig\\\/#breadcrumb\"},\"inLanguage\":\"de\",\"potentialAction\":[{\"@type\":\"ReadAction\",\"target\":[\"https:\\\/\\\/eurotrail.info\\\/de\\\/producten\\\/haushaltartikel\\\/haushalt-geschirr\\\/nebu-geschirrset-16-teilig\\\/\"]}]},{\"@type\":\"ImageObject\",\"inLanguage\":\"de\",\"@id\":\"https:\\\/\\\/eurotrail.info\\\/de\\\/producten\\\/haushaltartikel\\\/haushalt-geschirr\\\/nebu-geschirrset-16-teilig\\\/#primaryimage\",\"url\":\"https:\\\/\\\/eurotrail.info\\\/wp\\\/wp-content\\\/uploads\\\/2022\\\/11\\\/Nebu-grey-2-KLEIN.jpg\",\"contentUrl\":\"https:\\\/\\\/eurotrail.info\\\/wp\\\/wp-content\\\/uploads\\\/2022\\\/11\\\/Nebu-grey-2-KLEIN.jpg\",\"width\":1959,\"height\":1884,\"caption\":\"Eurotrail Nebu tafelservies 16 dlg.\"},{\"@type\":\"BreadcrumbList\",\"@id\":\"https:\\\/\\\/eurotrail.info\\\/de\\\/producten\\\/haushaltartikel\\\/haushalt-geschirr\\\/nebu-geschirrset-16-teilig\\\/#breadcrumb\",\"itemListElement\":[{\"@type\":\"ListItem\",\"position\":1,\"name\":\"Home\",\"item\":\"https:\\\/\\\/eurotrail.info\\\/de\\\/\"},{\"@type\":\"ListItem\",\"position\":2,\"name\":\"Produkte\",\"item\":\"https:\\\/\\\/eurotrail.info\\\/de\\\/produkte\\\/\"},{\"@type\":\"ListItem\",\"position\":3,\"name\":\"Nebu Geschirrset 16 Teilig\"}]},{\"@type\":\"WebSite\",\"@id\":\"https:\\\/\\\/eurotrail.info\\\/#website\",\"url\":\"https:\\\/\\\/eurotrail.info\\\/\",\"name\":\"Eurotrail\",\"description\":\"\",\"publisher\":{\"@id\":\"https:\\\/\\\/eurotrail.info\\\/#organization\"},\"potentialAction\":[{\"@type\":\"SearchAction\",\"target\":{\"@type\":\"EntryPoint\",\"urlTemplate\":\"https:\\\/\\\/eurotrail.info\\\/?s={search_term_string}\"},\"query-input\":{\"@type\":\"PropertyValueSpecification\",\"valueRequired\":true,\"valueName\":\"search_term_string\"}}],\"inLanguage\":\"de\"},{\"@type\":\"Organization\",\"@id\":\"https:\\\/\\\/eurotrail.info\\\/#organization\",\"name\":\"Eurotrail\",\"url\":\"https:\\\/\\\/eurotrail.info\\\/\",\"logo\":{\"@type\":\"ImageObject\",\"inLanguage\":\"de\",\"@id\":\"https:\\\/\\\/eurotrail.info\\\/#\\\/schema\\\/logo\\\/image\\\/\",\"url\":\"https:\\\/\\\/eurotrail.info\\\/wp\\\/wp-content\\\/uploads\\\/2023\\\/07\\\/ET-logo-quote_NL-scaled.jpg\",\"contentUrl\":\"https:\\\/\\\/eurotrail.info\\\/wp\\\/wp-content\\\/uploads\\\/2023\\\/07\\\/ET-logo-quote_NL-scaled.jpg\",\"width\":2560,\"height\":675,\"caption\":\"Eurotrail\"},\"image\":{\"@id\":\"https:\\\/\\\/eurotrail.info\\\/#\\\/schema\\\/logo\\\/image\\\/\"}}]}<\/script>\n<!-- \/ Yoast SEO plugin. -->","yoast_head_json":{"title":"Nebu Geschirrset 16 Teilig - Eurotrail","description":"16-teiliges Tafelservice aus Melamin mit Originaldruck! Der NEBU ist an der Unterseite mit einem Anti-Rutsch-Ring ausgestattet, um ein Verrutschen zu verhindern.","robots":{"index":"index","follow":"follow","max-snippet":"max-snippet:-1","max-image-preview":"max-image-preview:large","max-video-preview":"max-video-preview:-1"},"canonical":"https:\/\/eurotrail.info\/de\/producten\/haushaltartikel\/haushalt-geschirr\/nebu-geschirrset-16-teilig\/","og_locale":"de_DE","og_type":"article","og_title":"Nebu Geschirrset 16 Teilig - Eurotrail","og_description":"16-teiliges Tafelservice aus Melamin mit Originaldruck! Der NEBU ist an der Unterseite mit einem Anti-Rutsch-Ring ausgestattet, um ein Verrutschen zu verhindern.","og_url":"https:\/\/eurotrail.info\/de\/producten\/haushaltartikel\/haushalt-geschirr\/nebu-geschirrset-16-teilig\/","og_site_name":"Eurotrail","article_modified_time":"2023-04-06T14:27:14+00:00","og_image":[{"width":1959,"height":1884,"url":"https:\/\/eurotrail.info\/wp\/wp-content\/uploads\/2022\/11\/Nebu-grey-2-KLEIN.jpg","type":"image\/jpeg"}],"twitter_card":"summary_large_image","twitter_misc":{"Gesch\u00e4tzte Lesezeit":"1\u00a0Minute"},"schema":{"@context":"https:\/\/schema.org","@graph":[{"@type":"WebPage","@id":"https:\/\/eurotrail.info\/de\/producten\/haushaltartikel\/haushalt-geschirr\/nebu-geschirrset-16-teilig\/","url":"https:\/\/eurotrail.info\/de\/producten\/haushaltartikel\/haushalt-geschirr\/nebu-geschirrset-16-teilig\/","name":"Nebu Geschirrset 16 Teilig - Eurotrail","isPartOf":{"@id":"https:\/\/eurotrail.info\/#website"},"primaryImageOfPage":{"@id":"https:\/\/eurotrail.info\/de\/producten\/haushaltartikel\/haushalt-geschirr\/nebu-geschirrset-16-teilig\/#primaryimage"},"image":{"@id":"https:\/\/eurotrail.info\/de\/producten\/haushaltartikel\/haushalt-geschirr\/nebu-geschirrset-16-teilig\/#primaryimage"},"thumbnailUrl":"https:\/\/eurotrail.info\/wp\/wp-content\/uploads\/2022\/11\/Nebu-grey-2-KLEIN.jpg","datePublished":"2022-11-03T14:27:20+00:00","dateModified":"2023-04-06T14:27:14+00:00","description":"16-teiliges Tafelservice aus Melamin mit Originaldruck! Der NEBU ist an der Unterseite mit einem Anti-Rutsch-Ring ausgestattet, um ein Verrutschen zu verhindern.","breadcrumb":{"@id":"https:\/\/eurotrail.info\/de\/producten\/haushaltartikel\/haushalt-geschirr\/nebu-geschirrset-16-teilig\/#breadcrumb"},"inLanguage":"de","potentialAction":[{"@type":"ReadAction","target":["https:\/\/eurotrail.info\/de\/producten\/haushaltartikel\/haushalt-geschirr\/nebu-geschirrset-16-teilig\/"]}]},{"@type":"ImageObject","inLanguage":"de","@id":"https:\/\/eurotrail.info\/de\/producten\/haushaltartikel\/haushalt-geschirr\/nebu-geschirrset-16-teilig\/#primaryimage","url":"https:\/\/eurotrail.info\/wp\/wp-content\/uploads\/2022\/11\/Nebu-grey-2-KLEIN.jpg","contentUrl":"https:\/\/eurotrail.info\/wp\/wp-content\/uploads\/2022\/11\/Nebu-grey-2-KLEIN.jpg","width":1959,"height":1884,"caption":"Eurotrail Nebu tafelservies 16 dlg."},{"@type":"BreadcrumbList","@id":"https:\/\/eurotrail.info\/de\/producten\/haushaltartikel\/haushalt-geschirr\/nebu-geschirrset-16-teilig\/#breadcrumb","itemListElement":[{"@type":"ListItem","position":1,"name":"Home","item":"https:\/\/eurotrail.info\/de\/"},{"@type":"ListItem","position":2,"name":"Produkte","item":"https:\/\/eurotrail.info\/de\/produkte\/"},{"@type":"ListItem","position":3,"name":"Nebu Geschirrset 16 Teilig"}]},{"@type":"WebSite","@id":"https:\/\/eurotrail.info\/#website","url":"https:\/\/eurotrail.info\/","name":"Eurotrail","description":"","publisher":{"@id":"https:\/\/eurotrail.info\/#organization"},"potentialAction":[{"@type":"SearchAction","target":{"@type":"EntryPoint","urlTemplate":"https:\/\/eurotrail.info\/?s={search_term_string}"},"query-input":{"@type":"PropertyValueSpecification","valueRequired":true,"valueName":"search_term_string"}}],"inLanguage":"de"},{"@type":"Organization","@id":"https:\/\/eurotrail.info\/#organization","name":"Eurotrail","url":"https:\/\/eurotrail.info\/","logo":{"@type":"ImageObject","inLanguage":"de","@id":"https:\/\/eurotrail.info\/#\/schema\/logo\/image\/","url":"https:\/\/eurotrail.info\/wp\/wp-content\/uploads\/2023\/07\/ET-logo-quote_NL-scaled.jpg","contentUrl":"https:\/\/eurotrail.info\/wp\/wp-content\/uploads\/2023\/07\/ET-logo-quote_NL-scaled.jpg","width":2560,"height":675,"caption":"Eurotrail"},"image":{"@id":"https:\/\/eurotrail.info\/#\/schema\/logo\/image\/"}}]}},"_links":{"self":[{"href":"https:\/\/eurotrail.info\/de\/wp-json\/wp\/v2\/product\/20360","targetHints":{"allow":["GET"]}}],"collection":[{"href":"https:\/\/eurotrail.info\/de\/wp-json\/wp\/v2\/product"}],"about":[{"href":"https:\/\/eurotrail.info\/de\/wp-json\/wp\/v2\/types\/product"}],"replies":[{"embeddable":true,"href":"https:\/\/eurotrail.info\/de\/wp-json\/wp\/v2\/comments?post=20360"}],"wp:featuredmedia":[{"embeddable":true,"href":"https:\/\/eurotrail.info\/de\/wp-json\/wp\/v2\/media\/20365"}],"wp:attachment":[{"href":"https:\/\/eurotrail.info\/de\/wp-json\/wp\/v2\/media?parent=20360"}],"wp:term":[{"taxonomy":"product_brand","embeddable":true,"href":"https:\/\/eurotrail.info\/de\/wp-json\/wp\/v2\/product_brand?post=20360"},{"taxonomy":"product_cat","embeddable":true,"href":"https:\/\/eurotrail.info\/de\/wp-json\/wp\/v2\/product_cat?post=20360"},{"taxonomy":"product_tag","embeddable":true,"href":"https:\/\/eurotrail.info\/de\/wp-json\/wp\/v2\/product_tag?post=20360"}],"curies":[{"name":"wp","href":"https:\/\/api.w.org\/{rel}","templated":true}]}}