{"id":20408,"date":"2022-11-03T15:38:21","date_gmt":"2022-11-03T14:38:21","guid":{"rendered":"https:\/\/eurotrail.info\/?post_type=product&#038;p=20408"},"modified":"2026-03-19T11:40:39","modified_gmt":"2026-03-19T10:40:39","slug":"kendal-comfort-campingstuhl-air-mesh","status":"publish","type":"product","link":"https:\/\/eurotrail.info\/de\/producten\/campingmoebel\/campingstuhlen-relaxstuhlen-eurotrail\/kendal-comfort-campingstuhl-air-mesh\/","title":{"rendered":"Kendal Comfort Campingstuhl Air Mesh"},"content":{"rendered":"<h5>Komfortabler Campingstuhl mit hoher R\u00fcckenlehne und verstellbarer Kopfst\u00fctze.<\/h5>\n<p>Genie\u00dfen Sie optimalen Sitzkomfort auf dem Campingplatz, im Garten oder im Wohnmobil mit diesem bequemen Campingstuhl mit extra breiter Sitzfl\u00e4che und hoher R\u00fcckenlehne. Dank des robusten und leichten Aluminium-D-Gestells tr\u00e4gt der Stuhl bis zu 140 kg und ist dabei leicht zu transportieren.<\/p>\n<p>Die Sitzfl\u00e4che aus gepolstertem Air-Mesh-Material sorgt f\u00fcr hervorragende Bel\u00fcftung und ein weiches Sitzgef\u00fchl. So bleibt der Stuhl auch an hei\u00dfen Sommertagen oder bei l\u00e4ngerem Sitzen komfortabel.<\/p>\n<p>Die 6-fach verstellbare R\u00fcckenlehne erm\u00f6glicht Ihnen stets die ideale Sitzposition. Ob Sie aufrecht beim Essen sitzen oder entspannt ein Buch lesen m\u00f6chten \u2013 dieser Campingstuhl passt sich m\u00fchelos an. Die verstellbare Kopfst\u00fctze mit Kissen bietet zus\u00e4tzliche Unterst\u00fctzung f\u00fcr Nacken und Kopf und l\u00e4sst sich stufenlos einstellen, sogar als Lendenwirbelst\u00fctze!<\/p>\n<p>F\u00fcr noch mehr Komfort ist optional eine passende Fu\u00dfst\u00fctze erh\u00e4ltlich, mit der Sie den Stuhl im Handumdrehen in einen Liegestuhl verwandeln k\u00f6nnen.<\/p>\n<p><strong>Hauptmerkmale:<\/strong><br \/>\nExtra breite und bequeme Sitzfl\u00e4che<br \/>\nHohe R\u00fcckenlehne mit verstellbarer Kopfst\u00fctze<br \/>\nR\u00fcckenlehne 6-fach verstellbar<br \/>\nStabiles Aluminium-D-Gestell<br \/>\nMaximale Belastbarkeit: 140 kg<br \/>\nAtmungsaktives und komfortables Air-Mesh-Gewebe<br \/>\nOptionale Fu\u00dfst\u00fctze f\u00fcr zus\u00e4tzlichen Komfort<\/p>\n<p>Dieser verstellbare Campingstuhl ist ideal f\u00fcr Camper, die Wert auf Komfort, Qualit\u00e4t und Langlebigkeit legen.<\/p>\n<p>Material: 100 % Polyester Air Mesh + 600 g Textilene R\u00fcckseite, 2 cm Schaumstoffpolsterung.<br \/>\nRahmen: Aluminium-D-Rahmen<br \/>\nAbmessungen: 51 x 55 x 123 cm<br \/>\nGefaltet: 105 x 63 x 11 cm<br \/>\nGewicht: 5,1 kg.<br \/>\nmax. Belastung: 140 kg.<\/p>\n","protected":false},"excerpt":{"rendered":"<p>Komfortabler Campingstuhl mit hoher R\u00fcckenlehne und verstellbarer Kopfst\u00fctze. Genie\u00dfen Sie optimalen Sitzkomfort auf dem Campingplatz, im Garten oder im Wohnmobil mit diesem bequemen Campingstuhl mit&hellip;<\/p>\n","protected":false},"featured_media":30191,"comment_status":"open","ping_status":"closed","template":"","meta":{"_acf_changed":false},"product_brand":[],"product_cat":[82,84],"product_tag":[],"class_list":{"0":"post-20408","1":"product","2":"type-product","3":"status-publish","4":"has-post-thumbnail","6":"product_cat-campingmoebel","7":"product_cat-campingstuhlen-relaxstuhlen-eurotrail","9":"first","10":"instock","11":"shipping-taxable","12":"product-type-simple"},"acf":[],"yoast_head":"<!-- This site is optimized with the Yoast SEO plugin v27.3 - https:\/\/yoast.com\/product\/yoast-seo-wordpress\/ -->\n<title>Kendal Comfort Campingstuhl Air Mesh - Eurotrail<\/title>\n<meta name=\"description\" content=\"Bequemer Campingstuhl mit extra breiter Sitzfl\u00e4che und hoher R\u00fcckenlehne mit Kissen. Der verst\u00e4rkte D-Rahmen aus Aluminium bietet eine maximale Belastung von bis zu 140 kg.!\" \/>\n<meta name=\"robots\" content=\"index, follow, max-snippet:-1, max-image-preview:large, max-video-preview:-1\" \/>\n<link rel=\"canonical\" href=\"https:\/\/eurotrail.info\/de\/producten\/campingmoebel\/campingstuhlen-relaxstuhlen-eurotrail\/kendal-comfort-campingstuhl-air-mesh\/\" \/>\n<meta property=\"og:locale\" content=\"de_DE\" \/>\n<meta property=\"og:type\" content=\"article\" \/>\n<meta property=\"og:title\" content=\"Kendal Comfort Campingstuhl Air Mesh - Eurotrail\" \/>\n<meta property=\"og:description\" content=\"Bequemer Campingstuhl mit extra breiter Sitzfl\u00e4che und hoher R\u00fcckenlehne mit Kissen. Der verst\u00e4rkte D-Rahmen aus Aluminium bietet eine maximale Belastung von bis zu 140 kg.!\" \/>\n<meta property=\"og:url\" content=\"https:\/\/eurotrail.info\/de\/producten\/campingmoebel\/campingstuhlen-relaxstuhlen-eurotrail\/kendal-comfort-campingstuhl-air-mesh\/\" \/>\n<meta property=\"og:site_name\" content=\"Eurotrail\" \/>\n<meta property=\"article:modified_time\" content=\"2026-03-19T10:40:39+00:00\" \/>\n<meta property=\"og:image\" content=\"https:\/\/eurotrail.info\/wp\/wp-content\/uploads\/2022\/11\/ETCF1444-b-scaled.jpg\" \/>\n\t<meta property=\"og:image:width\" content=\"1607\" \/>\n\t<meta property=\"og:image:height\" content=\"2560\" \/>\n\t<meta property=\"og:image:type\" content=\"image\/jpeg\" \/>\n<meta name=\"twitter:card\" content=\"summary_large_image\" \/>\n<meta name=\"twitter:label1\" content=\"Gesch\u00e4tzte Lesezeit\" \/>\n\t<meta name=\"twitter:data1\" content=\"2\u00a0Minuten\" \/>\n<script type=\"application\/ld+json\" class=\"yoast-schema-graph\">{\"@context\":\"https:\\\/\\\/schema.org\",\"@graph\":[{\"@type\":\"WebPage\",\"@id\":\"https:\\\/\\\/eurotrail.info\\\/de\\\/producten\\\/campingmoebel\\\/campingstuhlen-relaxstuhlen-eurotrail\\\/kendal-comfort-campingstuhl-air-mesh\\\/\",\"url\":\"https:\\\/\\\/eurotrail.info\\\/de\\\/producten\\\/campingmoebel\\\/campingstuhlen-relaxstuhlen-eurotrail\\\/kendal-comfort-campingstuhl-air-mesh\\\/\",\"name\":\"Kendal Comfort Campingstuhl Air Mesh - Eurotrail\",\"isPartOf\":{\"@id\":\"https:\\\/\\\/eurotrail.info\\\/#website\"},\"primaryImageOfPage\":{\"@id\":\"https:\\\/\\\/eurotrail.info\\\/de\\\/producten\\\/campingmoebel\\\/campingstuhlen-relaxstuhlen-eurotrail\\\/kendal-comfort-campingstuhl-air-mesh\\\/#primaryimage\"},\"image\":{\"@id\":\"https:\\\/\\\/eurotrail.info\\\/de\\\/producten\\\/campingmoebel\\\/campingstuhlen-relaxstuhlen-eurotrail\\\/kendal-comfort-campingstuhl-air-mesh\\\/#primaryimage\"},\"thumbnailUrl\":\"https:\\\/\\\/eurotrail.info\\\/wp\\\/wp-content\\\/uploads\\\/2022\\\/11\\\/ETCF1444-b-scaled.jpg\",\"datePublished\":\"2022-11-03T14:38:21+00:00\",\"dateModified\":\"2026-03-19T10:40:39+00:00\",\"description\":\"Bequemer Campingstuhl mit extra breiter Sitzfl\u00e4che und hoher R\u00fcckenlehne mit Kissen. Der verst\u00e4rkte D-Rahmen aus Aluminium bietet eine maximale Belastung von bis zu 140 kg.!\",\"breadcrumb\":{\"@id\":\"https:\\\/\\\/eurotrail.info\\\/de\\\/producten\\\/campingmoebel\\\/campingstuhlen-relaxstuhlen-eurotrail\\\/kendal-comfort-campingstuhl-air-mesh\\\/#breadcrumb\"},\"inLanguage\":\"de\",\"potentialAction\":[{\"@type\":\"ReadAction\",\"target\":[\"https:\\\/\\\/eurotrail.info\\\/de\\\/producten\\\/campingmoebel\\\/campingstuhlen-relaxstuhlen-eurotrail\\\/kendal-comfort-campingstuhl-air-mesh\\\/\"]}]},{\"@type\":\"ImageObject\",\"inLanguage\":\"de\",\"@id\":\"https:\\\/\\\/eurotrail.info\\\/de\\\/producten\\\/campingmoebel\\\/campingstuhlen-relaxstuhlen-eurotrail\\\/kendal-comfort-campingstuhl-air-mesh\\\/#primaryimage\",\"url\":\"https:\\\/\\\/eurotrail.info\\\/wp\\\/wp-content\\\/uploads\\\/2022\\\/11\\\/ETCF1444-b-scaled.jpg\",\"contentUrl\":\"https:\\\/\\\/eurotrail.info\\\/wp\\\/wp-content\\\/uploads\\\/2022\\\/11\\\/ETCF1444-b-scaled.jpg\",\"width\":1607,\"height\":2560},{\"@type\":\"BreadcrumbList\",\"@id\":\"https:\\\/\\\/eurotrail.info\\\/de\\\/producten\\\/campingmoebel\\\/campingstuhlen-relaxstuhlen-eurotrail\\\/kendal-comfort-campingstuhl-air-mesh\\\/#breadcrumb\",\"itemListElement\":[{\"@type\":\"ListItem\",\"position\":1,\"name\":\"Home\",\"item\":\"https:\\\/\\\/eurotrail.info\\\/de\\\/\"},{\"@type\":\"ListItem\",\"position\":2,\"name\":\"Produkte\",\"item\":\"https:\\\/\\\/eurotrail.info\\\/de\\\/produkte\\\/\"},{\"@type\":\"ListItem\",\"position\":3,\"name\":\"Kendal Comfort Campingstuhl Air Mesh\"}]},{\"@type\":\"WebSite\",\"@id\":\"https:\\\/\\\/eurotrail.info\\\/#website\",\"url\":\"https:\\\/\\\/eurotrail.info\\\/\",\"name\":\"Eurotrail\",\"description\":\"\",\"publisher\":{\"@id\":\"https:\\\/\\\/eurotrail.info\\\/#organization\"},\"potentialAction\":[{\"@type\":\"SearchAction\",\"target\":{\"@type\":\"EntryPoint\",\"urlTemplate\":\"https:\\\/\\\/eurotrail.info\\\/?s={search_term_string}\"},\"query-input\":{\"@type\":\"PropertyValueSpecification\",\"valueRequired\":true,\"valueName\":\"search_term_string\"}}],\"inLanguage\":\"de\"},{\"@type\":\"Organization\",\"@id\":\"https:\\\/\\\/eurotrail.info\\\/#organization\",\"name\":\"Eurotrail\",\"url\":\"https:\\\/\\\/eurotrail.info\\\/\",\"logo\":{\"@type\":\"ImageObject\",\"inLanguage\":\"de\",\"@id\":\"https:\\\/\\\/eurotrail.info\\\/#\\\/schema\\\/logo\\\/image\\\/\",\"url\":\"https:\\\/\\\/eurotrail.info\\\/wp\\\/wp-content\\\/uploads\\\/2023\\\/07\\\/ET-logo-quote_NL-scaled.jpg\",\"contentUrl\":\"https:\\\/\\\/eurotrail.info\\\/wp\\\/wp-content\\\/uploads\\\/2023\\\/07\\\/ET-logo-quote_NL-scaled.jpg\",\"width\":2560,\"height\":675,\"caption\":\"Eurotrail\"},\"image\":{\"@id\":\"https:\\\/\\\/eurotrail.info\\\/#\\\/schema\\\/logo\\\/image\\\/\"}}]}<\/script>\n<!-- \/ Yoast SEO plugin. -->","yoast_head_json":{"title":"Kendal Comfort Campingstuhl Air Mesh - Eurotrail","description":"Bequemer Campingstuhl mit extra breiter Sitzfl\u00e4che und hoher R\u00fcckenlehne mit Kissen. Der verst\u00e4rkte D-Rahmen aus Aluminium bietet eine maximale Belastung von bis zu 140 kg.!","robots":{"index":"index","follow":"follow","max-snippet":"max-snippet:-1","max-image-preview":"max-image-preview:large","max-video-preview":"max-video-preview:-1"},"canonical":"https:\/\/eurotrail.info\/de\/producten\/campingmoebel\/campingstuhlen-relaxstuhlen-eurotrail\/kendal-comfort-campingstuhl-air-mesh\/","og_locale":"de_DE","og_type":"article","og_title":"Kendal Comfort Campingstuhl Air Mesh - Eurotrail","og_description":"Bequemer Campingstuhl mit extra breiter Sitzfl\u00e4che und hoher R\u00fcckenlehne mit Kissen. Der verst\u00e4rkte D-Rahmen aus Aluminium bietet eine maximale Belastung von bis zu 140 kg.!","og_url":"https:\/\/eurotrail.info\/de\/producten\/campingmoebel\/campingstuhlen-relaxstuhlen-eurotrail\/kendal-comfort-campingstuhl-air-mesh\/","og_site_name":"Eurotrail","article_modified_time":"2026-03-19T10:40:39+00:00","og_image":[{"width":1607,"height":2560,"url":"https:\/\/eurotrail.info\/wp\/wp-content\/uploads\/2022\/11\/ETCF1444-b-scaled.jpg","type":"image\/jpeg"}],"twitter_card":"summary_large_image","twitter_misc":{"Gesch\u00e4tzte Lesezeit":"2\u00a0Minuten"},"schema":{"@context":"https:\/\/schema.org","@graph":[{"@type":"WebPage","@id":"https:\/\/eurotrail.info\/de\/producten\/campingmoebel\/campingstuhlen-relaxstuhlen-eurotrail\/kendal-comfort-campingstuhl-air-mesh\/","url":"https:\/\/eurotrail.info\/de\/producten\/campingmoebel\/campingstuhlen-relaxstuhlen-eurotrail\/kendal-comfort-campingstuhl-air-mesh\/","name":"Kendal Comfort Campingstuhl Air Mesh - Eurotrail","isPartOf":{"@id":"https:\/\/eurotrail.info\/#website"},"primaryImageOfPage":{"@id":"https:\/\/eurotrail.info\/de\/producten\/campingmoebel\/campingstuhlen-relaxstuhlen-eurotrail\/kendal-comfort-campingstuhl-air-mesh\/#primaryimage"},"image":{"@id":"https:\/\/eurotrail.info\/de\/producten\/campingmoebel\/campingstuhlen-relaxstuhlen-eurotrail\/kendal-comfort-campingstuhl-air-mesh\/#primaryimage"},"thumbnailUrl":"https:\/\/eurotrail.info\/wp\/wp-content\/uploads\/2022\/11\/ETCF1444-b-scaled.jpg","datePublished":"2022-11-03T14:38:21+00:00","dateModified":"2026-03-19T10:40:39+00:00","description":"Bequemer Campingstuhl mit extra breiter Sitzfl\u00e4che und hoher R\u00fcckenlehne mit Kissen. Der verst\u00e4rkte D-Rahmen aus Aluminium bietet eine maximale Belastung von bis zu 140 kg.!","breadcrumb":{"@id":"https:\/\/eurotrail.info\/de\/producten\/campingmoebel\/campingstuhlen-relaxstuhlen-eurotrail\/kendal-comfort-campingstuhl-air-mesh\/#breadcrumb"},"inLanguage":"de","potentialAction":[{"@type":"ReadAction","target":["https:\/\/eurotrail.info\/de\/producten\/campingmoebel\/campingstuhlen-relaxstuhlen-eurotrail\/kendal-comfort-campingstuhl-air-mesh\/"]}]},{"@type":"ImageObject","inLanguage":"de","@id":"https:\/\/eurotrail.info\/de\/producten\/campingmoebel\/campingstuhlen-relaxstuhlen-eurotrail\/kendal-comfort-campingstuhl-air-mesh\/#primaryimage","url":"https:\/\/eurotrail.info\/wp\/wp-content\/uploads\/2022\/11\/ETCF1444-b-scaled.jpg","contentUrl":"https:\/\/eurotrail.info\/wp\/wp-content\/uploads\/2022\/11\/ETCF1444-b-scaled.jpg","width":1607,"height":2560},{"@type":"BreadcrumbList","@id":"https:\/\/eurotrail.info\/de\/producten\/campingmoebel\/campingstuhlen-relaxstuhlen-eurotrail\/kendal-comfort-campingstuhl-air-mesh\/#breadcrumb","itemListElement":[{"@type":"ListItem","position":1,"name":"Home","item":"https:\/\/eurotrail.info\/de\/"},{"@type":"ListItem","position":2,"name":"Produkte","item":"https:\/\/eurotrail.info\/de\/produkte\/"},{"@type":"ListItem","position":3,"name":"Kendal Comfort Campingstuhl Air Mesh"}]},{"@type":"WebSite","@id":"https:\/\/eurotrail.info\/#website","url":"https:\/\/eurotrail.info\/","name":"Eurotrail","description":"","publisher":{"@id":"https:\/\/eurotrail.info\/#organization"},"potentialAction":[{"@type":"SearchAction","target":{"@type":"EntryPoint","urlTemplate":"https:\/\/eurotrail.info\/?s={search_term_string}"},"query-input":{"@type":"PropertyValueSpecification","valueRequired":true,"valueName":"search_term_string"}}],"inLanguage":"de"},{"@type":"Organization","@id":"https:\/\/eurotrail.info\/#organization","name":"Eurotrail","url":"https:\/\/eurotrail.info\/","logo":{"@type":"ImageObject","inLanguage":"de","@id":"https:\/\/eurotrail.info\/#\/schema\/logo\/image\/","url":"https:\/\/eurotrail.info\/wp\/wp-content\/uploads\/2023\/07\/ET-logo-quote_NL-scaled.jpg","contentUrl":"https:\/\/eurotrail.info\/wp\/wp-content\/uploads\/2023\/07\/ET-logo-quote_NL-scaled.jpg","width":2560,"height":675,"caption":"Eurotrail"},"image":{"@id":"https:\/\/eurotrail.info\/#\/schema\/logo\/image\/"}}]}},"_links":{"self":[{"href":"https:\/\/eurotrail.info\/de\/wp-json\/wp\/v2\/product\/20408","targetHints":{"allow":["GET"]}}],"collection":[{"href":"https:\/\/eurotrail.info\/de\/wp-json\/wp\/v2\/product"}],"about":[{"href":"https:\/\/eurotrail.info\/de\/wp-json\/wp\/v2\/types\/product"}],"replies":[{"embeddable":true,"href":"https:\/\/eurotrail.info\/de\/wp-json\/wp\/v2\/comments?post=20408"}],"wp:featuredmedia":[{"embeddable":true,"href":"https:\/\/eurotrail.info\/de\/wp-json\/wp\/v2\/media\/30191"}],"wp:attachment":[{"href":"https:\/\/eurotrail.info\/de\/wp-json\/wp\/v2\/media?parent=20408"}],"wp:term":[{"taxonomy":"product_brand","embeddable":true,"href":"https:\/\/eurotrail.info\/de\/wp-json\/wp\/v2\/product_brand?post=20408"},{"taxonomy":"product_cat","embeddable":true,"href":"https:\/\/eurotrail.info\/de\/wp-json\/wp\/v2\/product_cat?post=20408"},{"taxonomy":"product_tag","embeddable":true,"href":"https:\/\/eurotrail.info\/de\/wp-json\/wp\/v2\/product_tag?post=20408"}],"curies":[{"name":"wp","href":"https:\/\/api.w.org\/{rel}","templated":true}]}}