{"id":20624,"date":"2022-11-03T17:29:10","date_gmt":"2022-11-03T16:29:10","guid":{"rendered":"https:\/\/eurotrail.info\/?post_type=product&#038;p=20624"},"modified":"2026-03-19T13:24:39","modified_gmt":"2026-03-19T12:24:39","slug":"teramo-klappbarer-kuechentisch","status":"publish","type":"product","link":"https:\/\/eurotrail.info\/de\/producten\/campingmoebel\/campingschraenke\/teramo-klappbarer-kuechentisch\/","title":{"rendered":"Teramo klappbarer K\u00fcchentisch"},"content":{"rendered":"<h4>Praktischer klappbarer K\u00fcchentisch f\u00fcr unterwegs<\/h4>\n<p>Dieser praktische klappbare K\u00fcchentisch ist die ideale L\u00f6sung f\u00fcr alle, die schnell zus\u00e4tzlichen Arbeitsraum ben\u00f6tigen. Ob Sie nun auf dem Campingplatz kochen, Essen zubereiten oder einen stabilen hohen Tisch suchen, um etwas vorzubereiten, dieser klappbare K\u00fcchentisch ist im Handumdrehen einsatzbereit.<\/p>\n<p>Die robuste und stabile Tischplatte bietet ausreichend Platz zum bequemen Arbeiten, w\u00e4hrend die zus\u00e4tzliche Ablagefl\u00e4che daf\u00fcr sorgt, dass T\u00f6pfe, Kochutensilien oder Zutaten immer griffbereit sind. Dank seines cleveren Designs l\u00e4sst sich der Tisch einfach und schnell aufstellen und eignet sich somit perfekt f\u00fcr unterwegs, auf dem Campingplatz, im Garten oder bei anderen Outdoor-Aktivit\u00e4ten.<\/p>\n<p>Der anthrazitfarbene Klapprahmen in Kombination mit der Tischplatte in Bambusoptik und der zus\u00e4tzlichen Ablagefl\u00e4che verleihen dem Tisch ein modernes und luxuri\u00f6ses Aussehen. Gleichzeitig bleibt er kompakt, praktisch und leicht zu transportieren, sodass Sie \u00fcberall zus\u00e4tzlichen Arbeitsraum genie\u00dfen k\u00f6nnen, wenn Sie ihn brauchen.<\/p>\n<p>Oben: MDF<br \/>\nRahmen: Aluminium \u00f8 14 mm<br \/>\nGr\u00f6\u00dfe: 80 x 64 x 44 cm<br \/>\nGefaltet: 78 x 48 x 8 cm<br \/>\nGewicht: 2,8 kg.<\/p>\n","protected":false},"excerpt":{"rendered":"<p>Praktischer klappbarer K\u00fcchentisch f\u00fcr unterwegs Dieser praktische klappbare K\u00fcchentisch ist die ideale L\u00f6sung f\u00fcr alle, die schnell zus\u00e4tzlichen Arbeitsraum ben\u00f6tigen. Ob Sie nun auf dem&hellip;<\/p>\n","protected":false},"featured_media":20639,"comment_status":"open","ping_status":"closed","template":"","meta":{"_acf_changed":false},"product_brand":[],"product_cat":[82,83,86],"product_tag":[],"class_list":{"0":"post-20624","1":"product","2":"type-product","3":"status-publish","4":"has-post-thumbnail","6":"product_cat-campingmoebel","7":"product_cat-campingschraenke","8":"product_cat-kuechenschraenken","10":"first","11":"instock","12":"shipping-taxable","13":"product-type-simple"},"acf":[],"yoast_head":"<!-- This site is optimized with the Yoast SEO plugin v27.4 - https:\/\/yoast.com\/product\/yoast-seo-wordpress\/ -->\n<title>Teramo klappbarer K\u00fcchentisch - Eurotrail<\/title>\n<meta name=\"description\" content=\"Praktischer klappbarer K\u00fcchentisch.Robuste und stabile Platte und eine zus\u00e4tzliche Ablage f\u00fcr die Pfannen.Einfach und schnell aufzubauen und ideal f\u00fcr unterwegs\" \/>\n<meta name=\"robots\" content=\"index, follow, max-snippet:-1, max-image-preview:large, max-video-preview:-1\" \/>\n<link rel=\"canonical\" href=\"https:\/\/eurotrail.info\/de\/producten\/campingmoebel\/campingschraenke\/teramo-klappbarer-kuechentisch\/\" \/>\n<meta property=\"og:locale\" content=\"de_DE\" \/>\n<meta property=\"og:type\" content=\"article\" \/>\n<meta property=\"og:title\" content=\"Teramo klappbarer K\u00fcchentisch - Eurotrail\" \/>\n<meta property=\"og:description\" content=\"Praktischer klappbarer K\u00fcchentisch.Robuste und stabile Platte und eine zus\u00e4tzliche Ablage f\u00fcr die Pfannen.Einfach und schnell aufzubauen und ideal f\u00fcr unterwegs\" \/>\n<meta property=\"og:url\" content=\"https:\/\/eurotrail.info\/de\/producten\/campingmoebel\/campingschraenke\/teramo-klappbarer-kuechentisch\/\" \/>\n<meta property=\"og:site_name\" content=\"Eurotrail\" \/>\n<meta property=\"article:modified_time\" content=\"2026-03-19T12:24:39+00:00\" \/>\n<meta property=\"og:image\" content=\"https:\/\/eurotrail.info\/wp\/wp-content\/uploads\/2022\/11\/teramo-3-scaled.jpg\" \/>\n\t<meta property=\"og:image:width\" content=\"1724\" \/>\n\t<meta property=\"og:image:height\" content=\"2560\" \/>\n\t<meta property=\"og:image:type\" content=\"image\/jpeg\" \/>\n<meta name=\"twitter:card\" content=\"summary_large_image\" \/>\n<meta name=\"twitter:label1\" content=\"Gesch\u00e4tzte Lesezeit\" \/>\n\t<meta name=\"twitter:data1\" content=\"2\u00a0Minuten\" \/>\n<script type=\"application\/ld+json\" class=\"yoast-schema-graph\">{\"@context\":\"https:\\\/\\\/schema.org\",\"@graph\":[{\"@type\":\"WebPage\",\"@id\":\"https:\\\/\\\/eurotrail.info\\\/de\\\/producten\\\/campingmoebel\\\/campingschraenke\\\/teramo-klappbarer-kuechentisch\\\/\",\"url\":\"https:\\\/\\\/eurotrail.info\\\/de\\\/producten\\\/campingmoebel\\\/campingschraenke\\\/teramo-klappbarer-kuechentisch\\\/\",\"name\":\"Teramo klappbarer K\u00fcchentisch - Eurotrail\",\"isPartOf\":{\"@id\":\"https:\\\/\\\/eurotrail.info\\\/#website\"},\"primaryImageOfPage\":{\"@id\":\"https:\\\/\\\/eurotrail.info\\\/de\\\/producten\\\/campingmoebel\\\/campingschraenke\\\/teramo-klappbarer-kuechentisch\\\/#primaryimage\"},\"image\":{\"@id\":\"https:\\\/\\\/eurotrail.info\\\/de\\\/producten\\\/campingmoebel\\\/campingschraenke\\\/teramo-klappbarer-kuechentisch\\\/#primaryimage\"},\"thumbnailUrl\":\"https:\\\/\\\/eurotrail.info\\\/wp\\\/wp-content\\\/uploads\\\/2022\\\/11\\\/teramo-3-scaled.jpg\",\"datePublished\":\"2022-11-03T16:29:10+00:00\",\"dateModified\":\"2026-03-19T12:24:39+00:00\",\"description\":\"Praktischer klappbarer K\u00fcchentisch.Robuste und stabile Platte und eine zus\u00e4tzliche Ablage f\u00fcr die Pfannen.Einfach und schnell aufzubauen und ideal f\u00fcr unterwegs\",\"breadcrumb\":{\"@id\":\"https:\\\/\\\/eurotrail.info\\\/de\\\/producten\\\/campingmoebel\\\/campingschraenke\\\/teramo-klappbarer-kuechentisch\\\/#breadcrumb\"},\"inLanguage\":\"de\",\"potentialAction\":[{\"@type\":\"ReadAction\",\"target\":[\"https:\\\/\\\/eurotrail.info\\\/de\\\/producten\\\/campingmoebel\\\/campingschraenke\\\/teramo-klappbarer-kuechentisch\\\/\"]}]},{\"@type\":\"ImageObject\",\"inLanguage\":\"de\",\"@id\":\"https:\\\/\\\/eurotrail.info\\\/de\\\/producten\\\/campingmoebel\\\/campingschraenke\\\/teramo-klappbarer-kuechentisch\\\/#primaryimage\",\"url\":\"https:\\\/\\\/eurotrail.info\\\/wp\\\/wp-content\\\/uploads\\\/2022\\\/11\\\/teramo-3-scaled.jpg\",\"contentUrl\":\"https:\\\/\\\/eurotrail.info\\\/wp\\\/wp-content\\\/uploads\\\/2022\\\/11\\\/teramo-3-scaled.jpg\",\"width\":1724,\"height\":2560,\"caption\":\"Eurotrail Teramo opvouwbare keukentafel\"},{\"@type\":\"BreadcrumbList\",\"@id\":\"https:\\\/\\\/eurotrail.info\\\/de\\\/producten\\\/campingmoebel\\\/campingschraenke\\\/teramo-klappbarer-kuechentisch\\\/#breadcrumb\",\"itemListElement\":[{\"@type\":\"ListItem\",\"position\":1,\"name\":\"Home\",\"item\":\"https:\\\/\\\/eurotrail.info\\\/de\\\/\"},{\"@type\":\"ListItem\",\"position\":2,\"name\":\"Produkte\",\"item\":\"https:\\\/\\\/eurotrail.info\\\/de\\\/produkte\\\/\"},{\"@type\":\"ListItem\",\"position\":3,\"name\":\"Teramo klappbarer K\u00fcchentisch\"}]},{\"@type\":\"WebSite\",\"@id\":\"https:\\\/\\\/eurotrail.info\\\/#website\",\"url\":\"https:\\\/\\\/eurotrail.info\\\/\",\"name\":\"Eurotrail\",\"description\":\"\",\"publisher\":{\"@id\":\"https:\\\/\\\/eurotrail.info\\\/#organization\"},\"potentialAction\":[{\"@type\":\"SearchAction\",\"target\":{\"@type\":\"EntryPoint\",\"urlTemplate\":\"https:\\\/\\\/eurotrail.info\\\/?s={search_term_string}\"},\"query-input\":{\"@type\":\"PropertyValueSpecification\",\"valueRequired\":true,\"valueName\":\"search_term_string\"}}],\"inLanguage\":\"de\"},{\"@type\":\"Organization\",\"@id\":\"https:\\\/\\\/eurotrail.info\\\/#organization\",\"name\":\"Eurotrail\",\"url\":\"https:\\\/\\\/eurotrail.info\\\/\",\"logo\":{\"@type\":\"ImageObject\",\"inLanguage\":\"de\",\"@id\":\"https:\\\/\\\/eurotrail.info\\\/#\\\/schema\\\/logo\\\/image\\\/\",\"url\":\"https:\\\/\\\/eurotrail.info\\\/wp\\\/wp-content\\\/uploads\\\/2023\\\/07\\\/ET-logo-quote_NL-scaled.jpg\",\"contentUrl\":\"https:\\\/\\\/eurotrail.info\\\/wp\\\/wp-content\\\/uploads\\\/2023\\\/07\\\/ET-logo-quote_NL-scaled.jpg\",\"width\":2560,\"height\":675,\"caption\":\"Eurotrail\"},\"image\":{\"@id\":\"https:\\\/\\\/eurotrail.info\\\/#\\\/schema\\\/logo\\\/image\\\/\"}}]}<\/script>\n<!-- \/ Yoast SEO plugin. -->","yoast_head_json":{"title":"Teramo klappbarer K\u00fcchentisch - Eurotrail","description":"Praktischer klappbarer K\u00fcchentisch.Robuste und stabile Platte und eine zus\u00e4tzliche Ablage f\u00fcr die Pfannen.Einfach und schnell aufzubauen und ideal f\u00fcr unterwegs","robots":{"index":"index","follow":"follow","max-snippet":"max-snippet:-1","max-image-preview":"max-image-preview:large","max-video-preview":"max-video-preview:-1"},"canonical":"https:\/\/eurotrail.info\/de\/producten\/campingmoebel\/campingschraenke\/teramo-klappbarer-kuechentisch\/","og_locale":"de_DE","og_type":"article","og_title":"Teramo klappbarer K\u00fcchentisch - Eurotrail","og_description":"Praktischer klappbarer K\u00fcchentisch.Robuste und stabile Platte und eine zus\u00e4tzliche Ablage f\u00fcr die Pfannen.Einfach und schnell aufzubauen und ideal f\u00fcr unterwegs","og_url":"https:\/\/eurotrail.info\/de\/producten\/campingmoebel\/campingschraenke\/teramo-klappbarer-kuechentisch\/","og_site_name":"Eurotrail","article_modified_time":"2026-03-19T12:24:39+00:00","og_image":[{"width":1724,"height":2560,"url":"https:\/\/eurotrail.info\/wp\/wp-content\/uploads\/2022\/11\/teramo-3-scaled.jpg","type":"image\/jpeg"}],"twitter_card":"summary_large_image","twitter_misc":{"Gesch\u00e4tzte Lesezeit":"2\u00a0Minuten"},"schema":{"@context":"https:\/\/schema.org","@graph":[{"@type":"WebPage","@id":"https:\/\/eurotrail.info\/de\/producten\/campingmoebel\/campingschraenke\/teramo-klappbarer-kuechentisch\/","url":"https:\/\/eurotrail.info\/de\/producten\/campingmoebel\/campingschraenke\/teramo-klappbarer-kuechentisch\/","name":"Teramo klappbarer K\u00fcchentisch - Eurotrail","isPartOf":{"@id":"https:\/\/eurotrail.info\/#website"},"primaryImageOfPage":{"@id":"https:\/\/eurotrail.info\/de\/producten\/campingmoebel\/campingschraenke\/teramo-klappbarer-kuechentisch\/#primaryimage"},"image":{"@id":"https:\/\/eurotrail.info\/de\/producten\/campingmoebel\/campingschraenke\/teramo-klappbarer-kuechentisch\/#primaryimage"},"thumbnailUrl":"https:\/\/eurotrail.info\/wp\/wp-content\/uploads\/2022\/11\/teramo-3-scaled.jpg","datePublished":"2022-11-03T16:29:10+00:00","dateModified":"2026-03-19T12:24:39+00:00","description":"Praktischer klappbarer K\u00fcchentisch.Robuste und stabile Platte und eine zus\u00e4tzliche Ablage f\u00fcr die Pfannen.Einfach und schnell aufzubauen und ideal f\u00fcr unterwegs","breadcrumb":{"@id":"https:\/\/eurotrail.info\/de\/producten\/campingmoebel\/campingschraenke\/teramo-klappbarer-kuechentisch\/#breadcrumb"},"inLanguage":"de","potentialAction":[{"@type":"ReadAction","target":["https:\/\/eurotrail.info\/de\/producten\/campingmoebel\/campingschraenke\/teramo-klappbarer-kuechentisch\/"]}]},{"@type":"ImageObject","inLanguage":"de","@id":"https:\/\/eurotrail.info\/de\/producten\/campingmoebel\/campingschraenke\/teramo-klappbarer-kuechentisch\/#primaryimage","url":"https:\/\/eurotrail.info\/wp\/wp-content\/uploads\/2022\/11\/teramo-3-scaled.jpg","contentUrl":"https:\/\/eurotrail.info\/wp\/wp-content\/uploads\/2022\/11\/teramo-3-scaled.jpg","width":1724,"height":2560,"caption":"Eurotrail Teramo opvouwbare keukentafel"},{"@type":"BreadcrumbList","@id":"https:\/\/eurotrail.info\/de\/producten\/campingmoebel\/campingschraenke\/teramo-klappbarer-kuechentisch\/#breadcrumb","itemListElement":[{"@type":"ListItem","position":1,"name":"Home","item":"https:\/\/eurotrail.info\/de\/"},{"@type":"ListItem","position":2,"name":"Produkte","item":"https:\/\/eurotrail.info\/de\/produkte\/"},{"@type":"ListItem","position":3,"name":"Teramo klappbarer K\u00fcchentisch"}]},{"@type":"WebSite","@id":"https:\/\/eurotrail.info\/#website","url":"https:\/\/eurotrail.info\/","name":"Eurotrail","description":"","publisher":{"@id":"https:\/\/eurotrail.info\/#organization"},"potentialAction":[{"@type":"SearchAction","target":{"@type":"EntryPoint","urlTemplate":"https:\/\/eurotrail.info\/?s={search_term_string}"},"query-input":{"@type":"PropertyValueSpecification","valueRequired":true,"valueName":"search_term_string"}}],"inLanguage":"de"},{"@type":"Organization","@id":"https:\/\/eurotrail.info\/#organization","name":"Eurotrail","url":"https:\/\/eurotrail.info\/","logo":{"@type":"ImageObject","inLanguage":"de","@id":"https:\/\/eurotrail.info\/#\/schema\/logo\/image\/","url":"https:\/\/eurotrail.info\/wp\/wp-content\/uploads\/2023\/07\/ET-logo-quote_NL-scaled.jpg","contentUrl":"https:\/\/eurotrail.info\/wp\/wp-content\/uploads\/2023\/07\/ET-logo-quote_NL-scaled.jpg","width":2560,"height":675,"caption":"Eurotrail"},"image":{"@id":"https:\/\/eurotrail.info\/#\/schema\/logo\/image\/"}}]}},"_links":{"self":[{"href":"https:\/\/eurotrail.info\/de\/wp-json\/wp\/v2\/product\/20624","targetHints":{"allow":["GET"]}}],"collection":[{"href":"https:\/\/eurotrail.info\/de\/wp-json\/wp\/v2\/product"}],"about":[{"href":"https:\/\/eurotrail.info\/de\/wp-json\/wp\/v2\/types\/product"}],"replies":[{"embeddable":true,"href":"https:\/\/eurotrail.info\/de\/wp-json\/wp\/v2\/comments?post=20624"}],"wp:featuredmedia":[{"embeddable":true,"href":"https:\/\/eurotrail.info\/de\/wp-json\/wp\/v2\/media\/20639"}],"wp:attachment":[{"href":"https:\/\/eurotrail.info\/de\/wp-json\/wp\/v2\/media?parent=20624"}],"wp:term":[{"taxonomy":"product_brand","embeddable":true,"href":"https:\/\/eurotrail.info\/de\/wp-json\/wp\/v2\/product_brand?post=20624"},{"taxonomy":"product_cat","embeddable":true,"href":"https:\/\/eurotrail.info\/de\/wp-json\/wp\/v2\/product_cat?post=20624"},{"taxonomy":"product_tag","embeddable":true,"href":"https:\/\/eurotrail.info\/de\/wp-json\/wp\/v2\/product_tag?post=20624"}],"curies":[{"name":"wp","href":"https:\/\/api.w.org\/{rel}","templated":true}]}}