{"id":20672,"date":"2022-11-17T14:28:26","date_gmt":"2022-11-17T13:38:16","guid":{"rendered":"https:\/\/eurotrail.info\/?post_type=product&#038;p=20672"},"modified":"2022-11-17T14:40:26","modified_gmt":"2022-11-17T13:40:26","slug":"mueckenzelt-fjord","status":"publish","type":"product","link":"https:\/\/eurotrail.info\/de\/producten\/wohnwagenwohnmobilebus\/sonnendaecher\/mueckenzelt-fjord\/","title":{"rendered":"M\u00fcckenzelt Fjord"},"content":{"rendered":"<p>Mit diesem Moskitonetz verwandeln Sie Ihr Vorzelt in eine insektenfreie Zone! Einfache Befestigung an Ihrem Fjord-Vorzelt mit Klettverschluss. Zentrale Eingangst\u00fcr mit Rei\u00dfverschluss. Ausgestattet mit Bindeschlaufen zur Befestigung an Markisenstange oder Schubstange. Erh\u00e4ltlich in 2 Gr\u00f6\u00dfen f\u00fcr das Fjord 260 oder das Fjord 300 Vorzelt.<br \/>\nDas Fliegenschutzhaus Fjord sorgt daf\u00fcr, dass Sie die Natur ohne l\u00e4stige Insekten in vollen Z\u00fcgen genie\u00dfen k\u00f6nnen.<\/p>\n<p>Material: 100 % Polyester-Mesh \/ 100 % 185T Polyester<br \/>\nGr\u00f6\u00dfe: 45 x 45 x 6 cm<br \/>\nFjord 260: 260 x 240 cm, Gewicht 3,5 kg<br \/>\nFjord 300: 300 x 240 cm, Gewicht 3,7 kg<\/p>\n<p><a href=\"https:\/\/youtu.be\/XqS2MUqmnPU\">Opbouwschema\/manual\/Aufbauanleitung\/Horario de construccion Fjord Screen house\u00a0<\/a><\/p>\n","protected":false},"excerpt":{"rendered":"<p>Mit diesem Moskitonetz verwandeln Sie Ihr Vorzelt in eine insektenfreie Zone! Einfache Befestigung an Ihrem Fjord-Vorzelt mit Klettverschluss. Zentrale Eingangst\u00fcr mit Rei\u00dfverschluss. Ausgestattet mit Bindeschlaufen&hellip;<\/p>\n","protected":false},"featured_media":20668,"comment_status":"open","ping_status":"closed","template":"","meta":{"_acf_changed":false},"product_brand":[],"product_cat":[75,71],"product_tag":[],"class_list":{"0":"post-20672","1":"product","2":"type-product","3":"status-publish","4":"has-post-thumbnail","6":"product_cat-sonnendaecher","7":"product_cat-wohnwagenwohnmobilebus","9":"first","10":"instock","11":"shipping-taxable","12":"product-type-simple"},"acf":[],"yoast_head":"<!-- This site is optimized with the Yoast SEO plugin v27.4 - https:\/\/yoast.com\/product\/yoast-seo-wordpress\/ -->\n<title>M\u00fcckenzelt Fjord - Eurotrail<\/title>\n<meta name=\"description\" content=\"Mit diesem Moskitonetz verwandeln Sie Ihr Vorzelt in eine insektenfreie Zone! Einfache Befestigung an Ihrem Fjord-Vorzelt mit Klettverschluss.\" \/>\n<meta name=\"robots\" content=\"index, follow, max-snippet:-1, max-image-preview:large, max-video-preview:-1\" \/>\n<link rel=\"canonical\" href=\"https:\/\/eurotrail.info\/de\/producten\/wohnwagenwohnmobilebus\/sonnendaecher\/mueckenzelt-fjord\/\" \/>\n<meta property=\"og:locale\" content=\"de_DE\" \/>\n<meta property=\"og:type\" content=\"article\" \/>\n<meta property=\"og:title\" content=\"M\u00fcckenzelt Fjord - Eurotrail\" \/>\n<meta property=\"og:description\" content=\"Mit diesem Moskitonetz verwandeln Sie Ihr Vorzelt in eine insektenfreie Zone! Einfache Befestigung an Ihrem Fjord-Vorzelt mit Klettverschluss.\" \/>\n<meta property=\"og:url\" content=\"https:\/\/eurotrail.info\/de\/producten\/wohnwagenwohnmobilebus\/sonnendaecher\/mueckenzelt-fjord\/\" \/>\n<meta property=\"og:site_name\" content=\"Eurotrail\" \/>\n<meta property=\"article:modified_time\" content=\"2022-11-17T13:40:26+00:00\" \/>\n<meta property=\"og:image\" content=\"https:\/\/eurotrail.info\/wp\/wp-content\/uploads\/2022\/11\/IMG_1635-KLEIN.jpg\" \/>\n\t<meta property=\"og:image:width\" content=\"2319\" \/>\n\t<meta property=\"og:image:height\" content=\"1491\" \/>\n\t<meta property=\"og:image:type\" content=\"image\/jpeg\" \/>\n<meta name=\"twitter:card\" content=\"summary_large_image\" \/>\n<meta name=\"twitter:label1\" content=\"Gesch\u00e4tzte Lesezeit\" \/>\n\t<meta name=\"twitter:data1\" content=\"1\u00a0Minute\" \/>\n<script type=\"application\/ld+json\" class=\"yoast-schema-graph\">{\"@context\":\"https:\\\/\\\/schema.org\",\"@graph\":[{\"@type\":\"WebPage\",\"@id\":\"https:\\\/\\\/eurotrail.info\\\/de\\\/producten\\\/wohnwagenwohnmobilebus\\\/sonnendaecher\\\/mueckenzelt-fjord\\\/\",\"url\":\"https:\\\/\\\/eurotrail.info\\\/de\\\/producten\\\/wohnwagenwohnmobilebus\\\/sonnendaecher\\\/mueckenzelt-fjord\\\/\",\"name\":\"M\u00fcckenzelt Fjord - Eurotrail\",\"isPartOf\":{\"@id\":\"https:\\\/\\\/eurotrail.info\\\/#website\"},\"primaryImageOfPage\":{\"@id\":\"https:\\\/\\\/eurotrail.info\\\/de\\\/producten\\\/wohnwagenwohnmobilebus\\\/sonnendaecher\\\/mueckenzelt-fjord\\\/#primaryimage\"},\"image\":{\"@id\":\"https:\\\/\\\/eurotrail.info\\\/de\\\/producten\\\/wohnwagenwohnmobilebus\\\/sonnendaecher\\\/mueckenzelt-fjord\\\/#primaryimage\"},\"thumbnailUrl\":\"https:\\\/\\\/eurotrail.info\\\/wp\\\/wp-content\\\/uploads\\\/2022\\\/11\\\/IMG_1635-KLEIN.jpg\",\"datePublished\":\"2022-11-17T13:38:16+00:00\",\"dateModified\":\"2022-11-17T13:40:26+00:00\",\"description\":\"Mit diesem Moskitonetz verwandeln Sie Ihr Vorzelt in eine insektenfreie Zone! Einfache Befestigung an Ihrem Fjord-Vorzelt mit Klettverschluss.\",\"breadcrumb\":{\"@id\":\"https:\\\/\\\/eurotrail.info\\\/de\\\/producten\\\/wohnwagenwohnmobilebus\\\/sonnendaecher\\\/mueckenzelt-fjord\\\/#breadcrumb\"},\"inLanguage\":\"de\",\"potentialAction\":[{\"@type\":\"ReadAction\",\"target\":[\"https:\\\/\\\/eurotrail.info\\\/de\\\/producten\\\/wohnwagenwohnmobilebus\\\/sonnendaecher\\\/mueckenzelt-fjord\\\/\"]}]},{\"@type\":\"ImageObject\",\"inLanguage\":\"de\",\"@id\":\"https:\\\/\\\/eurotrail.info\\\/de\\\/producten\\\/wohnwagenwohnmobilebus\\\/sonnendaecher\\\/mueckenzelt-fjord\\\/#primaryimage\",\"url\":\"https:\\\/\\\/eurotrail.info\\\/wp\\\/wp-content\\\/uploads\\\/2022\\\/11\\\/IMG_1635-KLEIN.jpg\",\"contentUrl\":\"https:\\\/\\\/eurotrail.info\\\/wp\\\/wp-content\\\/uploads\\\/2022\\\/11\\\/IMG_1635-KLEIN.jpg\",\"width\":2319,\"height\":1491,\"caption\":\"Eurotrail Fjord screen house\"},{\"@type\":\"BreadcrumbList\",\"@id\":\"https:\\\/\\\/eurotrail.info\\\/de\\\/producten\\\/wohnwagenwohnmobilebus\\\/sonnendaecher\\\/mueckenzelt-fjord\\\/#breadcrumb\",\"itemListElement\":[{\"@type\":\"ListItem\",\"position\":1,\"name\":\"Home\",\"item\":\"https:\\\/\\\/eurotrail.info\\\/de\\\/\"},{\"@type\":\"ListItem\",\"position\":2,\"name\":\"Produkte\",\"item\":\"https:\\\/\\\/eurotrail.info\\\/de\\\/produkte\\\/\"},{\"@type\":\"ListItem\",\"position\":3,\"name\":\"M\u00fcckenzelt Fjord\"}]},{\"@type\":\"WebSite\",\"@id\":\"https:\\\/\\\/eurotrail.info\\\/#website\",\"url\":\"https:\\\/\\\/eurotrail.info\\\/\",\"name\":\"Eurotrail\",\"description\":\"\",\"publisher\":{\"@id\":\"https:\\\/\\\/eurotrail.info\\\/#organization\"},\"potentialAction\":[{\"@type\":\"SearchAction\",\"target\":{\"@type\":\"EntryPoint\",\"urlTemplate\":\"https:\\\/\\\/eurotrail.info\\\/?s={search_term_string}\"},\"query-input\":{\"@type\":\"PropertyValueSpecification\",\"valueRequired\":true,\"valueName\":\"search_term_string\"}}],\"inLanguage\":\"de\"},{\"@type\":\"Organization\",\"@id\":\"https:\\\/\\\/eurotrail.info\\\/#organization\",\"name\":\"Eurotrail\",\"url\":\"https:\\\/\\\/eurotrail.info\\\/\",\"logo\":{\"@type\":\"ImageObject\",\"inLanguage\":\"de\",\"@id\":\"https:\\\/\\\/eurotrail.info\\\/#\\\/schema\\\/logo\\\/image\\\/\",\"url\":\"https:\\\/\\\/eurotrail.info\\\/wp\\\/wp-content\\\/uploads\\\/2023\\\/07\\\/ET-logo-quote_NL-scaled.jpg\",\"contentUrl\":\"https:\\\/\\\/eurotrail.info\\\/wp\\\/wp-content\\\/uploads\\\/2023\\\/07\\\/ET-logo-quote_NL-scaled.jpg\",\"width\":2560,\"height\":675,\"caption\":\"Eurotrail\"},\"image\":{\"@id\":\"https:\\\/\\\/eurotrail.info\\\/#\\\/schema\\\/logo\\\/image\\\/\"}}]}<\/script>\n<!-- \/ Yoast SEO plugin. -->","yoast_head_json":{"title":"M\u00fcckenzelt Fjord - Eurotrail","description":"Mit diesem Moskitonetz verwandeln Sie Ihr Vorzelt in eine insektenfreie Zone! Einfache Befestigung an Ihrem Fjord-Vorzelt mit Klettverschluss.","robots":{"index":"index","follow":"follow","max-snippet":"max-snippet:-1","max-image-preview":"max-image-preview:large","max-video-preview":"max-video-preview:-1"},"canonical":"https:\/\/eurotrail.info\/de\/producten\/wohnwagenwohnmobilebus\/sonnendaecher\/mueckenzelt-fjord\/","og_locale":"de_DE","og_type":"article","og_title":"M\u00fcckenzelt Fjord - Eurotrail","og_description":"Mit diesem Moskitonetz verwandeln Sie Ihr Vorzelt in eine insektenfreie Zone! Einfache Befestigung an Ihrem Fjord-Vorzelt mit Klettverschluss.","og_url":"https:\/\/eurotrail.info\/de\/producten\/wohnwagenwohnmobilebus\/sonnendaecher\/mueckenzelt-fjord\/","og_site_name":"Eurotrail","article_modified_time":"2022-11-17T13:40:26+00:00","og_image":[{"width":2319,"height":1491,"url":"https:\/\/eurotrail.info\/wp\/wp-content\/uploads\/2022\/11\/IMG_1635-KLEIN.jpg","type":"image\/jpeg"}],"twitter_card":"summary_large_image","twitter_misc":{"Gesch\u00e4tzte Lesezeit":"1\u00a0Minute"},"schema":{"@context":"https:\/\/schema.org","@graph":[{"@type":"WebPage","@id":"https:\/\/eurotrail.info\/de\/producten\/wohnwagenwohnmobilebus\/sonnendaecher\/mueckenzelt-fjord\/","url":"https:\/\/eurotrail.info\/de\/producten\/wohnwagenwohnmobilebus\/sonnendaecher\/mueckenzelt-fjord\/","name":"M\u00fcckenzelt Fjord - Eurotrail","isPartOf":{"@id":"https:\/\/eurotrail.info\/#website"},"primaryImageOfPage":{"@id":"https:\/\/eurotrail.info\/de\/producten\/wohnwagenwohnmobilebus\/sonnendaecher\/mueckenzelt-fjord\/#primaryimage"},"image":{"@id":"https:\/\/eurotrail.info\/de\/producten\/wohnwagenwohnmobilebus\/sonnendaecher\/mueckenzelt-fjord\/#primaryimage"},"thumbnailUrl":"https:\/\/eurotrail.info\/wp\/wp-content\/uploads\/2022\/11\/IMG_1635-KLEIN.jpg","datePublished":"2022-11-17T13:38:16+00:00","dateModified":"2022-11-17T13:40:26+00:00","description":"Mit diesem Moskitonetz verwandeln Sie Ihr Vorzelt in eine insektenfreie Zone! Einfache Befestigung an Ihrem Fjord-Vorzelt mit Klettverschluss.","breadcrumb":{"@id":"https:\/\/eurotrail.info\/de\/producten\/wohnwagenwohnmobilebus\/sonnendaecher\/mueckenzelt-fjord\/#breadcrumb"},"inLanguage":"de","potentialAction":[{"@type":"ReadAction","target":["https:\/\/eurotrail.info\/de\/producten\/wohnwagenwohnmobilebus\/sonnendaecher\/mueckenzelt-fjord\/"]}]},{"@type":"ImageObject","inLanguage":"de","@id":"https:\/\/eurotrail.info\/de\/producten\/wohnwagenwohnmobilebus\/sonnendaecher\/mueckenzelt-fjord\/#primaryimage","url":"https:\/\/eurotrail.info\/wp\/wp-content\/uploads\/2022\/11\/IMG_1635-KLEIN.jpg","contentUrl":"https:\/\/eurotrail.info\/wp\/wp-content\/uploads\/2022\/11\/IMG_1635-KLEIN.jpg","width":2319,"height":1491,"caption":"Eurotrail Fjord screen house"},{"@type":"BreadcrumbList","@id":"https:\/\/eurotrail.info\/de\/producten\/wohnwagenwohnmobilebus\/sonnendaecher\/mueckenzelt-fjord\/#breadcrumb","itemListElement":[{"@type":"ListItem","position":1,"name":"Home","item":"https:\/\/eurotrail.info\/de\/"},{"@type":"ListItem","position":2,"name":"Produkte","item":"https:\/\/eurotrail.info\/de\/produkte\/"},{"@type":"ListItem","position":3,"name":"M\u00fcckenzelt Fjord"}]},{"@type":"WebSite","@id":"https:\/\/eurotrail.info\/#website","url":"https:\/\/eurotrail.info\/","name":"Eurotrail","description":"","publisher":{"@id":"https:\/\/eurotrail.info\/#organization"},"potentialAction":[{"@type":"SearchAction","target":{"@type":"EntryPoint","urlTemplate":"https:\/\/eurotrail.info\/?s={search_term_string}"},"query-input":{"@type":"PropertyValueSpecification","valueRequired":true,"valueName":"search_term_string"}}],"inLanguage":"de"},{"@type":"Organization","@id":"https:\/\/eurotrail.info\/#organization","name":"Eurotrail","url":"https:\/\/eurotrail.info\/","logo":{"@type":"ImageObject","inLanguage":"de","@id":"https:\/\/eurotrail.info\/#\/schema\/logo\/image\/","url":"https:\/\/eurotrail.info\/wp\/wp-content\/uploads\/2023\/07\/ET-logo-quote_NL-scaled.jpg","contentUrl":"https:\/\/eurotrail.info\/wp\/wp-content\/uploads\/2023\/07\/ET-logo-quote_NL-scaled.jpg","width":2560,"height":675,"caption":"Eurotrail"},"image":{"@id":"https:\/\/eurotrail.info\/#\/schema\/logo\/image\/"}}]}},"_links":{"self":[{"href":"https:\/\/eurotrail.info\/de\/wp-json\/wp\/v2\/product\/20672","targetHints":{"allow":["GET"]}}],"collection":[{"href":"https:\/\/eurotrail.info\/de\/wp-json\/wp\/v2\/product"}],"about":[{"href":"https:\/\/eurotrail.info\/de\/wp-json\/wp\/v2\/types\/product"}],"replies":[{"embeddable":true,"href":"https:\/\/eurotrail.info\/de\/wp-json\/wp\/v2\/comments?post=20672"}],"wp:featuredmedia":[{"embeddable":true,"href":"https:\/\/eurotrail.info\/de\/wp-json\/wp\/v2\/media\/20668"}],"wp:attachment":[{"href":"https:\/\/eurotrail.info\/de\/wp-json\/wp\/v2\/media?parent=20672"}],"wp:term":[{"taxonomy":"product_brand","embeddable":true,"href":"https:\/\/eurotrail.info\/de\/wp-json\/wp\/v2\/product_brand?post=20672"},{"taxonomy":"product_cat","embeddable":true,"href":"https:\/\/eurotrail.info\/de\/wp-json\/wp\/v2\/product_cat?post=20672"},{"taxonomy":"product_tag","embeddable":true,"href":"https:\/\/eurotrail.info\/de\/wp-json\/wp\/v2\/product_tag?post=20672"}],"curies":[{"name":"wp","href":"https:\/\/api.w.org\/{rel}","templated":true}]}}