{"id":20699,"date":"2022-11-17T15:08:39","date_gmt":"2022-11-17T14:27:27","guid":{"rendered":"https:\/\/eurotrail.info\/?post_type=product&#038;p=20699"},"modified":"2022-11-17T15:27:27","modified_gmt":"2022-11-17T14:27:27","slug":"nova-lecce-kochtisch","status":"publish","type":"product","link":"https:\/\/eurotrail.info\/de\/producten\/campingmoebel\/kuechenschraenken\/nova-lecce-kochtisch\/","title":{"rendered":"Nova Lecce Kochtisch"},"content":{"rendered":"<p>Klappbarer Kochtisch mit Bambusplatte und Windschutz. Gro\u00dfes Fach mit 2 Ebenen. Hergestellt aus Polyester-Mischgewebe und robusten Dielen in Bambus-Optik. Zusammen mit dem Bambusdach und der Windschutzscheibe bieten sie einen luxuri\u00f6sen Look. Die R\u00fcckseite des Geh\u00e4uses hat ein Mesh zur Bel\u00fcftung. Der Aluminiumrahmen ist verstellbar und wird mit Windschutz und Aufbewahrungstasche geliefert.<\/p>\n<p>Gr\u00f6\u00dfe: 80 x 49 x 87 cm<br \/>\nGefaltet: 80 x 50 x 10 cm<br \/>\nMaterial: 100 % Polyester\/Bambus<br \/>\nRahmen: Aluminium<br \/>\nDeckblatt: Bambusrolle\/Blatt<br \/>\nWindschutzscheibe: Stahlblech<br \/>\nMaximale Belastung: 25 kg.<br \/>\nGewicht: 8,4 kg.<\/p>\n","protected":false},"excerpt":{"rendered":"<p>Klappbarer Kochtisch mit Bambusplatte und Windschutz. Gro\u00dfes Fach mit 2 Ebenen. Hergestellt aus Polyester-Mischgewebe und robusten Dielen in Bambus-Optik. Zusammen mit dem Bambusdach und der&hellip;<\/p>\n","protected":false},"featured_media":20892,"comment_status":"open","ping_status":"closed","template":"","meta":{"_acf_changed":false},"product_brand":[],"product_cat":[82,86],"product_tag":[],"class_list":{"0":"post-20699","1":"product","2":"type-product","3":"status-publish","4":"has-post-thumbnail","6":"product_cat-campingmoebel","7":"product_cat-kuechenschraenken","9":"first","10":"instock","11":"shipping-taxable","12":"product-type-simple"},"acf":[],"yoast_head":"<!-- This site is optimized with the Yoast SEO plugin v27.4 - https:\/\/yoast.com\/product\/yoast-seo-wordpress\/ -->\n<title>Nova Lecce Kochtisch - Eurotrail<\/title>\n<meta name=\"description\" content=\"Klappbarer Kochtisch mit Bambusplatte und Windschutz. Gro\u00dfes Fach mit 2 Ebenen. Hergestellt aus Polyester-Mischgewebe und robusten Dielen in Bambus-Optik\" \/>\n<meta name=\"robots\" content=\"index, follow, max-snippet:-1, max-image-preview:large, max-video-preview:-1\" \/>\n<link rel=\"canonical\" href=\"https:\/\/eurotrail.info\/de\/producten\/campingmoebel\/kuechenschraenken\/nova-lecce-kochtisch\/\" \/>\n<meta property=\"og:locale\" content=\"de_DE\" \/>\n<meta property=\"og:type\" content=\"article\" \/>\n<meta property=\"og:title\" content=\"Nova Lecce Kochtisch - Eurotrail\" \/>\n<meta property=\"og:description\" content=\"Klappbarer Kochtisch mit Bambusplatte und Windschutz. Gro\u00dfes Fach mit 2 Ebenen. Hergestellt aus Polyester-Mischgewebe und robusten Dielen in Bambus-Optik\" \/>\n<meta property=\"og:url\" content=\"https:\/\/eurotrail.info\/de\/producten\/campingmoebel\/kuechenschraenken\/nova-lecce-kochtisch\/\" \/>\n<meta property=\"og:site_name\" content=\"Eurotrail\" \/>\n<meta property=\"og:image\" content=\"https:\/\/eurotrail.info\/wp\/wp-content\/uploads\/2022\/11\/nova-lecce-6-scaled.jpg\" \/>\n\t<meta property=\"og:image:width\" content=\"1805\" \/>\n\t<meta property=\"og:image:height\" content=\"2560\" \/>\n\t<meta property=\"og:image:type\" content=\"image\/jpeg\" \/>\n<meta name=\"twitter:card\" content=\"summary_large_image\" \/>\n<meta name=\"twitter:label1\" content=\"Gesch\u00e4tzte Lesezeit\" \/>\n\t<meta name=\"twitter:data1\" content=\"1\u00a0Minute\" \/>\n<script type=\"application\/ld+json\" class=\"yoast-schema-graph\">{\"@context\":\"https:\\\/\\\/schema.org\",\"@graph\":[{\"@type\":\"WebPage\",\"@id\":\"https:\\\/\\\/eurotrail.info\\\/de\\\/producten\\\/campingmoebel\\\/kuechenschraenken\\\/nova-lecce-kochtisch\\\/\",\"url\":\"https:\\\/\\\/eurotrail.info\\\/de\\\/producten\\\/campingmoebel\\\/kuechenschraenken\\\/nova-lecce-kochtisch\\\/\",\"name\":\"Nova Lecce Kochtisch - Eurotrail\",\"isPartOf\":{\"@id\":\"https:\\\/\\\/eurotrail.info\\\/#website\"},\"primaryImageOfPage\":{\"@id\":\"https:\\\/\\\/eurotrail.info\\\/de\\\/producten\\\/campingmoebel\\\/kuechenschraenken\\\/nova-lecce-kochtisch\\\/#primaryimage\"},\"image\":{\"@id\":\"https:\\\/\\\/eurotrail.info\\\/de\\\/producten\\\/campingmoebel\\\/kuechenschraenken\\\/nova-lecce-kochtisch\\\/#primaryimage\"},\"thumbnailUrl\":\"https:\\\/\\\/eurotrail.info\\\/wp\\\/wp-content\\\/uploads\\\/2022\\\/11\\\/nova-lecce-6-scaled.jpg\",\"datePublished\":\"2022-11-17T14:27:27+00:00\",\"description\":\"Klappbarer Kochtisch mit Bambusplatte und Windschutz. Gro\u00dfes Fach mit 2 Ebenen. Hergestellt aus Polyester-Mischgewebe und robusten Dielen in Bambus-Optik\",\"breadcrumb\":{\"@id\":\"https:\\\/\\\/eurotrail.info\\\/de\\\/producten\\\/campingmoebel\\\/kuechenschraenken\\\/nova-lecce-kochtisch\\\/#breadcrumb\"},\"inLanguage\":\"de\",\"potentialAction\":[{\"@type\":\"ReadAction\",\"target\":[\"https:\\\/\\\/eurotrail.info\\\/de\\\/producten\\\/campingmoebel\\\/kuechenschraenken\\\/nova-lecce-kochtisch\\\/\"]}]},{\"@type\":\"ImageObject\",\"inLanguage\":\"de\",\"@id\":\"https:\\\/\\\/eurotrail.info\\\/de\\\/producten\\\/campingmoebel\\\/kuechenschraenken\\\/nova-lecce-kochtisch\\\/#primaryimage\",\"url\":\"https:\\\/\\\/eurotrail.info\\\/wp\\\/wp-content\\\/uploads\\\/2022\\\/11\\\/nova-lecce-6-scaled.jpg\",\"contentUrl\":\"https:\\\/\\\/eurotrail.info\\\/wp\\\/wp-content\\\/uploads\\\/2022\\\/11\\\/nova-lecce-6-scaled.jpg\",\"width\":1805,\"height\":2560,\"caption\":\"Eurotrail Nova Lecce kookkast\"},{\"@type\":\"BreadcrumbList\",\"@id\":\"https:\\\/\\\/eurotrail.info\\\/de\\\/producten\\\/campingmoebel\\\/kuechenschraenken\\\/nova-lecce-kochtisch\\\/#breadcrumb\",\"itemListElement\":[{\"@type\":\"ListItem\",\"position\":1,\"name\":\"Home\",\"item\":\"https:\\\/\\\/eurotrail.info\\\/de\\\/\"},{\"@type\":\"ListItem\",\"position\":2,\"name\":\"Produkte\",\"item\":\"https:\\\/\\\/eurotrail.info\\\/de\\\/produkte\\\/\"},{\"@type\":\"ListItem\",\"position\":3,\"name\":\"Nova Lecce Kochtisch\"}]},{\"@type\":\"WebSite\",\"@id\":\"https:\\\/\\\/eurotrail.info\\\/#website\",\"url\":\"https:\\\/\\\/eurotrail.info\\\/\",\"name\":\"Eurotrail\",\"description\":\"\",\"publisher\":{\"@id\":\"https:\\\/\\\/eurotrail.info\\\/#organization\"},\"potentialAction\":[{\"@type\":\"SearchAction\",\"target\":{\"@type\":\"EntryPoint\",\"urlTemplate\":\"https:\\\/\\\/eurotrail.info\\\/?s={search_term_string}\"},\"query-input\":{\"@type\":\"PropertyValueSpecification\",\"valueRequired\":true,\"valueName\":\"search_term_string\"}}],\"inLanguage\":\"de\"},{\"@type\":\"Organization\",\"@id\":\"https:\\\/\\\/eurotrail.info\\\/#organization\",\"name\":\"Eurotrail\",\"url\":\"https:\\\/\\\/eurotrail.info\\\/\",\"logo\":{\"@type\":\"ImageObject\",\"inLanguage\":\"de\",\"@id\":\"https:\\\/\\\/eurotrail.info\\\/#\\\/schema\\\/logo\\\/image\\\/\",\"url\":\"https:\\\/\\\/eurotrail.info\\\/wp\\\/wp-content\\\/uploads\\\/2023\\\/07\\\/ET-logo-quote_NL-scaled.jpg\",\"contentUrl\":\"https:\\\/\\\/eurotrail.info\\\/wp\\\/wp-content\\\/uploads\\\/2023\\\/07\\\/ET-logo-quote_NL-scaled.jpg\",\"width\":2560,\"height\":675,\"caption\":\"Eurotrail\"},\"image\":{\"@id\":\"https:\\\/\\\/eurotrail.info\\\/#\\\/schema\\\/logo\\\/image\\\/\"}}]}<\/script>\n<!-- \/ Yoast SEO plugin. -->","yoast_head_json":{"title":"Nova Lecce Kochtisch - Eurotrail","description":"Klappbarer Kochtisch mit Bambusplatte und Windschutz. Gro\u00dfes Fach mit 2 Ebenen. Hergestellt aus Polyester-Mischgewebe und robusten Dielen in Bambus-Optik","robots":{"index":"index","follow":"follow","max-snippet":"max-snippet:-1","max-image-preview":"max-image-preview:large","max-video-preview":"max-video-preview:-1"},"canonical":"https:\/\/eurotrail.info\/de\/producten\/campingmoebel\/kuechenschraenken\/nova-lecce-kochtisch\/","og_locale":"de_DE","og_type":"article","og_title":"Nova Lecce Kochtisch - Eurotrail","og_description":"Klappbarer Kochtisch mit Bambusplatte und Windschutz. Gro\u00dfes Fach mit 2 Ebenen. Hergestellt aus Polyester-Mischgewebe und robusten Dielen in Bambus-Optik","og_url":"https:\/\/eurotrail.info\/de\/producten\/campingmoebel\/kuechenschraenken\/nova-lecce-kochtisch\/","og_site_name":"Eurotrail","og_image":[{"width":1805,"height":2560,"url":"https:\/\/eurotrail.info\/wp\/wp-content\/uploads\/2022\/11\/nova-lecce-6-scaled.jpg","type":"image\/jpeg"}],"twitter_card":"summary_large_image","twitter_misc":{"Gesch\u00e4tzte Lesezeit":"1\u00a0Minute"},"schema":{"@context":"https:\/\/schema.org","@graph":[{"@type":"WebPage","@id":"https:\/\/eurotrail.info\/de\/producten\/campingmoebel\/kuechenschraenken\/nova-lecce-kochtisch\/","url":"https:\/\/eurotrail.info\/de\/producten\/campingmoebel\/kuechenschraenken\/nova-lecce-kochtisch\/","name":"Nova Lecce Kochtisch - Eurotrail","isPartOf":{"@id":"https:\/\/eurotrail.info\/#website"},"primaryImageOfPage":{"@id":"https:\/\/eurotrail.info\/de\/producten\/campingmoebel\/kuechenschraenken\/nova-lecce-kochtisch\/#primaryimage"},"image":{"@id":"https:\/\/eurotrail.info\/de\/producten\/campingmoebel\/kuechenschraenken\/nova-lecce-kochtisch\/#primaryimage"},"thumbnailUrl":"https:\/\/eurotrail.info\/wp\/wp-content\/uploads\/2022\/11\/nova-lecce-6-scaled.jpg","datePublished":"2022-11-17T14:27:27+00:00","description":"Klappbarer Kochtisch mit Bambusplatte und Windschutz. Gro\u00dfes Fach mit 2 Ebenen. Hergestellt aus Polyester-Mischgewebe und robusten Dielen in Bambus-Optik","breadcrumb":{"@id":"https:\/\/eurotrail.info\/de\/producten\/campingmoebel\/kuechenschraenken\/nova-lecce-kochtisch\/#breadcrumb"},"inLanguage":"de","potentialAction":[{"@type":"ReadAction","target":["https:\/\/eurotrail.info\/de\/producten\/campingmoebel\/kuechenschraenken\/nova-lecce-kochtisch\/"]}]},{"@type":"ImageObject","inLanguage":"de","@id":"https:\/\/eurotrail.info\/de\/producten\/campingmoebel\/kuechenschraenken\/nova-lecce-kochtisch\/#primaryimage","url":"https:\/\/eurotrail.info\/wp\/wp-content\/uploads\/2022\/11\/nova-lecce-6-scaled.jpg","contentUrl":"https:\/\/eurotrail.info\/wp\/wp-content\/uploads\/2022\/11\/nova-lecce-6-scaled.jpg","width":1805,"height":2560,"caption":"Eurotrail Nova Lecce kookkast"},{"@type":"BreadcrumbList","@id":"https:\/\/eurotrail.info\/de\/producten\/campingmoebel\/kuechenschraenken\/nova-lecce-kochtisch\/#breadcrumb","itemListElement":[{"@type":"ListItem","position":1,"name":"Home","item":"https:\/\/eurotrail.info\/de\/"},{"@type":"ListItem","position":2,"name":"Produkte","item":"https:\/\/eurotrail.info\/de\/produkte\/"},{"@type":"ListItem","position":3,"name":"Nova Lecce Kochtisch"}]},{"@type":"WebSite","@id":"https:\/\/eurotrail.info\/#website","url":"https:\/\/eurotrail.info\/","name":"Eurotrail","description":"","publisher":{"@id":"https:\/\/eurotrail.info\/#organization"},"potentialAction":[{"@type":"SearchAction","target":{"@type":"EntryPoint","urlTemplate":"https:\/\/eurotrail.info\/?s={search_term_string}"},"query-input":{"@type":"PropertyValueSpecification","valueRequired":true,"valueName":"search_term_string"}}],"inLanguage":"de"},{"@type":"Organization","@id":"https:\/\/eurotrail.info\/#organization","name":"Eurotrail","url":"https:\/\/eurotrail.info\/","logo":{"@type":"ImageObject","inLanguage":"de","@id":"https:\/\/eurotrail.info\/#\/schema\/logo\/image\/","url":"https:\/\/eurotrail.info\/wp\/wp-content\/uploads\/2023\/07\/ET-logo-quote_NL-scaled.jpg","contentUrl":"https:\/\/eurotrail.info\/wp\/wp-content\/uploads\/2023\/07\/ET-logo-quote_NL-scaled.jpg","width":2560,"height":675,"caption":"Eurotrail"},"image":{"@id":"https:\/\/eurotrail.info\/#\/schema\/logo\/image\/"}}]}},"_links":{"self":[{"href":"https:\/\/eurotrail.info\/de\/wp-json\/wp\/v2\/product\/20699","targetHints":{"allow":["GET"]}}],"collection":[{"href":"https:\/\/eurotrail.info\/de\/wp-json\/wp\/v2\/product"}],"about":[{"href":"https:\/\/eurotrail.info\/de\/wp-json\/wp\/v2\/types\/product"}],"replies":[{"embeddable":true,"href":"https:\/\/eurotrail.info\/de\/wp-json\/wp\/v2\/comments?post=20699"}],"wp:featuredmedia":[{"embeddable":true,"href":"https:\/\/eurotrail.info\/de\/wp-json\/wp\/v2\/media\/20892"}],"wp:attachment":[{"href":"https:\/\/eurotrail.info\/de\/wp-json\/wp\/v2\/media?parent=20699"}],"wp:term":[{"taxonomy":"product_brand","embeddable":true,"href":"https:\/\/eurotrail.info\/de\/wp-json\/wp\/v2\/product_brand?post=20699"},{"taxonomy":"product_cat","embeddable":true,"href":"https:\/\/eurotrail.info\/de\/wp-json\/wp\/v2\/product_cat?post=20699"},{"taxonomy":"product_tag","embeddable":true,"href":"https:\/\/eurotrail.info\/de\/wp-json\/wp\/v2\/product_tag?post=20699"}],"curies":[{"name":"wp","href":"https:\/\/api.w.org\/{rel}","templated":true}]}}