{"id":21026,"date":"2023-01-18T10:06:00","date_gmt":"2023-01-18T09:06:00","guid":{"rendered":"https:\/\/eurotrail.info\/producten\/mount-baker-btc-air-aufblasbar\/"},"modified":"2023-07-27T14:23:59","modified_gmt":"2023-07-27T13:23:59","slug":"mount-baker-btc-air-aufblasbar","status":"publish","type":"product","link":"https:\/\/eurotrail.info\/de\/producten\/zelte\/atmungsaktive-baumwolle-mischgewebe\/mount-baker-btc-air-aufblasbar\/","title":{"rendered":"Mount Baker BTC AIR aufblasbar"},"content":{"rendered":"<p><span lang=\"DE\">Der Mount Baker BTC ist hergestellt aus atmungsaktivem Polyester\/Baumwollmaterial und ist f\u00fcr 5 Personen geeignet. Sehr gro\u00dfer praktischer Wohnraum mit gro\u00dfen abschlie\u00dfbaren Fenstern und einen sch\u00f6nem Panoramablick. Seitent\u00fcr mit Regendach und zus\u00e4tzlicher Netzt\u00fcr f\u00fcr gute Bel\u00fcftung. Der Mount Baker Air ist mit dem AirTube-Aufblassystem f\u00fcr einen einfachen und schnellen Aufbau ausgestattet. Das Wohnzimmer bietet viel Platz f\u00fcr Tisch, St\u00fchle und Gep\u00e4ck. Das tiefe Vordach mit Fenstern bietet Ihnen einen perfekten schattigen Bereich zum Sitzen und Entspannen. Gro\u00dfes Innenzelt mit Trennwand, das in eine ger\u00e4umige 3-Personen- und 2-Personen-Kabine aufgeteilt werden kann und au\u00dferdem \u00fcber einen praktischen Organizer in der Vorderwand und Netztaschen im Inneren verf\u00fcgt. Die vollst\u00e4ndig befestigte Bodenplane sorgt daf\u00fcr, dass Schmutz und Ungeziefer drau\u00dfen bleiben.<\/span><\/p>\n<p><a href=\"https:\/\/youtu.be\/f5YfeBcPHA4\">YouTube Aufbauanleitung Mount Baker Air<\/a><\/p>\n<p>Oberstoff: Polyester\/Baumwolle 65\/35 % atmungsaktiv<br \/>\nInnenzelt: 100 % Polyester<br \/>\nBoden: 100 % Oxford-Polyester, mind. 5000 mm<br \/>\nLuftschl\u00e4uche: \u00d8 12cm<br \/>\nVordachstange: \u00d8 9,5 mm + \u00d8 7,9 mm Aluminium<br \/>\nAbmessungen: 710 x 360 x 210 cm<br \/>\nH\u00f6he: 210 cm<br \/>\nGewicht: 43 kg<br \/>\nVerpackt: 90x70x50cm<\/p>\n","protected":false},"excerpt":{"rendered":"<p>Der Mount Baker BTC ist hergestellt aus atmungsaktivem Polyester\/Baumwollmaterial und ist f\u00fcr 5 Personen geeignet. Sehr gro\u00dfer praktischer Wohnraum mit gro\u00dfen abschlie\u00dfbaren Fenstern und einen&hellip;<\/p>\n","protected":false},"featured_media":21022,"comment_status":"open","ping_status":"closed","template":"","meta":{"_acf_changed":false},"product_brand":[],"product_cat":[99,219,98],"product_tag":[],"class_list":{"0":"post-21026","1":"product","2":"type-product","3":"status-publish","4":"has-post-thumbnail","6":"product_cat-air-tube-zelte","7":"product_cat-atmungsaktive-baumwolle-mischgewebe","8":"product_cat-zelte","10":"first","11":"instock","12":"shipping-taxable","13":"product-type-simple"},"acf":[],"yoast_head":"<!-- This site is optimized with the Yoast SEO plugin v27.4 - https:\/\/yoast.com\/product\/yoast-seo-wordpress\/ -->\n<title>Mount Baker BTC AIR aufblasbar - Eurotrail<\/title>\n<meta name=\"robots\" content=\"index, follow, max-snippet:-1, max-image-preview:large, max-video-preview:-1\" \/>\n<link rel=\"canonical\" href=\"https:\/\/eurotrail.info\/de\/producten\/zelte\/atmungsaktive-baumwolle-mischgewebe\/mount-baker-btc-air-aufblasbar\/\" \/>\n<meta property=\"og:locale\" content=\"de_DE\" \/>\n<meta property=\"og:type\" content=\"article\" \/>\n<meta property=\"og:title\" content=\"Mount Baker BTC AIR aufblasbar - Eurotrail\" \/>\n<meta property=\"og:description\" content=\"Der Mount Baker BTC ist hergestellt aus atmungsaktivem Polyester\/Baumwollmaterial und ist f\u00fcr 5 Personen geeignet. Sehr gro\u00dfer praktischer Wohnraum mit gro\u00dfen abschlie\u00dfbaren Fenstern und einen&hellip;\" \/>\n<meta property=\"og:url\" content=\"https:\/\/eurotrail.info\/de\/producten\/zelte\/atmungsaktive-baumwolle-mischgewebe\/mount-baker-btc-air-aufblasbar\/\" \/>\n<meta property=\"og:site_name\" content=\"Eurotrail\" \/>\n<meta property=\"article:modified_time\" content=\"2023-07-27T13:23:59+00:00\" \/>\n<meta property=\"og:image\" content=\"https:\/\/eurotrail.info\/wp\/wp-content\/uploads\/2023\/01\/ETTE1131_Mount-Baker-Air_sfeer-scaled.jpg\" \/>\n\t<meta property=\"og:image:width\" content=\"2560\" \/>\n\t<meta property=\"og:image:height\" content=\"1707\" \/>\n\t<meta property=\"og:image:type\" content=\"image\/jpeg\" \/>\n<meta name=\"twitter:card\" content=\"summary_large_image\" \/>\n<meta name=\"twitter:label1\" content=\"Gesch\u00e4tzte Lesezeit\" \/>\n\t<meta name=\"twitter:data1\" content=\"1\u00a0Minute\" \/>\n<script type=\"application\/ld+json\" class=\"yoast-schema-graph\">{\"@context\":\"https:\\\/\\\/schema.org\",\"@graph\":[{\"@type\":\"WebPage\",\"@id\":\"https:\\\/\\\/eurotrail.info\\\/de\\\/producten\\\/zelte\\\/atmungsaktive-baumwolle-mischgewebe\\\/mount-baker-btc-air-aufblasbar\\\/\",\"url\":\"https:\\\/\\\/eurotrail.info\\\/de\\\/producten\\\/zelte\\\/atmungsaktive-baumwolle-mischgewebe\\\/mount-baker-btc-air-aufblasbar\\\/\",\"name\":\"Mount Baker BTC AIR aufblasbar - Eurotrail\",\"isPartOf\":{\"@id\":\"https:\\\/\\\/eurotrail.info\\\/#website\"},\"primaryImageOfPage\":{\"@id\":\"https:\\\/\\\/eurotrail.info\\\/de\\\/producten\\\/zelte\\\/atmungsaktive-baumwolle-mischgewebe\\\/mount-baker-btc-air-aufblasbar\\\/#primaryimage\"},\"image\":{\"@id\":\"https:\\\/\\\/eurotrail.info\\\/de\\\/producten\\\/zelte\\\/atmungsaktive-baumwolle-mischgewebe\\\/mount-baker-btc-air-aufblasbar\\\/#primaryimage\"},\"thumbnailUrl\":\"https:\\\/\\\/eurotrail.info\\\/wp\\\/wp-content\\\/uploads\\\/2023\\\/01\\\/ETTE1131_Mount-Baker-Air_sfeer-scaled.jpg\",\"datePublished\":\"2023-01-18T09:06:00+00:00\",\"dateModified\":\"2023-07-27T13:23:59+00:00\",\"breadcrumb\":{\"@id\":\"https:\\\/\\\/eurotrail.info\\\/de\\\/producten\\\/zelte\\\/atmungsaktive-baumwolle-mischgewebe\\\/mount-baker-btc-air-aufblasbar\\\/#breadcrumb\"},\"inLanguage\":\"de\",\"potentialAction\":[{\"@type\":\"ReadAction\",\"target\":[\"https:\\\/\\\/eurotrail.info\\\/de\\\/producten\\\/zelte\\\/atmungsaktive-baumwolle-mischgewebe\\\/mount-baker-btc-air-aufblasbar\\\/\"]}]},{\"@type\":\"ImageObject\",\"inLanguage\":\"de\",\"@id\":\"https:\\\/\\\/eurotrail.info\\\/de\\\/producten\\\/zelte\\\/atmungsaktive-baumwolle-mischgewebe\\\/mount-baker-btc-air-aufblasbar\\\/#primaryimage\",\"url\":\"https:\\\/\\\/eurotrail.info\\\/wp\\\/wp-content\\\/uploads\\\/2023\\\/01\\\/ETTE1131_Mount-Baker-Air_sfeer-scaled.jpg\",\"contentUrl\":\"https:\\\/\\\/eurotrail.info\\\/wp\\\/wp-content\\\/uploads\\\/2023\\\/01\\\/ETTE1131_Mount-Baker-Air_sfeer-scaled.jpg\",\"width\":2560,\"height\":1707,\"caption\":\"Eurotrail Kentucky BTC AIR familietent\"},{\"@type\":\"BreadcrumbList\",\"@id\":\"https:\\\/\\\/eurotrail.info\\\/de\\\/producten\\\/zelte\\\/atmungsaktive-baumwolle-mischgewebe\\\/mount-baker-btc-air-aufblasbar\\\/#breadcrumb\",\"itemListElement\":[{\"@type\":\"ListItem\",\"position\":1,\"name\":\"Home\",\"item\":\"https:\\\/\\\/eurotrail.info\\\/de\\\/\"},{\"@type\":\"ListItem\",\"position\":2,\"name\":\"Produkte\",\"item\":\"https:\\\/\\\/eurotrail.info\\\/de\\\/produkte\\\/\"},{\"@type\":\"ListItem\",\"position\":3,\"name\":\"Mount Baker BTC AIR aufblasbar\"}]},{\"@type\":\"WebSite\",\"@id\":\"https:\\\/\\\/eurotrail.info\\\/#website\",\"url\":\"https:\\\/\\\/eurotrail.info\\\/\",\"name\":\"Eurotrail\",\"description\":\"\",\"publisher\":{\"@id\":\"https:\\\/\\\/eurotrail.info\\\/#organization\"},\"potentialAction\":[{\"@type\":\"SearchAction\",\"target\":{\"@type\":\"EntryPoint\",\"urlTemplate\":\"https:\\\/\\\/eurotrail.info\\\/?s={search_term_string}\"},\"query-input\":{\"@type\":\"PropertyValueSpecification\",\"valueRequired\":true,\"valueName\":\"search_term_string\"}}],\"inLanguage\":\"de\"},{\"@type\":\"Organization\",\"@id\":\"https:\\\/\\\/eurotrail.info\\\/#organization\",\"name\":\"Eurotrail\",\"url\":\"https:\\\/\\\/eurotrail.info\\\/\",\"logo\":{\"@type\":\"ImageObject\",\"inLanguage\":\"de\",\"@id\":\"https:\\\/\\\/eurotrail.info\\\/#\\\/schema\\\/logo\\\/image\\\/\",\"url\":\"https:\\\/\\\/eurotrail.info\\\/wp\\\/wp-content\\\/uploads\\\/2023\\\/07\\\/ET-logo-quote_NL-scaled.jpg\",\"contentUrl\":\"https:\\\/\\\/eurotrail.info\\\/wp\\\/wp-content\\\/uploads\\\/2023\\\/07\\\/ET-logo-quote_NL-scaled.jpg\",\"width\":2560,\"height\":675,\"caption\":\"Eurotrail\"},\"image\":{\"@id\":\"https:\\\/\\\/eurotrail.info\\\/#\\\/schema\\\/logo\\\/image\\\/\"}}]}<\/script>\n<!-- \/ Yoast SEO plugin. -->","yoast_head_json":{"title":"Mount Baker BTC AIR aufblasbar - Eurotrail","robots":{"index":"index","follow":"follow","max-snippet":"max-snippet:-1","max-image-preview":"max-image-preview:large","max-video-preview":"max-video-preview:-1"},"canonical":"https:\/\/eurotrail.info\/de\/producten\/zelte\/atmungsaktive-baumwolle-mischgewebe\/mount-baker-btc-air-aufblasbar\/","og_locale":"de_DE","og_type":"article","og_title":"Mount Baker BTC AIR aufblasbar - Eurotrail","og_description":"Der Mount Baker BTC ist hergestellt aus atmungsaktivem Polyester\/Baumwollmaterial und ist f\u00fcr 5 Personen geeignet. Sehr gro\u00dfer praktischer Wohnraum mit gro\u00dfen abschlie\u00dfbaren Fenstern und einen&hellip;","og_url":"https:\/\/eurotrail.info\/de\/producten\/zelte\/atmungsaktive-baumwolle-mischgewebe\/mount-baker-btc-air-aufblasbar\/","og_site_name":"Eurotrail","article_modified_time":"2023-07-27T13:23:59+00:00","og_image":[{"width":2560,"height":1707,"url":"https:\/\/eurotrail.info\/wp\/wp-content\/uploads\/2023\/01\/ETTE1131_Mount-Baker-Air_sfeer-scaled.jpg","type":"image\/jpeg"}],"twitter_card":"summary_large_image","twitter_misc":{"Gesch\u00e4tzte Lesezeit":"1\u00a0Minute"},"schema":{"@context":"https:\/\/schema.org","@graph":[{"@type":"WebPage","@id":"https:\/\/eurotrail.info\/de\/producten\/zelte\/atmungsaktive-baumwolle-mischgewebe\/mount-baker-btc-air-aufblasbar\/","url":"https:\/\/eurotrail.info\/de\/producten\/zelte\/atmungsaktive-baumwolle-mischgewebe\/mount-baker-btc-air-aufblasbar\/","name":"Mount Baker BTC AIR aufblasbar - Eurotrail","isPartOf":{"@id":"https:\/\/eurotrail.info\/#website"},"primaryImageOfPage":{"@id":"https:\/\/eurotrail.info\/de\/producten\/zelte\/atmungsaktive-baumwolle-mischgewebe\/mount-baker-btc-air-aufblasbar\/#primaryimage"},"image":{"@id":"https:\/\/eurotrail.info\/de\/producten\/zelte\/atmungsaktive-baumwolle-mischgewebe\/mount-baker-btc-air-aufblasbar\/#primaryimage"},"thumbnailUrl":"https:\/\/eurotrail.info\/wp\/wp-content\/uploads\/2023\/01\/ETTE1131_Mount-Baker-Air_sfeer-scaled.jpg","datePublished":"2023-01-18T09:06:00+00:00","dateModified":"2023-07-27T13:23:59+00:00","breadcrumb":{"@id":"https:\/\/eurotrail.info\/de\/producten\/zelte\/atmungsaktive-baumwolle-mischgewebe\/mount-baker-btc-air-aufblasbar\/#breadcrumb"},"inLanguage":"de","potentialAction":[{"@type":"ReadAction","target":["https:\/\/eurotrail.info\/de\/producten\/zelte\/atmungsaktive-baumwolle-mischgewebe\/mount-baker-btc-air-aufblasbar\/"]}]},{"@type":"ImageObject","inLanguage":"de","@id":"https:\/\/eurotrail.info\/de\/producten\/zelte\/atmungsaktive-baumwolle-mischgewebe\/mount-baker-btc-air-aufblasbar\/#primaryimage","url":"https:\/\/eurotrail.info\/wp\/wp-content\/uploads\/2023\/01\/ETTE1131_Mount-Baker-Air_sfeer-scaled.jpg","contentUrl":"https:\/\/eurotrail.info\/wp\/wp-content\/uploads\/2023\/01\/ETTE1131_Mount-Baker-Air_sfeer-scaled.jpg","width":2560,"height":1707,"caption":"Eurotrail Kentucky BTC AIR familietent"},{"@type":"BreadcrumbList","@id":"https:\/\/eurotrail.info\/de\/producten\/zelte\/atmungsaktive-baumwolle-mischgewebe\/mount-baker-btc-air-aufblasbar\/#breadcrumb","itemListElement":[{"@type":"ListItem","position":1,"name":"Home","item":"https:\/\/eurotrail.info\/de\/"},{"@type":"ListItem","position":2,"name":"Produkte","item":"https:\/\/eurotrail.info\/de\/produkte\/"},{"@type":"ListItem","position":3,"name":"Mount Baker BTC AIR aufblasbar"}]},{"@type":"WebSite","@id":"https:\/\/eurotrail.info\/#website","url":"https:\/\/eurotrail.info\/","name":"Eurotrail","description":"","publisher":{"@id":"https:\/\/eurotrail.info\/#organization"},"potentialAction":[{"@type":"SearchAction","target":{"@type":"EntryPoint","urlTemplate":"https:\/\/eurotrail.info\/?s={search_term_string}"},"query-input":{"@type":"PropertyValueSpecification","valueRequired":true,"valueName":"search_term_string"}}],"inLanguage":"de"},{"@type":"Organization","@id":"https:\/\/eurotrail.info\/#organization","name":"Eurotrail","url":"https:\/\/eurotrail.info\/","logo":{"@type":"ImageObject","inLanguage":"de","@id":"https:\/\/eurotrail.info\/#\/schema\/logo\/image\/","url":"https:\/\/eurotrail.info\/wp\/wp-content\/uploads\/2023\/07\/ET-logo-quote_NL-scaled.jpg","contentUrl":"https:\/\/eurotrail.info\/wp\/wp-content\/uploads\/2023\/07\/ET-logo-quote_NL-scaled.jpg","width":2560,"height":675,"caption":"Eurotrail"},"image":{"@id":"https:\/\/eurotrail.info\/#\/schema\/logo\/image\/"}}]}},"_links":{"self":[{"href":"https:\/\/eurotrail.info\/de\/wp-json\/wp\/v2\/product\/21026","targetHints":{"allow":["GET"]}}],"collection":[{"href":"https:\/\/eurotrail.info\/de\/wp-json\/wp\/v2\/product"}],"about":[{"href":"https:\/\/eurotrail.info\/de\/wp-json\/wp\/v2\/types\/product"}],"replies":[{"embeddable":true,"href":"https:\/\/eurotrail.info\/de\/wp-json\/wp\/v2\/comments?post=21026"}],"wp:featuredmedia":[{"embeddable":true,"href":"https:\/\/eurotrail.info\/de\/wp-json\/wp\/v2\/media\/21022"}],"wp:attachment":[{"href":"https:\/\/eurotrail.info\/de\/wp-json\/wp\/v2\/media?parent=21026"}],"wp:term":[{"taxonomy":"product_brand","embeddable":true,"href":"https:\/\/eurotrail.info\/de\/wp-json\/wp\/v2\/product_brand?post=21026"},{"taxonomy":"product_cat","embeddable":true,"href":"https:\/\/eurotrail.info\/de\/wp-json\/wp\/v2\/product_cat?post=21026"},{"taxonomy":"product_tag","embeddable":true,"href":"https:\/\/eurotrail.info\/de\/wp-json\/wp\/v2\/product_tag?post=21026"}],"curies":[{"name":"wp","href":"https:\/\/api.w.org\/{rel}","templated":true}]}}