{"id":21131,"date":"2023-01-23T12:56:19","date_gmt":"2023-01-23T12:02:36","guid":{"rendered":"https:\/\/eurotrail.info\/?post_type=product&#038;p=21131"},"modified":"2023-07-25T13:57:35","modified_gmt":"2023-07-25T12:57:35","slug":"georgia-btc-air-aufblasbar","status":"publish","type":"product","link":"https:\/\/eurotrail.info\/de\/producten\/zelte\/atmungsaktive-baumwolle-mischgewebe\/georgia-btc-air-aufblasbar\/","title":{"rendered":"Georgia BTC Air aufblasbar"},"content":{"rendered":"<p>Ger\u00e4umiges Familienzelt aus atmungsaktivem Polyester\/Baumwollmaterial f\u00fcr 4 bis 5 Personen. Der gro\u00dfe Wohnbereich bietet viel Platz f\u00fcr Tisch, St\u00fchle und Campingausr\u00fcstung. Gro\u00dfe, verschlie\u00dfbare Fenster rundherum bieten einen sch\u00f6nen Panoramablick. Das Georgia Air ist mit dem Airtubes-System f\u00fcr eine einfache und schnelle Montage ausgestattet. Seitent\u00fcr mit Regenschutzdach und Gittert\u00fcr. Das tiefe, feste Vorzelt hat gro\u00dfe, durchsichtige Fenster auf beiden Seiten und bietet einen entspannenden, gesch\u00fctzten Bereich vor Sonne oder Regen mit reichlich Platz f\u00fcr Tisch und St\u00fchle.<br \/>\nInnenzelt mit Trennwand, kann als eine gro\u00dfe 280x220cm Schlafkabine oder in 2 kleineren 140x220cm Schlafkabinen verwendet werden. Ausgestattet mit verschiedenen praktischen Ablagef\u00e4chern. Das Zelt hat einen vollst\u00e4ndig eingen\u00e4hten Zeltboden und h\u00e4lt Wasser und Schmutz fern.<\/p>\n<p><a href=\"https:\/\/youtu.be\/plTarU4oczE\">YouTube Aufbauanleitung Georgia Air<\/a><\/p>\n<p>Obermaterial: Polyester\/Baumwolle 65\/35% atmungsaktives Gewebe<br \/>\nInnenzelt: 100% Polyester<br \/>\nBoden: 100% Oxford-Polyester min. 5000mm<br \/>\nLuftschl\u00e4uche: \u00d8 10cm<br \/>\nVordachstange: \u00d8 8,5 mm Aluminiumstange<br \/>\nAbmessungen: 620x300x210cm<br \/>\nH\u00f6he: 200cm<br \/>\nGewicht: 29,5 kg.<br \/>\nVerpackt: 90x50x40cm<\/p>\n<p>Auch mit Aluminiumstangen erh\u00e4ltlich!<\/p>\n","protected":false},"excerpt":{"rendered":"<p>Ger\u00e4umiges Familienzelt aus atmungsaktivem Polyester\/Baumwollmaterial f\u00fcr 4 bis 5 Personen. Der gro\u00dfe Wohnbereich bietet viel Platz f\u00fcr Tisch, St\u00fchle und Campingausr\u00fcstung. Gro\u00dfe, verschlie\u00dfbare Fenster rundherum&hellip;<\/p>\n","protected":false},"featured_media":21112,"comment_status":"open","ping_status":"closed","template":"","meta":{"_acf_changed":false},"product_brand":[],"product_cat":[99,219,98],"product_tag":[],"class_list":{"0":"post-21131","1":"product","2":"type-product","3":"status-publish","4":"has-post-thumbnail","6":"product_cat-air-tube-zelte","7":"product_cat-atmungsaktive-baumwolle-mischgewebe","8":"product_cat-zelte","10":"first","11":"instock","12":"shipping-taxable","13":"product-type-simple"},"acf":[],"yoast_head":"<!-- This site is optimized with the Yoast SEO plugin v27.4 - https:\/\/yoast.com\/product\/yoast-seo-wordpress\/ -->\n<title>Georgia BTC Air aufblasbar - Eurotrail<\/title>\n<meta name=\"description\" content=\"4-5 pers. Familienzelt aus atmungsaktivem Polyester\/Baumwollmaterial. Wohnbereich bietet viel Platz f\u00fcr Tisch und St\u00fchle. Mit Airtubes-System ausgestattet f\u00fcr schnelle Montage .\" \/>\n<meta name=\"robots\" content=\"index, follow, max-snippet:-1, max-image-preview:large, max-video-preview:-1\" \/>\n<link rel=\"canonical\" href=\"https:\/\/eurotrail.info\/de\/producten\/zelte\/atmungsaktive-baumwolle-mischgewebe\/georgia-btc-air-aufblasbar\/\" \/>\n<meta property=\"og:locale\" content=\"de_DE\" \/>\n<meta property=\"og:type\" content=\"article\" \/>\n<meta property=\"og:title\" content=\"Georgia BTC Air aufblasbar - Eurotrail\" \/>\n<meta property=\"og:description\" content=\"4-5 pers. Familienzelt aus atmungsaktivem Polyester\/Baumwollmaterial. Wohnbereich bietet viel Platz f\u00fcr Tisch und St\u00fchle. Mit Airtubes-System ausgestattet f\u00fcr schnelle Montage .\" \/>\n<meta property=\"og:url\" content=\"https:\/\/eurotrail.info\/de\/producten\/zelte\/atmungsaktive-baumwolle-mischgewebe\/georgia-btc-air-aufblasbar\/\" \/>\n<meta property=\"og:site_name\" content=\"Eurotrail\" \/>\n<meta property=\"article:modified_time\" content=\"2023-07-25T12:57:35+00:00\" \/>\n<meta property=\"og:image\" content=\"https:\/\/eurotrail.info\/wp\/wp-content\/uploads\/2023\/01\/ETTE1131_Mount-Baker-Air_sfeer-1-scaled.jpg\" \/>\n\t<meta property=\"og:image:width\" content=\"2560\" \/>\n\t<meta property=\"og:image:height\" content=\"1707\" \/>\n\t<meta property=\"og:image:type\" content=\"image\/jpeg\" \/>\n<meta name=\"twitter:card\" content=\"summary_large_image\" \/>\n<meta name=\"twitter:label1\" content=\"Gesch\u00e4tzte Lesezeit\" \/>\n\t<meta name=\"twitter:data1\" content=\"1\u00a0Minute\" \/>\n<script type=\"application\/ld+json\" class=\"yoast-schema-graph\">{\"@context\":\"https:\\\/\\\/schema.org\",\"@graph\":[{\"@type\":\"WebPage\",\"@id\":\"https:\\\/\\\/eurotrail.info\\\/de\\\/producten\\\/zelte\\\/atmungsaktive-baumwolle-mischgewebe\\\/georgia-btc-air-aufblasbar\\\/\",\"url\":\"https:\\\/\\\/eurotrail.info\\\/de\\\/producten\\\/zelte\\\/atmungsaktive-baumwolle-mischgewebe\\\/georgia-btc-air-aufblasbar\\\/\",\"name\":\"Georgia BTC Air aufblasbar - Eurotrail\",\"isPartOf\":{\"@id\":\"https:\\\/\\\/eurotrail.info\\\/#website\"},\"primaryImageOfPage\":{\"@id\":\"https:\\\/\\\/eurotrail.info\\\/de\\\/producten\\\/zelte\\\/atmungsaktive-baumwolle-mischgewebe\\\/georgia-btc-air-aufblasbar\\\/#primaryimage\"},\"image\":{\"@id\":\"https:\\\/\\\/eurotrail.info\\\/de\\\/producten\\\/zelte\\\/atmungsaktive-baumwolle-mischgewebe\\\/georgia-btc-air-aufblasbar\\\/#primaryimage\"},\"thumbnailUrl\":\"https:\\\/\\\/eurotrail.info\\\/wp\\\/wp-content\\\/uploads\\\/2023\\\/01\\\/ETTE1131_Mount-Baker-Air_sfeer-1-scaled.jpg\",\"datePublished\":\"2023-01-23T12:02:36+00:00\",\"dateModified\":\"2023-07-25T12:57:35+00:00\",\"description\":\"4-5 pers. Familienzelt aus atmungsaktivem Polyester\\\/Baumwollmaterial. Wohnbereich bietet viel Platz f\u00fcr Tisch und St\u00fchle. Mit Airtubes-System ausgestattet f\u00fcr schnelle Montage .\",\"breadcrumb\":{\"@id\":\"https:\\\/\\\/eurotrail.info\\\/de\\\/producten\\\/zelte\\\/atmungsaktive-baumwolle-mischgewebe\\\/georgia-btc-air-aufblasbar\\\/#breadcrumb\"},\"inLanguage\":\"de\",\"potentialAction\":[{\"@type\":\"ReadAction\",\"target\":[\"https:\\\/\\\/eurotrail.info\\\/de\\\/producten\\\/zelte\\\/atmungsaktive-baumwolle-mischgewebe\\\/georgia-btc-air-aufblasbar\\\/\"]}]},{\"@type\":\"ImageObject\",\"inLanguage\":\"de\",\"@id\":\"https:\\\/\\\/eurotrail.info\\\/de\\\/producten\\\/zelte\\\/atmungsaktive-baumwolle-mischgewebe\\\/georgia-btc-air-aufblasbar\\\/#primaryimage\",\"url\":\"https:\\\/\\\/eurotrail.info\\\/wp\\\/wp-content\\\/uploads\\\/2023\\\/01\\\/ETTE1131_Mount-Baker-Air_sfeer-1-scaled.jpg\",\"contentUrl\":\"https:\\\/\\\/eurotrail.info\\\/wp\\\/wp-content\\\/uploads\\\/2023\\\/01\\\/ETTE1131_Mount-Baker-Air_sfeer-1-scaled.jpg\",\"width\":2560,\"height\":1707,\"caption\":\"Eurotrail Georgia BTC Air opblaasbaar\"},{\"@type\":\"BreadcrumbList\",\"@id\":\"https:\\\/\\\/eurotrail.info\\\/de\\\/producten\\\/zelte\\\/atmungsaktive-baumwolle-mischgewebe\\\/georgia-btc-air-aufblasbar\\\/#breadcrumb\",\"itemListElement\":[{\"@type\":\"ListItem\",\"position\":1,\"name\":\"Home\",\"item\":\"https:\\\/\\\/eurotrail.info\\\/de\\\/\"},{\"@type\":\"ListItem\",\"position\":2,\"name\":\"Produkte\",\"item\":\"https:\\\/\\\/eurotrail.info\\\/de\\\/produkte\\\/\"},{\"@type\":\"ListItem\",\"position\":3,\"name\":\"Georgia BTC Air aufblasbar\"}]},{\"@type\":\"WebSite\",\"@id\":\"https:\\\/\\\/eurotrail.info\\\/#website\",\"url\":\"https:\\\/\\\/eurotrail.info\\\/\",\"name\":\"Eurotrail\",\"description\":\"\",\"publisher\":{\"@id\":\"https:\\\/\\\/eurotrail.info\\\/#organization\"},\"potentialAction\":[{\"@type\":\"SearchAction\",\"target\":{\"@type\":\"EntryPoint\",\"urlTemplate\":\"https:\\\/\\\/eurotrail.info\\\/?s={search_term_string}\"},\"query-input\":{\"@type\":\"PropertyValueSpecification\",\"valueRequired\":true,\"valueName\":\"search_term_string\"}}],\"inLanguage\":\"de\"},{\"@type\":\"Organization\",\"@id\":\"https:\\\/\\\/eurotrail.info\\\/#organization\",\"name\":\"Eurotrail\",\"url\":\"https:\\\/\\\/eurotrail.info\\\/\",\"logo\":{\"@type\":\"ImageObject\",\"inLanguage\":\"de\",\"@id\":\"https:\\\/\\\/eurotrail.info\\\/#\\\/schema\\\/logo\\\/image\\\/\",\"url\":\"https:\\\/\\\/eurotrail.info\\\/wp\\\/wp-content\\\/uploads\\\/2023\\\/07\\\/ET-logo-quote_NL-scaled.jpg\",\"contentUrl\":\"https:\\\/\\\/eurotrail.info\\\/wp\\\/wp-content\\\/uploads\\\/2023\\\/07\\\/ET-logo-quote_NL-scaled.jpg\",\"width\":2560,\"height\":675,\"caption\":\"Eurotrail\"},\"image\":{\"@id\":\"https:\\\/\\\/eurotrail.info\\\/#\\\/schema\\\/logo\\\/image\\\/\"}}]}<\/script>\n<!-- \/ Yoast SEO plugin. -->","yoast_head_json":{"title":"Georgia BTC Air aufblasbar - Eurotrail","description":"4-5 pers. Familienzelt aus atmungsaktivem Polyester\/Baumwollmaterial. Wohnbereich bietet viel Platz f\u00fcr Tisch und St\u00fchle. Mit Airtubes-System ausgestattet f\u00fcr schnelle Montage .","robots":{"index":"index","follow":"follow","max-snippet":"max-snippet:-1","max-image-preview":"max-image-preview:large","max-video-preview":"max-video-preview:-1"},"canonical":"https:\/\/eurotrail.info\/de\/producten\/zelte\/atmungsaktive-baumwolle-mischgewebe\/georgia-btc-air-aufblasbar\/","og_locale":"de_DE","og_type":"article","og_title":"Georgia BTC Air aufblasbar - Eurotrail","og_description":"4-5 pers. Familienzelt aus atmungsaktivem Polyester\/Baumwollmaterial. Wohnbereich bietet viel Platz f\u00fcr Tisch und St\u00fchle. Mit Airtubes-System ausgestattet f\u00fcr schnelle Montage .","og_url":"https:\/\/eurotrail.info\/de\/producten\/zelte\/atmungsaktive-baumwolle-mischgewebe\/georgia-btc-air-aufblasbar\/","og_site_name":"Eurotrail","article_modified_time":"2023-07-25T12:57:35+00:00","og_image":[{"width":2560,"height":1707,"url":"https:\/\/eurotrail.info\/wp\/wp-content\/uploads\/2023\/01\/ETTE1131_Mount-Baker-Air_sfeer-1-scaled.jpg","type":"image\/jpeg"}],"twitter_card":"summary_large_image","twitter_misc":{"Gesch\u00e4tzte Lesezeit":"1\u00a0Minute"},"schema":{"@context":"https:\/\/schema.org","@graph":[{"@type":"WebPage","@id":"https:\/\/eurotrail.info\/de\/producten\/zelte\/atmungsaktive-baumwolle-mischgewebe\/georgia-btc-air-aufblasbar\/","url":"https:\/\/eurotrail.info\/de\/producten\/zelte\/atmungsaktive-baumwolle-mischgewebe\/georgia-btc-air-aufblasbar\/","name":"Georgia BTC Air aufblasbar - Eurotrail","isPartOf":{"@id":"https:\/\/eurotrail.info\/#website"},"primaryImageOfPage":{"@id":"https:\/\/eurotrail.info\/de\/producten\/zelte\/atmungsaktive-baumwolle-mischgewebe\/georgia-btc-air-aufblasbar\/#primaryimage"},"image":{"@id":"https:\/\/eurotrail.info\/de\/producten\/zelte\/atmungsaktive-baumwolle-mischgewebe\/georgia-btc-air-aufblasbar\/#primaryimage"},"thumbnailUrl":"https:\/\/eurotrail.info\/wp\/wp-content\/uploads\/2023\/01\/ETTE1131_Mount-Baker-Air_sfeer-1-scaled.jpg","datePublished":"2023-01-23T12:02:36+00:00","dateModified":"2023-07-25T12:57:35+00:00","description":"4-5 pers. Familienzelt aus atmungsaktivem Polyester\/Baumwollmaterial. Wohnbereich bietet viel Platz f\u00fcr Tisch und St\u00fchle. Mit Airtubes-System ausgestattet f\u00fcr schnelle Montage .","breadcrumb":{"@id":"https:\/\/eurotrail.info\/de\/producten\/zelte\/atmungsaktive-baumwolle-mischgewebe\/georgia-btc-air-aufblasbar\/#breadcrumb"},"inLanguage":"de","potentialAction":[{"@type":"ReadAction","target":["https:\/\/eurotrail.info\/de\/producten\/zelte\/atmungsaktive-baumwolle-mischgewebe\/georgia-btc-air-aufblasbar\/"]}]},{"@type":"ImageObject","inLanguage":"de","@id":"https:\/\/eurotrail.info\/de\/producten\/zelte\/atmungsaktive-baumwolle-mischgewebe\/georgia-btc-air-aufblasbar\/#primaryimage","url":"https:\/\/eurotrail.info\/wp\/wp-content\/uploads\/2023\/01\/ETTE1131_Mount-Baker-Air_sfeer-1-scaled.jpg","contentUrl":"https:\/\/eurotrail.info\/wp\/wp-content\/uploads\/2023\/01\/ETTE1131_Mount-Baker-Air_sfeer-1-scaled.jpg","width":2560,"height":1707,"caption":"Eurotrail Georgia BTC Air opblaasbaar"},{"@type":"BreadcrumbList","@id":"https:\/\/eurotrail.info\/de\/producten\/zelte\/atmungsaktive-baumwolle-mischgewebe\/georgia-btc-air-aufblasbar\/#breadcrumb","itemListElement":[{"@type":"ListItem","position":1,"name":"Home","item":"https:\/\/eurotrail.info\/de\/"},{"@type":"ListItem","position":2,"name":"Produkte","item":"https:\/\/eurotrail.info\/de\/produkte\/"},{"@type":"ListItem","position":3,"name":"Georgia BTC Air aufblasbar"}]},{"@type":"WebSite","@id":"https:\/\/eurotrail.info\/#website","url":"https:\/\/eurotrail.info\/","name":"Eurotrail","description":"","publisher":{"@id":"https:\/\/eurotrail.info\/#organization"},"potentialAction":[{"@type":"SearchAction","target":{"@type":"EntryPoint","urlTemplate":"https:\/\/eurotrail.info\/?s={search_term_string}"},"query-input":{"@type":"PropertyValueSpecification","valueRequired":true,"valueName":"search_term_string"}}],"inLanguage":"de"},{"@type":"Organization","@id":"https:\/\/eurotrail.info\/#organization","name":"Eurotrail","url":"https:\/\/eurotrail.info\/","logo":{"@type":"ImageObject","inLanguage":"de","@id":"https:\/\/eurotrail.info\/#\/schema\/logo\/image\/","url":"https:\/\/eurotrail.info\/wp\/wp-content\/uploads\/2023\/07\/ET-logo-quote_NL-scaled.jpg","contentUrl":"https:\/\/eurotrail.info\/wp\/wp-content\/uploads\/2023\/07\/ET-logo-quote_NL-scaled.jpg","width":2560,"height":675,"caption":"Eurotrail"},"image":{"@id":"https:\/\/eurotrail.info\/#\/schema\/logo\/image\/"}}]}},"_links":{"self":[{"href":"https:\/\/eurotrail.info\/de\/wp-json\/wp\/v2\/product\/21131","targetHints":{"allow":["GET"]}}],"collection":[{"href":"https:\/\/eurotrail.info\/de\/wp-json\/wp\/v2\/product"}],"about":[{"href":"https:\/\/eurotrail.info\/de\/wp-json\/wp\/v2\/types\/product"}],"replies":[{"embeddable":true,"href":"https:\/\/eurotrail.info\/de\/wp-json\/wp\/v2\/comments?post=21131"}],"wp:featuredmedia":[{"embeddable":true,"href":"https:\/\/eurotrail.info\/de\/wp-json\/wp\/v2\/media\/21112"}],"wp:attachment":[{"href":"https:\/\/eurotrail.info\/de\/wp-json\/wp\/v2\/media?parent=21131"}],"wp:term":[{"taxonomy":"product_brand","embeddable":true,"href":"https:\/\/eurotrail.info\/de\/wp-json\/wp\/v2\/product_brand?post=21131"},{"taxonomy":"product_cat","embeddable":true,"href":"https:\/\/eurotrail.info\/de\/wp-json\/wp\/v2\/product_cat?post=21131"},{"taxonomy":"product_tag","embeddable":true,"href":"https:\/\/eurotrail.info\/de\/wp-json\/wp\/v2\/product_tag?post=21131"}],"curies":[{"name":"wp","href":"https:\/\/api.w.org\/{rel}","templated":true}]}}