{"id":21213,"date":"2023-02-13T16:43:53","date_gmt":"2023-02-13T15:43:53","guid":{"rendered":"https:\/\/eurotrail.info\/?post_type=product&#038;p=21213"},"modified":"2023-04-06T15:18:16","modified_gmt":"2023-04-06T14:18:16","slug":"wasserkocher-1-0-ltr-230v","status":"publish","type":"product","link":"https:\/\/eurotrail.info\/de\/producten\/haushaltartikel\/elektrische-kuechengeraete\/wasserkocher-1-0-ltr-230v\/","title":{"rendered":"Wasserkocher 1.0 Ltr. &#8211; 230V"},"content":{"rendered":"<p>Der Eurotrail-Wasserkocher ist kompakt und einfach zu bedienen. Mit einem Fassungsverm\u00f6gen von 1 Liter verf\u00fcgt der Wasserkocher \u00fcber ein sehr gro\u00dfes Fassungsverm\u00f6gen. Dank seiner Leistung von 900 W m\u00fcssen Sie nicht lange warten, bis das Wasser kocht, und er ist f\u00fcr den Einsatz beim Camping geeignet.<\/p>\n<p>Der Wasserkocher ist von der Basisstation abnehmbar, so dass er praktisch zu benutzen ist. Die klare Wasserstandsanzeige und die Anzeige des maximalen Fassungsverm\u00f6gens zeigen deutlich, wie viel Wasser Sie in den Wasserkocher f\u00fcllen k\u00f6nnen. Die Bedienung erfolgt ganz einfach \u00fcber den Ein\/Aus-Schalter und dank der LED-Leuchte sehen Sie sofort, ob der Wasserkocher eingeschaltet ist. Wenn das Wasser kocht, schaltet sich der Wasserkocher automatisch ab.<\/p>\n<p>Sicher in der Anwendung<br \/>\nDer Eurotrail-Wasserkocher hat ein Geh\u00e4use mit integriertem Griff und ist aus BPA-freiem Material hergestellt. Der Trockengehschutz sorgt daf\u00fcr, dass sich der Wasserkocher ausschaltet, wenn sich kein Wasser mehr darin befindet. Dank des Kabelaufbewahrungssystems k\u00f6nnen Sie das \u00fcberfl\u00fcssige Kabel einfach verstauen.<\/p>\n<p>Einzelheiten:<br \/>\n&#8211; praktischer Wasserkocher mit Kunststoffgeh\u00e4use und 1 Liter Fassungsverm\u00f6gen<br \/>\n&#8211; Leistung 220-240V, 800-900W, 4 Amp.<br \/>\n&#8211; mit Ein\/Aus-Schalter und automatischer Abschaltung<br \/>\n&#8211; K\u00e4lteschutz<br \/>\n&#8211; 360\u2070 drehbar auf der Grundplatte<br \/>\n&#8211; Abmessungen: 21x16x21cm<br \/>\n&#8211; Gewicht: 627 gr.<\/p>\n","protected":false},"excerpt":{"rendered":"<p>Der Eurotrail-Wasserkocher ist kompakt und einfach zu bedienen. Mit einem Fassungsverm\u00f6gen von 1 Liter verf\u00fcgt der Wasserkocher \u00fcber ein sehr gro\u00dfes Fassungsverm\u00f6gen. Dank seiner Leistung&hellip;<\/p>\n","protected":false},"featured_media":21195,"comment_status":"open","ping_status":"closed","template":"","meta":{"_acf_changed":false},"product_brand":[],"product_cat":[288,78],"product_tag":[],"class_list":{"0":"post-21213","1":"product","2":"type-product","3":"status-publish","4":"has-post-thumbnail","6":"product_cat-elektrische-kuechengeraete","7":"product_cat-haushaltartikel","9":"first","10":"instock","11":"shipping-taxable","12":"product-type-simple"},"acf":[],"yoast_head":"<!-- This site is optimized with the Yoast SEO plugin v27.3 - https:\/\/yoast.com\/product\/yoast-seo-wordpress\/ -->\n<title>Wasserkocher 1.0 Ltr. - 230V - Eurotrail<\/title>\n<meta name=\"description\" content=\"Kompakte Wasserkocher 1.0 Ltr., einfach zu bedienen. Leistung von 900 W kocht das Wasser schnell. f\u00fcr den Einsatz beim Camping geeignet.\" \/>\n<meta name=\"robots\" content=\"index, follow, max-snippet:-1, max-image-preview:large, max-video-preview:-1\" \/>\n<link rel=\"canonical\" href=\"https:\/\/eurotrail.info\/de\/producten\/haushaltartikel\/elektrische-kuechengeraete\/wasserkocher-1-0-ltr-230v\/\" \/>\n<meta property=\"og:locale\" content=\"de_DE\" \/>\n<meta property=\"og:type\" content=\"article\" \/>\n<meta property=\"og:title\" content=\"Wasserkocher 1.0 Ltr. - 230V - Eurotrail\" \/>\n<meta property=\"og:description\" content=\"Kompakte Wasserkocher 1.0 Ltr., einfach zu bedienen. Leistung von 900 W kocht das Wasser schnell. f\u00fcr den Einsatz beim Camping geeignet.\" \/>\n<meta property=\"og:url\" content=\"https:\/\/eurotrail.info\/de\/producten\/haushaltartikel\/elektrische-kuechengeraete\/wasserkocher-1-0-ltr-230v\/\" \/>\n<meta property=\"og:site_name\" content=\"Eurotrail\" \/>\n<meta property=\"article:modified_time\" content=\"2023-04-06T14:18:16+00:00\" \/>\n<meta property=\"og:image\" content=\"https:\/\/eurotrail.info\/wp\/wp-content\/uploads\/2023\/02\/ETKW6014-waterkoker-B-1-scaled.jpg\" \/>\n\t<meta property=\"og:image:width\" content=\"2560\" \/>\n\t<meta property=\"og:image:height\" content=\"2173\" \/>\n\t<meta property=\"og:image:type\" content=\"image\/jpeg\" \/>\n<meta name=\"twitter:card\" content=\"summary_large_image\" \/>\n<meta name=\"twitter:label1\" content=\"Gesch\u00e4tzte Lesezeit\" \/>\n\t<meta name=\"twitter:data1\" content=\"1\u00a0Minute\" \/>\n<script type=\"application\/ld+json\" class=\"yoast-schema-graph\">{\"@context\":\"https:\\\/\\\/schema.org\",\"@graph\":[{\"@type\":\"WebPage\",\"@id\":\"https:\\\/\\\/eurotrail.info\\\/de\\\/producten\\\/haushaltartikel\\\/elektrische-kuechengeraete\\\/wasserkocher-1-0-ltr-230v\\\/\",\"url\":\"https:\\\/\\\/eurotrail.info\\\/de\\\/producten\\\/haushaltartikel\\\/elektrische-kuechengeraete\\\/wasserkocher-1-0-ltr-230v\\\/\",\"name\":\"Wasserkocher 1.0 Ltr. - 230V - Eurotrail\",\"isPartOf\":{\"@id\":\"https:\\\/\\\/eurotrail.info\\\/#website\"},\"primaryImageOfPage\":{\"@id\":\"https:\\\/\\\/eurotrail.info\\\/de\\\/producten\\\/haushaltartikel\\\/elektrische-kuechengeraete\\\/wasserkocher-1-0-ltr-230v\\\/#primaryimage\"},\"image\":{\"@id\":\"https:\\\/\\\/eurotrail.info\\\/de\\\/producten\\\/haushaltartikel\\\/elektrische-kuechengeraete\\\/wasserkocher-1-0-ltr-230v\\\/#primaryimage\"},\"thumbnailUrl\":\"https:\\\/\\\/eurotrail.info\\\/wp\\\/wp-content\\\/uploads\\\/2023\\\/02\\\/ETKW6014-waterkoker-B-1-scaled.jpg\",\"datePublished\":\"2023-02-13T15:43:53+00:00\",\"dateModified\":\"2023-04-06T14:18:16+00:00\",\"description\":\"Kompakte Wasserkocher 1.0 Ltr., einfach zu bedienen. Leistung von 900 W kocht das Wasser schnell. f\u00fcr den Einsatz beim Camping geeignet.\",\"breadcrumb\":{\"@id\":\"https:\\\/\\\/eurotrail.info\\\/de\\\/producten\\\/haushaltartikel\\\/elektrische-kuechengeraete\\\/wasserkocher-1-0-ltr-230v\\\/#breadcrumb\"},\"inLanguage\":\"de\",\"potentialAction\":[{\"@type\":\"ReadAction\",\"target\":[\"https:\\\/\\\/eurotrail.info\\\/de\\\/producten\\\/haushaltartikel\\\/elektrische-kuechengeraete\\\/wasserkocher-1-0-ltr-230v\\\/\"]}]},{\"@type\":\"ImageObject\",\"inLanguage\":\"de\",\"@id\":\"https:\\\/\\\/eurotrail.info\\\/de\\\/producten\\\/haushaltartikel\\\/elektrische-kuechengeraete\\\/wasserkocher-1-0-ltr-230v\\\/#primaryimage\",\"url\":\"https:\\\/\\\/eurotrail.info\\\/wp\\\/wp-content\\\/uploads\\\/2023\\\/02\\\/ETKW6014-waterkoker-B-1-scaled.jpg\",\"contentUrl\":\"https:\\\/\\\/eurotrail.info\\\/wp\\\/wp-content\\\/uploads\\\/2023\\\/02\\\/ETKW6014-waterkoker-B-1-scaled.jpg\",\"width\":2560,\"height\":2173,\"caption\":\"Eurotrail waterkoker 1.0 ltr.\"},{\"@type\":\"BreadcrumbList\",\"@id\":\"https:\\\/\\\/eurotrail.info\\\/de\\\/producten\\\/haushaltartikel\\\/elektrische-kuechengeraete\\\/wasserkocher-1-0-ltr-230v\\\/#breadcrumb\",\"itemListElement\":[{\"@type\":\"ListItem\",\"position\":1,\"name\":\"Home\",\"item\":\"https:\\\/\\\/eurotrail.info\\\/de\\\/\"},{\"@type\":\"ListItem\",\"position\":2,\"name\":\"Produkte\",\"item\":\"https:\\\/\\\/eurotrail.info\\\/de\\\/produkte\\\/\"},{\"@type\":\"ListItem\",\"position\":3,\"name\":\"Wasserkocher 1.0 Ltr. &#8211; 230V\"}]},{\"@type\":\"WebSite\",\"@id\":\"https:\\\/\\\/eurotrail.info\\\/#website\",\"url\":\"https:\\\/\\\/eurotrail.info\\\/\",\"name\":\"Eurotrail\",\"description\":\"\",\"publisher\":{\"@id\":\"https:\\\/\\\/eurotrail.info\\\/#organization\"},\"potentialAction\":[{\"@type\":\"SearchAction\",\"target\":{\"@type\":\"EntryPoint\",\"urlTemplate\":\"https:\\\/\\\/eurotrail.info\\\/?s={search_term_string}\"},\"query-input\":{\"@type\":\"PropertyValueSpecification\",\"valueRequired\":true,\"valueName\":\"search_term_string\"}}],\"inLanguage\":\"de\"},{\"@type\":\"Organization\",\"@id\":\"https:\\\/\\\/eurotrail.info\\\/#organization\",\"name\":\"Eurotrail\",\"url\":\"https:\\\/\\\/eurotrail.info\\\/\",\"logo\":{\"@type\":\"ImageObject\",\"inLanguage\":\"de\",\"@id\":\"https:\\\/\\\/eurotrail.info\\\/#\\\/schema\\\/logo\\\/image\\\/\",\"url\":\"https:\\\/\\\/eurotrail.info\\\/wp\\\/wp-content\\\/uploads\\\/2023\\\/07\\\/ET-logo-quote_NL-scaled.jpg\",\"contentUrl\":\"https:\\\/\\\/eurotrail.info\\\/wp\\\/wp-content\\\/uploads\\\/2023\\\/07\\\/ET-logo-quote_NL-scaled.jpg\",\"width\":2560,\"height\":675,\"caption\":\"Eurotrail\"},\"image\":{\"@id\":\"https:\\\/\\\/eurotrail.info\\\/#\\\/schema\\\/logo\\\/image\\\/\"}}]}<\/script>\n<!-- \/ Yoast SEO plugin. -->","yoast_head_json":{"title":"Wasserkocher 1.0 Ltr. - 230V - Eurotrail","description":"Kompakte Wasserkocher 1.0 Ltr., einfach zu bedienen. Leistung von 900 W kocht das Wasser schnell. f\u00fcr den Einsatz beim Camping geeignet.","robots":{"index":"index","follow":"follow","max-snippet":"max-snippet:-1","max-image-preview":"max-image-preview:large","max-video-preview":"max-video-preview:-1"},"canonical":"https:\/\/eurotrail.info\/de\/producten\/haushaltartikel\/elektrische-kuechengeraete\/wasserkocher-1-0-ltr-230v\/","og_locale":"de_DE","og_type":"article","og_title":"Wasserkocher 1.0 Ltr. - 230V - Eurotrail","og_description":"Kompakte Wasserkocher 1.0 Ltr., einfach zu bedienen. Leistung von 900 W kocht das Wasser schnell. f\u00fcr den Einsatz beim Camping geeignet.","og_url":"https:\/\/eurotrail.info\/de\/producten\/haushaltartikel\/elektrische-kuechengeraete\/wasserkocher-1-0-ltr-230v\/","og_site_name":"Eurotrail","article_modified_time":"2023-04-06T14:18:16+00:00","og_image":[{"width":2560,"height":2173,"url":"https:\/\/eurotrail.info\/wp\/wp-content\/uploads\/2023\/02\/ETKW6014-waterkoker-B-1-scaled.jpg","type":"image\/jpeg"}],"twitter_card":"summary_large_image","twitter_misc":{"Gesch\u00e4tzte Lesezeit":"1\u00a0Minute"},"schema":{"@context":"https:\/\/schema.org","@graph":[{"@type":"WebPage","@id":"https:\/\/eurotrail.info\/de\/producten\/haushaltartikel\/elektrische-kuechengeraete\/wasserkocher-1-0-ltr-230v\/","url":"https:\/\/eurotrail.info\/de\/producten\/haushaltartikel\/elektrische-kuechengeraete\/wasserkocher-1-0-ltr-230v\/","name":"Wasserkocher 1.0 Ltr. - 230V - Eurotrail","isPartOf":{"@id":"https:\/\/eurotrail.info\/#website"},"primaryImageOfPage":{"@id":"https:\/\/eurotrail.info\/de\/producten\/haushaltartikel\/elektrische-kuechengeraete\/wasserkocher-1-0-ltr-230v\/#primaryimage"},"image":{"@id":"https:\/\/eurotrail.info\/de\/producten\/haushaltartikel\/elektrische-kuechengeraete\/wasserkocher-1-0-ltr-230v\/#primaryimage"},"thumbnailUrl":"https:\/\/eurotrail.info\/wp\/wp-content\/uploads\/2023\/02\/ETKW6014-waterkoker-B-1-scaled.jpg","datePublished":"2023-02-13T15:43:53+00:00","dateModified":"2023-04-06T14:18:16+00:00","description":"Kompakte Wasserkocher 1.0 Ltr., einfach zu bedienen. Leistung von 900 W kocht das Wasser schnell. f\u00fcr den Einsatz beim Camping geeignet.","breadcrumb":{"@id":"https:\/\/eurotrail.info\/de\/producten\/haushaltartikel\/elektrische-kuechengeraete\/wasserkocher-1-0-ltr-230v\/#breadcrumb"},"inLanguage":"de","potentialAction":[{"@type":"ReadAction","target":["https:\/\/eurotrail.info\/de\/producten\/haushaltartikel\/elektrische-kuechengeraete\/wasserkocher-1-0-ltr-230v\/"]}]},{"@type":"ImageObject","inLanguage":"de","@id":"https:\/\/eurotrail.info\/de\/producten\/haushaltartikel\/elektrische-kuechengeraete\/wasserkocher-1-0-ltr-230v\/#primaryimage","url":"https:\/\/eurotrail.info\/wp\/wp-content\/uploads\/2023\/02\/ETKW6014-waterkoker-B-1-scaled.jpg","contentUrl":"https:\/\/eurotrail.info\/wp\/wp-content\/uploads\/2023\/02\/ETKW6014-waterkoker-B-1-scaled.jpg","width":2560,"height":2173,"caption":"Eurotrail waterkoker 1.0 ltr."},{"@type":"BreadcrumbList","@id":"https:\/\/eurotrail.info\/de\/producten\/haushaltartikel\/elektrische-kuechengeraete\/wasserkocher-1-0-ltr-230v\/#breadcrumb","itemListElement":[{"@type":"ListItem","position":1,"name":"Home","item":"https:\/\/eurotrail.info\/de\/"},{"@type":"ListItem","position":2,"name":"Produkte","item":"https:\/\/eurotrail.info\/de\/produkte\/"},{"@type":"ListItem","position":3,"name":"Wasserkocher 1.0 Ltr. &#8211; 230V"}]},{"@type":"WebSite","@id":"https:\/\/eurotrail.info\/#website","url":"https:\/\/eurotrail.info\/","name":"Eurotrail","description":"","publisher":{"@id":"https:\/\/eurotrail.info\/#organization"},"potentialAction":[{"@type":"SearchAction","target":{"@type":"EntryPoint","urlTemplate":"https:\/\/eurotrail.info\/?s={search_term_string}"},"query-input":{"@type":"PropertyValueSpecification","valueRequired":true,"valueName":"search_term_string"}}],"inLanguage":"de"},{"@type":"Organization","@id":"https:\/\/eurotrail.info\/#organization","name":"Eurotrail","url":"https:\/\/eurotrail.info\/","logo":{"@type":"ImageObject","inLanguage":"de","@id":"https:\/\/eurotrail.info\/#\/schema\/logo\/image\/","url":"https:\/\/eurotrail.info\/wp\/wp-content\/uploads\/2023\/07\/ET-logo-quote_NL-scaled.jpg","contentUrl":"https:\/\/eurotrail.info\/wp\/wp-content\/uploads\/2023\/07\/ET-logo-quote_NL-scaled.jpg","width":2560,"height":675,"caption":"Eurotrail"},"image":{"@id":"https:\/\/eurotrail.info\/#\/schema\/logo\/image\/"}}]}},"_links":{"self":[{"href":"https:\/\/eurotrail.info\/de\/wp-json\/wp\/v2\/product\/21213","targetHints":{"allow":["GET"]}}],"collection":[{"href":"https:\/\/eurotrail.info\/de\/wp-json\/wp\/v2\/product"}],"about":[{"href":"https:\/\/eurotrail.info\/de\/wp-json\/wp\/v2\/types\/product"}],"replies":[{"embeddable":true,"href":"https:\/\/eurotrail.info\/de\/wp-json\/wp\/v2\/comments?post=21213"}],"wp:featuredmedia":[{"embeddable":true,"href":"https:\/\/eurotrail.info\/de\/wp-json\/wp\/v2\/media\/21195"}],"wp:attachment":[{"href":"https:\/\/eurotrail.info\/de\/wp-json\/wp\/v2\/media?parent=21213"}],"wp:term":[{"taxonomy":"product_brand","embeddable":true,"href":"https:\/\/eurotrail.info\/de\/wp-json\/wp\/v2\/product_brand?post=21213"},{"taxonomy":"product_cat","embeddable":true,"href":"https:\/\/eurotrail.info\/de\/wp-json\/wp\/v2\/product_cat?post=21213"},{"taxonomy":"product_tag","embeddable":true,"href":"https:\/\/eurotrail.info\/de\/wp-json\/wp\/v2\/product_tag?post=21213"}],"curies":[{"name":"wp","href":"https:\/\/api.w.org\/{rel}","templated":true}]}}